{"id":3397,"date":"2015-05-07T09:49:44","date_gmt":"2015-05-07T09:49:44","guid":{"rendered":"http:\/\/eg-reeds.com\/?page_id=3397"},"modified":"2024-02-23T11:45:12","modified_gmt":"2024-02-23T10:45:12","slug":"datenschutz-und-cookies","status":"publish","type":"page","link":"https:\/\/eg-reeds.com\/de\/datenschutz-und-cookies\/","title":{"rendered":"Datenschutz und Cookies"},"content":{"rendered":"<h1>Datenschutzrichtlinie<\/h1>\n<p>Wenn wir &#8222;wir&#8220;, &#8222;uns&#8220;, &#8222;unser&#8220; und &#8222;EG-REEDS&#8220; sagen, beziehen wir uns auf EG-REEDS, C.B. mit der USt-IdNr. ESE24707143, Adresse C\/ Salinas 12, Ponferrada, Le\u00f3n, Spanien. Und unsere Website ist www.eg-reeds.com.<\/p>\n<p>Diese Datenschutzrichtlinie gilt f\u00fcr alle Daten, die wir \u00fcber Sie gesammelt haben oder sammeln, gem\u00e4\u00df unseren Allgemeinen Gesch\u00e4ftsbedingungen.<\/p>\n<p>Im Allgemeinen erfordert die Bereitstellung von Webdiensten bei EG-REEDS keine Abonnement- oder Benutzerregistrierung.<\/p>\n<p>Alle gesammelten pers\u00f6nlichen Informationen werden verwendet, um Ihren Besuch auf unserer Website so produktiv und angenehm wie m\u00f6glich zu gestalten und\/oder den Kauf- oder Kontaktprozess abzuschlie\u00dfen. Die Sicherstellung der Vertraulichkeit der personenbezogenen Daten der Benutzer unserer Website ist f\u00fcr EG-REEDS wichtig. Die gesammelten personenbezogenen Daten k\u00f6nnen Ihren Namen, Ihre E-Mail-Adresse, Ihre Telefonnummer und\/oder Mobiltelefonnummer, Ihre Adresse und\/oder andere Daten umfassen. Alle personenbezogenen Informationen von Mitgliedern, Abonnenten, Kunden oder Besuchern, die EG-REEDS verwenden, werden gem\u00e4\u00df der Verordnung (EU) 2016\/679 des Europ\u00e4ischen Parlaments und des Rates vom 27. April 2016 (DSGVO) und dem Organischen Gesetz 3\/2018 vom 5. Dezember \u00fcber den Schutz personenbezogener Daten und die Gew\u00e4hrleistung digitaler Rechte (LOPD) behandelt.<\/p>\n<p>Der Benutzer hat das Recht auf Zugang, Berichtigung, L\u00f6schung, Widerspruch und Recht auf Vergessenwerden und kann diese Rechte unter Ber\u00fccksichtigung der Ausnahmen und Grenzen des geltenden Rechts aus\u00fcben. Sie k\u00f6nnen dieses Recht \u00fcber die Website oder per E-Mail an info@eg-reeds.com aus\u00fcben.<\/p>\n<p>Die Nutzung der Website von EG-REEDS stellt die Zustimmung zu dieser Datenschutzrichtlinie dar. Das Team von EG-REEDS beh\u00e4lt sich das Recht vor, diese Vereinbarung ohne vorherige Ank\u00fcndigung zu \u00e4ndern. Daher empfehlen wir Ihnen, unsere Datenschutzrichtlinie regelm\u00e4\u00dfig zu \u00fcberpr\u00fcfen, um kontinuierlich auf dem Laufenden zu bleiben.<\/p>\n<div><\/div>\n<div><\/div>\n<h1>Cookies<\/h1>\n<p>EG-REEDS verwendet wie die meisten Webseiten Cookies.<\/p>\n<p>Was sind Cookies?<\/p>\n<p>Ein Cookie ist ein kleines Informationsst\u00fcck, das von einer Website gesendet und im Browser des Benutzers gespeichert wird, damit die Website die vorherige Benutzeraktivit\u00e4t abfragen kann. Die Verwendung von Cookies liefert keine personenbezogenen Daten der Benutzer, die anonym bleiben.<\/p>\n<p>&nbsp;<\/p>\n<p><strong>Welche Arten von Cookies verwendet EG-REEDS?<\/strong><\/p>\n<p>Analyse-Cookies: Diese werden verwendet, um Statistiken \u00fcber die Benutzeraktivit\u00e4t w\u00e4hrend des Besuchs der Website zu sammeln und die allgemeine Aktivit\u00e4t zu verfolgen. Die gesammelten Informationen werden anonymisiert und zur Optimierung des Browsing-Erlebnisses auf unserer Website und zur Gew\u00e4hrleistung eines besseren Kundenservice verwendet. Benutzer k\u00f6nnen ihre Aktivit\u00e4t \u00fcber die von den Analysetools bereitgestellten Ausschlusssysteme verhindern. Beispiele f\u00fcr Analyse-Cookies, die wir verwenden, sind Google Analytics oder Clarity.<\/p>\n<p>Technische Cookies: Diese werden zu internen Zwecken verwendet, um den Betrieb der Website sicherzustellen.<\/p>\n<p>Sitzungscookies: Diese sind darauf ausgelegt, Daten zu sammeln und zu speichern, w\u00e4hrend der Benutzer auf eine Website zugreift.<\/p>\n<p>Dauerhafte Cookies: Dauerhafte Cookies werden auf dem Ger\u00e4t des Benutzers gespeichert und k\u00f6nnen \u00fcber einen definierten Zeitraum hinweg abgerufen und verarbeitet werden.<\/p>\n<p>First-Party-Cookies: Diese werden vom Computer oder Domain, die von EG-REEDS verwaltet wird, an das Ger\u00e4t des Benutzers gesendet und bieten den angeforderten Dienst.<\/p>\n<p>Cookies von Drittanbietern: Diese werden vom Computer oder Domain, der nicht von uns verwaltet wird, sondern von einer anderen Einheit, die Daten \u00fcber Cookies sammelt, an das Ger\u00e4t des Benutzers gesendet, wie z. B. Google Analytics, Akismet oder Mailchimp.<\/p>\n<p>&nbsp;<\/p>\n<p><strong>Wie k\u00f6nnen Cookies in Ihrem Browser deaktiviert werden?<\/strong><\/p>\n<p>Cookies k\u00f6nnen je nach Wunsch gel\u00f6scht, akzeptiert oder blockiert werden, aber dazu muss Ihr Webbrowser richtig konfiguriert sein. Befolgen Sie bitte die Anweisungen Ihres Browsers, um Cookies zu verwalten. Wir bieten Links zu den Anweisungen f\u00fcr die beliebtesten Browser an:<\/p>\n<div>\n<ul>\n<li>Chrome: <a href=\"https:\/\/support.google.com\/chrome\/answer\/95647?hl=en\" target=\"_new\" rel=\"noopener\">https:\/\/support.google.com\/chrome\/answer\/95647?hl=en<\/a><\/li>\n<li>Firefox: <a href=\"https:\/\/support.mozilla.org\/en-US\/kb\/enable-and-disable-cookies-website-preferences\" target=\"_new\" rel=\"noopener\">https:\/\/support.mozilla.org\/en-US\/kb\/enable-and-disable-cookies-website-preferences<\/a><\/li>\n<li>Safari: <a href=\"https:\/\/support.apple.com\/en-us\/HT201265\" target=\"_new\" rel=\"noopener\">https:\/\/support.apple.com\/en-us\/HT201265<\/a><\/li>\n<li>Internet Explorer: <a href=\"http:\/\/windows.microsoft.com\/en-US\/internet-explorer\/delete-manage-cookies#ie=ie-11\" target=\"_new\" rel=\"noopener\">http:\/\/windows.microsoft.com\/en-US\/internet-explorer\/delete-manage-cookies#ie=ie-11<\/a><\/li>\n<\/ul>\n<\/div>\n<h1><\/h1>\n<h1>Links zu Websites von Drittanbietern<\/h1>\n<p>EG-REEDS verlinkt auf andere Websites, die unserer Meinung nach Informationen\/n\u00fctzliche Tools f\u00fcr unsere Besucher enthalten k\u00f6nnen. Unsere Datenschutzrichtlinie gilt nicht f\u00fcr Websites von Drittanbietern, daher sollten Sie bei einem Besuch anderer Websites deren Datenschutzrichtlinie lesen.<\/p>\n<p>Wir sind nicht verantwortlich f\u00fcr die Datenschutzpraktiken oder Inhalte auf solchen Websites.<\/p>\n","protected":false},"excerpt":{"rendered":"<p>Datenschutzrichtlinie Wenn wir &#8222;wir&#8220;, &#8222;uns&#8220;, &#8222;unser&#8220; und &#8222;EG-REEDS&#8220; sagen, beziehen wir uns auf EG-REEDS, C.B. mit der USt-IdNr. ESE24707143, Adresse C\/ Salinas 12, Ponferrada, Le\u00f3n, Spanien. Und unsere Website ist www.eg-reeds.com. Diese Datenschutzrichtlinie gilt f\u00fcr alle Daten, die wir \u00fcber Sie gesammelt haben oder sammeln, gem\u00e4\u00df unseren Allgemeinen Gesch\u00e4ftsbedingungen. Im Allgemeinen erfordert die Bereitstellung von [&#8230;]\n","protected":false},"author":1,"featured_media":0,"parent":0,"menu_order":0,"comment_status":"closed","ping_status":"open","template":"","meta":{"footnotes":""},"class_list":["post-3397","page","type-page","status-publish","hentry"],"yoast_head":"<!-- This site is optimized with the Yoast SEO Premium plugin v27.0 (Yoast SEO v27.3) - https:\/\/yoast.com\/product\/yoast-seo-premium-wordpress\/ -->\n<title>Datenschutz und Cookies<\/title>\n<meta name=\"description\" content=\"Datenschutz und Cookies EG-REEDs\" \/>\n<meta name=\"robots\" content=\"index, follow, max-snippet:-1, max-image-preview:large, max-video-preview:-1\" \/>\n<link rel=\"canonical\" href=\"https:\/\/eg-reeds.com\/de\/datenschutz-und-cookies\/\" \/>\n<meta property=\"og:locale\" content=\"de_DE\" \/>\n<meta property=\"og:type\" content=\"article\" \/>\n<meta property=\"og:title\" content=\"Datenschutz und Cookies\" \/>\n<meta property=\"og:description\" content=\"Datenschutz und Cookies EG-REEDs\" \/>\n<meta property=\"og:url\" content=\"https:\/\/eg-reeds.com\/de\/datenschutz-und-cookies\/\" \/>\n<meta property=\"og:site_name\" content=\"EG-REEDS\" \/>\n<meta property=\"article:publisher\" content=\"https:\/\/www.facebook.com\/EGREEDS\" \/>\n<meta property=\"article:modified_time\" content=\"2024-02-23T10:45:12+00:00\" \/>\n<meta property=\"og:image\" content=\"https:\/\/eg-reeds.com\/wp-content\/uploads\/2018\/11\/EG-REEDS-Oboe-reeds-shop-scaled.jpg\" \/>\n\t<meta property=\"og:image:width\" content=\"2560\" \/>\n\t<meta property=\"og:image:height\" content=\"1010\" \/>\n\t<meta property=\"og:image:type\" content=\"image\/jpeg\" \/>\n<meta name=\"twitter:card\" content=\"summary_large_image\" \/>\n<meta name=\"twitter:site\" content=\"@egreeds\" \/>\n<meta name=\"twitter:label1\" content=\"Gesch\u00e4tzte Lesezeit\" \/>\n\t<meta name=\"twitter:data1\" content=\"4\u00a0Minuten\" \/>\n<script type=\"application\/ld+json\" class=\"yoast-schema-graph\">{\"@context\":\"https:\\\/\\\/schema.org\",\"@graph\":[{\"@type\":\"WebPage\",\"@id\":\"https:\\\/\\\/eg-reeds.com\\\/de\\\/datenschutz-und-cookies\\\/\",\"url\":\"https:\\\/\\\/eg-reeds.com\\\/de\\\/datenschutz-und-cookies\\\/\",\"name\":\"Datenschutz und Cookies\",\"isPartOf\":{\"@id\":\"https:\\\/\\\/eg-reeds.com\\\/de\\\/#website\"},\"datePublished\":\"2015-05-07T09:49:44+00:00\",\"dateModified\":\"2024-02-23T10:45:12+00:00\",\"description\":\"Datenschutz und Cookies EG-REEDs\",\"breadcrumb\":{\"@id\":\"https:\\\/\\\/eg-reeds.com\\\/de\\\/datenschutz-und-cookies\\\/#breadcrumb\"},\"inLanguage\":\"de\",\"potentialAction\":[{\"@type\":\"ReadAction\",\"target\":[\"https:\\\/\\\/eg-reeds.com\\\/de\\\/datenschutz-und-cookies\\\/\"]}]},{\"@type\":\"BreadcrumbList\",\"@id\":\"https:\\\/\\\/eg-reeds.com\\\/de\\\/datenschutz-und-cookies\\\/#breadcrumb\",\"itemListElement\":[{\"@type\":\"ListItem\",\"position\":1,\"name\":\"Startseite\",\"item\":\"https:\\\/\\\/eg-reeds.com\\\/de\\\/\"},{\"@type\":\"ListItem\",\"position\":2,\"name\":\"Datenschutz und Cookies\"}]},{\"@type\":\"WebSite\",\"@id\":\"https:\\\/\\\/eg-reeds.com\\\/de\\\/#website\",\"url\":\"https:\\\/\\\/eg-reeds.com\\\/de\\\/\",\"name\":\"www.eg-reeds.com\",\"description\":\"Rohre f\u00fcr Oboe\",\"publisher\":{\"@id\":\"https:\\\/\\\/eg-reeds.com\\\/de\\\/#organization\"},\"alternateName\":\"eg-reeds.com\",\"potentialAction\":[{\"@type\":\"SearchAction\",\"target\":{\"@type\":\"EntryPoint\",\"urlTemplate\":\"https:\\\/\\\/eg-reeds.com\\\/de\\\/?s={search_term_string}\"},\"query-input\":{\"@type\":\"PropertyValueSpecification\",\"valueRequired\":true,\"valueName\":\"search_term_string\"}}],\"inLanguage\":\"de\"},{\"@type\":\"Organization\",\"@id\":\"https:\\\/\\\/eg-reeds.com\\\/de\\\/#organization\",\"name\":\"www.eg-reeds.com\",\"url\":\"https:\\\/\\\/eg-reeds.com\\\/de\\\/\",\"logo\":{\"@type\":\"ImageObject\",\"inLanguage\":\"de\",\"@id\":\"https:\\\/\\\/eg-reeds.com\\\/de\\\/#\\\/schema\\\/logo\\\/image\\\/\",\"url\":\"https:\\\/\\\/eg-reeds.com\\\/wp-content\\\/uploads\\\/2024\\\/06\\\/Logo-scaled-e1718793906611.jpg\",\"contentUrl\":\"https:\\\/\\\/eg-reeds.com\\\/wp-content\\\/uploads\\\/2024\\\/06\\\/Logo-scaled-e1718793906611.jpg\",\"width\":1200,\"height\":493,\"caption\":\"www.eg-reeds.com\"},\"image\":{\"@id\":\"https:\\\/\\\/eg-reeds.com\\\/de\\\/#\\\/schema\\\/logo\\\/image\\\/\"},\"sameAs\":[\"https:\\\/\\\/www.facebook.com\\\/EGREEDS\",\"https:\\\/\\\/x.com\\\/egreeds\",\"https:\\\/\\\/www.instagram.com\\\/egreeds\\\/\",\"https:\\\/\\\/www.youtube.com\\\/c\\\/EGREEDS\",\"https:\\\/\\\/www.threads.net\\\/@egreeds\",\"https:\\\/\\\/www.tiktok.com\\\/@egreeds\"]}]}<\/script>\n<!-- \/ Yoast SEO Premium plugin. -->","yoast_head_json":{"title":"Datenschutz und Cookies","description":"Datenschutz und Cookies EG-REEDs","robots":{"index":"index","follow":"follow","max-snippet":"max-snippet:-1","max-image-preview":"max-image-preview:large","max-video-preview":"max-video-preview:-1"},"canonical":"https:\/\/eg-reeds.com\/de\/datenschutz-und-cookies\/","og_locale":"de_DE","og_type":"article","og_title":"Datenschutz und Cookies","og_description":"Datenschutz und Cookies EG-REEDs","og_url":"https:\/\/eg-reeds.com\/de\/datenschutz-und-cookies\/","og_site_name":"EG-REEDS","article_publisher":"https:\/\/www.facebook.com\/EGREEDS","article_modified_time":"2024-02-23T10:45:12+00:00","og_image":[{"width":2560,"height":1010,"url":"https:\/\/eg-reeds.com\/wp-content\/uploads\/2018\/11\/EG-REEDS-Oboe-reeds-shop-scaled.jpg","type":"image\/jpeg"}],"twitter_card":"summary_large_image","twitter_site":"@egreeds","twitter_misc":{"Gesch\u00e4tzte Lesezeit":"4\u00a0Minuten"},"schema":{"@context":"https:\/\/schema.org","@graph":[{"@type":"WebPage","@id":"https:\/\/eg-reeds.com\/de\/datenschutz-und-cookies\/","url":"https:\/\/eg-reeds.com\/de\/datenschutz-und-cookies\/","name":"Datenschutz und Cookies","isPartOf":{"@id":"https:\/\/eg-reeds.com\/de\/#website"},"datePublished":"2015-05-07T09:49:44+00:00","dateModified":"2024-02-23T10:45:12+00:00","description":"Datenschutz und Cookies EG-REEDs","breadcrumb":{"@id":"https:\/\/eg-reeds.com\/de\/datenschutz-und-cookies\/#breadcrumb"},"inLanguage":"de","potentialAction":[{"@type":"ReadAction","target":["https:\/\/eg-reeds.com\/de\/datenschutz-und-cookies\/"]}]},{"@type":"BreadcrumbList","@id":"https:\/\/eg-reeds.com\/de\/datenschutz-und-cookies\/#breadcrumb","itemListElement":[{"@type":"ListItem","position":1,"name":"Startseite","item":"https:\/\/eg-reeds.com\/de\/"},{"@type":"ListItem","position":2,"name":"Datenschutz und Cookies"}]},{"@type":"WebSite","@id":"https:\/\/eg-reeds.com\/de\/#website","url":"https:\/\/eg-reeds.com\/de\/","name":"www.eg-reeds.com","description":"Rohre f\u00fcr Oboe","publisher":{"@id":"https:\/\/eg-reeds.com\/de\/#organization"},"alternateName":"eg-reeds.com","potentialAction":[{"@type":"SearchAction","target":{"@type":"EntryPoint","urlTemplate":"https:\/\/eg-reeds.com\/de\/?s={search_term_string}"},"query-input":{"@type":"PropertyValueSpecification","valueRequired":true,"valueName":"search_term_string"}}],"inLanguage":"de"},{"@type":"Organization","@id":"https:\/\/eg-reeds.com\/de\/#organization","name":"www.eg-reeds.com","url":"https:\/\/eg-reeds.com\/de\/","logo":{"@type":"ImageObject","inLanguage":"de","@id":"https:\/\/eg-reeds.com\/de\/#\/schema\/logo\/image\/","url":"https:\/\/eg-reeds.com\/wp-content\/uploads\/2024\/06\/Logo-scaled-e1718793906611.jpg","contentUrl":"https:\/\/eg-reeds.com\/wp-content\/uploads\/2024\/06\/Logo-scaled-e1718793906611.jpg","width":1200,"height":493,"caption":"www.eg-reeds.com"},"image":{"@id":"https:\/\/eg-reeds.com\/de\/#\/schema\/logo\/image\/"},"sameAs":["https:\/\/www.facebook.com\/EGREEDS","https:\/\/x.com\/egreeds","https:\/\/www.instagram.com\/egreeds\/","https:\/\/www.youtube.com\/c\/EGREEDS","https:\/\/www.threads.net\/@egreeds","https:\/\/www.tiktok.com\/@egreeds"]}]}},"_links":{"self":[{"href":"https:\/\/eg-reeds.com\/de\/wp-json\/wp\/v2\/pages\/3397","targetHints":{"allow":["GET"]}}],"collection":[{"href":"https:\/\/eg-reeds.com\/de\/wp-json\/wp\/v2\/pages"}],"about":[{"href":"https:\/\/eg-reeds.com\/de\/wp-json\/wp\/v2\/types\/page"}],"author":[{"embeddable":true,"href":"https:\/\/eg-reeds.com\/de\/wp-json\/wp\/v2\/users\/1"}],"replies":[{"embeddable":true,"href":"https:\/\/eg-reeds.com\/de\/wp-json\/wp\/v2\/comments?post=3397"}],"version-history":[{"count":0,"href":"https:\/\/eg-reeds.com\/de\/wp-json\/wp\/v2\/pages\/3397\/revisions"}],"wp:attachment":[{"href":"https:\/\/eg-reeds.com\/de\/wp-json\/wp\/v2\/media?parent=3397"}],"curies":[{"name":"wp","href":"https:\/\/api.w.org\/{rel}","templated":true}]}}