{"id":4153,"date":"2015-05-13T10:48:33","date_gmt":"2015-05-13T09:48:33","guid":{"rendered":"http:\/\/eg-reeds.com\/?page_id=4153"},"modified":"2025-02-05T11:10:25","modified_gmt":"2025-02-05T10:10:25","slug":"faq-de","status":"publish","type":"page","link":"https:\/\/eg-reeds.com\/de\/faq-de\/","title":{"rendered":"FAQ"},"content":{"rendered":"<div class=\"accordion\">\n\t<div id=\"accordion-3569636179\" class=\"accordion-item\">\n\t\t<a id=\"accordion-3569636179-label\" class=\"accordion-title plain\" href=\"#accordion-item-welche-zahlungsmethoden-kann-ich-anwenden?\" aria-expanded=\"false\" aria-controls=\"accordion-3569636179-content\">\n\t\t\t<button class=\"toggle\" aria-label=\"Umschalten\"><i class=\"icon-angle-down\" aria-hidden=\"true\"><\/i><\/button>\n\t\t\t<span>Welche Zahlungsmethoden kann ich anwenden?<\/span>\n\t\t<\/a>\n\t\t<div id=\"accordion-3569636179-content\" class=\"accordion-inner\" aria-labelledby=\"accordion-3569636179-label\">\n\t\t\t\n<p>Sie k\u00f6nnen die folgenden Zahlungsmethoden verwenden: Bank\u00fcberweisung, Kredit- oder Debitkarten wie Visa, Mastercard oder American Express und Paypal. Au\u00dferdem Bizum f\u00fcr Spanien, Alipay f\u00fcr China und Ideal in den Niederlanden. F\u00fcr einige Zahlungsmethoden fallen m\u00f6glicherweise zus\u00e4tzliche Geb\u00fchren an. Bitte \u00fcberpr\u00fcfen Sie den Gesamtpreis Ihrer Bestellung auf der Seite \u201eKasse\u201c.<\/p>\n<p><span style=\"line-height: 1.5;\">\t\t<\/div>\n\t<\/div>\n\t<\/span><\/p>\n\t<div id=\"accordion-186697892\" class=\"accordion-item\">\n\t\t<a id=\"accordion-186697892-label\" class=\"accordion-title plain\" href=\"#accordion-item-wie-kann-ich-meinen-gutscheincode-einl\u00f6sen?\" aria-expanded=\"false\" aria-controls=\"accordion-186697892-content\">\n\t\t\t<button class=\"toggle\" aria-label=\"Umschalten\"><i class=\"icon-angle-down\" aria-hidden=\"true\"><\/i><\/button>\n\t\t\t<span>Wie kann ich meinen Gutscheincode einl\u00f6sen?<\/span>\n\t\t<\/a>\n\t\t<div id=\"accordion-186697892-content\" class=\"accordion-inner\" aria-labelledby=\"accordion-186697892-label\">\n\t\t\t\nSie k\u00f6nnen Ihren Code zu jeder Zeit w\u00e4hrend der &#8222;Zur Kasse&#8220;. Klicken Sie &#8222;Haben Sie einen Gutschein? Klicken Sie hier, um Ihren Gutschein-Code einzugeben&#8220; am oberen Rand der Seite.<br \/>\n\t\t<\/div>\n\t<\/div>\n\t\n\t<div id=\"accordion-2007732793\" class=\"accordion-item\">\n\t\t<a id=\"accordion-2007732793-label\" class=\"accordion-title plain\" href=\"#accordion-item-sind-meine-daten-sicher?\" aria-expanded=\"false\" aria-controls=\"accordion-2007732793-content\">\n\t\t\t<button class=\"toggle\" aria-label=\"Umschalten\"><i class=\"icon-angle-down\" aria-hidden=\"true\"><\/i><\/button>\n\t\t\t<span>Sind meine Daten sicher?<\/span>\n\t\t<\/a>\n\t\t<div id=\"accordion-2007732793-content\" class=\"accordion-inner\" aria-labelledby=\"accordion-2007732793-label\">\n\t\t\t\n<p>Ja. EG-REEDS garantiert, dass Ihre Angaben sind zu 100% bei uns sicher. Wir verwenden eine https-verschl\u00fcsselte Verbindung und unsere Website wird durch SSL-Zertifikat gesichert. F\u00fcr weitere Informationen lesen Sie bitte unsere &#8222;Datenschutz und Cookies&#8220; Seite.<\/p>\n\t\t<\/div>\n\t<\/div>\n\t\n\t<div id=\"accordion-3564589978\" class=\"accordion-item\">\n\t\t<a id=\"accordion-3564589978-label\" class=\"accordion-title plain\" href=\"#accordion-item-wie-lange-dauert-die-lieferung?\" aria-expanded=\"false\" aria-controls=\"accordion-3564589978-content\">\n\t\t\t<button class=\"toggle\" aria-label=\"Umschalten\"><i class=\"icon-angle-down\" aria-hidden=\"true\"><\/i><\/button>\n\t\t\t<span>Wie lange dauert die Lieferung?<\/span>\n\t\t<\/a>\n\t\t<div id=\"accordion-3564589978-content\" class=\"accordion-inner\" aria-labelledby=\"accordion-3564589978-label\">\n\t\t\t\nAlle Informationen zu unseren Lieferzeiten finden Sie auf unserer <a href=\"https:\/\/eg-reeds.com\/de\/versandkosten-und-lieferzeit\/\">Versandkosten und Lieferzeit<\/a> Seite.<br \/>\n\t\t<\/div>\n\t<\/div>\n\t\n\t<div id=\"accordion-119245229\" class=\"accordion-item\">\n\t\t<a id=\"accordion-119245229-label\" class=\"accordion-title plain\" href=\"#accordion-item-was-sind-die-versandkosten?\" aria-expanded=\"false\" aria-controls=\"accordion-119245229-content\">\n\t\t\t<button class=\"toggle\" aria-label=\"Umschalten\"><i class=\"icon-angle-down\" aria-hidden=\"true\"><\/i><\/button>\n\t\t\t<span>Was sind die Versandkosten?<\/span>\n\t\t<\/a>\n\t\t<div id=\"accordion-119245229-content\" class=\"accordion-inner\" aria-labelledby=\"accordion-119245229-label\">\n\t\t\t\nUm die Versandkosten zu sehen, gehen Sie bitte auf die Seite <a href=\"https:\/\/eg-reeds.com\/de\/versandkosten-und-lieferzeit\/\">Versandkosten und Lieferzeit<\/a>. Die exakten Versandkosten auch werden auch w\u00e4hrend der Kaufabwicklung angezeigt.<\/p>\n\t\t<\/div>\n\t<\/div>\n\t\n\t<div id=\"accordion-1204495457\" class=\"accordion-item\">\n\t\t<a id=\"accordion-1204495457-label\" class=\"accordion-title plain\" href=\"#accordion-item-wenn-ein-produkt-nicht-auf-lager,-k\u00f6nnen-sie-e-mail-mich,-wenn-der-artikel-wieder-auf-lager-ist?\" aria-expanded=\"false\" aria-controls=\"accordion-1204495457-content\">\n\t\t\t<button class=\"toggle\" aria-label=\"Umschalten\"><i class=\"icon-angle-down\" aria-hidden=\"true\"><\/i><\/button>\n\t\t\t<span>Wenn ein Produkt nicht auf Lager, k\u00f6nnen Sie E-Mail mich, wenn der Artikel wieder auf Lager ist?<\/span>\n\t\t<\/a>\n\t\t<div id=\"accordion-1204495457-content\" class=\"accordion-inner\" aria-labelledby=\"accordion-1204495457-label\">\n\t\t\t\n<p>Ja. Senden Sie uns eine E-Mail, um benachrichtigt zu werden, sobald der Artikel wieder verf\u00fcgbar ist.<\/p>\n\t\t<\/div>\n\t<\/div>\n\t\n\t<div id=\"accordion-2308811846\" class=\"accordion-item\">\n\t\t<a id=\"accordion-2308811846-label\" class=\"accordion-title plain\" href=\"#accordion-item-wie-kann-ich-den-status-meiner-bestellung-\u00fcberpr\u00fcfen?\" aria-expanded=\"false\" aria-controls=\"accordion-2308811846-content\">\n\t\t\t<button class=\"toggle\" aria-label=\"Umschalten\"><i class=\"icon-angle-down\" aria-hidden=\"true\"><\/i><\/button>\n\t\t\t<span>Wie kann ich den Status meiner Bestellung \u00fcberpr\u00fcfen?<\/span>\n\t\t<\/a>\n\t\t<div id=\"accordion-2308811846-content\" class=\"accordion-inner\" aria-labelledby=\"accordion-2308811846-label\">\n\t\t\t\nMelden Sie sich bei Ihrem Konto an, um Ihre Bestellungen zu sehen und den Status.<br \/>\n\t\t<\/div>\n\t<\/div>\n\t\n\t<div id=\"accordion-4187695636\" class=\"accordion-item\">\n\t\t<a id=\"accordion-4187695636-label\" class=\"accordion-title plain\" href=\"#accordion-item-wie-kann-ich-einen-artikel-zur\u00fcckgeben?\" aria-expanded=\"false\" aria-controls=\"accordion-4187695636-content\">\n\t\t\t<button class=\"toggle\" aria-label=\"Umschalten\"><i class=\"icon-angle-down\" aria-hidden=\"true\"><\/i><\/button>\n\t\t\t<span>Wie kann ich einen Artikel zur\u00fcckgeben?<\/span>\n\t\t<\/a>\n\t\t<div id=\"accordion-4187695636-content\" class=\"accordion-inner\" aria-labelledby=\"accordion-4187695636-label\">\n\t\t\t\nWir ersetzen nur Gegenst\u00e4nde, wenn sie defekt sind. Wenn Sie ein Einzelteil austauschen m\u00fcssen, schicken Sie uns eine E-Mail an info@eg-reeds.com. Die Frist betr\u00e4gt 7 Tage. Wir k\u00f6nnen Ihnen einen Gutschein anbieten oder das Produkt f\u00fcr ein neues Produkt \u00e4ndern. Um ein Produkt zur\u00fcckzusenden, muss Ihr Artikel ungebraucht und in der Originalverpackung mit unversiegeltem Siegel sein. Der Artikel wird per Einschreiben an uns zur\u00fcckgesandt. Bitte besuchen Sie unsere <a href=\"https:\/\/eg-reeds.com\/de\/allgemeine-geschaftsbedingungen\/\">Allgemeine Gesch\u00e4ftsbedingungen<\/a> f\u00fcr weitere Informationen.<br \/>\n\t\t<\/div>\n\t<\/div>\n\t\n\t<div id=\"accordion-463950010\" class=\"accordion-item\">\n\t\t<a id=\"accordion-463950010-label\" class=\"accordion-title plain\" href=\"#accordion-item-wie-wird-die-mehrwertsteuer-berechnet?\" aria-expanded=\"false\" aria-controls=\"accordion-463950010-content\">\n\t\t\t<button class=\"toggle\" aria-label=\"Umschalten\"><i class=\"icon-angle-down\" aria-hidden=\"true\"><\/i><\/button>\n\t\t\t<span>Wie wird die Mehrwertsteuer berechnet?<\/span>\n\t\t<\/a>\n\t\t<div id=\"accordion-463950010-content\" class=\"accordion-inner\" aria-labelledby=\"accordion-463950010-label\">\n\t\t\t\nAlle unsere Preise beinhalten 21% MwSt. (Spanische Mehrwertsteuer). Gem\u00e4\u00df dem Gesetz wird in L\u00e4ndern au\u00dferhalb der Europ\u00e4ischen Union keine Mehrwertsteuer erhoben. Wir zeigen die Preise inklusive Mehrwertsteuer. Wenn Sie jedoch Ihr Land (ein Land au\u00dferhalb der Europ\u00e4ischen Union) auf die Checkout-Seite schreiben oder sich bei Ihrem Konto anmelden, werden die Preise ohne Mehrwertsteuer angezeigt.<\/p>\n<p><a href=\"http:\/\/eg-reeds.com\/vat-new-ecommerce-rules-in-the-eu\/\" target=\"_blank\" rel=\"noopener\">http:\/\/eg-reeds.com\/vat-new-ecommerce-rules-in-the-eu\/<\/a><\/p>\n\t\t<\/div>\n\t<\/div>\n\t\n\t<div id=\"accordion-827205367\" class=\"accordion-item\">\n\t\t<a id=\"accordion-827205367-label\" class=\"accordion-title plain\" href=\"#accordion-item-wie-kann-ich-auf-eg-reeds-registrieren?\" aria-expanded=\"false\" aria-controls=\"accordion-827205367-content\">\n\t\t\t<button class=\"toggle\" aria-label=\"Umschalten\"><i class=\"icon-angle-down\" aria-hidden=\"true\"><\/i><\/button>\n\t\t\t<span>Wie kann ich auf EG-REEDS registrieren?<\/span>\n\t\t<\/a>\n\t\t<div id=\"accordion-827205367-content\" class=\"accordion-inner\" aria-labelledby=\"accordion-827205367-label\">\n\t\t\t\nRegistrieren Sie sich auf Anmeldung am oberen Rand der Seite. Geben Sie einfach Ihre E-Mail und ein Kennwort ein und klicken Sie auf Registrieren. Es ist einfach und kostenlos.<br \/>\n\t\t<\/div>\n\t<\/div>\n\t\n\t<div id=\"accordion-3424928205\" class=\"accordion-item\">\n\t\t<a id=\"accordion-3424928205-label\" class=\"accordion-title plain\" href=\"#accordion-item-wie-kontaktiere-ich-den-kundenservice?\" aria-expanded=\"false\" aria-controls=\"accordion-3424928205-content\">\n\t\t\t<button class=\"toggle\" aria-label=\"Umschalten\"><i class=\"icon-angle-down\" aria-hidden=\"true\"><\/i><\/button>\n\t\t\t<span>Wie kontaktiere ich den Kundenservice?<\/span>\n\t\t<\/a>\n\t\t<div id=\"accordion-3424928205-content\" class=\"accordion-inner\" aria-labelledby=\"accordion-3424928205-label\">\n\t\t\t\nSie k\u00f6nnen EG-REEDS Kundenservice per <a href=\"mailto:info@eg-reeds.com\">Email<\/a>, per Telefon, Whatsapp\u00a0oder\u00a0<a href=\"http:\/\/m.me\/EGREEDS\">Facebook<\/a>\u00a0zu kontaktieren.\u00a0F\u00fcr weitere Informationen besuchen Sie bitte <a href=\"https:\/\/eg-reeds.com\/de\/kontakt\/\">Kontakt<\/a>.<br \/>\n\t\t<\/div>\n\t<\/div>\n\t\n<\/div>\n","protected":false},"excerpt":{"rendered":"","protected":false},"author":1,"featured_media":0,"parent":0,"menu_order":0,"comment_status":"closed","ping_status":"open","template":"","meta":{"footnotes":""},"class_list":["post-4153","page","type-page","status-publish","hentry"],"yoast_head":"<!-- This site is optimized with the Yoast SEO Premium plugin v27.0 (Yoast SEO v27.4) - https:\/\/yoast.com\/product\/yoast-seo-premium-wordpress\/ -->\n<title>FAQ - EG-REEDS<\/title>\n<meta name=\"description\" content=\"FAQ EG-REEDS.\" \/>\n<meta name=\"robots\" content=\"index, follow, max-snippet:-1, max-image-preview:large, max-video-preview:-1\" \/>\n<link rel=\"canonical\" href=\"https:\/\/eg-reeds.com\/de\/faq-de\/\" \/>\n<meta property=\"og:locale\" content=\"de_DE\" \/>\n<meta property=\"og:type\" content=\"article\" \/>\n<meta property=\"og:title\" content=\"FAQ\" \/>\n<meta property=\"og:description\" content=\"FAQ EG-REEDS.\" \/>\n<meta property=\"og:url\" content=\"https:\/\/eg-reeds.com\/de\/faq-de\/\" \/>\n<meta property=\"og:site_name\" content=\"EG-REEDS\" \/>\n<meta property=\"article:publisher\" content=\"https:\/\/www.facebook.com\/EGREEDS\" \/>\n<meta property=\"article:modified_time\" content=\"2025-02-05T10:10:25+00:00\" \/>\n<meta property=\"og:image\" content=\"https:\/\/eg-reeds.com\/wp-content\/uploads\/2018\/11\/EG-REEDS-Oboe-reeds-shop-scaled.jpg\" \/>\n\t<meta property=\"og:image:width\" content=\"2560\" \/>\n\t<meta property=\"og:image:height\" content=\"1010\" \/>\n\t<meta property=\"og:image:type\" content=\"image\/jpeg\" \/>\n<meta name=\"twitter:card\" content=\"summary_large_image\" \/>\n<meta name=\"twitter:site\" content=\"@egreeds\" \/>\n<meta name=\"twitter:label1\" content=\"Gesch\u00e4tzte Lesezeit\" \/>\n\t<meta name=\"twitter:data1\" content=\"3\u00a0Minuten\" \/>\n<script type=\"application\/ld+json\" class=\"yoast-schema-graph\">{\"@context\":\"https:\\\/\\\/schema.org\",\"@graph\":[{\"@type\":\"WebPage\",\"@id\":\"https:\\\/\\\/eg-reeds.com\\\/de\\\/faq-de\\\/\",\"url\":\"https:\\\/\\\/eg-reeds.com\\\/de\\\/faq-de\\\/\",\"name\":\"FAQ - EG-REEDS\",\"isPartOf\":{\"@id\":\"https:\\\/\\\/eg-reeds.com\\\/de\\\/#website\"},\"datePublished\":\"2015-05-13T09:48:33+00:00\",\"dateModified\":\"2025-02-05T10:10:25+00:00\",\"description\":\"FAQ EG-REEDS.\",\"breadcrumb\":{\"@id\":\"https:\\\/\\\/eg-reeds.com\\\/de\\\/faq-de\\\/#breadcrumb\"},\"inLanguage\":\"de\",\"potentialAction\":[{\"@type\":\"ReadAction\",\"target\":[\"https:\\\/\\\/eg-reeds.com\\\/de\\\/faq-de\\\/\"]}]},{\"@type\":\"BreadcrumbList\",\"@id\":\"https:\\\/\\\/eg-reeds.com\\\/de\\\/faq-de\\\/#breadcrumb\",\"itemListElement\":[{\"@type\":\"ListItem\",\"position\":1,\"name\":\"Startseite\",\"item\":\"https:\\\/\\\/eg-reeds.com\\\/de\\\/\"},{\"@type\":\"ListItem\",\"position\":2,\"name\":\"FAQ\"}]},{\"@type\":\"WebSite\",\"@id\":\"https:\\\/\\\/eg-reeds.com\\\/de\\\/#website\",\"url\":\"https:\\\/\\\/eg-reeds.com\\\/de\\\/\",\"name\":\"www.eg-reeds.com\",\"description\":\"Rohre f\u00fcr Oboe\",\"publisher\":{\"@id\":\"https:\\\/\\\/eg-reeds.com\\\/de\\\/#organization\"},\"alternateName\":\"eg-reeds.com\",\"potentialAction\":[{\"@type\":\"SearchAction\",\"target\":{\"@type\":\"EntryPoint\",\"urlTemplate\":\"https:\\\/\\\/eg-reeds.com\\\/de\\\/?s={search_term_string}\"},\"query-input\":{\"@type\":\"PropertyValueSpecification\",\"valueRequired\":true,\"valueName\":\"search_term_string\"}}],\"inLanguage\":\"de\"},{\"@type\":\"Organization\",\"@id\":\"https:\\\/\\\/eg-reeds.com\\\/de\\\/#organization\",\"name\":\"www.eg-reeds.com\",\"url\":\"https:\\\/\\\/eg-reeds.com\\\/de\\\/\",\"logo\":{\"@type\":\"ImageObject\",\"inLanguage\":\"de\",\"@id\":\"https:\\\/\\\/eg-reeds.com\\\/de\\\/#\\\/schema\\\/logo\\\/image\\\/\",\"url\":\"https:\\\/\\\/eg-reeds.com\\\/wp-content\\\/uploads\\\/2024\\\/06\\\/Logo-scaled-e1718793906611.jpg\",\"contentUrl\":\"https:\\\/\\\/eg-reeds.com\\\/wp-content\\\/uploads\\\/2024\\\/06\\\/Logo-scaled-e1718793906611.jpg\",\"width\":1200,\"height\":493,\"caption\":\"www.eg-reeds.com\"},\"image\":{\"@id\":\"https:\\\/\\\/eg-reeds.com\\\/de\\\/#\\\/schema\\\/logo\\\/image\\\/\"},\"sameAs\":[\"https:\\\/\\\/www.facebook.com\\\/EGREEDS\",\"https:\\\/\\\/x.com\\\/egreeds\",\"https:\\\/\\\/www.instagram.com\\\/egreeds\\\/\",\"https:\\\/\\\/www.youtube.com\\\/c\\\/EGREEDS\",\"https:\\\/\\\/www.threads.net\\\/@egreeds\",\"https:\\\/\\\/www.tiktok.com\\\/@egreeds\"]}]}<\/script>\n<!-- \/ Yoast SEO Premium plugin. -->","yoast_head_json":{"title":"FAQ - EG-REEDS","description":"FAQ EG-REEDS.","robots":{"index":"index","follow":"follow","max-snippet":"max-snippet:-1","max-image-preview":"max-image-preview:large","max-video-preview":"max-video-preview:-1"},"canonical":"https:\/\/eg-reeds.com\/de\/faq-de\/","og_locale":"de_DE","og_type":"article","og_title":"FAQ","og_description":"FAQ EG-REEDS.","og_url":"https:\/\/eg-reeds.com\/de\/faq-de\/","og_site_name":"EG-REEDS","article_publisher":"https:\/\/www.facebook.com\/EGREEDS","article_modified_time":"2025-02-05T10:10:25+00:00","og_image":[{"width":2560,"height":1010,"url":"https:\/\/eg-reeds.com\/wp-content\/uploads\/2018\/11\/EG-REEDS-Oboe-reeds-shop-scaled.jpg","type":"image\/jpeg"}],"twitter_card":"summary_large_image","twitter_site":"@egreeds","twitter_misc":{"Gesch\u00e4tzte Lesezeit":"3\u00a0Minuten"},"schema":{"@context":"https:\/\/schema.org","@graph":[{"@type":"WebPage","@id":"https:\/\/eg-reeds.com\/de\/faq-de\/","url":"https:\/\/eg-reeds.com\/de\/faq-de\/","name":"FAQ - EG-REEDS","isPartOf":{"@id":"https:\/\/eg-reeds.com\/de\/#website"},"datePublished":"2015-05-13T09:48:33+00:00","dateModified":"2025-02-05T10:10:25+00:00","description":"FAQ EG-REEDS.","breadcrumb":{"@id":"https:\/\/eg-reeds.com\/de\/faq-de\/#breadcrumb"},"inLanguage":"de","potentialAction":[{"@type":"ReadAction","target":["https:\/\/eg-reeds.com\/de\/faq-de\/"]}]},{"@type":"BreadcrumbList","@id":"https:\/\/eg-reeds.com\/de\/faq-de\/#breadcrumb","itemListElement":[{"@type":"ListItem","position":1,"name":"Startseite","item":"https:\/\/eg-reeds.com\/de\/"},{"@type":"ListItem","position":2,"name":"FAQ"}]},{"@type":"WebSite","@id":"https:\/\/eg-reeds.com\/de\/#website","url":"https:\/\/eg-reeds.com\/de\/","name":"www.eg-reeds.com","description":"Rohre f\u00fcr Oboe","publisher":{"@id":"https:\/\/eg-reeds.com\/de\/#organization"},"alternateName":"eg-reeds.com","potentialAction":[{"@type":"SearchAction","target":{"@type":"EntryPoint","urlTemplate":"https:\/\/eg-reeds.com\/de\/?s={search_term_string}"},"query-input":{"@type":"PropertyValueSpecification","valueRequired":true,"valueName":"search_term_string"}}],"inLanguage":"de"},{"@type":"Organization","@id":"https:\/\/eg-reeds.com\/de\/#organization","name":"www.eg-reeds.com","url":"https:\/\/eg-reeds.com\/de\/","logo":{"@type":"ImageObject","inLanguage":"de","@id":"https:\/\/eg-reeds.com\/de\/#\/schema\/logo\/image\/","url":"https:\/\/eg-reeds.com\/wp-content\/uploads\/2024\/06\/Logo-scaled-e1718793906611.jpg","contentUrl":"https:\/\/eg-reeds.com\/wp-content\/uploads\/2024\/06\/Logo-scaled-e1718793906611.jpg","width":1200,"height":493,"caption":"www.eg-reeds.com"},"image":{"@id":"https:\/\/eg-reeds.com\/de\/#\/schema\/logo\/image\/"},"sameAs":["https:\/\/www.facebook.com\/EGREEDS","https:\/\/x.com\/egreeds","https:\/\/www.instagram.com\/egreeds\/","https:\/\/www.youtube.com\/c\/EGREEDS","https:\/\/www.threads.net\/@egreeds","https:\/\/www.tiktok.com\/@egreeds"]}]}},"_links":{"self":[{"href":"https:\/\/eg-reeds.com\/de\/wp-json\/wp\/v2\/pages\/4153","targetHints":{"allow":["GET"]}}],"collection":[{"href":"https:\/\/eg-reeds.com\/de\/wp-json\/wp\/v2\/pages"}],"about":[{"href":"https:\/\/eg-reeds.com\/de\/wp-json\/wp\/v2\/types\/page"}],"author":[{"embeddable":true,"href":"https:\/\/eg-reeds.com\/de\/wp-json\/wp\/v2\/users\/1"}],"replies":[{"embeddable":true,"href":"https:\/\/eg-reeds.com\/de\/wp-json\/wp\/v2\/comments?post=4153"}],"version-history":[{"count":0,"href":"https:\/\/eg-reeds.com\/de\/wp-json\/wp\/v2\/pages\/4153\/revisions"}],"wp:attachment":[{"href":"https:\/\/eg-reeds.com\/de\/wp-json\/wp\/v2\/media?parent=4153"}],"curies":[{"name":"wp","href":"https:\/\/api.w.org\/{rel}","templated":true}]}}