{"id":4171,"date":"2015-05-13T12:07:26","date_gmt":"2015-05-13T11:07:26","guid":{"rendered":"http:\/\/eg-reeds.com\/?page_id=4171"},"modified":"2026-04-10T10:52:50","modified_gmt":"2026-04-10T08:52:50","slug":"versandkosten-und-lieferzeit","status":"publish","type":"page","link":"https:\/\/eg-reeds.com\/de\/versandkosten-und-lieferzeit\/","title":{"rendered":"Versandkosten und Lieferzeit"},"content":{"rendered":"\t<div id=\"gap-1221062544\" class=\"gap-element clearfix\" style=\"display:block; height:auto;\">\n\t\t\n<style>\n#gap-1221062544 {\n  padding-top: 30px;\n}\n<\/style>\n\t<\/div>\n\t\n<p style=\"text-align: center;\"><span style=\"color: #627fa9;\"><strong>Die Versandkosten k\u00f6nnen berechnet werden, indem Sie Ihr Land und Ihre Adresse auf der Checkout-Seite eingeben.<\/strong><\/span><\/p>\n<p style=\"text-align: center;\">\t<div id=\"gap-416898127\" class=\"gap-element clearfix\" style=\"display:block; height:auto;\">\n\t\t\n<style>\n#gap-416898127 {\n  padding-top: 30px;\n}\n<\/style>\n\t<\/div>\n\t\n<p><span style=\"color: #627fa9;\"><strong class=\"h-xlarge h-large\">\u2217<\/strong> <\/span>Bestellungen werden erst am Tag nach der Zahlungsbest\u00e4tigung bearbeitet. An Wochenenden, Feiertagen oder w\u00e4hrend Urlaubszeiten erfolgt die Bearbeitung und der Produktionsbeginn am n\u00e4chsten Werktag.<\/p>\n<p><strong class=\"h-xlarge h-large\"><span style=\"color: #627fa9;\">\u2217 <span style=\"color: #339966;\">PRODUKTIONSZEITEN:<\/span><\/span><\/strong> Bitte beachten Sie, dass einige Produkte mehrere Produktionstage ben\u00f6tigen, sofern sie nicht auf Lager sind. Studentenrohre ben\u00f6tigen etwa 2 Werktage. Professionelle Rohre und bearbeitetes Rohr etwa 4-5 Werktage. Personalisierbare Oboenrohre ca. 2 Wochen. Bei gr\u00f6\u00dferen Bestellungen kontaktieren Sie uns bitte.<\/p>\n<p><strong class=\"h-xlarge h-large\"><span style=\"color: #627fa9;\">\u2217 <\/span><\/strong>Die Versandkosten k\u00f6nnen berechnet werden, indem Sie Ihre Adresse auf der Checkout-Seite eingeben.<\/p>\n<p><strong class=\"h-xlarge h-large\"><span style=\"color: #627fa9;\">\u2217 <\/span><\/strong>Nach dem Versand betr\u00e4gt die Lieferzeit in nahegelegene europ\u00e4ische L\u00e4nder etwa 3-5 Werktage. In weiter entfernte europ\u00e4ische L\u00e4nder oder au\u00dferhalb Europas etwa 5-10 Werktage.<\/p>\n<p><strong class=\"h-xlarge h-large\"><span style=\"color: #627fa9;\">\u2217<\/span> <\/strong>Die Lieferzeiten h\u00e4ngen vom Versanddienstleister ab und sind unverbindlich; Verz\u00f6gerungen k\u00f6nnen auftreten. Eine Garantie f\u00fcr Lieferzeiten kann nicht \u00fcbernommen werden. F\u00fcr L\u00e4nder au\u00dferhalb der Europ\u00e4ischen Union kann sich die Lieferzeit aufgrund von Zollabfertigungen verl\u00e4ngern. Etwaige Z\u00f6lle, Steuern oder zus\u00e4tzliche Geb\u00fchren gehen zu Lasten des Empf\u00e4ngers. Bitte wenden Sie sich f\u00fcr weitere Informationen an Ihr zust\u00e4ndiges Zollamt.<\/p>\n<p>&nbsp;<\/p>\n","protected":false},"excerpt":{"rendered":"<p>Die Versandkosten k\u00f6nnen berechnet werden, indem Sie Ihr Land und Ihre Adresse auf der Checkout-Seite eingeben. \u2217 Bestellungen werden erst am Tag nach der Zahlungsbest\u00e4tigung bearbeitet. An Wochenenden, Feiertagen oder w\u00e4hrend Urlaubszeiten erfolgt die Bearbeitung und der Produktionsbeginn am n\u00e4chsten Werktag. \u2217 PRODUKTIONSZEITEN: Bitte beachten Sie, dass einige Produkte mehrere Produktionstage ben\u00f6tigen, sofern sie nicht [&#8230;]\n","protected":false},"author":1,"featured_media":0,"parent":0,"menu_order":0,"comment_status":"closed","ping_status":"open","template":"","meta":{"footnotes":""},"class_list":["post-4171","page","type-page","status-publish","hentry"],"yoast_head":"<!-- This site is optimized with the Yoast SEO Premium plugin v27.0 (Yoast SEO v27.4) - https:\/\/yoast.com\/product\/yoast-seo-premium-wordpress\/ -->\n<title>Versandkosten und Lieferzeit - EG-REEDS<\/title>\n<meta name=\"description\" content=\"Versandkosten und Lieferzeit\" \/>\n<meta name=\"robots\" content=\"index, follow, max-snippet:-1, max-image-preview:large, max-video-preview:-1\" \/>\n<link rel=\"canonical\" href=\"https:\/\/eg-reeds.com\/de\/versandkosten-und-lieferzeit\/\" \/>\n<meta property=\"og:locale\" content=\"de_DE\" \/>\n<meta property=\"og:type\" content=\"article\" \/>\n<meta property=\"og:title\" content=\"Versandkosten und Lieferzeit\" \/>\n<meta property=\"og:description\" content=\"Versandkosten und Lieferzeit\" \/>\n<meta property=\"og:url\" content=\"https:\/\/eg-reeds.com\/de\/versandkosten-und-lieferzeit\/\" \/>\n<meta property=\"og:site_name\" content=\"EG-REEDS\" \/>\n<meta property=\"article:publisher\" content=\"https:\/\/www.facebook.com\/EGREEDS\" \/>\n<meta property=\"article:modified_time\" content=\"2026-04-10T08:52:50+00:00\" \/>\n<meta property=\"og:image\" content=\"https:\/\/eg-reeds.com\/wp-content\/uploads\/2018\/11\/EG-REEDS-Oboe-reeds-shop-scaled.jpg\" \/>\n\t<meta property=\"og:image:width\" content=\"2560\" \/>\n\t<meta property=\"og:image:height\" content=\"1010\" \/>\n\t<meta property=\"og:image:type\" content=\"image\/jpeg\" \/>\n<meta name=\"twitter:card\" content=\"summary_large_image\" \/>\n<meta name=\"twitter:site\" content=\"@egreeds\" \/>\n<meta name=\"twitter:label1\" content=\"Gesch\u00e4tzte Lesezeit\" \/>\n\t<meta name=\"twitter:data1\" content=\"2\u00a0Minuten\" \/>\n<script type=\"application\/ld+json\" class=\"yoast-schema-graph\">{\"@context\":\"https:\\\/\\\/schema.org\",\"@graph\":[{\"@type\":\"WebPage\",\"@id\":\"https:\\\/\\\/eg-reeds.com\\\/de\\\/versandkosten-und-lieferzeit\\\/\",\"url\":\"https:\\\/\\\/eg-reeds.com\\\/de\\\/versandkosten-und-lieferzeit\\\/\",\"name\":\"Versandkosten und Lieferzeit - EG-REEDS\",\"isPartOf\":{\"@id\":\"https:\\\/\\\/eg-reeds.com\\\/de\\\/#website\"},\"datePublished\":\"2015-05-13T11:07:26+00:00\",\"dateModified\":\"2026-04-10T08:52:50+00:00\",\"description\":\"Versandkosten und Lieferzeit\",\"breadcrumb\":{\"@id\":\"https:\\\/\\\/eg-reeds.com\\\/de\\\/versandkosten-und-lieferzeit\\\/#breadcrumb\"},\"inLanguage\":\"de\",\"potentialAction\":[{\"@type\":\"ReadAction\",\"target\":[\"https:\\\/\\\/eg-reeds.com\\\/de\\\/versandkosten-und-lieferzeit\\\/\"]}]},{\"@type\":\"BreadcrumbList\",\"@id\":\"https:\\\/\\\/eg-reeds.com\\\/de\\\/versandkosten-und-lieferzeit\\\/#breadcrumb\",\"itemListElement\":[{\"@type\":\"ListItem\",\"position\":1,\"name\":\"Startseite\",\"item\":\"https:\\\/\\\/eg-reeds.com\\\/de\\\/\"},{\"@type\":\"ListItem\",\"position\":2,\"name\":\"Versandkosten und Lieferzeit\"}]},{\"@type\":\"WebSite\",\"@id\":\"https:\\\/\\\/eg-reeds.com\\\/de\\\/#website\",\"url\":\"https:\\\/\\\/eg-reeds.com\\\/de\\\/\",\"name\":\"www.eg-reeds.com\",\"description\":\"Rohre f\u00fcr Oboe\",\"publisher\":{\"@id\":\"https:\\\/\\\/eg-reeds.com\\\/de\\\/#organization\"},\"alternateName\":\"eg-reeds.com\",\"potentialAction\":[{\"@type\":\"SearchAction\",\"target\":{\"@type\":\"EntryPoint\",\"urlTemplate\":\"https:\\\/\\\/eg-reeds.com\\\/de\\\/?s={search_term_string}\"},\"query-input\":{\"@type\":\"PropertyValueSpecification\",\"valueRequired\":true,\"valueName\":\"search_term_string\"}}],\"inLanguage\":\"de\"},{\"@type\":\"Organization\",\"@id\":\"https:\\\/\\\/eg-reeds.com\\\/de\\\/#organization\",\"name\":\"www.eg-reeds.com\",\"url\":\"https:\\\/\\\/eg-reeds.com\\\/de\\\/\",\"logo\":{\"@type\":\"ImageObject\",\"inLanguage\":\"de\",\"@id\":\"https:\\\/\\\/eg-reeds.com\\\/de\\\/#\\\/schema\\\/logo\\\/image\\\/\",\"url\":\"https:\\\/\\\/eg-reeds.com\\\/wp-content\\\/uploads\\\/2024\\\/06\\\/Logo-scaled-e1718793906611.jpg\",\"contentUrl\":\"https:\\\/\\\/eg-reeds.com\\\/wp-content\\\/uploads\\\/2024\\\/06\\\/Logo-scaled-e1718793906611.jpg\",\"width\":1200,\"height\":493,\"caption\":\"www.eg-reeds.com\"},\"image\":{\"@id\":\"https:\\\/\\\/eg-reeds.com\\\/de\\\/#\\\/schema\\\/logo\\\/image\\\/\"},\"sameAs\":[\"https:\\\/\\\/www.facebook.com\\\/EGREEDS\",\"https:\\\/\\\/x.com\\\/egreeds\",\"https:\\\/\\\/www.instagram.com\\\/egreeds\\\/\",\"https:\\\/\\\/www.youtube.com\\\/c\\\/EGREEDS\",\"https:\\\/\\\/www.threads.net\\\/@egreeds\",\"https:\\\/\\\/www.tiktok.com\\\/@egreeds\"]}]}<\/script>\n<!-- \/ Yoast SEO Premium plugin. -->","yoast_head_json":{"title":"Versandkosten und Lieferzeit - EG-REEDS","description":"Versandkosten und Lieferzeit","robots":{"index":"index","follow":"follow","max-snippet":"max-snippet:-1","max-image-preview":"max-image-preview:large","max-video-preview":"max-video-preview:-1"},"canonical":"https:\/\/eg-reeds.com\/de\/versandkosten-und-lieferzeit\/","og_locale":"de_DE","og_type":"article","og_title":"Versandkosten und Lieferzeit","og_description":"Versandkosten und Lieferzeit","og_url":"https:\/\/eg-reeds.com\/de\/versandkosten-und-lieferzeit\/","og_site_name":"EG-REEDS","article_publisher":"https:\/\/www.facebook.com\/EGREEDS","article_modified_time":"2026-04-10T08:52:50+00:00","og_image":[{"width":2560,"height":1010,"url":"https:\/\/eg-reeds.com\/wp-content\/uploads\/2018\/11\/EG-REEDS-Oboe-reeds-shop-scaled.jpg","type":"image\/jpeg"}],"twitter_card":"summary_large_image","twitter_site":"@egreeds","twitter_misc":{"Gesch\u00e4tzte Lesezeit":"2\u00a0Minuten"},"schema":{"@context":"https:\/\/schema.org","@graph":[{"@type":"WebPage","@id":"https:\/\/eg-reeds.com\/de\/versandkosten-und-lieferzeit\/","url":"https:\/\/eg-reeds.com\/de\/versandkosten-und-lieferzeit\/","name":"Versandkosten und Lieferzeit - EG-REEDS","isPartOf":{"@id":"https:\/\/eg-reeds.com\/de\/#website"},"datePublished":"2015-05-13T11:07:26+00:00","dateModified":"2026-04-10T08:52:50+00:00","description":"Versandkosten und Lieferzeit","breadcrumb":{"@id":"https:\/\/eg-reeds.com\/de\/versandkosten-und-lieferzeit\/#breadcrumb"},"inLanguage":"de","potentialAction":[{"@type":"ReadAction","target":["https:\/\/eg-reeds.com\/de\/versandkosten-und-lieferzeit\/"]}]},{"@type":"BreadcrumbList","@id":"https:\/\/eg-reeds.com\/de\/versandkosten-und-lieferzeit\/#breadcrumb","itemListElement":[{"@type":"ListItem","position":1,"name":"Startseite","item":"https:\/\/eg-reeds.com\/de\/"},{"@type":"ListItem","position":2,"name":"Versandkosten und Lieferzeit"}]},{"@type":"WebSite","@id":"https:\/\/eg-reeds.com\/de\/#website","url":"https:\/\/eg-reeds.com\/de\/","name":"www.eg-reeds.com","description":"Rohre f\u00fcr Oboe","publisher":{"@id":"https:\/\/eg-reeds.com\/de\/#organization"},"alternateName":"eg-reeds.com","potentialAction":[{"@type":"SearchAction","target":{"@type":"EntryPoint","urlTemplate":"https:\/\/eg-reeds.com\/de\/?s={search_term_string}"},"query-input":{"@type":"PropertyValueSpecification","valueRequired":true,"valueName":"search_term_string"}}],"inLanguage":"de"},{"@type":"Organization","@id":"https:\/\/eg-reeds.com\/de\/#organization","name":"www.eg-reeds.com","url":"https:\/\/eg-reeds.com\/de\/","logo":{"@type":"ImageObject","inLanguage":"de","@id":"https:\/\/eg-reeds.com\/de\/#\/schema\/logo\/image\/","url":"https:\/\/eg-reeds.com\/wp-content\/uploads\/2024\/06\/Logo-scaled-e1718793906611.jpg","contentUrl":"https:\/\/eg-reeds.com\/wp-content\/uploads\/2024\/06\/Logo-scaled-e1718793906611.jpg","width":1200,"height":493,"caption":"www.eg-reeds.com"},"image":{"@id":"https:\/\/eg-reeds.com\/de\/#\/schema\/logo\/image\/"},"sameAs":["https:\/\/www.facebook.com\/EGREEDS","https:\/\/x.com\/egreeds","https:\/\/www.instagram.com\/egreeds\/","https:\/\/www.youtube.com\/c\/EGREEDS","https:\/\/www.threads.net\/@egreeds","https:\/\/www.tiktok.com\/@egreeds"]}]}},"_links":{"self":[{"href":"https:\/\/eg-reeds.com\/de\/wp-json\/wp\/v2\/pages\/4171","targetHints":{"allow":["GET"]}}],"collection":[{"href":"https:\/\/eg-reeds.com\/de\/wp-json\/wp\/v2\/pages"}],"about":[{"href":"https:\/\/eg-reeds.com\/de\/wp-json\/wp\/v2\/types\/page"}],"author":[{"embeddable":true,"href":"https:\/\/eg-reeds.com\/de\/wp-json\/wp\/v2\/users\/1"}],"replies":[{"embeddable":true,"href":"https:\/\/eg-reeds.com\/de\/wp-json\/wp\/v2\/comments?post=4171"}],"version-history":[{"count":1,"href":"https:\/\/eg-reeds.com\/de\/wp-json\/wp\/v2\/pages\/4171\/revisions"}],"predecessor-version":[{"id":60809,"href":"https:\/\/eg-reeds.com\/de\/wp-json\/wp\/v2\/pages\/4171\/revisions\/60809"}],"wp:attachment":[{"href":"https:\/\/eg-reeds.com\/de\/wp-json\/wp\/v2\/media?parent=4171"}],"curies":[{"name":"wp","href":"https:\/\/api.w.org\/{rel}","templated":true}]}}