{"id":4190,"date":"2015-05-13T12:27:16","date_gmt":"2015-05-13T11:27:16","guid":{"rendered":"http:\/\/eg-reeds.com\/?page_id=4190"},"modified":"2026-03-25T08:33:00","modified_gmt":"2026-03-25T07:33:00","slug":"allgemeine-geschaftsbedingungen","status":"publish","type":"page","link":"https:\/\/eg-reeds.com\/de\/allgemeine-geschaftsbedingungen\/","title":{"rendered":"Allgemeine Gesch\u00e4ftsbedingungen"},"content":{"rendered":"<h1 style=\"text-align: justify;\"><strong>Allgemeine Gesch\u00e4ftsbedingungen<\/strong><\/h1>\n<p style=\"text-align: justify;\">Letzte Aktualisierung: Januar 2026.<\/p>\n<p style=\"text-align: justify;\">Bitte lesen Sie diese Allgemeinen Gesch\u00e4ftsbedingungen sorgf\u00e4ltig, bevor Sie die www.eg-reeds.com Website (der &#8222;Service&#8220;) von EG-REEDSbetrieben (&#8222;uns&#8220;, &#8222;wir&#8220; oder &#8222;uns&#8220;).<\/p>\n<p style=\"text-align: justify;\">Ihr Zugang zu und die Nutzung des Service auf Ihrer Annahme und Einhaltung dieser Bedingungen konditioniert. Diese Bedingungen gelten f\u00fcr alle Besucher, Benutzer und andere, die Zugang oder die Nutzung des Service, sogar f\u00fcr Benutzer, die Bestellungen per Telefon, E-Mail oder auf andere Weise als \u00fcber das Internet aufgeben.<\/p>\n<p style=\"text-align: justify;\">Durch den Zugriff auf den Service erkl\u00e4ren Sie sich mit diesen Regelungen einverstanden. Wenn Sie mit irgendeinem Teil der Bedingungen nicht einverstanden sind, dann k\u00f6nnen Sie nicht auf den Dienst.<\/p>\n\t<div id=\"gap-1956308375\" class=\"gap-element clearfix\" style=\"display:block; height:auto;\">\n\t\t\n<style>\n#gap-1956308375 {\n  padding-top: 30px;\n}\n<\/style>\n\t<\/div>\n\t\n<p><strong>Datenschutzerkl\u00e4rung und Cookies<\/strong><\/p>\n<p>Sie k\u00f6nnen unsere Datenschutzerkl\u00e4rung und Cookies <strong><a href=\"https:\/\/eg-reeds.com\/de\/datenschutz-und-cookies\/\" target=\"_blank\" rel=\"noopener noreferrer\">hier<\/a> <\/strong>einsehen.<\/p>\n\t<div id=\"gap-1250853521\" class=\"gap-element clearfix\" style=\"display:block; height:auto;\">\n\t\t\n<style>\n#gap-1250853521 {\n  padding-top: 30px;\n}\n<\/style>\n\t<\/div>\n\t\n\t<div id=\"gap-898825956\" class=\"gap-element clearfix\" style=\"display:block; height:auto;\">\n\t\t\n<style>\n#gap-898825956 {\n  padding-top: 30px;\n}\n<\/style>\n\t<\/div>\n\t\n<h2 style=\"text-align: justify;\"><strong>Online-Shop Allgemeine Gesch\u00e4ftsbedingungen | www.eg-reeds.com<\/strong><\/h2>\n<p style=\"text-align: justify;\">Durch die Annahme unserer Nutzungsbedingungen erkl\u00e4ren Sie, dass Sie in Ihrem Staat oder Provinz des Wohnsitzes mindestens das Vollj\u00e4hrigkeitsalter, oder dass Sie das Alter der Vollj\u00e4hrigkeit in Ihrem Staat oder Provinz des Wohnsitzes sind und uns Ihre Zustimmung an Sie gegeben haben zulassen, dass minderj\u00e4hrigen Angeh\u00f6rigen zur Nutzung dieser Website.<\/p>\n<p style=\"text-align: justify;\">Es ist Ihnen nicht unsere Produkte f\u00fcr illegale oder nicht autorisierte Zwecke noch d\u00fcrfen Sie, bei der Nutzung des Service, in Ihrer Gerichtsbarkeit (einschlie\u00dflich, aber nicht beschr\u00e4nkt auf das Urheberrecht) verletzen keine Gesetze.<\/p>\n<p style=\"text-align: justify;\">Sie m\u00fcssen keine W\u00fcrmer oder Viren oder Codes zerst\u00f6rerischer Natur \u00fcbertragen.<\/p>\n<p style=\"text-align: justify;\">Eine Verletzung oder Verletzung einer der Bedingungen wird in einer fristlosen K\u00fcndigung Ihres Dienstleistungen f\u00fchren.<\/p>\n<p>&nbsp;<\/p>\n<p style=\"text-align: justify;\"><strong>Verfahren und Zahlungsweise<\/strong><\/p>\n<p style=\"text-align: justify;\">Um eine Bestellung aufzugeben, m\u00fcssen Sie dem Online-Kaufverfahren folgen. Sobald die Bestellung abgeschlossen ist, erhalten Sie eine automatische E-Mail mit Ihrer Bestellung. Die Bestellung wird erst best\u00e4tigt, wenn wir die Zahlung ordnungsgem\u00e4\u00df erhalten haben und eine E-Mail der Bearbeitungsreihenfolge senden. Wenn die Bestellung verschickt wird, senden wir Ihnen eine weitere E-Mail mit der Tracking-Nummer und Rechnung.<\/p>\n<p style=\"text-align: justify;\">Alle Auftr\u00e4ge unterliegen der Verf\u00fcgbarkeit der Produkte. Wenn es keine Einzelteile auf Lager gibt, erstatten wir das Geld zur\u00fcck.<\/p>\n<p style=\"text-align: justify;\"><strong>Die Preise<\/strong> auf der Website enthalten die gesetzliche Mehrwertsteuer. Bei der Eingabe des Landes auf der Warenkorb- oder Kassenseite wird der Mehrwertsteuersatz an das Lieferland angepasst, und Sie k\u00f6nnen auch die Versandkosten und\/oder zus\u00e4tzlichen Geb\u00fchren sehen.<\/p>\n<p><strong>Die auf der Website ver\u00f6ffentlichten Preise<\/strong> werden jedes Jahr in der ersten Januarwoche entsprechend der Entwicklung des spanischen Verbraucherpreisindex (VPI) angepasst.<\/p>\n<p style=\"text-align: justify;\">Versandkosten sowie Herstellungs- und Lieferzeit finden Sie <a href=\"https:\/\/eg-reeds.com\/de\/versandkosten-und-lieferzeit\/\" target=\"_blank\" rel=\"noopener noreferrer\">hier<\/a>.<\/p>\n<p>Die Lieferzeiten h\u00e4ngen vom Versanddienstleister ab und sind unverbindlich; Verz\u00f6gerungen k\u00f6nnen auftreten. Eine Garantie f\u00fcr Lieferzeiten kann nicht \u00fcbernommen werden. F\u00fcr L\u00e4nder au\u00dferhalb der Europ\u00e4ischen Union kann sich die Lieferzeit aufgrund von Zollabfertigungen verl\u00e4ngern. Etwaige Z\u00f6lle, Steuern oder zus\u00e4tzliche Geb\u00fchren gehen zu Lasten des Empf\u00e4ngers. Bitte wenden Sie sich f\u00fcr weitere Informationen an Ihr zust\u00e4ndiges Zollamt.<\/p>\n<p>Fotos der Produkte sind k\u00fcnstlerisch. Es ist nur das im Titel beschriebene Produkt enthalten, nicht anderes Zubeh\u00f6r, das auf den Fotos angezeigt wird. Artikel werden immer in einer Einheit verkauft, sofern in der Beschreibung nichts anderes angegeben ist.<\/p>\n<p style=\"text-align: justify;\">Sie k\u00f6nnen die folgenden Zahlungsmethoden verwenden: Bank\u00fcberweisung, Kredit- oder Debitkarten wie Visa, Mastercard oder American Express und Paypal. Au\u00dferdem Bizum f\u00fcr Spanien, Alipay f\u00fcr China und Ideal in den Niederlanden. F\u00fcr einige Zahlungsmethoden fallen m\u00f6glicherweise zus\u00e4tzliche Geb\u00fchren an. Bitte \u00fcberpr\u00fcfen Sie den Gesamtpreis Ihrer Bestellung auf der Seite \u201eKasse\u201c.<\/p>\n<p>&nbsp;<\/p>\n<p style=\"text-align: justify;\"><strong>Genauigkeit der Abrechnung und Kontoinformationen<\/strong><\/p>\n<p style=\"text-align: justify;\">Wir behalten uns das Recht vor, um Sie mit uns vergeben zu verweigern. Wir k\u00f6nnen in unserem alleinigen Ermessen zu begrenzen oder zu k\u00fcndigen, pro Person gekauften Mengen, pro Haushalt oder pro Bestellung. Diese Einschr\u00e4nkungen k\u00f6nnen Bestellungen durch oder unter der gleichen Kundenkontos gesetzt, die Kreditkarte vor, und \/ oder Bestellungen, die den gleichen Rechnungs- und \/ oder Lieferadresse verwenden, enthalten. In dem Fall, dass wir eine Ver\u00e4nderung zu machen oder eine Bestellung zu stornieren, k\u00f6nnen wir versuchen, Sie durch Kontaktaufnahme mit dem E-Mail und \/ oder Rechnungsadresse \/ Telefonnummer zum Zeitpunkt der Bestellung wurden bereitgestellt informieren.<\/p>\n<p style=\"text-align: justify;\">Sie erkl\u00e4ren sich damit einverstanden, aktuelle, vollst\u00e4ndige und genaue Kauf- und Kontoinformationen f\u00fcr alle bei uns get\u00e4tigten Eink\u00e4ufe zur Verf\u00fcgung zu stellen, damit wir Ihre Transaktionen abschlie\u00dfen und bei Bedarf kontaktieren k\u00f6nnen.<\/p>\n<p>&nbsp;<\/p>\n<p style=\"text-align: justify;\"><strong>\u00c4nderungen an der Service und die Preise<\/strong><\/p>\n<p style=\"text-align: justify;\">Die Preise f\u00fcr unsere Produkte k\u00f6nnen sich ohne vorherige Ank\u00fcndigung \u00e4ndern.<\/p>\n<p style=\"text-align: justify;\">Wir behalten uns vor, jederzeit ohne vorherige Ank\u00fcndigung jederzeit zu \u00e4ndern oder einzustellen, den Service (oder einen Teil oder Inhalte davon).<\/p>\n<p style=\"text-align: justify;\">Wenn wir einen Fehler in der Preis der bestellten Produkte zu entdecken, werden wir Sie so bald wie m\u00f6glich informieren. Wir bieten Ihnen die M\u00f6glichkeit, erneute Best\u00e4tigung Ihrer Bestellung zum korrekten Preis oder zu stornieren. Wenn wir nicht in der Lage, Sie zu kontaktieren wir den Auftrag zu behandeln, als aufgehoben. Wenn Sie stornieren und haben sich bereits f\u00fcr die Ware bezahlt werden Sie eine volle R\u00fcckerstattung.<\/p>\n<p>&nbsp;<\/p>\n<p style=\"text-align: justify;\"><strong>Retouren<\/strong><\/p>\n<p style=\"text-align: justify;\">Wir ersetzen nur Gegenst\u00e4nde, wenn sie fehlerhaft sind oder fehlerhafte Produkte versendet wurden. Um ein Produkt zur\u00fcckzugeben, muss es unbenutzt und in seiner Originalverpackung sein, ohne dass das Siegel gebrochen oder manipuliert wird. Wenn Sie ein Element \u00e4ndern m\u00fcssen, m\u00fcssen Sie zun\u00e4chst eine E-Mail an <strong>info@eg-reeds.com<\/strong> senden. Der Artikel wird per Einschreiben und immer nach unserer Best\u00e4tigung per E-Mail zur\u00fcckgeschickt. Die Frist betr\u00e4gt 7 Tage ab Ablieferung der Bestellung. Wir k\u00f6nnen Ihnen einen Gutschein anbieten oder das Produkt f\u00fcr ein neues Produkt \u00e4ndern. Wir erstatten das Geld nicht zur\u00fcck.<\/p>\n<p style=\"text-align: justify;\">EG-REEDS haftet nicht f\u00fcr Verluste oder Sch\u00e4den am Produkt w\u00e4hrend des Transports. Sollte das Paket defekt oder besch\u00e4digt sein, so ist dies auf dem Lieferschein des Frachtf\u00fchrers zu vermerken. Wenn das Produkt gebrochen oder besch\u00e4digt kommt, treten Sie mit uns durch eMail innerhalb 48 Stunden in Verbindung und schicken Sie uns die Fotos, auf diese Weise k\u00f6nnen wir den Anspruch an das Transportunternehmen bilden. Sollte das Produkt nicht angekommen sein, kontaktieren Sie uns bitte schnellstm\u00f6glich. Die maximale Reklamationsfrist betr\u00e4gt 7 Tage nach Ablauf der Versandfrist.<\/p>\n<p style=\"text-align: justify;\">Die Versandzeiten h\u00e4ngen vom Correos \/ UPS-Service ab (es kann zu Verz\u00f6gerungen kommen). Wir k\u00f6nnen keine Lieferzeit garantieren und werden aus diesem Grund auch nicht zur\u00fcckgenommen.<\/p>\n<p><strong>Wird die Sendung zur\u00fcckgesendet<\/strong> durch das Transportunternehmen aufgrund einer falschen Adresse, weil der Empf\u00e4nger sie nicht rechtzeitig abholt, wegen Nichtzahlung von Zollgeb\u00fchren oder aus einem anderen vom Kunden zu vertretenden Grund, muss der Kunde <strong>die R\u00fccksendekosten sowie die erneuten Versandkosten<\/strong> f\u00fcr den erneuten Versand der Bestellung tragen.<\/p>\n\t<div id=\"gap-1532444671\" class=\"gap-element clearfix\" style=\"display:block; height:auto;\">\n\t\t\n<style>\n#gap-1532444671 {\n  padding-top: 30px;\n}\n<\/style>\n\t<\/div>\n\t\n<p style=\"text-align: justify;\"><strong>Stornierungen<\/strong><\/p>\n<p style=\"text-align: justify;\">Stornierungen sind nur vor der Verarbeitung der Bestellung m\u00f6glich. Wir werden kein Geld zur\u00fcckerstatten. Wir bieten Ihnen einen Gutschein f\u00fcr EG-REEDS f\u00fcr den gleichen Betrag wie die Produkte Ihrer Bestellung.<\/p>\n<p>&nbsp;<\/p>\n<p style=\"text-align: justify;\"><strong>Buchhaltung<\/strong><\/p>\n<p style=\"text-align: justify;\">Wenn Sie ein Konto mit uns erstellen, m\u00fcssen Sie true Informationen angeben. Andernfalls besteht eine Verletzung der Bedingungen, die zur sofortigen K\u00fcndigung Ihres Kontos in unserem Dienst f\u00fchren kann.<\/p>\n<p style=\"text-align: justify;\">Sie sind f\u00fcr das Sichern des Kennwortes, das Sie f\u00fcr den Zugriff auf den Dienst verwenden, sowie f\u00fcr alle Aktivit\u00e4ten oder Aktionen unter Ihrem Kennwort verantwortlich. Sie verpflichten sich, Ihr Passwort nicht an Dritte weiterzugeben. Sie m\u00fcssen uns unverz\u00fcglich benachrichtigen, nachdem Sie Kenntnis von einer Verletzung der Sicherheit oder unberechtigter Nutzung Ihres Kontos erhalten haben.<\/p>\n<p style=\"text-align: justify;\">Durch die Registrierung der Benutzer autorisierten uns zu kommerziellen Kommunikationen zu senden.<\/p>\n<p>&nbsp;<\/p>\n<p style=\"text-align: justify;\"><strong>Copyright<\/strong><\/p>\n<p style=\"text-align: justify;\">Der gesamte Inhalt dieser Website ist Eigentum von EG-REEDS. Die Vervielf\u00e4ltigung, Reproduktion, Weiterverbreitung oder Ver\u00f6ffentlichung eines Teils dieser Website und ihres Inhalts ist verboten, soweit nicht ausdr\u00fccklich schriftlich von EG-REEDS genehmigt.<\/p>\n<p>&nbsp;<\/p>\n<p style=\"text-align: justify;\"><strong style=\"font-size: 14.4px;\">Links zu anderen Websites und Kommentare<\/strong><\/p>\n<p style=\"text-align: justify;\">EG-REEDS hat Links zu anderen Seiten, die unserer Meinung nach n\u00fctzliche Informationen \/ Tools f\u00fcr unsere Besucher enthalten k\u00f6nnen. Unsere Datenschutzrichtlinien gelten nicht f\u00fcr Websites von Drittanbietern. Wenn Sie also andere Websites besuchen, sollten Sie die Datenschutzbestimmungen lesen. Wir sind nicht f\u00fcr die Datenschutzpraktiken oder Inhalte, die auf diesen Seiten vorhanden sind, verantwortlich.<\/p>\n<p style=\"text-align: justify;\">Die Besucher unserer Website k\u00f6nnen Kommentare und Kommentare hinterlassen. EG-REEDS ist nicht verantwortlich und \u00fcbernimmt keinerlei Verantwortung f\u00fcr Inhalte von Besuchern oder Dritten.<\/p>\n<p>&nbsp;<\/p>\n<p style=\"text-align: justify;\"><strong>K\u00fcndigung<\/strong><\/p>\n<p style=\"text-align: justify;\">Wir k\u00f6nnen sofort Zugang zu unserem Service k\u00fcndigen oder auszusetzen, ohne Ank\u00fcndigung oder Haftung, aus irgendeinem Grund, einschlie\u00dflich, ohne Einschr\u00e4nkung, wenn Sie die Bedingungen nicht erf\u00fcllen.<\/p>\n<p style=\"text-align: justify;\">Alle Bestimmungen der Begriffe, die ihrer Natur nach Beendigung \u00fcberleben sollte Beendigung \u00fcberleben werden, einschlie\u00dflich, ohne Einschr\u00e4nkung, Eigentumsbestimmungen, Haftungsausschl\u00fcsse , Haftungs und Haftungsbeschr\u00e4nkungen .<\/p>\n<p style=\"text-align: justify;\">Wir k\u00f6nnen Ihr Konto sofort, ohne vorherige Ank\u00fcndigung oder Haftung, aus irgendeinem Grund, einschlie\u00dflich, ohne Einschr\u00e4nkung aufheben oder aussetzen, wenn Sie die Bedingungen nicht erf\u00fcllen.<\/p>\n<p style=\"text-align: justify;\">Nach der K\u00fcndigung der rechten Seite den Dienst sofort nicht mehr zu verwenden. Wenn Sie Ihr Konto l\u00f6schen m\u00f6chten, k\u00f6nnen Sie einfach aufh\u00f6ren mit dem Service.<\/p>\n<p>&nbsp;<\/p>\n<p style=\"text-align: justify;\"><strong>Gesetzgebung<\/strong><\/p>\n<p style=\"text-align: justify;\">Diese Bedingungen richten sich nach den in Portugal geltenden Gesetzen ohne R\u00fccksicht auf ihre Kollisionsnormen.<\/p>\n<p style=\"text-align: justify;\">Unsere Unf\u00e4higkeit, ein Recht oder eine Bestimmung dieser Bedingungen durchzusetzen, gilt nicht als Verzicht auf diese Rechte. Sollte eine Bestimmung dieser Bestimmungen durch ein Gericht als ung\u00fcltig oder undurchsetzbar angesehen werden, so bleiben die \u00fcbrigen Bestimmungen dieser Bedingungen unber\u00fchrt. Diese Allgemeinen Gesch\u00e4ftsbedingungen stellen die gesamte Vereinbarung zwischen uns in Bezug auf unsere Dienstleistung dar und ersetzen und ersetzen alle vorherigen Vereinbarungen, die wir im Zusammenhang mit der Leistung haben.<\/p>\n<p>&nbsp;<\/p>\n<p style=\"text-align: justify;\"><strong>\u00c4nderungen der Bedingungen<\/strong><\/p>\n<p style=\"text-align: justify;\">Wir behalten uns das Recht vor, diese Bedingungen nach unserem Ermessen jederzeit zu \u00e4ndern oder zu ersetzen. F\u00fcr Korrekturen dieser Bedingungen werden wir uns bem\u00fchen, uns mindestens 30 Tage im Voraus mitzuteilen, bevor die neuen Bestimmungen wirksam werden. Was eine wesentliche \u00c4nderung darstellt, wird nach unserem Ermessen bestimmt.<\/p>\n<p style=\"text-align: justify;\">Indem Sie unseren Service nach Revisionen der Nutzungsbedingungen weiterhin nutzen oder nutzen, erkl\u00e4ren Sie sich einverstanden, an die neuen \u00fcberarbeiteten Bedingungen gebunden zu sein. Wenn Sie die neuen Bedingungen nicht akzeptieren, stoppen Sie bitte, den Service zu verwenden.<\/p>\n<p style=\"text-align: justify;\">F\u00fcr alle Probleme bei der \u00dcbersetzung der Allgemeinen Gesch\u00e4ftsbedingungen gilt nur die spanische Version.<\/p>\n<p>&nbsp;<\/p>\n<p style=\"text-align: justify;\"><strong>Kontaktiere uns<\/strong><\/p>\n<p style=\"text-align: justify;\">Wenn Sie irgendwelche Fragen \u00fcber diese Ausdr\u00fccke haben, treten Sie mit uns bitte in Verbindung.<\/p>\n","protected":false},"excerpt":{"rendered":"<p>Allgemeine Gesch\u00e4ftsbedingungen Letzte Aktualisierung: Januar 2026. Bitte lesen Sie diese Allgemeinen Gesch\u00e4ftsbedingungen sorgf\u00e4ltig, bevor Sie die www.eg-reeds.com Website (der &#8222;Service&#8220;) von EG-REEDSbetrieben (&#8222;uns&#8220;, &#8222;wir&#8220; oder &#8222;uns&#8220;). Ihr Zugang zu und die Nutzung des Service auf Ihrer Annahme und Einhaltung dieser Bedingungen konditioniert. Diese Bedingungen gelten f\u00fcr alle Besucher, Benutzer und andere, die Zugang oder die [&#8230;]\n","protected":false},"author":1,"featured_media":0,"parent":0,"menu_order":0,"comment_status":"closed","ping_status":"closed","template":"","meta":{"footnotes":""},"class_list":["post-4190","page","type-page","status-publish","hentry"],"yoast_head":"<!-- This site is optimized with the Yoast SEO Premium plugin v27.0 (Yoast SEO v27.3) - https:\/\/yoast.com\/product\/yoast-seo-premium-wordpress\/ -->\n<title>Allgemeine Gesch\u00e4ftsbedingungen - EG-REEDS<\/title>\n<meta name=\"description\" content=\"Allgemeine Gesch\u00e4ftsbedingungen EG-REEDS\" \/>\n<meta name=\"robots\" content=\"index, follow, max-snippet:-1, max-image-preview:large, max-video-preview:-1\" \/>\n<link rel=\"canonical\" href=\"https:\/\/eg-reeds.com\/de\/allgemeine-geschaftsbedingungen\/\" \/>\n<meta property=\"og:locale\" content=\"de_DE\" \/>\n<meta property=\"og:type\" content=\"article\" \/>\n<meta property=\"og:title\" content=\"Allgemeine Gesch\u00e4ftsbedingungen\" \/>\n<meta property=\"og:description\" content=\"Allgemeine Gesch\u00e4ftsbedingungen EG-REEDS\" \/>\n<meta property=\"og:url\" content=\"https:\/\/eg-reeds.com\/de\/allgemeine-geschaftsbedingungen\/\" \/>\n<meta property=\"og:site_name\" content=\"EG-REEDS\" \/>\n<meta property=\"article:publisher\" content=\"https:\/\/www.facebook.com\/EGREEDS\" \/>\n<meta property=\"article:modified_time\" content=\"2026-03-25T07:33:00+00:00\" \/>\n<meta property=\"og:image\" content=\"https:\/\/eg-reeds.com\/wp-content\/uploads\/2018\/11\/EG-REEDS-Oboe-reeds-shop-scaled.jpg\" \/>\n\t<meta property=\"og:image:width\" content=\"2560\" \/>\n\t<meta property=\"og:image:height\" content=\"1010\" \/>\n\t<meta property=\"og:image:type\" content=\"image\/jpeg\" \/>\n<meta name=\"twitter:card\" content=\"summary_large_image\" \/>\n<meta name=\"twitter:site\" content=\"@egreeds\" \/>\n<meta name=\"twitter:label1\" content=\"Gesch\u00e4tzte Lesezeit\" \/>\n\t<meta name=\"twitter:data1\" content=\"9\u00a0Minuten\" \/>\n<script type=\"application\/ld+json\" class=\"yoast-schema-graph\">{\"@context\":\"https:\\\/\\\/schema.org\",\"@graph\":[{\"@type\":\"WebPage\",\"@id\":\"https:\\\/\\\/eg-reeds.com\\\/de\\\/allgemeine-geschaftsbedingungen\\\/\",\"url\":\"https:\\\/\\\/eg-reeds.com\\\/de\\\/allgemeine-geschaftsbedingungen\\\/\",\"name\":\"Allgemeine Gesch\u00e4ftsbedingungen - EG-REEDS\",\"isPartOf\":{\"@id\":\"https:\\\/\\\/eg-reeds.com\\\/de\\\/#website\"},\"datePublished\":\"2015-05-13T11:27:16+00:00\",\"dateModified\":\"2026-03-25T07:33:00+00:00\",\"description\":\"Allgemeine Gesch\u00e4ftsbedingungen EG-REEDS\",\"breadcrumb\":{\"@id\":\"https:\\\/\\\/eg-reeds.com\\\/de\\\/allgemeine-geschaftsbedingungen\\\/#breadcrumb\"},\"inLanguage\":\"de\",\"potentialAction\":[{\"@type\":\"ReadAction\",\"target\":[\"https:\\\/\\\/eg-reeds.com\\\/de\\\/allgemeine-geschaftsbedingungen\\\/\"]}]},{\"@type\":\"BreadcrumbList\",\"@id\":\"https:\\\/\\\/eg-reeds.com\\\/de\\\/allgemeine-geschaftsbedingungen\\\/#breadcrumb\",\"itemListElement\":[{\"@type\":\"ListItem\",\"position\":1,\"name\":\"Startseite\",\"item\":\"https:\\\/\\\/eg-reeds.com\\\/de\\\/\"},{\"@type\":\"ListItem\",\"position\":2,\"name\":\"Allgemeine Gesch\u00e4ftsbedingungen\"}]},{\"@type\":\"WebSite\",\"@id\":\"https:\\\/\\\/eg-reeds.com\\\/de\\\/#website\",\"url\":\"https:\\\/\\\/eg-reeds.com\\\/de\\\/\",\"name\":\"www.eg-reeds.com\",\"description\":\"Rohre f\u00fcr Oboe\",\"publisher\":{\"@id\":\"https:\\\/\\\/eg-reeds.com\\\/de\\\/#organization\"},\"alternateName\":\"eg-reeds.com\",\"potentialAction\":[{\"@type\":\"SearchAction\",\"target\":{\"@type\":\"EntryPoint\",\"urlTemplate\":\"https:\\\/\\\/eg-reeds.com\\\/de\\\/?s={search_term_string}\"},\"query-input\":{\"@type\":\"PropertyValueSpecification\",\"valueRequired\":true,\"valueName\":\"search_term_string\"}}],\"inLanguage\":\"de\"},{\"@type\":\"Organization\",\"@id\":\"https:\\\/\\\/eg-reeds.com\\\/de\\\/#organization\",\"name\":\"www.eg-reeds.com\",\"url\":\"https:\\\/\\\/eg-reeds.com\\\/de\\\/\",\"logo\":{\"@type\":\"ImageObject\",\"inLanguage\":\"de\",\"@id\":\"https:\\\/\\\/eg-reeds.com\\\/de\\\/#\\\/schema\\\/logo\\\/image\\\/\",\"url\":\"https:\\\/\\\/eg-reeds.com\\\/wp-content\\\/uploads\\\/2024\\\/06\\\/Logo-scaled-e1718793906611.jpg\",\"contentUrl\":\"https:\\\/\\\/eg-reeds.com\\\/wp-content\\\/uploads\\\/2024\\\/06\\\/Logo-scaled-e1718793906611.jpg\",\"width\":1200,\"height\":493,\"caption\":\"www.eg-reeds.com\"},\"image\":{\"@id\":\"https:\\\/\\\/eg-reeds.com\\\/de\\\/#\\\/schema\\\/logo\\\/image\\\/\"},\"sameAs\":[\"https:\\\/\\\/www.facebook.com\\\/EGREEDS\",\"https:\\\/\\\/x.com\\\/egreeds\",\"https:\\\/\\\/www.instagram.com\\\/egreeds\\\/\",\"https:\\\/\\\/www.youtube.com\\\/c\\\/EGREEDS\",\"https:\\\/\\\/www.threads.net\\\/@egreeds\",\"https:\\\/\\\/www.tiktok.com\\\/@egreeds\"]}]}<\/script>\n<!-- \/ Yoast SEO Premium plugin. -->","yoast_head_json":{"title":"Allgemeine Gesch\u00e4ftsbedingungen - EG-REEDS","description":"Allgemeine Gesch\u00e4ftsbedingungen EG-REEDS","robots":{"index":"index","follow":"follow","max-snippet":"max-snippet:-1","max-image-preview":"max-image-preview:large","max-video-preview":"max-video-preview:-1"},"canonical":"https:\/\/eg-reeds.com\/de\/allgemeine-geschaftsbedingungen\/","og_locale":"de_DE","og_type":"article","og_title":"Allgemeine Gesch\u00e4ftsbedingungen","og_description":"Allgemeine Gesch\u00e4ftsbedingungen EG-REEDS","og_url":"https:\/\/eg-reeds.com\/de\/allgemeine-geschaftsbedingungen\/","og_site_name":"EG-REEDS","article_publisher":"https:\/\/www.facebook.com\/EGREEDS","article_modified_time":"2026-03-25T07:33:00+00:00","og_image":[{"width":2560,"height":1010,"url":"https:\/\/eg-reeds.com\/wp-content\/uploads\/2018\/11\/EG-REEDS-Oboe-reeds-shop-scaled.jpg","type":"image\/jpeg"}],"twitter_card":"summary_large_image","twitter_site":"@egreeds","twitter_misc":{"Gesch\u00e4tzte Lesezeit":"9\u00a0Minuten"},"schema":{"@context":"https:\/\/schema.org","@graph":[{"@type":"WebPage","@id":"https:\/\/eg-reeds.com\/de\/allgemeine-geschaftsbedingungen\/","url":"https:\/\/eg-reeds.com\/de\/allgemeine-geschaftsbedingungen\/","name":"Allgemeine Gesch\u00e4ftsbedingungen - EG-REEDS","isPartOf":{"@id":"https:\/\/eg-reeds.com\/de\/#website"},"datePublished":"2015-05-13T11:27:16+00:00","dateModified":"2026-03-25T07:33:00+00:00","description":"Allgemeine Gesch\u00e4ftsbedingungen EG-REEDS","breadcrumb":{"@id":"https:\/\/eg-reeds.com\/de\/allgemeine-geschaftsbedingungen\/#breadcrumb"},"inLanguage":"de","potentialAction":[{"@type":"ReadAction","target":["https:\/\/eg-reeds.com\/de\/allgemeine-geschaftsbedingungen\/"]}]},{"@type":"BreadcrumbList","@id":"https:\/\/eg-reeds.com\/de\/allgemeine-geschaftsbedingungen\/#breadcrumb","itemListElement":[{"@type":"ListItem","position":1,"name":"Startseite","item":"https:\/\/eg-reeds.com\/de\/"},{"@type":"ListItem","position":2,"name":"Allgemeine Gesch\u00e4ftsbedingungen"}]},{"@type":"WebSite","@id":"https:\/\/eg-reeds.com\/de\/#website","url":"https:\/\/eg-reeds.com\/de\/","name":"www.eg-reeds.com","description":"Rohre f\u00fcr Oboe","publisher":{"@id":"https:\/\/eg-reeds.com\/de\/#organization"},"alternateName":"eg-reeds.com","potentialAction":[{"@type":"SearchAction","target":{"@type":"EntryPoint","urlTemplate":"https:\/\/eg-reeds.com\/de\/?s={search_term_string}"},"query-input":{"@type":"PropertyValueSpecification","valueRequired":true,"valueName":"search_term_string"}}],"inLanguage":"de"},{"@type":"Organization","@id":"https:\/\/eg-reeds.com\/de\/#organization","name":"www.eg-reeds.com","url":"https:\/\/eg-reeds.com\/de\/","logo":{"@type":"ImageObject","inLanguage":"de","@id":"https:\/\/eg-reeds.com\/de\/#\/schema\/logo\/image\/","url":"https:\/\/eg-reeds.com\/wp-content\/uploads\/2024\/06\/Logo-scaled-e1718793906611.jpg","contentUrl":"https:\/\/eg-reeds.com\/wp-content\/uploads\/2024\/06\/Logo-scaled-e1718793906611.jpg","width":1200,"height":493,"caption":"www.eg-reeds.com"},"image":{"@id":"https:\/\/eg-reeds.com\/de\/#\/schema\/logo\/image\/"},"sameAs":["https:\/\/www.facebook.com\/EGREEDS","https:\/\/x.com\/egreeds","https:\/\/www.instagram.com\/egreeds\/","https:\/\/www.youtube.com\/c\/EGREEDS","https:\/\/www.threads.net\/@egreeds","https:\/\/www.tiktok.com\/@egreeds"]}]}},"_links":{"self":[{"href":"https:\/\/eg-reeds.com\/de\/wp-json\/wp\/v2\/pages\/4190","targetHints":{"allow":["GET"]}}],"collection":[{"href":"https:\/\/eg-reeds.com\/de\/wp-json\/wp\/v2\/pages"}],"about":[{"href":"https:\/\/eg-reeds.com\/de\/wp-json\/wp\/v2\/types\/page"}],"author":[{"embeddable":true,"href":"https:\/\/eg-reeds.com\/de\/wp-json\/wp\/v2\/users\/1"}],"replies":[{"embeddable":true,"href":"https:\/\/eg-reeds.com\/de\/wp-json\/wp\/v2\/comments?post=4190"}],"version-history":[{"count":0,"href":"https:\/\/eg-reeds.com\/de\/wp-json\/wp\/v2\/pages\/4190\/revisions"}],"wp:attachment":[{"href":"https:\/\/eg-reeds.com\/de\/wp-json\/wp\/v2\/media?parent=4190"}],"curies":[{"name":"wp","href":"https:\/\/api.w.org\/{rel}","templated":true}]}}