{"id":4413,"date":"2015-05-26T11:23:46","date_gmt":"2015-05-26T10:23:46","guid":{"rendered":"http:\/\/eg-reeds.com\/?page_id=4413"},"modified":"2024-10-31T09:58:17","modified_gmt":"2024-10-31T08:58:17","slug":"k-ge-offizielle-technischer-service","status":"publish","type":"page","link":"https:\/\/eg-reeds.com\/de\/k-ge-offizielle-technischer-service\/","title":{"rendered":"K.GE Offizielle technischer Service"},"content":{"rendered":"<h1>K.GE Offizielle technischer Service<\/h1>\n<p>Offizielle technischen Service von K.GE.<\/p>\n<p><strong>Nur f\u00fcr Maschinen, die auf <a href=\"http:\/\/eg-reeds.com\" target=\"_blank\" rel=\"noopener\">www.eg-reeds.com<\/a> gekauft wurden.<\/strong><\/p>\n<div>Um uns zu kontaktieren, schreiben Sie uns bitte an <a href=\"mailto:info@eg-reeds.com\" target=\"_blank\" rel=\"noopener\">info@eg-reeds.com<\/a><\/div>\n<div><\/div>\n<div>Wenn Sie Klingen oder andere Ersatzteile kaufen oder Videos \u00fcber die Maschine ansehen m\u00f6chten, k\u00f6nnen Sie dies hier unten tun.<\/div>\n\t<div id=\"gap-966236108\" class=\"gap-element clearfix\" style=\"display:block; height:auto;\">\n\t\t\n<style>\n#gap-966236108 {\n  padding-top: 30px;\n}\n<\/style>\n\t<\/div>\n\t\n<div class=\"row\"  id=\"row-1153208445\">\n\n\t<div id=\"col-221867509\" class=\"col medium-6 small-12 large-6\"  >\n\t\t\t\t<div class=\"col-inner\"  >\n\t\t\t\n\t\t\t\n\n  <div class=\"banner has-hover bg-zoom\" id=\"banner-506444798\">\n          <div class=\"banner-inner fill\">\n        <div class=\"banner-bg fill\" >\n                                                \n                    <\/div>\n\t\t\n        <div class=\"banner-layers container\">\n            <a class=\"fill\" href=\"https:\/\/eg-reeds.com\/de\/produkt-kategorie\/zubehoer\/k-ge-ersatzteile-fuer-aussenhobelmaschine\/\"><div class=\"fill banner-link\"><\/div><\/a>            \n   <div id=\"text-box-1382874049\" class=\"text-box banner-layer x50 md-x50 lg-x50 y50 md-y50 lg-y50 res-text\">\n                                <div class=\"text-box-content text dark\">\n              \n              <div class=\"text-inner text-center\">\n                  \n<h2 style=\"text-align: left;\"><\/h2>\n<h2><a href=\"https:\/\/eg-reeds.com\/de\/produkt-kategorie\/zubehoer\/k-ge-ersatzteile-fuer-aussenhobelmaschine\" target=\"_blank\" rel=\"noopener\">K.GE ERSATZTEILE<\/a><\/h2>\n<h2 style=\"text-align: left;\"><\/h2>\n<div class=\"is-divider divider clearfix\" ><\/div>\n              <\/div>\n           <\/div>\n                            \n<style>\n#text-box-1382874049 {\n  width: 60%;\n}\n#text-box-1382874049 .text-box-content {\n  font-size: 100%;\n}\n@media (min-width:550px) {\n  #text-box-1382874049 {\n    width: 60%;\n  }\n}\n<\/style>\n    <\/div>\n \n        <\/div>\n      <\/div>\n\n            \n<style>\n#banner-506444798 {\n  padding-top: 140px;\n}\n<\/style>\n  <\/div>\n\n\n\t\t<\/div>\n\t\t\t\t\t<\/div>\n\n\t\n\n\t<div id=\"col-49770160\" class=\"col medium-6 small-12 large-6\"  >\n\t\t\t\t<div class=\"col-inner\"  >\n\t\t\t\n\t\t\t\n\n  <div class=\"banner has-hover bg-zoom\" id=\"banner-159562849\">\n          <div class=\"banner-inner fill\">\n        <div class=\"banner-bg fill\" >\n                                                \n                    <\/div>\n\t\t\n        <div class=\"banner-layers container\">\n            <a class=\"fill\" href=\"https:\/\/eg-reeds.com\/de\/videos-offizielle-technischer\/\"><div class=\"fill banner-link\"><\/div><\/a>            \n   <div id=\"text-box-782041016\" class=\"text-box banner-layer x10 md-x10 lg-x10 y50 md-y50 lg-y50 res-text\">\n                                <div class=\"text-box-content text dark\">\n              \n              <div class=\"text-inner text-center\">\n                  \n<h6 style=\"text-align: left;\"><\/h6>\n<h2><a href=\"https:\/\/eg-reeds.com\/de\/videos-offizielle-technischer\/\" target=\"_blank\" rel=\"noopener\">VIDEOANLEITUNGEN<\/a><\/h2>\n<h2 style=\"text-align: left;\"><\/h2>\n<div class=\"is-divider divider clearfix\" ><\/div>\n              <\/div>\n           <\/div>\n                            \n<style>\n#text-box-782041016 {\n  width: 60%;\n}\n#text-box-782041016 .text-box-content {\n  font-size: 100%;\n}\n@media (min-width:550px) {\n  #text-box-782041016 {\n    width: 60%;\n  }\n}\n<\/style>\n    <\/div>\n \n        <\/div>\n      <\/div>\n\n            \n<style>\n#banner-159562849 {\n  padding-top: 140px;\n}\n<\/style>\n  <\/div>\n\n\n\t\t<\/div>\n\t\t\t\t\t<\/div>\n\n\t\n<\/div>\n","protected":false},"excerpt":{"rendered":"<p>K.GE Offizielle technischer Service Offizielle technischen Service von K.GE. Nur f\u00fcr Maschinen, die auf www.eg-reeds.com gekauft wurden. Um uns zu kontaktieren, schreiben Sie uns bitte an info@eg-reeds.com Wenn Sie Klingen oder andere Ersatzteile kaufen oder Videos \u00fcber die Maschine ansehen m\u00f6chten, k\u00f6nnen Sie dies hier unten tun.<\/p>\n","protected":false},"author":1,"featured_media":0,"parent":0,"menu_order":0,"comment_status":"closed","ping_status":"closed","template":"","meta":{"footnotes":""},"class_list":["post-4413","page","type-page","status-publish","hentry"],"yoast_head":"<!-- This site is optimized with the Yoast SEO Premium plugin v27.0 (Yoast SEO v27.2) - https:\/\/yoast.com\/product\/yoast-seo-premium-wordpress\/ -->\n<title>K.GE Offizielle technischer Service - EG-REEDS<\/title>\n<meta name=\"description\" content=\"Offizielle technischen Service von K.GE f\u00fcr\u00a0Spanien\u00a0und\u00a0Portugal.Um uns zu kontaktieren, schreiben Sie uns bitte an info@eg-reeds.com\" \/>\n<meta name=\"robots\" content=\"index, follow, max-snippet:-1, max-image-preview:large, max-video-preview:-1\" \/>\n<link rel=\"canonical\" href=\"https:\/\/eg-reeds.com\/de\/k-ge-offizielle-technischer-service\/\" \/>\n<meta property=\"og:locale\" content=\"de_DE\" \/>\n<meta property=\"og:type\" content=\"article\" \/>\n<meta property=\"og:title\" content=\"K.GE Offizielle technischer Service\" \/>\n<meta property=\"og:description\" content=\"Offizielle technischen Service von K.GE f\u00fcr\u00a0Spanien\u00a0und\u00a0Portugal.Um uns zu kontaktieren, schreiben Sie uns bitte an info@eg-reeds.com\" \/>\n<meta property=\"og:url\" content=\"https:\/\/eg-reeds.com\/de\/k-ge-offizielle-technischer-service\/\" \/>\n<meta property=\"og:site_name\" content=\"EG-REEDS\" \/>\n<meta property=\"article:publisher\" content=\"https:\/\/www.facebook.com\/EGREEDS\" \/>\n<meta property=\"article:modified_time\" content=\"2024-10-31T08:58:17+00:00\" \/>\n<meta property=\"og:image\" content=\"https:\/\/eg-reeds.com\/wp-content\/uploads\/2018\/11\/EG-REEDS-Oboe-reeds-shop-scaled.jpg\" \/>\n\t<meta property=\"og:image:width\" content=\"2560\" \/>\n\t<meta property=\"og:image:height\" content=\"1010\" \/>\n\t<meta property=\"og:image:type\" content=\"image\/jpeg\" \/>\n<meta name=\"twitter:card\" content=\"summary_large_image\" \/>\n<meta name=\"twitter:site\" content=\"@egreeds\" \/>\n<meta name=\"twitter:label1\" content=\"Gesch\u00e4tzte Lesezeit\" \/>\n\t<meta name=\"twitter:data1\" content=\"1\u00a0Minute\" \/>\n<script type=\"application\/ld+json\" class=\"yoast-schema-graph\">{\"@context\":\"https:\/\/schema.org\",\"@graph\":[{\"@type\":\"WebPage\",\"@id\":\"https:\/\/eg-reeds.com\/de\/k-ge-offizielle-technischer-service\/\",\"url\":\"https:\/\/eg-reeds.com\/de\/k-ge-offizielle-technischer-service\/\",\"name\":\"K.GE Offizielle technischer Service - EG-REEDS\",\"isPartOf\":{\"@id\":\"https:\/\/eg-reeds.com\/de\/#website\"},\"datePublished\":\"2015-05-26T10:23:46+00:00\",\"dateModified\":\"2024-10-31T08:58:17+00:00\",\"description\":\"Offizielle technischen Service von K.GE f\u00fcr\u00a0Spanien\u00a0und\u00a0Portugal.Um uns zu kontaktieren, schreiben Sie uns bitte an info@eg-reeds.com\",\"breadcrumb\":{\"@id\":\"https:\/\/eg-reeds.com\/de\/k-ge-offizielle-technischer-service\/#breadcrumb\"},\"inLanguage\":\"de\",\"potentialAction\":[{\"@type\":\"ReadAction\",\"target\":[\"https:\/\/eg-reeds.com\/de\/k-ge-offizielle-technischer-service\/\"]}]},{\"@type\":\"BreadcrumbList\",\"@id\":\"https:\/\/eg-reeds.com\/de\/k-ge-offizielle-technischer-service\/#breadcrumb\",\"itemListElement\":[{\"@type\":\"ListItem\",\"position\":1,\"name\":\"Startseite\",\"item\":\"https:\/\/eg-reeds.com\/de\/\"},{\"@type\":\"ListItem\",\"position\":2,\"name\":\"K.GE Offizielle technischer Service\"}]},{\"@type\":\"WebSite\",\"@id\":\"https:\/\/eg-reeds.com\/de\/#website\",\"url\":\"https:\/\/eg-reeds.com\/de\/\",\"name\":\"www.eg-reeds.com\",\"description\":\"Rohre f\u00fcr Oboe\",\"publisher\":{\"@id\":\"https:\/\/eg-reeds.com\/de\/#organization\"},\"alternateName\":\"eg-reeds.com\",\"potentialAction\":[{\"@type\":\"SearchAction\",\"target\":{\"@type\":\"EntryPoint\",\"urlTemplate\":\"https:\/\/eg-reeds.com\/de\/?s={search_term_string}\"},\"query-input\":{\"@type\":\"PropertyValueSpecification\",\"valueRequired\":true,\"valueName\":\"search_term_string\"}}],\"inLanguage\":\"de\"},{\"@type\":\"Organization\",\"@id\":\"https:\/\/eg-reeds.com\/de\/#organization\",\"name\":\"www.eg-reeds.com\",\"url\":\"https:\/\/eg-reeds.com\/de\/\",\"logo\":{\"@type\":\"ImageObject\",\"inLanguage\":\"de\",\"@id\":\"https:\/\/eg-reeds.com\/de\/#\/schema\/logo\/image\/\",\"url\":\"https:\/\/eg-reeds.com\/wp-content\/uploads\/2024\/06\/Logo-scaled-e1718793906611.jpg\",\"contentUrl\":\"https:\/\/eg-reeds.com\/wp-content\/uploads\/2024\/06\/Logo-scaled-e1718793906611.jpg\",\"width\":1200,\"height\":493,\"caption\":\"www.eg-reeds.com\"},\"image\":{\"@id\":\"https:\/\/eg-reeds.com\/de\/#\/schema\/logo\/image\/\"},\"sameAs\":[\"https:\/\/www.facebook.com\/EGREEDS\",\"https:\/\/x.com\/egreeds\",\"https:\/\/www.instagram.com\/egreeds\/\",\"https:\/\/www.youtube.com\/c\/EGREEDS\",\"https:\/\/www.threads.net\/@egreeds\",\"https:\/\/www.tiktok.com\/@egreeds\"]}]}<\/script>\n<!-- \/ Yoast SEO Premium plugin. -->","yoast_head_json":{"title":"K.GE Offizielle technischer Service - EG-REEDS","description":"Offizielle technischen Service von K.GE f\u00fcr\u00a0Spanien\u00a0und\u00a0Portugal.Um uns zu kontaktieren, schreiben Sie uns bitte an info@eg-reeds.com","robots":{"index":"index","follow":"follow","max-snippet":"max-snippet:-1","max-image-preview":"max-image-preview:large","max-video-preview":"max-video-preview:-1"},"canonical":"https:\/\/eg-reeds.com\/de\/k-ge-offizielle-technischer-service\/","og_locale":"de_DE","og_type":"article","og_title":"K.GE Offizielle technischer Service","og_description":"Offizielle technischen Service von K.GE f\u00fcr\u00a0Spanien\u00a0und\u00a0Portugal.Um uns zu kontaktieren, schreiben Sie uns bitte an info@eg-reeds.com","og_url":"https:\/\/eg-reeds.com\/de\/k-ge-offizielle-technischer-service\/","og_site_name":"EG-REEDS","article_publisher":"https:\/\/www.facebook.com\/EGREEDS","article_modified_time":"2024-10-31T08:58:17+00:00","og_image":[{"width":2560,"height":1010,"url":"https:\/\/eg-reeds.com\/wp-content\/uploads\/2018\/11\/EG-REEDS-Oboe-reeds-shop-scaled.jpg","type":"image\/jpeg"}],"twitter_card":"summary_large_image","twitter_site":"@egreeds","twitter_misc":{"Gesch\u00e4tzte Lesezeit":"1\u00a0Minute"},"schema":{"@context":"https:\/\/schema.org","@graph":[{"@type":"WebPage","@id":"https:\/\/eg-reeds.com\/de\/k-ge-offizielle-technischer-service\/","url":"https:\/\/eg-reeds.com\/de\/k-ge-offizielle-technischer-service\/","name":"K.GE Offizielle technischer Service - EG-REEDS","isPartOf":{"@id":"https:\/\/eg-reeds.com\/de\/#website"},"datePublished":"2015-05-26T10:23:46+00:00","dateModified":"2024-10-31T08:58:17+00:00","description":"Offizielle technischen Service von K.GE f\u00fcr\u00a0Spanien\u00a0und\u00a0Portugal.Um uns zu kontaktieren, schreiben Sie uns bitte an info@eg-reeds.com","breadcrumb":{"@id":"https:\/\/eg-reeds.com\/de\/k-ge-offizielle-technischer-service\/#breadcrumb"},"inLanguage":"de","potentialAction":[{"@type":"ReadAction","target":["https:\/\/eg-reeds.com\/de\/k-ge-offizielle-technischer-service\/"]}]},{"@type":"BreadcrumbList","@id":"https:\/\/eg-reeds.com\/de\/k-ge-offizielle-technischer-service\/#breadcrumb","itemListElement":[{"@type":"ListItem","position":1,"name":"Startseite","item":"https:\/\/eg-reeds.com\/de\/"},{"@type":"ListItem","position":2,"name":"K.GE Offizielle technischer Service"}]},{"@type":"WebSite","@id":"https:\/\/eg-reeds.com\/de\/#website","url":"https:\/\/eg-reeds.com\/de\/","name":"www.eg-reeds.com","description":"Rohre f\u00fcr Oboe","publisher":{"@id":"https:\/\/eg-reeds.com\/de\/#organization"},"alternateName":"eg-reeds.com","potentialAction":[{"@type":"SearchAction","target":{"@type":"EntryPoint","urlTemplate":"https:\/\/eg-reeds.com\/de\/?s={search_term_string}"},"query-input":{"@type":"PropertyValueSpecification","valueRequired":true,"valueName":"search_term_string"}}],"inLanguage":"de"},{"@type":"Organization","@id":"https:\/\/eg-reeds.com\/de\/#organization","name":"www.eg-reeds.com","url":"https:\/\/eg-reeds.com\/de\/","logo":{"@type":"ImageObject","inLanguage":"de","@id":"https:\/\/eg-reeds.com\/de\/#\/schema\/logo\/image\/","url":"https:\/\/eg-reeds.com\/wp-content\/uploads\/2024\/06\/Logo-scaled-e1718793906611.jpg","contentUrl":"https:\/\/eg-reeds.com\/wp-content\/uploads\/2024\/06\/Logo-scaled-e1718793906611.jpg","width":1200,"height":493,"caption":"www.eg-reeds.com"},"image":{"@id":"https:\/\/eg-reeds.com\/de\/#\/schema\/logo\/image\/"},"sameAs":["https:\/\/www.facebook.com\/EGREEDS","https:\/\/x.com\/egreeds","https:\/\/www.instagram.com\/egreeds\/","https:\/\/www.youtube.com\/c\/EGREEDS","https:\/\/www.threads.net\/@egreeds","https:\/\/www.tiktok.com\/@egreeds"]}]}},"_links":{"self":[{"href":"https:\/\/eg-reeds.com\/de\/wp-json\/wp\/v2\/pages\/4413","targetHints":{"allow":["GET"]}}],"collection":[{"href":"https:\/\/eg-reeds.com\/de\/wp-json\/wp\/v2\/pages"}],"about":[{"href":"https:\/\/eg-reeds.com\/de\/wp-json\/wp\/v2\/types\/page"}],"author":[{"embeddable":true,"href":"https:\/\/eg-reeds.com\/de\/wp-json\/wp\/v2\/users\/1"}],"replies":[{"embeddable":true,"href":"https:\/\/eg-reeds.com\/de\/wp-json\/wp\/v2\/comments?post=4413"}],"version-history":[{"count":0,"href":"https:\/\/eg-reeds.com\/de\/wp-json\/wp\/v2\/pages\/4413\/revisions"}],"wp:attachment":[{"href":"https:\/\/eg-reeds.com\/de\/wp-json\/wp\/v2\/media?parent=4413"}],"curies":[{"name":"wp","href":"https:\/\/api.w.org\/{rel}","templated":true}]}}