{"id":14596,"date":"2015-09-16T11:26:04","date_gmt":"2015-09-16T09:26:04","guid":{"rendered":"http:\/\/eg-reeds.com\/shop\/uncategorized\/messer-chiarugi\/"},"modified":"2025-11-24T10:11:05","modified_gmt":"2025-11-24T09:11:05","slug":"messer-chiarugi","status":"publish","type":"product","link":"https:\/\/eg-reeds.com\/de\/shop\/zubehoer\/messer\/messer-chiarugi\/","title":{"rendered":"Messer Chiarugi"},"content":{"rendered":"<h1><strong>Messer Chiarugi.<\/strong><\/h1>\n<p>Messer Chiarugi.<\/p>\n<p>Die Farbe des Griffs kann je nach Holz variieren.<\/p>\n<p>&nbsp;<\/p>\n<h2><strong>F\u00e4ngst du an, deine eigenen Oboenrohre zu schaben?<\/strong><\/h2>\n<p>Dann brauchst du ein Messer, das dir den Einstieg vom ersten Tag an erleichtert.<\/p>\n<p>Das <strong>Messer Chiarugi<\/strong> ist perfekt f\u00fcr Anf\u00e4nger: Holzgriff, Stahlklinge und eine scharfe Schneide.<\/p>\n<p>Keine Umst\u00e4nde und keine gro\u00dfen Ausgaben. Genau das, was du brauchst, um sofort Freude am Rohrbau zu haben.<\/p>\n<p>\ud83d\udc49 Ideal f\u00fcr Studierende, neugierige Oboistinnen und Oboisten oder alle, die ihre ersten Schritte im Rohrbau machen.<\/p>\n<p>&nbsp;<\/p>\n<h3 data-start=\"64\" data-end=\"107\"><strong>FAQ zum Messer Chiarugi.<\/strong><\/h3>\n<p data-start=\"109\" data-end=\"258\"><strong data-start=\"109\" data-end=\"166\">Ist das Messer Chiarugi gut f\u00fcr Anf\u00e4nger geeignet?<\/strong><br data-start=\"166\" data-end=\"169\" \/>Ja. Es ist leicht zu kontrollieren, liegt stabil in der Hand und ist ideal f\u00fcr die ersten Schritte im Rohrbau.<\/p>\n<p data-start=\"260\" data-end=\"371\"><strong data-start=\"260\" data-end=\"291\">Variiert die Farbe des Griffs?<\/strong><br data-start=\"291\" data-end=\"294\" \/>Ja. Der Holzgriff kann je nach verwendetem St\u00fcck in der Farbe variieren.<\/p>\n<p data-start=\"448\" data-end=\"550\"><strong data-start=\"448\" data-end=\"478\">Woraus besteht die Klinge?<\/strong><br data-start=\"478\" data-end=\"481\" \/>Sie besteht aus haltbarem Stahl und ist f\u00fcr sauberes und pr\u00e4zises Schaben ausgelegt.<\/p>\n<p data-start=\"552\" data-end=\"679\"><strong data-start=\"552\" data-end=\"615\">Kann ich es f\u00fcr Oboe, Oboe d\u2019amore oder Englischhorn verwenden?<\/strong><br data-start=\"615\" data-end=\"618\" \/>Ja. Es eignet sich f\u00fcr alle g\u00e4ngigen Doppelrohre der Oboenfamilie.<\/p>\n<p data-start=\"681\" data-end=\"794\"><strong data-start=\"681\" data-end=\"713\">Ist es f\u00fcr Studierende geeignet?<\/strong><br data-start=\"713\" data-end=\"716\" \/>Absolut. Es ist eine hervorragende und preiswerte Option f\u00fcr Studierende und neugierige Oboisten.<\/p>\n<p data-start=\"796\" data-end=\"901\"><strong data-start=\"796\" data-end=\"830\">Welche Pflege ben\u00f6tigt es?<\/strong><br data-start=\"830\" data-end=\"833\" \/>Halte die Schneide durch regelm\u00e4\u00dfiges Sch\u00e4rfen in gutem Zustand und bewahre das Messer an einem trockenen Ort auf.<\/p>\n<p data-start=\"903\" data-end=\"1027\"><strong data-start=\"903\" data-end=\"937\">Warum das Messer Chiarugi w\u00e4hlen?<\/strong><br data-start=\"937\" data-end=\"940\" \/>Weil es Qualit\u00e4t, Einfachheit und ein hervorragendes Preis Leistungsverh\u00e4ltnis f\u00fcr alle bietet, die mit dem Rohrbau beginnen.<\/p>\n<p><iframe loading=\"lazy\" title=\"Navaja Chiarugi \/ Reed making knife Chiarugi.\" width=\"563\" height=\"1000\" src=\"https:\/\/www.youtube.com\/embed\/APKo_CiYv7I?feature=oembed\" frameborder=\"0\" allow=\"accelerometer; autoplay; clipboard-write; encrypted-media; gyroscope; picture-in-picture; web-share\" referrerpolicy=\"strict-origin-when-cross-origin\" allowfullscreen><\/iframe><\/p>\n","protected":false},"excerpt":{"rendered":"<p>Messer Chiarugi. Messer Chiarugi. Die Farbe des Griffs kann je nach Holz variieren. &nbsp; F\u00e4ngst du an, deine eigenen Oboenrohre zu schaben? Dann brauchst du ein Messer, das dir den Einstieg vom ersten Tag an erleichtert. Das Messer Chiarugi ist perfekt f\u00fcr Anf\u00e4nger: Holzgriff, Stahlklinge und eine scharfe Schneide. Keine Umst\u00e4nde und keine gro\u00dfen Ausgaben. [&#8230;]\n","protected":false},"featured_media":23448,"comment_status":"open","ping_status":"closed","template":"","meta":[],"product_brand":[],"product_cat":[1416,1485],"product_tag":[],"giftcard-category":[],"class_list":{"0":"post-14596","1":"product","2":"type-product","3":"status-publish","4":"has-post-thumbnail","6":"product_cat-zubehoer","7":"product_cat-messer","9":"first","10":"instock","11":"taxable","12":"shipping-taxable","13":"purchasable","14":"product-type-simple"},"yoast_head":"<!-- This site is optimized with the Yoast SEO Premium plugin v27.0 (Yoast SEO v27.4) - https:\/\/yoast.com\/product\/yoast-seo-premium-wordpress\/ -->\n<title>Messer Chiarugi - EG-REEDS<\/title>\n<meta name=\"description\" content=\"Dann brauchst du ein Messer, das dir den Einstieg vom ersten Tag an erleichtert. Das Messer Chiarugi ist perfekt f\u00fcr Anf\u00e4nger.\" \/>\n<meta name=\"robots\" content=\"index, follow, max-snippet:-1, max-image-preview:large, max-video-preview:-1\" \/>\n<link rel=\"canonical\" href=\"https:\/\/eg-reeds.com\/de\/shop\/zubehoer\/messer\/messer-chiarugi\/\" \/>\n<meta property=\"og:locale\" content=\"de_DE\" \/>\n<meta property=\"og:type\" content=\"article\" \/>\n<meta property=\"og:title\" content=\"Messer Chiarugi\" \/>\n<meta property=\"og:description\" content=\"Dann brauchst du ein Messer, das dir den Einstieg vom ersten Tag an erleichtert. Das Messer Chiarugi ist perfekt f\u00fcr Anf\u00e4nger.\" \/>\n<meta property=\"og:url\" content=\"https:\/\/eg-reeds.com\/de\/shop\/zubehoer\/messer\/messer-chiarugi\/\" \/>\n<meta property=\"og:site_name\" content=\"EG-REEDS\" \/>\n<meta property=\"article:publisher\" content=\"https:\/\/www.facebook.com\/EGREEDS\" \/>\n<meta property=\"article:modified_time\" content=\"2025-11-24T09:11:05+00:00\" \/>\n<meta property=\"og:image\" content=\"https:\/\/eg-reeds.com\/wp-content\/uploads\/2017\/01\/Reed-making-knife-Chiarugi.jpg\" \/>\n\t<meta property=\"og:image:width\" content=\"640\" \/>\n\t<meta property=\"og:image:height\" content=\"544\" \/>\n\t<meta property=\"og:image:type\" content=\"image\/jpeg\" \/>\n<meta name=\"twitter:card\" content=\"summary_large_image\" \/>\n<meta name=\"twitter:site\" content=\"@egreeds\" \/>\n<meta name=\"twitter:label1\" content=\"Preis\" \/>\n\t<meta name=\"twitter:data1\" content=\"19,50&euro;\" \/>\n\t<meta name=\"twitter:label2\" content=\"Verf\u00fcgbarkeit\" \/>\n\t<meta name=\"twitter:data2\" content=\"Auf Lager\" \/>\n<script type=\"application\/ld+json\" class=\"yoast-schema-graph\">{\"@context\":\"https:\\\/\\\/schema.org\",\"@graph\":[{\"@type\":[\"WebPage\",\"ItemPage\"],\"@id\":\"https:\\\/\\\/eg-reeds.com\\\/de\\\/shop\\\/zubehoer\\\/messer\\\/messer-chiarugi\\\/\",\"url\":\"https:\\\/\\\/eg-reeds.com\\\/de\\\/shop\\\/zubehoer\\\/messer\\\/messer-chiarugi\\\/\",\"name\":\"Messer Chiarugi - EG-REEDS\",\"isPartOf\":{\"@id\":\"https:\\\/\\\/eg-reeds.com\\\/de\\\/#website\"},\"primaryImageOfPage\":{\"@id\":\"https:\\\/\\\/eg-reeds.com\\\/de\\\/shop\\\/zubehoer\\\/messer\\\/messer-chiarugi\\\/#primaryimage\"},\"image\":{\"@id\":\"https:\\\/\\\/eg-reeds.com\\\/de\\\/shop\\\/zubehoer\\\/messer\\\/messer-chiarugi\\\/#primaryimage\"},\"thumbnailUrl\":\"https:\\\/\\\/eg-reeds.com\\\/wp-content\\\/uploads\\\/2017\\\/01\\\/Reed-making-knife-Chiarugi.jpg\",\"datePublished\":\"2015-09-16T09:26:04+00:00\",\"dateModified\":\"2025-11-24T09:11:05+00:00\",\"description\":\"Dann brauchst du ein Messer, das dir den Einstieg vom ersten Tag an erleichtert. Das Messer Chiarugi ist perfekt f\u00fcr Anf\u00e4nger.\",\"breadcrumb\":{\"@id\":\"https:\\\/\\\/eg-reeds.com\\\/de\\\/shop\\\/zubehoer\\\/messer\\\/messer-chiarugi\\\/#breadcrumb\"},\"inLanguage\":\"de\",\"potentialAction\":[{\"@type\":\"ReadAction\",\"target\":[\"https:\\\/\\\/eg-reeds.com\\\/de\\\/shop\\\/zubehoer\\\/messer\\\/messer-chiarugi\\\/\"]}]},{\"@type\":\"ImageObject\",\"inLanguage\":\"de\",\"@id\":\"https:\\\/\\\/eg-reeds.com\\\/de\\\/shop\\\/zubehoer\\\/messer\\\/messer-chiarugi\\\/#primaryimage\",\"url\":\"https:\\\/\\\/eg-reeds.com\\\/wp-content\\\/uploads\\\/2017\\\/01\\\/Reed-making-knife-Chiarugi.jpg\",\"contentUrl\":\"https:\\\/\\\/eg-reeds.com\\\/wp-content\\\/uploads\\\/2017\\\/01\\\/Reed-making-knife-Chiarugi.jpg\",\"width\":640,\"height\":544},{\"@type\":\"BreadcrumbList\",\"@id\":\"https:\\\/\\\/eg-reeds.com\\\/de\\\/shop\\\/zubehoer\\\/messer\\\/messer-chiarugi\\\/#breadcrumb\",\"itemListElement\":[{\"@type\":\"ListItem\",\"position\":1,\"name\":\"Startseite\",\"item\":\"https:\\\/\\\/eg-reeds.com\\\/de\\\/\"},{\"@type\":\"ListItem\",\"position\":2,\"name\":\"Shop\",\"item\":\"https:\\\/\\\/eg-reeds.com\\\/de\\\/\"},{\"@type\":\"ListItem\",\"position\":3,\"name\":\"Messer Chiarugi\"}]},{\"@type\":\"WebSite\",\"@id\":\"https:\\\/\\\/eg-reeds.com\\\/de\\\/#website\",\"url\":\"https:\\\/\\\/eg-reeds.com\\\/de\\\/\",\"name\":\"www.eg-reeds.com\",\"description\":\"Rohre f\u00fcr Oboe\",\"publisher\":{\"@id\":\"https:\\\/\\\/eg-reeds.com\\\/de\\\/#organization\"},\"alternateName\":\"eg-reeds.com\",\"potentialAction\":[{\"@type\":\"SearchAction\",\"target\":{\"@type\":\"EntryPoint\",\"urlTemplate\":\"https:\\\/\\\/eg-reeds.com\\\/de\\\/?s={search_term_string}\"},\"query-input\":{\"@type\":\"PropertyValueSpecification\",\"valueRequired\":true,\"valueName\":\"search_term_string\"}}],\"inLanguage\":\"de\"},{\"@type\":\"Organization\",\"@id\":\"https:\\\/\\\/eg-reeds.com\\\/de\\\/#organization\",\"name\":\"www.eg-reeds.com\",\"url\":\"https:\\\/\\\/eg-reeds.com\\\/de\\\/\",\"logo\":{\"@type\":\"ImageObject\",\"inLanguage\":\"de\",\"@id\":\"https:\\\/\\\/eg-reeds.com\\\/de\\\/#\\\/schema\\\/logo\\\/image\\\/\",\"url\":\"https:\\\/\\\/eg-reeds.com\\\/wp-content\\\/uploads\\\/2024\\\/06\\\/Logo-scaled-e1718793906611.jpg\",\"contentUrl\":\"https:\\\/\\\/eg-reeds.com\\\/wp-content\\\/uploads\\\/2024\\\/06\\\/Logo-scaled-e1718793906611.jpg\",\"width\":1200,\"height\":493,\"caption\":\"www.eg-reeds.com\"},\"image\":{\"@id\":\"https:\\\/\\\/eg-reeds.com\\\/de\\\/#\\\/schema\\\/logo\\\/image\\\/\"},\"sameAs\":[\"https:\\\/\\\/www.facebook.com\\\/EGREEDS\",\"https:\\\/\\\/x.com\\\/egreeds\",\"https:\\\/\\\/www.instagram.com\\\/egreeds\\\/\",\"https:\\\/\\\/www.youtube.com\\\/c\\\/EGREEDS\",\"https:\\\/\\\/www.threads.net\\\/@egreeds\",\"https:\\\/\\\/www.tiktok.com\\\/@egreeds\"]}]}<\/script>\n<meta property=\"product:price:amount\" content=\"19.50\" \/>\n<meta property=\"product:price:currency\" content=\"EUR\" \/>\n<meta property=\"og:availability\" content=\"instock\" \/>\n<meta property=\"product:availability\" content=\"instock\" \/>\n<meta property=\"product:retailer_item_id\" content=\"ACNN\" \/>\n<meta property=\"product:condition\" content=\"new\" \/>\n<!-- \/ Yoast SEO Premium plugin. -->","yoast_head_json":{"title":"Messer Chiarugi - EG-REEDS","description":"Dann brauchst du ein Messer, das dir den Einstieg vom ersten Tag an erleichtert. Das Messer Chiarugi ist perfekt f\u00fcr Anf\u00e4nger.","robots":{"index":"index","follow":"follow","max-snippet":"max-snippet:-1","max-image-preview":"max-image-preview:large","max-video-preview":"max-video-preview:-1"},"canonical":"https:\/\/eg-reeds.com\/de\/shop\/zubehoer\/messer\/messer-chiarugi\/","og_locale":"de_DE","og_type":"article","og_title":"Messer Chiarugi","og_description":"Dann brauchst du ein Messer, das dir den Einstieg vom ersten Tag an erleichtert. Das Messer Chiarugi ist perfekt f\u00fcr Anf\u00e4nger.","og_url":"https:\/\/eg-reeds.com\/de\/shop\/zubehoer\/messer\/messer-chiarugi\/","og_site_name":"EG-REEDS","article_publisher":"https:\/\/www.facebook.com\/EGREEDS","article_modified_time":"2025-11-24T09:11:05+00:00","og_image":[{"width":640,"height":544,"url":"https:\/\/eg-reeds.com\/wp-content\/uploads\/2017\/01\/Reed-making-knife-Chiarugi.jpg","type":"image\/jpeg"}],"twitter_card":"summary_large_image","twitter_site":"@egreeds","twitter_misc":{"Preis":"19,50&euro;","Verf\u00fcgbarkeit":"Auf Lager"},"schema":{"@context":"https:\/\/schema.org","@graph":[{"@type":["WebPage","ItemPage"],"@id":"https:\/\/eg-reeds.com\/de\/shop\/zubehoer\/messer\/messer-chiarugi\/","url":"https:\/\/eg-reeds.com\/de\/shop\/zubehoer\/messer\/messer-chiarugi\/","name":"Messer Chiarugi - EG-REEDS","isPartOf":{"@id":"https:\/\/eg-reeds.com\/de\/#website"},"primaryImageOfPage":{"@id":"https:\/\/eg-reeds.com\/de\/shop\/zubehoer\/messer\/messer-chiarugi\/#primaryimage"},"image":{"@id":"https:\/\/eg-reeds.com\/de\/shop\/zubehoer\/messer\/messer-chiarugi\/#primaryimage"},"thumbnailUrl":"https:\/\/eg-reeds.com\/wp-content\/uploads\/2017\/01\/Reed-making-knife-Chiarugi.jpg","datePublished":"2015-09-16T09:26:04+00:00","dateModified":"2025-11-24T09:11:05+00:00","description":"Dann brauchst du ein Messer, das dir den Einstieg vom ersten Tag an erleichtert. Das Messer Chiarugi ist perfekt f\u00fcr Anf\u00e4nger.","breadcrumb":{"@id":"https:\/\/eg-reeds.com\/de\/shop\/zubehoer\/messer\/messer-chiarugi\/#breadcrumb"},"inLanguage":"de","potentialAction":[{"@type":"ReadAction","target":["https:\/\/eg-reeds.com\/de\/shop\/zubehoer\/messer\/messer-chiarugi\/"]}]},{"@type":"ImageObject","inLanguage":"de","@id":"https:\/\/eg-reeds.com\/de\/shop\/zubehoer\/messer\/messer-chiarugi\/#primaryimage","url":"https:\/\/eg-reeds.com\/wp-content\/uploads\/2017\/01\/Reed-making-knife-Chiarugi.jpg","contentUrl":"https:\/\/eg-reeds.com\/wp-content\/uploads\/2017\/01\/Reed-making-knife-Chiarugi.jpg","width":640,"height":544},{"@type":"BreadcrumbList","@id":"https:\/\/eg-reeds.com\/de\/shop\/zubehoer\/messer\/messer-chiarugi\/#breadcrumb","itemListElement":[{"@type":"ListItem","position":1,"name":"Startseite","item":"https:\/\/eg-reeds.com\/de\/"},{"@type":"ListItem","position":2,"name":"Shop","item":"https:\/\/eg-reeds.com\/de\/"},{"@type":"ListItem","position":3,"name":"Messer Chiarugi"}]},{"@type":"WebSite","@id":"https:\/\/eg-reeds.com\/de\/#website","url":"https:\/\/eg-reeds.com\/de\/","name":"www.eg-reeds.com","description":"Rohre f\u00fcr Oboe","publisher":{"@id":"https:\/\/eg-reeds.com\/de\/#organization"},"alternateName":"eg-reeds.com","potentialAction":[{"@type":"SearchAction","target":{"@type":"EntryPoint","urlTemplate":"https:\/\/eg-reeds.com\/de\/?s={search_term_string}"},"query-input":{"@type":"PropertyValueSpecification","valueRequired":true,"valueName":"search_term_string"}}],"inLanguage":"de"},{"@type":"Organization","@id":"https:\/\/eg-reeds.com\/de\/#organization","name":"www.eg-reeds.com","url":"https:\/\/eg-reeds.com\/de\/","logo":{"@type":"ImageObject","inLanguage":"de","@id":"https:\/\/eg-reeds.com\/de\/#\/schema\/logo\/image\/","url":"https:\/\/eg-reeds.com\/wp-content\/uploads\/2024\/06\/Logo-scaled-e1718793906611.jpg","contentUrl":"https:\/\/eg-reeds.com\/wp-content\/uploads\/2024\/06\/Logo-scaled-e1718793906611.jpg","width":1200,"height":493,"caption":"www.eg-reeds.com"},"image":{"@id":"https:\/\/eg-reeds.com\/de\/#\/schema\/logo\/image\/"},"sameAs":["https:\/\/www.facebook.com\/EGREEDS","https:\/\/x.com\/egreeds","https:\/\/www.instagram.com\/egreeds\/","https:\/\/www.youtube.com\/c\/EGREEDS","https:\/\/www.threads.net\/@egreeds","https:\/\/www.tiktok.com\/@egreeds"]}]},"product_price_amount":"19.50","product_price_currency":"EUR","og_availability":"instock","product_availability":"instock","product_retailer_item_id":"ACNN","product_condition":"new"},"_links":{"self":[{"href":"https:\/\/eg-reeds.com\/de\/wp-json\/wp\/v2\/product\/14596","targetHints":{"allow":["GET"]}}],"collection":[{"href":"https:\/\/eg-reeds.com\/de\/wp-json\/wp\/v2\/product"}],"about":[{"href":"https:\/\/eg-reeds.com\/de\/wp-json\/wp\/v2\/types\/product"}],"replies":[{"embeddable":true,"href":"https:\/\/eg-reeds.com\/de\/wp-json\/wp\/v2\/comments?post=14596"}],"wp:featuredmedia":[{"embeddable":true,"href":"https:\/\/eg-reeds.com\/de\/wp-json\/wp\/v2\/media\/23448"}],"wp:attachment":[{"href":"https:\/\/eg-reeds.com\/de\/wp-json\/wp\/v2\/media?parent=14596"}],"wp:term":[{"taxonomy":"product_brand","embeddable":true,"href":"https:\/\/eg-reeds.com\/de\/wp-json\/wp\/v2\/product_brand?post=14596"},{"taxonomy":"product_cat","embeddable":true,"href":"https:\/\/eg-reeds.com\/de\/wp-json\/wp\/v2\/product_cat?post=14596"},{"taxonomy":"product_tag","embeddable":true,"href":"https:\/\/eg-reeds.com\/de\/wp-json\/wp\/v2\/product_tag?post=14596"},{"taxonomy":"giftcard-category","embeddable":true,"href":"https:\/\/eg-reeds.com\/de\/wp-json\/wp\/v2\/giftcard-category?post=14596"}],"curies":[{"name":"wp","href":"https:\/\/api.w.org\/{rel}","templated":true}]}}