{"id":21649,"date":"2017-01-18T14:21:45","date_gmt":"2017-01-18T14:21:45","guid":{"rendered":"http:\/\/eg-reeds.com\/de\/shop\/zubehoer-2\/k-ge-ersatzteile-fuer-aussenhobelmaschine\/messer-fuer-aussenhobelmaschine-k-ge-copy\/"},"modified":"2017-01-23T15:00:56","modified_gmt":"2017-01-23T15:00:56","slug":"schabezunge-fuer-aussenhobelmaschine-k-ge","status":"publish","type":"product","link":"https:\/\/eg-reeds.com\/de\/shop\/zubehoer\/k-ge-ersatzteile-fuer-aussenhobelmaschine\/schabezunge-fuer-aussenhobelmaschine-k-ge\/","title":{"rendered":"Schabezunge f\u00fcr Au\u00dfenhobelmaschine K.GE"},"content":{"rendered":"<h4><strong>Schabezunge f\u00fcr Au\u00dfenhobelmaschine K.GE.<\/strong><\/h4>\n","protected":false},"excerpt":{"rendered":"<p>Schabezunge f\u00fcr Au\u00dfenhobelmaschine K.GE.<\/p>\n","protected":false},"featured_media":21662,"comment_status":"open","ping_status":"closed","template":"","meta":[],"product_brand":[],"product_cat":[1416,449,1347],"product_tag":[],"giftcard-category":[],"class_list":{"0":"post-21649","1":"product","2":"type-product","3":"status-publish","4":"has-post-thumbnail","6":"product_cat-zubehoer","7":"product_cat-k-ge-ersatzteile-fuer-aussenhobelmaschine","8":"product_cat-k-ge-6","10":"first","11":"outofstock","12":"taxable","13":"shipping-taxable","14":"purchasable","15":"product-type-simple"},"yoast_head":"<!-- This site is optimized with the Yoast SEO Premium plugin v27.0 (Yoast SEO v27.4) - https:\/\/yoast.com\/product\/yoast-seo-premium-wordpress\/ -->\n<title>Schabezunge f\u00fcr Au\u00dfenhobelmaschine K.GE - EG-REEDS<\/title>\n<meta name=\"description\" content=\"Schabezunge KGE, Schabezunge f\u00fcr Au\u00dfenhobelmaschine K.GE, K.GE, KGE, KGE Messer\" \/>\n<meta name=\"robots\" content=\"index, follow, max-snippet:-1, max-image-preview:large, max-video-preview:-1\" \/>\n<link rel=\"canonical\" href=\"https:\/\/eg-reeds.com\/de\/shop\/zubehoer\/k-ge-ersatzteile-fuer-aussenhobelmaschine\/schabezunge-fuer-aussenhobelmaschine-k-ge\/\" \/>\n<meta property=\"og:locale\" content=\"de_DE\" \/>\n<meta property=\"og:type\" content=\"article\" \/>\n<meta property=\"og:title\" content=\"Schabezunge f\u00fcr Au\u00dfenhobelmaschine K.GE\" \/>\n<meta property=\"og:description\" content=\"Schabezunge KGE, Schabezunge f\u00fcr Au\u00dfenhobelmaschine K.GE, K.GE, KGE, KGE Messer\" \/>\n<meta property=\"og:url\" content=\"https:\/\/eg-reeds.com\/de\/shop\/zubehoer\/k-ge-ersatzteile-fuer-aussenhobelmaschine\/schabezunge-fuer-aussenhobelmaschine-k-ge\/\" \/>\n<meta property=\"og:site_name\" content=\"EG-REEDS\" \/>\n<meta property=\"article:publisher\" content=\"https:\/\/www.facebook.com\/EGREEDS\" \/>\n<meta property=\"article:modified_time\" content=\"2017-01-23T15:00:56+00:00\" \/>\n<meta property=\"og:image\" content=\"https:\/\/eg-reeds.com\/wp-content\/uploads\/2017\/01\/IMG_9380.jpg\" \/>\n\t<meta property=\"og:image:width\" content=\"1280\" \/>\n\t<meta property=\"og:image:height\" content=\"959\" \/>\n\t<meta property=\"og:image:type\" content=\"image\/jpeg\" \/>\n<meta name=\"twitter:card\" content=\"summary_large_image\" \/>\n<meta name=\"twitter:site\" content=\"@egreeds\" \/>\n<meta name=\"twitter:label1\" content=\"Preis\" \/>\n\t<meta name=\"twitter:data1\" content=\"490,00&euro;\" \/>\n\t<meta name=\"twitter:label2\" content=\"Verf\u00fcgbarkeit\" \/>\n\t<meta name=\"twitter:data2\" content=\"ausverkauft\" \/>\n<script type=\"application\/ld+json\" class=\"yoast-schema-graph\">{\"@context\":\"https:\\\/\\\/schema.org\",\"@graph\":[{\"@type\":[\"WebPage\",\"ItemPage\"],\"@id\":\"https:\\\/\\\/eg-reeds.com\\\/de\\\/shop\\\/zubehoer\\\/k-ge-ersatzteile-fuer-aussenhobelmaschine\\\/schabezunge-fuer-aussenhobelmaschine-k-ge\\\/\",\"url\":\"https:\\\/\\\/eg-reeds.com\\\/de\\\/shop\\\/zubehoer\\\/k-ge-ersatzteile-fuer-aussenhobelmaschine\\\/schabezunge-fuer-aussenhobelmaschine-k-ge\\\/\",\"name\":\"Schabezunge f\u00fcr Au\u00dfenhobelmaschine K.GE - EG-REEDS\",\"isPartOf\":{\"@id\":\"https:\\\/\\\/eg-reeds.com\\\/de\\\/#website\"},\"primaryImageOfPage\":{\"@id\":\"https:\\\/\\\/eg-reeds.com\\\/de\\\/shop\\\/zubehoer\\\/k-ge-ersatzteile-fuer-aussenhobelmaschine\\\/schabezunge-fuer-aussenhobelmaschine-k-ge\\\/#primaryimage\"},\"image\":{\"@id\":\"https:\\\/\\\/eg-reeds.com\\\/de\\\/shop\\\/zubehoer\\\/k-ge-ersatzteile-fuer-aussenhobelmaschine\\\/schabezunge-fuer-aussenhobelmaschine-k-ge\\\/#primaryimage\"},\"thumbnailUrl\":\"https:\\\/\\\/eg-reeds.com\\\/wp-content\\\/uploads\\\/2017\\\/01\\\/IMG_9380.jpg\",\"datePublished\":\"2017-01-18T14:21:45+00:00\",\"dateModified\":\"2017-01-23T15:00:56+00:00\",\"description\":\"Schabezunge KGE, Schabezunge f\u00fcr Au\u00dfenhobelmaschine K.GE, K.GE, KGE, KGE Messer\",\"breadcrumb\":{\"@id\":\"https:\\\/\\\/eg-reeds.com\\\/de\\\/shop\\\/zubehoer\\\/k-ge-ersatzteile-fuer-aussenhobelmaschine\\\/schabezunge-fuer-aussenhobelmaschine-k-ge\\\/#breadcrumb\"},\"inLanguage\":\"de\",\"potentialAction\":[{\"@type\":\"ReadAction\",\"target\":[\"https:\\\/\\\/eg-reeds.com\\\/de\\\/shop\\\/zubehoer\\\/k-ge-ersatzteile-fuer-aussenhobelmaschine\\\/schabezunge-fuer-aussenhobelmaschine-k-ge\\\/\"]}]},{\"@type\":\"ImageObject\",\"inLanguage\":\"de\",\"@id\":\"https:\\\/\\\/eg-reeds.com\\\/de\\\/shop\\\/zubehoer\\\/k-ge-ersatzteile-fuer-aussenhobelmaschine\\\/schabezunge-fuer-aussenhobelmaschine-k-ge\\\/#primaryimage\",\"url\":\"https:\\\/\\\/eg-reeds.com\\\/wp-content\\\/uploads\\\/2017\\\/01\\\/IMG_9380.jpg\",\"contentUrl\":\"https:\\\/\\\/eg-reeds.com\\\/wp-content\\\/uploads\\\/2017\\\/01\\\/IMG_9380.jpg\",\"width\":1280,\"height\":959},{\"@type\":\"BreadcrumbList\",\"@id\":\"https:\\\/\\\/eg-reeds.com\\\/de\\\/shop\\\/zubehoer\\\/k-ge-ersatzteile-fuer-aussenhobelmaschine\\\/schabezunge-fuer-aussenhobelmaschine-k-ge\\\/#breadcrumb\",\"itemListElement\":[{\"@type\":\"ListItem\",\"position\":1,\"name\":\"Startseite\",\"item\":\"https:\\\/\\\/eg-reeds.com\\\/de\\\/\"},{\"@type\":\"ListItem\",\"position\":2,\"name\":\"Shop\",\"item\":\"https:\\\/\\\/eg-reeds.com\\\/de\\\/\"},{\"@type\":\"ListItem\",\"position\":3,\"name\":\"Schabezunge f\u00fcr Au\u00dfenhobelmaschine K.GE\"}]},{\"@type\":\"WebSite\",\"@id\":\"https:\\\/\\\/eg-reeds.com\\\/de\\\/#website\",\"url\":\"https:\\\/\\\/eg-reeds.com\\\/de\\\/\",\"name\":\"www.eg-reeds.com\",\"description\":\"Rohre f\u00fcr Oboe\",\"publisher\":{\"@id\":\"https:\\\/\\\/eg-reeds.com\\\/de\\\/#organization\"},\"alternateName\":\"eg-reeds.com\",\"potentialAction\":[{\"@type\":\"SearchAction\",\"target\":{\"@type\":\"EntryPoint\",\"urlTemplate\":\"https:\\\/\\\/eg-reeds.com\\\/de\\\/?s={search_term_string}\"},\"query-input\":{\"@type\":\"PropertyValueSpecification\",\"valueRequired\":true,\"valueName\":\"search_term_string\"}}],\"inLanguage\":\"de\"},{\"@type\":\"Organization\",\"@id\":\"https:\\\/\\\/eg-reeds.com\\\/de\\\/#organization\",\"name\":\"www.eg-reeds.com\",\"url\":\"https:\\\/\\\/eg-reeds.com\\\/de\\\/\",\"logo\":{\"@type\":\"ImageObject\",\"inLanguage\":\"de\",\"@id\":\"https:\\\/\\\/eg-reeds.com\\\/de\\\/#\\\/schema\\\/logo\\\/image\\\/\",\"url\":\"https:\\\/\\\/eg-reeds.com\\\/wp-content\\\/uploads\\\/2024\\\/06\\\/Logo-scaled-e1718793906611.jpg\",\"contentUrl\":\"https:\\\/\\\/eg-reeds.com\\\/wp-content\\\/uploads\\\/2024\\\/06\\\/Logo-scaled-e1718793906611.jpg\",\"width\":1200,\"height\":493,\"caption\":\"www.eg-reeds.com\"},\"image\":{\"@id\":\"https:\\\/\\\/eg-reeds.com\\\/de\\\/#\\\/schema\\\/logo\\\/image\\\/\"},\"sameAs\":[\"https:\\\/\\\/www.facebook.com\\\/EGREEDS\",\"https:\\\/\\\/x.com\\\/egreeds\",\"https:\\\/\\\/www.instagram.com\\\/egreeds\\\/\",\"https:\\\/\\\/www.youtube.com\\\/c\\\/EGREEDS\",\"https:\\\/\\\/www.threads.net\\\/@egreeds\",\"https:\\\/\\\/www.tiktok.com\\\/@egreeds\"]}]}<\/script>\n<meta property=\"product:price:amount\" content=\"490.00\" \/>\n<meta property=\"product:price:currency\" content=\"EUR\" \/>\n<meta property=\"og:availability\" content=\"out of stock\" \/>\n<meta property=\"product:availability\" content=\"out of stock\" \/>\n<meta property=\"product:retailer_item_id\" content=\"ACKGEP\" \/>\n<meta property=\"product:condition\" content=\"new\" \/>\n<!-- \/ Yoast SEO Premium plugin. -->","yoast_head_json":{"title":"Schabezunge f\u00fcr Au\u00dfenhobelmaschine K.GE - EG-REEDS","description":"Schabezunge KGE, Schabezunge f\u00fcr Au\u00dfenhobelmaschine K.GE, K.GE, KGE, KGE Messer","robots":{"index":"index","follow":"follow","max-snippet":"max-snippet:-1","max-image-preview":"max-image-preview:large","max-video-preview":"max-video-preview:-1"},"canonical":"https:\/\/eg-reeds.com\/de\/shop\/zubehoer\/k-ge-ersatzteile-fuer-aussenhobelmaschine\/schabezunge-fuer-aussenhobelmaschine-k-ge\/","og_locale":"de_DE","og_type":"article","og_title":"Schabezunge f\u00fcr Au\u00dfenhobelmaschine K.GE","og_description":"Schabezunge KGE, Schabezunge f\u00fcr Au\u00dfenhobelmaschine K.GE, K.GE, KGE, KGE Messer","og_url":"https:\/\/eg-reeds.com\/de\/shop\/zubehoer\/k-ge-ersatzteile-fuer-aussenhobelmaschine\/schabezunge-fuer-aussenhobelmaschine-k-ge\/","og_site_name":"EG-REEDS","article_publisher":"https:\/\/www.facebook.com\/EGREEDS","article_modified_time":"2017-01-23T15:00:56+00:00","og_image":[{"width":1280,"height":959,"url":"https:\/\/eg-reeds.com\/wp-content\/uploads\/2017\/01\/IMG_9380.jpg","type":"image\/jpeg"}],"twitter_card":"summary_large_image","twitter_site":"@egreeds","twitter_misc":{"Preis":"490,00&euro;","Verf\u00fcgbarkeit":"ausverkauft"},"schema":{"@context":"https:\/\/schema.org","@graph":[{"@type":["WebPage","ItemPage"],"@id":"https:\/\/eg-reeds.com\/de\/shop\/zubehoer\/k-ge-ersatzteile-fuer-aussenhobelmaschine\/schabezunge-fuer-aussenhobelmaschine-k-ge\/","url":"https:\/\/eg-reeds.com\/de\/shop\/zubehoer\/k-ge-ersatzteile-fuer-aussenhobelmaschine\/schabezunge-fuer-aussenhobelmaschine-k-ge\/","name":"Schabezunge f\u00fcr Au\u00dfenhobelmaschine K.GE - EG-REEDS","isPartOf":{"@id":"https:\/\/eg-reeds.com\/de\/#website"},"primaryImageOfPage":{"@id":"https:\/\/eg-reeds.com\/de\/shop\/zubehoer\/k-ge-ersatzteile-fuer-aussenhobelmaschine\/schabezunge-fuer-aussenhobelmaschine-k-ge\/#primaryimage"},"image":{"@id":"https:\/\/eg-reeds.com\/de\/shop\/zubehoer\/k-ge-ersatzteile-fuer-aussenhobelmaschine\/schabezunge-fuer-aussenhobelmaschine-k-ge\/#primaryimage"},"thumbnailUrl":"https:\/\/eg-reeds.com\/wp-content\/uploads\/2017\/01\/IMG_9380.jpg","datePublished":"2017-01-18T14:21:45+00:00","dateModified":"2017-01-23T15:00:56+00:00","description":"Schabezunge KGE, Schabezunge f\u00fcr Au\u00dfenhobelmaschine K.GE, K.GE, KGE, KGE Messer","breadcrumb":{"@id":"https:\/\/eg-reeds.com\/de\/shop\/zubehoer\/k-ge-ersatzteile-fuer-aussenhobelmaschine\/schabezunge-fuer-aussenhobelmaschine-k-ge\/#breadcrumb"},"inLanguage":"de","potentialAction":[{"@type":"ReadAction","target":["https:\/\/eg-reeds.com\/de\/shop\/zubehoer\/k-ge-ersatzteile-fuer-aussenhobelmaschine\/schabezunge-fuer-aussenhobelmaschine-k-ge\/"]}]},{"@type":"ImageObject","inLanguage":"de","@id":"https:\/\/eg-reeds.com\/de\/shop\/zubehoer\/k-ge-ersatzteile-fuer-aussenhobelmaschine\/schabezunge-fuer-aussenhobelmaschine-k-ge\/#primaryimage","url":"https:\/\/eg-reeds.com\/wp-content\/uploads\/2017\/01\/IMG_9380.jpg","contentUrl":"https:\/\/eg-reeds.com\/wp-content\/uploads\/2017\/01\/IMG_9380.jpg","width":1280,"height":959},{"@type":"BreadcrumbList","@id":"https:\/\/eg-reeds.com\/de\/shop\/zubehoer\/k-ge-ersatzteile-fuer-aussenhobelmaschine\/schabezunge-fuer-aussenhobelmaschine-k-ge\/#breadcrumb","itemListElement":[{"@type":"ListItem","position":1,"name":"Startseite","item":"https:\/\/eg-reeds.com\/de\/"},{"@type":"ListItem","position":2,"name":"Shop","item":"https:\/\/eg-reeds.com\/de\/"},{"@type":"ListItem","position":3,"name":"Schabezunge f\u00fcr Au\u00dfenhobelmaschine K.GE"}]},{"@type":"WebSite","@id":"https:\/\/eg-reeds.com\/de\/#website","url":"https:\/\/eg-reeds.com\/de\/","name":"www.eg-reeds.com","description":"Rohre f\u00fcr Oboe","publisher":{"@id":"https:\/\/eg-reeds.com\/de\/#organization"},"alternateName":"eg-reeds.com","potentialAction":[{"@type":"SearchAction","target":{"@type":"EntryPoint","urlTemplate":"https:\/\/eg-reeds.com\/de\/?s={search_term_string}"},"query-input":{"@type":"PropertyValueSpecification","valueRequired":true,"valueName":"search_term_string"}}],"inLanguage":"de"},{"@type":"Organization","@id":"https:\/\/eg-reeds.com\/de\/#organization","name":"www.eg-reeds.com","url":"https:\/\/eg-reeds.com\/de\/","logo":{"@type":"ImageObject","inLanguage":"de","@id":"https:\/\/eg-reeds.com\/de\/#\/schema\/logo\/image\/","url":"https:\/\/eg-reeds.com\/wp-content\/uploads\/2024\/06\/Logo-scaled-e1718793906611.jpg","contentUrl":"https:\/\/eg-reeds.com\/wp-content\/uploads\/2024\/06\/Logo-scaled-e1718793906611.jpg","width":1200,"height":493,"caption":"www.eg-reeds.com"},"image":{"@id":"https:\/\/eg-reeds.com\/de\/#\/schema\/logo\/image\/"},"sameAs":["https:\/\/www.facebook.com\/EGREEDS","https:\/\/x.com\/egreeds","https:\/\/www.instagram.com\/egreeds\/","https:\/\/www.youtube.com\/c\/EGREEDS","https:\/\/www.threads.net\/@egreeds","https:\/\/www.tiktok.com\/@egreeds"]}]},"product_price_amount":"490.00","product_price_currency":"EUR","og_availability":"out of stock","product_availability":"out of stock","product_retailer_item_id":"ACKGEP","product_condition":"new"},"_links":{"self":[{"href":"https:\/\/eg-reeds.com\/de\/wp-json\/wp\/v2\/product\/21649","targetHints":{"allow":["GET"]}}],"collection":[{"href":"https:\/\/eg-reeds.com\/de\/wp-json\/wp\/v2\/product"}],"about":[{"href":"https:\/\/eg-reeds.com\/de\/wp-json\/wp\/v2\/types\/product"}],"replies":[{"embeddable":true,"href":"https:\/\/eg-reeds.com\/de\/wp-json\/wp\/v2\/comments?post=21649"}],"wp:featuredmedia":[{"embeddable":true,"href":"https:\/\/eg-reeds.com\/de\/wp-json\/wp\/v2\/media\/21662"}],"wp:attachment":[{"href":"https:\/\/eg-reeds.com\/de\/wp-json\/wp\/v2\/media?parent=21649"}],"wp:term":[{"taxonomy":"product_brand","embeddable":true,"href":"https:\/\/eg-reeds.com\/de\/wp-json\/wp\/v2\/product_brand?post=21649"},{"taxonomy":"product_cat","embeddable":true,"href":"https:\/\/eg-reeds.com\/de\/wp-json\/wp\/v2\/product_cat?post=21649"},{"taxonomy":"product_tag","embeddable":true,"href":"https:\/\/eg-reeds.com\/de\/wp-json\/wp\/v2\/product_tag?post=21649"},{"taxonomy":"giftcard-category","embeddable":true,"href":"https:\/\/eg-reeds.com\/de\/wp-json\/wp\/v2\/giftcard-category?post=21649"}],"curies":[{"name":"wp","href":"https:\/\/api.w.org\/{rel}","templated":true}]}}