{"id":2349,"date":"2015-02-24T16:27:25","date_gmt":"2015-02-24T15:27:25","guid":{"rendered":"http:\/\/eg-reeds.com\/shop\/uncategorized\/fasson-fur-oboe-10-stuck-2\/"},"modified":"2025-10-16T13:18:03","modified_gmt":"2025-10-16T11:18:03","slug":"fasson-fuer-oboe-eg-reeds","status":"publish","type":"product","link":"https:\/\/eg-reeds.com\/de\/shop\/bearbeitete-holzer\/bearbeitete-holzer-fur-oboe\/fasson-fuer-oboe-eg-reeds\/","title":{"rendered":"Fasson f\u00fcr Oboe EG-REEDS"},"content":{"rendered":"<h1><b>Fasson f\u00fcr Oboe EG-REEDS (10 St\u00fcck)<\/b><\/h1>\n<p>Suchen Sie hochwertige Fasson f\u00fcr Oboe? Entdecken Sie die Qualit\u00e4t von EG-REEDS, wo handwerkliches K\u00f6nnen und professionelle Oboenerfahrung zusammenkommen, um Ihnen Oboenrohre auf h\u00f6chstem Niveau zu bieten.<\/p>\n<p>Jede Fasson f\u00fcr Oboe wird mit modernster Technologie sorgf\u00e4ltig ausgehobelt, gefasst und gefaltet, um h\u00f6chste Pr\u00e4zision in jedem Detail zu garantieren.<\/p>\n<p>Unser Qualit\u00e4tsanspruch begleitet jeden Schritt des Prozesses: von der sorgf\u00e4ltigen Auswahl des Rohmaterials \u00fcber das Hobeln und die individuelle H\u00e4rtepr\u00fcfung mit unserer fortschrittlichen H\u00e4rtemessmaschine bis hin zum Fassen und Falten von Hand. Nur die Oboenrohre, die unseren strengen Anforderungen entsprechen, gelangen in Ihre H\u00e4nde, f\u00fcr au\u00dfergew\u00f6hnliche Spielbarkeit und Langlebigkeit.<\/p>\n<p>Nach dem Aufbringen der gew\u00e4hlten Fasson f\u00fcr Oboe wird jedes St\u00fcck mit h\u00f6chster Pr\u00e4zision von Hand gefaltet. Dieser handwerkliche Prozess garantiert, dass jedes Rohr unseren hohen Qualit\u00e4tsstandards entspricht und perfekt auf die Bed\u00fcrfnisse jedes Musikers abgestimmt ist.<\/p>\n<p>Unsere Fasson f\u00fcr Oboe wird stets nach den h\u00f6chsten Qualit\u00e4tsparametern von EG-REEDS gefertigt, ein Premiumprodukt bei jedem Kauf. Sie k\u00f6nnen sicher sein, dass Sie das beste gefasste Rohrmaterial erhalten, um Ihr musikalisches Potenzial voll zu entfalten.<\/p>\n<p>Schlie\u00dfen Sie sich Oboistinnen und Oboisten weltweit an, die auf die Fasson f\u00fcr Oboe von EG-REEDS vertrauen. Bestellen Sie noch heute und erleben Sie den Qualit\u00e4tsunterschied!<\/p>\n<h2>Fasson-Modelle:<\/h2>\n<ul>\n<li>RC11<\/li>\n<li>RC12<\/li>\n<li>RC13<\/li>\n<li>RC15<\/li>\n<li>901<\/li>\n<li>M2<\/li>\n<li>Albrecht Mayer<\/li>\n<li>Maurice Bourgue<\/li>\n<li>Ram\u00f3n Ortega<\/li>\n<li>Thomas Inderm\u00fchle<\/li>\n<li>USA<\/li>\n<li>LORY<\/li>\n<li>H49<\/li>\n<li>Glotin<\/li>\n<li>Rigoutat 2<\/li>\n<li>Willy 12<\/li>\n<\/ul>\n<h2>Fasson-Stile:<\/h2>\n<ul>\n<li>Europ\u00e4isch<\/li>\n<li>Amerikanisch<\/li>\n<\/ul>\n<h2>Durchmesser:<\/h2>\n<ul>\n<li>9,5\u201310<\/li>\n<li>10\u201310,5<\/li>\n<li>10,5\u201311<\/li>\n<\/ul>\n<h2>Dicke:<\/h2>\n<p>Von 0,54\u20130,55 bis 0,60\u20130,61.<\/p>\n<h2>H\u00e4rte:<\/h2>\n<ul>\n<li>Weich<\/li>\n<li>Mittel<\/li>\n<li>Hart<\/li>\n<\/ul>\n","protected":false},"excerpt":{"rendered":"<p>10 St\u00fcck.<\/p>\n","protected":false},"featured_media":24862,"comment_status":"open","ping_status":"closed","template":"","meta":[],"product_brand":[],"product_cat":[503,504],"product_tag":[],"giftcard-category":[],"class_list":{"0":"post-2349","1":"product","2":"type-product","3":"status-publish","4":"has-post-thumbnail","6":"product_cat-bearbeitete-holzer","7":"product_cat-bearbeitete-holzer-fur-oboe","8":"pa_cane-diameter-10-mm-105-mm-de","9":"pa_cane-diameter-105-mm-11-mm-de","10":"pa_cane-diameter-95-mm-10-mm-de","11":"pa_shaper-901-de","12":"pa_shaper-albrecht-mayer-de","13":"pa_shaper-glotin-de","14":"pa_shaper-h49-de","15":"pa_shaper-lory-de","16":"pa_shaper-m2-de","17":"pa_shaper-maurice-bourgue-de-3","18":"pa_shaper-ramon-ortega-de-2","19":"pa_shaper-rc11-de","20":"pa_shaper-rc12-de-2","21":"pa_shaper-rc13-de-2","22":"pa_shaper-rc15-de","23":"pa_shaper-rigoutat-2-de","24":"pa_shaper-thomas-indermuehle-de","25":"pa_shaper-usa-de","26":"pa_shaper-willy-12-de","27":"pa_thickness-054-mm-055-mm-de","28":"pa_thickness-055-mm-056-mm-de-2","29":"pa_thickness-056-mm-057-mm-de-2","30":"pa_thickness-057-mm-058-mm-de","31":"pa_thickness-058-mm-059-mm-de-2","32":"pa_thickness-059-mm-060-mm-de","33":"pa_thickness-060-mm-061-mm-de-2","35":"first","36":"instock","37":"featured","38":"taxable","39":"shipping-taxable","40":"purchasable","41":"product-type-variable","42":"has-default-attributes"},"yoast_head":"<!-- This site is optimized with the Yoast SEO Premium plugin v27.0 (Yoast SEO v27.4) - https:\/\/yoast.com\/product\/yoast-seo-premium-wordpress\/ -->\n<title>Fasson f\u00fcr Oboe EG-REEDS - EG-REEDS<\/title>\n<meta name=\"description\" content=\"Entdecken Sie die hochwertige Fasson f\u00fcr Oboe von EG REEDS. Pr\u00e4zise gefertigt, von Hand gefaltet und gepr\u00fcft f\u00fcr h\u00f6chste Anspr\u00fcche. Jetzt bestellen!\" \/>\n<meta name=\"robots\" content=\"index, follow, max-snippet:-1, max-image-preview:large, max-video-preview:-1\" \/>\n<link rel=\"canonical\" href=\"https:\/\/eg-reeds.com\/de\/shop\/bearbeitete-holzer\/bearbeitete-holzer-fur-oboe\/fasson-fuer-oboe-eg-reeds\/\" \/>\n<meta property=\"og:locale\" content=\"de_DE\" \/>\n<meta property=\"og:type\" content=\"article\" \/>\n<meta property=\"og:title\" content=\"Fasson f\u00fcr Oboe EG-REEDS\" \/>\n<meta property=\"og:description\" content=\"Entdecken Sie die hochwertige Fasson f\u00fcr Oboe von EG REEDS. Pr\u00e4zise gefertigt, von Hand gefaltet und gepr\u00fcft f\u00fcr h\u00f6chste Anspr\u00fcche. Jetzt bestellen!\" \/>\n<meta property=\"og:url\" content=\"https:\/\/eg-reeds.com\/de\/shop\/bearbeitete-holzer\/bearbeitete-holzer-fur-oboe\/fasson-fuer-oboe-eg-reeds\/\" \/>\n<meta property=\"og:site_name\" content=\"EG-REEDS\" \/>\n<meta property=\"article:publisher\" content=\"https:\/\/www.facebook.com\/EGREEDS\" \/>\n<meta property=\"article:modified_time\" content=\"2025-10-16T11:18:03+00:00\" \/>\n<meta property=\"og:image\" content=\"https:\/\/eg-reeds.com\/wp-content\/uploads\/2015\/02\/Processed-shaped-oboe-cane-EG-REEDS.jpg\" \/>\n\t<meta property=\"og:image:width\" content=\"640\" \/>\n\t<meta property=\"og:image:height\" content=\"544\" \/>\n\t<meta property=\"og:image:type\" content=\"image\/jpeg\" \/>\n<meta name=\"twitter:card\" content=\"summary_large_image\" \/>\n<meta name=\"twitter:site\" content=\"@egreeds\" \/>\n<meta name=\"twitter:label1\" content=\"Verf\u00fcgbarkeit\" \/>\n\t<meta name=\"twitter:data1\" content=\"Auf Lager\" \/>\n<script type=\"application\/ld+json\" class=\"yoast-schema-graph\">{\"@context\":\"https:\\\/\\\/schema.org\",\"@graph\":[{\"@type\":[\"WebPage\",\"ItemPage\"],\"@id\":\"https:\\\/\\\/eg-reeds.com\\\/de\\\/shop\\\/bearbeitete-holzer\\\/bearbeitete-holzer-fur-oboe\\\/fasson-fuer-oboe-eg-reeds\\\/\",\"url\":\"https:\\\/\\\/eg-reeds.com\\\/de\\\/shop\\\/bearbeitete-holzer\\\/bearbeitete-holzer-fur-oboe\\\/fasson-fuer-oboe-eg-reeds\\\/\",\"name\":\"Fasson f\u00fcr Oboe EG-REEDS - EG-REEDS\",\"isPartOf\":{\"@id\":\"https:\\\/\\\/eg-reeds.com\\\/de\\\/#website\"},\"primaryImageOfPage\":{\"@id\":\"https:\\\/\\\/eg-reeds.com\\\/de\\\/shop\\\/bearbeitete-holzer\\\/bearbeitete-holzer-fur-oboe\\\/fasson-fuer-oboe-eg-reeds\\\/#primaryimage\"},\"image\":{\"@id\":\"https:\\\/\\\/eg-reeds.com\\\/de\\\/shop\\\/bearbeitete-holzer\\\/bearbeitete-holzer-fur-oboe\\\/fasson-fuer-oboe-eg-reeds\\\/#primaryimage\"},\"thumbnailUrl\":\"https:\\\/\\\/eg-reeds.com\\\/wp-content\\\/uploads\\\/2015\\\/02\\\/Processed-shaped-oboe-cane-EG-REEDS.jpg\",\"datePublished\":\"2015-02-24T15:27:25+00:00\",\"dateModified\":\"2025-10-16T11:18:03+00:00\",\"description\":\"Entdecken Sie die hochwertige Fasson f\u00fcr Oboe von EG REEDS. Pr\u00e4zise gefertigt, von Hand gefaltet und gepr\u00fcft f\u00fcr h\u00f6chste Anspr\u00fcche. Jetzt bestellen!\",\"breadcrumb\":{\"@id\":\"https:\\\/\\\/eg-reeds.com\\\/de\\\/shop\\\/bearbeitete-holzer\\\/bearbeitete-holzer-fur-oboe\\\/fasson-fuer-oboe-eg-reeds\\\/#breadcrumb\"},\"inLanguage\":\"de\",\"potentialAction\":[{\"@type\":\"ReadAction\",\"target\":[\"https:\\\/\\\/eg-reeds.com\\\/de\\\/shop\\\/bearbeitete-holzer\\\/bearbeitete-holzer-fur-oboe\\\/fasson-fuer-oboe-eg-reeds\\\/\"]}]},{\"@type\":\"ImageObject\",\"inLanguage\":\"de\",\"@id\":\"https:\\\/\\\/eg-reeds.com\\\/de\\\/shop\\\/bearbeitete-holzer\\\/bearbeitete-holzer-fur-oboe\\\/fasson-fuer-oboe-eg-reeds\\\/#primaryimage\",\"url\":\"https:\\\/\\\/eg-reeds.com\\\/wp-content\\\/uploads\\\/2015\\\/02\\\/Processed-shaped-oboe-cane-EG-REEDS.jpg\",\"contentUrl\":\"https:\\\/\\\/eg-reeds.com\\\/wp-content\\\/uploads\\\/2015\\\/02\\\/Processed-shaped-oboe-cane-EG-REEDS.jpg\",\"width\":640,\"height\":544,\"caption\":\"canne per oboe professionali\"},{\"@type\":\"BreadcrumbList\",\"@id\":\"https:\\\/\\\/eg-reeds.com\\\/de\\\/shop\\\/bearbeitete-holzer\\\/bearbeitete-holzer-fur-oboe\\\/fasson-fuer-oboe-eg-reeds\\\/#breadcrumb\",\"itemListElement\":[{\"@type\":\"ListItem\",\"position\":1,\"name\":\"Startseite\",\"item\":\"https:\\\/\\\/eg-reeds.com\\\/de\\\/\"},{\"@type\":\"ListItem\",\"position\":2,\"name\":\"Shop\",\"item\":\"https:\\\/\\\/eg-reeds.com\\\/de\\\/\"},{\"@type\":\"ListItem\",\"position\":3,\"name\":\"Fasson f\u00fcr Oboe EG-REEDS\"}]},{\"@type\":\"WebSite\",\"@id\":\"https:\\\/\\\/eg-reeds.com\\\/de\\\/#website\",\"url\":\"https:\\\/\\\/eg-reeds.com\\\/de\\\/\",\"name\":\"www.eg-reeds.com\",\"description\":\"Rohre f\u00fcr Oboe\",\"publisher\":{\"@id\":\"https:\\\/\\\/eg-reeds.com\\\/de\\\/#organization\"},\"alternateName\":\"eg-reeds.com\",\"potentialAction\":[{\"@type\":\"SearchAction\",\"target\":{\"@type\":\"EntryPoint\",\"urlTemplate\":\"https:\\\/\\\/eg-reeds.com\\\/de\\\/?s={search_term_string}\"},\"query-input\":{\"@type\":\"PropertyValueSpecification\",\"valueRequired\":true,\"valueName\":\"search_term_string\"}}],\"inLanguage\":\"de\"},{\"@type\":\"Organization\",\"@id\":\"https:\\\/\\\/eg-reeds.com\\\/de\\\/#organization\",\"name\":\"www.eg-reeds.com\",\"url\":\"https:\\\/\\\/eg-reeds.com\\\/de\\\/\",\"logo\":{\"@type\":\"ImageObject\",\"inLanguage\":\"de\",\"@id\":\"https:\\\/\\\/eg-reeds.com\\\/de\\\/#\\\/schema\\\/logo\\\/image\\\/\",\"url\":\"https:\\\/\\\/eg-reeds.com\\\/wp-content\\\/uploads\\\/2024\\\/06\\\/Logo-scaled-e1718793906611.jpg\",\"contentUrl\":\"https:\\\/\\\/eg-reeds.com\\\/wp-content\\\/uploads\\\/2024\\\/06\\\/Logo-scaled-e1718793906611.jpg\",\"width\":1200,\"height\":493,\"caption\":\"www.eg-reeds.com\"},\"image\":{\"@id\":\"https:\\\/\\\/eg-reeds.com\\\/de\\\/#\\\/schema\\\/logo\\\/image\\\/\"},\"sameAs\":[\"https:\\\/\\\/www.facebook.com\\\/EGREEDS\",\"https:\\\/\\\/x.com\\\/egreeds\",\"https:\\\/\\\/www.instagram.com\\\/egreeds\\\/\",\"https:\\\/\\\/www.youtube.com\\\/c\\\/EGREEDS\",\"https:\\\/\\\/www.threads.net\\\/@egreeds\",\"https:\\\/\\\/www.tiktok.com\\\/@egreeds\"]}]}<\/script>\n<meta property=\"og:availability\" content=\"instock\" \/>\n<meta property=\"product:availability\" content=\"instock\" \/>\n<meta property=\"product:retailer_item_id\" content=\"PAOB-F\" \/>\n<meta property=\"product:condition\" content=\"new\" \/>\n<!-- \/ Yoast SEO Premium plugin. -->","yoast_head_json":{"title":"Fasson f\u00fcr Oboe EG-REEDS - EG-REEDS","description":"Entdecken Sie die hochwertige Fasson f\u00fcr Oboe von EG REEDS. Pr\u00e4zise gefertigt, von Hand gefaltet und gepr\u00fcft f\u00fcr h\u00f6chste Anspr\u00fcche. Jetzt bestellen!","robots":{"index":"index","follow":"follow","max-snippet":"max-snippet:-1","max-image-preview":"max-image-preview:large","max-video-preview":"max-video-preview:-1"},"canonical":"https:\/\/eg-reeds.com\/de\/shop\/bearbeitete-holzer\/bearbeitete-holzer-fur-oboe\/fasson-fuer-oboe-eg-reeds\/","og_locale":"de_DE","og_type":"article","og_title":"Fasson f\u00fcr Oboe EG-REEDS","og_description":"Entdecken Sie die hochwertige Fasson f\u00fcr Oboe von EG REEDS. Pr\u00e4zise gefertigt, von Hand gefaltet und gepr\u00fcft f\u00fcr h\u00f6chste Anspr\u00fcche. Jetzt bestellen!","og_url":"https:\/\/eg-reeds.com\/de\/shop\/bearbeitete-holzer\/bearbeitete-holzer-fur-oboe\/fasson-fuer-oboe-eg-reeds\/","og_site_name":"EG-REEDS","article_publisher":"https:\/\/www.facebook.com\/EGREEDS","article_modified_time":"2025-10-16T11:18:03+00:00","og_image":[{"width":640,"height":544,"url":"https:\/\/eg-reeds.com\/wp-content\/uploads\/2015\/02\/Processed-shaped-oboe-cane-EG-REEDS.jpg","type":"image\/jpeg"}],"twitter_card":"summary_large_image","twitter_site":"@egreeds","twitter_misc":{"Verf\u00fcgbarkeit":"Auf Lager"},"schema":{"@context":"https:\/\/schema.org","@graph":[{"@type":["WebPage","ItemPage"],"@id":"https:\/\/eg-reeds.com\/de\/shop\/bearbeitete-holzer\/bearbeitete-holzer-fur-oboe\/fasson-fuer-oboe-eg-reeds\/","url":"https:\/\/eg-reeds.com\/de\/shop\/bearbeitete-holzer\/bearbeitete-holzer-fur-oboe\/fasson-fuer-oboe-eg-reeds\/","name":"Fasson f\u00fcr Oboe EG-REEDS - EG-REEDS","isPartOf":{"@id":"https:\/\/eg-reeds.com\/de\/#website"},"primaryImageOfPage":{"@id":"https:\/\/eg-reeds.com\/de\/shop\/bearbeitete-holzer\/bearbeitete-holzer-fur-oboe\/fasson-fuer-oboe-eg-reeds\/#primaryimage"},"image":{"@id":"https:\/\/eg-reeds.com\/de\/shop\/bearbeitete-holzer\/bearbeitete-holzer-fur-oboe\/fasson-fuer-oboe-eg-reeds\/#primaryimage"},"thumbnailUrl":"https:\/\/eg-reeds.com\/wp-content\/uploads\/2015\/02\/Processed-shaped-oboe-cane-EG-REEDS.jpg","datePublished":"2015-02-24T15:27:25+00:00","dateModified":"2025-10-16T11:18:03+00:00","description":"Entdecken Sie die hochwertige Fasson f\u00fcr Oboe von EG REEDS. Pr\u00e4zise gefertigt, von Hand gefaltet und gepr\u00fcft f\u00fcr h\u00f6chste Anspr\u00fcche. Jetzt bestellen!","breadcrumb":{"@id":"https:\/\/eg-reeds.com\/de\/shop\/bearbeitete-holzer\/bearbeitete-holzer-fur-oboe\/fasson-fuer-oboe-eg-reeds\/#breadcrumb"},"inLanguage":"de","potentialAction":[{"@type":"ReadAction","target":["https:\/\/eg-reeds.com\/de\/shop\/bearbeitete-holzer\/bearbeitete-holzer-fur-oboe\/fasson-fuer-oboe-eg-reeds\/"]}]},{"@type":"ImageObject","inLanguage":"de","@id":"https:\/\/eg-reeds.com\/de\/shop\/bearbeitete-holzer\/bearbeitete-holzer-fur-oboe\/fasson-fuer-oboe-eg-reeds\/#primaryimage","url":"https:\/\/eg-reeds.com\/wp-content\/uploads\/2015\/02\/Processed-shaped-oboe-cane-EG-REEDS.jpg","contentUrl":"https:\/\/eg-reeds.com\/wp-content\/uploads\/2015\/02\/Processed-shaped-oboe-cane-EG-REEDS.jpg","width":640,"height":544,"caption":"canne per oboe professionali"},{"@type":"BreadcrumbList","@id":"https:\/\/eg-reeds.com\/de\/shop\/bearbeitete-holzer\/bearbeitete-holzer-fur-oboe\/fasson-fuer-oboe-eg-reeds\/#breadcrumb","itemListElement":[{"@type":"ListItem","position":1,"name":"Startseite","item":"https:\/\/eg-reeds.com\/de\/"},{"@type":"ListItem","position":2,"name":"Shop","item":"https:\/\/eg-reeds.com\/de\/"},{"@type":"ListItem","position":3,"name":"Fasson f\u00fcr Oboe EG-REEDS"}]},{"@type":"WebSite","@id":"https:\/\/eg-reeds.com\/de\/#website","url":"https:\/\/eg-reeds.com\/de\/","name":"www.eg-reeds.com","description":"Rohre f\u00fcr Oboe","publisher":{"@id":"https:\/\/eg-reeds.com\/de\/#organization"},"alternateName":"eg-reeds.com","potentialAction":[{"@type":"SearchAction","target":{"@type":"EntryPoint","urlTemplate":"https:\/\/eg-reeds.com\/de\/?s={search_term_string}"},"query-input":{"@type":"PropertyValueSpecification","valueRequired":true,"valueName":"search_term_string"}}],"inLanguage":"de"},{"@type":"Organization","@id":"https:\/\/eg-reeds.com\/de\/#organization","name":"www.eg-reeds.com","url":"https:\/\/eg-reeds.com\/de\/","logo":{"@type":"ImageObject","inLanguage":"de","@id":"https:\/\/eg-reeds.com\/de\/#\/schema\/logo\/image\/","url":"https:\/\/eg-reeds.com\/wp-content\/uploads\/2024\/06\/Logo-scaled-e1718793906611.jpg","contentUrl":"https:\/\/eg-reeds.com\/wp-content\/uploads\/2024\/06\/Logo-scaled-e1718793906611.jpg","width":1200,"height":493,"caption":"www.eg-reeds.com"},"image":{"@id":"https:\/\/eg-reeds.com\/de\/#\/schema\/logo\/image\/"},"sameAs":["https:\/\/www.facebook.com\/EGREEDS","https:\/\/x.com\/egreeds","https:\/\/www.instagram.com\/egreeds\/","https:\/\/www.youtube.com\/c\/EGREEDS","https:\/\/www.threads.net\/@egreeds","https:\/\/www.tiktok.com\/@egreeds"]}]},"og_availability":"instock","product_availability":"instock","product_retailer_item_id":"PAOB-F","product_condition":"new"},"_links":{"self":[{"href":"https:\/\/eg-reeds.com\/de\/wp-json\/wp\/v2\/product\/2349","targetHints":{"allow":["GET"]}}],"collection":[{"href":"https:\/\/eg-reeds.com\/de\/wp-json\/wp\/v2\/product"}],"about":[{"href":"https:\/\/eg-reeds.com\/de\/wp-json\/wp\/v2\/types\/product"}],"replies":[{"embeddable":true,"href":"https:\/\/eg-reeds.com\/de\/wp-json\/wp\/v2\/comments?post=2349"}],"wp:featuredmedia":[{"embeddable":true,"href":"https:\/\/eg-reeds.com\/de\/wp-json\/wp\/v2\/media\/24862"}],"wp:attachment":[{"href":"https:\/\/eg-reeds.com\/de\/wp-json\/wp\/v2\/media?parent=2349"}],"wp:term":[{"taxonomy":"product_brand","embeddable":true,"href":"https:\/\/eg-reeds.com\/de\/wp-json\/wp\/v2\/product_brand?post=2349"},{"taxonomy":"product_cat","embeddable":true,"href":"https:\/\/eg-reeds.com\/de\/wp-json\/wp\/v2\/product_cat?post=2349"},{"taxonomy":"product_tag","embeddable":true,"href":"https:\/\/eg-reeds.com\/de\/wp-json\/wp\/v2\/product_tag?post=2349"},{"taxonomy":"giftcard-category","embeddable":true,"href":"https:\/\/eg-reeds.com\/de\/wp-json\/wp\/v2\/giftcard-category?post=2349"}],"curies":[{"name":"wp","href":"https:\/\/api.w.org\/{rel}","templated":true}]}}