{"id":2427,"date":"2015-02-03T08:49:26","date_gmt":"2015-02-03T06:49:26","guid":{"rendered":"http:\/\/eg-reeds.com\/shop\/uncategorized\/professionelle-oboenrohr-angepasst\/"},"modified":"2026-04-10T10:37:53","modified_gmt":"2026-04-10T08:37:53","slug":"professionelle-oboenrohr-eg-reeds-personalisierbare","status":"publish","type":"product","link":"https:\/\/eg-reeds.com\/de\/shop\/professionelle-oboe-rorhe\/oboenrohre\/professionelle-oboenrohr-eg-reeds-personalisierbare\/","title":{"rendered":"Professionelle oboenrohr EG-REEDS &#8211; personalisierbare"},"content":{"rendered":"<h1><strong><b>Professionelle oboenrohr EG-REEDS &#8211; personalisierbare.<\/b><\/strong><\/h1>\n<p>Keine Zeit? Mit unseren Oboenrohren erhalten Sie mit nur wenigen Klicks genau die Rohre, die Sie sich w\u00fcnschen, direkt nach Hause geliefert. Sie k\u00f6nnen Ihr perfektes Rohr gestalten, indem Sie aus all unseren Optionen w\u00e4hlen. Unsere Rohre sind von h\u00f6chster Qualit\u00e4t, handgefertigt von den Profis bei EG-REEDS. Sie sind vollst\u00e4ndig individuell angepasst und sofort spielbereit. Spielen Sie mit Vertrauen und w\u00e4hlen Sie genau das, was Sie m\u00f6chten. F\u00fchlen Sie sich frei auf der B\u00fchne, ohne sich Gedanken \u00fcber Ihre Rohre machen zu m\u00fcssen.<\/p>\n<p>Mindestbestellmenge f\u00fcr individuelle Oboenrohre: 3 identische Rohre.<\/p>\n<p>Bitte beachten Sie, dass die Herstellung individueller professioneller Oboenrohre etwa 2 Wochen dauert.<\/p>\n<p>Alle unsere Rohre werden einzeln von \u00c9ric Gonz\u00e1lez getestet. \u00dcber uns hier: <a href=\"https:\/\/eg-reeds.com\/de\/wir-uber-uns\/\" target=\"_blank\" rel=\"noopener\">https:\/\/eg-reeds.com\/de\/wir-uber-uns\/<\/a><\/p>\n","protected":false},"excerpt":{"rendered":"<p>Mindestabnahme 3 gleich Rohre.<\/p>\n<p>Herstellungszeit: ca. 2 Wochen.<\/p>\n","protected":false},"featured_media":24642,"comment_status":"open","ping_status":"closed","template":"","meta":[],"product_brand":[],"product_cat":[508,474],"product_tag":[],"giftcard-category":[],"class_list":{"0":"post-2427","1":"product","2":"type-product","3":"status-publish","4":"has-post-thumbnail","6":"product_cat-oboenrohre","7":"product_cat-professionelle-oboe-rorhe","8":"pa_brass-wire-ja","9":"pa_brass-wire-nein","10":"pa_cane-diameter-10-mm-105-mm-de","11":"pa_cane-diameter-105-mm-11-mm-de","12":"pa_cane-diameter-95-mm-10-mm-de","13":"pa_length-of-finished-reed-70-mm-de","14":"pa_length-of-finished-reed-71-mm-de-2","15":"pa_length-of-finished-reed-72-mm-de-2","16":"pa_length-of-finished-reed-73-mm-de-2","17":"pa_shaper-901-de","18":"pa_shaper-albrecht-mayer-de","19":"pa_shaper-glotin-de","20":"pa_shaper-h49-de","21":"pa_shaper-lory-de","22":"pa_shaper-m2-de","23":"pa_shaper-maurice-bourgue-de-3","24":"pa_shaper-ramon-ortega-de-2","25":"pa_shaper-rc11-de","26":"pa_shaper-rc12-de-2","27":"pa_shaper-rc13-de-2","28":"pa_shaper-rc15-de","29":"pa_shaper-rigoutat-2-de","30":"pa_shaper-thomas-indermuehle-de","31":"pa_shaper-usa-de","32":"pa_shaper-willy-12-de","33":"pa_staple-chiarugi-45-2-de","34":"pa_staple-chiarugi-45-2-2-de","35":"pa_staple-chiarugi-45-5-de","36":"pa_staple-chiarugi-46-2-de-2","37":"pa_staple-chiarugi-46-2-2-de","38":"pa_staple-chiarugi-46-5-de-2","39":"pa_staple-chiarugi-47-2-de-2","40":"pa_staple-chiarugi-47-2-2-de","41":"pa_staple-chiarugi-47-5-de-2","42":"pa_staple-guercio-d1146-de-2","43":"pa_staple-guercio-d1147-de-2","44":"pa_staple-guercio-d1246-de-2","45":"pa_staple-guercio-d1247-de-2","46":"pa_staple-mayer-46-de","47":"pa_staple-mayer-47-de","48":"pa_staple-uwe-henze-e6-46-de","49":"pa_staple-uwe-henze-e6-47-de","50":"pa_staple-uwe-henze-e8-46-de","51":"pa_staple-uwe-henze-e8-47-de","52":"pa_thickness-055-mm-056-mm-de-2","53":"pa_thickness-056-mm-057-mm-de-2","54":"pa_thickness-057-mm-058-mm-de","55":"pa_thickness-058-mm-059-mm-de-2","56":"pa_thickness-059-mm-060-mm-de","57":"pa_thickness-060-mm-061-mm-de-2","59":"first","60":"instock","61":"featured","62":"taxable","63":"shipping-taxable","64":"purchasable","65":"product-type-variable"},"yoast_head":"<!-- This site is optimized with the Yoast SEO Premium plugin v27.0 (Yoast SEO v27.4) - https:\/\/yoast.com\/product\/yoast-seo-premium-wordpress\/ -->\n<title>Professionelle oboenrohr EG-REEDS - personalisierbare - EG-REEDS<\/title>\n<meta name=\"description\" content=\"Professionelle oboenrohr EG-REEDS - personalisierbare. Keine Zeit? Mit unseren Oboenrohren erhalten Sie mit nur wenigen Klicks genau die Rohre.\" \/>\n<meta name=\"robots\" content=\"index, follow, max-snippet:-1, max-image-preview:large, max-video-preview:-1\" \/>\n<link rel=\"canonical\" href=\"https:\/\/eg-reeds.com\/de\/shop\/professionelle-oboe-rorhe\/oboenrohre\/professionelle-oboenrohr-eg-reeds-personalisierbare\/\" \/>\n<meta property=\"og:locale\" content=\"de_DE\" \/>\n<meta property=\"og:type\" content=\"article\" \/>\n<meta property=\"og:title\" content=\"Professionelle oboenrohr EG-REEDS - personalisierbare\" \/>\n<meta property=\"og:description\" content=\"Professionelle oboenrohr EG-REEDS - personalisierbare. Keine Zeit? Mit unseren Oboenrohren erhalten Sie mit nur wenigen Klicks genau die Rohre.\" \/>\n<meta property=\"og:url\" content=\"https:\/\/eg-reeds.com\/de\/shop\/professionelle-oboe-rorhe\/oboenrohre\/professionelle-oboenrohr-eg-reeds-personalisierbare\/\" \/>\n<meta property=\"og:site_name\" content=\"EG-REEDS\" \/>\n<meta property=\"article:publisher\" content=\"https:\/\/www.facebook.com\/EGREEDS\" \/>\n<meta property=\"article:modified_time\" content=\"2026-04-10T08:37:53+00:00\" \/>\n<meta property=\"og:image\" content=\"https:\/\/eg-reeds.com\/wp-content\/uploads\/2015\/02\/Professional-custome-oboe-reed-EG-REEDS-1.jpg\" \/>\n\t<meta property=\"og:image:width\" content=\"640\" \/>\n\t<meta property=\"og:image:height\" content=\"544\" \/>\n\t<meta property=\"og:image:type\" content=\"image\/jpeg\" \/>\n<meta name=\"twitter:card\" content=\"summary_large_image\" \/>\n<meta name=\"twitter:image\" content=\"http:\/\/eg-reeds.com\/wp-content\/uploads\/2015\/02\/Professional-custome-oboe-reed-EG-REEDS-1.jpg\" \/>\n<meta name=\"twitter:site\" content=\"@egreeds\" \/>\n<meta name=\"twitter:label1\" content=\"Verf\u00fcgbarkeit\" \/>\n\t<meta name=\"twitter:data1\" content=\"Auf Lager\" \/>\n<script type=\"application\/ld+json\" class=\"yoast-schema-graph\">{\"@context\":\"https:\\\/\\\/schema.org\",\"@graph\":[{\"@type\":[\"WebPage\",\"ItemPage\"],\"@id\":\"https:\\\/\\\/eg-reeds.com\\\/de\\\/shop\\\/professionelle-oboe-rorhe\\\/oboenrohre\\\/professionelle-oboenrohr-eg-reeds-personalisierbare\\\/\",\"url\":\"https:\\\/\\\/eg-reeds.com\\\/de\\\/shop\\\/professionelle-oboe-rorhe\\\/oboenrohre\\\/professionelle-oboenrohr-eg-reeds-personalisierbare\\\/\",\"name\":\"Professionelle oboenrohr EG-REEDS - personalisierbare - EG-REEDS\",\"isPartOf\":{\"@id\":\"https:\\\/\\\/eg-reeds.com\\\/de\\\/#website\"},\"primaryImageOfPage\":{\"@id\":\"https:\\\/\\\/eg-reeds.com\\\/de\\\/shop\\\/professionelle-oboe-rorhe\\\/oboenrohre\\\/professionelle-oboenrohr-eg-reeds-personalisierbare\\\/#primaryimage\"},\"image\":{\"@id\":\"https:\\\/\\\/eg-reeds.com\\\/de\\\/shop\\\/professionelle-oboe-rorhe\\\/oboenrohre\\\/professionelle-oboenrohr-eg-reeds-personalisierbare\\\/#primaryimage\"},\"thumbnailUrl\":\"https:\\\/\\\/eg-reeds.com\\\/wp-content\\\/uploads\\\/2015\\\/02\\\/Professional-custome-oboe-reed-EG-REEDS-1.jpg\",\"datePublished\":\"2015-02-03T06:49:26+00:00\",\"dateModified\":\"2026-04-10T08:37:53+00:00\",\"description\":\"Professionelle oboenrohr EG-REEDS - personalisierbare. Keine Zeit? Mit unseren Oboenrohren erhalten Sie mit nur wenigen Klicks genau die Rohre.\",\"breadcrumb\":{\"@id\":\"https:\\\/\\\/eg-reeds.com\\\/de\\\/shop\\\/professionelle-oboe-rorhe\\\/oboenrohre\\\/professionelle-oboenrohr-eg-reeds-personalisierbare\\\/#breadcrumb\"},\"inLanguage\":\"de\",\"potentialAction\":[{\"@type\":\"ReadAction\",\"target\":[\"https:\\\/\\\/eg-reeds.com\\\/de\\\/shop\\\/professionelle-oboe-rorhe\\\/oboenrohre\\\/professionelle-oboenrohr-eg-reeds-personalisierbare\\\/\"]}]},{\"@type\":\"ImageObject\",\"inLanguage\":\"de\",\"@id\":\"https:\\\/\\\/eg-reeds.com\\\/de\\\/shop\\\/professionelle-oboe-rorhe\\\/oboenrohre\\\/professionelle-oboenrohr-eg-reeds-personalisierbare\\\/#primaryimage\",\"url\":\"https:\\\/\\\/eg-reeds.com\\\/wp-content\\\/uploads\\\/2015\\\/02\\\/Professional-custome-oboe-reed-EG-REEDS-1.jpg\",\"contentUrl\":\"https:\\\/\\\/eg-reeds.com\\\/wp-content\\\/uploads\\\/2015\\\/02\\\/Professional-custome-oboe-reed-EG-REEDS-1.jpg\",\"width\":640,\"height\":544,\"caption\":\"Professionelle oboenrohr EG-REEDS - personalisierbare\"},{\"@type\":\"BreadcrumbList\",\"@id\":\"https:\\\/\\\/eg-reeds.com\\\/de\\\/shop\\\/professionelle-oboe-rorhe\\\/oboenrohre\\\/professionelle-oboenrohr-eg-reeds-personalisierbare\\\/#breadcrumb\",\"itemListElement\":[{\"@type\":\"ListItem\",\"position\":1,\"name\":\"Startseite\",\"item\":\"https:\\\/\\\/eg-reeds.com\\\/de\\\/\"},{\"@type\":\"ListItem\",\"position\":2,\"name\":\"Shop\",\"item\":\"https:\\\/\\\/eg-reeds.com\\\/de\\\/\"},{\"@type\":\"ListItem\",\"position\":3,\"name\":\"Professionelle oboenrohr EG-REEDS &#8211; personalisierbare\"}]},{\"@type\":\"WebSite\",\"@id\":\"https:\\\/\\\/eg-reeds.com\\\/de\\\/#website\",\"url\":\"https:\\\/\\\/eg-reeds.com\\\/de\\\/\",\"name\":\"www.eg-reeds.com\",\"description\":\"Rohre f\u00fcr Oboe\",\"publisher\":{\"@id\":\"https:\\\/\\\/eg-reeds.com\\\/de\\\/#organization\"},\"alternateName\":\"eg-reeds.com\",\"potentialAction\":[{\"@type\":\"SearchAction\",\"target\":{\"@type\":\"EntryPoint\",\"urlTemplate\":\"https:\\\/\\\/eg-reeds.com\\\/de\\\/?s={search_term_string}\"},\"query-input\":{\"@type\":\"PropertyValueSpecification\",\"valueRequired\":true,\"valueName\":\"search_term_string\"}}],\"inLanguage\":\"de\"},{\"@type\":\"Organization\",\"@id\":\"https:\\\/\\\/eg-reeds.com\\\/de\\\/#organization\",\"name\":\"www.eg-reeds.com\",\"url\":\"https:\\\/\\\/eg-reeds.com\\\/de\\\/\",\"logo\":{\"@type\":\"ImageObject\",\"inLanguage\":\"de\",\"@id\":\"https:\\\/\\\/eg-reeds.com\\\/de\\\/#\\\/schema\\\/logo\\\/image\\\/\",\"url\":\"https:\\\/\\\/eg-reeds.com\\\/wp-content\\\/uploads\\\/2024\\\/06\\\/Logo-scaled-e1718793906611.jpg\",\"contentUrl\":\"https:\\\/\\\/eg-reeds.com\\\/wp-content\\\/uploads\\\/2024\\\/06\\\/Logo-scaled-e1718793906611.jpg\",\"width\":1200,\"height\":493,\"caption\":\"www.eg-reeds.com\"},\"image\":{\"@id\":\"https:\\\/\\\/eg-reeds.com\\\/de\\\/#\\\/schema\\\/logo\\\/image\\\/\"},\"sameAs\":[\"https:\\\/\\\/www.facebook.com\\\/EGREEDS\",\"https:\\\/\\\/x.com\\\/egreeds\",\"https:\\\/\\\/www.instagram.com\\\/egreeds\\\/\",\"https:\\\/\\\/www.youtube.com\\\/c\\\/EGREEDS\",\"https:\\\/\\\/www.threads.net\\\/@egreeds\",\"https:\\\/\\\/www.tiktok.com\\\/@egreeds\"]}]}<\/script>\n<meta property=\"og:availability\" content=\"instock\" \/>\n<meta property=\"product:availability\" content=\"instock\" \/>\n<meta property=\"product:retailer_item_id\" content=\"CPOB-C\" \/>\n<meta property=\"product:condition\" content=\"new\" \/>\n<!-- \/ Yoast SEO Premium plugin. -->","yoast_head_json":{"title":"Professionelle oboenrohr EG-REEDS - personalisierbare - EG-REEDS","description":"Professionelle oboenrohr EG-REEDS - personalisierbare. Keine Zeit? Mit unseren Oboenrohren erhalten Sie mit nur wenigen Klicks genau die Rohre.","robots":{"index":"index","follow":"follow","max-snippet":"max-snippet:-1","max-image-preview":"max-image-preview:large","max-video-preview":"max-video-preview:-1"},"canonical":"https:\/\/eg-reeds.com\/de\/shop\/professionelle-oboe-rorhe\/oboenrohre\/professionelle-oboenrohr-eg-reeds-personalisierbare\/","og_locale":"de_DE","og_type":"article","og_title":"Professionelle oboenrohr EG-REEDS - personalisierbare","og_description":"Professionelle oboenrohr EG-REEDS - personalisierbare. Keine Zeit? Mit unseren Oboenrohren erhalten Sie mit nur wenigen Klicks genau die Rohre.","og_url":"https:\/\/eg-reeds.com\/de\/shop\/professionelle-oboe-rorhe\/oboenrohre\/professionelle-oboenrohr-eg-reeds-personalisierbare\/","og_site_name":"EG-REEDS","article_publisher":"https:\/\/www.facebook.com\/EGREEDS","article_modified_time":"2026-04-10T08:37:53+00:00","og_image":[{"width":640,"height":544,"url":"https:\/\/eg-reeds.com\/wp-content\/uploads\/2015\/02\/Professional-custome-oboe-reed-EG-REEDS-1.jpg","type":"image\/jpeg"}],"twitter_card":"summary_large_image","twitter_image":"http:\/\/eg-reeds.com\/wp-content\/uploads\/2015\/02\/Professional-custome-oboe-reed-EG-REEDS-1.jpg","twitter_site":"@egreeds","twitter_misc":{"Verf\u00fcgbarkeit":"Auf Lager"},"schema":{"@context":"https:\/\/schema.org","@graph":[{"@type":["WebPage","ItemPage"],"@id":"https:\/\/eg-reeds.com\/de\/shop\/professionelle-oboe-rorhe\/oboenrohre\/professionelle-oboenrohr-eg-reeds-personalisierbare\/","url":"https:\/\/eg-reeds.com\/de\/shop\/professionelle-oboe-rorhe\/oboenrohre\/professionelle-oboenrohr-eg-reeds-personalisierbare\/","name":"Professionelle oboenrohr EG-REEDS - personalisierbare - EG-REEDS","isPartOf":{"@id":"https:\/\/eg-reeds.com\/de\/#website"},"primaryImageOfPage":{"@id":"https:\/\/eg-reeds.com\/de\/shop\/professionelle-oboe-rorhe\/oboenrohre\/professionelle-oboenrohr-eg-reeds-personalisierbare\/#primaryimage"},"image":{"@id":"https:\/\/eg-reeds.com\/de\/shop\/professionelle-oboe-rorhe\/oboenrohre\/professionelle-oboenrohr-eg-reeds-personalisierbare\/#primaryimage"},"thumbnailUrl":"https:\/\/eg-reeds.com\/wp-content\/uploads\/2015\/02\/Professional-custome-oboe-reed-EG-REEDS-1.jpg","datePublished":"2015-02-03T06:49:26+00:00","dateModified":"2026-04-10T08:37:53+00:00","description":"Professionelle oboenrohr EG-REEDS - personalisierbare. Keine Zeit? Mit unseren Oboenrohren erhalten Sie mit nur wenigen Klicks genau die Rohre.","breadcrumb":{"@id":"https:\/\/eg-reeds.com\/de\/shop\/professionelle-oboe-rorhe\/oboenrohre\/professionelle-oboenrohr-eg-reeds-personalisierbare\/#breadcrumb"},"inLanguage":"de","potentialAction":[{"@type":"ReadAction","target":["https:\/\/eg-reeds.com\/de\/shop\/professionelle-oboe-rorhe\/oboenrohre\/professionelle-oboenrohr-eg-reeds-personalisierbare\/"]}]},{"@type":"ImageObject","inLanguage":"de","@id":"https:\/\/eg-reeds.com\/de\/shop\/professionelle-oboe-rorhe\/oboenrohre\/professionelle-oboenrohr-eg-reeds-personalisierbare\/#primaryimage","url":"https:\/\/eg-reeds.com\/wp-content\/uploads\/2015\/02\/Professional-custome-oboe-reed-EG-REEDS-1.jpg","contentUrl":"https:\/\/eg-reeds.com\/wp-content\/uploads\/2015\/02\/Professional-custome-oboe-reed-EG-REEDS-1.jpg","width":640,"height":544,"caption":"Professionelle oboenrohr EG-REEDS - personalisierbare"},{"@type":"BreadcrumbList","@id":"https:\/\/eg-reeds.com\/de\/shop\/professionelle-oboe-rorhe\/oboenrohre\/professionelle-oboenrohr-eg-reeds-personalisierbare\/#breadcrumb","itemListElement":[{"@type":"ListItem","position":1,"name":"Startseite","item":"https:\/\/eg-reeds.com\/de\/"},{"@type":"ListItem","position":2,"name":"Shop","item":"https:\/\/eg-reeds.com\/de\/"},{"@type":"ListItem","position":3,"name":"Professionelle oboenrohr EG-REEDS &#8211; personalisierbare"}]},{"@type":"WebSite","@id":"https:\/\/eg-reeds.com\/de\/#website","url":"https:\/\/eg-reeds.com\/de\/","name":"www.eg-reeds.com","description":"Rohre f\u00fcr Oboe","publisher":{"@id":"https:\/\/eg-reeds.com\/de\/#organization"},"alternateName":"eg-reeds.com","potentialAction":[{"@type":"SearchAction","target":{"@type":"EntryPoint","urlTemplate":"https:\/\/eg-reeds.com\/de\/?s={search_term_string}"},"query-input":{"@type":"PropertyValueSpecification","valueRequired":true,"valueName":"search_term_string"}}],"inLanguage":"de"},{"@type":"Organization","@id":"https:\/\/eg-reeds.com\/de\/#organization","name":"www.eg-reeds.com","url":"https:\/\/eg-reeds.com\/de\/","logo":{"@type":"ImageObject","inLanguage":"de","@id":"https:\/\/eg-reeds.com\/de\/#\/schema\/logo\/image\/","url":"https:\/\/eg-reeds.com\/wp-content\/uploads\/2024\/06\/Logo-scaled-e1718793906611.jpg","contentUrl":"https:\/\/eg-reeds.com\/wp-content\/uploads\/2024\/06\/Logo-scaled-e1718793906611.jpg","width":1200,"height":493,"caption":"www.eg-reeds.com"},"image":{"@id":"https:\/\/eg-reeds.com\/de\/#\/schema\/logo\/image\/"},"sameAs":["https:\/\/www.facebook.com\/EGREEDS","https:\/\/x.com\/egreeds","https:\/\/www.instagram.com\/egreeds\/","https:\/\/www.youtube.com\/c\/EGREEDS","https:\/\/www.threads.net\/@egreeds","https:\/\/www.tiktok.com\/@egreeds"]}]},"og_availability":"instock","product_availability":"instock","product_retailer_item_id":"CPOB-C","product_condition":"new"},"_links":{"self":[{"href":"https:\/\/eg-reeds.com\/de\/wp-json\/wp\/v2\/product\/2427","targetHints":{"allow":["GET"]}}],"collection":[{"href":"https:\/\/eg-reeds.com\/de\/wp-json\/wp\/v2\/product"}],"about":[{"href":"https:\/\/eg-reeds.com\/de\/wp-json\/wp\/v2\/types\/product"}],"replies":[{"embeddable":true,"href":"https:\/\/eg-reeds.com\/de\/wp-json\/wp\/v2\/comments?post=2427"}],"wp:featuredmedia":[{"embeddable":true,"href":"https:\/\/eg-reeds.com\/de\/wp-json\/wp\/v2\/media\/24642"}],"wp:attachment":[{"href":"https:\/\/eg-reeds.com\/de\/wp-json\/wp\/v2\/media?parent=2427"}],"wp:term":[{"taxonomy":"product_brand","embeddable":true,"href":"https:\/\/eg-reeds.com\/de\/wp-json\/wp\/v2\/product_brand?post=2427"},{"taxonomy":"product_cat","embeddable":true,"href":"https:\/\/eg-reeds.com\/de\/wp-json\/wp\/v2\/product_cat?post=2427"},{"taxonomy":"product_tag","embeddable":true,"href":"https:\/\/eg-reeds.com\/de\/wp-json\/wp\/v2\/product_tag?post=2427"},{"taxonomy":"giftcard-category","embeddable":true,"href":"https:\/\/eg-reeds.com\/de\/wp-json\/wp\/v2\/giftcard-category?post=2427"}],"curies":[{"name":"wp","href":"https:\/\/api.w.org\/{rel}","templated":true}]}}