{"id":2445,"date":"2015-02-03T08:00:16","date_gmt":"2015-02-03T07:00:16","guid":{"rendered":"http:\/\/eg-reeds.com\/shop\/uncategorized\/oboenrohr-einsteiger\/"},"modified":"2025-05-29T05:50:32","modified_gmt":"2025-05-29T03:50:32","slug":"oboenrohr-fuer-studenten-fortgeschrittene-eg-reeds","status":"publish","type":"product","link":"https:\/\/eg-reeds.com\/de\/shop\/schuler-rohre-und-holzer\/oboenrohr-fuer-studenten-fortgeschrittene-eg-reeds\/","title":{"rendered":"Oboenrohr f\u00fcr Studenten (Fortgeschrittene) EG-REEDS"},"content":{"rendered":"<h1><strong>Oboenrohr f\u00fcr Studenten (Fortgeschrittene) EG-REEDS<\/strong><\/h1>\n<p>Oboenrohr f\u00fcr Studenten (Fortgeschrittene) EG-REEDS. Unsere Oboenrohre f\u00fcr fortgeschrittene Sch\u00fcler wurden entwickelt, um dich in einer entscheidenden Phase zu begleiten \u2013 wenn Technik und Ausdruck zusammenfinden. Sie werden aus denselben hochwertigen Materialien und mit der gleichen handwerklichen Sorgfalt gefertigt wie unsere professionellen Oboenrohre. Wir w\u00e4hlen die Dichte des Rohrholzes speziell f\u00fcr fortgeschrittene Sch\u00fcler aus, um mehr Flexibilit\u00e4t und Kontrolle zu bieten \u2013 ideal f\u00fcr alle, die ihre Technik weiterentwickeln m\u00f6chten.<\/p>\n<p>Wir bestimmen die Dichte jedes Rohrs pr\u00e4zise, um <strong>mehr Kontrolle, bessere Ansprache und einen flexibleren Luftstrom<\/strong> zu gew\u00e4hrleisten \u2013 perfekt, um deinen eigenen Klang zu formen und anspruchsvolleres Repertoire zu meistern.<\/p>\n<p>&nbsp;<\/p>\n<h2>\ud83c\udfaf F\u00fcr wen sind die Oboenrohre f\u00fcr fortgeschrittene Studenten geeignet?<\/h2>\n<p>Diese Rohre sind f\u00fcr Oboisten ab dem dritten Spieljahr bis hin zu den ersten Phasen der professionellen Ausbildung konzipiert. Wir empfehlen dennoch, R\u00fccksprache mit deinem Lehrer zu halten \u2013 er oder sie wei\u00df am besten, was zu deinem Niveau und Spielstil passt.<\/p>\n<ul>\n<li class=\"bullet-checkmark\"><strong>Ausgewogener und gut gestimmter Klang<\/strong>.<\/li>\n<li class=\"bullet-checkmark\"><strong>Mehr Kontrolle und leichte Ansprache<\/strong>.<\/li>\n<li class=\"bullet-checkmark\"><strong>Professionelle Qualit\u00e4t zu einem fairen Preis<\/strong>.<\/li>\n<\/ul>\n<p>&nbsp;<\/p>\n<h2>H\u00e4ufig gestellte Fragen zum Oboenrohr f\u00fcr fortgeschrittene Studenten<\/h2>\n<ul>\n<li><strong>F\u00fcr welches Spielniveau ist dieses Rohr geeignet?<\/strong><br \/>\nEs wurde f\u00fcr fortgeschrittene Sch\u00fcler entwickelt \u2013 in der Regel ab dem dritten Jahr des Oboenspiels bis zu den ersten Schritten in der professionellen Ausbildung. Wir empfehlen trotzdem, mit deinem Lehrer R\u00fccksprache zu halten, um sicherzustellen, dass das Rohr zu deinem Niveau passt.<\/li>\n<li><strong>Worin unterscheidet es sich von einem professionellen Oboenrohr?<\/strong><br \/>\nObwohl sie dieselben Materialien und die gleiche Handwerkskunst wie unsere professionellen Oboenrohre verwendet, besitzt diese Version eine <strong>spezielle Dichte und Form<\/strong>, die darauf ausgelegt ist, Kontrolle, Artikulation und Tonerzeugung f\u00fcr fortgeschrittene Sch\u00fcler zu erleichtern.<\/li>\n<li><strong>Welchen Klang bietet es?<\/strong><br \/>\nEs liefert einen <strong>gut gestimmten, ausgewogenen Klang<\/strong> mit <strong>leichter Ansprache<\/strong> \u2013 ideal f\u00fcr Sch\u00fcler.<\/li>\n<li><strong>Kann ich dieses Rohr verwenden, wenn ich Anf\u00e4nger bin?<\/strong><br \/>\nEs ist nicht die beste Wahl. F\u00fcr Anf\u00e4nger bietet EG-REEDS spezielle <strong><a href=\"https:\/\/eg-reeds.com\/de\/shop\/schuler-rohre-und-holzer\/oboenrohr-fuer-studenten-einsteiger-eg-reeds\/\" target=\"_blank\" rel=\"noopener\">Einsteigerrohre<\/a><\/strong> mit weicherem Widerstand, um den Lernprozess zu erleichtern.<\/li>\n<\/ul>\n<p><strong>Bestelle jetzt dein Oboenrohr f\u00fcr fortgeschrittene Studenten von EG-REEDS zum besten Preis.<\/strong><\/p>\n<p>Du m\u00f6chtest wissen, welches Rohr ideal f\u00fcr dein Spielniveau ist? Schau dir diesen Blogartikel mit allen Details zu <strong><a href=\"https:\/\/eg-reeds.com\/de\/oboenrohre-das-ideale-rohr-fuer-jede-stufe\/\" target=\"_blank\" rel=\"noopener\">dem idealen Rohr f\u00fcr jede Lernstufe<\/a><\/strong> an.<\/p>\n","protected":false},"excerpt":{"rendered":"<p>1 Einheit.<\/p>\n","protected":false},"featured_media":35904,"comment_status":"open","ping_status":"closed","template":"","meta":[],"product_brand":[],"product_cat":[510],"product_tag":[],"giftcard-category":[],"class_list":{"0":"post-2445","1":"product","2":"type-product","3":"status-publish","4":"has-post-thumbnail","6":"product_cat-schuler-rohre-und-holzer","8":"first","9":"instock","10":"featured","11":"taxable","12":"shipping-taxable","13":"purchasable","14":"product-type-simple"},"yoast_head":"<!-- This site is optimized with the Yoast SEO Premium plugin v27.0 (Yoast SEO v27.4) - https:\/\/yoast.com\/product\/yoast-seo-premium-wordpress\/ -->\n<title>Oboenrohr f\u00fcr Studenten (Fortgeschrittene) EG-REEDS<\/title>\n<meta name=\"description\" content=\"Handgefertigtes Oboenrohr f\u00fcr fortgeschrittene Sch\u00fcler: optimierte Rohrholzdichte f\u00fcr mehr Kontrolle, leichte Ansprache und vollen Klang.\" \/>\n<meta name=\"robots\" content=\"index, follow, max-snippet:-1, max-image-preview:large, max-video-preview:-1\" \/>\n<link rel=\"canonical\" href=\"https:\/\/eg-reeds.com\/de\/shop\/schuler-rohre-und-holzer\/oboenrohr-fuer-studenten-fortgeschrittene-eg-reeds\/\" \/>\n<meta property=\"og:locale\" content=\"de_DE\" \/>\n<meta property=\"og:type\" content=\"article\" \/>\n<meta property=\"og:title\" content=\"Oboenrohr f\u00fcr Studenten (Fortgeschrittene) EG-REEDS\" \/>\n<meta property=\"og:description\" content=\"Handgefertigtes Oboenrohr f\u00fcr fortgeschrittene Sch\u00fcler: optimierte Rohrholzdichte f\u00fcr mehr Kontrolle, leichte Ansprache und vollen Klang.\" \/>\n<meta property=\"og:url\" content=\"https:\/\/eg-reeds.com\/de\/shop\/schuler-rohre-und-holzer\/oboenrohr-fuer-studenten-fortgeschrittene-eg-reeds\/\" \/>\n<meta property=\"og:site_name\" content=\"EG-REEDS\" \/>\n<meta property=\"article:publisher\" content=\"https:\/\/www.facebook.com\/EGREEDS\" \/>\n<meta property=\"article:modified_time\" content=\"2025-05-29T03:50:32+00:00\" \/>\n<meta property=\"og:image\" content=\"https:\/\/eg-reeds.com\/wp-content\/uploads\/2015\/02\/intermediate-oboe-reed-EG-REEDS.jpg\" \/>\n\t<meta property=\"og:image:width\" content=\"1280\" \/>\n\t<meta property=\"og:image:height\" content=\"1088\" \/>\n\t<meta property=\"og:image:type\" content=\"image\/jpeg\" \/>\n<meta name=\"twitter:card\" content=\"summary_large_image\" \/>\n<meta name=\"twitter:site\" content=\"@egreeds\" \/>\n<meta name=\"twitter:label1\" content=\"Preis\" \/>\n\t<meta name=\"twitter:data1\" content=\"14,50&euro;\" \/>\n\t<meta name=\"twitter:label2\" content=\"Verf\u00fcgbarkeit\" \/>\n\t<meta name=\"twitter:data2\" content=\"Auf Lager\" \/>\n<script type=\"application\/ld+json\" class=\"yoast-schema-graph\">{\"@context\":\"https:\\\/\\\/schema.org\",\"@graph\":[{\"@type\":[\"WebPage\",\"ItemPage\"],\"@id\":\"https:\\\/\\\/eg-reeds.com\\\/de\\\/shop\\\/schuler-rohre-und-holzer\\\/oboenrohr-fuer-studenten-fortgeschrittene-eg-reeds\\\/\",\"url\":\"https:\\\/\\\/eg-reeds.com\\\/de\\\/shop\\\/schuler-rohre-und-holzer\\\/oboenrohr-fuer-studenten-fortgeschrittene-eg-reeds\\\/\",\"name\":\"Oboenrohr f\u00fcr Studenten (Fortgeschrittene) EG-REEDS\",\"isPartOf\":{\"@id\":\"https:\\\/\\\/eg-reeds.com\\\/de\\\/#website\"},\"primaryImageOfPage\":{\"@id\":\"https:\\\/\\\/eg-reeds.com\\\/de\\\/shop\\\/schuler-rohre-und-holzer\\\/oboenrohr-fuer-studenten-fortgeschrittene-eg-reeds\\\/#primaryimage\"},\"image\":{\"@id\":\"https:\\\/\\\/eg-reeds.com\\\/de\\\/shop\\\/schuler-rohre-und-holzer\\\/oboenrohr-fuer-studenten-fortgeschrittene-eg-reeds\\\/#primaryimage\"},\"thumbnailUrl\":\"https:\\\/\\\/eg-reeds.com\\\/wp-content\\\/uploads\\\/2015\\\/02\\\/intermediate-oboe-reed-EG-REEDS.jpg\",\"datePublished\":\"2015-02-03T07:00:16+00:00\",\"dateModified\":\"2025-05-29T03:50:32+00:00\",\"description\":\"Handgefertigtes Oboenrohr f\u00fcr fortgeschrittene Sch\u00fcler: optimierte Rohrholzdichte f\u00fcr mehr Kontrolle, leichte Ansprache und vollen Klang.\",\"breadcrumb\":{\"@id\":\"https:\\\/\\\/eg-reeds.com\\\/de\\\/shop\\\/schuler-rohre-und-holzer\\\/oboenrohr-fuer-studenten-fortgeschrittene-eg-reeds\\\/#breadcrumb\"},\"inLanguage\":\"de\",\"potentialAction\":[{\"@type\":\"ReadAction\",\"target\":[\"https:\\\/\\\/eg-reeds.com\\\/de\\\/shop\\\/schuler-rohre-und-holzer\\\/oboenrohr-fuer-studenten-fortgeschrittene-eg-reeds\\\/\"]}]},{\"@type\":\"ImageObject\",\"inLanguage\":\"de\",\"@id\":\"https:\\\/\\\/eg-reeds.com\\\/de\\\/shop\\\/schuler-rohre-und-holzer\\\/oboenrohr-fuer-studenten-fortgeschrittene-eg-reeds\\\/#primaryimage\",\"url\":\"https:\\\/\\\/eg-reeds.com\\\/wp-content\\\/uploads\\\/2015\\\/02\\\/intermediate-oboe-reed-EG-REEDS.jpg\",\"contentUrl\":\"https:\\\/\\\/eg-reeds.com\\\/wp-content\\\/uploads\\\/2015\\\/02\\\/intermediate-oboe-reed-EG-REEDS.jpg\",\"width\":1280,\"height\":1088,\"caption\":\"Oboenrohr f\u00fcr Studenten (Fortgeschrittene) EG-REEDS\"},{\"@type\":\"BreadcrumbList\",\"@id\":\"https:\\\/\\\/eg-reeds.com\\\/de\\\/shop\\\/schuler-rohre-und-holzer\\\/oboenrohr-fuer-studenten-fortgeschrittene-eg-reeds\\\/#breadcrumb\",\"itemListElement\":[{\"@type\":\"ListItem\",\"position\":1,\"name\":\"Startseite\",\"item\":\"https:\\\/\\\/eg-reeds.com\\\/de\\\/\"},{\"@type\":\"ListItem\",\"position\":2,\"name\":\"Shop\",\"item\":\"https:\\\/\\\/eg-reeds.com\\\/de\\\/\"},{\"@type\":\"ListItem\",\"position\":3,\"name\":\"Oboenrohr f\u00fcr Studenten (Fortgeschrittene) EG-REEDS\"}]},{\"@type\":\"WebSite\",\"@id\":\"https:\\\/\\\/eg-reeds.com\\\/de\\\/#website\",\"url\":\"https:\\\/\\\/eg-reeds.com\\\/de\\\/\",\"name\":\"www.eg-reeds.com\",\"description\":\"Rohre f\u00fcr Oboe\",\"publisher\":{\"@id\":\"https:\\\/\\\/eg-reeds.com\\\/de\\\/#organization\"},\"alternateName\":\"eg-reeds.com\",\"potentialAction\":[{\"@type\":\"SearchAction\",\"target\":{\"@type\":\"EntryPoint\",\"urlTemplate\":\"https:\\\/\\\/eg-reeds.com\\\/de\\\/?s={search_term_string}\"},\"query-input\":{\"@type\":\"PropertyValueSpecification\",\"valueRequired\":true,\"valueName\":\"search_term_string\"}}],\"inLanguage\":\"de\"},{\"@type\":\"Organization\",\"@id\":\"https:\\\/\\\/eg-reeds.com\\\/de\\\/#organization\",\"name\":\"www.eg-reeds.com\",\"url\":\"https:\\\/\\\/eg-reeds.com\\\/de\\\/\",\"logo\":{\"@type\":\"ImageObject\",\"inLanguage\":\"de\",\"@id\":\"https:\\\/\\\/eg-reeds.com\\\/de\\\/#\\\/schema\\\/logo\\\/image\\\/\",\"url\":\"https:\\\/\\\/eg-reeds.com\\\/wp-content\\\/uploads\\\/2024\\\/06\\\/Logo-scaled-e1718793906611.jpg\",\"contentUrl\":\"https:\\\/\\\/eg-reeds.com\\\/wp-content\\\/uploads\\\/2024\\\/06\\\/Logo-scaled-e1718793906611.jpg\",\"width\":1200,\"height\":493,\"caption\":\"www.eg-reeds.com\"},\"image\":{\"@id\":\"https:\\\/\\\/eg-reeds.com\\\/de\\\/#\\\/schema\\\/logo\\\/image\\\/\"},\"sameAs\":[\"https:\\\/\\\/www.facebook.com\\\/EGREEDS\",\"https:\\\/\\\/x.com\\\/egreeds\",\"https:\\\/\\\/www.instagram.com\\\/egreeds\\\/\",\"https:\\\/\\\/www.youtube.com\\\/c\\\/EGREEDS\",\"https:\\\/\\\/www.threads.net\\\/@egreeds\",\"https:\\\/\\\/www.tiktok.com\\\/@egreeds\"]}]}<\/script>\n<meta property=\"product:price:amount\" content=\"14.50\" \/>\n<meta property=\"product:price:currency\" content=\"EUR\" \/>\n<meta property=\"og:availability\" content=\"instock\" \/>\n<meta property=\"product:availability\" content=\"instock\" \/>\n<meta property=\"product:retailer_item_id\" content=\"CEI\" \/>\n<meta property=\"product:condition\" content=\"new\" \/>\n<!-- \/ Yoast SEO Premium plugin. -->","yoast_head_json":{"title":"Oboenrohr f\u00fcr Studenten (Fortgeschrittene) EG-REEDS","description":"Handgefertigtes Oboenrohr f\u00fcr fortgeschrittene Sch\u00fcler: optimierte Rohrholzdichte f\u00fcr mehr Kontrolle, leichte Ansprache und vollen Klang.","robots":{"index":"index","follow":"follow","max-snippet":"max-snippet:-1","max-image-preview":"max-image-preview:large","max-video-preview":"max-video-preview:-1"},"canonical":"https:\/\/eg-reeds.com\/de\/shop\/schuler-rohre-und-holzer\/oboenrohr-fuer-studenten-fortgeschrittene-eg-reeds\/","og_locale":"de_DE","og_type":"article","og_title":"Oboenrohr f\u00fcr Studenten (Fortgeschrittene) EG-REEDS","og_description":"Handgefertigtes Oboenrohr f\u00fcr fortgeschrittene Sch\u00fcler: optimierte Rohrholzdichte f\u00fcr mehr Kontrolle, leichte Ansprache und vollen Klang.","og_url":"https:\/\/eg-reeds.com\/de\/shop\/schuler-rohre-und-holzer\/oboenrohr-fuer-studenten-fortgeschrittene-eg-reeds\/","og_site_name":"EG-REEDS","article_publisher":"https:\/\/www.facebook.com\/EGREEDS","article_modified_time":"2025-05-29T03:50:32+00:00","og_image":[{"width":1280,"height":1088,"url":"https:\/\/eg-reeds.com\/wp-content\/uploads\/2015\/02\/intermediate-oboe-reed-EG-REEDS.jpg","type":"image\/jpeg"}],"twitter_card":"summary_large_image","twitter_site":"@egreeds","twitter_misc":{"Preis":"14,50&euro;","Verf\u00fcgbarkeit":"Auf Lager"},"schema":{"@context":"https:\/\/schema.org","@graph":[{"@type":["WebPage","ItemPage"],"@id":"https:\/\/eg-reeds.com\/de\/shop\/schuler-rohre-und-holzer\/oboenrohr-fuer-studenten-fortgeschrittene-eg-reeds\/","url":"https:\/\/eg-reeds.com\/de\/shop\/schuler-rohre-und-holzer\/oboenrohr-fuer-studenten-fortgeschrittene-eg-reeds\/","name":"Oboenrohr f\u00fcr Studenten (Fortgeschrittene) EG-REEDS","isPartOf":{"@id":"https:\/\/eg-reeds.com\/de\/#website"},"primaryImageOfPage":{"@id":"https:\/\/eg-reeds.com\/de\/shop\/schuler-rohre-und-holzer\/oboenrohr-fuer-studenten-fortgeschrittene-eg-reeds\/#primaryimage"},"image":{"@id":"https:\/\/eg-reeds.com\/de\/shop\/schuler-rohre-und-holzer\/oboenrohr-fuer-studenten-fortgeschrittene-eg-reeds\/#primaryimage"},"thumbnailUrl":"https:\/\/eg-reeds.com\/wp-content\/uploads\/2015\/02\/intermediate-oboe-reed-EG-REEDS.jpg","datePublished":"2015-02-03T07:00:16+00:00","dateModified":"2025-05-29T03:50:32+00:00","description":"Handgefertigtes Oboenrohr f\u00fcr fortgeschrittene Sch\u00fcler: optimierte Rohrholzdichte f\u00fcr mehr Kontrolle, leichte Ansprache und vollen Klang.","breadcrumb":{"@id":"https:\/\/eg-reeds.com\/de\/shop\/schuler-rohre-und-holzer\/oboenrohr-fuer-studenten-fortgeschrittene-eg-reeds\/#breadcrumb"},"inLanguage":"de","potentialAction":[{"@type":"ReadAction","target":["https:\/\/eg-reeds.com\/de\/shop\/schuler-rohre-und-holzer\/oboenrohr-fuer-studenten-fortgeschrittene-eg-reeds\/"]}]},{"@type":"ImageObject","inLanguage":"de","@id":"https:\/\/eg-reeds.com\/de\/shop\/schuler-rohre-und-holzer\/oboenrohr-fuer-studenten-fortgeschrittene-eg-reeds\/#primaryimage","url":"https:\/\/eg-reeds.com\/wp-content\/uploads\/2015\/02\/intermediate-oboe-reed-EG-REEDS.jpg","contentUrl":"https:\/\/eg-reeds.com\/wp-content\/uploads\/2015\/02\/intermediate-oboe-reed-EG-REEDS.jpg","width":1280,"height":1088,"caption":"Oboenrohr f\u00fcr Studenten (Fortgeschrittene) EG-REEDS"},{"@type":"BreadcrumbList","@id":"https:\/\/eg-reeds.com\/de\/shop\/schuler-rohre-und-holzer\/oboenrohr-fuer-studenten-fortgeschrittene-eg-reeds\/#breadcrumb","itemListElement":[{"@type":"ListItem","position":1,"name":"Startseite","item":"https:\/\/eg-reeds.com\/de\/"},{"@type":"ListItem","position":2,"name":"Shop","item":"https:\/\/eg-reeds.com\/de\/"},{"@type":"ListItem","position":3,"name":"Oboenrohr f\u00fcr Studenten (Fortgeschrittene) EG-REEDS"}]},{"@type":"WebSite","@id":"https:\/\/eg-reeds.com\/de\/#website","url":"https:\/\/eg-reeds.com\/de\/","name":"www.eg-reeds.com","description":"Rohre f\u00fcr Oboe","publisher":{"@id":"https:\/\/eg-reeds.com\/de\/#organization"},"alternateName":"eg-reeds.com","potentialAction":[{"@type":"SearchAction","target":{"@type":"EntryPoint","urlTemplate":"https:\/\/eg-reeds.com\/de\/?s={search_term_string}"},"query-input":{"@type":"PropertyValueSpecification","valueRequired":true,"valueName":"search_term_string"}}],"inLanguage":"de"},{"@type":"Organization","@id":"https:\/\/eg-reeds.com\/de\/#organization","name":"www.eg-reeds.com","url":"https:\/\/eg-reeds.com\/de\/","logo":{"@type":"ImageObject","inLanguage":"de","@id":"https:\/\/eg-reeds.com\/de\/#\/schema\/logo\/image\/","url":"https:\/\/eg-reeds.com\/wp-content\/uploads\/2024\/06\/Logo-scaled-e1718793906611.jpg","contentUrl":"https:\/\/eg-reeds.com\/wp-content\/uploads\/2024\/06\/Logo-scaled-e1718793906611.jpg","width":1200,"height":493,"caption":"www.eg-reeds.com"},"image":{"@id":"https:\/\/eg-reeds.com\/de\/#\/schema\/logo\/image\/"},"sameAs":["https:\/\/www.facebook.com\/EGREEDS","https:\/\/x.com\/egreeds","https:\/\/www.instagram.com\/egreeds\/","https:\/\/www.youtube.com\/c\/EGREEDS","https:\/\/www.threads.net\/@egreeds","https:\/\/www.tiktok.com\/@egreeds"]}]},"product_price_amount":"14.50","product_price_currency":"EUR","og_availability":"instock","product_availability":"instock","product_retailer_item_id":"CEI","product_condition":"new"},"_links":{"self":[{"href":"https:\/\/eg-reeds.com\/de\/wp-json\/wp\/v2\/product\/2445","targetHints":{"allow":["GET"]}}],"collection":[{"href":"https:\/\/eg-reeds.com\/de\/wp-json\/wp\/v2\/product"}],"about":[{"href":"https:\/\/eg-reeds.com\/de\/wp-json\/wp\/v2\/types\/product"}],"replies":[{"embeddable":true,"href":"https:\/\/eg-reeds.com\/de\/wp-json\/wp\/v2\/comments?post=2445"}],"wp:featuredmedia":[{"embeddable":true,"href":"https:\/\/eg-reeds.com\/de\/wp-json\/wp\/v2\/media\/35904"}],"wp:attachment":[{"href":"https:\/\/eg-reeds.com\/de\/wp-json\/wp\/v2\/media?parent=2445"}],"wp:term":[{"taxonomy":"product_brand","embeddable":true,"href":"https:\/\/eg-reeds.com\/de\/wp-json\/wp\/v2\/product_brand?post=2445"},{"taxonomy":"product_cat","embeddable":true,"href":"https:\/\/eg-reeds.com\/de\/wp-json\/wp\/v2\/product_cat?post=2445"},{"taxonomy":"product_tag","embeddable":true,"href":"https:\/\/eg-reeds.com\/de\/wp-json\/wp\/v2\/product_tag?post=2445"},{"taxonomy":"giftcard-category","embeddable":true,"href":"https:\/\/eg-reeds.com\/de\/wp-json\/wp\/v2\/giftcard-category?post=2445"}],"curies":[{"name":"wp","href":"https:\/\/api.w.org\/{rel}","templated":true}]}}