{"id":2448,"date":"2015-02-24T12:20:42","date_gmt":"2015-02-24T11:20:42","guid":{"rendered":"http:\/\/eg-reeds.com\/shop\/uncategorized\/oboenrohr-einsteiger-2\/"},"modified":"2025-09-23T10:18:02","modified_gmt":"2025-09-23T08:18:02","slug":"oboenrohr-fuer-studenten-einsteiger-eg-reeds","status":"publish","type":"product","link":"https:\/\/eg-reeds.com\/de\/shop\/schuler-rohre-und-holzer\/oboenrohr-fuer-studenten-einsteiger-eg-reeds\/","title":{"rendered":"Oboenrohr f\u00fcr Studenten (Einsteiger) EG-REEDS"},"content":{"rendered":"<h1><b>Oboenrohr f\u00fcr Studenten (Einsteiger) EG-REEDS.<\/b><\/h1>\n<p>Oboenrohr f\u00fcr Studenten (Einsteiger) EG-REEDS. G\u00fcnstige und hochwertige Oboenrohre f\u00fcr Sch\u00fcler zu kaufen, war noch nie so einfach. Unsere Einsteiger-Oboenrohre werden aus dem gleichen Material gefertigt wie unsere professionellen Rohre und sind speziell f\u00fcr Anf\u00e4nger konzipiert, die ihre ersten Schritte in der Welt der Oboe machen.<\/p>\n<p>Wir w\u00e4hlen die Dichte jedes Rohrs sorgf\u00e4ltig aus, um sie an die spezifischen Bed\u00fcrfnisse von Einsteigern anzupassen und eine leichte Tonerzeugung zu gew\u00e4hrleisten. Dadurch wird das Erlernen der Oboe erleichtert \u2013 besonders f\u00fcr junge Musiker, die gerade anfangen, dieses faszinierende Instrument zu entdecken. Dar\u00fcber hinaus bieten wir unsere Einsteigerrohre zum besten Preis an \u2013 eine erschwingliche Option f\u00fcr Sch\u00fcler und Eltern.<\/p>\n<p>Wir empfehlen unsere Oboenrohre f\u00fcr Einsteiger in den ersten drei Jahren des Oboenspiels. Dennoch ist es immer wichtig, den individuellen Rat der Musiklehrkraft zu ber\u00fccksichtigen, die gezielte Empfehlungen entsprechend dem Bedarf des jeweiligen Sch\u00fclers geben kann.<\/p>\n<p>Mit EG-REEDS kannst du sicher sein, ein g\u00fcnstiges, aber qualitativ hochwertiges Oboenrohr zu erwerben. Speziell entwickelt, um Sch\u00fclern zu helfen, ihr musikalisches Potenzial von Anfang an voll zu entfalten. Hol dir noch heute dein Einsteiger-Oboenrohr und starte deine musikalische Reise mit EG-REEDS!<\/p>\n<p data-sourcepos=\"7:1-7:20\"><strong>Eigenschaften:<\/strong><\/p>\n<ul data-sourcepos=\"15:1-18:0\">\n<li data-sourcepos=\"9:1-9:112\"><strong>Sorgf\u00e4ltig ausgew\u00e4hlte Rohrdichte<\/strong> f\u00fcr eine leichte Ansprache und klare Tonproduktion.<\/li>\n<li data-sourcepos=\"10:1-10:66\"><strong>Speziell angepasstes Design<\/strong> f\u00fcr bessere Kontrolle und Artikulation.<\/li>\n<li data-sourcepos=\"15:1-15:58\"><strong>Erleichtert den Einstieg<\/strong> ins Oboenspiel von Anfang an.<\/li>\n<li data-sourcepos=\"16:1-16:79\"><strong>Erm\u00f6glicht es Sch\u00fclern,<\/strong> sich auf die Spieltechnik zu konzentrieren.<\/li>\n<li data-sourcepos=\"17:1-18:0\"><strong>Ausgezeichnetes Preis-Leistungs-Verh\u00e4ltnis.<\/strong><\/li>\n<\/ul>\n<p><iframe loading=\"lazy\" title=\"Ca\u00f1a oboe iniciaci\u00f3n \/ Beginner oboe reed EG-REEDS\" width=\"563\" height=\"1000\" src=\"https:\/\/www.youtube.com\/embed\/jQrKLGNkaQg?feature=oembed\" frameborder=\"0\" allow=\"accelerometer; autoplay; clipboard-write; encrypted-media; gyroscope; picture-in-picture; web-share\" referrerpolicy=\"strict-origin-when-cross-origin\" allowfullscreen><\/iframe><\/p>\n","protected":false},"excerpt":{"rendered":"<p>1 Einheit.<\/p>\n","protected":false},"featured_media":35937,"comment_status":"open","ping_status":"closed","template":"","meta":[],"product_brand":[],"product_cat":[510],"product_tag":[],"giftcard-category":[],"class_list":{"0":"post-2448","1":"product","2":"type-product","3":"status-publish","4":"has-post-thumbnail","6":"product_cat-schuler-rohre-und-holzer","8":"first","9":"instock","10":"featured","11":"taxable","12":"shipping-taxable","13":"purchasable","14":"product-type-simple"},"yoast_head":"<!-- This site is optimized with the Yoast SEO Premium plugin v27.0 (Yoast SEO v27.4) - https:\/\/yoast.com\/product\/yoast-seo-premium-wordpress\/ -->\n<title>Oboenrohr f\u00fcr Studenten (Einsteiger) EG-REEDS - EG-REEDS<\/title>\n<meta name=\"description\" content=\"Oboenrohr f\u00fcr Studenten (Einsteiger) EG-REEDS. G\u00fcnstige und hochwertige Oboenrohre f\u00fcr Sch\u00fcler zu kaufen, war noch nie so einfach.\" \/>\n<meta name=\"robots\" content=\"index, follow, max-snippet:-1, max-image-preview:large, max-video-preview:-1\" \/>\n<link rel=\"canonical\" href=\"https:\/\/eg-reeds.com\/de\/shop\/schuler-rohre-und-holzer\/oboenrohr-fuer-studenten-einsteiger-eg-reeds\/\" \/>\n<meta property=\"og:locale\" content=\"de_DE\" \/>\n<meta property=\"og:type\" content=\"article\" \/>\n<meta property=\"og:title\" content=\"Oboenrohr f\u00fcr Studenten (Einsteiger) EG-REEDS\" \/>\n<meta property=\"og:description\" content=\"Oboenrohr f\u00fcr Studenten (Einsteiger) EG-REEDS. G\u00fcnstige und hochwertige Oboenrohre f\u00fcr Sch\u00fcler zu kaufen, war noch nie so einfach.\" \/>\n<meta property=\"og:url\" content=\"https:\/\/eg-reeds.com\/de\/shop\/schuler-rohre-und-holzer\/oboenrohr-fuer-studenten-einsteiger-eg-reeds\/\" \/>\n<meta property=\"og:site_name\" content=\"EG-REEDS\" \/>\n<meta property=\"article:publisher\" content=\"https:\/\/www.facebook.com\/EGREEDS\" \/>\n<meta property=\"article:modified_time\" content=\"2025-09-23T08:18:02+00:00\" \/>\n<meta property=\"og:image\" content=\"https:\/\/eg-reeds.com\/wp-content\/uploads\/2015\/02\/Beginner-oboe-reed-.jpg\" \/>\n\t<meta property=\"og:image:width\" content=\"640\" \/>\n\t<meta property=\"og:image:height\" content=\"544\" \/>\n\t<meta property=\"og:image:type\" content=\"image\/jpeg\" \/>\n<meta name=\"twitter:card\" content=\"summary_large_image\" \/>\n<meta name=\"twitter:image\" content=\"http:\/\/eg-reeds.com\/wp-content\/uploads\/2015\/02\/Beginner-oboe-reed-.jpg\" \/>\n<meta name=\"twitter:site\" content=\"@egreeds\" \/>\n<meta name=\"twitter:label1\" content=\"Preis\" \/>\n\t<meta name=\"twitter:data1\" content=\"11,50&euro;\" \/>\n\t<meta name=\"twitter:label2\" content=\"Verf\u00fcgbarkeit\" \/>\n\t<meta name=\"twitter:data2\" content=\"Auf Lager\" \/>\n<script type=\"application\/ld+json\" class=\"yoast-schema-graph\">{\"@context\":\"https:\\\/\\\/schema.org\",\"@graph\":[{\"@type\":[\"WebPage\",\"ItemPage\"],\"@id\":\"https:\\\/\\\/eg-reeds.com\\\/de\\\/shop\\\/schuler-rohre-und-holzer\\\/oboenrohr-fuer-studenten-einsteiger-eg-reeds\\\/\",\"url\":\"https:\\\/\\\/eg-reeds.com\\\/de\\\/shop\\\/schuler-rohre-und-holzer\\\/oboenrohr-fuer-studenten-einsteiger-eg-reeds\\\/\",\"name\":\"Oboenrohr f\u00fcr Studenten (Einsteiger) EG-REEDS - EG-REEDS\",\"isPartOf\":{\"@id\":\"https:\\\/\\\/eg-reeds.com\\\/de\\\/#website\"},\"primaryImageOfPage\":{\"@id\":\"https:\\\/\\\/eg-reeds.com\\\/de\\\/shop\\\/schuler-rohre-und-holzer\\\/oboenrohr-fuer-studenten-einsteiger-eg-reeds\\\/#primaryimage\"},\"image\":{\"@id\":\"https:\\\/\\\/eg-reeds.com\\\/de\\\/shop\\\/schuler-rohre-und-holzer\\\/oboenrohr-fuer-studenten-einsteiger-eg-reeds\\\/#primaryimage\"},\"thumbnailUrl\":\"https:\\\/\\\/eg-reeds.com\\\/wp-content\\\/uploads\\\/2015\\\/02\\\/Beginner-oboe-reed-eg-reeds.jpg\",\"datePublished\":\"2015-02-24T11:20:42+00:00\",\"dateModified\":\"2025-09-23T08:18:02+00:00\",\"description\":\"Oboenrohr f\u00fcr Studenten (Einsteiger) EG-REEDS. G\u00fcnstige und hochwertige Oboenrohre f\u00fcr Sch\u00fcler zu kaufen, war noch nie so einfach.\",\"breadcrumb\":{\"@id\":\"https:\\\/\\\/eg-reeds.com\\\/de\\\/shop\\\/schuler-rohre-und-holzer\\\/oboenrohr-fuer-studenten-einsteiger-eg-reeds\\\/#breadcrumb\"},\"inLanguage\":\"de\",\"potentialAction\":[{\"@type\":\"ReadAction\",\"target\":[\"https:\\\/\\\/eg-reeds.com\\\/de\\\/shop\\\/schuler-rohre-und-holzer\\\/oboenrohr-fuer-studenten-einsteiger-eg-reeds\\\/\"]}]},{\"@type\":\"ImageObject\",\"inLanguage\":\"de\",\"@id\":\"https:\\\/\\\/eg-reeds.com\\\/de\\\/shop\\\/schuler-rohre-und-holzer\\\/oboenrohr-fuer-studenten-einsteiger-eg-reeds\\\/#primaryimage\",\"url\":\"https:\\\/\\\/eg-reeds.com\\\/wp-content\\\/uploads\\\/2015\\\/02\\\/Beginner-oboe-reed-eg-reeds.jpg\",\"contentUrl\":\"https:\\\/\\\/eg-reeds.com\\\/wp-content\\\/uploads\\\/2015\\\/02\\\/Beginner-oboe-reed-eg-reeds.jpg\",\"width\":1280,\"height\":1088,\"caption\":\"Oboenrohr f\u00fcr Studenten (Einsteiger) EG-REEDS\"},{\"@type\":\"BreadcrumbList\",\"@id\":\"https:\\\/\\\/eg-reeds.com\\\/de\\\/shop\\\/schuler-rohre-und-holzer\\\/oboenrohr-fuer-studenten-einsteiger-eg-reeds\\\/#breadcrumb\",\"itemListElement\":[{\"@type\":\"ListItem\",\"position\":1,\"name\":\"Startseite\",\"item\":\"https:\\\/\\\/eg-reeds.com\\\/de\\\/\"},{\"@type\":\"ListItem\",\"position\":2,\"name\":\"Shop\",\"item\":\"https:\\\/\\\/eg-reeds.com\\\/de\\\/\"},{\"@type\":\"ListItem\",\"position\":3,\"name\":\"Oboenrohr f\u00fcr Studenten (Einsteiger) EG-REEDS\"}]},{\"@type\":\"WebSite\",\"@id\":\"https:\\\/\\\/eg-reeds.com\\\/de\\\/#website\",\"url\":\"https:\\\/\\\/eg-reeds.com\\\/de\\\/\",\"name\":\"www.eg-reeds.com\",\"description\":\"Rohre f\u00fcr Oboe\",\"publisher\":{\"@id\":\"https:\\\/\\\/eg-reeds.com\\\/de\\\/#organization\"},\"alternateName\":\"eg-reeds.com\",\"potentialAction\":[{\"@type\":\"SearchAction\",\"target\":{\"@type\":\"EntryPoint\",\"urlTemplate\":\"https:\\\/\\\/eg-reeds.com\\\/de\\\/?s={search_term_string}\"},\"query-input\":{\"@type\":\"PropertyValueSpecification\",\"valueRequired\":true,\"valueName\":\"search_term_string\"}}],\"inLanguage\":\"de\"},{\"@type\":\"Organization\",\"@id\":\"https:\\\/\\\/eg-reeds.com\\\/de\\\/#organization\",\"name\":\"www.eg-reeds.com\",\"url\":\"https:\\\/\\\/eg-reeds.com\\\/de\\\/\",\"logo\":{\"@type\":\"ImageObject\",\"inLanguage\":\"de\",\"@id\":\"https:\\\/\\\/eg-reeds.com\\\/de\\\/#\\\/schema\\\/logo\\\/image\\\/\",\"url\":\"https:\\\/\\\/eg-reeds.com\\\/wp-content\\\/uploads\\\/2024\\\/06\\\/Logo-scaled-e1718793906611.jpg\",\"contentUrl\":\"https:\\\/\\\/eg-reeds.com\\\/wp-content\\\/uploads\\\/2024\\\/06\\\/Logo-scaled-e1718793906611.jpg\",\"width\":1200,\"height\":493,\"caption\":\"www.eg-reeds.com\"},\"image\":{\"@id\":\"https:\\\/\\\/eg-reeds.com\\\/de\\\/#\\\/schema\\\/logo\\\/image\\\/\"},\"sameAs\":[\"https:\\\/\\\/www.facebook.com\\\/EGREEDS\",\"https:\\\/\\\/x.com\\\/egreeds\",\"https:\\\/\\\/www.instagram.com\\\/egreeds\\\/\",\"https:\\\/\\\/www.youtube.com\\\/c\\\/EGREEDS\",\"https:\\\/\\\/www.threads.net\\\/@egreeds\",\"https:\\\/\\\/www.tiktok.com\\\/@egreeds\"]}]}<\/script>\n<meta property=\"product:price:amount\" content=\"11.50\" \/>\n<meta property=\"product:price:currency\" content=\"EUR\" \/>\n<meta property=\"og:availability\" content=\"instock\" \/>\n<meta property=\"product:availability\" content=\"instock\" \/>\n<meta property=\"product:retailer_item_id\" content=\"CEB\" \/>\n<meta property=\"product:condition\" content=\"new\" \/>\n<!-- \/ Yoast SEO Premium plugin. -->","yoast_head_json":{"title":"Oboenrohr f\u00fcr Studenten (Einsteiger) EG-REEDS - EG-REEDS","description":"Oboenrohr f\u00fcr Studenten (Einsteiger) EG-REEDS. G\u00fcnstige und hochwertige Oboenrohre f\u00fcr Sch\u00fcler zu kaufen, war noch nie so einfach.","robots":{"index":"index","follow":"follow","max-snippet":"max-snippet:-1","max-image-preview":"max-image-preview:large","max-video-preview":"max-video-preview:-1"},"canonical":"https:\/\/eg-reeds.com\/de\/shop\/schuler-rohre-und-holzer\/oboenrohr-fuer-studenten-einsteiger-eg-reeds\/","og_locale":"de_DE","og_type":"article","og_title":"Oboenrohr f\u00fcr Studenten (Einsteiger) EG-REEDS","og_description":"Oboenrohr f\u00fcr Studenten (Einsteiger) EG-REEDS. G\u00fcnstige und hochwertige Oboenrohre f\u00fcr Sch\u00fcler zu kaufen, war noch nie so einfach.","og_url":"https:\/\/eg-reeds.com\/de\/shop\/schuler-rohre-und-holzer\/oboenrohr-fuer-studenten-einsteiger-eg-reeds\/","og_site_name":"EG-REEDS","article_publisher":"https:\/\/www.facebook.com\/EGREEDS","article_modified_time":"2025-09-23T08:18:02+00:00","og_image":[{"width":640,"height":544,"url":"https:\/\/eg-reeds.com\/wp-content\/uploads\/2015\/02\/Beginner-oboe-reed-.jpg","type":"image\/jpeg"}],"twitter_card":"summary_large_image","twitter_image":"http:\/\/eg-reeds.com\/wp-content\/uploads\/2015\/02\/Beginner-oboe-reed-.jpg","twitter_site":"@egreeds","twitter_misc":{"Preis":"11,50&euro;","Verf\u00fcgbarkeit":"Auf Lager"},"schema":{"@context":"https:\/\/schema.org","@graph":[{"@type":["WebPage","ItemPage"],"@id":"https:\/\/eg-reeds.com\/de\/shop\/schuler-rohre-und-holzer\/oboenrohr-fuer-studenten-einsteiger-eg-reeds\/","url":"https:\/\/eg-reeds.com\/de\/shop\/schuler-rohre-und-holzer\/oboenrohr-fuer-studenten-einsteiger-eg-reeds\/","name":"Oboenrohr f\u00fcr Studenten (Einsteiger) EG-REEDS - EG-REEDS","isPartOf":{"@id":"https:\/\/eg-reeds.com\/de\/#website"},"primaryImageOfPage":{"@id":"https:\/\/eg-reeds.com\/de\/shop\/schuler-rohre-und-holzer\/oboenrohr-fuer-studenten-einsteiger-eg-reeds\/#primaryimage"},"image":{"@id":"https:\/\/eg-reeds.com\/de\/shop\/schuler-rohre-und-holzer\/oboenrohr-fuer-studenten-einsteiger-eg-reeds\/#primaryimage"},"thumbnailUrl":"https:\/\/eg-reeds.com\/wp-content\/uploads\/2015\/02\/Beginner-oboe-reed-eg-reeds.jpg","datePublished":"2015-02-24T11:20:42+00:00","dateModified":"2025-09-23T08:18:02+00:00","description":"Oboenrohr f\u00fcr Studenten (Einsteiger) EG-REEDS. G\u00fcnstige und hochwertige Oboenrohre f\u00fcr Sch\u00fcler zu kaufen, war noch nie so einfach.","breadcrumb":{"@id":"https:\/\/eg-reeds.com\/de\/shop\/schuler-rohre-und-holzer\/oboenrohr-fuer-studenten-einsteiger-eg-reeds\/#breadcrumb"},"inLanguage":"de","potentialAction":[{"@type":"ReadAction","target":["https:\/\/eg-reeds.com\/de\/shop\/schuler-rohre-und-holzer\/oboenrohr-fuer-studenten-einsteiger-eg-reeds\/"]}]},{"@type":"ImageObject","inLanguage":"de","@id":"https:\/\/eg-reeds.com\/de\/shop\/schuler-rohre-und-holzer\/oboenrohr-fuer-studenten-einsteiger-eg-reeds\/#primaryimage","url":"https:\/\/eg-reeds.com\/wp-content\/uploads\/2015\/02\/Beginner-oboe-reed-eg-reeds.jpg","contentUrl":"https:\/\/eg-reeds.com\/wp-content\/uploads\/2015\/02\/Beginner-oboe-reed-eg-reeds.jpg","width":1280,"height":1088,"caption":"Oboenrohr f\u00fcr Studenten (Einsteiger) EG-REEDS"},{"@type":"BreadcrumbList","@id":"https:\/\/eg-reeds.com\/de\/shop\/schuler-rohre-und-holzer\/oboenrohr-fuer-studenten-einsteiger-eg-reeds\/#breadcrumb","itemListElement":[{"@type":"ListItem","position":1,"name":"Startseite","item":"https:\/\/eg-reeds.com\/de\/"},{"@type":"ListItem","position":2,"name":"Shop","item":"https:\/\/eg-reeds.com\/de\/"},{"@type":"ListItem","position":3,"name":"Oboenrohr f\u00fcr Studenten (Einsteiger) EG-REEDS"}]},{"@type":"WebSite","@id":"https:\/\/eg-reeds.com\/de\/#website","url":"https:\/\/eg-reeds.com\/de\/","name":"www.eg-reeds.com","description":"Rohre f\u00fcr Oboe","publisher":{"@id":"https:\/\/eg-reeds.com\/de\/#organization"},"alternateName":"eg-reeds.com","potentialAction":[{"@type":"SearchAction","target":{"@type":"EntryPoint","urlTemplate":"https:\/\/eg-reeds.com\/de\/?s={search_term_string}"},"query-input":{"@type":"PropertyValueSpecification","valueRequired":true,"valueName":"search_term_string"}}],"inLanguage":"de"},{"@type":"Organization","@id":"https:\/\/eg-reeds.com\/de\/#organization","name":"www.eg-reeds.com","url":"https:\/\/eg-reeds.com\/de\/","logo":{"@type":"ImageObject","inLanguage":"de","@id":"https:\/\/eg-reeds.com\/de\/#\/schema\/logo\/image\/","url":"https:\/\/eg-reeds.com\/wp-content\/uploads\/2024\/06\/Logo-scaled-e1718793906611.jpg","contentUrl":"https:\/\/eg-reeds.com\/wp-content\/uploads\/2024\/06\/Logo-scaled-e1718793906611.jpg","width":1200,"height":493,"caption":"www.eg-reeds.com"},"image":{"@id":"https:\/\/eg-reeds.com\/de\/#\/schema\/logo\/image\/"},"sameAs":["https:\/\/www.facebook.com\/EGREEDS","https:\/\/x.com\/egreeds","https:\/\/www.instagram.com\/egreeds\/","https:\/\/www.youtube.com\/c\/EGREEDS","https:\/\/www.threads.net\/@egreeds","https:\/\/www.tiktok.com\/@egreeds"]}]},"product_price_amount":"11.50","product_price_currency":"EUR","og_availability":"instock","product_availability":"instock","product_retailer_item_id":"CEB","product_condition":"new"},"_links":{"self":[{"href":"https:\/\/eg-reeds.com\/de\/wp-json\/wp\/v2\/product\/2448","targetHints":{"allow":["GET"]}}],"collection":[{"href":"https:\/\/eg-reeds.com\/de\/wp-json\/wp\/v2\/product"}],"about":[{"href":"https:\/\/eg-reeds.com\/de\/wp-json\/wp\/v2\/types\/product"}],"replies":[{"embeddable":true,"href":"https:\/\/eg-reeds.com\/de\/wp-json\/wp\/v2\/comments?post=2448"}],"wp:featuredmedia":[{"embeddable":true,"href":"https:\/\/eg-reeds.com\/de\/wp-json\/wp\/v2\/media\/35937"}],"wp:attachment":[{"href":"https:\/\/eg-reeds.com\/de\/wp-json\/wp\/v2\/media?parent=2448"}],"wp:term":[{"taxonomy":"product_brand","embeddable":true,"href":"https:\/\/eg-reeds.com\/de\/wp-json\/wp\/v2\/product_brand?post=2448"},{"taxonomy":"product_cat","embeddable":true,"href":"https:\/\/eg-reeds.com\/de\/wp-json\/wp\/v2\/product_cat?post=2448"},{"taxonomy":"product_tag","embeddable":true,"href":"https:\/\/eg-reeds.com\/de\/wp-json\/wp\/v2\/product_tag?post=2448"},{"taxonomy":"giftcard-category","embeddable":true,"href":"https:\/\/eg-reeds.com\/de\/wp-json\/wp\/v2\/giftcard-category?post=2448"}],"curies":[{"name":"wp","href":"https:\/\/api.w.org\/{rel}","templated":true}]}}