{"id":2454,"date":"2015-02-03T09:01:09","date_gmt":"2015-02-03T08:01:09","guid":{"rendered":"http:\/\/eg-reeds.com\/shop\/uncategorized\/fasson-fur-oboe-fur-studenten-10-stuck\/"},"modified":"2020-09-19T19:48:15","modified_gmt":"2020-09-19T17:48:15","slug":"fasson-fuer-oboe-fuer-studenten-eg-reeds","status":"publish","type":"product","link":"https:\/\/eg-reeds.com\/de\/shop\/schuler-rohre-und-holzer\/fasson-fuer-oboe-fuer-studenten-eg-reeds\/","title":{"rendered":"Fasson f\u00fcr Oboe &#8211; f\u00fcr Studenten EG-REEDS"},"content":{"rendered":"<h4><strong>Fasson f\u00fcr Oboe &#8211; f\u00fcr Studenten EG-REEDS (10 St\u00fcck).<\/strong><\/h4>\n<p>Shaped oboe\u00a0cane ideal for students* with a really cheap price, <strong>only 0,90\u20ac per piece<\/strong> of cane. Really low cost cane to practice how to make reeds without spending a lot of money.<\/p>\n<p>* This product may contain different shapes, gouges, diameters, many spots or wrinkled pieces of cane. Not suitable for professional use. If you want student shaped cane to play with, try our\u00a0<a href=\"https:\/\/eg-reeds.com\/de\/shop\/bearbeitete-holzer\/bearbeitete-holzer-fur-oboe\/fasson-fuer-oboe-eg-reeds\/\" target=\"_blank\" rel=\"noopener noreferrer\">professional shaped cane<\/a>\u00a0&#8211; soft hardness.<\/p>\n<p>&nbsp;<\/p>\n","protected":false},"excerpt":{"rendered":"<p>10 St\u00fcck.<\/p>\n<p>Siehe Beschreibung unten.<\/p>\n","protected":false},"featured_media":4537,"comment_status":"closed","ping_status":"closed","template":"","meta":[],"product_brand":[],"product_cat":[510],"product_tag":[],"giftcard-category":[],"class_list":{"0":"post-2454","1":"product","2":"type-product","3":"status-publish","4":"has-post-thumbnail","6":"product_cat-schuler-rohre-und-holzer","8":"first","9":"instock","10":"featured","11":"taxable","12":"shipping-taxable","13":"purchasable","14":"product-type-simple"},"yoast_head":"<!-- This site is optimized with the Yoast SEO Premium plugin v27.0 (Yoast SEO v27.3) - https:\/\/yoast.com\/product\/yoast-seo-premium-wordpress\/ -->\n<title>Fasson f\u00fcr Oboe - f\u00fcr Studenten EG-REEDS - EG-REEDS<\/title>\n<meta name=\"description\" content=\"Fasson f\u00fcr Oboe, Fassons f\u00fcr Studenten, Fassons Oboe, Oboe, Fassons, Fasson, kaufen Fassons, EG, EG-reeds\" \/>\n<meta name=\"robots\" content=\"index, follow, max-snippet:-1, max-image-preview:large, max-video-preview:-1\" \/>\n<link rel=\"canonical\" href=\"https:\/\/eg-reeds.com\/de\/shop\/schuler-rohre-und-holzer\/fasson-fuer-oboe-fuer-studenten-eg-reeds\/\" \/>\n<meta property=\"og:locale\" content=\"de_DE\" \/>\n<meta property=\"og:type\" content=\"article\" \/>\n<meta property=\"og:title\" content=\"Fasson f\u00fcr Oboe - f\u00fcr Studenten EG-REEDS\" \/>\n<meta property=\"og:description\" content=\"Fasson f\u00fcr Oboe, Fassons f\u00fcr Studenten, Fassons Oboe, Oboe, Fassons, Fasson, kaufen Fassons, EG, EG-reeds\" \/>\n<meta property=\"og:url\" content=\"https:\/\/eg-reeds.com\/de\/shop\/schuler-rohre-und-holzer\/fasson-fuer-oboe-fuer-studenten-eg-reeds\/\" \/>\n<meta property=\"og:site_name\" content=\"EG-REEDS\" \/>\n<meta property=\"article:publisher\" content=\"https:\/\/www.facebook.com\/EGREEDS\" \/>\n<meta property=\"article:modified_time\" content=\"2020-09-19T17:48:15+00:00\" \/>\n<meta property=\"og:image\" content=\"https:\/\/eg-reeds.com\/wp-content\/uploads\/2015\/02\/Student-Selection-Gouged-and-Shaped-Oboe-Cane-10-units.jpg\" \/>\n\t<meta property=\"og:image:width\" content=\"1280\" \/>\n\t<meta property=\"og:image:height\" content=\"854\" \/>\n\t<meta property=\"og:image:type\" content=\"image\/jpeg\" \/>\n<meta name=\"twitter:card\" content=\"summary_large_image\" \/>\n<meta name=\"twitter:site\" content=\"@egreeds\" \/>\n<meta name=\"twitter:label1\" content=\"Preis\" \/>\n\t<meta name=\"twitter:data1\" content=\"10,90&euro;\" \/>\n\t<meta name=\"twitter:label2\" content=\"Verf\u00fcgbarkeit\" \/>\n\t<meta name=\"twitter:data2\" content=\"Auf Lager\" \/>\n<script type=\"application\/ld+json\" class=\"yoast-schema-graph\">{\"@context\":\"https:\\\/\\\/schema.org\",\"@graph\":[{\"@type\":[\"WebPage\",\"ItemPage\"],\"@id\":\"https:\\\/\\\/eg-reeds.com\\\/de\\\/shop\\\/schuler-rohre-und-holzer\\\/fasson-fuer-oboe-fuer-studenten-eg-reeds\\\/\",\"url\":\"https:\\\/\\\/eg-reeds.com\\\/de\\\/shop\\\/schuler-rohre-und-holzer\\\/fasson-fuer-oboe-fuer-studenten-eg-reeds\\\/\",\"name\":\"Fasson f\u00fcr Oboe - f\u00fcr Studenten EG-REEDS - EG-REEDS\",\"isPartOf\":{\"@id\":\"https:\\\/\\\/eg-reeds.com\\\/de\\\/#website\"},\"primaryImageOfPage\":{\"@id\":\"https:\\\/\\\/eg-reeds.com\\\/de\\\/shop\\\/schuler-rohre-und-holzer\\\/fasson-fuer-oboe-fuer-studenten-eg-reeds\\\/#primaryimage\"},\"image\":{\"@id\":\"https:\\\/\\\/eg-reeds.com\\\/de\\\/shop\\\/schuler-rohre-und-holzer\\\/fasson-fuer-oboe-fuer-studenten-eg-reeds\\\/#primaryimage\"},\"thumbnailUrl\":\"https:\\\/\\\/eg-reeds.com\\\/wp-content\\\/uploads\\\/2015\\\/02\\\/Student-Selection-Gouged-and-Shaped-Oboe-Cane-10-units.jpg\",\"datePublished\":\"2015-02-03T08:01:09+00:00\",\"dateModified\":\"2020-09-19T17:48:15+00:00\",\"description\":\"Fasson f\u00fcr Oboe, Fassons f\u00fcr Studenten, Fassons Oboe, Oboe, Fassons, Fasson, kaufen Fassons, EG, EG-reeds\",\"breadcrumb\":{\"@id\":\"https:\\\/\\\/eg-reeds.com\\\/de\\\/shop\\\/schuler-rohre-und-holzer\\\/fasson-fuer-oboe-fuer-studenten-eg-reeds\\\/#breadcrumb\"},\"inLanguage\":\"de\",\"potentialAction\":[{\"@type\":\"ReadAction\",\"target\":[\"https:\\\/\\\/eg-reeds.com\\\/de\\\/shop\\\/schuler-rohre-und-holzer\\\/fasson-fuer-oboe-fuer-studenten-eg-reeds\\\/\"]}]},{\"@type\":\"ImageObject\",\"inLanguage\":\"de\",\"@id\":\"https:\\\/\\\/eg-reeds.com\\\/de\\\/shop\\\/schuler-rohre-und-holzer\\\/fasson-fuer-oboe-fuer-studenten-eg-reeds\\\/#primaryimage\",\"url\":\"https:\\\/\\\/eg-reeds.com\\\/wp-content\\\/uploads\\\/2015\\\/02\\\/Student-Selection-Gouged-and-Shaped-Oboe-Cane-10-units.jpg\",\"contentUrl\":\"https:\\\/\\\/eg-reeds.com\\\/wp-content\\\/uploads\\\/2015\\\/02\\\/Student-Selection-Gouged-and-Shaped-Oboe-Cane-10-units.jpg\",\"width\":1280,\"height\":854,\"caption\":\"Palas oboe estudiante baratas\"},{\"@type\":\"BreadcrumbList\",\"@id\":\"https:\\\/\\\/eg-reeds.com\\\/de\\\/shop\\\/schuler-rohre-und-holzer\\\/fasson-fuer-oboe-fuer-studenten-eg-reeds\\\/#breadcrumb\",\"itemListElement\":[{\"@type\":\"ListItem\",\"position\":1,\"name\":\"Startseite\",\"item\":\"https:\\\/\\\/eg-reeds.com\\\/de\\\/\"},{\"@type\":\"ListItem\",\"position\":2,\"name\":\"Shop\",\"item\":\"https:\\\/\\\/eg-reeds.com\\\/de\\\/\"},{\"@type\":\"ListItem\",\"position\":3,\"name\":\"Fasson f\u00fcr Oboe &#8211; f\u00fcr Studenten EG-REEDS\"}]},{\"@type\":\"WebSite\",\"@id\":\"https:\\\/\\\/eg-reeds.com\\\/de\\\/#website\",\"url\":\"https:\\\/\\\/eg-reeds.com\\\/de\\\/\",\"name\":\"www.eg-reeds.com\",\"description\":\"Rohre f\u00fcr Oboe\",\"publisher\":{\"@id\":\"https:\\\/\\\/eg-reeds.com\\\/de\\\/#organization\"},\"alternateName\":\"eg-reeds.com\",\"potentialAction\":[{\"@type\":\"SearchAction\",\"target\":{\"@type\":\"EntryPoint\",\"urlTemplate\":\"https:\\\/\\\/eg-reeds.com\\\/de\\\/?s={search_term_string}\"},\"query-input\":{\"@type\":\"PropertyValueSpecification\",\"valueRequired\":true,\"valueName\":\"search_term_string\"}}],\"inLanguage\":\"de\"},{\"@type\":\"Organization\",\"@id\":\"https:\\\/\\\/eg-reeds.com\\\/de\\\/#organization\",\"name\":\"www.eg-reeds.com\",\"url\":\"https:\\\/\\\/eg-reeds.com\\\/de\\\/\",\"logo\":{\"@type\":\"ImageObject\",\"inLanguage\":\"de\",\"@id\":\"https:\\\/\\\/eg-reeds.com\\\/de\\\/#\\\/schema\\\/logo\\\/image\\\/\",\"url\":\"https:\\\/\\\/eg-reeds.com\\\/wp-content\\\/uploads\\\/2024\\\/06\\\/Logo-scaled-e1718793906611.jpg\",\"contentUrl\":\"https:\\\/\\\/eg-reeds.com\\\/wp-content\\\/uploads\\\/2024\\\/06\\\/Logo-scaled-e1718793906611.jpg\",\"width\":1200,\"height\":493,\"caption\":\"www.eg-reeds.com\"},\"image\":{\"@id\":\"https:\\\/\\\/eg-reeds.com\\\/de\\\/#\\\/schema\\\/logo\\\/image\\\/\"},\"sameAs\":[\"https:\\\/\\\/www.facebook.com\\\/EGREEDS\",\"https:\\\/\\\/x.com\\\/egreeds\",\"https:\\\/\\\/www.instagram.com\\\/egreeds\\\/\",\"https:\\\/\\\/www.youtube.com\\\/c\\\/EGREEDS\",\"https:\\\/\\\/www.threads.net\\\/@egreeds\",\"https:\\\/\\\/www.tiktok.com\\\/@egreeds\"]}]}<\/script>\n<meta property=\"product:price:amount\" content=\"10.90\" \/>\n<meta property=\"product:price:currency\" content=\"EUR\" \/>\n<meta property=\"og:availability\" content=\"instock\" \/>\n<meta property=\"product:availability\" content=\"instock\" \/>\n<meta property=\"product:retailer_item_id\" content=\"CEP\" \/>\n<meta property=\"product:condition\" content=\"new\" \/>\n<!-- \/ Yoast SEO Premium plugin. -->","yoast_head_json":{"title":"Fasson f\u00fcr Oboe - f\u00fcr Studenten EG-REEDS - EG-REEDS","description":"Fasson f\u00fcr Oboe, Fassons f\u00fcr Studenten, Fassons Oboe, Oboe, Fassons, Fasson, kaufen Fassons, EG, EG-reeds","robots":{"index":"index","follow":"follow","max-snippet":"max-snippet:-1","max-image-preview":"max-image-preview:large","max-video-preview":"max-video-preview:-1"},"canonical":"https:\/\/eg-reeds.com\/de\/shop\/schuler-rohre-und-holzer\/fasson-fuer-oboe-fuer-studenten-eg-reeds\/","og_locale":"de_DE","og_type":"article","og_title":"Fasson f\u00fcr Oboe - f\u00fcr Studenten EG-REEDS","og_description":"Fasson f\u00fcr Oboe, Fassons f\u00fcr Studenten, Fassons Oboe, Oboe, Fassons, Fasson, kaufen Fassons, EG, EG-reeds","og_url":"https:\/\/eg-reeds.com\/de\/shop\/schuler-rohre-und-holzer\/fasson-fuer-oboe-fuer-studenten-eg-reeds\/","og_site_name":"EG-REEDS","article_publisher":"https:\/\/www.facebook.com\/EGREEDS","article_modified_time":"2020-09-19T17:48:15+00:00","og_image":[{"width":1280,"height":854,"url":"https:\/\/eg-reeds.com\/wp-content\/uploads\/2015\/02\/Student-Selection-Gouged-and-Shaped-Oboe-Cane-10-units.jpg","type":"image\/jpeg"}],"twitter_card":"summary_large_image","twitter_site":"@egreeds","twitter_misc":{"Preis":"10,90&euro;","Verf\u00fcgbarkeit":"Auf Lager"},"schema":{"@context":"https:\/\/schema.org","@graph":[{"@type":["WebPage","ItemPage"],"@id":"https:\/\/eg-reeds.com\/de\/shop\/schuler-rohre-und-holzer\/fasson-fuer-oboe-fuer-studenten-eg-reeds\/","url":"https:\/\/eg-reeds.com\/de\/shop\/schuler-rohre-und-holzer\/fasson-fuer-oboe-fuer-studenten-eg-reeds\/","name":"Fasson f\u00fcr Oboe - f\u00fcr Studenten EG-REEDS - EG-REEDS","isPartOf":{"@id":"https:\/\/eg-reeds.com\/de\/#website"},"primaryImageOfPage":{"@id":"https:\/\/eg-reeds.com\/de\/shop\/schuler-rohre-und-holzer\/fasson-fuer-oboe-fuer-studenten-eg-reeds\/#primaryimage"},"image":{"@id":"https:\/\/eg-reeds.com\/de\/shop\/schuler-rohre-und-holzer\/fasson-fuer-oboe-fuer-studenten-eg-reeds\/#primaryimage"},"thumbnailUrl":"https:\/\/eg-reeds.com\/wp-content\/uploads\/2015\/02\/Student-Selection-Gouged-and-Shaped-Oboe-Cane-10-units.jpg","datePublished":"2015-02-03T08:01:09+00:00","dateModified":"2020-09-19T17:48:15+00:00","description":"Fasson f\u00fcr Oboe, Fassons f\u00fcr Studenten, Fassons Oboe, Oboe, Fassons, Fasson, kaufen Fassons, EG, EG-reeds","breadcrumb":{"@id":"https:\/\/eg-reeds.com\/de\/shop\/schuler-rohre-und-holzer\/fasson-fuer-oboe-fuer-studenten-eg-reeds\/#breadcrumb"},"inLanguage":"de","potentialAction":[{"@type":"ReadAction","target":["https:\/\/eg-reeds.com\/de\/shop\/schuler-rohre-und-holzer\/fasson-fuer-oboe-fuer-studenten-eg-reeds\/"]}]},{"@type":"ImageObject","inLanguage":"de","@id":"https:\/\/eg-reeds.com\/de\/shop\/schuler-rohre-und-holzer\/fasson-fuer-oboe-fuer-studenten-eg-reeds\/#primaryimage","url":"https:\/\/eg-reeds.com\/wp-content\/uploads\/2015\/02\/Student-Selection-Gouged-and-Shaped-Oboe-Cane-10-units.jpg","contentUrl":"https:\/\/eg-reeds.com\/wp-content\/uploads\/2015\/02\/Student-Selection-Gouged-and-Shaped-Oboe-Cane-10-units.jpg","width":1280,"height":854,"caption":"Palas oboe estudiante baratas"},{"@type":"BreadcrumbList","@id":"https:\/\/eg-reeds.com\/de\/shop\/schuler-rohre-und-holzer\/fasson-fuer-oboe-fuer-studenten-eg-reeds\/#breadcrumb","itemListElement":[{"@type":"ListItem","position":1,"name":"Startseite","item":"https:\/\/eg-reeds.com\/de\/"},{"@type":"ListItem","position":2,"name":"Shop","item":"https:\/\/eg-reeds.com\/de\/"},{"@type":"ListItem","position":3,"name":"Fasson f\u00fcr Oboe &#8211; f\u00fcr Studenten EG-REEDS"}]},{"@type":"WebSite","@id":"https:\/\/eg-reeds.com\/de\/#website","url":"https:\/\/eg-reeds.com\/de\/","name":"www.eg-reeds.com","description":"Rohre f\u00fcr Oboe","publisher":{"@id":"https:\/\/eg-reeds.com\/de\/#organization"},"alternateName":"eg-reeds.com","potentialAction":[{"@type":"SearchAction","target":{"@type":"EntryPoint","urlTemplate":"https:\/\/eg-reeds.com\/de\/?s={search_term_string}"},"query-input":{"@type":"PropertyValueSpecification","valueRequired":true,"valueName":"search_term_string"}}],"inLanguage":"de"},{"@type":"Organization","@id":"https:\/\/eg-reeds.com\/de\/#organization","name":"www.eg-reeds.com","url":"https:\/\/eg-reeds.com\/de\/","logo":{"@type":"ImageObject","inLanguage":"de","@id":"https:\/\/eg-reeds.com\/de\/#\/schema\/logo\/image\/","url":"https:\/\/eg-reeds.com\/wp-content\/uploads\/2024\/06\/Logo-scaled-e1718793906611.jpg","contentUrl":"https:\/\/eg-reeds.com\/wp-content\/uploads\/2024\/06\/Logo-scaled-e1718793906611.jpg","width":1200,"height":493,"caption":"www.eg-reeds.com"},"image":{"@id":"https:\/\/eg-reeds.com\/de\/#\/schema\/logo\/image\/"},"sameAs":["https:\/\/www.facebook.com\/EGREEDS","https:\/\/x.com\/egreeds","https:\/\/www.instagram.com\/egreeds\/","https:\/\/www.youtube.com\/c\/EGREEDS","https:\/\/www.threads.net\/@egreeds","https:\/\/www.tiktok.com\/@egreeds"]}]},"product_price_amount":"10.90","product_price_currency":"EUR","og_availability":"instock","product_availability":"instock","product_retailer_item_id":"CEP","product_condition":"new"},"_links":{"self":[{"href":"https:\/\/eg-reeds.com\/de\/wp-json\/wp\/v2\/product\/2454","targetHints":{"allow":["GET"]}}],"collection":[{"href":"https:\/\/eg-reeds.com\/de\/wp-json\/wp\/v2\/product"}],"about":[{"href":"https:\/\/eg-reeds.com\/de\/wp-json\/wp\/v2\/types\/product"}],"replies":[{"embeddable":true,"href":"https:\/\/eg-reeds.com\/de\/wp-json\/wp\/v2\/comments?post=2454"}],"wp:featuredmedia":[{"embeddable":true,"href":"https:\/\/eg-reeds.com\/de\/wp-json\/wp\/v2\/media\/4537"}],"wp:attachment":[{"href":"https:\/\/eg-reeds.com\/de\/wp-json\/wp\/v2\/media?parent=2454"}],"wp:term":[{"taxonomy":"product_brand","embeddable":true,"href":"https:\/\/eg-reeds.com\/de\/wp-json\/wp\/v2\/product_brand?post=2454"},{"taxonomy":"product_cat","embeddable":true,"href":"https:\/\/eg-reeds.com\/de\/wp-json\/wp\/v2\/product_cat?post=2454"},{"taxonomy":"product_tag","embeddable":true,"href":"https:\/\/eg-reeds.com\/de\/wp-json\/wp\/v2\/product_tag?post=2454"},{"taxonomy":"giftcard-category","embeddable":true,"href":"https:\/\/eg-reeds.com\/de\/wp-json\/wp\/v2\/giftcard-category?post=2454"}],"curies":[{"name":"wp","href":"https:\/\/api.w.org\/{rel}","templated":true}]}}