{"id":2457,"date":"2015-02-03T09:06:39","date_gmt":"2015-02-03T09:06:39","guid":{"rendered":"http:\/\/eg-reeds.com\/shop\/uncategorized\/ausenhobelmaschine-fur-oboe-und-englischhorn-k-ge\/"},"modified":"2025-04-03T15:35:25","modified_gmt":"2025-04-03T14:35:25","slug":"ausenhobelmaschine-fur-oboe-und-englischhorn-k-ge","status":"publish","type":"product","link":"https:\/\/eg-reeds.com\/de\/shop\/rohrbaumaschinen\/k-ge-6\/ausenhobelmaschine-fur-oboe-und-englischhorn-k-ge\/","title":{"rendered":"Au\u00dfenhobelmaschine f\u00fcr Oboe und Englischhorn K.GE"},"content":{"rendered":"<h1>Au\u00dfenhobelmaschine f\u00fcr Oboe und Englischhorn K.GE<\/h1>\n<p>Au\u00dfenhobelmaschine f\u00fcr Oboe und Englischhorn K.GE<\/p>\n<p>Versand in <strong>ca. 30 Tagen<\/strong>, je nach Hersteller.<\/p>\n<p>Die K.GE-Schabmaschine ist das ideale Werkzeug f\u00fcr Oboisten und Englischhornspieler, die Pr\u00e4zision und Konsistenz bei der Herstellung ihrer Bl\u00e4tter suchen. Mit einem robusten Design erm\u00f6glicht diese Maschine pr\u00e4zise Anpassungen beim Schaben der Bl\u00e4tter und sorgt so f\u00fcr optimale Leistung.<\/p>\n<p>Die Maschine bietet viele anpassbare Konfigurationen und Varianten und vereint die Freiheit eines Messers mit der Pr\u00e4zision einer Maschine. Unten finden Sie Videos, die die Funktionsweise der Maschine zeigen, sowie Antworten auf h\u00e4ufig gestellte Fragen.<\/p>\n<p>&nbsp;<\/p>\n<h2>Offizieller K.GE-Kundendienst<\/h2>\n<p>Bei EG-REEDS bieten wir auch einen autorisierten Kundendienst.<\/p>\n<div><strong>Service nur f\u00fcr Maschinen, die auf <a href=\"http:\/\/eg-reeds.com\" target=\"_blank\" rel=\"noopener\">www.eg-reeds.com<\/a> gekauft wurden<\/strong><\/div>\n<blockquote class=\"wp-embedded-content\" data-secret=\"6mJplNiv9s\"><p><a href=\"https:\/\/eg-reeds.com\/de\/k-ge-offizielle-technischer-service\/\">K.GE Offizielle technischer Service<\/a><\/p><\/blockquote>\n<p><iframe loading=\"lazy\" class=\"wp-embedded-content\" sandbox=\"allow-scripts\" security=\"restricted\" style=\"position: absolute; visibility: hidden;\" title=\"&#8222;K.GE Offizielle technischer Service&#8220; &#8212; EG-REEDS\" src=\"https:\/\/eg-reeds.com\/de\/k-ge-offizielle-technischer-service\/embed\/#?secret=eSVmoW1BXk#?secret=6mJplNiv9s\" data-secret=\"6mJplNiv9s\" width=\"600\" height=\"338\" frameborder=\"0\" marginwidth=\"0\" marginheight=\"0\" scrolling=\"no\"><\/iframe><\/p>\n<p>&nbsp;<\/p>\n<h2>Au\u00dfenhobelmaschine KGE<\/h2>\n<p><span style=\"font-weight: 400;\">&#8222;Im Gegensatz zu anderen Schabmaschinen, die von anderen Herstellern zuvor entwickelt und verkauft wurden, stellt diese Maschine das Blatt vollst\u00e4ndig fertig und macht es sofort spielbereit. Es ist kein Nachbearbeiten des Blattes mit einem Messer erforderlich, da die Maschine eine Vielzahl an Einstellungen bietet, mit denen das Blatt vollst\u00e4ndig fertiggestellt werden kann. Wir glauben, dass diese Schabmaschine ein revolution\u00e4res Ger\u00e4t ist, das die Herstellung von Bl\u00e4ttern schneller und vor allem vorhersehbarer und zuverl\u00e4ssiger macht. Dank der computergest\u00fctzten Form lassen sich schnell perfekt ausgewogene Bl\u00e4tter herstellen.&#8220; *<\/span><\/p>\n<p><span style=\"font-weight: 400;\">* Information bereitgestellt von K.GE.<\/span><\/p>\n<p><a href=\"http:\/\/eg-reeds.com\/wp-content\/uploads\/2015\/02\/kge-reeds.jpg\"><img loading=\"lazy\" decoding=\"async\" class=\"wp-image-1361\" src=\"http:\/\/eg-reeds.com\/wp-content\/uploads\/2015\/02\/kge-reeds-300x202.jpg\" alt=\"K.GE-Schabmaschine, deutsches und franz\u00f6sisches Blattmodell\" width=\"304\" height=\"205\" \/><\/a><\/p>\n<p>Deutsches und franz\u00f6sisches Blattmodell. https:\/\/www.youtube.com\/watch?v=4kvuZDobYRY&amp;list=PLModsvpiqYEcJhtXwGlpzuVQywqFawbvj&amp;index=2<\/p>\n<h3 class=\"accordion_title\">FAQs<\/h3><div class=\"accordion\">\n\t<div id=\"accordion-4178828981\" class=\"accordion-item\">\n\t\t<a id=\"accordion-4178828981-label\" class=\"accordion-title plain\" href=\"#accordion-item-kann-man-englischhornbl\u00e4tter-herstellen?\" aria-expanded=\"false\" aria-controls=\"accordion-4178828981-content\">\n\t\t\t<button class=\"toggle\" aria-label=\"Umschalten\"><i class=\"icon-angle-down\" aria-hidden=\"true\"><\/i><\/button>\n\t\t\t<span>Kann man Englischhornbl\u00e4tter herstellen?<\/span>\n\t\t<\/a>\n\t\t<div id=\"accordion-4178828981-content\" class=\"accordion-inner\" aria-labelledby=\"accordion-4178828981-label\">\n\t\t\t\n<p><span style=\"font-weight: 400;\">Ja. Folgen Sie einfach ein paar einfachen Schritten, und in wenigen Sekunden ist Ihre Maschine bereit, Englischhornbl\u00e4tter zu fertigen. Alle Video-Tutorials finden Sie im Tab \u201eVideos\u201c.<\/span><br \/>\n\t\t<\/div>\n\t<\/div>\n\t\n\t<div id=\"accordion-905804102\" class=\"accordion-item\">\n\t\t<a id=\"accordion-905804102-label\" class=\"accordion-title plain\" href=\"#accordion-item-kann-ich-die-schabell\u00e4nge-\u00e4ndern,-ohne-die-spitze-zu-ver\u00e4ndern?\" aria-expanded=\"false\" aria-controls=\"accordion-905804102-content\">\n\t\t\t<button class=\"toggle\" aria-label=\"Umschalten\"><i class=\"icon-angle-down\" aria-hidden=\"true\"><\/i><\/button>\n\t\t\t<span>Kann ich die Schabell\u00e4nge \u00e4ndern, ohne die Spitze zu ver\u00e4ndern?<\/span>\n\t\t<\/a>\n\t\t<div id=\"accordion-905804102-content\" class=\"accordion-inner\" aria-labelledby=\"accordion-905804102-label\">\n\t\t\t\n<p><span style=\"font-weight: 400;\">Ja, es ist m\u00f6glich, die Schabell\u00e4nge zu \u00e4ndern, ohne die Spitze des Blattes zu ver\u00e4ndern.<\/span><br \/>\n\t\t<\/div>\n\t<\/div>\n\t\n\t<div id=\"accordion-1749348284\" class=\"accordion-item\">\n\t\t<a id=\"accordion-1749348284-label\" class=\"accordion-title plain\" href=\"#accordion-item-kann-ich-die-spitze-\u00e4ndern,-ohne-die-schabell\u00e4nge-zu-ver\u00e4ndern?\" aria-expanded=\"false\" aria-controls=\"accordion-1749348284-content\">\n\t\t\t<button class=\"toggle\" aria-label=\"Umschalten\"><i class=\"icon-angle-down\" aria-hidden=\"true\"><\/i><\/button>\n\t\t\t<span>Kann ich die Spitze \u00e4ndern, ohne die Schabell\u00e4nge zu ver\u00e4ndern?<\/span>\n\t\t<\/a>\n\t\t<div id=\"accordion-1749348284-content\" class=\"accordion-inner\" aria-labelledby=\"accordion-1749348284-label\">\n\t\t\t\n<p><span style=\"font-weight: 400;\">Ja, Sie k\u00f6nnen die Spitze anpassen, ohne die Schabell\u00e4nge zu ver\u00e4ndern.<\/span><br \/>\n\t\t<\/div>\n\t<\/div>\n\t\n\t<div id=\"accordion-1106115437\" class=\"accordion-item\">\n\t\t<a id=\"accordion-1106115437-label\" class=\"accordion-title plain\" href=\"#accordion-item-kann-ich-die-menge-des-holzes-einstellen,-das-am-hinteren-teil-des-schabebereichs-entfernt-wird?\" aria-expanded=\"false\" aria-controls=\"accordion-1106115437-content\">\n\t\t\t<button class=\"toggle\" aria-label=\"Umschalten\"><i class=\"icon-angle-down\" aria-hidden=\"true\"><\/i><\/button>\n\t\t\t<span>Kann ich die Menge des Holzes einstellen, das am hinteren Teil des Schabebereichs entfernt wird?<\/span>\n\t\t<\/a>\n\t\t<div id=\"accordion-1106115437-content\" class=\"accordion-inner\" aria-labelledby=\"accordion-1106115437-label\">\n\t\t\t\n<p><span style=\"font-weight: 400;\">Ja, dank der Feder hinter der Klinge k\u00f6nnen Sie die Menge an Holz einstellen, die Sie am hinteren Teil entfernen m\u00f6chten.<\/span><br \/>\n\t\t<\/div>\n\t<\/div>\n\t\n\t<div id=\"accordion-3184032971\" class=\"accordion-item\">\n\t\t<a id=\"accordion-3184032971-label\" class=\"accordion-title plain\" href=\"#accordion-item-was-sind-die-unterschiede-zwischen-dem-deutschen-und-dem-franz\u00f6sischen-modell?\" aria-expanded=\"false\" aria-controls=\"accordion-3184032971-content\">\n\t\t\t<button class=\"toggle\" aria-label=\"Umschalten\"><i class=\"icon-angle-down\" aria-hidden=\"true\"><\/i><\/button>\n\t\t\t<span>Was sind die Unterschiede zwischen dem deutschen und dem franz\u00f6sischen Modell?<\/span>\n\t\t<\/a>\n\t\t<div id=\"accordion-3184032971-content\" class=\"accordion-inner\" aria-labelledby=\"accordion-3184032971-label\">\n\t\t\t\n<p><span style=\"font-weight: 400;\">Die Form des deutschen Blattes erzeugt eine weniger progressive Spitze, w\u00e4hrend die franz\u00f6sische Form eine progressivere Spitze schafft, die besser mit dem Blattk\u00f6rper verbunden ist. Beide Modelle erm\u00f6glichen eine stabile und einfache Tonerzeugung.<\/span><br \/>\n\t\t<\/div>\n\t<\/div>\n\t\n<\/div>\n<iframe loading=\"lazy\" src=\"https:\/\/www.youtube.com\/embed\/G95Vxt_4MmY\" width=\"290\" height=\"218\" frameborder=\"0\" allowfullscreen=\"allowfullscreen\"><\/iframe>\u00a0 \u00a0 \u00a0 \u00a0\u00a0<iframe loading=\"lazy\" src=\"https:\/\/www.youtube.com\/embed\/xeWpFBNxnZg\" width=\"290\" height=\"218\" frameborder=\"0\" allowfullscreen=\"allowfullscreen\"><\/iframe>\u00a0 \u00a0 \u00a0 \u00a0 \u00a0<iframe loading=\"lazy\" src=\"https:\/\/www.youtube.com\/embed\/217vzGpG7q0\" width=\"290\" height=\"218\" frameborder=\"0\" allowfullscreen=\"allowfullscreen\"><\/iframe>\u00a0 \u00a0 \u00a0 \u00a0 \u00a0<iframe loading=\"lazy\" src=\"https:\/\/www.youtube.com\/embed\/QitrHwV9mLU\" width=\"290\" height=\"218\" frameborder=\"0\" allowfullscreen=\"allowfullscreen\"><\/iframe>\u00a0 \u00a0 \u00a0 \u00a0 <iframe loading=\"lazy\" src=\"https:\/\/www.youtube.com\/embed\/XrOkbPVXnaE\" width=\"290\" height=\"218\" frameborder=\"0\" allowfullscreen=\"allowfullscreen\"><\/iframe>\u00a0 \u00a0 \u00a0 \u00a0 \u00a0<iframe loading=\"lazy\" src=\"https:\/\/www.youtube.com\/embed\/XrOkbPVXnaE\" width=\"290\" height=\"218\" frameborder=\"0\" allowfullscreen=\"allowfullscreen\"><\/iframe>\u00a0 \u00a0 \u00a0 \u00a0 \u00a0<iframe loading=\"lazy\" src=\"https:\/\/www.youtube.com\/embed\/4kvuZDobYRY\" width=\"290\" height=\"218\" frameborder=\"0\" allowfullscreen=\"allowfullscreen\"><\/iframe>\u00a0 \u00a0 \u00a0 \u00a0\u00a0<iframe loading=\"lazy\" src=\"https:\/\/www.youtube.com\/embed\/K8OUcKb6psA\" width=\"290\" height=\"218\" frameborder=\"0\" allowfullscreen=\"allowfullscreen\"><\/iframe>\n","protected":false},"excerpt":{"rendered":"<p>Der Preis beinhaltet eine Anpassung durch \u00c9ric Gonz\u00e1lez. Bitte lesen Sie die Informationen unten.<\/p>\n","protected":false},"featured_media":24543,"comment_status":"open","ping_status":"closed","template":"","meta":[],"product_brand":[],"product_cat":[509,1347],"product_tag":[],"giftcard-category":[],"class_list":{"0":"post-2457","1":"product","2":"type-product","3":"status-publish","4":"has-post-thumbnail","6":"product_cat-rohrbaumaschinen","7":"product_cat-k-ge-6","8":"product_shipping_class-rmm-de","10":"first","11":"outofstock","12":"taxable","13":"shipping-taxable","14":"purchasable","15":"product-type-variable"},"yoast_head":"<!-- This site is optimized with the Yoast SEO Premium plugin v27.0 (Yoast SEO v27.3) - https:\/\/yoast.com\/product\/yoast-seo-premium-wordpress\/ -->\n<title>Au\u00dfenhobelmaschine f\u00fcr Oboe und Englischhorn K.GE - EG-REEDS<\/title>\n<meta name=\"description\" content=\"Au\u00dfenhobelmaschine f\u00fcr Oboe K.GE. Deutsches oder franz\u00f6sisches Modell. Die Freiheit eines Messers mit der Pr\u00e4zision einer Maschine. Hier kaufen.\" \/>\n<meta name=\"robots\" content=\"index, follow, max-snippet:-1, max-image-preview:large, max-video-preview:-1\" \/>\n<link rel=\"canonical\" href=\"https:\/\/eg-reeds.com\/de\/shop\/rohrbaumaschinen\/k-ge-6\/ausenhobelmaschine-fur-oboe-und-englischhorn-k-ge\/\" \/>\n<meta property=\"og:locale\" content=\"de_DE\" \/>\n<meta property=\"og:type\" content=\"article\" \/>\n<meta property=\"og:title\" content=\"Au\u00dfenhobelmaschine f\u00fcr Oboe und Englischhorn K.GE\" \/>\n<meta property=\"og:description\" content=\"Au\u00dfenhobelmaschine f\u00fcr Oboe K.GE. Deutsches oder franz\u00f6sisches Modell. Die Freiheit eines Messers mit der Pr\u00e4zision einer Maschine. Hier kaufen.\" \/>\n<meta property=\"og:url\" content=\"https:\/\/eg-reeds.com\/de\/shop\/rohrbaumaschinen\/k-ge-6\/ausenhobelmaschine-fur-oboe-und-englischhorn-k-ge\/\" \/>\n<meta property=\"og:site_name\" content=\"EG-REEDS\" \/>\n<meta property=\"article:publisher\" content=\"https:\/\/www.facebook.com\/EGREEDS\" \/>\n<meta property=\"article:modified_time\" content=\"2025-04-03T14:35:25+00:00\" \/>\n<meta property=\"og:image\" content=\"https:\/\/eg-reeds.com\/wp-content\/uploads\/2017\/01\/Oboe-Reeds-Making-Profiling-EG-REEDS-1.jpg\" \/>\n\t<meta property=\"og:image:width\" content=\"640\" \/>\n\t<meta property=\"og:image:height\" content=\"544\" \/>\n\t<meta property=\"og:image:type\" content=\"image\/jpeg\" \/>\n<meta name=\"twitter:card\" content=\"summary_large_image\" \/>\n<meta name=\"twitter:site\" content=\"@egreeds\" \/>\n<meta name=\"twitter:label1\" content=\"Verf\u00fcgbarkeit\" \/>\n\t<meta name=\"twitter:data1\" content=\"ausverkauft\" \/>\n<script type=\"application\/ld+json\" class=\"yoast-schema-graph\">{\"@context\":\"https:\\\/\\\/schema.org\",\"@graph\":[{\"@type\":[\"WebPage\",\"ItemPage\"],\"@id\":\"https:\\\/\\\/eg-reeds.com\\\/de\\\/shop\\\/rohrbaumaschinen\\\/k-ge-6\\\/ausenhobelmaschine-fur-oboe-und-englischhorn-k-ge\\\/\",\"url\":\"https:\\\/\\\/eg-reeds.com\\\/de\\\/shop\\\/rohrbaumaschinen\\\/k-ge-6\\\/ausenhobelmaschine-fur-oboe-und-englischhorn-k-ge\\\/\",\"name\":\"Au\u00dfenhobelmaschine f\u00fcr Oboe und Englischhorn K.GE - EG-REEDS\",\"isPartOf\":{\"@id\":\"https:\\\/\\\/eg-reeds.com\\\/de\\\/#website\"},\"primaryImageOfPage\":{\"@id\":\"https:\\\/\\\/eg-reeds.com\\\/de\\\/shop\\\/rohrbaumaschinen\\\/k-ge-6\\\/ausenhobelmaschine-fur-oboe-und-englischhorn-k-ge\\\/#primaryimage\"},\"image\":{\"@id\":\"https:\\\/\\\/eg-reeds.com\\\/de\\\/shop\\\/rohrbaumaschinen\\\/k-ge-6\\\/ausenhobelmaschine-fur-oboe-und-englischhorn-k-ge\\\/#primaryimage\"},\"thumbnailUrl\":\"https:\\\/\\\/eg-reeds.com\\\/wp-content\\\/uploads\\\/2017\\\/01\\\/Oboe-Reeds-Making-Profiling-EG-REEDS-1.jpg\",\"datePublished\":\"2015-02-03T09:06:39+00:00\",\"dateModified\":\"2025-04-03T14:35:25+00:00\",\"description\":\"Au\u00dfenhobelmaschine f\u00fcr Oboe K.GE. Deutsches oder franz\u00f6sisches Modell. Die Freiheit eines Messers mit der Pr\u00e4zision einer Maschine. Hier kaufen.\",\"breadcrumb\":{\"@id\":\"https:\\\/\\\/eg-reeds.com\\\/de\\\/shop\\\/rohrbaumaschinen\\\/k-ge-6\\\/ausenhobelmaschine-fur-oboe-und-englischhorn-k-ge\\\/#breadcrumb\"},\"inLanguage\":\"de\",\"potentialAction\":[{\"@type\":\"ReadAction\",\"target\":[\"https:\\\/\\\/eg-reeds.com\\\/de\\\/shop\\\/rohrbaumaschinen\\\/k-ge-6\\\/ausenhobelmaschine-fur-oboe-und-englischhorn-k-ge\\\/\"]}]},{\"@type\":\"ImageObject\",\"inLanguage\":\"de\",\"@id\":\"https:\\\/\\\/eg-reeds.com\\\/de\\\/shop\\\/rohrbaumaschinen\\\/k-ge-6\\\/ausenhobelmaschine-fur-oboe-und-englischhorn-k-ge\\\/#primaryimage\",\"url\":\"https:\\\/\\\/eg-reeds.com\\\/wp-content\\\/uploads\\\/2017\\\/01\\\/Oboe-Reeds-Making-Profiling-EG-REEDS-1.jpg\",\"contentUrl\":\"https:\\\/\\\/eg-reeds.com\\\/wp-content\\\/uploads\\\/2017\\\/01\\\/Oboe-Reeds-Making-Profiling-EG-REEDS-1.jpg\",\"width\":640,\"height\":544,\"caption\":\"Profiling Machine K.GE\"},{\"@type\":\"BreadcrumbList\",\"@id\":\"https:\\\/\\\/eg-reeds.com\\\/de\\\/shop\\\/rohrbaumaschinen\\\/k-ge-6\\\/ausenhobelmaschine-fur-oboe-und-englischhorn-k-ge\\\/#breadcrumb\",\"itemListElement\":[{\"@type\":\"ListItem\",\"position\":1,\"name\":\"Startseite\",\"item\":\"https:\\\/\\\/eg-reeds.com\\\/de\\\/\"},{\"@type\":\"ListItem\",\"position\":2,\"name\":\"Shop\",\"item\":\"https:\\\/\\\/eg-reeds.com\\\/de\\\/\"},{\"@type\":\"ListItem\",\"position\":3,\"name\":\"Au\u00dfenhobelmaschine f\u00fcr Oboe und Englischhorn K.GE\"}]},{\"@type\":\"WebSite\",\"@id\":\"https:\\\/\\\/eg-reeds.com\\\/de\\\/#website\",\"url\":\"https:\\\/\\\/eg-reeds.com\\\/de\\\/\",\"name\":\"www.eg-reeds.com\",\"description\":\"Rohre f\u00fcr Oboe\",\"publisher\":{\"@id\":\"https:\\\/\\\/eg-reeds.com\\\/de\\\/#organization\"},\"alternateName\":\"eg-reeds.com\",\"potentialAction\":[{\"@type\":\"SearchAction\",\"target\":{\"@type\":\"EntryPoint\",\"urlTemplate\":\"https:\\\/\\\/eg-reeds.com\\\/de\\\/?s={search_term_string}\"},\"query-input\":{\"@type\":\"PropertyValueSpecification\",\"valueRequired\":true,\"valueName\":\"search_term_string\"}}],\"inLanguage\":\"de\"},{\"@type\":\"Organization\",\"@id\":\"https:\\\/\\\/eg-reeds.com\\\/de\\\/#organization\",\"name\":\"www.eg-reeds.com\",\"url\":\"https:\\\/\\\/eg-reeds.com\\\/de\\\/\",\"logo\":{\"@type\":\"ImageObject\",\"inLanguage\":\"de\",\"@id\":\"https:\\\/\\\/eg-reeds.com\\\/de\\\/#\\\/schema\\\/logo\\\/image\\\/\",\"url\":\"https:\\\/\\\/eg-reeds.com\\\/wp-content\\\/uploads\\\/2024\\\/06\\\/Logo-scaled-e1718793906611.jpg\",\"contentUrl\":\"https:\\\/\\\/eg-reeds.com\\\/wp-content\\\/uploads\\\/2024\\\/06\\\/Logo-scaled-e1718793906611.jpg\",\"width\":1200,\"height\":493,\"caption\":\"www.eg-reeds.com\"},\"image\":{\"@id\":\"https:\\\/\\\/eg-reeds.com\\\/de\\\/#\\\/schema\\\/logo\\\/image\\\/\"},\"sameAs\":[\"https:\\\/\\\/www.facebook.com\\\/EGREEDS\",\"https:\\\/\\\/x.com\\\/egreeds\",\"https:\\\/\\\/www.instagram.com\\\/egreeds\\\/\",\"https:\\\/\\\/www.youtube.com\\\/c\\\/EGREEDS\",\"https:\\\/\\\/www.threads.net\\\/@egreeds\",\"https:\\\/\\\/www.tiktok.com\\\/@egreeds\"]}]}<\/script>\n<meta property=\"og:availability\" content=\"out of stock\" \/>\n<meta property=\"product:availability\" content=\"out of stock\" \/>\n<meta property=\"product:retailer_item_id\" content=\"MKGE\" \/>\n<meta property=\"product:condition\" content=\"new\" \/>\n<!-- \/ Yoast SEO Premium plugin. -->","yoast_head_json":{"title":"Au\u00dfenhobelmaschine f\u00fcr Oboe und Englischhorn K.GE - EG-REEDS","description":"Au\u00dfenhobelmaschine f\u00fcr Oboe K.GE. Deutsches oder franz\u00f6sisches Modell. Die Freiheit eines Messers mit der Pr\u00e4zision einer Maschine. Hier kaufen.","robots":{"index":"index","follow":"follow","max-snippet":"max-snippet:-1","max-image-preview":"max-image-preview:large","max-video-preview":"max-video-preview:-1"},"canonical":"https:\/\/eg-reeds.com\/de\/shop\/rohrbaumaschinen\/k-ge-6\/ausenhobelmaschine-fur-oboe-und-englischhorn-k-ge\/","og_locale":"de_DE","og_type":"article","og_title":"Au\u00dfenhobelmaschine f\u00fcr Oboe und Englischhorn K.GE","og_description":"Au\u00dfenhobelmaschine f\u00fcr Oboe K.GE. Deutsches oder franz\u00f6sisches Modell. Die Freiheit eines Messers mit der Pr\u00e4zision einer Maschine. Hier kaufen.","og_url":"https:\/\/eg-reeds.com\/de\/shop\/rohrbaumaschinen\/k-ge-6\/ausenhobelmaschine-fur-oboe-und-englischhorn-k-ge\/","og_site_name":"EG-REEDS","article_publisher":"https:\/\/www.facebook.com\/EGREEDS","article_modified_time":"2025-04-03T14:35:25+00:00","og_image":[{"width":640,"height":544,"url":"https:\/\/eg-reeds.com\/wp-content\/uploads\/2017\/01\/Oboe-Reeds-Making-Profiling-EG-REEDS-1.jpg","type":"image\/jpeg"}],"twitter_card":"summary_large_image","twitter_site":"@egreeds","twitter_misc":{"Verf\u00fcgbarkeit":"ausverkauft"},"schema":{"@context":"https:\/\/schema.org","@graph":[{"@type":["WebPage","ItemPage"],"@id":"https:\/\/eg-reeds.com\/de\/shop\/rohrbaumaschinen\/k-ge-6\/ausenhobelmaschine-fur-oboe-und-englischhorn-k-ge\/","url":"https:\/\/eg-reeds.com\/de\/shop\/rohrbaumaschinen\/k-ge-6\/ausenhobelmaschine-fur-oboe-und-englischhorn-k-ge\/","name":"Au\u00dfenhobelmaschine f\u00fcr Oboe und Englischhorn K.GE - EG-REEDS","isPartOf":{"@id":"https:\/\/eg-reeds.com\/de\/#website"},"primaryImageOfPage":{"@id":"https:\/\/eg-reeds.com\/de\/shop\/rohrbaumaschinen\/k-ge-6\/ausenhobelmaschine-fur-oboe-und-englischhorn-k-ge\/#primaryimage"},"image":{"@id":"https:\/\/eg-reeds.com\/de\/shop\/rohrbaumaschinen\/k-ge-6\/ausenhobelmaschine-fur-oboe-und-englischhorn-k-ge\/#primaryimage"},"thumbnailUrl":"https:\/\/eg-reeds.com\/wp-content\/uploads\/2017\/01\/Oboe-Reeds-Making-Profiling-EG-REEDS-1.jpg","datePublished":"2015-02-03T09:06:39+00:00","dateModified":"2025-04-03T14:35:25+00:00","description":"Au\u00dfenhobelmaschine f\u00fcr Oboe K.GE. Deutsches oder franz\u00f6sisches Modell. Die Freiheit eines Messers mit der Pr\u00e4zision einer Maschine. Hier kaufen.","breadcrumb":{"@id":"https:\/\/eg-reeds.com\/de\/shop\/rohrbaumaschinen\/k-ge-6\/ausenhobelmaschine-fur-oboe-und-englischhorn-k-ge\/#breadcrumb"},"inLanguage":"de","potentialAction":[{"@type":"ReadAction","target":["https:\/\/eg-reeds.com\/de\/shop\/rohrbaumaschinen\/k-ge-6\/ausenhobelmaschine-fur-oboe-und-englischhorn-k-ge\/"]}]},{"@type":"ImageObject","inLanguage":"de","@id":"https:\/\/eg-reeds.com\/de\/shop\/rohrbaumaschinen\/k-ge-6\/ausenhobelmaschine-fur-oboe-und-englischhorn-k-ge\/#primaryimage","url":"https:\/\/eg-reeds.com\/wp-content\/uploads\/2017\/01\/Oboe-Reeds-Making-Profiling-EG-REEDS-1.jpg","contentUrl":"https:\/\/eg-reeds.com\/wp-content\/uploads\/2017\/01\/Oboe-Reeds-Making-Profiling-EG-REEDS-1.jpg","width":640,"height":544,"caption":"Profiling Machine K.GE"},{"@type":"BreadcrumbList","@id":"https:\/\/eg-reeds.com\/de\/shop\/rohrbaumaschinen\/k-ge-6\/ausenhobelmaschine-fur-oboe-und-englischhorn-k-ge\/#breadcrumb","itemListElement":[{"@type":"ListItem","position":1,"name":"Startseite","item":"https:\/\/eg-reeds.com\/de\/"},{"@type":"ListItem","position":2,"name":"Shop","item":"https:\/\/eg-reeds.com\/de\/"},{"@type":"ListItem","position":3,"name":"Au\u00dfenhobelmaschine f\u00fcr Oboe und Englischhorn K.GE"}]},{"@type":"WebSite","@id":"https:\/\/eg-reeds.com\/de\/#website","url":"https:\/\/eg-reeds.com\/de\/","name":"www.eg-reeds.com","description":"Rohre f\u00fcr Oboe","publisher":{"@id":"https:\/\/eg-reeds.com\/de\/#organization"},"alternateName":"eg-reeds.com","potentialAction":[{"@type":"SearchAction","target":{"@type":"EntryPoint","urlTemplate":"https:\/\/eg-reeds.com\/de\/?s={search_term_string}"},"query-input":{"@type":"PropertyValueSpecification","valueRequired":true,"valueName":"search_term_string"}}],"inLanguage":"de"},{"@type":"Organization","@id":"https:\/\/eg-reeds.com\/de\/#organization","name":"www.eg-reeds.com","url":"https:\/\/eg-reeds.com\/de\/","logo":{"@type":"ImageObject","inLanguage":"de","@id":"https:\/\/eg-reeds.com\/de\/#\/schema\/logo\/image\/","url":"https:\/\/eg-reeds.com\/wp-content\/uploads\/2024\/06\/Logo-scaled-e1718793906611.jpg","contentUrl":"https:\/\/eg-reeds.com\/wp-content\/uploads\/2024\/06\/Logo-scaled-e1718793906611.jpg","width":1200,"height":493,"caption":"www.eg-reeds.com"},"image":{"@id":"https:\/\/eg-reeds.com\/de\/#\/schema\/logo\/image\/"},"sameAs":["https:\/\/www.facebook.com\/EGREEDS","https:\/\/x.com\/egreeds","https:\/\/www.instagram.com\/egreeds\/","https:\/\/www.youtube.com\/c\/EGREEDS","https:\/\/www.threads.net\/@egreeds","https:\/\/www.tiktok.com\/@egreeds"]}]},"og_availability":"out of stock","product_availability":"out of stock","product_retailer_item_id":"MKGE","product_condition":"new"},"_links":{"self":[{"href":"https:\/\/eg-reeds.com\/de\/wp-json\/wp\/v2\/product\/2457","targetHints":{"allow":["GET"]}}],"collection":[{"href":"https:\/\/eg-reeds.com\/de\/wp-json\/wp\/v2\/product"}],"about":[{"href":"https:\/\/eg-reeds.com\/de\/wp-json\/wp\/v2\/types\/product"}],"replies":[{"embeddable":true,"href":"https:\/\/eg-reeds.com\/de\/wp-json\/wp\/v2\/comments?post=2457"}],"wp:featuredmedia":[{"embeddable":true,"href":"https:\/\/eg-reeds.com\/de\/wp-json\/wp\/v2\/media\/24543"}],"wp:attachment":[{"href":"https:\/\/eg-reeds.com\/de\/wp-json\/wp\/v2\/media?parent=2457"}],"wp:term":[{"taxonomy":"product_brand","embeddable":true,"href":"https:\/\/eg-reeds.com\/de\/wp-json\/wp\/v2\/product_brand?post=2457"},{"taxonomy":"product_cat","embeddable":true,"href":"https:\/\/eg-reeds.com\/de\/wp-json\/wp\/v2\/product_cat?post=2457"},{"taxonomy":"product_tag","embeddable":true,"href":"https:\/\/eg-reeds.com\/de\/wp-json\/wp\/v2\/product_tag?post=2457"},{"taxonomy":"giftcard-category","embeddable":true,"href":"https:\/\/eg-reeds.com\/de\/wp-json\/wp\/v2\/giftcard-category?post=2457"}],"curies":[{"name":"wp","href":"https:\/\/api.w.org\/{rel}","templated":true}]}}