{"id":2466,"date":"2015-02-03T10:05:48","date_gmt":"2015-02-03T09:05:48","guid":{"rendered":"http:\/\/eg-reeds.com\/shop\/uncategorized\/oboe-ausgehobelte-holzer-flexibilitat-bestimmungsgerat-k-ge\/"},"modified":"2018-05-23T18:47:45","modified_gmt":"2018-05-23T17:47:45","slug":"oboe-flexibilitaet-bestimmungsgeraet-k-ge","status":"publish","type":"product","link":"https:\/\/eg-reeds.com\/de\/shop\/rohrbaumaschinen\/k-ge-6\/oboe-flexibilitaet-bestimmungsgeraet-k-ge\/","title":{"rendered":"Oboe Flexibilit\u00e4t Bestimmungsger\u00e4t K.GE"},"content":{"rendered":"<h4><strong>Oboe Flexibilit\u00e4t Bestimmungsger\u00e4t K.GE.<\/strong><\/h4>\n<p>Flexibility test machine for oboe gouged cane K.GE.<\/p>\n<p>This new tool is fully designed and developed by K.GE. The machine allows to accurately measure the degree of flexibility of the gouged cane. This makes easier the process of scratching, because we know if the cane is hard, medium or soft, with an accurate measurement. In the Videos tab you can carefully observe how it works. The next picture (click to enlarge) shows the measures to determine if the cane is soft, medium or hard.<\/p>\n<p><a href=\"https:\/\/eg-reeds.com\/wp-content\/uploads\/2015\/02\/Flexibility-test-measures-KGE.jpg\"><img loading=\"lazy\" decoding=\"async\" class=\"alignnone wp-image-2025\" src=\"https:\/\/eg-reeds.com\/wp-content\/uploads\/2015\/02\/Flexibility-test-measures-KGE.jpg\" alt=\"Flexibility test measures KGE\" width=\"420\" height=\"314\" srcset=\"https:\/\/eg-reeds.com\/wp-content\/uploads\/2015\/02\/Flexibility-test-measures-KGE.jpg 960w, https:\/\/eg-reeds.com\/wp-content\/uploads\/2015\/02\/Flexibility-test-measures-KGE-600x449.jpg 600w\" sizes=\"auto, (max-width: 420px) 100vw, 420px\" \/><\/a><\/p>\n<p><span style=\"line-height: 1.5;\">Picture\u00a0provided by K.GE.<\/span><\/p>\n<iframe loading=\"lazy\" src=\"https:\/\/www.youtube.com\/embed\/M9vPPCHhgRI\" width=\"340\" height=\"240\" frameborder=\"0\" allowfullscreen=\"allowfullscreen\"><\/iframe>\n","protected":false},"excerpt":{"rendered":"<p>Oboe Flexibilit\u00e4t Bestimmungsger\u00e4t K.GE. Flexibility test machine for oboe gouged cane K.GE. This new tool is fully designed and developed by K.GE. The machine allows to accurately measure the degree of flexibility of the gouged cane. This makes easier the process of scratching, because we know if the cane is hard, medium or soft, with [&#8230;]\n","protected":false},"featured_media":22915,"comment_status":"open","ping_status":"closed","template":"","meta":[],"product_brand":[],"product_cat":[509,1347],"product_tag":[],"giftcard-category":[],"class_list":{"0":"post-2466","1":"product","2":"type-product","3":"status-publish","4":"has-post-thumbnail","6":"product_cat-rohrbaumaschinen","7":"product_cat-k-ge-6","8":"product_shipping_class-rmm-de","10":"first","11":"outofstock","12":"taxable","13":"shipping-taxable","14":"purchasable","15":"product-type-simple"},"yoast_head":"<!-- This site is optimized with the Yoast SEO Premium plugin v27.0 (Yoast SEO v27.3) - https:\/\/yoast.com\/product\/yoast-seo-premium-wordpress\/ -->\n<title>Oboe Flexibilit\u00e4t Bestimmungsger\u00e4t K.GE - EG-REEDS<\/title>\n<meta name=\"description\" content=\"Oboe Flexibilit\u00e4t Bestimmungsger\u00e4t, Oboe Flexibilit\u00e4t Bestimmungsger\u00e4t K.GE, Oboe Flexibilit\u00e4t KGE, Flexibilit\u00e4t K.GE, KGE, K.Ge\" \/>\n<meta name=\"robots\" content=\"index, follow, max-snippet:-1, max-image-preview:large, max-video-preview:-1\" \/>\n<link rel=\"canonical\" href=\"https:\/\/eg-reeds.com\/de\/shop\/rohrbaumaschinen\/k-ge-6\/oboe-flexibilitaet-bestimmungsgeraet-k-ge\/\" \/>\n<meta property=\"og:locale\" content=\"de_DE\" \/>\n<meta property=\"og:type\" content=\"article\" \/>\n<meta property=\"og:title\" content=\"Oboe Flexibilit\u00e4t Bestimmungsger\u00e4t K.GE\" \/>\n<meta property=\"og:description\" content=\"Oboe Flexibilit\u00e4t Bestimmungsger\u00e4t, Oboe Flexibilit\u00e4t Bestimmungsger\u00e4t K.GE, Oboe Flexibilit\u00e4t KGE, Flexibilit\u00e4t K.GE, KGE, K.Ge\" \/>\n<meta property=\"og:url\" content=\"https:\/\/eg-reeds.com\/de\/shop\/rohrbaumaschinen\/k-ge-6\/oboe-flexibilitaet-bestimmungsgeraet-k-ge\/\" \/>\n<meta property=\"og:site_name\" content=\"EG-REEDS\" \/>\n<meta property=\"article:publisher\" content=\"https:\/\/www.facebook.com\/EGREEDS\" \/>\n<meta property=\"article:modified_time\" content=\"2018-05-23T17:47:45+00:00\" \/>\n<meta property=\"og:image\" content=\"https:\/\/eg-reeds.com\/wp-content\/uploads\/2017\/01\/Flexibility-test-machine-KGE-EG-REEDS.jpg\" \/>\n\t<meta property=\"og:image:width\" content=\"640\" \/>\n\t<meta property=\"og:image:height\" content=\"544\" \/>\n\t<meta property=\"og:image:type\" content=\"image\/jpeg\" \/>\n<meta name=\"twitter:card\" content=\"summary_large_image\" \/>\n<meta name=\"twitter:site\" content=\"@egreeds\" \/>\n<meta name=\"twitter:label1\" content=\"Preis\" \/>\n\t<meta name=\"twitter:data1\" content=\"1.050,00&euro;\" \/>\n\t<meta name=\"twitter:label2\" content=\"Verf\u00fcgbarkeit\" \/>\n\t<meta name=\"twitter:data2\" content=\"ausverkauft\" \/>\n<script type=\"application\/ld+json\" class=\"yoast-schema-graph\">{\"@context\":\"https:\\\/\\\/schema.org\",\"@graph\":[{\"@type\":[\"WebPage\",\"ItemPage\"],\"@id\":\"https:\\\/\\\/eg-reeds.com\\\/de\\\/shop\\\/rohrbaumaschinen\\\/k-ge-6\\\/oboe-flexibilitaet-bestimmungsgeraet-k-ge\\\/\",\"url\":\"https:\\\/\\\/eg-reeds.com\\\/de\\\/shop\\\/rohrbaumaschinen\\\/k-ge-6\\\/oboe-flexibilitaet-bestimmungsgeraet-k-ge\\\/\",\"name\":\"Oboe Flexibilit\u00e4t Bestimmungsger\u00e4t K.GE - EG-REEDS\",\"isPartOf\":{\"@id\":\"https:\\\/\\\/eg-reeds.com\\\/de\\\/#website\"},\"primaryImageOfPage\":{\"@id\":\"https:\\\/\\\/eg-reeds.com\\\/de\\\/shop\\\/rohrbaumaschinen\\\/k-ge-6\\\/oboe-flexibilitaet-bestimmungsgeraet-k-ge\\\/#primaryimage\"},\"image\":{\"@id\":\"https:\\\/\\\/eg-reeds.com\\\/de\\\/shop\\\/rohrbaumaschinen\\\/k-ge-6\\\/oboe-flexibilitaet-bestimmungsgeraet-k-ge\\\/#primaryimage\"},\"thumbnailUrl\":\"https:\\\/\\\/eg-reeds.com\\\/wp-content\\\/uploads\\\/2017\\\/01\\\/Flexibility-test-machine-KGE-EG-REEDS.jpg\",\"datePublished\":\"2015-02-03T09:05:48+00:00\",\"dateModified\":\"2018-05-23T17:47:45+00:00\",\"description\":\"Oboe Flexibilit\u00e4t Bestimmungsger\u00e4t, Oboe Flexibilit\u00e4t Bestimmungsger\u00e4t K.GE, Oboe Flexibilit\u00e4t KGE, Flexibilit\u00e4t K.GE, KGE, K.Ge\",\"breadcrumb\":{\"@id\":\"https:\\\/\\\/eg-reeds.com\\\/de\\\/shop\\\/rohrbaumaschinen\\\/k-ge-6\\\/oboe-flexibilitaet-bestimmungsgeraet-k-ge\\\/#breadcrumb\"},\"inLanguage\":\"de\",\"potentialAction\":[{\"@type\":\"ReadAction\",\"target\":[\"https:\\\/\\\/eg-reeds.com\\\/de\\\/shop\\\/rohrbaumaschinen\\\/k-ge-6\\\/oboe-flexibilitaet-bestimmungsgeraet-k-ge\\\/\"]}]},{\"@type\":\"ImageObject\",\"inLanguage\":\"de\",\"@id\":\"https:\\\/\\\/eg-reeds.com\\\/de\\\/shop\\\/rohrbaumaschinen\\\/k-ge-6\\\/oboe-flexibilitaet-bestimmungsgeraet-k-ge\\\/#primaryimage\",\"url\":\"https:\\\/\\\/eg-reeds.com\\\/wp-content\\\/uploads\\\/2017\\\/01\\\/Flexibility-test-machine-KGE-EG-REEDS.jpg\",\"contentUrl\":\"https:\\\/\\\/eg-reeds.com\\\/wp-content\\\/uploads\\\/2017\\\/01\\\/Flexibility-test-machine-KGE-EG-REEDS.jpg\",\"width\":640,\"height\":544},{\"@type\":\"BreadcrumbList\",\"@id\":\"https:\\\/\\\/eg-reeds.com\\\/de\\\/shop\\\/rohrbaumaschinen\\\/k-ge-6\\\/oboe-flexibilitaet-bestimmungsgeraet-k-ge\\\/#breadcrumb\",\"itemListElement\":[{\"@type\":\"ListItem\",\"position\":1,\"name\":\"Startseite\",\"item\":\"https:\\\/\\\/eg-reeds.com\\\/de\\\/\"},{\"@type\":\"ListItem\",\"position\":2,\"name\":\"Shop\",\"item\":\"https:\\\/\\\/eg-reeds.com\\\/de\\\/\"},{\"@type\":\"ListItem\",\"position\":3,\"name\":\"Oboe Flexibilit\u00e4t Bestimmungsger\u00e4t K.GE\"}]},{\"@type\":\"WebSite\",\"@id\":\"https:\\\/\\\/eg-reeds.com\\\/de\\\/#website\",\"url\":\"https:\\\/\\\/eg-reeds.com\\\/de\\\/\",\"name\":\"www.eg-reeds.com\",\"description\":\"Rohre f\u00fcr Oboe\",\"publisher\":{\"@id\":\"https:\\\/\\\/eg-reeds.com\\\/de\\\/#organization\"},\"alternateName\":\"eg-reeds.com\",\"potentialAction\":[{\"@type\":\"SearchAction\",\"target\":{\"@type\":\"EntryPoint\",\"urlTemplate\":\"https:\\\/\\\/eg-reeds.com\\\/de\\\/?s={search_term_string}\"},\"query-input\":{\"@type\":\"PropertyValueSpecification\",\"valueRequired\":true,\"valueName\":\"search_term_string\"}}],\"inLanguage\":\"de\"},{\"@type\":\"Organization\",\"@id\":\"https:\\\/\\\/eg-reeds.com\\\/de\\\/#organization\",\"name\":\"www.eg-reeds.com\",\"url\":\"https:\\\/\\\/eg-reeds.com\\\/de\\\/\",\"logo\":{\"@type\":\"ImageObject\",\"inLanguage\":\"de\",\"@id\":\"https:\\\/\\\/eg-reeds.com\\\/de\\\/#\\\/schema\\\/logo\\\/image\\\/\",\"url\":\"https:\\\/\\\/eg-reeds.com\\\/wp-content\\\/uploads\\\/2024\\\/06\\\/Logo-scaled-e1718793906611.jpg\",\"contentUrl\":\"https:\\\/\\\/eg-reeds.com\\\/wp-content\\\/uploads\\\/2024\\\/06\\\/Logo-scaled-e1718793906611.jpg\",\"width\":1200,\"height\":493,\"caption\":\"www.eg-reeds.com\"},\"image\":{\"@id\":\"https:\\\/\\\/eg-reeds.com\\\/de\\\/#\\\/schema\\\/logo\\\/image\\\/\"},\"sameAs\":[\"https:\\\/\\\/www.facebook.com\\\/EGREEDS\",\"https:\\\/\\\/x.com\\\/egreeds\",\"https:\\\/\\\/www.instagram.com\\\/egreeds\\\/\",\"https:\\\/\\\/www.youtube.com\\\/c\\\/EGREEDS\",\"https:\\\/\\\/www.threads.net\\\/@egreeds\",\"https:\\\/\\\/www.tiktok.com\\\/@egreeds\"]}]}<\/script>\n<meta property=\"product:price:amount\" content=\"1050.00\" \/>\n<meta property=\"product:price:currency\" content=\"EUR\" \/>\n<meta property=\"og:availability\" content=\"out of stock\" \/>\n<meta property=\"product:availability\" content=\"out of stock\" \/>\n<meta property=\"product:retailer_item_id\" content=\"MKGEF\" \/>\n<meta property=\"product:condition\" content=\"new\" \/>\n<!-- \/ Yoast SEO Premium plugin. -->","yoast_head_json":{"title":"Oboe Flexibilit\u00e4t Bestimmungsger\u00e4t K.GE - EG-REEDS","description":"Oboe Flexibilit\u00e4t Bestimmungsger\u00e4t, Oboe Flexibilit\u00e4t Bestimmungsger\u00e4t K.GE, Oboe Flexibilit\u00e4t KGE, Flexibilit\u00e4t K.GE, KGE, K.Ge","robots":{"index":"index","follow":"follow","max-snippet":"max-snippet:-1","max-image-preview":"max-image-preview:large","max-video-preview":"max-video-preview:-1"},"canonical":"https:\/\/eg-reeds.com\/de\/shop\/rohrbaumaschinen\/k-ge-6\/oboe-flexibilitaet-bestimmungsgeraet-k-ge\/","og_locale":"de_DE","og_type":"article","og_title":"Oboe Flexibilit\u00e4t Bestimmungsger\u00e4t K.GE","og_description":"Oboe Flexibilit\u00e4t Bestimmungsger\u00e4t, Oboe Flexibilit\u00e4t Bestimmungsger\u00e4t K.GE, Oboe Flexibilit\u00e4t KGE, Flexibilit\u00e4t K.GE, KGE, K.Ge","og_url":"https:\/\/eg-reeds.com\/de\/shop\/rohrbaumaschinen\/k-ge-6\/oboe-flexibilitaet-bestimmungsgeraet-k-ge\/","og_site_name":"EG-REEDS","article_publisher":"https:\/\/www.facebook.com\/EGREEDS","article_modified_time":"2018-05-23T17:47:45+00:00","og_image":[{"width":640,"height":544,"url":"https:\/\/eg-reeds.com\/wp-content\/uploads\/2017\/01\/Flexibility-test-machine-KGE-EG-REEDS.jpg","type":"image\/jpeg"}],"twitter_card":"summary_large_image","twitter_site":"@egreeds","twitter_misc":{"Preis":"1.050,00&euro;","Verf\u00fcgbarkeit":"ausverkauft"},"schema":{"@context":"https:\/\/schema.org","@graph":[{"@type":["WebPage","ItemPage"],"@id":"https:\/\/eg-reeds.com\/de\/shop\/rohrbaumaschinen\/k-ge-6\/oboe-flexibilitaet-bestimmungsgeraet-k-ge\/","url":"https:\/\/eg-reeds.com\/de\/shop\/rohrbaumaschinen\/k-ge-6\/oboe-flexibilitaet-bestimmungsgeraet-k-ge\/","name":"Oboe Flexibilit\u00e4t Bestimmungsger\u00e4t K.GE - EG-REEDS","isPartOf":{"@id":"https:\/\/eg-reeds.com\/de\/#website"},"primaryImageOfPage":{"@id":"https:\/\/eg-reeds.com\/de\/shop\/rohrbaumaschinen\/k-ge-6\/oboe-flexibilitaet-bestimmungsgeraet-k-ge\/#primaryimage"},"image":{"@id":"https:\/\/eg-reeds.com\/de\/shop\/rohrbaumaschinen\/k-ge-6\/oboe-flexibilitaet-bestimmungsgeraet-k-ge\/#primaryimage"},"thumbnailUrl":"https:\/\/eg-reeds.com\/wp-content\/uploads\/2017\/01\/Flexibility-test-machine-KGE-EG-REEDS.jpg","datePublished":"2015-02-03T09:05:48+00:00","dateModified":"2018-05-23T17:47:45+00:00","description":"Oboe Flexibilit\u00e4t Bestimmungsger\u00e4t, Oboe Flexibilit\u00e4t Bestimmungsger\u00e4t K.GE, Oboe Flexibilit\u00e4t KGE, Flexibilit\u00e4t K.GE, KGE, K.Ge","breadcrumb":{"@id":"https:\/\/eg-reeds.com\/de\/shop\/rohrbaumaschinen\/k-ge-6\/oboe-flexibilitaet-bestimmungsgeraet-k-ge\/#breadcrumb"},"inLanguage":"de","potentialAction":[{"@type":"ReadAction","target":["https:\/\/eg-reeds.com\/de\/shop\/rohrbaumaschinen\/k-ge-6\/oboe-flexibilitaet-bestimmungsgeraet-k-ge\/"]}]},{"@type":"ImageObject","inLanguage":"de","@id":"https:\/\/eg-reeds.com\/de\/shop\/rohrbaumaschinen\/k-ge-6\/oboe-flexibilitaet-bestimmungsgeraet-k-ge\/#primaryimage","url":"https:\/\/eg-reeds.com\/wp-content\/uploads\/2017\/01\/Flexibility-test-machine-KGE-EG-REEDS.jpg","contentUrl":"https:\/\/eg-reeds.com\/wp-content\/uploads\/2017\/01\/Flexibility-test-machine-KGE-EG-REEDS.jpg","width":640,"height":544},{"@type":"BreadcrumbList","@id":"https:\/\/eg-reeds.com\/de\/shop\/rohrbaumaschinen\/k-ge-6\/oboe-flexibilitaet-bestimmungsgeraet-k-ge\/#breadcrumb","itemListElement":[{"@type":"ListItem","position":1,"name":"Startseite","item":"https:\/\/eg-reeds.com\/de\/"},{"@type":"ListItem","position":2,"name":"Shop","item":"https:\/\/eg-reeds.com\/de\/"},{"@type":"ListItem","position":3,"name":"Oboe Flexibilit\u00e4t Bestimmungsger\u00e4t K.GE"}]},{"@type":"WebSite","@id":"https:\/\/eg-reeds.com\/de\/#website","url":"https:\/\/eg-reeds.com\/de\/","name":"www.eg-reeds.com","description":"Rohre f\u00fcr Oboe","publisher":{"@id":"https:\/\/eg-reeds.com\/de\/#organization"},"alternateName":"eg-reeds.com","potentialAction":[{"@type":"SearchAction","target":{"@type":"EntryPoint","urlTemplate":"https:\/\/eg-reeds.com\/de\/?s={search_term_string}"},"query-input":{"@type":"PropertyValueSpecification","valueRequired":true,"valueName":"search_term_string"}}],"inLanguage":"de"},{"@type":"Organization","@id":"https:\/\/eg-reeds.com\/de\/#organization","name":"www.eg-reeds.com","url":"https:\/\/eg-reeds.com\/de\/","logo":{"@type":"ImageObject","inLanguage":"de","@id":"https:\/\/eg-reeds.com\/de\/#\/schema\/logo\/image\/","url":"https:\/\/eg-reeds.com\/wp-content\/uploads\/2024\/06\/Logo-scaled-e1718793906611.jpg","contentUrl":"https:\/\/eg-reeds.com\/wp-content\/uploads\/2024\/06\/Logo-scaled-e1718793906611.jpg","width":1200,"height":493,"caption":"www.eg-reeds.com"},"image":{"@id":"https:\/\/eg-reeds.com\/de\/#\/schema\/logo\/image\/"},"sameAs":["https:\/\/www.facebook.com\/EGREEDS","https:\/\/x.com\/egreeds","https:\/\/www.instagram.com\/egreeds\/","https:\/\/www.youtube.com\/c\/EGREEDS","https:\/\/www.threads.net\/@egreeds","https:\/\/www.tiktok.com\/@egreeds"]}]},"product_price_amount":"1050.00","product_price_currency":"EUR","og_availability":"out of stock","product_availability":"out of stock","product_retailer_item_id":"MKGEF","product_condition":"new"},"_links":{"self":[{"href":"https:\/\/eg-reeds.com\/de\/wp-json\/wp\/v2\/product\/2466","targetHints":{"allow":["GET"]}}],"collection":[{"href":"https:\/\/eg-reeds.com\/de\/wp-json\/wp\/v2\/product"}],"about":[{"href":"https:\/\/eg-reeds.com\/de\/wp-json\/wp\/v2\/types\/product"}],"replies":[{"embeddable":true,"href":"https:\/\/eg-reeds.com\/de\/wp-json\/wp\/v2\/comments?post=2466"}],"wp:featuredmedia":[{"embeddable":true,"href":"https:\/\/eg-reeds.com\/de\/wp-json\/wp\/v2\/media\/22915"}],"wp:attachment":[{"href":"https:\/\/eg-reeds.com\/de\/wp-json\/wp\/v2\/media?parent=2466"}],"wp:term":[{"taxonomy":"product_brand","embeddable":true,"href":"https:\/\/eg-reeds.com\/de\/wp-json\/wp\/v2\/product_brand?post=2466"},{"taxonomy":"product_cat","embeddable":true,"href":"https:\/\/eg-reeds.com\/de\/wp-json\/wp\/v2\/product_cat?post=2466"},{"taxonomy":"product_tag","embeddable":true,"href":"https:\/\/eg-reeds.com\/de\/wp-json\/wp\/v2\/product_tag?post=2466"},{"taxonomy":"giftcard-category","embeddable":true,"href":"https:\/\/eg-reeds.com\/de\/wp-json\/wp\/v2\/giftcard-category?post=2466"}],"curies":[{"name":"wp","href":"https:\/\/api.w.org\/{rel}","templated":true}]}}