{"id":26100,"date":"2017-04-27T10:19:15","date_gmt":"2017-04-27T10:19:15","guid":{"rendered":"http:\/\/eg-reeds.com\/de\/shop\/rohrbaumaschinen\/ausenhobelmaschine-reeds-n-stuff\/"},"modified":"2023-09-14T19:45:53","modified_gmt":"2023-09-14T17:45:53","slug":"ausenhobelmaschine-reeds-n-stuff","status":"publish","type":"product","link":"https:\/\/eg-reeds.com\/de\/shop\/rohrbaumaschinen\/reeds-n-stuff-de\/ausenhobelmaschine-reeds-n-stuff\/","title":{"rendered":"Au\u00dfenhobelmaschine Reeds &#8217;n stuff"},"content":{"rendered":"<h1><strong>Au\u00dfenhobelmaschine Reeds &#8217;n stuff.<\/strong><\/h1>\n<p>Au\u00dfenhobelmaschine Reeds &#8217;n stuff<\/p>\n<p><a href=\"http:\/\/eg-reeds.com\/template-list-reeds-n-stuff\/\" target=\"_blank\" rel=\"noopener noreferrer\">Schablonen f\u00fcr die Au\u00dfenhobelmaschine<\/a><\/p>\n<p>Au\u00dfenhobelmaschine Reeds &#8217;n stuff.\u00a0Drei Faktoren f\u00fchren hier zu unvergleichlichem Klang und Resonanz. Unser gro\u00dfes Sortiment an Schablonen, Bahnl\u00e4ngenblechen und Zungen erm\u00f6glicht nicht nur flexible Einstellm\u00f6glichkeiten, sondern vor allem eins: Perfekte Rohre.<\/p>\n<p>Bitte kontaktieren Sie uns f\u00fcr Oboe d&#8217;amore, Englischhorn, Wiener Oboe, Barockoboe und Bassoboe.<\/p>\n<h4><strong>Pr\u00e4zision und Einstellung.<\/strong><\/h4>\n<p>Unsere Klinge wird extra geh\u00e4rtet und mit einer Diamantscheibe abgerundet. Dadurch gelingt es Ihnen, selbst die detailreichsten Profile zu schaben. Beim Wechseln des Messers sorgt die Einstelluhr f\u00fcr eine pr\u00e4zise Positionierung.<\/p>\n<h4><strong><img loading=\"lazy\" decoding=\"async\" class=\"size-medium wp-image-29640 aligncenter\" src=\"http:\/\/eg-reeds.com\/wp-content\/uploads\/2017\/04\/detail_f10-13200-0010_01.jpg\" alt=\"Transport bag oboe profiling machine\" width=\"300\" height=\"240\" srcset=\"https:\/\/eg-reeds.com\/wp-content\/uploads\/2017\/04\/detail_f10-13200-0010_01.jpg 1500w, https:\/\/eg-reeds.com\/wp-content\/uploads\/2017\/04\/detail_f10-13200-0010_01-600x480.jpg 600w\" sizes=\"auto, (max-width: 300px) 100vw, 300px\" \/>Inklusive Transporttasche.<\/strong><\/h4>\n<p>Die Reeds &#8217;n Stuff Transporttasche f\u00fcr Ihre Au\u00dfenhobelmaschine kombiniert ein schlichtes Design mit praktischer Funktionalit\u00e4t und einfacher Benutzung. Das Schaumstoffinnenleben bringt Ihren Au\u00dfenhobel passgenau und sicher unter. Der dreiseitige Reisverschluss sorgt f\u00fcr ein unkompliziertes \u00d6ffnen und Verschlie\u00dfen der Tasche und ein einfaches Einlegen und Herausnehmen Ihrer Maschine. Au\u00dferdem bietet das Fach an der Oberseite der Tasche Platz f\u00fcr Werkzeuge und andere wichtige Dinge. Die Trageschlaufe erm\u00f6glicht Ihnen ein bequemes Halten der Tasche. Nehmen Sie Ihre Au\u00dfenhobelmaschine wohlbeh\u00fctet mit!<\/p>\n<h4><strong>Einfachste Bedienung.<\/strong><\/h4>\n<p>Entwickelt f\u00fcr pr\u00e4zise Ergebnisse und einfach Bedienung.<\/p>\n<p><iframe loading=\"lazy\" title=\"Reeds\u00b4n stuff profiling machine demo by Udo Heng\" width=\"1020\" height=\"574\" src=\"https:\/\/www.youtube.com\/embed\/26PPs7VpWDI?feature=oembed\" frameborder=\"0\" allow=\"accelerometer; autoplay; clipboard-write; encrypted-media; gyroscope; picture-in-picture; web-share\" allowfullscreen><\/iframe><\/p>\n","protected":false},"excerpt":{"rendered":"<p><a href=\"http:\/\/eg-reeds.com\/template-list-reeds-n-stuff\/\" target=\"_blank\" rel=\"noopener noreferrer\">Schablonen f\u00fcr die Au\u00dfenhobelmaschine<\/a><\/p>\n","protected":false},"featured_media":26343,"comment_status":"open","ping_status":"closed","template":"","meta":[],"product_brand":[],"product_cat":[2927],"product_tag":[],"giftcard-category":[],"class_list":{"0":"post-26100","1":"product","2":"type-product","3":"status-publish","4":"has-post-thumbnail","6":"product_cat-reeds-n-stuff-de","7":"product_shipping_class-rmm-de","9":"first","10":"instock","11":"sold-individually","12":"taxable","13":"shipping-taxable","14":"purchasable","15":"product-type-variable"},"yoast_head":"<!-- This site is optimized with the Yoast SEO Premium plugin v27.0 (Yoast SEO v27.3) - https:\/\/yoast.com\/product\/yoast-seo-premium-wordpress\/ -->\n<title>Au\u00dfenhobelmaschine Reeds &#039;n stuff - EG-REEDS<\/title>\n<meta name=\"description\" content=\"Au\u00dfenhobelmaschine Reeds &#039;n stuff.\u00a0Drei Faktoren f\u00fchren hier zu unvergleichlichem Klang und Resonanz. Unser gro\u00dfes Sortiment an Schablonen, Bahnl\u00e4ngenblechen und Zungen erm\u00f6glicht nicht nur flexible Einstellm\u00f6glichkeiten, sondern vor allem eins: Perfekte Rohre.\" \/>\n<meta name=\"robots\" content=\"index, follow, max-snippet:-1, max-image-preview:large, max-video-preview:-1\" \/>\n<link rel=\"canonical\" href=\"https:\/\/eg-reeds.com\/de\/shop\/rohrbaumaschinen\/reeds-n-stuff-de\/ausenhobelmaschine-reeds-n-stuff\/\" \/>\n<meta property=\"og:locale\" content=\"de_DE\" \/>\n<meta property=\"og:type\" content=\"article\" \/>\n<meta property=\"og:title\" content=\"Au\u00dfenhobelmaschine Reeds &#039;n stuff\" \/>\n<meta property=\"og:description\" content=\"Au\u00dfenhobelmaschine Reeds &#039;n stuff.\u00a0Drei Faktoren f\u00fchren hier zu unvergleichlichem Klang und Resonanz. Unser gro\u00dfes Sortiment an Schablonen, Bahnl\u00e4ngenblechen und Zungen erm\u00f6glicht nicht nur flexible Einstellm\u00f6glichkeiten, sondern vor allem eins: Perfekte Rohre.\" \/>\n<meta property=\"og:url\" content=\"https:\/\/eg-reeds.com\/de\/shop\/rohrbaumaschinen\/reeds-n-stuff-de\/ausenhobelmaschine-reeds-n-stuff\/\" \/>\n<meta property=\"og:site_name\" content=\"EG-REEDS\" \/>\n<meta property=\"article:publisher\" content=\"https:\/\/www.facebook.com\/EGREEDS\" \/>\n<meta property=\"article:modified_time\" content=\"2023-09-14T17:45:53+00:00\" \/>\n<meta property=\"og:image\" content=\"https:\/\/eg-reeds.com\/wp-content\/uploads\/2017\/04\/Reeds-n-Stuff-profiling-machine-1.jpg\" \/>\n\t<meta property=\"og:image:width\" content=\"640\" \/>\n\t<meta property=\"og:image:height\" content=\"544\" \/>\n\t<meta property=\"og:image:type\" content=\"image\/jpeg\" \/>\n<meta name=\"twitter:card\" content=\"summary_large_image\" \/>\n<meta name=\"twitter:site\" content=\"@egreeds\" \/>\n<meta name=\"twitter:label1\" content=\"Verf\u00fcgbarkeit\" \/>\n\t<meta name=\"twitter:data1\" content=\"Auf Lager\" \/>\n<script type=\"application\/ld+json\" class=\"yoast-schema-graph\">{\"@context\":\"https:\\\/\\\/schema.org\",\"@graph\":[{\"@type\":[\"WebPage\",\"ItemPage\"],\"@id\":\"https:\\\/\\\/eg-reeds.com\\\/de\\\/shop\\\/rohrbaumaschinen\\\/reeds-n-stuff-de\\\/ausenhobelmaschine-reeds-n-stuff\\\/\",\"url\":\"https:\\\/\\\/eg-reeds.com\\\/de\\\/shop\\\/rohrbaumaschinen\\\/reeds-n-stuff-de\\\/ausenhobelmaschine-reeds-n-stuff\\\/\",\"name\":\"Au\u00dfenhobelmaschine Reeds 'n stuff - EG-REEDS\",\"isPartOf\":{\"@id\":\"https:\\\/\\\/eg-reeds.com\\\/de\\\/#website\"},\"primaryImageOfPage\":{\"@id\":\"https:\\\/\\\/eg-reeds.com\\\/de\\\/shop\\\/rohrbaumaschinen\\\/reeds-n-stuff-de\\\/ausenhobelmaschine-reeds-n-stuff\\\/#primaryimage\"},\"image\":{\"@id\":\"https:\\\/\\\/eg-reeds.com\\\/de\\\/shop\\\/rohrbaumaschinen\\\/reeds-n-stuff-de\\\/ausenhobelmaschine-reeds-n-stuff\\\/#primaryimage\"},\"thumbnailUrl\":\"https:\\\/\\\/eg-reeds.com\\\/wp-content\\\/uploads\\\/2017\\\/04\\\/Reeds-n-Stuff-profiling-machine-1.jpg\",\"datePublished\":\"2017-04-27T10:19:15+00:00\",\"dateModified\":\"2023-09-14T17:45:53+00:00\",\"description\":\"Au\u00dfenhobelmaschine Reeds 'n stuff.\u00a0Drei Faktoren f\u00fchren hier zu unvergleichlichem Klang und Resonanz. Unser gro\u00dfes Sortiment an Schablonen, Bahnl\u00e4ngenblechen und Zungen erm\u00f6glicht nicht nur flexible Einstellm\u00f6glichkeiten, sondern vor allem eins: Perfekte Rohre.\",\"breadcrumb\":{\"@id\":\"https:\\\/\\\/eg-reeds.com\\\/de\\\/shop\\\/rohrbaumaschinen\\\/reeds-n-stuff-de\\\/ausenhobelmaschine-reeds-n-stuff\\\/#breadcrumb\"},\"inLanguage\":\"de\",\"potentialAction\":[{\"@type\":\"ReadAction\",\"target\":[\"https:\\\/\\\/eg-reeds.com\\\/de\\\/shop\\\/rohrbaumaschinen\\\/reeds-n-stuff-de\\\/ausenhobelmaschine-reeds-n-stuff\\\/\"]}]},{\"@type\":\"ImageObject\",\"inLanguage\":\"de\",\"@id\":\"https:\\\/\\\/eg-reeds.com\\\/de\\\/shop\\\/rohrbaumaschinen\\\/reeds-n-stuff-de\\\/ausenhobelmaschine-reeds-n-stuff\\\/#primaryimage\",\"url\":\"https:\\\/\\\/eg-reeds.com\\\/wp-content\\\/uploads\\\/2017\\\/04\\\/Reeds-n-Stuff-profiling-machine-1.jpg\",\"contentUrl\":\"https:\\\/\\\/eg-reeds.com\\\/wp-content\\\/uploads\\\/2017\\\/04\\\/Reeds-n-Stuff-profiling-machine-1.jpg\",\"width\":640,\"height\":544,\"caption\":\"Au\u00dfenhobelmaschine Reeds 'n stuff\"},{\"@type\":\"BreadcrumbList\",\"@id\":\"https:\\\/\\\/eg-reeds.com\\\/de\\\/shop\\\/rohrbaumaschinen\\\/reeds-n-stuff-de\\\/ausenhobelmaschine-reeds-n-stuff\\\/#breadcrumb\",\"itemListElement\":[{\"@type\":\"ListItem\",\"position\":1,\"name\":\"Startseite\",\"item\":\"https:\\\/\\\/eg-reeds.com\\\/de\\\/\"},{\"@type\":\"ListItem\",\"position\":2,\"name\":\"Shop\",\"item\":\"https:\\\/\\\/eg-reeds.com\\\/de\\\/\"},{\"@type\":\"ListItem\",\"position\":3,\"name\":\"Au\u00dfenhobelmaschine Reeds &#8217;n stuff\"}]},{\"@type\":\"WebSite\",\"@id\":\"https:\\\/\\\/eg-reeds.com\\\/de\\\/#website\",\"url\":\"https:\\\/\\\/eg-reeds.com\\\/de\\\/\",\"name\":\"www.eg-reeds.com\",\"description\":\"Rohre f\u00fcr Oboe\",\"publisher\":{\"@id\":\"https:\\\/\\\/eg-reeds.com\\\/de\\\/#organization\"},\"alternateName\":\"eg-reeds.com\",\"potentialAction\":[{\"@type\":\"SearchAction\",\"target\":{\"@type\":\"EntryPoint\",\"urlTemplate\":\"https:\\\/\\\/eg-reeds.com\\\/de\\\/?s={search_term_string}\"},\"query-input\":{\"@type\":\"PropertyValueSpecification\",\"valueRequired\":true,\"valueName\":\"search_term_string\"}}],\"inLanguage\":\"de\"},{\"@type\":\"Organization\",\"@id\":\"https:\\\/\\\/eg-reeds.com\\\/de\\\/#organization\",\"name\":\"www.eg-reeds.com\",\"url\":\"https:\\\/\\\/eg-reeds.com\\\/de\\\/\",\"logo\":{\"@type\":\"ImageObject\",\"inLanguage\":\"de\",\"@id\":\"https:\\\/\\\/eg-reeds.com\\\/de\\\/#\\\/schema\\\/logo\\\/image\\\/\",\"url\":\"https:\\\/\\\/eg-reeds.com\\\/wp-content\\\/uploads\\\/2024\\\/06\\\/Logo-scaled-e1718793906611.jpg\",\"contentUrl\":\"https:\\\/\\\/eg-reeds.com\\\/wp-content\\\/uploads\\\/2024\\\/06\\\/Logo-scaled-e1718793906611.jpg\",\"width\":1200,\"height\":493,\"caption\":\"www.eg-reeds.com\"},\"image\":{\"@id\":\"https:\\\/\\\/eg-reeds.com\\\/de\\\/#\\\/schema\\\/logo\\\/image\\\/\"},\"sameAs\":[\"https:\\\/\\\/www.facebook.com\\\/EGREEDS\",\"https:\\\/\\\/x.com\\\/egreeds\",\"https:\\\/\\\/www.instagram.com\\\/egreeds\\\/\",\"https:\\\/\\\/www.youtube.com\\\/c\\\/EGREEDS\",\"https:\\\/\\\/www.threads.net\\\/@egreeds\",\"https:\\\/\\\/www.tiktok.com\\\/@egreeds\"]}]}<\/script>\n<meta property=\"og:availability\" content=\"instock\" \/>\n<meta property=\"product:availability\" content=\"instock\" \/>\n<meta property=\"product:retailer_item_id\" content=\"MRSR - F10-13200\" \/>\n<meta property=\"product:condition\" content=\"new\" \/>\n<!-- \/ Yoast SEO Premium plugin. -->","yoast_head_json":{"title":"Au\u00dfenhobelmaschine Reeds 'n stuff - EG-REEDS","description":"Au\u00dfenhobelmaschine Reeds 'n stuff.\u00a0Drei Faktoren f\u00fchren hier zu unvergleichlichem Klang und Resonanz. Unser gro\u00dfes Sortiment an Schablonen, Bahnl\u00e4ngenblechen und Zungen erm\u00f6glicht nicht nur flexible Einstellm\u00f6glichkeiten, sondern vor allem eins: Perfekte Rohre.","robots":{"index":"index","follow":"follow","max-snippet":"max-snippet:-1","max-image-preview":"max-image-preview:large","max-video-preview":"max-video-preview:-1"},"canonical":"https:\/\/eg-reeds.com\/de\/shop\/rohrbaumaschinen\/reeds-n-stuff-de\/ausenhobelmaschine-reeds-n-stuff\/","og_locale":"de_DE","og_type":"article","og_title":"Au\u00dfenhobelmaschine Reeds 'n stuff","og_description":"Au\u00dfenhobelmaschine Reeds 'n stuff.\u00a0Drei Faktoren f\u00fchren hier zu unvergleichlichem Klang und Resonanz. Unser gro\u00dfes Sortiment an Schablonen, Bahnl\u00e4ngenblechen und Zungen erm\u00f6glicht nicht nur flexible Einstellm\u00f6glichkeiten, sondern vor allem eins: Perfekte Rohre.","og_url":"https:\/\/eg-reeds.com\/de\/shop\/rohrbaumaschinen\/reeds-n-stuff-de\/ausenhobelmaschine-reeds-n-stuff\/","og_site_name":"EG-REEDS","article_publisher":"https:\/\/www.facebook.com\/EGREEDS","article_modified_time":"2023-09-14T17:45:53+00:00","og_image":[{"width":640,"height":544,"url":"https:\/\/eg-reeds.com\/wp-content\/uploads\/2017\/04\/Reeds-n-Stuff-profiling-machine-1.jpg","type":"image\/jpeg"}],"twitter_card":"summary_large_image","twitter_site":"@egreeds","twitter_misc":{"Verf\u00fcgbarkeit":"Auf Lager"},"schema":{"@context":"https:\/\/schema.org","@graph":[{"@type":["WebPage","ItemPage"],"@id":"https:\/\/eg-reeds.com\/de\/shop\/rohrbaumaschinen\/reeds-n-stuff-de\/ausenhobelmaschine-reeds-n-stuff\/","url":"https:\/\/eg-reeds.com\/de\/shop\/rohrbaumaschinen\/reeds-n-stuff-de\/ausenhobelmaschine-reeds-n-stuff\/","name":"Au\u00dfenhobelmaschine Reeds 'n stuff - EG-REEDS","isPartOf":{"@id":"https:\/\/eg-reeds.com\/de\/#website"},"primaryImageOfPage":{"@id":"https:\/\/eg-reeds.com\/de\/shop\/rohrbaumaschinen\/reeds-n-stuff-de\/ausenhobelmaschine-reeds-n-stuff\/#primaryimage"},"image":{"@id":"https:\/\/eg-reeds.com\/de\/shop\/rohrbaumaschinen\/reeds-n-stuff-de\/ausenhobelmaschine-reeds-n-stuff\/#primaryimage"},"thumbnailUrl":"https:\/\/eg-reeds.com\/wp-content\/uploads\/2017\/04\/Reeds-n-Stuff-profiling-machine-1.jpg","datePublished":"2017-04-27T10:19:15+00:00","dateModified":"2023-09-14T17:45:53+00:00","description":"Au\u00dfenhobelmaschine Reeds 'n stuff.\u00a0Drei Faktoren f\u00fchren hier zu unvergleichlichem Klang und Resonanz. Unser gro\u00dfes Sortiment an Schablonen, Bahnl\u00e4ngenblechen und Zungen erm\u00f6glicht nicht nur flexible Einstellm\u00f6glichkeiten, sondern vor allem eins: Perfekte Rohre.","breadcrumb":{"@id":"https:\/\/eg-reeds.com\/de\/shop\/rohrbaumaschinen\/reeds-n-stuff-de\/ausenhobelmaschine-reeds-n-stuff\/#breadcrumb"},"inLanguage":"de","potentialAction":[{"@type":"ReadAction","target":["https:\/\/eg-reeds.com\/de\/shop\/rohrbaumaschinen\/reeds-n-stuff-de\/ausenhobelmaschine-reeds-n-stuff\/"]}]},{"@type":"ImageObject","inLanguage":"de","@id":"https:\/\/eg-reeds.com\/de\/shop\/rohrbaumaschinen\/reeds-n-stuff-de\/ausenhobelmaschine-reeds-n-stuff\/#primaryimage","url":"https:\/\/eg-reeds.com\/wp-content\/uploads\/2017\/04\/Reeds-n-Stuff-profiling-machine-1.jpg","contentUrl":"https:\/\/eg-reeds.com\/wp-content\/uploads\/2017\/04\/Reeds-n-Stuff-profiling-machine-1.jpg","width":640,"height":544,"caption":"Au\u00dfenhobelmaschine Reeds 'n stuff"},{"@type":"BreadcrumbList","@id":"https:\/\/eg-reeds.com\/de\/shop\/rohrbaumaschinen\/reeds-n-stuff-de\/ausenhobelmaschine-reeds-n-stuff\/#breadcrumb","itemListElement":[{"@type":"ListItem","position":1,"name":"Startseite","item":"https:\/\/eg-reeds.com\/de\/"},{"@type":"ListItem","position":2,"name":"Shop","item":"https:\/\/eg-reeds.com\/de\/"},{"@type":"ListItem","position":3,"name":"Au\u00dfenhobelmaschine Reeds &#8217;n stuff"}]},{"@type":"WebSite","@id":"https:\/\/eg-reeds.com\/de\/#website","url":"https:\/\/eg-reeds.com\/de\/","name":"www.eg-reeds.com","description":"Rohre f\u00fcr Oboe","publisher":{"@id":"https:\/\/eg-reeds.com\/de\/#organization"},"alternateName":"eg-reeds.com","potentialAction":[{"@type":"SearchAction","target":{"@type":"EntryPoint","urlTemplate":"https:\/\/eg-reeds.com\/de\/?s={search_term_string}"},"query-input":{"@type":"PropertyValueSpecification","valueRequired":true,"valueName":"search_term_string"}}],"inLanguage":"de"},{"@type":"Organization","@id":"https:\/\/eg-reeds.com\/de\/#organization","name":"www.eg-reeds.com","url":"https:\/\/eg-reeds.com\/de\/","logo":{"@type":"ImageObject","inLanguage":"de","@id":"https:\/\/eg-reeds.com\/de\/#\/schema\/logo\/image\/","url":"https:\/\/eg-reeds.com\/wp-content\/uploads\/2024\/06\/Logo-scaled-e1718793906611.jpg","contentUrl":"https:\/\/eg-reeds.com\/wp-content\/uploads\/2024\/06\/Logo-scaled-e1718793906611.jpg","width":1200,"height":493,"caption":"www.eg-reeds.com"},"image":{"@id":"https:\/\/eg-reeds.com\/de\/#\/schema\/logo\/image\/"},"sameAs":["https:\/\/www.facebook.com\/EGREEDS","https:\/\/x.com\/egreeds","https:\/\/www.instagram.com\/egreeds\/","https:\/\/www.youtube.com\/c\/EGREEDS","https:\/\/www.threads.net\/@egreeds","https:\/\/www.tiktok.com\/@egreeds"]}]},"og_availability":"instock","product_availability":"instock","product_retailer_item_id":"MRSR - F10-13200","product_condition":"new"},"_links":{"self":[{"href":"https:\/\/eg-reeds.com\/de\/wp-json\/wp\/v2\/product\/26100","targetHints":{"allow":["GET"]}}],"collection":[{"href":"https:\/\/eg-reeds.com\/de\/wp-json\/wp\/v2\/product"}],"about":[{"href":"https:\/\/eg-reeds.com\/de\/wp-json\/wp\/v2\/types\/product"}],"replies":[{"embeddable":true,"href":"https:\/\/eg-reeds.com\/de\/wp-json\/wp\/v2\/comments?post=26100"}],"wp:featuredmedia":[{"embeddable":true,"href":"https:\/\/eg-reeds.com\/de\/wp-json\/wp\/v2\/media\/26343"}],"wp:attachment":[{"href":"https:\/\/eg-reeds.com\/de\/wp-json\/wp\/v2\/media?parent=26100"}],"wp:term":[{"taxonomy":"product_brand","embeddable":true,"href":"https:\/\/eg-reeds.com\/de\/wp-json\/wp\/v2\/product_brand?post=26100"},{"taxonomy":"product_cat","embeddable":true,"href":"https:\/\/eg-reeds.com\/de\/wp-json\/wp\/v2\/product_cat?post=26100"},{"taxonomy":"product_tag","embeddable":true,"href":"https:\/\/eg-reeds.com\/de\/wp-json\/wp\/v2\/product_tag?post=26100"},{"taxonomy":"giftcard-category","embeddable":true,"href":"https:\/\/eg-reeds.com\/de\/wp-json\/wp\/v2\/giftcard-category?post=26100"}],"curies":[{"name":"wp","href":"https:\/\/api.w.org\/{rel}","templated":true}]}}