{"id":27981,"date":"2017-11-30T21:11:11","date_gmt":"2017-11-30T20:11:11","guid":{"rendered":"http:\/\/eg-reeds.com\/de\/shop\/huelsen\/hulse-oboe-albrecht-mayer-copy\/"},"modified":"2019-12-19T09:34:43","modified_gmt":"2019-12-19T08:34:43","slug":"hulse-oboe-albrecht-mayer-46","status":"publish","type":"product","link":"https:\/\/eg-reeds.com\/de\/shop\/huelsen\/hulsen-fur-oboe\/guercio-de-2\/hulse-oboe-albrecht-mayer-46\/","title":{"rendered":"H\u00fclse Oboe Albrecht Mayer 46"},"content":{"rendered":"<h4><strong>H\u00fclse Oboe Albrecht Mayer 46.<\/strong><\/h4>\n","protected":false},"excerpt":{"rendered":"<p>H\u00fclse Oboe Albrecht Mayer 46.<\/p>\n","protected":false},"featured_media":28436,"comment_status":"open","ping_status":"closed","template":"","meta":[],"product_brand":[],"product_cat":[444,1172,5880],"product_tag":[],"giftcard-category":[],"class_list":{"0":"post-27981","1":"product","2":"type-product","3":"status-publish","4":"has-post-thumbnail","6":"product_cat-huelsen","7":"product_cat-hulsen-fur-oboe","8":"product_cat-guercio-de-2","10":"first","11":"instock","12":"taxable","13":"shipping-taxable","14":"purchasable","15":"product-type-simple"},"yoast_head":"<!-- This site is optimized with the Yoast SEO Premium plugin v27.0 (Yoast SEO v27.4) - https:\/\/yoast.com\/product\/yoast-seo-premium-wordpress\/ -->\n<title>H\u00fclse Oboe Albrecht Mayer 46 - EG-REEDS<\/title>\n<meta name=\"description\" content=\"H\u00fclsen Oboe, H\u00fclsen Guercio, Albrecht Mayer, H\u00fclse Oboe Albrecht Mayer 46, Guercio, kaufen Guercio\" \/>\n<meta name=\"robots\" content=\"index, follow, max-snippet:-1, max-image-preview:large, max-video-preview:-1\" \/>\n<link rel=\"canonical\" href=\"https:\/\/eg-reeds.com\/de\/shop\/huelsen\/hulsen-fur-oboe\/guercio-de-2\/hulse-oboe-albrecht-mayer-46\/\" \/>\n<meta property=\"og:locale\" content=\"de_DE\" \/>\n<meta property=\"og:type\" content=\"article\" \/>\n<meta property=\"og:title\" content=\"H\u00fclse Oboe Albrecht Mayer 46\" \/>\n<meta property=\"og:description\" content=\"H\u00fclsen Oboe, H\u00fclsen Guercio, Albrecht Mayer, H\u00fclse Oboe Albrecht Mayer 46, Guercio, kaufen Guercio\" \/>\n<meta property=\"og:url\" content=\"https:\/\/eg-reeds.com\/de\/shop\/huelsen\/hulsen-fur-oboe\/guercio-de-2\/hulse-oboe-albrecht-mayer-46\/\" \/>\n<meta property=\"og:site_name\" content=\"EG-REEDS\" \/>\n<meta property=\"article:publisher\" content=\"https:\/\/www.facebook.com\/EGREEDS\" \/>\n<meta property=\"article:modified_time\" content=\"2019-12-19T08:34:43+00:00\" \/>\n<meta property=\"og:image\" content=\"https:\/\/eg-reeds.com\/wp-content\/uploads\/2017\/11\/Guercio-tube-Albrecht-Mayer-46.jpg\" \/>\n\t<meta property=\"og:image:width\" content=\"640\" \/>\n\t<meta property=\"og:image:height\" content=\"544\" \/>\n\t<meta property=\"og:image:type\" content=\"image\/jpeg\" \/>\n<meta name=\"twitter:card\" content=\"summary_large_image\" \/>\n<meta name=\"twitter:site\" content=\"@egreeds\" \/>\n<meta name=\"twitter:label1\" content=\"Preis\" \/>\n\t<meta name=\"twitter:data1\" content=\"3,40&euro;\" \/>\n\t<meta name=\"twitter:label2\" content=\"Verf\u00fcgbarkeit\" \/>\n\t<meta name=\"twitter:data2\" content=\"Auf Lager\" \/>\n<script type=\"application\/ld+json\" class=\"yoast-schema-graph\">{\"@context\":\"https:\\\/\\\/schema.org\",\"@graph\":[{\"@type\":[\"WebPage\",\"ItemPage\"],\"@id\":\"https:\\\/\\\/eg-reeds.com\\\/de\\\/shop\\\/huelsen\\\/hulsen-fur-oboe\\\/guercio-de-2\\\/hulse-oboe-albrecht-mayer-46\\\/\",\"url\":\"https:\\\/\\\/eg-reeds.com\\\/de\\\/shop\\\/huelsen\\\/hulsen-fur-oboe\\\/guercio-de-2\\\/hulse-oboe-albrecht-mayer-46\\\/\",\"name\":\"H\u00fclse Oboe Albrecht Mayer 46 - EG-REEDS\",\"isPartOf\":{\"@id\":\"https:\\\/\\\/eg-reeds.com\\\/de\\\/#website\"},\"primaryImageOfPage\":{\"@id\":\"https:\\\/\\\/eg-reeds.com\\\/de\\\/shop\\\/huelsen\\\/hulsen-fur-oboe\\\/guercio-de-2\\\/hulse-oboe-albrecht-mayer-46\\\/#primaryimage\"},\"image\":{\"@id\":\"https:\\\/\\\/eg-reeds.com\\\/de\\\/shop\\\/huelsen\\\/hulsen-fur-oboe\\\/guercio-de-2\\\/hulse-oboe-albrecht-mayer-46\\\/#primaryimage\"},\"thumbnailUrl\":\"https:\\\/\\\/eg-reeds.com\\\/wp-content\\\/uploads\\\/2017\\\/11\\\/Guercio-tube-Albrecht-Mayer-46.jpg\",\"datePublished\":\"2017-11-30T20:11:11+00:00\",\"dateModified\":\"2019-12-19T08:34:43+00:00\",\"description\":\"H\u00fclsen Oboe, H\u00fclsen Guercio, Albrecht Mayer, H\u00fclse Oboe Albrecht Mayer 46, Guercio, kaufen Guercio\",\"breadcrumb\":{\"@id\":\"https:\\\/\\\/eg-reeds.com\\\/de\\\/shop\\\/huelsen\\\/hulsen-fur-oboe\\\/guercio-de-2\\\/hulse-oboe-albrecht-mayer-46\\\/#breadcrumb\"},\"inLanguage\":\"de\",\"potentialAction\":[{\"@type\":\"ReadAction\",\"target\":[\"https:\\\/\\\/eg-reeds.com\\\/de\\\/shop\\\/huelsen\\\/hulsen-fur-oboe\\\/guercio-de-2\\\/hulse-oboe-albrecht-mayer-46\\\/\"]}]},{\"@type\":\"ImageObject\",\"inLanguage\":\"de\",\"@id\":\"https:\\\/\\\/eg-reeds.com\\\/de\\\/shop\\\/huelsen\\\/hulsen-fur-oboe\\\/guercio-de-2\\\/hulse-oboe-albrecht-mayer-46\\\/#primaryimage\",\"url\":\"https:\\\/\\\/eg-reeds.com\\\/wp-content\\\/uploads\\\/2017\\\/11\\\/Guercio-tube-Albrecht-Mayer-46.jpg\",\"contentUrl\":\"https:\\\/\\\/eg-reeds.com\\\/wp-content\\\/uploads\\\/2017\\\/11\\\/Guercio-tube-Albrecht-Mayer-46.jpg\",\"width\":640,\"height\":544},{\"@type\":\"BreadcrumbList\",\"@id\":\"https:\\\/\\\/eg-reeds.com\\\/de\\\/shop\\\/huelsen\\\/hulsen-fur-oboe\\\/guercio-de-2\\\/hulse-oboe-albrecht-mayer-46\\\/#breadcrumb\",\"itemListElement\":[{\"@type\":\"ListItem\",\"position\":1,\"name\":\"Startseite\",\"item\":\"https:\\\/\\\/eg-reeds.com\\\/de\\\/\"},{\"@type\":\"ListItem\",\"position\":2,\"name\":\"Shop\",\"item\":\"https:\\\/\\\/eg-reeds.com\\\/de\\\/\"},{\"@type\":\"ListItem\",\"position\":3,\"name\":\"H\u00fclse Oboe Albrecht Mayer 46\"}]},{\"@type\":\"WebSite\",\"@id\":\"https:\\\/\\\/eg-reeds.com\\\/de\\\/#website\",\"url\":\"https:\\\/\\\/eg-reeds.com\\\/de\\\/\",\"name\":\"www.eg-reeds.com\",\"description\":\"Rohre f\u00fcr Oboe\",\"publisher\":{\"@id\":\"https:\\\/\\\/eg-reeds.com\\\/de\\\/#organization\"},\"alternateName\":\"eg-reeds.com\",\"potentialAction\":[{\"@type\":\"SearchAction\",\"target\":{\"@type\":\"EntryPoint\",\"urlTemplate\":\"https:\\\/\\\/eg-reeds.com\\\/de\\\/?s={search_term_string}\"},\"query-input\":{\"@type\":\"PropertyValueSpecification\",\"valueRequired\":true,\"valueName\":\"search_term_string\"}}],\"inLanguage\":\"de\"},{\"@type\":\"Organization\",\"@id\":\"https:\\\/\\\/eg-reeds.com\\\/de\\\/#organization\",\"name\":\"www.eg-reeds.com\",\"url\":\"https:\\\/\\\/eg-reeds.com\\\/de\\\/\",\"logo\":{\"@type\":\"ImageObject\",\"inLanguage\":\"de\",\"@id\":\"https:\\\/\\\/eg-reeds.com\\\/de\\\/#\\\/schema\\\/logo\\\/image\\\/\",\"url\":\"https:\\\/\\\/eg-reeds.com\\\/wp-content\\\/uploads\\\/2024\\\/06\\\/Logo-scaled-e1718793906611.jpg\",\"contentUrl\":\"https:\\\/\\\/eg-reeds.com\\\/wp-content\\\/uploads\\\/2024\\\/06\\\/Logo-scaled-e1718793906611.jpg\",\"width\":1200,\"height\":493,\"caption\":\"www.eg-reeds.com\"},\"image\":{\"@id\":\"https:\\\/\\\/eg-reeds.com\\\/de\\\/#\\\/schema\\\/logo\\\/image\\\/\"},\"sameAs\":[\"https:\\\/\\\/www.facebook.com\\\/EGREEDS\",\"https:\\\/\\\/x.com\\\/egreeds\",\"https:\\\/\\\/www.instagram.com\\\/egreeds\\\/\",\"https:\\\/\\\/www.youtube.com\\\/c\\\/EGREEDS\",\"https:\\\/\\\/www.threads.net\\\/@egreeds\",\"https:\\\/\\\/www.tiktok.com\\\/@egreeds\"]}]}<\/script>\n<meta property=\"product:price:amount\" content=\"3.40\" \/>\n<meta property=\"product:price:currency\" content=\"EUR\" \/>\n<meta property=\"og:availability\" content=\"instock\" \/>\n<meta property=\"product:availability\" content=\"instock\" \/>\n<meta property=\"product:retailer_item_id\" content=\"TUOB-GAM46\" \/>\n<meta property=\"product:condition\" content=\"new\" \/>\n<!-- \/ Yoast SEO Premium plugin. -->","yoast_head_json":{"title":"H\u00fclse Oboe Albrecht Mayer 46 - EG-REEDS","description":"H\u00fclsen Oboe, H\u00fclsen Guercio, Albrecht Mayer, H\u00fclse Oboe Albrecht Mayer 46, Guercio, kaufen Guercio","robots":{"index":"index","follow":"follow","max-snippet":"max-snippet:-1","max-image-preview":"max-image-preview:large","max-video-preview":"max-video-preview:-1"},"canonical":"https:\/\/eg-reeds.com\/de\/shop\/huelsen\/hulsen-fur-oboe\/guercio-de-2\/hulse-oboe-albrecht-mayer-46\/","og_locale":"de_DE","og_type":"article","og_title":"H\u00fclse Oboe Albrecht Mayer 46","og_description":"H\u00fclsen Oboe, H\u00fclsen Guercio, Albrecht Mayer, H\u00fclse Oboe Albrecht Mayer 46, Guercio, kaufen Guercio","og_url":"https:\/\/eg-reeds.com\/de\/shop\/huelsen\/hulsen-fur-oboe\/guercio-de-2\/hulse-oboe-albrecht-mayer-46\/","og_site_name":"EG-REEDS","article_publisher":"https:\/\/www.facebook.com\/EGREEDS","article_modified_time":"2019-12-19T08:34:43+00:00","og_image":[{"width":640,"height":544,"url":"https:\/\/eg-reeds.com\/wp-content\/uploads\/2017\/11\/Guercio-tube-Albrecht-Mayer-46.jpg","type":"image\/jpeg"}],"twitter_card":"summary_large_image","twitter_site":"@egreeds","twitter_misc":{"Preis":"3,40&euro;","Verf\u00fcgbarkeit":"Auf Lager"},"schema":{"@context":"https:\/\/schema.org","@graph":[{"@type":["WebPage","ItemPage"],"@id":"https:\/\/eg-reeds.com\/de\/shop\/huelsen\/hulsen-fur-oboe\/guercio-de-2\/hulse-oboe-albrecht-mayer-46\/","url":"https:\/\/eg-reeds.com\/de\/shop\/huelsen\/hulsen-fur-oboe\/guercio-de-2\/hulse-oboe-albrecht-mayer-46\/","name":"H\u00fclse Oboe Albrecht Mayer 46 - EG-REEDS","isPartOf":{"@id":"https:\/\/eg-reeds.com\/de\/#website"},"primaryImageOfPage":{"@id":"https:\/\/eg-reeds.com\/de\/shop\/huelsen\/hulsen-fur-oboe\/guercio-de-2\/hulse-oboe-albrecht-mayer-46\/#primaryimage"},"image":{"@id":"https:\/\/eg-reeds.com\/de\/shop\/huelsen\/hulsen-fur-oboe\/guercio-de-2\/hulse-oboe-albrecht-mayer-46\/#primaryimage"},"thumbnailUrl":"https:\/\/eg-reeds.com\/wp-content\/uploads\/2017\/11\/Guercio-tube-Albrecht-Mayer-46.jpg","datePublished":"2017-11-30T20:11:11+00:00","dateModified":"2019-12-19T08:34:43+00:00","description":"H\u00fclsen Oboe, H\u00fclsen Guercio, Albrecht Mayer, H\u00fclse Oboe Albrecht Mayer 46, Guercio, kaufen Guercio","breadcrumb":{"@id":"https:\/\/eg-reeds.com\/de\/shop\/huelsen\/hulsen-fur-oboe\/guercio-de-2\/hulse-oboe-albrecht-mayer-46\/#breadcrumb"},"inLanguage":"de","potentialAction":[{"@type":"ReadAction","target":["https:\/\/eg-reeds.com\/de\/shop\/huelsen\/hulsen-fur-oboe\/guercio-de-2\/hulse-oboe-albrecht-mayer-46\/"]}]},{"@type":"ImageObject","inLanguage":"de","@id":"https:\/\/eg-reeds.com\/de\/shop\/huelsen\/hulsen-fur-oboe\/guercio-de-2\/hulse-oboe-albrecht-mayer-46\/#primaryimage","url":"https:\/\/eg-reeds.com\/wp-content\/uploads\/2017\/11\/Guercio-tube-Albrecht-Mayer-46.jpg","contentUrl":"https:\/\/eg-reeds.com\/wp-content\/uploads\/2017\/11\/Guercio-tube-Albrecht-Mayer-46.jpg","width":640,"height":544},{"@type":"BreadcrumbList","@id":"https:\/\/eg-reeds.com\/de\/shop\/huelsen\/hulsen-fur-oboe\/guercio-de-2\/hulse-oboe-albrecht-mayer-46\/#breadcrumb","itemListElement":[{"@type":"ListItem","position":1,"name":"Startseite","item":"https:\/\/eg-reeds.com\/de\/"},{"@type":"ListItem","position":2,"name":"Shop","item":"https:\/\/eg-reeds.com\/de\/"},{"@type":"ListItem","position":3,"name":"H\u00fclse Oboe Albrecht Mayer 46"}]},{"@type":"WebSite","@id":"https:\/\/eg-reeds.com\/de\/#website","url":"https:\/\/eg-reeds.com\/de\/","name":"www.eg-reeds.com","description":"Rohre f\u00fcr Oboe","publisher":{"@id":"https:\/\/eg-reeds.com\/de\/#organization"},"alternateName":"eg-reeds.com","potentialAction":[{"@type":"SearchAction","target":{"@type":"EntryPoint","urlTemplate":"https:\/\/eg-reeds.com\/de\/?s={search_term_string}"},"query-input":{"@type":"PropertyValueSpecification","valueRequired":true,"valueName":"search_term_string"}}],"inLanguage":"de"},{"@type":"Organization","@id":"https:\/\/eg-reeds.com\/de\/#organization","name":"www.eg-reeds.com","url":"https:\/\/eg-reeds.com\/de\/","logo":{"@type":"ImageObject","inLanguage":"de","@id":"https:\/\/eg-reeds.com\/de\/#\/schema\/logo\/image\/","url":"https:\/\/eg-reeds.com\/wp-content\/uploads\/2024\/06\/Logo-scaled-e1718793906611.jpg","contentUrl":"https:\/\/eg-reeds.com\/wp-content\/uploads\/2024\/06\/Logo-scaled-e1718793906611.jpg","width":1200,"height":493,"caption":"www.eg-reeds.com"},"image":{"@id":"https:\/\/eg-reeds.com\/de\/#\/schema\/logo\/image\/"},"sameAs":["https:\/\/www.facebook.com\/EGREEDS","https:\/\/x.com\/egreeds","https:\/\/www.instagram.com\/egreeds\/","https:\/\/www.youtube.com\/c\/EGREEDS","https:\/\/www.threads.net\/@egreeds","https:\/\/www.tiktok.com\/@egreeds"]}]},"product_price_amount":"3.40","product_price_currency":"EUR","og_availability":"instock","product_availability":"instock","product_retailer_item_id":"TUOB-GAM46","product_condition":"new"},"_links":{"self":[{"href":"https:\/\/eg-reeds.com\/de\/wp-json\/wp\/v2\/product\/27981","targetHints":{"allow":["GET"]}}],"collection":[{"href":"https:\/\/eg-reeds.com\/de\/wp-json\/wp\/v2\/product"}],"about":[{"href":"https:\/\/eg-reeds.com\/de\/wp-json\/wp\/v2\/types\/product"}],"replies":[{"embeddable":true,"href":"https:\/\/eg-reeds.com\/de\/wp-json\/wp\/v2\/comments?post=27981"}],"wp:featuredmedia":[{"embeddable":true,"href":"https:\/\/eg-reeds.com\/de\/wp-json\/wp\/v2\/media\/28436"}],"wp:attachment":[{"href":"https:\/\/eg-reeds.com\/de\/wp-json\/wp\/v2\/media?parent=27981"}],"wp:term":[{"taxonomy":"product_brand","embeddable":true,"href":"https:\/\/eg-reeds.com\/de\/wp-json\/wp\/v2\/product_brand?post=27981"},{"taxonomy":"product_cat","embeddable":true,"href":"https:\/\/eg-reeds.com\/de\/wp-json\/wp\/v2\/product_cat?post=27981"},{"taxonomy":"product_tag","embeddable":true,"href":"https:\/\/eg-reeds.com\/de\/wp-json\/wp\/v2\/product_tag?post=27981"},{"taxonomy":"giftcard-category","embeddable":true,"href":"https:\/\/eg-reeds.com\/de\/wp-json\/wp\/v2\/giftcard-category?post=27981"}],"curies":[{"name":"wp","href":"https:\/\/api.w.org\/{rel}","templated":true}]}}