{"id":29654,"date":"2018-02-03T14:07:06","date_gmt":"2018-02-03T13:07:08","guid":{"rendered":"http:\/\/eg-reeds.com\/?post_type=product&#038;p=29654"},"modified":"2020-01-29T10:14:39","modified_gmt":"2020-01-29T09:14:39","slug":"innenhobelmaschine-reeds-n-stuff","status":"publish","type":"product","link":"https:\/\/eg-reeds.com\/de\/shop\/rohrbaumaschinen\/reeds-n-stuff-de\/innenhobelmaschine-reeds-n-stuff\/","title":{"rendered":"Innenhobelmaschine Reeds &#8217;n stuff"},"content":{"rendered":"<h4><strong>Innenhobelmaschine Reeds &#8217;n stuff.<\/strong><\/h4>\n<p>Innenhobelmaschine Reeds &#8217;n stuff.\u00a0Die Innenhobelmaschine Reeds &#8217;n Stuff, komplett mit Holzabschneider. Sie ist f\u00fcr Oboe, Oboe d&#8216; amore, Englischhorn, Wiener- oder Barockoboe erh\u00e4ltlich.<\/p>\n<h4><strong>Bettgr\u00f6\u00dfenvielfalt.<\/strong><\/h4>\n<p>Bitte w\u00e4hlen Sie den gew\u00fcnschten Durchmesser aus. Bettdurchmesser 10 bis 11 mm werden mit der Standardbettl\u00e4nge 76 mm geliefert, 12 bis 16 in 94 mm, als Wiener Oboe 12 mm Bett in der L\u00e4nge 92 mm. Andere L\u00e4ngen auf Anfrage.<\/p>\n<p>&nbsp;<\/p>\n<p><iframe loading=\"lazy\" width=\"1020\" height=\"574\" src=\"https:\/\/www.youtube.com\/embed\/jaX-lc0xKqo?feature=oembed\" frameborder=\"0\" allow=\"autoplay; encrypted-media\" allowfullscreen><\/iframe><\/p>\n","protected":false},"excerpt":{"rendered":"<p>Innenhobelmaschine Reeds &#8217;n stuff. Innenhobelmaschine Reeds &#8217;n stuff.\u00a0Die Innenhobelmaschine Reeds &#8217;n Stuff, komplett mit Holzabschneider. Sie ist f\u00fcr Oboe, Oboe d&#8216; amore, Englischhorn, Wiener- oder Barockoboe erh\u00e4ltlich. Bettgr\u00f6\u00dfenvielfalt. Bitte w\u00e4hlen Sie den gew\u00fcnschten Durchmesser aus. Bettdurchmesser 10 bis 11 mm werden mit der Standardbettl\u00e4nge 76 mm geliefert, 12 bis 16 in 94 mm, als Wiener [&#8230;]\n","protected":false},"featured_media":29732,"comment_status":"open","ping_status":"closed","template":"","meta":[],"product_brand":[],"product_cat":[2927],"product_tag":[],"giftcard-category":[],"class_list":{"0":"post-29654","1":"product","2":"type-product","3":"status-publish","4":"has-post-thumbnail","6":"product_cat-reeds-n-stuff-de","7":"product_shipping_class-rmm-de","8":"pa_cane-diameter-10-mm-de","9":"pa_cane-diameter-10-5-mm-de-2","10":"pa_cane-diameter-11-mm-de","11":"pa_cane-diameter-11-5-mm-de","12":"pa_cane-diameter-12-mm-eh-de-2","13":"pa_cane-diameter-12-mm-wiener-oboe","14":"pa_cane-diameter-12-5-mm-eh-de","15":"pa_cane-diameter-14-mm-barockoboe","16":"pa_cane-diameter-15-mm-barockoboe","17":"pa_cane-diameter-16-mm-barockoboe","19":"first","20":"instock","21":"taxable","22":"shipping-taxable","23":"purchasable","24":"product-type-variable"},"yoast_head":"<!-- This site is optimized with the Yoast SEO Premium plugin v27.0 (Yoast SEO v27.2) - https:\/\/yoast.com\/product\/yoast-seo-premium-wordpress\/ -->\n<title>Innenhobelmaschine Reeds &#039;n stuff<\/title>\n<meta name=\"description\" content=\"Innenhobelmaschine Reeds &#039;n stuff. Die Innenhobelmaschine Reeds &#039;n Stuff, komplett mit Holzabschneider. Sie ist f\u00fcr Oboe, Oboe d&#039; amore, Englischhorn, Wiener- oder Barockoboe erh\u00e4ltlich.\" \/>\n<meta name=\"robots\" content=\"index, follow, max-snippet:-1, max-image-preview:large, max-video-preview:-1\" \/>\n<link rel=\"canonical\" href=\"https:\/\/eg-reeds.com\/de\/shop\/rohrbaumaschinen\/reeds-n-stuff-de\/innenhobelmaschine-reeds-n-stuff\/\" \/>\n<meta property=\"og:locale\" content=\"de_DE\" \/>\n<meta property=\"og:type\" content=\"article\" \/>\n<meta property=\"og:title\" content=\"Innenhobelmaschine Reeds &#039;n stuff\" \/>\n<meta property=\"og:description\" content=\"Innenhobelmaschine Reeds &#039;n stuff. Die Innenhobelmaschine Reeds &#039;n Stuff, komplett mit Holzabschneider. Sie ist f\u00fcr Oboe, Oboe d&#039; amore, Englischhorn, Wiener- oder Barockoboe erh\u00e4ltlich.\" \/>\n<meta property=\"og:url\" content=\"https:\/\/eg-reeds.com\/de\/shop\/rohrbaumaschinen\/reeds-n-stuff-de\/innenhobelmaschine-reeds-n-stuff\/\" \/>\n<meta property=\"og:site_name\" content=\"EG-REEDS\" \/>\n<meta property=\"article:publisher\" content=\"https:\/\/www.facebook.com\/EGREEDS\" \/>\n<meta property=\"article:modified_time\" content=\"2020-01-29T09:14:39+00:00\" \/>\n<meta property=\"og:image\" content=\"https:\/\/eg-reeds.com\/wp-content\/uploads\/2018\/02\/Gouging-machine-RS.jpg\" \/>\n\t<meta property=\"og:image:width\" content=\"1500\" \/>\n\t<meta property=\"og:image:height\" content=\"964\" \/>\n\t<meta property=\"og:image:type\" content=\"image\/jpeg\" \/>\n<meta name=\"twitter:card\" content=\"summary_large_image\" \/>\n<meta name=\"twitter:site\" content=\"@egreeds\" \/>\n<meta name=\"twitter:label1\" content=\"Verf\u00fcgbarkeit\" \/>\n\t<meta name=\"twitter:data1\" content=\"Auf Lager\" \/>\n<script type=\"application\/ld+json\" class=\"yoast-schema-graph\">{\"@context\":\"https:\/\/schema.org\",\"@graph\":[{\"@type\":[\"WebPage\",\"ItemPage\"],\"@id\":\"https:\/\/eg-reeds.com\/de\/shop\/rohrbaumaschinen\/reeds-n-stuff-de\/innenhobelmaschine-reeds-n-stuff\/\",\"url\":\"https:\/\/eg-reeds.com\/de\/shop\/rohrbaumaschinen\/reeds-n-stuff-de\/innenhobelmaschine-reeds-n-stuff\/\",\"name\":\"Innenhobelmaschine Reeds 'n stuff\",\"isPartOf\":{\"@id\":\"https:\/\/eg-reeds.com\/de\/#website\"},\"primaryImageOfPage\":{\"@id\":\"https:\/\/eg-reeds.com\/de\/shop\/rohrbaumaschinen\/reeds-n-stuff-de\/innenhobelmaschine-reeds-n-stuff\/#primaryimage\"},\"image\":{\"@id\":\"https:\/\/eg-reeds.com\/de\/shop\/rohrbaumaschinen\/reeds-n-stuff-de\/innenhobelmaschine-reeds-n-stuff\/#primaryimage\"},\"thumbnailUrl\":\"https:\/\/eg-reeds.com\/wp-content\/uploads\/2018\/02\/Gouging-machine-RS.jpg\",\"datePublished\":\"2018-02-03T13:07:08+00:00\",\"dateModified\":\"2020-01-29T09:14:39+00:00\",\"description\":\"Innenhobelmaschine Reeds 'n stuff. Die Innenhobelmaschine Reeds 'n Stuff, komplett mit Holzabschneider. Sie ist f\u00fcr Oboe, Oboe d' amore, Englischhorn, Wiener- oder Barockoboe erh\u00e4ltlich.\",\"breadcrumb\":{\"@id\":\"https:\/\/eg-reeds.com\/de\/shop\/rohrbaumaschinen\/reeds-n-stuff-de\/innenhobelmaschine-reeds-n-stuff\/#breadcrumb\"},\"inLanguage\":\"de\",\"potentialAction\":[{\"@type\":\"ReadAction\",\"target\":[\"https:\/\/eg-reeds.com\/de\/shop\/rohrbaumaschinen\/reeds-n-stuff-de\/innenhobelmaschine-reeds-n-stuff\/\"]}]},{\"@type\":\"ImageObject\",\"inLanguage\":\"de\",\"@id\":\"https:\/\/eg-reeds.com\/de\/shop\/rohrbaumaschinen\/reeds-n-stuff-de\/innenhobelmaschine-reeds-n-stuff\/#primaryimage\",\"url\":\"https:\/\/eg-reeds.com\/wp-content\/uploads\/2018\/02\/Gouging-machine-RS.jpg\",\"contentUrl\":\"https:\/\/eg-reeds.com\/wp-content\/uploads\/2018\/02\/Gouging-machine-RS.jpg\",\"width\":1500,\"height\":964,\"caption\":\"Innenhobelmaschine Reeds 'n stuff\"},{\"@type\":\"BreadcrumbList\",\"@id\":\"https:\/\/eg-reeds.com\/de\/shop\/rohrbaumaschinen\/reeds-n-stuff-de\/innenhobelmaschine-reeds-n-stuff\/#breadcrumb\",\"itemListElement\":[{\"@type\":\"ListItem\",\"position\":1,\"name\":\"Startseite\",\"item\":\"https:\/\/eg-reeds.com\/de\/\"},{\"@type\":\"ListItem\",\"position\":2,\"name\":\"Shop\",\"item\":\"https:\/\/eg-reeds.com\/de\/\"},{\"@type\":\"ListItem\",\"position\":3,\"name\":\"Innenhobelmaschine Reeds &#8217;n stuff\"}]},{\"@type\":\"WebSite\",\"@id\":\"https:\/\/eg-reeds.com\/de\/#website\",\"url\":\"https:\/\/eg-reeds.com\/de\/\",\"name\":\"www.eg-reeds.com\",\"description\":\"Rohre f\u00fcr Oboe\",\"publisher\":{\"@id\":\"https:\/\/eg-reeds.com\/de\/#organization\"},\"alternateName\":\"eg-reeds.com\",\"potentialAction\":[{\"@type\":\"SearchAction\",\"target\":{\"@type\":\"EntryPoint\",\"urlTemplate\":\"https:\/\/eg-reeds.com\/de\/?s={search_term_string}\"},\"query-input\":{\"@type\":\"PropertyValueSpecification\",\"valueRequired\":true,\"valueName\":\"search_term_string\"}}],\"inLanguage\":\"de\"},{\"@type\":\"Organization\",\"@id\":\"https:\/\/eg-reeds.com\/de\/#organization\",\"name\":\"www.eg-reeds.com\",\"url\":\"https:\/\/eg-reeds.com\/de\/\",\"logo\":{\"@type\":\"ImageObject\",\"inLanguage\":\"de\",\"@id\":\"https:\/\/eg-reeds.com\/de\/#\/schema\/logo\/image\/\",\"url\":\"https:\/\/eg-reeds.com\/wp-content\/uploads\/2024\/06\/Logo-scaled-e1718793906611.jpg\",\"contentUrl\":\"https:\/\/eg-reeds.com\/wp-content\/uploads\/2024\/06\/Logo-scaled-e1718793906611.jpg\",\"width\":1200,\"height\":493,\"caption\":\"www.eg-reeds.com\"},\"image\":{\"@id\":\"https:\/\/eg-reeds.com\/de\/#\/schema\/logo\/image\/\"},\"sameAs\":[\"https:\/\/www.facebook.com\/EGREEDS\",\"https:\/\/x.com\/egreeds\",\"https:\/\/www.instagram.com\/egreeds\/\",\"https:\/\/www.youtube.com\/c\/EGREEDS\",\"https:\/\/www.threads.net\/@egreeds\",\"https:\/\/www.tiktok.com\/@egreeds\"]}]}<\/script>\n<meta property=\"og:availability\" content=\"instock\" \/>\n<meta property=\"product:availability\" content=\"instock\" \/>\n<meta property=\"product:retailer_item_id\" content=\"MRSG - F10-10000-1050\" \/>\n<meta property=\"product:condition\" content=\"new\" \/>\n<!-- \/ Yoast SEO Premium plugin. -->","yoast_head_json":{"title":"Innenhobelmaschine Reeds 'n stuff","description":"Innenhobelmaschine Reeds 'n stuff. Die Innenhobelmaschine Reeds 'n Stuff, komplett mit Holzabschneider. Sie ist f\u00fcr Oboe, Oboe d' amore, Englischhorn, Wiener- oder Barockoboe erh\u00e4ltlich.","robots":{"index":"index","follow":"follow","max-snippet":"max-snippet:-1","max-image-preview":"max-image-preview:large","max-video-preview":"max-video-preview:-1"},"canonical":"https:\/\/eg-reeds.com\/de\/shop\/rohrbaumaschinen\/reeds-n-stuff-de\/innenhobelmaschine-reeds-n-stuff\/","og_locale":"de_DE","og_type":"article","og_title":"Innenhobelmaschine Reeds 'n stuff","og_description":"Innenhobelmaschine Reeds 'n stuff. Die Innenhobelmaschine Reeds 'n Stuff, komplett mit Holzabschneider. Sie ist f\u00fcr Oboe, Oboe d' amore, Englischhorn, Wiener- oder Barockoboe erh\u00e4ltlich.","og_url":"https:\/\/eg-reeds.com\/de\/shop\/rohrbaumaschinen\/reeds-n-stuff-de\/innenhobelmaschine-reeds-n-stuff\/","og_site_name":"EG-REEDS","article_publisher":"https:\/\/www.facebook.com\/EGREEDS","article_modified_time":"2020-01-29T09:14:39+00:00","og_image":[{"width":1500,"height":964,"url":"https:\/\/eg-reeds.com\/wp-content\/uploads\/2018\/02\/Gouging-machine-RS.jpg","type":"image\/jpeg"}],"twitter_card":"summary_large_image","twitter_site":"@egreeds","twitter_misc":{"Verf\u00fcgbarkeit":"Auf Lager"},"schema":{"@context":"https:\/\/schema.org","@graph":[{"@type":["WebPage","ItemPage"],"@id":"https:\/\/eg-reeds.com\/de\/shop\/rohrbaumaschinen\/reeds-n-stuff-de\/innenhobelmaschine-reeds-n-stuff\/","url":"https:\/\/eg-reeds.com\/de\/shop\/rohrbaumaschinen\/reeds-n-stuff-de\/innenhobelmaschine-reeds-n-stuff\/","name":"Innenhobelmaschine Reeds 'n stuff","isPartOf":{"@id":"https:\/\/eg-reeds.com\/de\/#website"},"primaryImageOfPage":{"@id":"https:\/\/eg-reeds.com\/de\/shop\/rohrbaumaschinen\/reeds-n-stuff-de\/innenhobelmaschine-reeds-n-stuff\/#primaryimage"},"image":{"@id":"https:\/\/eg-reeds.com\/de\/shop\/rohrbaumaschinen\/reeds-n-stuff-de\/innenhobelmaschine-reeds-n-stuff\/#primaryimage"},"thumbnailUrl":"https:\/\/eg-reeds.com\/wp-content\/uploads\/2018\/02\/Gouging-machine-RS.jpg","datePublished":"2018-02-03T13:07:08+00:00","dateModified":"2020-01-29T09:14:39+00:00","description":"Innenhobelmaschine Reeds 'n stuff. Die Innenhobelmaschine Reeds 'n Stuff, komplett mit Holzabschneider. Sie ist f\u00fcr Oboe, Oboe d' amore, Englischhorn, Wiener- oder Barockoboe erh\u00e4ltlich.","breadcrumb":{"@id":"https:\/\/eg-reeds.com\/de\/shop\/rohrbaumaschinen\/reeds-n-stuff-de\/innenhobelmaschine-reeds-n-stuff\/#breadcrumb"},"inLanguage":"de","potentialAction":[{"@type":"ReadAction","target":["https:\/\/eg-reeds.com\/de\/shop\/rohrbaumaschinen\/reeds-n-stuff-de\/innenhobelmaschine-reeds-n-stuff\/"]}]},{"@type":"ImageObject","inLanguage":"de","@id":"https:\/\/eg-reeds.com\/de\/shop\/rohrbaumaschinen\/reeds-n-stuff-de\/innenhobelmaschine-reeds-n-stuff\/#primaryimage","url":"https:\/\/eg-reeds.com\/wp-content\/uploads\/2018\/02\/Gouging-machine-RS.jpg","contentUrl":"https:\/\/eg-reeds.com\/wp-content\/uploads\/2018\/02\/Gouging-machine-RS.jpg","width":1500,"height":964,"caption":"Innenhobelmaschine Reeds 'n stuff"},{"@type":"BreadcrumbList","@id":"https:\/\/eg-reeds.com\/de\/shop\/rohrbaumaschinen\/reeds-n-stuff-de\/innenhobelmaschine-reeds-n-stuff\/#breadcrumb","itemListElement":[{"@type":"ListItem","position":1,"name":"Startseite","item":"https:\/\/eg-reeds.com\/de\/"},{"@type":"ListItem","position":2,"name":"Shop","item":"https:\/\/eg-reeds.com\/de\/"},{"@type":"ListItem","position":3,"name":"Innenhobelmaschine Reeds &#8217;n stuff"}]},{"@type":"WebSite","@id":"https:\/\/eg-reeds.com\/de\/#website","url":"https:\/\/eg-reeds.com\/de\/","name":"www.eg-reeds.com","description":"Rohre f\u00fcr Oboe","publisher":{"@id":"https:\/\/eg-reeds.com\/de\/#organization"},"alternateName":"eg-reeds.com","potentialAction":[{"@type":"SearchAction","target":{"@type":"EntryPoint","urlTemplate":"https:\/\/eg-reeds.com\/de\/?s={search_term_string}"},"query-input":{"@type":"PropertyValueSpecification","valueRequired":true,"valueName":"search_term_string"}}],"inLanguage":"de"},{"@type":"Organization","@id":"https:\/\/eg-reeds.com\/de\/#organization","name":"www.eg-reeds.com","url":"https:\/\/eg-reeds.com\/de\/","logo":{"@type":"ImageObject","inLanguage":"de","@id":"https:\/\/eg-reeds.com\/de\/#\/schema\/logo\/image\/","url":"https:\/\/eg-reeds.com\/wp-content\/uploads\/2024\/06\/Logo-scaled-e1718793906611.jpg","contentUrl":"https:\/\/eg-reeds.com\/wp-content\/uploads\/2024\/06\/Logo-scaled-e1718793906611.jpg","width":1200,"height":493,"caption":"www.eg-reeds.com"},"image":{"@id":"https:\/\/eg-reeds.com\/de\/#\/schema\/logo\/image\/"},"sameAs":["https:\/\/www.facebook.com\/EGREEDS","https:\/\/x.com\/egreeds","https:\/\/www.instagram.com\/egreeds\/","https:\/\/www.youtube.com\/c\/EGREEDS","https:\/\/www.threads.net\/@egreeds","https:\/\/www.tiktok.com\/@egreeds"]}]},"og_availability":"instock","product_availability":"instock","product_retailer_item_id":"MRSG - F10-10000-1050","product_condition":"new"},"_links":{"self":[{"href":"https:\/\/eg-reeds.com\/de\/wp-json\/wp\/v2\/product\/29654","targetHints":{"allow":["GET"]}}],"collection":[{"href":"https:\/\/eg-reeds.com\/de\/wp-json\/wp\/v2\/product"}],"about":[{"href":"https:\/\/eg-reeds.com\/de\/wp-json\/wp\/v2\/types\/product"}],"replies":[{"embeddable":true,"href":"https:\/\/eg-reeds.com\/de\/wp-json\/wp\/v2\/comments?post=29654"}],"wp:featuredmedia":[{"embeddable":true,"href":"https:\/\/eg-reeds.com\/de\/wp-json\/wp\/v2\/media\/29732"}],"wp:attachment":[{"href":"https:\/\/eg-reeds.com\/de\/wp-json\/wp\/v2\/media?parent=29654"}],"wp:term":[{"taxonomy":"product_brand","embeddable":true,"href":"https:\/\/eg-reeds.com\/de\/wp-json\/wp\/v2\/product_brand?post=29654"},{"taxonomy":"product_cat","embeddable":true,"href":"https:\/\/eg-reeds.com\/de\/wp-json\/wp\/v2\/product_cat?post=29654"},{"taxonomy":"product_tag","embeddable":true,"href":"https:\/\/eg-reeds.com\/de\/wp-json\/wp\/v2\/product_tag?post=29654"},{"taxonomy":"giftcard-category","embeddable":true,"href":"https:\/\/eg-reeds.com\/de\/wp-json\/wp\/v2\/giftcard-category?post=29654"}],"curies":[{"name":"wp","href":"https:\/\/api.w.org\/{rel}","templated":true}]}}