{"id":34276,"date":"2018-09-30T22:00:02","date_gmt":"2018-09-30T20:00:02","guid":{"rendered":"http:\/\/eg-reeds.com\/shop\/unkategorisiert\/schuler-oboe-eg-reeds\/"},"modified":"2025-11-04T18:08:26","modified_gmt":"2025-11-04T17:08:26","slug":"schuler-oboe-eg-reeds","status":"publish","type":"product","link":"https:\/\/eg-reeds.com\/de\/shop\/oboen\/schuler-oboe-eg-reeds\/","title":{"rendered":"Sch\u00fcler Oboe EG-REEDS."},"content":{"rendered":"<h1><strong>Sch\u00fcler Oboe EG-REEDS.<\/strong><\/h1>\n<p>Das EG-REEDS Sch\u00fcler Oboe verf\u00fcgt \u00fcber alle notwendigen Klappen f\u00fcr Sch\u00fcler, die mit dem Oboespiel beginnen. Sie ist perfekt f\u00fcr die ersten Jahre am Konservatorium. Das ergonomische Design ist speziell f\u00fcr kleine H\u00e4nde entwickelt, und ihr geringes Gewicht (unter 500 Gramm) erm\u00f6glicht ein komfortables Spielen vom ersten Tag an.<\/p>\n<p><span style=\"font-weight: 400;\">Er ist halbautomatisch, mit dritter Oktave, tiefem H und F-Es f\u00fcr die linke Hand. Hergestellt aus Verbundmaterial (Mischung aus Holz und ABS) mit versilberten Klappen, die speziell angepasst wurden, damit Sch\u00fcler sie leichter erreichen k\u00f6nnen. All das macht diesen Oboe ergonomischer, leichter und gleichzeitig sehr robust und einfach zu spielen.<\/span> Im Preis inbegriffen sind ein Rucksack-Etui, 1 EG-REEDS Einsteiger-Oboenrohr, der Reiniger und Korkfett.<\/p>\n<p>Entdecken Sie die perfekte Balance zwischen Preis und Leistung mit diesem preiswerten, aber hochwertigen Oboe f\u00fcr Anf\u00e4nger. Entwickelt, um Einsteiger und junge Musiker zu unterst\u00fctzen, bietet dieser Oboe exzellenten Klang, Langlebigkeit und einfache Spielbarkeit zu einem erschwinglichen Preis.<\/p>\n<p>Ideal f\u00fcr Sch\u00fcler am Anfang ihrer musikalischen Reise, garantiert er zuverl\u00e4ssige Qualit\u00e4t, ohne das Budget zu sprengen, und sorgt daf\u00fcr, dass jede Probe und jedes Konzert zu einem bereichernden Erlebnis wird.<\/p>\n<p><iframe loading=\"lazy\" title=\"Demostraci\u00f3n oboe iniciaci\u00f3n EG-REEDS por Javier P\u00e9rez\" width=\"1020\" height=\"574\" src=\"https:\/\/www.youtube.com\/embed\/QwZV6gOr1CQ?feature=oembed\" frameborder=\"0\" allow=\"accelerometer; autoplay; clipboard-write; encrypted-media; gyroscope; picture-in-picture; web-share\" referrerpolicy=\"strict-origin-when-cross-origin\" allowfullscreen><\/iframe><\/p>\n<h3>\t<div id=\"gap-1606030355\" class=\"gap-element clearfix\" style=\"display:block; height:auto;\">\n\t\t\n<style>\n#gap-1606030355 {\n  padding-top: 60px;\n}\n<\/style>\n\t<\/div>\n\t<\/h3>\n<h2><strong>Preiswerter Oboe f\u00fcr Sch\u00fcler.<\/strong><\/h2>\n<p><span style=\"font-weight: 400;\">Jeder Oboe wurde sorgf\u00e4ltig entworfen und getestet, wobei all unser Fachwissen sowie die W\u00fcnsche der Lehrer ber\u00fccksichtigt wurden, die am besten wissen, was ihre Sch\u00fcler ben\u00f6tigen.<\/span><\/p>\n<p><span style=\"font-weight: 400;\">F\u00fcr weitere Informationen stehen wir Ihnen gerne per E-Mail unter <a href=\"mailto:info@eg-reeds.com\" target=\"_blank\" rel=\"noopener noreferrer\">info@eg-reeds.com<\/a> zur Verf\u00fcgung.<\/span><\/p>\n<p>&nbsp;<\/p>\n<h2><strong>Technische Details und Video des EG-REEDS Sch\u00fcler Oboe.<\/strong><\/h2>\n<ul>\n<li class=\"bullet-checkmark\">Sch\u00fcler modell: mit 3. Oktavklappe, B 2 und F und Eb der linken Hand.<\/li>\n<li>Das Design ist speziell f\u00fcr kleine H\u00e4nde entwickelt.<\/li>\n<li class=\"bullet-checkmark\">Halbautomatisch.<\/li>\n<li class=\"bullet-checkmark\">Korpus aus Verbundmaterial (Mischung aus Holz und ABS).<\/li>\n<li class=\"bullet-checkmark\">Versilberte Klappen.<\/li>\n<li class=\"bullet-checkmark\">Im Preis inbegriffen: der Koffer, <a href=\"https:\/\/eg-reeds.com\/de\/shop\/schuler-rohre-und-holzer\/oboenrohr-fuer-studenten-einsteiger-eg-reeds\/\" target=\"_blank\" rel=\"noopener\"><strong>1 Oboenrohr f\u00fcr Studenten EG-REEDS<\/strong><\/a>, der Reiniger und Korkfett.<\/li>\n<\/ul>\n<p>&nbsp;<\/p>\n<p><iframe loading=\"lazy\" title=\"\u00bfEstudiante y buscas el oboe ideal para empezar? \/ Are you a student looking for the perfect oboe?\" width=\"563\" height=\"1000\" src=\"https:\/\/www.youtube.com\/embed\/GeFLhUD_9T0?feature=oembed\" frameborder=\"0\" allow=\"accelerometer; autoplay; clipboard-write; encrypted-media; gyroscope; picture-in-picture; web-share\" referrerpolicy=\"strict-origin-when-cross-origin\" allowfullscreen><\/iframe><\/p>\n","protected":false},"excerpt":{"rendered":"<p>Sch\u00fcler Oboe. Das Design ist speziell f\u00fcr kleine H\u00e4nde entwickelt.<\/p>\n","protected":false},"featured_media":33298,"comment_status":"open","ping_status":"closed","template":"","meta":[],"product_brand":[],"product_cat":[3812],"product_tag":[3499],"giftcard-category":[],"class_list":{"0":"post-34276","1":"product","2":"type-product","3":"status-publish","4":"has-post-thumbnail","6":"product_cat-oboen","7":"product_tag-oboe-de","8":"product_shipping_class-rmm-de","10":"first","11":"instock","12":"featured","13":"taxable","14":"shipping-taxable","15":"purchasable","16":"product-type-simple"},"yoast_head":"<!-- This site is optimized with the Yoast SEO Premium plugin v27.0 (Yoast SEO v27.4) - https:\/\/yoast.com\/product\/yoast-seo-premium-wordpress\/ -->\n<title>Sch\u00fcler Oboe EG-REEDS. - EG-REEDS<\/title>\n<meta name=\"description\" content=\"Sch\u00fcler Oboe EG-REEDS. Sie sind hochwertige Oboen. Das Design ist speziell f\u00fcr kleine H\u00e4nde entwickelt. Preiswerter Oboe f\u00fcr Sch\u00fcler.\" \/>\n<meta name=\"robots\" content=\"index, follow, max-snippet:-1, max-image-preview:large, max-video-preview:-1\" \/>\n<link rel=\"canonical\" href=\"https:\/\/eg-reeds.com\/de\/shop\/oboen\/schuler-oboe-eg-reeds\/\" \/>\n<meta property=\"og:locale\" content=\"de_DE\" \/>\n<meta property=\"og:type\" content=\"article\" \/>\n<meta property=\"og:title\" content=\"Sch\u00fcler Oboe EG-REEDS.\" \/>\n<meta property=\"og:description\" content=\"Sch\u00fcler Oboe EG-REEDS. Sie sind hochwertige Oboen. Das Design ist speziell f\u00fcr kleine H\u00e4nde entwickelt. Preiswerter Oboe f\u00fcr Sch\u00fcler.\" \/>\n<meta property=\"og:url\" content=\"https:\/\/eg-reeds.com\/de\/shop\/oboen\/schuler-oboe-eg-reeds\/\" \/>\n<meta property=\"og:site_name\" content=\"EG-REEDS\" \/>\n<meta property=\"article:publisher\" content=\"https:\/\/www.facebook.com\/EGREEDS\" \/>\n<meta property=\"article:modified_time\" content=\"2025-11-04T17:08:26+00:00\" \/>\n<meta property=\"og:image\" content=\"https:\/\/eg-reeds.com\/wp-content\/uploads\/2018\/09\/oboe-beginner-EG-REEDS.jpg\" \/>\n\t<meta property=\"og:image:width\" content=\"853\" \/>\n\t<meta property=\"og:image:height\" content=\"1280\" \/>\n\t<meta property=\"og:image:type\" content=\"image\/jpeg\" \/>\n<meta name=\"twitter:card\" content=\"summary_large_image\" \/>\n<meta name=\"twitter:site\" content=\"@egreeds\" \/>\n<meta name=\"twitter:label1\" content=\"Preis\" \/>\n\t<meta name=\"twitter:data1\" content=\"1.350,00&euro;\" \/>\n\t<meta name=\"twitter:label2\" content=\"Verf\u00fcgbarkeit\" \/>\n\t<meta name=\"twitter:data2\" content=\"Auf Lager\" \/>\n<script type=\"application\/ld+json\" class=\"yoast-schema-graph\">{\"@context\":\"https:\\\/\\\/schema.org\",\"@graph\":[{\"@type\":[\"WebPage\",\"ItemPage\"],\"@id\":\"https:\\\/\\\/eg-reeds.com\\\/de\\\/shop\\\/oboen\\\/schuler-oboe-eg-reeds\\\/\",\"url\":\"https:\\\/\\\/eg-reeds.com\\\/de\\\/shop\\\/oboen\\\/schuler-oboe-eg-reeds\\\/\",\"name\":\"Sch\u00fcler Oboe EG-REEDS. - EG-REEDS\",\"isPartOf\":{\"@id\":\"https:\\\/\\\/eg-reeds.com\\\/de\\\/#website\"},\"primaryImageOfPage\":{\"@id\":\"https:\\\/\\\/eg-reeds.com\\\/de\\\/shop\\\/oboen\\\/schuler-oboe-eg-reeds\\\/#primaryimage\"},\"image\":{\"@id\":\"https:\\\/\\\/eg-reeds.com\\\/de\\\/shop\\\/oboen\\\/schuler-oboe-eg-reeds\\\/#primaryimage\"},\"thumbnailUrl\":\"https:\\\/\\\/eg-reeds.com\\\/wp-content\\\/uploads\\\/2018\\\/09\\\/oboe-beginner-EG-REEDS.jpg\",\"datePublished\":\"2018-09-30T20:00:02+00:00\",\"dateModified\":\"2025-11-04T17:08:26+00:00\",\"description\":\"Sch\u00fcler Oboe EG-REEDS. Sie sind hochwertige Oboen. Das Design ist speziell f\u00fcr kleine H\u00e4nde entwickelt. Preiswerter Oboe f\u00fcr Sch\u00fcler.\",\"breadcrumb\":{\"@id\":\"https:\\\/\\\/eg-reeds.com\\\/de\\\/shop\\\/oboen\\\/schuler-oboe-eg-reeds\\\/#breadcrumb\"},\"inLanguage\":\"de\",\"potentialAction\":[{\"@type\":\"ReadAction\",\"target\":[\"https:\\\/\\\/eg-reeds.com\\\/de\\\/shop\\\/oboen\\\/schuler-oboe-eg-reeds\\\/\"]}]},{\"@type\":\"ImageObject\",\"inLanguage\":\"de\",\"@id\":\"https:\\\/\\\/eg-reeds.com\\\/de\\\/shop\\\/oboen\\\/schuler-oboe-eg-reeds\\\/#primaryimage\",\"url\":\"https:\\\/\\\/eg-reeds.com\\\/wp-content\\\/uploads\\\/2018\\\/09\\\/oboe-beginner-EG-REEDS.jpg\",\"contentUrl\":\"https:\\\/\\\/eg-reeds.com\\\/wp-content\\\/uploads\\\/2018\\\/09\\\/oboe-beginner-EG-REEDS.jpg\",\"width\":853,\"height\":1280,\"caption\":\"Sch\u00fcleroboe\"},{\"@type\":\"BreadcrumbList\",\"@id\":\"https:\\\/\\\/eg-reeds.com\\\/de\\\/shop\\\/oboen\\\/schuler-oboe-eg-reeds\\\/#breadcrumb\",\"itemListElement\":[{\"@type\":\"ListItem\",\"position\":1,\"name\":\"Startseite\",\"item\":\"https:\\\/\\\/eg-reeds.com\\\/de\\\/\"},{\"@type\":\"ListItem\",\"position\":2,\"name\":\"Shop\",\"item\":\"https:\\\/\\\/eg-reeds.com\\\/de\\\/\"},{\"@type\":\"ListItem\",\"position\":3,\"name\":\"Sch\u00fcler Oboe EG-REEDS.\"}]},{\"@type\":\"WebSite\",\"@id\":\"https:\\\/\\\/eg-reeds.com\\\/de\\\/#website\",\"url\":\"https:\\\/\\\/eg-reeds.com\\\/de\\\/\",\"name\":\"www.eg-reeds.com\",\"description\":\"Rohre f\u00fcr Oboe\",\"publisher\":{\"@id\":\"https:\\\/\\\/eg-reeds.com\\\/de\\\/#organization\"},\"alternateName\":\"eg-reeds.com\",\"potentialAction\":[{\"@type\":\"SearchAction\",\"target\":{\"@type\":\"EntryPoint\",\"urlTemplate\":\"https:\\\/\\\/eg-reeds.com\\\/de\\\/?s={search_term_string}\"},\"query-input\":{\"@type\":\"PropertyValueSpecification\",\"valueRequired\":true,\"valueName\":\"search_term_string\"}}],\"inLanguage\":\"de\"},{\"@type\":\"Organization\",\"@id\":\"https:\\\/\\\/eg-reeds.com\\\/de\\\/#organization\",\"name\":\"www.eg-reeds.com\",\"url\":\"https:\\\/\\\/eg-reeds.com\\\/de\\\/\",\"logo\":{\"@type\":\"ImageObject\",\"inLanguage\":\"de\",\"@id\":\"https:\\\/\\\/eg-reeds.com\\\/de\\\/#\\\/schema\\\/logo\\\/image\\\/\",\"url\":\"https:\\\/\\\/eg-reeds.com\\\/wp-content\\\/uploads\\\/2024\\\/06\\\/Logo-scaled-e1718793906611.jpg\",\"contentUrl\":\"https:\\\/\\\/eg-reeds.com\\\/wp-content\\\/uploads\\\/2024\\\/06\\\/Logo-scaled-e1718793906611.jpg\",\"width\":1200,\"height\":493,\"caption\":\"www.eg-reeds.com\"},\"image\":{\"@id\":\"https:\\\/\\\/eg-reeds.com\\\/de\\\/#\\\/schema\\\/logo\\\/image\\\/\"},\"sameAs\":[\"https:\\\/\\\/www.facebook.com\\\/EGREEDS\",\"https:\\\/\\\/x.com\\\/egreeds\",\"https:\\\/\\\/www.instagram.com\\\/egreeds\\\/\",\"https:\\\/\\\/www.youtube.com\\\/c\\\/EGREEDS\",\"https:\\\/\\\/www.threads.net\\\/@egreeds\",\"https:\\\/\\\/www.tiktok.com\\\/@egreeds\"]}]}<\/script>\n<meta property=\"product:price:amount\" content=\"1350.00\" \/>\n<meta property=\"product:price:currency\" content=\"EUR\" \/>\n<meta property=\"og:availability\" content=\"instock\" \/>\n<meta property=\"product:availability\" content=\"instock\" \/>\n<meta property=\"product:retailer_item_id\" content=\"OB\" \/>\n<meta property=\"product:condition\" content=\"new\" \/>\n<!-- \/ Yoast SEO Premium plugin. -->","yoast_head_json":{"title":"Sch\u00fcler Oboe EG-REEDS. - EG-REEDS","description":"Sch\u00fcler Oboe EG-REEDS. Sie sind hochwertige Oboen. Das Design ist speziell f\u00fcr kleine H\u00e4nde entwickelt. Preiswerter Oboe f\u00fcr Sch\u00fcler.","robots":{"index":"index","follow":"follow","max-snippet":"max-snippet:-1","max-image-preview":"max-image-preview:large","max-video-preview":"max-video-preview:-1"},"canonical":"https:\/\/eg-reeds.com\/de\/shop\/oboen\/schuler-oboe-eg-reeds\/","og_locale":"de_DE","og_type":"article","og_title":"Sch\u00fcler Oboe EG-REEDS.","og_description":"Sch\u00fcler Oboe EG-REEDS. Sie sind hochwertige Oboen. Das Design ist speziell f\u00fcr kleine H\u00e4nde entwickelt. Preiswerter Oboe f\u00fcr Sch\u00fcler.","og_url":"https:\/\/eg-reeds.com\/de\/shop\/oboen\/schuler-oboe-eg-reeds\/","og_site_name":"EG-REEDS","article_publisher":"https:\/\/www.facebook.com\/EGREEDS","article_modified_time":"2025-11-04T17:08:26+00:00","og_image":[{"width":853,"height":1280,"url":"https:\/\/eg-reeds.com\/wp-content\/uploads\/2018\/09\/oboe-beginner-EG-REEDS.jpg","type":"image\/jpeg"}],"twitter_card":"summary_large_image","twitter_site":"@egreeds","twitter_misc":{"Preis":"1.350,00&euro;","Verf\u00fcgbarkeit":"Auf Lager"},"schema":{"@context":"https:\/\/schema.org","@graph":[{"@type":["WebPage","ItemPage"],"@id":"https:\/\/eg-reeds.com\/de\/shop\/oboen\/schuler-oboe-eg-reeds\/","url":"https:\/\/eg-reeds.com\/de\/shop\/oboen\/schuler-oboe-eg-reeds\/","name":"Sch\u00fcler Oboe EG-REEDS. - EG-REEDS","isPartOf":{"@id":"https:\/\/eg-reeds.com\/de\/#website"},"primaryImageOfPage":{"@id":"https:\/\/eg-reeds.com\/de\/shop\/oboen\/schuler-oboe-eg-reeds\/#primaryimage"},"image":{"@id":"https:\/\/eg-reeds.com\/de\/shop\/oboen\/schuler-oboe-eg-reeds\/#primaryimage"},"thumbnailUrl":"https:\/\/eg-reeds.com\/wp-content\/uploads\/2018\/09\/oboe-beginner-EG-REEDS.jpg","datePublished":"2018-09-30T20:00:02+00:00","dateModified":"2025-11-04T17:08:26+00:00","description":"Sch\u00fcler Oboe EG-REEDS. Sie sind hochwertige Oboen. Das Design ist speziell f\u00fcr kleine H\u00e4nde entwickelt. Preiswerter Oboe f\u00fcr Sch\u00fcler.","breadcrumb":{"@id":"https:\/\/eg-reeds.com\/de\/shop\/oboen\/schuler-oboe-eg-reeds\/#breadcrumb"},"inLanguage":"de","potentialAction":[{"@type":"ReadAction","target":["https:\/\/eg-reeds.com\/de\/shop\/oboen\/schuler-oboe-eg-reeds\/"]}]},{"@type":"ImageObject","inLanguage":"de","@id":"https:\/\/eg-reeds.com\/de\/shop\/oboen\/schuler-oboe-eg-reeds\/#primaryimage","url":"https:\/\/eg-reeds.com\/wp-content\/uploads\/2018\/09\/oboe-beginner-EG-REEDS.jpg","contentUrl":"https:\/\/eg-reeds.com\/wp-content\/uploads\/2018\/09\/oboe-beginner-EG-REEDS.jpg","width":853,"height":1280,"caption":"Sch\u00fcleroboe"},{"@type":"BreadcrumbList","@id":"https:\/\/eg-reeds.com\/de\/shop\/oboen\/schuler-oboe-eg-reeds\/#breadcrumb","itemListElement":[{"@type":"ListItem","position":1,"name":"Startseite","item":"https:\/\/eg-reeds.com\/de\/"},{"@type":"ListItem","position":2,"name":"Shop","item":"https:\/\/eg-reeds.com\/de\/"},{"@type":"ListItem","position":3,"name":"Sch\u00fcler Oboe EG-REEDS."}]},{"@type":"WebSite","@id":"https:\/\/eg-reeds.com\/de\/#website","url":"https:\/\/eg-reeds.com\/de\/","name":"www.eg-reeds.com","description":"Rohre f\u00fcr Oboe","publisher":{"@id":"https:\/\/eg-reeds.com\/de\/#organization"},"alternateName":"eg-reeds.com","potentialAction":[{"@type":"SearchAction","target":{"@type":"EntryPoint","urlTemplate":"https:\/\/eg-reeds.com\/de\/?s={search_term_string}"},"query-input":{"@type":"PropertyValueSpecification","valueRequired":true,"valueName":"search_term_string"}}],"inLanguage":"de"},{"@type":"Organization","@id":"https:\/\/eg-reeds.com\/de\/#organization","name":"www.eg-reeds.com","url":"https:\/\/eg-reeds.com\/de\/","logo":{"@type":"ImageObject","inLanguage":"de","@id":"https:\/\/eg-reeds.com\/de\/#\/schema\/logo\/image\/","url":"https:\/\/eg-reeds.com\/wp-content\/uploads\/2024\/06\/Logo-scaled-e1718793906611.jpg","contentUrl":"https:\/\/eg-reeds.com\/wp-content\/uploads\/2024\/06\/Logo-scaled-e1718793906611.jpg","width":1200,"height":493,"caption":"www.eg-reeds.com"},"image":{"@id":"https:\/\/eg-reeds.com\/de\/#\/schema\/logo\/image\/"},"sameAs":["https:\/\/www.facebook.com\/EGREEDS","https:\/\/x.com\/egreeds","https:\/\/www.instagram.com\/egreeds\/","https:\/\/www.youtube.com\/c\/EGREEDS","https:\/\/www.threads.net\/@egreeds","https:\/\/www.tiktok.com\/@egreeds"]}]},"product_price_amount":"1350.00","product_price_currency":"EUR","og_availability":"instock","product_availability":"instock","product_retailer_item_id":"OB","product_condition":"new"},"_links":{"self":[{"href":"https:\/\/eg-reeds.com\/de\/wp-json\/wp\/v2\/product\/34276","targetHints":{"allow":["GET"]}}],"collection":[{"href":"https:\/\/eg-reeds.com\/de\/wp-json\/wp\/v2\/product"}],"about":[{"href":"https:\/\/eg-reeds.com\/de\/wp-json\/wp\/v2\/types\/product"}],"replies":[{"embeddable":true,"href":"https:\/\/eg-reeds.com\/de\/wp-json\/wp\/v2\/comments?post=34276"}],"wp:featuredmedia":[{"embeddable":true,"href":"https:\/\/eg-reeds.com\/de\/wp-json\/wp\/v2\/media\/33298"}],"wp:attachment":[{"href":"https:\/\/eg-reeds.com\/de\/wp-json\/wp\/v2\/media?parent=34276"}],"wp:term":[{"taxonomy":"product_brand","embeddable":true,"href":"https:\/\/eg-reeds.com\/de\/wp-json\/wp\/v2\/product_brand?post=34276"},{"taxonomy":"product_cat","embeddable":true,"href":"https:\/\/eg-reeds.com\/de\/wp-json\/wp\/v2\/product_cat?post=34276"},{"taxonomy":"product_tag","embeddable":true,"href":"https:\/\/eg-reeds.com\/de\/wp-json\/wp\/v2\/product_tag?post=34276"},{"taxonomy":"giftcard-category","embeddable":true,"href":"https:\/\/eg-reeds.com\/de\/wp-json\/wp\/v2\/giftcard-category?post=34276"}],"curies":[{"name":"wp","href":"https:\/\/api.w.org\/{rel}","templated":true}]}}