{"id":36338,"date":"2019-05-28T14:03:48","date_gmt":"2019-05-28T12:03:48","guid":{"rendered":"http:\/\/eg-reeds.com\/shop\/unkategorisiert\/digitaler-hartetester-reeds-n-stuff\/"},"modified":"2025-03-26T10:22:39","modified_gmt":"2025-03-26T09:22:39","slug":"digitaler-hartetester-reeds-n-stuff","status":"publish","type":"product","link":"https:\/\/eg-reeds.com\/de\/shop\/zubehoer\/messung\/digitaler-hartetester-reeds-n-stuff\/","title":{"rendered":"Digitaler H\u00e4rtetester Reeds &#8217;n Stuff"},"content":{"rendered":"<h1 class=\"none-show-mobile\"><strong>Digitaler H\u00e4rtetester Reeds &#8217;n Stuff.<\/strong><\/h1>\n<p>Der digitale H\u00e4rtetester f\u00fcr Oboe von Reeds &#8217;n Stuff ist ein unverzichtbares Werkzeug f\u00fcr Oboisten und Rohrbauer, die h\u00f6chste Pr\u00e4zision anstreben. Dieses hochmoderne Ger\u00e4t misst zuverl\u00e4ssig die H\u00e4rte des Oboenrohrs und hilft dabei, das ideale Material f\u00fcr eine optimale und pers\u00f6nliche Klangentfaltung auszuw\u00e4hlen.<\/p>\n<p>Ob jedes Rohr gelingt, h\u00e4ngt nicht nur vom K\u00f6nnen des Musikers ab. Das Aussehen des Holzes t\u00e4uscht oft, denn jeder Musiker wei\u00df: Die Wahrheit steckt unter der Schale. Genau hier bietet der H\u00e4rtetester objektive Beurteilungsm\u00f6glichkeiten.<\/p>\n<p>Ausgestattet mit einem klaren, leicht ablesbaren Digitaldisplay liefert er schnelle und pr\u00e4zise Ergebnisse. Das ergonomische Design sorgt f\u00fcr angenehme Handhabung, w\u00e4hrend die robuste Verarbeitung f\u00fcr Langlebigkeit und Zuverl\u00e4ssigkeit steht.<\/p>\n<p>Ideal f\u00fcr Profis und Lernende \u2013 dieses Ger\u00e4t ist ein unverzichtbarer Begleiter bei der Weiterentwicklung deiner Rohrbau-Technik und der Sicherung erstklassiger Qualit\u00e4t.<\/p>\n<p>M\u00f6chtest du die H\u00e4rte deines Oboenrohrs digital und exakt messen? \ud83d\udccf<\/p>\n<p>Dann brauchst du den <b>Digitalen H\u00e4rtetester Reeds &#8217;n Stuff<\/b>:<\/p>\n<p>\u2705 sofort exakte Messwerte erhalten<br \/>\n\u2705 das beste ausgehobelte h\u00f6lzer f\u00fcr perfekte Rohre ausw\u00e4hlen<br \/>\n\u2705 einfach zu bedienen<\/p>\n<p>Versand in ca. 7 Tagen, je nach Lagerbestand.<\/p>\n<p><iframe loading=\"lazy\" title=\"Medidor de dureza Reeds &#039;n Stuff \ud83d\udccfReeds &#039;n Stuff Hardness Tester\" width=\"1020\" height=\"574\" src=\"https:\/\/www.youtube.com\/embed\/uPha6dxrbPQ?feature=oembed\" frameborder=\"0\" allow=\"accelerometer; autoplay; clipboard-write; encrypted-media; gyroscope; picture-in-picture; web-share\" referrerpolicy=\"strict-origin-when-cross-origin\" allowfullscreen><\/iframe><\/p>\n","protected":false},"excerpt":{"rendered":"<p>Digitaler H\u00e4rtetester Reeds &#8217;n Stuff. Der digitale H\u00e4rtetester f\u00fcr Oboe von Reeds &#8217;n Stuff ist ein unverzichtbares Werkzeug f\u00fcr Oboisten und Rohrbauer, die h\u00f6chste Pr\u00e4zision anstreben. Dieses hochmoderne Ger\u00e4t misst zuverl\u00e4ssig die H\u00e4rte des Oboenrohrs und hilft dabei, das ideale Material f\u00fcr eine optimale und pers\u00f6nliche Klangentfaltung auszuw\u00e4hlen. Ob jedes Rohr gelingt, h\u00e4ngt nicht nur [&#8230;]\n","protected":false},"featured_media":54995,"comment_status":"open","ping_status":"closed","template":"","meta":[],"product_brand":[],"product_cat":[1416,5172,2927],"product_tag":[],"giftcard-category":[],"class_list":{"0":"post-36338","1":"product","2":"type-product","3":"status-publish","4":"has-post-thumbnail","6":"product_cat-zubehoer","7":"product_cat-messung","8":"product_cat-reeds-n-stuff-de","10":"first","11":"instock","12":"taxable","13":"shipping-taxable","14":"purchasable","15":"product-type-simple"},"yoast_head":"<!-- This site is optimized with the Yoast SEO Premium plugin v27.0 (Yoast SEO v27.3) - https:\/\/yoast.com\/product\/yoast-seo-premium-wordpress\/ -->\n<title>Digitaler H\u00e4rtetester Reeds &#039;n Stuff - EG-REEDS<\/title>\n<meta name=\"description\" content=\"Der digitale H\u00e4rtetester f\u00fcr Oboe von Reeds &#039;n Stuff ist ein unverzichtbares Werkzeug f\u00fcr Oboisten und Rohrbauer, die h\u00f6chste Pr\u00e4zision anstreben.\" \/>\n<meta name=\"robots\" content=\"index, follow, max-snippet:-1, max-image-preview:large, max-video-preview:-1\" \/>\n<link rel=\"canonical\" href=\"https:\/\/eg-reeds.com\/de\/shop\/zubehoer\/messung\/digitaler-hartetester-reeds-n-stuff\/\" \/>\n<meta property=\"og:locale\" content=\"de_DE\" \/>\n<meta property=\"og:type\" content=\"article\" \/>\n<meta property=\"og:title\" content=\"Digitaler H\u00e4rtetester Reeds &#039;n Stuff\" \/>\n<meta property=\"og:description\" content=\"Der digitale H\u00e4rtetester f\u00fcr Oboe von Reeds &#039;n Stuff ist ein unverzichtbares Werkzeug f\u00fcr Oboisten und Rohrbauer, die h\u00f6chste Pr\u00e4zision anstreben.\" \/>\n<meta property=\"og:url\" content=\"https:\/\/eg-reeds.com\/de\/shop\/zubehoer\/messung\/digitaler-hartetester-reeds-n-stuff\/\" \/>\n<meta property=\"og:site_name\" content=\"EG-REEDS\" \/>\n<meta property=\"article:publisher\" content=\"https:\/\/www.facebook.com\/EGREEDS\" \/>\n<meta property=\"article:modified_time\" content=\"2025-03-26T09:22:39+00:00\" \/>\n<meta property=\"og:image\" content=\"https:\/\/eg-reeds.com\/wp-content\/uploads\/2019\/05\/Digital-Hardness-Tester-for-Oboe.jpg\" \/>\n\t<meta property=\"og:image:width\" content=\"1200\" \/>\n\t<meta property=\"og:image:height\" content=\"960\" \/>\n\t<meta property=\"og:image:type\" content=\"image\/jpeg\" \/>\n<meta name=\"twitter:card\" content=\"summary_large_image\" \/>\n<meta name=\"twitter:site\" content=\"@egreeds\" \/>\n<meta name=\"twitter:label1\" content=\"Preis\" \/>\n\t<meta name=\"twitter:data1\" content=\"602,90&euro;\" \/>\n\t<meta name=\"twitter:label2\" content=\"Verf\u00fcgbarkeit\" \/>\n\t<meta name=\"twitter:data2\" content=\"Auf Lager\" \/>\n<script type=\"application\/ld+json\" class=\"yoast-schema-graph\">{\"@context\":\"https:\\\/\\\/schema.org\",\"@graph\":[{\"@type\":[\"WebPage\",\"ItemPage\"],\"@id\":\"https:\\\/\\\/eg-reeds.com\\\/de\\\/shop\\\/zubehoer\\\/messung\\\/digitaler-hartetester-reeds-n-stuff\\\/\",\"url\":\"https:\\\/\\\/eg-reeds.com\\\/de\\\/shop\\\/zubehoer\\\/messung\\\/digitaler-hartetester-reeds-n-stuff\\\/\",\"name\":\"Digitaler H\u00e4rtetester Reeds 'n Stuff - EG-REEDS\",\"isPartOf\":{\"@id\":\"https:\\\/\\\/eg-reeds.com\\\/de\\\/#website\"},\"primaryImageOfPage\":{\"@id\":\"https:\\\/\\\/eg-reeds.com\\\/de\\\/shop\\\/zubehoer\\\/messung\\\/digitaler-hartetester-reeds-n-stuff\\\/#primaryimage\"},\"image\":{\"@id\":\"https:\\\/\\\/eg-reeds.com\\\/de\\\/shop\\\/zubehoer\\\/messung\\\/digitaler-hartetester-reeds-n-stuff\\\/#primaryimage\"},\"thumbnailUrl\":\"https:\\\/\\\/eg-reeds.com\\\/wp-content\\\/uploads\\\/2019\\\/05\\\/Digital-Hardness-Tester-for-Oboe.jpg\",\"datePublished\":\"2019-05-28T12:03:48+00:00\",\"dateModified\":\"2025-03-26T09:22:39+00:00\",\"description\":\"Der digitale H\u00e4rtetester f\u00fcr Oboe von Reeds 'n Stuff ist ein unverzichtbares Werkzeug f\u00fcr Oboisten und Rohrbauer, die h\u00f6chste Pr\u00e4zision anstreben.\",\"breadcrumb\":{\"@id\":\"https:\\\/\\\/eg-reeds.com\\\/de\\\/shop\\\/zubehoer\\\/messung\\\/digitaler-hartetester-reeds-n-stuff\\\/#breadcrumb\"},\"inLanguage\":\"de\",\"potentialAction\":[{\"@type\":\"ReadAction\",\"target\":[\"https:\\\/\\\/eg-reeds.com\\\/de\\\/shop\\\/zubehoer\\\/messung\\\/digitaler-hartetester-reeds-n-stuff\\\/\"]}]},{\"@type\":\"ImageObject\",\"inLanguage\":\"de\",\"@id\":\"https:\\\/\\\/eg-reeds.com\\\/de\\\/shop\\\/zubehoer\\\/messung\\\/digitaler-hartetester-reeds-n-stuff\\\/#primaryimage\",\"url\":\"https:\\\/\\\/eg-reeds.com\\\/wp-content\\\/uploads\\\/2019\\\/05\\\/Digital-Hardness-Tester-for-Oboe.jpg\",\"contentUrl\":\"https:\\\/\\\/eg-reeds.com\\\/wp-content\\\/uploads\\\/2019\\\/05\\\/Digital-Hardness-Tester-for-Oboe.jpg\",\"width\":1200,\"height\":960,\"caption\":\"Digital Hardness Tester Reeds 'n Stuff\"},{\"@type\":\"BreadcrumbList\",\"@id\":\"https:\\\/\\\/eg-reeds.com\\\/de\\\/shop\\\/zubehoer\\\/messung\\\/digitaler-hartetester-reeds-n-stuff\\\/#breadcrumb\",\"itemListElement\":[{\"@type\":\"ListItem\",\"position\":1,\"name\":\"Startseite\",\"item\":\"https:\\\/\\\/eg-reeds.com\\\/de\\\/\"},{\"@type\":\"ListItem\",\"position\":2,\"name\":\"Shop\",\"item\":\"https:\\\/\\\/eg-reeds.com\\\/de\\\/\"},{\"@type\":\"ListItem\",\"position\":3,\"name\":\"Digitaler H\u00e4rtetester Reeds &#8216;n Stuff\"}]},{\"@type\":\"WebSite\",\"@id\":\"https:\\\/\\\/eg-reeds.com\\\/de\\\/#website\",\"url\":\"https:\\\/\\\/eg-reeds.com\\\/de\\\/\",\"name\":\"www.eg-reeds.com\",\"description\":\"Rohre f\u00fcr Oboe\",\"publisher\":{\"@id\":\"https:\\\/\\\/eg-reeds.com\\\/de\\\/#organization\"},\"alternateName\":\"eg-reeds.com\",\"potentialAction\":[{\"@type\":\"SearchAction\",\"target\":{\"@type\":\"EntryPoint\",\"urlTemplate\":\"https:\\\/\\\/eg-reeds.com\\\/de\\\/?s={search_term_string}\"},\"query-input\":{\"@type\":\"PropertyValueSpecification\",\"valueRequired\":true,\"valueName\":\"search_term_string\"}}],\"inLanguage\":\"de\"},{\"@type\":\"Organization\",\"@id\":\"https:\\\/\\\/eg-reeds.com\\\/de\\\/#organization\",\"name\":\"www.eg-reeds.com\",\"url\":\"https:\\\/\\\/eg-reeds.com\\\/de\\\/\",\"logo\":{\"@type\":\"ImageObject\",\"inLanguage\":\"de\",\"@id\":\"https:\\\/\\\/eg-reeds.com\\\/de\\\/#\\\/schema\\\/logo\\\/image\\\/\",\"url\":\"https:\\\/\\\/eg-reeds.com\\\/wp-content\\\/uploads\\\/2024\\\/06\\\/Logo-scaled-e1718793906611.jpg\",\"contentUrl\":\"https:\\\/\\\/eg-reeds.com\\\/wp-content\\\/uploads\\\/2024\\\/06\\\/Logo-scaled-e1718793906611.jpg\",\"width\":1200,\"height\":493,\"caption\":\"www.eg-reeds.com\"},\"image\":{\"@id\":\"https:\\\/\\\/eg-reeds.com\\\/de\\\/#\\\/schema\\\/logo\\\/image\\\/\"},\"sameAs\":[\"https:\\\/\\\/www.facebook.com\\\/EGREEDS\",\"https:\\\/\\\/x.com\\\/egreeds\",\"https:\\\/\\\/www.instagram.com\\\/egreeds\\\/\",\"https:\\\/\\\/www.youtube.com\\\/c\\\/EGREEDS\",\"https:\\\/\\\/www.threads.net\\\/@egreeds\",\"https:\\\/\\\/www.tiktok.com\\\/@egreeds\"]}]}<\/script>\n<meta property=\"product:price:amount\" content=\"602.90\" \/>\n<meta property=\"product:price:currency\" content=\"EUR\" \/>\n<meta property=\"og:availability\" content=\"instock\" \/>\n<meta property=\"product:availability\" content=\"instock\" \/>\n<meta property=\"product:retailer_item_id\" content=\"F11-14100\" \/>\n<meta property=\"product:condition\" content=\"new\" \/>\n<!-- \/ Yoast SEO Premium plugin. -->","yoast_head_json":{"title":"Digitaler H\u00e4rtetester Reeds 'n Stuff - EG-REEDS","description":"Der digitale H\u00e4rtetester f\u00fcr Oboe von Reeds 'n Stuff ist ein unverzichtbares Werkzeug f\u00fcr Oboisten und Rohrbauer, die h\u00f6chste Pr\u00e4zision anstreben.","robots":{"index":"index","follow":"follow","max-snippet":"max-snippet:-1","max-image-preview":"max-image-preview:large","max-video-preview":"max-video-preview:-1"},"canonical":"https:\/\/eg-reeds.com\/de\/shop\/zubehoer\/messung\/digitaler-hartetester-reeds-n-stuff\/","og_locale":"de_DE","og_type":"article","og_title":"Digitaler H\u00e4rtetester Reeds 'n Stuff","og_description":"Der digitale H\u00e4rtetester f\u00fcr Oboe von Reeds 'n Stuff ist ein unverzichtbares Werkzeug f\u00fcr Oboisten und Rohrbauer, die h\u00f6chste Pr\u00e4zision anstreben.","og_url":"https:\/\/eg-reeds.com\/de\/shop\/zubehoer\/messung\/digitaler-hartetester-reeds-n-stuff\/","og_site_name":"EG-REEDS","article_publisher":"https:\/\/www.facebook.com\/EGREEDS","article_modified_time":"2025-03-26T09:22:39+00:00","og_image":[{"width":1200,"height":960,"url":"https:\/\/eg-reeds.com\/wp-content\/uploads\/2019\/05\/Digital-Hardness-Tester-for-Oboe.jpg","type":"image\/jpeg"}],"twitter_card":"summary_large_image","twitter_site":"@egreeds","twitter_misc":{"Preis":"602,90&euro;","Verf\u00fcgbarkeit":"Auf Lager"},"schema":{"@context":"https:\/\/schema.org","@graph":[{"@type":["WebPage","ItemPage"],"@id":"https:\/\/eg-reeds.com\/de\/shop\/zubehoer\/messung\/digitaler-hartetester-reeds-n-stuff\/","url":"https:\/\/eg-reeds.com\/de\/shop\/zubehoer\/messung\/digitaler-hartetester-reeds-n-stuff\/","name":"Digitaler H\u00e4rtetester Reeds 'n Stuff - EG-REEDS","isPartOf":{"@id":"https:\/\/eg-reeds.com\/de\/#website"},"primaryImageOfPage":{"@id":"https:\/\/eg-reeds.com\/de\/shop\/zubehoer\/messung\/digitaler-hartetester-reeds-n-stuff\/#primaryimage"},"image":{"@id":"https:\/\/eg-reeds.com\/de\/shop\/zubehoer\/messung\/digitaler-hartetester-reeds-n-stuff\/#primaryimage"},"thumbnailUrl":"https:\/\/eg-reeds.com\/wp-content\/uploads\/2019\/05\/Digital-Hardness-Tester-for-Oboe.jpg","datePublished":"2019-05-28T12:03:48+00:00","dateModified":"2025-03-26T09:22:39+00:00","description":"Der digitale H\u00e4rtetester f\u00fcr Oboe von Reeds 'n Stuff ist ein unverzichtbares Werkzeug f\u00fcr Oboisten und Rohrbauer, die h\u00f6chste Pr\u00e4zision anstreben.","breadcrumb":{"@id":"https:\/\/eg-reeds.com\/de\/shop\/zubehoer\/messung\/digitaler-hartetester-reeds-n-stuff\/#breadcrumb"},"inLanguage":"de","potentialAction":[{"@type":"ReadAction","target":["https:\/\/eg-reeds.com\/de\/shop\/zubehoer\/messung\/digitaler-hartetester-reeds-n-stuff\/"]}]},{"@type":"ImageObject","inLanguage":"de","@id":"https:\/\/eg-reeds.com\/de\/shop\/zubehoer\/messung\/digitaler-hartetester-reeds-n-stuff\/#primaryimage","url":"https:\/\/eg-reeds.com\/wp-content\/uploads\/2019\/05\/Digital-Hardness-Tester-for-Oboe.jpg","contentUrl":"https:\/\/eg-reeds.com\/wp-content\/uploads\/2019\/05\/Digital-Hardness-Tester-for-Oboe.jpg","width":1200,"height":960,"caption":"Digital Hardness Tester Reeds 'n Stuff"},{"@type":"BreadcrumbList","@id":"https:\/\/eg-reeds.com\/de\/shop\/zubehoer\/messung\/digitaler-hartetester-reeds-n-stuff\/#breadcrumb","itemListElement":[{"@type":"ListItem","position":1,"name":"Startseite","item":"https:\/\/eg-reeds.com\/de\/"},{"@type":"ListItem","position":2,"name":"Shop","item":"https:\/\/eg-reeds.com\/de\/"},{"@type":"ListItem","position":3,"name":"Digitaler H\u00e4rtetester Reeds &#8216;n Stuff"}]},{"@type":"WebSite","@id":"https:\/\/eg-reeds.com\/de\/#website","url":"https:\/\/eg-reeds.com\/de\/","name":"www.eg-reeds.com","description":"Rohre f\u00fcr Oboe","publisher":{"@id":"https:\/\/eg-reeds.com\/de\/#organization"},"alternateName":"eg-reeds.com","potentialAction":[{"@type":"SearchAction","target":{"@type":"EntryPoint","urlTemplate":"https:\/\/eg-reeds.com\/de\/?s={search_term_string}"},"query-input":{"@type":"PropertyValueSpecification","valueRequired":true,"valueName":"search_term_string"}}],"inLanguage":"de"},{"@type":"Organization","@id":"https:\/\/eg-reeds.com\/de\/#organization","name":"www.eg-reeds.com","url":"https:\/\/eg-reeds.com\/de\/","logo":{"@type":"ImageObject","inLanguage":"de","@id":"https:\/\/eg-reeds.com\/de\/#\/schema\/logo\/image\/","url":"https:\/\/eg-reeds.com\/wp-content\/uploads\/2024\/06\/Logo-scaled-e1718793906611.jpg","contentUrl":"https:\/\/eg-reeds.com\/wp-content\/uploads\/2024\/06\/Logo-scaled-e1718793906611.jpg","width":1200,"height":493,"caption":"www.eg-reeds.com"},"image":{"@id":"https:\/\/eg-reeds.com\/de\/#\/schema\/logo\/image\/"},"sameAs":["https:\/\/www.facebook.com\/EGREEDS","https:\/\/x.com\/egreeds","https:\/\/www.instagram.com\/egreeds\/","https:\/\/www.youtube.com\/c\/EGREEDS","https:\/\/www.threads.net\/@egreeds","https:\/\/www.tiktok.com\/@egreeds"]}]},"product_price_amount":"602.90","product_price_currency":"EUR","og_availability":"instock","product_availability":"instock","product_retailer_item_id":"F11-14100","product_condition":"new"},"_links":{"self":[{"href":"https:\/\/eg-reeds.com\/de\/wp-json\/wp\/v2\/product\/36338","targetHints":{"allow":["GET"]}}],"collection":[{"href":"https:\/\/eg-reeds.com\/de\/wp-json\/wp\/v2\/product"}],"about":[{"href":"https:\/\/eg-reeds.com\/de\/wp-json\/wp\/v2\/types\/product"}],"replies":[{"embeddable":true,"href":"https:\/\/eg-reeds.com\/de\/wp-json\/wp\/v2\/comments?post=36338"}],"wp:featuredmedia":[{"embeddable":true,"href":"https:\/\/eg-reeds.com\/de\/wp-json\/wp\/v2\/media\/54995"}],"wp:attachment":[{"href":"https:\/\/eg-reeds.com\/de\/wp-json\/wp\/v2\/media?parent=36338"}],"wp:term":[{"taxonomy":"product_brand","embeddable":true,"href":"https:\/\/eg-reeds.com\/de\/wp-json\/wp\/v2\/product_brand?post=36338"},{"taxonomy":"product_cat","embeddable":true,"href":"https:\/\/eg-reeds.com\/de\/wp-json\/wp\/v2\/product_cat?post=36338"},{"taxonomy":"product_tag","embeddable":true,"href":"https:\/\/eg-reeds.com\/de\/wp-json\/wp\/v2\/product_tag?post=36338"},{"taxonomy":"giftcard-category","embeddable":true,"href":"https:\/\/eg-reeds.com\/de\/wp-json\/wp\/v2\/giftcard-category?post=36338"}],"curies":[{"name":"wp","href":"https:\/\/api.w.org\/{rel}","templated":true}]}}