{"id":36339,"date":"2019-05-28T13:50:31","date_gmt":"2019-05-28T11:50:31","guid":{"rendered":"http:\/\/eg-reeds.com\/shop\/unkategorisiert\/analoger-hartetester-reeds-n-stuff\/"},"modified":"2019-05-28T13:50:31","modified_gmt":"2019-05-28T11:50:31","slug":"analoger-hartetester-reeds-n-stuff","status":"publish","type":"product","link":"https:\/\/eg-reeds.com\/de\/shop\/rohrbaumaschinen\/reeds-n-stuff-de\/analoger-hartetester-reeds-n-stuff\/","title":{"rendered":"Analoger H\u00e4rtetester Reeds &#8217;n Stuff"},"content":{"rendered":"<h4><strong>Analoger H\u00e4rtetester Reeds &#8217;n Stuff.<\/strong><\/h4>\n<p>Analoger H\u00e4rtetester f\u00fcr Oboe Reeds &#8217;n Stuff.<\/p>\n<p>Ob jedes Rohr gelingt, h\u00e4ngt nicht nur vom K\u00f6nnen des Musikers ab. Das Aussehen des Holzes t\u00e4uscht oft, denn jeder Musiker wei\u00df:<\/p>\n<p>Die Wahrheit steckt unter der Schale. Hier bietet der H\u00e4rtetester objektive\u00a0Beurteilungsm\u00f6glichkeiten.<\/p>\n","protected":false},"excerpt":{"rendered":"<p>Analoger H\u00e4rtetester Reeds &#8217;n Stuff. Analoger H\u00e4rtetester f\u00fcr Oboe Reeds &#8217;n Stuff. Ob jedes Rohr gelingt, h\u00e4ngt nicht nur vom K\u00f6nnen des Musikers ab. Das Aussehen des Holzes t\u00e4uscht oft, denn jeder Musiker wei\u00df: Die Wahrheit steckt unter der Schale. Hier bietet der H\u00e4rtetester objektive\u00a0Beurteilungsm\u00f6glichkeiten.<\/p>\n","protected":false},"featured_media":54973,"comment_status":"open","ping_status":"closed","template":"","meta":[],"product_brand":[],"product_cat":[5172,2927,1416],"product_tag":[],"giftcard-category":[],"class_list":{"0":"post-36339","1":"product","2":"type-product","3":"status-publish","4":"has-post-thumbnail","6":"product_cat-messung","7":"product_cat-reeds-n-stuff-de","8":"product_cat-zubehoer","10":"first","11":"instock","12":"taxable","13":"shipping-taxable","14":"purchasable","15":"product-type-simple"},"yoast_head":"<!-- This site is optimized with the Yoast SEO Premium plugin v27.0 (Yoast SEO v27.4) - https:\/\/yoast.com\/product\/yoast-seo-premium-wordpress\/ -->\n<title>Analoger H\u00e4rtetester Reeds &#039;n Stuff - EG-REEDS<\/title>\n<meta name=\"robots\" content=\"index, follow, max-snippet:-1, max-image-preview:large, max-video-preview:-1\" \/>\n<link rel=\"canonical\" href=\"https:\/\/eg-reeds.com\/de\/shop\/rohrbaumaschinen\/reeds-n-stuff-de\/analoger-hartetester-reeds-n-stuff\/\" \/>\n<meta property=\"og:locale\" content=\"de_DE\" \/>\n<meta property=\"og:type\" content=\"article\" \/>\n<meta property=\"og:title\" content=\"Analoger H\u00e4rtetester Reeds &#039;n Stuff\" \/>\n<meta property=\"og:description\" content=\"Analoger H\u00e4rtetester Reeds &#8217;n Stuff. Analoger H\u00e4rtetester f\u00fcr Oboe Reeds &#8217;n Stuff. Ob jedes Rohr gelingt, h\u00e4ngt nicht nur vom K\u00f6nnen des Musikers ab. Das Aussehen des Holzes t\u00e4uscht oft, denn jeder Musiker wei\u00df: Die Wahrheit steckt unter der Schale. Hier bietet der H\u00e4rtetester objektive\u00a0Beurteilungsm\u00f6glichkeiten.\" \/>\n<meta property=\"og:url\" content=\"https:\/\/eg-reeds.com\/de\/shop\/rohrbaumaschinen\/reeds-n-stuff-de\/analoger-hartetester-reeds-n-stuff\/\" \/>\n<meta property=\"og:site_name\" content=\"EG-REEDS\" \/>\n<meta property=\"article:publisher\" content=\"https:\/\/www.facebook.com\/EGREEDS\" \/>\n<meta property=\"og:image\" content=\"https:\/\/eg-reeds.com\/wp-content\/uploads\/2019\/05\/Analog-Hardness-Tester-for-Oboe.jpg\" \/>\n\t<meta property=\"og:image:width\" content=\"1200\" \/>\n\t<meta property=\"og:image:height\" content=\"960\" \/>\n\t<meta property=\"og:image:type\" content=\"image\/jpeg\" \/>\n<meta name=\"twitter:card\" content=\"summary_large_image\" \/>\n<meta name=\"twitter:site\" content=\"@egreeds\" \/>\n<meta name=\"twitter:label1\" content=\"Preis\" \/>\n\t<meta name=\"twitter:data1\" content=\"518,20&euro;\" \/>\n\t<meta name=\"twitter:label2\" content=\"Verf\u00fcgbarkeit\" \/>\n\t<meta name=\"twitter:data2\" content=\"Auf Lager\" \/>\n<script type=\"application\/ld+json\" class=\"yoast-schema-graph\">{\"@context\":\"https:\\\/\\\/schema.org\",\"@graph\":[{\"@type\":[\"WebPage\",\"ItemPage\"],\"@id\":\"https:\\\/\\\/eg-reeds.com\\\/de\\\/shop\\\/rohrbaumaschinen\\\/reeds-n-stuff-de\\\/analoger-hartetester-reeds-n-stuff\\\/\",\"url\":\"https:\\\/\\\/eg-reeds.com\\\/de\\\/shop\\\/rohrbaumaschinen\\\/reeds-n-stuff-de\\\/analoger-hartetester-reeds-n-stuff\\\/\",\"name\":\"Analoger H\u00e4rtetester Reeds 'n Stuff - EG-REEDS\",\"isPartOf\":{\"@id\":\"https:\\\/\\\/eg-reeds.com\\\/de\\\/#website\"},\"primaryImageOfPage\":{\"@id\":\"https:\\\/\\\/eg-reeds.com\\\/de\\\/shop\\\/rohrbaumaschinen\\\/reeds-n-stuff-de\\\/analoger-hartetester-reeds-n-stuff\\\/#primaryimage\"},\"image\":{\"@id\":\"https:\\\/\\\/eg-reeds.com\\\/de\\\/shop\\\/rohrbaumaschinen\\\/reeds-n-stuff-de\\\/analoger-hartetester-reeds-n-stuff\\\/#primaryimage\"},\"thumbnailUrl\":\"https:\\\/\\\/eg-reeds.com\\\/wp-content\\\/uploads\\\/2019\\\/05\\\/Analog-Hardness-Tester-for-Oboe.jpg\",\"datePublished\":\"2019-05-28T11:50:31+00:00\",\"breadcrumb\":{\"@id\":\"https:\\\/\\\/eg-reeds.com\\\/de\\\/shop\\\/rohrbaumaschinen\\\/reeds-n-stuff-de\\\/analoger-hartetester-reeds-n-stuff\\\/#breadcrumb\"},\"inLanguage\":\"de\",\"potentialAction\":[{\"@type\":\"ReadAction\",\"target\":[\"https:\\\/\\\/eg-reeds.com\\\/de\\\/shop\\\/rohrbaumaschinen\\\/reeds-n-stuff-de\\\/analoger-hartetester-reeds-n-stuff\\\/\"]}]},{\"@type\":\"ImageObject\",\"inLanguage\":\"de\",\"@id\":\"https:\\\/\\\/eg-reeds.com\\\/de\\\/shop\\\/rohrbaumaschinen\\\/reeds-n-stuff-de\\\/analoger-hartetester-reeds-n-stuff\\\/#primaryimage\",\"url\":\"https:\\\/\\\/eg-reeds.com\\\/wp-content\\\/uploads\\\/2019\\\/05\\\/Analog-Hardness-Tester-for-Oboe.jpg\",\"contentUrl\":\"https:\\\/\\\/eg-reeds.com\\\/wp-content\\\/uploads\\\/2019\\\/05\\\/Analog-Hardness-Tester-for-Oboe.jpg\",\"width\":1200,\"height\":960,\"caption\":\"Analog Hardness Tester\"},{\"@type\":\"BreadcrumbList\",\"@id\":\"https:\\\/\\\/eg-reeds.com\\\/de\\\/shop\\\/rohrbaumaschinen\\\/reeds-n-stuff-de\\\/analoger-hartetester-reeds-n-stuff\\\/#breadcrumb\",\"itemListElement\":[{\"@type\":\"ListItem\",\"position\":1,\"name\":\"Startseite\",\"item\":\"https:\\\/\\\/eg-reeds.com\\\/de\\\/\"},{\"@type\":\"ListItem\",\"position\":2,\"name\":\"Shop\",\"item\":\"https:\\\/\\\/eg-reeds.com\\\/de\\\/\"},{\"@type\":\"ListItem\",\"position\":3,\"name\":\"Analoger H\u00e4rtetester Reeds &#8216;n Stuff\"}]},{\"@type\":\"WebSite\",\"@id\":\"https:\\\/\\\/eg-reeds.com\\\/de\\\/#website\",\"url\":\"https:\\\/\\\/eg-reeds.com\\\/de\\\/\",\"name\":\"www.eg-reeds.com\",\"description\":\"Rohre f\u00fcr Oboe\",\"publisher\":{\"@id\":\"https:\\\/\\\/eg-reeds.com\\\/de\\\/#organization\"},\"alternateName\":\"eg-reeds.com\",\"potentialAction\":[{\"@type\":\"SearchAction\",\"target\":{\"@type\":\"EntryPoint\",\"urlTemplate\":\"https:\\\/\\\/eg-reeds.com\\\/de\\\/?s={search_term_string}\"},\"query-input\":{\"@type\":\"PropertyValueSpecification\",\"valueRequired\":true,\"valueName\":\"search_term_string\"}}],\"inLanguage\":\"de\"},{\"@type\":\"Organization\",\"@id\":\"https:\\\/\\\/eg-reeds.com\\\/de\\\/#organization\",\"name\":\"www.eg-reeds.com\",\"url\":\"https:\\\/\\\/eg-reeds.com\\\/de\\\/\",\"logo\":{\"@type\":\"ImageObject\",\"inLanguage\":\"de\",\"@id\":\"https:\\\/\\\/eg-reeds.com\\\/de\\\/#\\\/schema\\\/logo\\\/image\\\/\",\"url\":\"https:\\\/\\\/eg-reeds.com\\\/wp-content\\\/uploads\\\/2024\\\/06\\\/Logo-scaled-e1718793906611.jpg\",\"contentUrl\":\"https:\\\/\\\/eg-reeds.com\\\/wp-content\\\/uploads\\\/2024\\\/06\\\/Logo-scaled-e1718793906611.jpg\",\"width\":1200,\"height\":493,\"caption\":\"www.eg-reeds.com\"},\"image\":{\"@id\":\"https:\\\/\\\/eg-reeds.com\\\/de\\\/#\\\/schema\\\/logo\\\/image\\\/\"},\"sameAs\":[\"https:\\\/\\\/www.facebook.com\\\/EGREEDS\",\"https:\\\/\\\/x.com\\\/egreeds\",\"https:\\\/\\\/www.instagram.com\\\/egreeds\\\/\",\"https:\\\/\\\/www.youtube.com\\\/c\\\/EGREEDS\",\"https:\\\/\\\/www.threads.net\\\/@egreeds\",\"https:\\\/\\\/www.tiktok.com\\\/@egreeds\"]}]}<\/script>\n<meta property=\"product:price:amount\" content=\"518.20\" \/>\n<meta property=\"product:price:currency\" content=\"EUR\" \/>\n<meta property=\"og:availability\" content=\"instock\" \/>\n<meta property=\"product:availability\" content=\"instock\" \/>\n<meta property=\"product:retailer_item_id\" content=\"F11-14000\" \/>\n<meta property=\"product:condition\" content=\"new\" \/>\n<!-- \/ Yoast SEO Premium plugin. -->","yoast_head_json":{"title":"Analoger H\u00e4rtetester Reeds 'n Stuff - EG-REEDS","robots":{"index":"index","follow":"follow","max-snippet":"max-snippet:-1","max-image-preview":"max-image-preview:large","max-video-preview":"max-video-preview:-1"},"canonical":"https:\/\/eg-reeds.com\/de\/shop\/rohrbaumaschinen\/reeds-n-stuff-de\/analoger-hartetester-reeds-n-stuff\/","og_locale":"de_DE","og_type":"article","og_title":"Analoger H\u00e4rtetester Reeds 'n Stuff","og_description":"Analoger H\u00e4rtetester Reeds &#8217;n Stuff. Analoger H\u00e4rtetester f\u00fcr Oboe Reeds &#8217;n Stuff. Ob jedes Rohr gelingt, h\u00e4ngt nicht nur vom K\u00f6nnen des Musikers ab. Das Aussehen des Holzes t\u00e4uscht oft, denn jeder Musiker wei\u00df: Die Wahrheit steckt unter der Schale. Hier bietet der H\u00e4rtetester objektive\u00a0Beurteilungsm\u00f6glichkeiten.","og_url":"https:\/\/eg-reeds.com\/de\/shop\/rohrbaumaschinen\/reeds-n-stuff-de\/analoger-hartetester-reeds-n-stuff\/","og_site_name":"EG-REEDS","article_publisher":"https:\/\/www.facebook.com\/EGREEDS","og_image":[{"width":1200,"height":960,"url":"https:\/\/eg-reeds.com\/wp-content\/uploads\/2019\/05\/Analog-Hardness-Tester-for-Oboe.jpg","type":"image\/jpeg"}],"twitter_card":"summary_large_image","twitter_site":"@egreeds","twitter_misc":{"Preis":"518,20&euro;","Verf\u00fcgbarkeit":"Auf Lager"},"schema":{"@context":"https:\/\/schema.org","@graph":[{"@type":["WebPage","ItemPage"],"@id":"https:\/\/eg-reeds.com\/de\/shop\/rohrbaumaschinen\/reeds-n-stuff-de\/analoger-hartetester-reeds-n-stuff\/","url":"https:\/\/eg-reeds.com\/de\/shop\/rohrbaumaschinen\/reeds-n-stuff-de\/analoger-hartetester-reeds-n-stuff\/","name":"Analoger H\u00e4rtetester Reeds 'n Stuff - EG-REEDS","isPartOf":{"@id":"https:\/\/eg-reeds.com\/de\/#website"},"primaryImageOfPage":{"@id":"https:\/\/eg-reeds.com\/de\/shop\/rohrbaumaschinen\/reeds-n-stuff-de\/analoger-hartetester-reeds-n-stuff\/#primaryimage"},"image":{"@id":"https:\/\/eg-reeds.com\/de\/shop\/rohrbaumaschinen\/reeds-n-stuff-de\/analoger-hartetester-reeds-n-stuff\/#primaryimage"},"thumbnailUrl":"https:\/\/eg-reeds.com\/wp-content\/uploads\/2019\/05\/Analog-Hardness-Tester-for-Oboe.jpg","datePublished":"2019-05-28T11:50:31+00:00","breadcrumb":{"@id":"https:\/\/eg-reeds.com\/de\/shop\/rohrbaumaschinen\/reeds-n-stuff-de\/analoger-hartetester-reeds-n-stuff\/#breadcrumb"},"inLanguage":"de","potentialAction":[{"@type":"ReadAction","target":["https:\/\/eg-reeds.com\/de\/shop\/rohrbaumaschinen\/reeds-n-stuff-de\/analoger-hartetester-reeds-n-stuff\/"]}]},{"@type":"ImageObject","inLanguage":"de","@id":"https:\/\/eg-reeds.com\/de\/shop\/rohrbaumaschinen\/reeds-n-stuff-de\/analoger-hartetester-reeds-n-stuff\/#primaryimage","url":"https:\/\/eg-reeds.com\/wp-content\/uploads\/2019\/05\/Analog-Hardness-Tester-for-Oboe.jpg","contentUrl":"https:\/\/eg-reeds.com\/wp-content\/uploads\/2019\/05\/Analog-Hardness-Tester-for-Oboe.jpg","width":1200,"height":960,"caption":"Analog Hardness Tester"},{"@type":"BreadcrumbList","@id":"https:\/\/eg-reeds.com\/de\/shop\/rohrbaumaschinen\/reeds-n-stuff-de\/analoger-hartetester-reeds-n-stuff\/#breadcrumb","itemListElement":[{"@type":"ListItem","position":1,"name":"Startseite","item":"https:\/\/eg-reeds.com\/de\/"},{"@type":"ListItem","position":2,"name":"Shop","item":"https:\/\/eg-reeds.com\/de\/"},{"@type":"ListItem","position":3,"name":"Analoger H\u00e4rtetester Reeds &#8216;n Stuff"}]},{"@type":"WebSite","@id":"https:\/\/eg-reeds.com\/de\/#website","url":"https:\/\/eg-reeds.com\/de\/","name":"www.eg-reeds.com","description":"Rohre f\u00fcr Oboe","publisher":{"@id":"https:\/\/eg-reeds.com\/de\/#organization"},"alternateName":"eg-reeds.com","potentialAction":[{"@type":"SearchAction","target":{"@type":"EntryPoint","urlTemplate":"https:\/\/eg-reeds.com\/de\/?s={search_term_string}"},"query-input":{"@type":"PropertyValueSpecification","valueRequired":true,"valueName":"search_term_string"}}],"inLanguage":"de"},{"@type":"Organization","@id":"https:\/\/eg-reeds.com\/de\/#organization","name":"www.eg-reeds.com","url":"https:\/\/eg-reeds.com\/de\/","logo":{"@type":"ImageObject","inLanguage":"de","@id":"https:\/\/eg-reeds.com\/de\/#\/schema\/logo\/image\/","url":"https:\/\/eg-reeds.com\/wp-content\/uploads\/2024\/06\/Logo-scaled-e1718793906611.jpg","contentUrl":"https:\/\/eg-reeds.com\/wp-content\/uploads\/2024\/06\/Logo-scaled-e1718793906611.jpg","width":1200,"height":493,"caption":"www.eg-reeds.com"},"image":{"@id":"https:\/\/eg-reeds.com\/de\/#\/schema\/logo\/image\/"},"sameAs":["https:\/\/www.facebook.com\/EGREEDS","https:\/\/x.com\/egreeds","https:\/\/www.instagram.com\/egreeds\/","https:\/\/www.youtube.com\/c\/EGREEDS","https:\/\/www.threads.net\/@egreeds","https:\/\/www.tiktok.com\/@egreeds"]}]},"product_price_amount":"518.20","product_price_currency":"EUR","og_availability":"instock","product_availability":"instock","product_retailer_item_id":"F11-14000","product_condition":"new"},"_links":{"self":[{"href":"https:\/\/eg-reeds.com\/de\/wp-json\/wp\/v2\/product\/36339","targetHints":{"allow":["GET"]}}],"collection":[{"href":"https:\/\/eg-reeds.com\/de\/wp-json\/wp\/v2\/product"}],"about":[{"href":"https:\/\/eg-reeds.com\/de\/wp-json\/wp\/v2\/types\/product"}],"replies":[{"embeddable":true,"href":"https:\/\/eg-reeds.com\/de\/wp-json\/wp\/v2\/comments?post=36339"}],"wp:featuredmedia":[{"embeddable":true,"href":"https:\/\/eg-reeds.com\/de\/wp-json\/wp\/v2\/media\/54973"}],"wp:attachment":[{"href":"https:\/\/eg-reeds.com\/de\/wp-json\/wp\/v2\/media?parent=36339"}],"wp:term":[{"taxonomy":"product_brand","embeddable":true,"href":"https:\/\/eg-reeds.com\/de\/wp-json\/wp\/v2\/product_brand?post=36339"},{"taxonomy":"product_cat","embeddable":true,"href":"https:\/\/eg-reeds.com\/de\/wp-json\/wp\/v2\/product_cat?post=36339"},{"taxonomy":"product_tag","embeddable":true,"href":"https:\/\/eg-reeds.com\/de\/wp-json\/wp\/v2\/product_tag?post=36339"},{"taxonomy":"giftcard-category","embeddable":true,"href":"https:\/\/eg-reeds.com\/de\/wp-json\/wp\/v2\/giftcard-category?post=36339"}],"curies":[{"name":"wp","href":"https:\/\/api.w.org\/{rel}","templated":true}]}}