{"id":36340,"date":"2019-05-28T14:08:24","date_gmt":"2019-05-28T12:08:24","guid":{"rendered":"http:\/\/eg-reeds.com\/shop\/unkategorisiert\/messuhr-reeds-n-stuff\/"},"modified":"2025-03-19T10:17:54","modified_gmt":"2025-03-19T09:17:54","slug":"messuhr-reeds-n-stuff","status":"publish","type":"product","link":"https:\/\/eg-reeds.com\/de\/shop\/zubehoer\/messung\/messuhr-reeds-n-stuff\/","title":{"rendered":"Messuhr Reeds &#8217;n Stuff"},"content":{"rendered":"<h1><strong>Messuhr Reeds &#8217;n Stuff.<\/strong><\/h1>\n<p>Messuhr &#8222;Mini&#8220; f\u00fcr Oboe Reeds &#8217;n Stuff.<\/p>\n<p>Gelangen Sie immer wieder zu guten Ergebnissen, indem Sie die Dicken innengehobelter H\u00f6lzer messen und gekaufte kontrollieren. Die Markierungen auf der Zunge helfen, die gleichen Messpunkte bei jedem Rohr zu ermitteln. So k\u00f6nnen Profil und Symmetrie der Rohre \u00fcberpr\u00fcft werden.<\/p>\n<p>\u2714 Neue Basis mit verstellbarem Arm: Stellen Sie den Winkel f\u00fcr eine bequemere Ablesung ein und klappen Sie ihn f\u00fcr eine einfache Aufbewahrung zusammen.<\/p>\n<p>Wenn Sie auf Reisen pr\u00e4zise messen wollen \u2013 Die Minimessuhr ist die Platzsparendste.<\/p>\n<p>Die Uhr und der Anlifthebel k\u00f6nnen in jede gew\u00fcnschte Position gedreht werden.<\/p>\n<h4><img loading=\"lazy\" decoding=\"async\" class=\"aligncenter size-large wp-image-36302\" style=\"color: #555555; font-size: 14.4px;\" src=\"https:\/\/eg-reeds.com\/wp-content\/uploads\/2019\/05\/Dial-indicator-tip-1024x222.png\" alt=\"Dial indicator tip\" width=\"1020\" height=\"221\" srcset=\"https:\/\/eg-reeds.com\/wp-content\/uploads\/2019\/05\/Dial-indicator-tip-1024x222.png 1024w, https:\/\/eg-reeds.com\/wp-content\/uploads\/2019\/05\/Dial-indicator-tip-600x130.png 600w, https:\/\/eg-reeds.com\/wp-content\/uploads\/2019\/05\/Dial-indicator-tip-300x65.png 300w, https:\/\/eg-reeds.com\/wp-content\/uploads\/2019\/05\/Dial-indicator-tip-768x166.png 768w, https:\/\/eg-reeds.com\/wp-content\/uploads\/2019\/05\/Dial-indicator-tip-510x111.png 510w, https:\/\/eg-reeds.com\/wp-content\/uploads\/2019\/05\/Dial-indicator-tip.png 1500w\" sizes=\"auto, (max-width: 1020px) 100vw, 1020px\" \/><\/h4>\n<p>&nbsp;<\/p>\n<p><iframe loading=\"lazy\" title=\"\ud83c\udd95 Nuevo micr\u00f3metro mini Reeds &#039;n Stuff. \ud83c\udd95 New mini micrometer from Reeds &#039;n Stuff.\" width=\"1020\" height=\"574\" src=\"https:\/\/www.youtube.com\/embed\/8XwkQFaNuVI?feature=oembed\" frameborder=\"0\" allow=\"accelerometer; autoplay; clipboard-write; encrypted-media; gyroscope; picture-in-picture; web-share\" referrerpolicy=\"strict-origin-when-cross-origin\" allowfullscreen><\/iframe><\/p>\n","protected":false},"excerpt":{"rendered":"<p>Messuhr Reeds &#8217;n Stuff. Messuhr &#8222;Mini&#8220; f\u00fcr Oboe Reeds &#8217;n Stuff. Gelangen Sie immer wieder zu guten Ergebnissen, indem Sie die Dicken innengehobelter H\u00f6lzer messen und gekaufte kontrollieren. Die Markierungen auf der Zunge helfen, die gleichen Messpunkte bei jedem Rohr zu ermitteln. So k\u00f6nnen Profil und Symmetrie der Rohre \u00fcberpr\u00fcft werden. \u2714 Neue Basis mit [&#8230;]\n","protected":false},"featured_media":54462,"comment_status":"open","ping_status":"closed","template":"","meta":[],"product_brand":[],"product_cat":[1416,5172,2927],"product_tag":[],"giftcard-category":[],"class_list":{"0":"post-36340","1":"product","2":"type-product","3":"status-publish","4":"has-post-thumbnail","6":"product_cat-zubehoer","7":"product_cat-messung","8":"product_cat-reeds-n-stuff-de","10":"first","11":"instock","12":"taxable","13":"shipping-taxable","14":"purchasable","15":"product-type-variable"},"yoast_head":"<!-- This site is optimized with the Yoast SEO Premium plugin v27.0 (Yoast SEO v27.4) - https:\/\/yoast.com\/product\/yoast-seo-premium-wordpress\/ -->\n<title>Messuhr Reeds &#039;n Stuff - EG-REEDS<\/title>\n<meta name=\"description\" content=\"Messuhr Reeds &#039;n Stuff. Messuhr &quot;Mini&quot; f\u00fcr Oboe Reeds &#039;n Stuff.\" \/>\n<meta name=\"robots\" content=\"index, follow, max-snippet:-1, max-image-preview:large, max-video-preview:-1\" \/>\n<link rel=\"canonical\" href=\"https:\/\/eg-reeds.com\/de\/shop\/zubehoer\/messung\/messuhr-reeds-n-stuff\/\" \/>\n<meta property=\"og:locale\" content=\"de_DE\" \/>\n<meta property=\"og:type\" content=\"article\" \/>\n<meta property=\"og:title\" content=\"Messuhr Reeds &#039;n Stuff\" \/>\n<meta property=\"og:description\" content=\"Messuhr Reeds &#039;n Stuff. Messuhr &quot;Mini&quot; f\u00fcr Oboe Reeds &#039;n Stuff.\" \/>\n<meta property=\"og:url\" content=\"https:\/\/eg-reeds.com\/de\/shop\/zubehoer\/messung\/messuhr-reeds-n-stuff\/\" \/>\n<meta property=\"og:site_name\" content=\"EG-REEDS\" \/>\n<meta property=\"article:publisher\" content=\"https:\/\/www.facebook.com\/EGREEDS\" \/>\n<meta property=\"article:modified_time\" content=\"2025-03-19T09:17:54+00:00\" \/>\n<meta property=\"og:image\" content=\"https:\/\/eg-reeds.com\/wp-content\/uploads\/2019\/05\/Dial-Indicator-Mini-for-oboe.jpg\" \/>\n\t<meta property=\"og:image:width\" content=\"1200\" \/>\n\t<meta property=\"og:image:height\" content=\"960\" \/>\n\t<meta property=\"og:image:type\" content=\"image\/jpeg\" \/>\n<meta name=\"twitter:card\" content=\"summary_large_image\" \/>\n<meta name=\"twitter:site\" content=\"@egreeds\" \/>\n<meta name=\"twitter:label1\" content=\"Verf\u00fcgbarkeit\" \/>\n\t<meta name=\"twitter:data1\" content=\"Auf Lager\" \/>\n<script type=\"application\/ld+json\" class=\"yoast-schema-graph\">{\"@context\":\"https:\\\/\\\/schema.org\",\"@graph\":[{\"@type\":[\"WebPage\",\"ItemPage\"],\"@id\":\"https:\\\/\\\/eg-reeds.com\\\/de\\\/shop\\\/zubehoer\\\/messung\\\/messuhr-reeds-n-stuff\\\/\",\"url\":\"https:\\\/\\\/eg-reeds.com\\\/de\\\/shop\\\/zubehoer\\\/messung\\\/messuhr-reeds-n-stuff\\\/\",\"name\":\"Messuhr Reeds 'n Stuff - EG-REEDS\",\"isPartOf\":{\"@id\":\"https:\\\/\\\/eg-reeds.com\\\/de\\\/#website\"},\"primaryImageOfPage\":{\"@id\":\"https:\\\/\\\/eg-reeds.com\\\/de\\\/shop\\\/zubehoer\\\/messung\\\/messuhr-reeds-n-stuff\\\/#primaryimage\"},\"image\":{\"@id\":\"https:\\\/\\\/eg-reeds.com\\\/de\\\/shop\\\/zubehoer\\\/messung\\\/messuhr-reeds-n-stuff\\\/#primaryimage\"},\"thumbnailUrl\":\"https:\\\/\\\/eg-reeds.com\\\/wp-content\\\/uploads\\\/2019\\\/05\\\/Dial-Indicator-Mini-for-oboe.jpg\",\"datePublished\":\"2019-05-28T12:08:24+00:00\",\"dateModified\":\"2025-03-19T09:17:54+00:00\",\"description\":\"Messuhr Reeds 'n Stuff. Messuhr \\\"Mini\\\" f\u00fcr Oboe Reeds 'n Stuff.\",\"breadcrumb\":{\"@id\":\"https:\\\/\\\/eg-reeds.com\\\/de\\\/shop\\\/zubehoer\\\/messung\\\/messuhr-reeds-n-stuff\\\/#breadcrumb\"},\"inLanguage\":\"de\",\"potentialAction\":[{\"@type\":\"ReadAction\",\"target\":[\"https:\\\/\\\/eg-reeds.com\\\/de\\\/shop\\\/zubehoer\\\/messung\\\/messuhr-reeds-n-stuff\\\/\"]}]},{\"@type\":\"ImageObject\",\"inLanguage\":\"de\",\"@id\":\"https:\\\/\\\/eg-reeds.com\\\/de\\\/shop\\\/zubehoer\\\/messung\\\/messuhr-reeds-n-stuff\\\/#primaryimage\",\"url\":\"https:\\\/\\\/eg-reeds.com\\\/wp-content\\\/uploads\\\/2019\\\/05\\\/Dial-Indicator-Mini-for-oboe.jpg\",\"contentUrl\":\"https:\\\/\\\/eg-reeds.com\\\/wp-content\\\/uploads\\\/2019\\\/05\\\/Dial-Indicator-Mini-for-oboe.jpg\",\"width\":1200,\"height\":960,\"caption\":\"Dial Indicator Mini for oboe Reed Stuff\"},{\"@type\":\"BreadcrumbList\",\"@id\":\"https:\\\/\\\/eg-reeds.com\\\/de\\\/shop\\\/zubehoer\\\/messung\\\/messuhr-reeds-n-stuff\\\/#breadcrumb\",\"itemListElement\":[{\"@type\":\"ListItem\",\"position\":1,\"name\":\"Startseite\",\"item\":\"https:\\\/\\\/eg-reeds.com\\\/de\\\/\"},{\"@type\":\"ListItem\",\"position\":2,\"name\":\"Shop\",\"item\":\"https:\\\/\\\/eg-reeds.com\\\/de\\\/\"},{\"@type\":\"ListItem\",\"position\":3,\"name\":\"Messuhr Reeds &#8216;n Stuff\"}]},{\"@type\":\"WebSite\",\"@id\":\"https:\\\/\\\/eg-reeds.com\\\/de\\\/#website\",\"url\":\"https:\\\/\\\/eg-reeds.com\\\/de\\\/\",\"name\":\"www.eg-reeds.com\",\"description\":\"Rohre f\u00fcr Oboe\",\"publisher\":{\"@id\":\"https:\\\/\\\/eg-reeds.com\\\/de\\\/#organization\"},\"alternateName\":\"eg-reeds.com\",\"potentialAction\":[{\"@type\":\"SearchAction\",\"target\":{\"@type\":\"EntryPoint\",\"urlTemplate\":\"https:\\\/\\\/eg-reeds.com\\\/de\\\/?s={search_term_string}\"},\"query-input\":{\"@type\":\"PropertyValueSpecification\",\"valueRequired\":true,\"valueName\":\"search_term_string\"}}],\"inLanguage\":\"de\"},{\"@type\":\"Organization\",\"@id\":\"https:\\\/\\\/eg-reeds.com\\\/de\\\/#organization\",\"name\":\"www.eg-reeds.com\",\"url\":\"https:\\\/\\\/eg-reeds.com\\\/de\\\/\",\"logo\":{\"@type\":\"ImageObject\",\"inLanguage\":\"de\",\"@id\":\"https:\\\/\\\/eg-reeds.com\\\/de\\\/#\\\/schema\\\/logo\\\/image\\\/\",\"url\":\"https:\\\/\\\/eg-reeds.com\\\/wp-content\\\/uploads\\\/2024\\\/06\\\/Logo-scaled-e1718793906611.jpg\",\"contentUrl\":\"https:\\\/\\\/eg-reeds.com\\\/wp-content\\\/uploads\\\/2024\\\/06\\\/Logo-scaled-e1718793906611.jpg\",\"width\":1200,\"height\":493,\"caption\":\"www.eg-reeds.com\"},\"image\":{\"@id\":\"https:\\\/\\\/eg-reeds.com\\\/de\\\/#\\\/schema\\\/logo\\\/image\\\/\"},\"sameAs\":[\"https:\\\/\\\/www.facebook.com\\\/EGREEDS\",\"https:\\\/\\\/x.com\\\/egreeds\",\"https:\\\/\\\/www.instagram.com\\\/egreeds\\\/\",\"https:\\\/\\\/www.youtube.com\\\/c\\\/EGREEDS\",\"https:\\\/\\\/www.threads.net\\\/@egreeds\",\"https:\\\/\\\/www.tiktok.com\\\/@egreeds\"]}]}<\/script>\n<meta property=\"og:availability\" content=\"instock\" \/>\n<meta property=\"product:availability\" content=\"instock\" \/>\n<meta property=\"product:retailer_item_id\" content=\"F11-15201-05\" \/>\n<meta property=\"product:condition\" content=\"new\" \/>\n<!-- \/ Yoast SEO Premium plugin. -->","yoast_head_json":{"title":"Messuhr Reeds 'n Stuff - EG-REEDS","description":"Messuhr Reeds 'n Stuff. Messuhr \"Mini\" f\u00fcr Oboe Reeds 'n Stuff.","robots":{"index":"index","follow":"follow","max-snippet":"max-snippet:-1","max-image-preview":"max-image-preview:large","max-video-preview":"max-video-preview:-1"},"canonical":"https:\/\/eg-reeds.com\/de\/shop\/zubehoer\/messung\/messuhr-reeds-n-stuff\/","og_locale":"de_DE","og_type":"article","og_title":"Messuhr Reeds 'n Stuff","og_description":"Messuhr Reeds 'n Stuff. Messuhr \"Mini\" f\u00fcr Oboe Reeds 'n Stuff.","og_url":"https:\/\/eg-reeds.com\/de\/shop\/zubehoer\/messung\/messuhr-reeds-n-stuff\/","og_site_name":"EG-REEDS","article_publisher":"https:\/\/www.facebook.com\/EGREEDS","article_modified_time":"2025-03-19T09:17:54+00:00","og_image":[{"width":1200,"height":960,"url":"https:\/\/eg-reeds.com\/wp-content\/uploads\/2019\/05\/Dial-Indicator-Mini-for-oboe.jpg","type":"image\/jpeg"}],"twitter_card":"summary_large_image","twitter_site":"@egreeds","twitter_misc":{"Verf\u00fcgbarkeit":"Auf Lager"},"schema":{"@context":"https:\/\/schema.org","@graph":[{"@type":["WebPage","ItemPage"],"@id":"https:\/\/eg-reeds.com\/de\/shop\/zubehoer\/messung\/messuhr-reeds-n-stuff\/","url":"https:\/\/eg-reeds.com\/de\/shop\/zubehoer\/messung\/messuhr-reeds-n-stuff\/","name":"Messuhr Reeds 'n Stuff - EG-REEDS","isPartOf":{"@id":"https:\/\/eg-reeds.com\/de\/#website"},"primaryImageOfPage":{"@id":"https:\/\/eg-reeds.com\/de\/shop\/zubehoer\/messung\/messuhr-reeds-n-stuff\/#primaryimage"},"image":{"@id":"https:\/\/eg-reeds.com\/de\/shop\/zubehoer\/messung\/messuhr-reeds-n-stuff\/#primaryimage"},"thumbnailUrl":"https:\/\/eg-reeds.com\/wp-content\/uploads\/2019\/05\/Dial-Indicator-Mini-for-oboe.jpg","datePublished":"2019-05-28T12:08:24+00:00","dateModified":"2025-03-19T09:17:54+00:00","description":"Messuhr Reeds 'n Stuff. Messuhr \"Mini\" f\u00fcr Oboe Reeds 'n Stuff.","breadcrumb":{"@id":"https:\/\/eg-reeds.com\/de\/shop\/zubehoer\/messung\/messuhr-reeds-n-stuff\/#breadcrumb"},"inLanguage":"de","potentialAction":[{"@type":"ReadAction","target":["https:\/\/eg-reeds.com\/de\/shop\/zubehoer\/messung\/messuhr-reeds-n-stuff\/"]}]},{"@type":"ImageObject","inLanguage":"de","@id":"https:\/\/eg-reeds.com\/de\/shop\/zubehoer\/messung\/messuhr-reeds-n-stuff\/#primaryimage","url":"https:\/\/eg-reeds.com\/wp-content\/uploads\/2019\/05\/Dial-Indicator-Mini-for-oboe.jpg","contentUrl":"https:\/\/eg-reeds.com\/wp-content\/uploads\/2019\/05\/Dial-Indicator-Mini-for-oboe.jpg","width":1200,"height":960,"caption":"Dial Indicator Mini for oboe Reed Stuff"},{"@type":"BreadcrumbList","@id":"https:\/\/eg-reeds.com\/de\/shop\/zubehoer\/messung\/messuhr-reeds-n-stuff\/#breadcrumb","itemListElement":[{"@type":"ListItem","position":1,"name":"Startseite","item":"https:\/\/eg-reeds.com\/de\/"},{"@type":"ListItem","position":2,"name":"Shop","item":"https:\/\/eg-reeds.com\/de\/"},{"@type":"ListItem","position":3,"name":"Messuhr Reeds &#8216;n Stuff"}]},{"@type":"WebSite","@id":"https:\/\/eg-reeds.com\/de\/#website","url":"https:\/\/eg-reeds.com\/de\/","name":"www.eg-reeds.com","description":"Rohre f\u00fcr Oboe","publisher":{"@id":"https:\/\/eg-reeds.com\/de\/#organization"},"alternateName":"eg-reeds.com","potentialAction":[{"@type":"SearchAction","target":{"@type":"EntryPoint","urlTemplate":"https:\/\/eg-reeds.com\/de\/?s={search_term_string}"},"query-input":{"@type":"PropertyValueSpecification","valueRequired":true,"valueName":"search_term_string"}}],"inLanguage":"de"},{"@type":"Organization","@id":"https:\/\/eg-reeds.com\/de\/#organization","name":"www.eg-reeds.com","url":"https:\/\/eg-reeds.com\/de\/","logo":{"@type":"ImageObject","inLanguage":"de","@id":"https:\/\/eg-reeds.com\/de\/#\/schema\/logo\/image\/","url":"https:\/\/eg-reeds.com\/wp-content\/uploads\/2024\/06\/Logo-scaled-e1718793906611.jpg","contentUrl":"https:\/\/eg-reeds.com\/wp-content\/uploads\/2024\/06\/Logo-scaled-e1718793906611.jpg","width":1200,"height":493,"caption":"www.eg-reeds.com"},"image":{"@id":"https:\/\/eg-reeds.com\/de\/#\/schema\/logo\/image\/"},"sameAs":["https:\/\/www.facebook.com\/EGREEDS","https:\/\/x.com\/egreeds","https:\/\/www.instagram.com\/egreeds\/","https:\/\/www.youtube.com\/c\/EGREEDS","https:\/\/www.threads.net\/@egreeds","https:\/\/www.tiktok.com\/@egreeds"]}]},"og_availability":"instock","product_availability":"instock","product_retailer_item_id":"F11-15201-05","product_condition":"new"},"_links":{"self":[{"href":"https:\/\/eg-reeds.com\/de\/wp-json\/wp\/v2\/product\/36340","targetHints":{"allow":["GET"]}}],"collection":[{"href":"https:\/\/eg-reeds.com\/de\/wp-json\/wp\/v2\/product"}],"about":[{"href":"https:\/\/eg-reeds.com\/de\/wp-json\/wp\/v2\/types\/product"}],"replies":[{"embeddable":true,"href":"https:\/\/eg-reeds.com\/de\/wp-json\/wp\/v2\/comments?post=36340"}],"wp:featuredmedia":[{"embeddable":true,"href":"https:\/\/eg-reeds.com\/de\/wp-json\/wp\/v2\/media\/54462"}],"wp:attachment":[{"href":"https:\/\/eg-reeds.com\/de\/wp-json\/wp\/v2\/media?parent=36340"}],"wp:term":[{"taxonomy":"product_brand","embeddable":true,"href":"https:\/\/eg-reeds.com\/de\/wp-json\/wp\/v2\/product_brand?post=36340"},{"taxonomy":"product_cat","embeddable":true,"href":"https:\/\/eg-reeds.com\/de\/wp-json\/wp\/v2\/product_cat?post=36340"},{"taxonomy":"product_tag","embeddable":true,"href":"https:\/\/eg-reeds.com\/de\/wp-json\/wp\/v2\/product_tag?post=36340"},{"taxonomy":"giftcard-category","embeddable":true,"href":"https:\/\/eg-reeds.com\/de\/wp-json\/wp\/v2\/giftcard-category?post=36340"}],"curies":[{"name":"wp","href":"https:\/\/api.w.org\/{rel}","templated":true}]}}