{"id":36344,"date":"2019-05-23T09:43:19","date_gmt":"2019-05-23T07:43:19","guid":{"rendered":"http:\/\/eg-reeds.com\/shop\/unkategorisiert\/holzabschneider-reeds-n-stuff\/"},"modified":"2020-01-29T10:14:29","modified_gmt":"2020-01-29T09:14:29","slug":"holzabschneider-reeds-n-stuff","status":"publish","type":"product","link":"https:\/\/eg-reeds.com\/de\/shop\/rohrbaumaschinen\/reeds-n-stuff-de\/holzabschneider-reeds-n-stuff\/","title":{"rendered":"Holzabschneider Reeds &#8217;n Stuff"},"content":{"rendered":"<h4 class=\"none-show-mobile\"><strong>Holzabschneider Reeds &#8217;n Stuff.<\/strong><\/h4>\n<p>Holzabschneider Reeds &#8217;n Stuff.<\/p>\n<p>Der Holzabschneider ist f\u00fcr alle Oboeninstrumente bestimmt. Den L\u00e4ngen\u00adanschlag k\u00f6nnen Sie stufenlos f\u00fcr alle g\u00e4ngigen Bettl\u00e4ngen einstellen.<\/p>\n<p>Die Kombination zweier Messer aus hochwertigem Karbonstahl garantiert saubere Schnitte. Da\u00adbei gew\u00e4hrleistet das Obermesser faserfreie Holzenden. Das pas\u00ad sende Untermesser gibt den n\u00f6tigen Halt f\u00fcr die verwendete Holzgr\u00f6\u00dfe. Somit werden Haarrisse ausgeschlossen.<\/p>\n<p>Sie k\u00f6nnen aus folgenden Durchmessern w\u00e4hlen: 10; 10,5; 11; 12; 12,5 mm und f\u00fcr Barockoboe.<\/p>\n","protected":false},"excerpt":{"rendered":"<p>Holzabschneider Reeds &#8217;n Stuff. Holzabschneider Reeds &#8217;n Stuff. Der Holzabschneider ist f\u00fcr alle Oboeninstrumente bestimmt. Den L\u00e4ngen\u00adanschlag k\u00f6nnen Sie stufenlos f\u00fcr alle g\u00e4ngigen Bettl\u00e4ngen einstellen. Die Kombination zweier Messer aus hochwertigem Karbonstahl garantiert saubere Schnitte. Da\u00adbei gew\u00e4hrleistet das Obermesser faserfreie Holzenden. Das pas\u00ad sende Untermesser gibt den n\u00f6tigen Halt f\u00fcr die verwendete Holzgr\u00f6\u00dfe. Somit werden [&#8230;]\n","protected":false},"featured_media":36193,"comment_status":"open","ping_status":"closed","template":"","meta":[],"product_brand":[],"product_cat":[2927],"product_tag":[],"giftcard-category":[],"class_list":{"0":"post-36344","1":"product","2":"type-product","3":"status-publish","4":"has-post-thumbnail","6":"product_cat-reeds-n-stuff-de","7":"product_shipping_class-rmm-de","8":"pa_cane-diameter-10-de","9":"pa_cane-diameter-105-de","10":"pa_cane-diameter-11-de","11":"pa_cane-diameter-12-de","12":"pa_cane-diameter-125-de-2","13":"pa_cane-diameter-14-de","14":"pa_cane-diameter-15-de","15":"pa_cane-diameter-16-de","17":"first","18":"instock","19":"taxable","20":"shipping-taxable","21":"purchasable","22":"product-type-variable"},"yoast_head":"<!-- This site is optimized with the Yoast SEO Premium plugin v27.0 (Yoast SEO v27.4) - https:\/\/yoast.com\/product\/yoast-seo-premium-wordpress\/ -->\n<title>Holzabschneider Reeds &#039;n Stuff - EG-REEDS<\/title>\n<meta name=\"description\" content=\"Holzabschneider Reeds &#039;n Stuff. Der Holzabschneider ist f\u00fcr alle Oboeninstrumente bestimmt. Den L\u00e4ngen\u00adanschlag k\u00f6nnen Sie stufenlos f\u00fcr alle g\u00e4ngigen Bettl\u00e4ngen einstellen.\" \/>\n<meta name=\"robots\" content=\"index, follow, max-snippet:-1, max-image-preview:large, max-video-preview:-1\" \/>\n<link rel=\"canonical\" href=\"https:\/\/eg-reeds.com\/de\/shop\/rohrbaumaschinen\/reeds-n-stuff-de\/holzabschneider-reeds-n-stuff\/\" \/>\n<meta property=\"og:locale\" content=\"de_DE\" \/>\n<meta property=\"og:type\" content=\"article\" \/>\n<meta property=\"og:title\" content=\"Holzabschneider Reeds &#039;n Stuff\" \/>\n<meta property=\"og:description\" content=\"Holzabschneider Reeds &#039;n Stuff. Der Holzabschneider ist f\u00fcr alle Oboeninstrumente bestimmt. Den L\u00e4ngen\u00adanschlag k\u00f6nnen Sie stufenlos f\u00fcr alle g\u00e4ngigen Bettl\u00e4ngen einstellen.\" \/>\n<meta property=\"og:url\" content=\"https:\/\/eg-reeds.com\/de\/shop\/rohrbaumaschinen\/reeds-n-stuff-de\/holzabschneider-reeds-n-stuff\/\" \/>\n<meta property=\"og:site_name\" content=\"EG-REEDS\" \/>\n<meta property=\"article:publisher\" content=\"https:\/\/www.facebook.com\/EGREEDS\" \/>\n<meta property=\"article:modified_time\" content=\"2020-01-29T09:14:29+00:00\" \/>\n<meta property=\"og:image\" content=\"https:\/\/eg-reeds.com\/wp-content\/uploads\/2019\/05\/Cane-guillotine-Reeds-and-Stuff.jpg\" \/>\n\t<meta property=\"og:image:width\" content=\"800\" \/>\n\t<meta property=\"og:image:height\" content=\"571\" \/>\n\t<meta property=\"og:image:type\" content=\"image\/jpeg\" \/>\n<meta name=\"twitter:card\" content=\"summary_large_image\" \/>\n<meta name=\"twitter:title\" content=\"Holzabschneider Reeds &#039;n Stuff\" \/>\n<meta name=\"twitter:description\" content=\"Holzabschneider Reeds &#039;n Stuff. Der Holzabschneider ist f\u00fcr alle Oboeninstrumente bestimmt. Den L\u00e4ngen\u00adanschlag k\u00f6nnen Sie stufenlos f\u00fcr alle g\u00e4ngigen Bettl\u00e4ngen einstellen.\" \/>\n<meta name=\"twitter:site\" content=\"@egreeds\" \/>\n<meta name=\"twitter:label1\" content=\"Verf\u00fcgbarkeit\" \/>\n\t<meta name=\"twitter:data1\" content=\"Auf Lager\" \/>\n<script type=\"application\/ld+json\" class=\"yoast-schema-graph\">{\"@context\":\"https:\\\/\\\/schema.org\",\"@graph\":[{\"@type\":[\"WebPage\",\"ItemPage\"],\"@id\":\"https:\\\/\\\/eg-reeds.com\\\/de\\\/shop\\\/rohrbaumaschinen\\\/reeds-n-stuff-de\\\/holzabschneider-reeds-n-stuff\\\/\",\"url\":\"https:\\\/\\\/eg-reeds.com\\\/de\\\/shop\\\/rohrbaumaschinen\\\/reeds-n-stuff-de\\\/holzabschneider-reeds-n-stuff\\\/\",\"name\":\"Holzabschneider Reeds 'n Stuff - EG-REEDS\",\"isPartOf\":{\"@id\":\"https:\\\/\\\/eg-reeds.com\\\/de\\\/#website\"},\"primaryImageOfPage\":{\"@id\":\"https:\\\/\\\/eg-reeds.com\\\/de\\\/shop\\\/rohrbaumaschinen\\\/reeds-n-stuff-de\\\/holzabschneider-reeds-n-stuff\\\/#primaryimage\"},\"image\":{\"@id\":\"https:\\\/\\\/eg-reeds.com\\\/de\\\/shop\\\/rohrbaumaschinen\\\/reeds-n-stuff-de\\\/holzabschneider-reeds-n-stuff\\\/#primaryimage\"},\"thumbnailUrl\":\"https:\\\/\\\/eg-reeds.com\\\/wp-content\\\/uploads\\\/2019\\\/05\\\/Cane-guillotine-Reeds-and-Stuff.jpg\",\"datePublished\":\"2019-05-23T07:43:19+00:00\",\"dateModified\":\"2020-01-29T09:14:29+00:00\",\"description\":\"Holzabschneider Reeds 'n Stuff. Der Holzabschneider ist f\u00fcr alle Oboeninstrumente bestimmt. Den L\u00e4ngen\u00adanschlag k\u00f6nnen Sie stufenlos f\u00fcr alle g\u00e4ngigen Bettl\u00e4ngen einstellen.\",\"breadcrumb\":{\"@id\":\"https:\\\/\\\/eg-reeds.com\\\/de\\\/shop\\\/rohrbaumaschinen\\\/reeds-n-stuff-de\\\/holzabschneider-reeds-n-stuff\\\/#breadcrumb\"},\"inLanguage\":\"de\",\"potentialAction\":[{\"@type\":\"ReadAction\",\"target\":[\"https:\\\/\\\/eg-reeds.com\\\/de\\\/shop\\\/rohrbaumaschinen\\\/reeds-n-stuff-de\\\/holzabschneider-reeds-n-stuff\\\/\"]}]},{\"@type\":\"ImageObject\",\"inLanguage\":\"de\",\"@id\":\"https:\\\/\\\/eg-reeds.com\\\/de\\\/shop\\\/rohrbaumaschinen\\\/reeds-n-stuff-de\\\/holzabschneider-reeds-n-stuff\\\/#primaryimage\",\"url\":\"https:\\\/\\\/eg-reeds.com\\\/wp-content\\\/uploads\\\/2019\\\/05\\\/Cane-guillotine-Reeds-and-Stuff.jpg\",\"contentUrl\":\"https:\\\/\\\/eg-reeds.com\\\/wp-content\\\/uploads\\\/2019\\\/05\\\/Cane-guillotine-Reeds-and-Stuff.jpg\",\"width\":800,\"height\":571,\"caption\":\"Holzabschneider Reeds 'n Stuff\"},{\"@type\":\"BreadcrumbList\",\"@id\":\"https:\\\/\\\/eg-reeds.com\\\/de\\\/shop\\\/rohrbaumaschinen\\\/reeds-n-stuff-de\\\/holzabschneider-reeds-n-stuff\\\/#breadcrumb\",\"itemListElement\":[{\"@type\":\"ListItem\",\"position\":1,\"name\":\"Startseite\",\"item\":\"https:\\\/\\\/eg-reeds.com\\\/de\\\/\"},{\"@type\":\"ListItem\",\"position\":2,\"name\":\"Shop\",\"item\":\"https:\\\/\\\/eg-reeds.com\\\/de\\\/\"},{\"@type\":\"ListItem\",\"position\":3,\"name\":\"Holzabschneider Reeds &#8216;n Stuff\"}]},{\"@type\":\"WebSite\",\"@id\":\"https:\\\/\\\/eg-reeds.com\\\/de\\\/#website\",\"url\":\"https:\\\/\\\/eg-reeds.com\\\/de\\\/\",\"name\":\"www.eg-reeds.com\",\"description\":\"Rohre f\u00fcr Oboe\",\"publisher\":{\"@id\":\"https:\\\/\\\/eg-reeds.com\\\/de\\\/#organization\"},\"alternateName\":\"eg-reeds.com\",\"potentialAction\":[{\"@type\":\"SearchAction\",\"target\":{\"@type\":\"EntryPoint\",\"urlTemplate\":\"https:\\\/\\\/eg-reeds.com\\\/de\\\/?s={search_term_string}\"},\"query-input\":{\"@type\":\"PropertyValueSpecification\",\"valueRequired\":true,\"valueName\":\"search_term_string\"}}],\"inLanguage\":\"de\"},{\"@type\":\"Organization\",\"@id\":\"https:\\\/\\\/eg-reeds.com\\\/de\\\/#organization\",\"name\":\"www.eg-reeds.com\",\"url\":\"https:\\\/\\\/eg-reeds.com\\\/de\\\/\",\"logo\":{\"@type\":\"ImageObject\",\"inLanguage\":\"de\",\"@id\":\"https:\\\/\\\/eg-reeds.com\\\/de\\\/#\\\/schema\\\/logo\\\/image\\\/\",\"url\":\"https:\\\/\\\/eg-reeds.com\\\/wp-content\\\/uploads\\\/2024\\\/06\\\/Logo-scaled-e1718793906611.jpg\",\"contentUrl\":\"https:\\\/\\\/eg-reeds.com\\\/wp-content\\\/uploads\\\/2024\\\/06\\\/Logo-scaled-e1718793906611.jpg\",\"width\":1200,\"height\":493,\"caption\":\"www.eg-reeds.com\"},\"image\":{\"@id\":\"https:\\\/\\\/eg-reeds.com\\\/de\\\/#\\\/schema\\\/logo\\\/image\\\/\"},\"sameAs\":[\"https:\\\/\\\/www.facebook.com\\\/EGREEDS\",\"https:\\\/\\\/x.com\\\/egreeds\",\"https:\\\/\\\/www.instagram.com\\\/egreeds\\\/\",\"https:\\\/\\\/www.youtube.com\\\/c\\\/EGREEDS\",\"https:\\\/\\\/www.threads.net\\\/@egreeds\",\"https:\\\/\\\/www.tiktok.com\\\/@egreeds\"]}]}<\/script>\n<meta property=\"og:availability\" content=\"instock\" \/>\n<meta property=\"product:availability\" content=\"instock\" \/>\n<meta property=\"product:retailer_item_id\" content=\"MRSGUI - F10-14000-1050\" \/>\n<meta property=\"product:condition\" content=\"new\" \/>\n<!-- \/ Yoast SEO Premium plugin. -->","yoast_head_json":{"title":"Holzabschneider Reeds 'n Stuff - EG-REEDS","description":"Holzabschneider Reeds 'n Stuff. Der Holzabschneider ist f\u00fcr alle Oboeninstrumente bestimmt. Den L\u00e4ngen\u00adanschlag k\u00f6nnen Sie stufenlos f\u00fcr alle g\u00e4ngigen Bettl\u00e4ngen einstellen.","robots":{"index":"index","follow":"follow","max-snippet":"max-snippet:-1","max-image-preview":"max-image-preview:large","max-video-preview":"max-video-preview:-1"},"canonical":"https:\/\/eg-reeds.com\/de\/shop\/rohrbaumaschinen\/reeds-n-stuff-de\/holzabschneider-reeds-n-stuff\/","og_locale":"de_DE","og_type":"article","og_title":"Holzabschneider Reeds 'n Stuff","og_description":"Holzabschneider Reeds 'n Stuff. Der Holzabschneider ist f\u00fcr alle Oboeninstrumente bestimmt. Den L\u00e4ngen\u00adanschlag k\u00f6nnen Sie stufenlos f\u00fcr alle g\u00e4ngigen Bettl\u00e4ngen einstellen.","og_url":"https:\/\/eg-reeds.com\/de\/shop\/rohrbaumaschinen\/reeds-n-stuff-de\/holzabschneider-reeds-n-stuff\/","og_site_name":"EG-REEDS","article_publisher":"https:\/\/www.facebook.com\/EGREEDS","article_modified_time":"2020-01-29T09:14:29+00:00","og_image":[{"width":800,"height":571,"url":"https:\/\/eg-reeds.com\/wp-content\/uploads\/2019\/05\/Cane-guillotine-Reeds-and-Stuff.jpg","type":"image\/jpeg"}],"twitter_card":"summary_large_image","twitter_title":"Holzabschneider Reeds 'n Stuff","twitter_description":"Holzabschneider Reeds 'n Stuff. Der Holzabschneider ist f\u00fcr alle Oboeninstrumente bestimmt. Den L\u00e4ngen\u00adanschlag k\u00f6nnen Sie stufenlos f\u00fcr alle g\u00e4ngigen Bettl\u00e4ngen einstellen.","twitter_site":"@egreeds","twitter_misc":{"Verf\u00fcgbarkeit":"Auf Lager"},"schema":{"@context":"https:\/\/schema.org","@graph":[{"@type":["WebPage","ItemPage"],"@id":"https:\/\/eg-reeds.com\/de\/shop\/rohrbaumaschinen\/reeds-n-stuff-de\/holzabschneider-reeds-n-stuff\/","url":"https:\/\/eg-reeds.com\/de\/shop\/rohrbaumaschinen\/reeds-n-stuff-de\/holzabschneider-reeds-n-stuff\/","name":"Holzabschneider Reeds 'n Stuff - EG-REEDS","isPartOf":{"@id":"https:\/\/eg-reeds.com\/de\/#website"},"primaryImageOfPage":{"@id":"https:\/\/eg-reeds.com\/de\/shop\/rohrbaumaschinen\/reeds-n-stuff-de\/holzabschneider-reeds-n-stuff\/#primaryimage"},"image":{"@id":"https:\/\/eg-reeds.com\/de\/shop\/rohrbaumaschinen\/reeds-n-stuff-de\/holzabschneider-reeds-n-stuff\/#primaryimage"},"thumbnailUrl":"https:\/\/eg-reeds.com\/wp-content\/uploads\/2019\/05\/Cane-guillotine-Reeds-and-Stuff.jpg","datePublished":"2019-05-23T07:43:19+00:00","dateModified":"2020-01-29T09:14:29+00:00","description":"Holzabschneider Reeds 'n Stuff. Der Holzabschneider ist f\u00fcr alle Oboeninstrumente bestimmt. Den L\u00e4ngen\u00adanschlag k\u00f6nnen Sie stufenlos f\u00fcr alle g\u00e4ngigen Bettl\u00e4ngen einstellen.","breadcrumb":{"@id":"https:\/\/eg-reeds.com\/de\/shop\/rohrbaumaschinen\/reeds-n-stuff-de\/holzabschneider-reeds-n-stuff\/#breadcrumb"},"inLanguage":"de","potentialAction":[{"@type":"ReadAction","target":["https:\/\/eg-reeds.com\/de\/shop\/rohrbaumaschinen\/reeds-n-stuff-de\/holzabschneider-reeds-n-stuff\/"]}]},{"@type":"ImageObject","inLanguage":"de","@id":"https:\/\/eg-reeds.com\/de\/shop\/rohrbaumaschinen\/reeds-n-stuff-de\/holzabschneider-reeds-n-stuff\/#primaryimage","url":"https:\/\/eg-reeds.com\/wp-content\/uploads\/2019\/05\/Cane-guillotine-Reeds-and-Stuff.jpg","contentUrl":"https:\/\/eg-reeds.com\/wp-content\/uploads\/2019\/05\/Cane-guillotine-Reeds-and-Stuff.jpg","width":800,"height":571,"caption":"Holzabschneider Reeds 'n Stuff"},{"@type":"BreadcrumbList","@id":"https:\/\/eg-reeds.com\/de\/shop\/rohrbaumaschinen\/reeds-n-stuff-de\/holzabschneider-reeds-n-stuff\/#breadcrumb","itemListElement":[{"@type":"ListItem","position":1,"name":"Startseite","item":"https:\/\/eg-reeds.com\/de\/"},{"@type":"ListItem","position":2,"name":"Shop","item":"https:\/\/eg-reeds.com\/de\/"},{"@type":"ListItem","position":3,"name":"Holzabschneider Reeds &#8216;n Stuff"}]},{"@type":"WebSite","@id":"https:\/\/eg-reeds.com\/de\/#website","url":"https:\/\/eg-reeds.com\/de\/","name":"www.eg-reeds.com","description":"Rohre f\u00fcr Oboe","publisher":{"@id":"https:\/\/eg-reeds.com\/de\/#organization"},"alternateName":"eg-reeds.com","potentialAction":[{"@type":"SearchAction","target":{"@type":"EntryPoint","urlTemplate":"https:\/\/eg-reeds.com\/de\/?s={search_term_string}"},"query-input":{"@type":"PropertyValueSpecification","valueRequired":true,"valueName":"search_term_string"}}],"inLanguage":"de"},{"@type":"Organization","@id":"https:\/\/eg-reeds.com\/de\/#organization","name":"www.eg-reeds.com","url":"https:\/\/eg-reeds.com\/de\/","logo":{"@type":"ImageObject","inLanguage":"de","@id":"https:\/\/eg-reeds.com\/de\/#\/schema\/logo\/image\/","url":"https:\/\/eg-reeds.com\/wp-content\/uploads\/2024\/06\/Logo-scaled-e1718793906611.jpg","contentUrl":"https:\/\/eg-reeds.com\/wp-content\/uploads\/2024\/06\/Logo-scaled-e1718793906611.jpg","width":1200,"height":493,"caption":"www.eg-reeds.com"},"image":{"@id":"https:\/\/eg-reeds.com\/de\/#\/schema\/logo\/image\/"},"sameAs":["https:\/\/www.facebook.com\/EGREEDS","https:\/\/x.com\/egreeds","https:\/\/www.instagram.com\/egreeds\/","https:\/\/www.youtube.com\/c\/EGREEDS","https:\/\/www.threads.net\/@egreeds","https:\/\/www.tiktok.com\/@egreeds"]}]},"og_availability":"instock","product_availability":"instock","product_retailer_item_id":"MRSGUI - F10-14000-1050","product_condition":"new"},"_links":{"self":[{"href":"https:\/\/eg-reeds.com\/de\/wp-json\/wp\/v2\/product\/36344","targetHints":{"allow":["GET"]}}],"collection":[{"href":"https:\/\/eg-reeds.com\/de\/wp-json\/wp\/v2\/product"}],"about":[{"href":"https:\/\/eg-reeds.com\/de\/wp-json\/wp\/v2\/types\/product"}],"replies":[{"embeddable":true,"href":"https:\/\/eg-reeds.com\/de\/wp-json\/wp\/v2\/comments?post=36344"}],"wp:featuredmedia":[{"embeddable":true,"href":"https:\/\/eg-reeds.com\/de\/wp-json\/wp\/v2\/media\/36193"}],"wp:attachment":[{"href":"https:\/\/eg-reeds.com\/de\/wp-json\/wp\/v2\/media?parent=36344"}],"wp:term":[{"taxonomy":"product_brand","embeddable":true,"href":"https:\/\/eg-reeds.com\/de\/wp-json\/wp\/v2\/product_brand?post=36344"},{"taxonomy":"product_cat","embeddable":true,"href":"https:\/\/eg-reeds.com\/de\/wp-json\/wp\/v2\/product_cat?post=36344"},{"taxonomy":"product_tag","embeddable":true,"href":"https:\/\/eg-reeds.com\/de\/wp-json\/wp\/v2\/product_tag?post=36344"},{"taxonomy":"giftcard-category","embeddable":true,"href":"https:\/\/eg-reeds.com\/de\/wp-json\/wp\/v2\/giftcard-category?post=36344"}],"curies":[{"name":"wp","href":"https:\/\/api.w.org\/{rel}","templated":true}]}}