{"id":37557,"date":"2019-09-27T10:17:44","date_gmt":"2019-09-27T08:17:44","guid":{"rendered":"http:\/\/eg-reeds.com\/shop\/unkategorisiert\/rohrguillotine-reeds-n-stuff\/"},"modified":"2025-02-13T12:49:55","modified_gmt":"2025-02-13T11:49:55","slug":"rohrguillotine-reeds-n-stuff","status":"publish","type":"product","link":"https:\/\/eg-reeds.com\/de\/shop\/rohrbaumaschinen\/reeds-n-stuff-de\/rohrguillotine-reeds-n-stuff\/","title":{"rendered":"Rohrguillotine Reeds &#8217;n Stuff"},"content":{"rendered":"<h1><strong>Rohrguillotine Reeds &#8217;n Stuff.<\/strong><\/h1>\n<p>Rohrguillotine Reeds &#8217;n Stuff. Rohrguillotine f\u00fcr Oboenrohre f\u00fcr Oboe und Englischhorn. Diese Guillotine scheint ein unverzichtbares Werkzeug f\u00fcr Oboisten und Englischhornspieler zu sein. Ihre pr\u00e4zise Schneidf\u00e4higkeit und der einstellbare L\u00e4ngenanschlag sind wertvolle Eigenschaften.<\/p>\n<p class=\"none-show-mobile\">Die Tatsache, dass sie sehr feine Schnitte ausf\u00fchren kann und es erm\u00f6glicht, den Schnittpunkt aus verschiedenen Winkeln zu betrachten, erh\u00f6ht ihren Nutzen zus\u00e4tzlich. Die M\u00f6glichkeit, die geh\u00e4rtete Stahlschneideinheit nachzusch\u00e4rfen, ist ein gro\u00dfer Vorteil f\u00fcr den langfristigen Einsatz.<\/p>\n<p class=\"none-show-mobile\">Dieses Werkzeug scheint bestens geeignet, um gleichm\u00e4\u00dfige und pr\u00e4zise Schnitte an den Oboenrohren zu gew\u00e4hrleisten, was f\u00fcr die Klangqualit\u00e4t von Oboe und Englischhorn entscheidend ist.<\/p>\n<ol>\n<li><strong>Guillotine-Prinzip<\/strong>: Sorgt f\u00fcr perfekte Schnitte an den Spitzen der Oboenrohre.<\/li>\n<li><strong>Kompatibilit\u00e4t<\/strong>: Geeignet f\u00fcr geschabte und ungeschabte Oboenrohre.<\/li>\n<li><strong>Einstellbarer L\u00e4ngenanschlag<\/strong>: Kann f\u00fcr gleichm\u00e4\u00dfige Schnitte auf die gew\u00fcnschte L\u00e4nge voreingestellt werden.<\/li>\n<li><strong>Vielseitigkeit<\/strong>: Ideal f\u00fcr Oboenrohre und Englischhornrohre.<\/li>\n<li><strong>Nachsch\u00e4rfbare Schneideinheit<\/strong>: Die geh\u00e4rtete Stahlschneideinheit kann bei Bedarf nachgesch\u00e4rft werden.<\/li>\n<\/ol>\n<p>&nbsp;<\/p>\n<p>Versand in 7\u201310 Tagen je nach Lagerbestand.<\/p>\n","protected":false},"excerpt":{"rendered":"<p>Rohrguillotine Reeds &#8217;n Stuff. Rohrguillotine Reeds &#8217;n Stuff. Rohrguillotine f\u00fcr Oboenrohre f\u00fcr Oboe und Englischhorn. Diese Guillotine scheint ein unverzichtbares Werkzeug f\u00fcr Oboisten und Englischhornspieler zu sein. Ihre pr\u00e4zise Schneidf\u00e4higkeit und der einstellbare L\u00e4ngenanschlag sind wertvolle Eigenschaften. Die Tatsache, dass sie sehr feine Schnitte ausf\u00fchren kann und es erm\u00f6glicht, den Schnittpunkt aus verschiedenen Winkeln zu [&#8230;]\n","protected":false},"featured_media":37549,"comment_status":"open","ping_status":"closed","template":"","meta":[],"product_brand":[],"product_cat":[2927],"product_tag":[],"giftcard-category":[],"class_list":{"0":"post-37557","1":"product","2":"type-product","3":"status-publish","4":"has-post-thumbnail","6":"product_cat-reeds-n-stuff-de","7":"product_shipping_class-rmm-de","9":"first","10":"instock","11":"taxable","12":"shipping-taxable","13":"purchasable","14":"product-type-simple"},"yoast_head":"<!-- This site is optimized with the Yoast SEO Premium plugin v27.0 (Yoast SEO v27.4) - https:\/\/yoast.com\/product\/yoast-seo-premium-wordpress\/ -->\n<title>Rohrguillotine Reeds &#039;n Stuff - EG-REEDS<\/title>\n<meta name=\"description\" content=\"Rohrguillotine Reeds &#039;n Stuff. Rohrguillotine f\u00fcr Oboenrohre und Englischhorn Rohre. Diese Guillotine scheint ein unverzichtbares Werkzeug f\u00fcr Oboisten.\" \/>\n<meta name=\"robots\" content=\"index, follow, max-snippet:-1, max-image-preview:large, max-video-preview:-1\" \/>\n<link rel=\"canonical\" href=\"https:\/\/eg-reeds.com\/de\/shop\/rohrbaumaschinen\/reeds-n-stuff-de\/rohrguillotine-reeds-n-stuff\/\" \/>\n<meta property=\"og:locale\" content=\"de_DE\" \/>\n<meta property=\"og:type\" content=\"article\" \/>\n<meta property=\"og:title\" content=\"Rohrguillotine Reeds &#039;n Stuff\" \/>\n<meta property=\"og:description\" content=\"Rohrguillotine Reeds &#039;n Stuff. Rohrguillotine f\u00fcr Oboenrohre und Englischhorn Rohre. Diese Guillotine scheint ein unverzichtbares Werkzeug f\u00fcr Oboisten.\" \/>\n<meta property=\"og:url\" content=\"https:\/\/eg-reeds.com\/de\/shop\/rohrbaumaschinen\/reeds-n-stuff-de\/rohrguillotine-reeds-n-stuff\/\" \/>\n<meta property=\"og:site_name\" content=\"EG-REEDS\" \/>\n<meta property=\"article:publisher\" content=\"https:\/\/www.facebook.com\/EGREEDS\" \/>\n<meta property=\"article:modified_time\" content=\"2025-02-13T11:49:55+00:00\" \/>\n<meta property=\"og:image\" content=\"https:\/\/eg-reeds.com\/wp-content\/uploads\/2019\/09\/Reed-tip-guillotine-Reeds-n-Stuff.jpg\" \/>\n\t<meta property=\"og:image:width\" content=\"1500\" \/>\n\t<meta property=\"og:image:height\" content=\"1000\" \/>\n\t<meta property=\"og:image:type\" content=\"image\/jpeg\" \/>\n<meta name=\"twitter:card\" content=\"summary_large_image\" \/>\n<meta name=\"twitter:site\" content=\"@egreeds\" \/>\n<meta name=\"twitter:label1\" content=\"Preis\" \/>\n\t<meta name=\"twitter:data1\" content=\"219,63&euro;\" \/>\n\t<meta name=\"twitter:label2\" content=\"Verf\u00fcgbarkeit\" \/>\n\t<meta name=\"twitter:data2\" content=\"Auf Lager\" \/>\n<script type=\"application\/ld+json\" class=\"yoast-schema-graph\">{\"@context\":\"https:\\\/\\\/schema.org\",\"@graph\":[{\"@type\":[\"WebPage\",\"ItemPage\"],\"@id\":\"https:\\\/\\\/eg-reeds.com\\\/de\\\/shop\\\/rohrbaumaschinen\\\/reeds-n-stuff-de\\\/rohrguillotine-reeds-n-stuff\\\/\",\"url\":\"https:\\\/\\\/eg-reeds.com\\\/de\\\/shop\\\/rohrbaumaschinen\\\/reeds-n-stuff-de\\\/rohrguillotine-reeds-n-stuff\\\/\",\"name\":\"Rohrguillotine Reeds 'n Stuff - EG-REEDS\",\"isPartOf\":{\"@id\":\"https:\\\/\\\/eg-reeds.com\\\/de\\\/#website\"},\"primaryImageOfPage\":{\"@id\":\"https:\\\/\\\/eg-reeds.com\\\/de\\\/shop\\\/rohrbaumaschinen\\\/reeds-n-stuff-de\\\/rohrguillotine-reeds-n-stuff\\\/#primaryimage\"},\"image\":{\"@id\":\"https:\\\/\\\/eg-reeds.com\\\/de\\\/shop\\\/rohrbaumaschinen\\\/reeds-n-stuff-de\\\/rohrguillotine-reeds-n-stuff\\\/#primaryimage\"},\"thumbnailUrl\":\"https:\\\/\\\/eg-reeds.com\\\/wp-content\\\/uploads\\\/2019\\\/09\\\/Reed-tip-guillotine-Reeds-n-Stuff.jpg\",\"datePublished\":\"2019-09-27T08:17:44+00:00\",\"dateModified\":\"2025-02-13T11:49:55+00:00\",\"description\":\"Rohrguillotine Reeds 'n Stuff. Rohrguillotine f\u00fcr Oboenrohre und Englischhorn Rohre. Diese Guillotine scheint ein unverzichtbares Werkzeug f\u00fcr Oboisten.\",\"breadcrumb\":{\"@id\":\"https:\\\/\\\/eg-reeds.com\\\/de\\\/shop\\\/rohrbaumaschinen\\\/reeds-n-stuff-de\\\/rohrguillotine-reeds-n-stuff\\\/#breadcrumb\"},\"inLanguage\":\"de\",\"potentialAction\":[{\"@type\":\"ReadAction\",\"target\":[\"https:\\\/\\\/eg-reeds.com\\\/de\\\/shop\\\/rohrbaumaschinen\\\/reeds-n-stuff-de\\\/rohrguillotine-reeds-n-stuff\\\/\"]}]},{\"@type\":\"ImageObject\",\"inLanguage\":\"de\",\"@id\":\"https:\\\/\\\/eg-reeds.com\\\/de\\\/shop\\\/rohrbaumaschinen\\\/reeds-n-stuff-de\\\/rohrguillotine-reeds-n-stuff\\\/#primaryimage\",\"url\":\"https:\\\/\\\/eg-reeds.com\\\/wp-content\\\/uploads\\\/2019\\\/09\\\/Reed-tip-guillotine-Reeds-n-Stuff.jpg\",\"contentUrl\":\"https:\\\/\\\/eg-reeds.com\\\/wp-content\\\/uploads\\\/2019\\\/09\\\/Reed-tip-guillotine-Reeds-n-Stuff.jpg\",\"width\":1500,\"height\":1000,\"caption\":\"Rohrguillotine f\u00fcr Oboe\"},{\"@type\":\"BreadcrumbList\",\"@id\":\"https:\\\/\\\/eg-reeds.com\\\/de\\\/shop\\\/rohrbaumaschinen\\\/reeds-n-stuff-de\\\/rohrguillotine-reeds-n-stuff\\\/#breadcrumb\",\"itemListElement\":[{\"@type\":\"ListItem\",\"position\":1,\"name\":\"Startseite\",\"item\":\"https:\\\/\\\/eg-reeds.com\\\/de\\\/shop\\\/\"},{\"@type\":\"ListItem\",\"position\":2,\"name\":\"Shop\",\"item\":\"https:\\\/\\\/eg-reeds.com\\\/de\\\/shop\\\/\"},{\"@type\":\"ListItem\",\"position\":3,\"name\":\"Rohrguillotine Reeds &#8216;n Stuff\"}]},{\"@type\":\"WebSite\",\"@id\":\"https:\\\/\\\/eg-reeds.com\\\/de\\\/#website\",\"url\":\"https:\\\/\\\/eg-reeds.com\\\/de\\\/\",\"name\":\"www.eg-reeds.com\",\"description\":\"Rohre f\u00fcr Oboe\",\"publisher\":{\"@id\":\"https:\\\/\\\/eg-reeds.com\\\/de\\\/#organization\"},\"alternateName\":\"eg-reeds.com\",\"potentialAction\":[{\"@type\":\"SearchAction\",\"target\":{\"@type\":\"EntryPoint\",\"urlTemplate\":\"https:\\\/\\\/eg-reeds.com\\\/de\\\/?s={search_term_string}\"},\"query-input\":{\"@type\":\"PropertyValueSpecification\",\"valueRequired\":true,\"valueName\":\"search_term_string\"}}],\"inLanguage\":\"de\"},{\"@type\":\"Organization\",\"@id\":\"https:\\\/\\\/eg-reeds.com\\\/de\\\/#organization\",\"name\":\"www.eg-reeds.com\",\"url\":\"https:\\\/\\\/eg-reeds.com\\\/de\\\/\",\"logo\":{\"@type\":\"ImageObject\",\"inLanguage\":\"de\",\"@id\":\"https:\\\/\\\/eg-reeds.com\\\/de\\\/#\\\/schema\\\/logo\\\/image\\\/\",\"url\":\"https:\\\/\\\/eg-reeds.com\\\/wp-content\\\/uploads\\\/2024\\\/06\\\/Logo-scaled-e1718793906611.jpg\",\"contentUrl\":\"https:\\\/\\\/eg-reeds.com\\\/wp-content\\\/uploads\\\/2024\\\/06\\\/Logo-scaled-e1718793906611.jpg\",\"width\":1200,\"height\":493,\"caption\":\"www.eg-reeds.com\"},\"image\":{\"@id\":\"https:\\\/\\\/eg-reeds.com\\\/de\\\/#\\\/schema\\\/logo\\\/image\\\/\"},\"sameAs\":[\"https:\\\/\\\/www.facebook.com\\\/EGREEDS\",\"https:\\\/\\\/x.com\\\/egreeds\",\"https:\\\/\\\/www.instagram.com\\\/egreeds\\\/\",\"https:\\\/\\\/www.youtube.com\\\/c\\\/EGREEDS\",\"https:\\\/\\\/www.threads.net\\\/@egreeds\",\"https:\\\/\\\/www.tiktok.com\\\/@egreeds\"]}]}<\/script>\n<meta property=\"product:price:amount\" content=\"219.63\" \/>\n<meta property=\"product:price:currency\" content=\"EUR\" \/>\n<meta property=\"og:availability\" content=\"instock\" \/>\n<meta property=\"product:availability\" content=\"instock\" \/>\n<meta property=\"product:retailer_item_id\" content=\"MRSGC - F10-15000-01\" \/>\n<meta property=\"product:condition\" content=\"new\" \/>\n<!-- \/ Yoast SEO Premium plugin. -->","yoast_head_json":{"title":"Rohrguillotine Reeds 'n Stuff - EG-REEDS","description":"Rohrguillotine Reeds 'n Stuff. Rohrguillotine f\u00fcr Oboenrohre und Englischhorn Rohre. Diese Guillotine scheint ein unverzichtbares Werkzeug f\u00fcr Oboisten.","robots":{"index":"index","follow":"follow","max-snippet":"max-snippet:-1","max-image-preview":"max-image-preview:large","max-video-preview":"max-video-preview:-1"},"canonical":"https:\/\/eg-reeds.com\/de\/shop\/rohrbaumaschinen\/reeds-n-stuff-de\/rohrguillotine-reeds-n-stuff\/","og_locale":"de_DE","og_type":"article","og_title":"Rohrguillotine Reeds 'n Stuff","og_description":"Rohrguillotine Reeds 'n Stuff. Rohrguillotine f\u00fcr Oboenrohre und Englischhorn Rohre. Diese Guillotine scheint ein unverzichtbares Werkzeug f\u00fcr Oboisten.","og_url":"https:\/\/eg-reeds.com\/de\/shop\/rohrbaumaschinen\/reeds-n-stuff-de\/rohrguillotine-reeds-n-stuff\/","og_site_name":"EG-REEDS","article_publisher":"https:\/\/www.facebook.com\/EGREEDS","article_modified_time":"2025-02-13T11:49:55+00:00","og_image":[{"width":1500,"height":1000,"url":"https:\/\/eg-reeds.com\/wp-content\/uploads\/2019\/09\/Reed-tip-guillotine-Reeds-n-Stuff.jpg","type":"image\/jpeg"}],"twitter_card":"summary_large_image","twitter_site":"@egreeds","twitter_misc":{"Preis":"219,63&euro;","Verf\u00fcgbarkeit":"Auf Lager"},"schema":{"@context":"https:\/\/schema.org","@graph":[{"@type":["WebPage","ItemPage"],"@id":"https:\/\/eg-reeds.com\/de\/shop\/rohrbaumaschinen\/reeds-n-stuff-de\/rohrguillotine-reeds-n-stuff\/","url":"https:\/\/eg-reeds.com\/de\/shop\/rohrbaumaschinen\/reeds-n-stuff-de\/rohrguillotine-reeds-n-stuff\/","name":"Rohrguillotine Reeds 'n Stuff - EG-REEDS","isPartOf":{"@id":"https:\/\/eg-reeds.com\/de\/#website"},"primaryImageOfPage":{"@id":"https:\/\/eg-reeds.com\/de\/shop\/rohrbaumaschinen\/reeds-n-stuff-de\/rohrguillotine-reeds-n-stuff\/#primaryimage"},"image":{"@id":"https:\/\/eg-reeds.com\/de\/shop\/rohrbaumaschinen\/reeds-n-stuff-de\/rohrguillotine-reeds-n-stuff\/#primaryimage"},"thumbnailUrl":"https:\/\/eg-reeds.com\/wp-content\/uploads\/2019\/09\/Reed-tip-guillotine-Reeds-n-Stuff.jpg","datePublished":"2019-09-27T08:17:44+00:00","dateModified":"2025-02-13T11:49:55+00:00","description":"Rohrguillotine Reeds 'n Stuff. Rohrguillotine f\u00fcr Oboenrohre und Englischhorn Rohre. Diese Guillotine scheint ein unverzichtbares Werkzeug f\u00fcr Oboisten.","breadcrumb":{"@id":"https:\/\/eg-reeds.com\/de\/shop\/rohrbaumaschinen\/reeds-n-stuff-de\/rohrguillotine-reeds-n-stuff\/#breadcrumb"},"inLanguage":"de","potentialAction":[{"@type":"ReadAction","target":["https:\/\/eg-reeds.com\/de\/shop\/rohrbaumaschinen\/reeds-n-stuff-de\/rohrguillotine-reeds-n-stuff\/"]}]},{"@type":"ImageObject","inLanguage":"de","@id":"https:\/\/eg-reeds.com\/de\/shop\/rohrbaumaschinen\/reeds-n-stuff-de\/rohrguillotine-reeds-n-stuff\/#primaryimage","url":"https:\/\/eg-reeds.com\/wp-content\/uploads\/2019\/09\/Reed-tip-guillotine-Reeds-n-Stuff.jpg","contentUrl":"https:\/\/eg-reeds.com\/wp-content\/uploads\/2019\/09\/Reed-tip-guillotine-Reeds-n-Stuff.jpg","width":1500,"height":1000,"caption":"Rohrguillotine f\u00fcr Oboe"},{"@type":"BreadcrumbList","@id":"https:\/\/eg-reeds.com\/de\/shop\/rohrbaumaschinen\/reeds-n-stuff-de\/rohrguillotine-reeds-n-stuff\/#breadcrumb","itemListElement":[{"@type":"ListItem","position":1,"name":"Startseite","item":"https:\/\/eg-reeds.com\/de\/shop\/"},{"@type":"ListItem","position":2,"name":"Shop","item":"https:\/\/eg-reeds.com\/de\/shop\/"},{"@type":"ListItem","position":3,"name":"Rohrguillotine Reeds &#8216;n Stuff"}]},{"@type":"WebSite","@id":"https:\/\/eg-reeds.com\/de\/#website","url":"https:\/\/eg-reeds.com\/de\/","name":"www.eg-reeds.com","description":"Rohre f\u00fcr Oboe","publisher":{"@id":"https:\/\/eg-reeds.com\/de\/#organization"},"alternateName":"eg-reeds.com","potentialAction":[{"@type":"SearchAction","target":{"@type":"EntryPoint","urlTemplate":"https:\/\/eg-reeds.com\/de\/?s={search_term_string}"},"query-input":{"@type":"PropertyValueSpecification","valueRequired":true,"valueName":"search_term_string"}}],"inLanguage":"de"},{"@type":"Organization","@id":"https:\/\/eg-reeds.com\/de\/#organization","name":"www.eg-reeds.com","url":"https:\/\/eg-reeds.com\/de\/","logo":{"@type":"ImageObject","inLanguage":"de","@id":"https:\/\/eg-reeds.com\/de\/#\/schema\/logo\/image\/","url":"https:\/\/eg-reeds.com\/wp-content\/uploads\/2024\/06\/Logo-scaled-e1718793906611.jpg","contentUrl":"https:\/\/eg-reeds.com\/wp-content\/uploads\/2024\/06\/Logo-scaled-e1718793906611.jpg","width":1200,"height":493,"caption":"www.eg-reeds.com"},"image":{"@id":"https:\/\/eg-reeds.com\/de\/#\/schema\/logo\/image\/"},"sameAs":["https:\/\/www.facebook.com\/EGREEDS","https:\/\/x.com\/egreeds","https:\/\/www.instagram.com\/egreeds\/","https:\/\/www.youtube.com\/c\/EGREEDS","https:\/\/www.threads.net\/@egreeds","https:\/\/www.tiktok.com\/@egreeds"]}]},"product_price_amount":"219.63","product_price_currency":"EUR","og_availability":"instock","product_availability":"instock","product_retailer_item_id":"MRSGC - F10-15000-01","product_condition":"new"},"_links":{"self":[{"href":"https:\/\/eg-reeds.com\/de\/wp-json\/wp\/v2\/product\/37557","targetHints":{"allow":["GET"]}}],"collection":[{"href":"https:\/\/eg-reeds.com\/de\/wp-json\/wp\/v2\/product"}],"about":[{"href":"https:\/\/eg-reeds.com\/de\/wp-json\/wp\/v2\/types\/product"}],"replies":[{"embeddable":true,"href":"https:\/\/eg-reeds.com\/de\/wp-json\/wp\/v2\/comments?post=37557"}],"wp:featuredmedia":[{"embeddable":true,"href":"https:\/\/eg-reeds.com\/de\/wp-json\/wp\/v2\/media\/37549"}],"wp:attachment":[{"href":"https:\/\/eg-reeds.com\/de\/wp-json\/wp\/v2\/media?parent=37557"}],"wp:term":[{"taxonomy":"product_brand","embeddable":true,"href":"https:\/\/eg-reeds.com\/de\/wp-json\/wp\/v2\/product_brand?post=37557"},{"taxonomy":"product_cat","embeddable":true,"href":"https:\/\/eg-reeds.com\/de\/wp-json\/wp\/v2\/product_cat?post=37557"},{"taxonomy":"product_tag","embeddable":true,"href":"https:\/\/eg-reeds.com\/de\/wp-json\/wp\/v2\/product_tag?post=37557"},{"taxonomy":"giftcard-category","embeddable":true,"href":"https:\/\/eg-reeds.com\/de\/wp-json\/wp\/v2\/giftcard-category?post=37557"}],"curies":[{"name":"wp","href":"https:\/\/api.w.org\/{rel}","templated":true}]}}