{"id":46410,"date":"2022-06-23T17:51:53","date_gmt":"2022-06-23T15:51:53","guid":{"rendered":"http:\/\/eg-reeds.com\/?post_type=product&#038;p=46410"},"modified":"2025-02-24T11:28:12","modified_gmt":"2025-02-24T10:28:12","slug":"oboe-fortgeschrittene-eg-reeds","status":"publish","type":"product","link":"https:\/\/eg-reeds.com\/de\/shop\/oboen\/oboe-fortgeschrittene-eg-reeds\/","title":{"rendered":"Oboe f\u00fcr Fortgeschrittene EG-REEDS"},"content":{"rendered":"<h1><strong>Oboe f\u00fcr Fortgeschrittene EG-REEDS.<\/strong><\/h1>\n<p>Unsere Oboe f\u00fcr Fortgeschrittene EG-REEDS hat ein komplettes Konservatoriums-System. Ein semiprofessionelles Instrument. Halbautomatisch. Mit versilberten Schl\u00fcsseln. Oboe f\u00fcr Fortgeschrittene werden aus Verbundmaterial (Mischung aus Holz und ABS) hergestellt. Das macht eine leichte Oboe aber gleichzeitig sehr widerstandsf\u00e4hig. Wenn Sie eine erschwingliche und qualitativ gute Sch\u00fcleroboe suchen, ist diese genau die richtige f\u00fcr Sie.<\/p>\n<p>Semiprofessionelle Oboe, komplett, mit der der Sch\u00fcler viele Jahre spielen kann. Auch f\u00fcr Amateure gedacht, die mit einem guten Instrument zu einem guten Preis Spa\u00df am Oboenspiel haben m\u00f6chten. Es erzeugt einen sch\u00f6nen Klang mit guter Intonation und Ansprache. Eine hochwertige Oboe zum besten Preis. Eine g\u00fcnstige Sch\u00fcleroboe.<\/p>\n<p>Im Preis enthalten ist der Tragetaschentyp Rucksack, 1 Oboenrohr EG-REEDS, Wischer und Korkfett.<\/p>\n<p>F\u00fcr weitere Informationen kontaktieren Sie uns bitte per E-Mail: <a href=\"mailto:info@eg-reeds.com\" target=\"_blank\" rel=\"noopener\">info@eg-reeds.com<\/a><\/p>\n<div><\/div>\n<div>\n<ul>\n<li class=\"bullet-checkmark\">\n<div>Oboe f\u00fcr Fortgeschrittene. Semiprofessionelle Oboe.<\/div>\n<\/li>\n<li class=\"bullet-checkmark\">Konservatoriums-System.<\/li>\n<li class=\"bullet-checkmark\">Halbautomatik.<\/li>\n<li class=\"bullet-checkmark\">Verbundwerkstoff (Mischung aus Holz und ABS).<\/li>\n<li class=\"bullet-checkmark\">Versilberten Schl\u00fcsseln.<\/li>\n<li class=\"bullet-checkmark\">Im Preis inbegriffen: der Koffer, 1 <a href=\"https:\/\/eg-reeds.com\/de\/shop\/schuler-rohre-und-holzer\/oboenrohr-fuer-studenten-fortgeschrittene-eg-reeds\/\" target=\"_blank\" rel=\"noopener\">Oboenrohr f\u00fcr Studenten EG-REEDS<\/a>, die Wischer und Korkfett.<\/li>\n<\/ul>\n<\/div>\n<div>\n<p><iframe loading=\"lazy\" title=\"Oboe estudiante intermedio EG-REEDS.\" width=\"1020\" height=\"574\" src=\"https:\/\/www.youtube.com\/embed\/dVxxXZ975dE?feature=oembed\" frameborder=\"0\" allow=\"accelerometer; autoplay; clipboard-write; encrypted-media; gyroscope; picture-in-picture; web-share\" referrerpolicy=\"strict-origin-when-cross-origin\" allowfullscreen><\/iframe><\/p>\n<\/div>\n<div><\/div>\n<div>\n<h2><strong>Warum das EG-REEDS Intermediate Oboe w\u00e4hlen?<\/strong><\/h2>\n<p>Unsere Intermediate Oboe ist die ideale Wahl f\u00fcr fortgeschrittene Sch\u00fcler und Hobbymusiker, die ihre musikalischen F\u00e4higkeiten verbessern m\u00f6chten, ohne in ein professionelles Instrument investieren zu m\u00fcssen. Mit einem robusten Design, hochwertigen Materialien und einem konkurrenzf\u00e4higen Preis bietet die EG-REEDS Intermediate Oboe die perfekte Balance zwischen Leistung und Preis. Entdecken Sie, warum Musiker aus der ganzen Welt EG-REEDS f\u00fcr ihren musikalischen Weg w\u00e4hlen!<\/p>\n<p><strong>Bestellen Sie jetzt Ihre Intermediate Oboe und beginnen Sie, mit einem Qualit\u00e4tsinstrument zu spielen.<\/strong><\/p>\n<\/div>\n<div><\/div>\n<div><\/div>\n<div>Wenn Sie eine Oboe f\u00fcr Anf\u00e4nger ben\u00f6tigen, empfehlen wir Ihnen unsere <a href=\"https:\/\/eg-reeds.com\/de\/shop\/oboen\/schuler-oboe-eg-reeds\/\" target=\"_blank\" rel=\"noopener\">Sch\u00fcler Oboe EG-REEDS<\/a>.<\/div>\n","protected":false},"excerpt":{"rendered":"<p>Semiprofessionelle Oboe EG-REEDS.<\/p>\n","protected":false},"featured_media":46434,"comment_status":"open","ping_status":"closed","template":"","meta":[],"product_brand":[],"product_cat":[3812],"product_tag":[3499],"giftcard-category":[],"class_list":{"0":"post-46410","1":"product","2":"type-product","3":"status-publish","4":"has-post-thumbnail","6":"product_cat-oboen","7":"product_tag-oboe-de","8":"product_shipping_class-rmm-de","10":"first","11":"instock","12":"featured","13":"taxable","14":"shipping-taxable","15":"purchasable","16":"product-type-simple"},"yoast_head":"<!-- This site is optimized with the Yoast SEO Premium plugin v27.0 (Yoast SEO v27.4) - https:\/\/yoast.com\/product\/yoast-seo-premium-wordpress\/ -->\n<title>Oboe f\u00fcr Fortgeschrittene EG-REEDS - EG-REEDS<\/title>\n<meta name=\"description\" content=\"Oboe f\u00fcr Fortgeschrittene EG-REEDS. Intermediate oboe mit Konservatoriumssystem. Semiprofessionelles. Eine g\u00fcnstige Sch\u00fcler Oboe\" \/>\n<meta name=\"robots\" content=\"index, follow, max-snippet:-1, max-image-preview:large, max-video-preview:-1\" \/>\n<link rel=\"canonical\" href=\"https:\/\/eg-reeds.com\/de\/shop\/oboen\/oboe-fortgeschrittene-eg-reeds\/\" \/>\n<meta property=\"og:locale\" content=\"de_DE\" \/>\n<meta property=\"og:type\" content=\"article\" \/>\n<meta property=\"og:title\" content=\"Oboe f\u00fcr Fortgeschrittene EG-REEDS\" \/>\n<meta property=\"og:description\" content=\"Oboe f\u00fcr Fortgeschrittene EG-REEDS. Intermediate oboe mit Konservatoriumssystem. Semiprofessionelles. Eine g\u00fcnstige Sch\u00fcler Oboe\" \/>\n<meta property=\"og:url\" content=\"https:\/\/eg-reeds.com\/de\/shop\/oboen\/oboe-fortgeschrittene-eg-reeds\/\" \/>\n<meta property=\"og:site_name\" content=\"EG-REEDS\" \/>\n<meta property=\"article:publisher\" content=\"https:\/\/www.facebook.com\/EGREEDS\" \/>\n<meta property=\"article:modified_time\" content=\"2025-02-24T10:28:12+00:00\" \/>\n<meta property=\"og:image\" content=\"https:\/\/eg-reeds.com\/wp-content\/uploads\/2022\/06\/Intermediate-oboe-EG-REEDS-e1708535406935.jpeg\" \/>\n\t<meta property=\"og:image:width\" content=\"400\" \/>\n\t<meta property=\"og:image:height\" content=\"340\" \/>\n\t<meta property=\"og:image:type\" content=\"image\/jpeg\" \/>\n<meta name=\"twitter:card\" content=\"summary_large_image\" \/>\n<meta name=\"twitter:site\" content=\"@egreeds\" \/>\n<meta name=\"twitter:label1\" content=\"Preis\" \/>\n\t<meta name=\"twitter:data1\" content=\"2.490,00&euro;\" \/>\n\t<meta name=\"twitter:label2\" content=\"Verf\u00fcgbarkeit\" \/>\n\t<meta name=\"twitter:data2\" content=\"Auf Lager\" \/>\n<script type=\"application\/ld+json\" class=\"yoast-schema-graph\">{\"@context\":\"https:\\\/\\\/schema.org\",\"@graph\":[{\"@type\":[\"WebPage\",\"ItemPage\"],\"@id\":\"https:\\\/\\\/eg-reeds.com\\\/de\\\/shop\\\/oboen\\\/oboe-fortgeschrittene-eg-reeds\\\/\",\"url\":\"https:\\\/\\\/eg-reeds.com\\\/de\\\/shop\\\/oboen\\\/oboe-fortgeschrittene-eg-reeds\\\/\",\"name\":\"Oboe f\u00fcr Fortgeschrittene EG-REEDS - EG-REEDS\",\"isPartOf\":{\"@id\":\"https:\\\/\\\/eg-reeds.com\\\/de\\\/#website\"},\"primaryImageOfPage\":{\"@id\":\"https:\\\/\\\/eg-reeds.com\\\/de\\\/shop\\\/oboen\\\/oboe-fortgeschrittene-eg-reeds\\\/#primaryimage\"},\"image\":{\"@id\":\"https:\\\/\\\/eg-reeds.com\\\/de\\\/shop\\\/oboen\\\/oboe-fortgeschrittene-eg-reeds\\\/#primaryimage\"},\"thumbnailUrl\":\"https:\\\/\\\/eg-reeds.com\\\/wp-content\\\/uploads\\\/2022\\\/06\\\/Intermediate-oboe-EG-REEDS-e1708535406935.jpeg\",\"datePublished\":\"2022-06-23T15:51:53+00:00\",\"dateModified\":\"2025-02-24T10:28:12+00:00\",\"description\":\"Oboe f\u00fcr Fortgeschrittene EG-REEDS. Intermediate oboe mit Konservatoriumssystem. Semiprofessionelles. Eine g\u00fcnstige Sch\u00fcler Oboe\",\"breadcrumb\":{\"@id\":\"https:\\\/\\\/eg-reeds.com\\\/de\\\/shop\\\/oboen\\\/oboe-fortgeschrittene-eg-reeds\\\/#breadcrumb\"},\"inLanguage\":\"de\",\"potentialAction\":[{\"@type\":\"ReadAction\",\"target\":[\"https:\\\/\\\/eg-reeds.com\\\/de\\\/shop\\\/oboen\\\/oboe-fortgeschrittene-eg-reeds\\\/\"]}]},{\"@type\":\"ImageObject\",\"inLanguage\":\"de\",\"@id\":\"https:\\\/\\\/eg-reeds.com\\\/de\\\/shop\\\/oboen\\\/oboe-fortgeschrittene-eg-reeds\\\/#primaryimage\",\"url\":\"https:\\\/\\\/eg-reeds.com\\\/wp-content\\\/uploads\\\/2022\\\/06\\\/Intermediate-oboe-EG-REEDS-e1708535406935.jpeg\",\"contentUrl\":\"https:\\\/\\\/eg-reeds.com\\\/wp-content\\\/uploads\\\/2022\\\/06\\\/Intermediate-oboe-EG-REEDS-e1708535406935.jpeg\",\"width\":400,\"height\":340,\"caption\":\"Oboe f\u00fcr Fortgeschrittene EG-REEDS\"},{\"@type\":\"BreadcrumbList\",\"@id\":\"https:\\\/\\\/eg-reeds.com\\\/de\\\/shop\\\/oboen\\\/oboe-fortgeschrittene-eg-reeds\\\/#breadcrumb\",\"itemListElement\":[{\"@type\":\"ListItem\",\"position\":1,\"name\":\"Startseite\",\"item\":\"https:\\\/\\\/eg-reeds.com\\\/de\\\/\"},{\"@type\":\"ListItem\",\"position\":2,\"name\":\"Shop\",\"item\":\"https:\\\/\\\/eg-reeds.com\\\/de\\\/\"},{\"@type\":\"ListItem\",\"position\":3,\"name\":\"Oboe f\u00fcr Fortgeschrittene EG-REEDS\"}]},{\"@type\":\"WebSite\",\"@id\":\"https:\\\/\\\/eg-reeds.com\\\/de\\\/#website\",\"url\":\"https:\\\/\\\/eg-reeds.com\\\/de\\\/\",\"name\":\"www.eg-reeds.com\",\"description\":\"Rohre f\u00fcr Oboe\",\"publisher\":{\"@id\":\"https:\\\/\\\/eg-reeds.com\\\/de\\\/#organization\"},\"alternateName\":\"eg-reeds.com\",\"potentialAction\":[{\"@type\":\"SearchAction\",\"target\":{\"@type\":\"EntryPoint\",\"urlTemplate\":\"https:\\\/\\\/eg-reeds.com\\\/de\\\/?s={search_term_string}\"},\"query-input\":{\"@type\":\"PropertyValueSpecification\",\"valueRequired\":true,\"valueName\":\"search_term_string\"}}],\"inLanguage\":\"de\"},{\"@type\":\"Organization\",\"@id\":\"https:\\\/\\\/eg-reeds.com\\\/de\\\/#organization\",\"name\":\"www.eg-reeds.com\",\"url\":\"https:\\\/\\\/eg-reeds.com\\\/de\\\/\",\"logo\":{\"@type\":\"ImageObject\",\"inLanguage\":\"de\",\"@id\":\"https:\\\/\\\/eg-reeds.com\\\/de\\\/#\\\/schema\\\/logo\\\/image\\\/\",\"url\":\"https:\\\/\\\/eg-reeds.com\\\/wp-content\\\/uploads\\\/2024\\\/06\\\/Logo-scaled-e1718793906611.jpg\",\"contentUrl\":\"https:\\\/\\\/eg-reeds.com\\\/wp-content\\\/uploads\\\/2024\\\/06\\\/Logo-scaled-e1718793906611.jpg\",\"width\":1200,\"height\":493,\"caption\":\"www.eg-reeds.com\"},\"image\":{\"@id\":\"https:\\\/\\\/eg-reeds.com\\\/de\\\/#\\\/schema\\\/logo\\\/image\\\/\"},\"sameAs\":[\"https:\\\/\\\/www.facebook.com\\\/EGREEDS\",\"https:\\\/\\\/x.com\\\/egreeds\",\"https:\\\/\\\/www.instagram.com\\\/egreeds\\\/\",\"https:\\\/\\\/www.youtube.com\\\/c\\\/EGREEDS\",\"https:\\\/\\\/www.threads.net\\\/@egreeds\",\"https:\\\/\\\/www.tiktok.com\\\/@egreeds\"]}]}<\/script>\n<meta property=\"product:price:amount\" content=\"2490.00\" \/>\n<meta property=\"product:price:currency\" content=\"EUR\" \/>\n<meta property=\"og:availability\" content=\"instock\" \/>\n<meta property=\"product:availability\" content=\"instock\" \/>\n<meta property=\"product:retailer_item_id\" content=\"OB-I\" \/>\n<meta property=\"product:condition\" content=\"new\" \/>\n<!-- \/ Yoast SEO Premium plugin. -->","yoast_head_json":{"title":"Oboe f\u00fcr Fortgeschrittene EG-REEDS - EG-REEDS","description":"Oboe f\u00fcr Fortgeschrittene EG-REEDS. Intermediate oboe mit Konservatoriumssystem. Semiprofessionelles. Eine g\u00fcnstige Sch\u00fcler Oboe","robots":{"index":"index","follow":"follow","max-snippet":"max-snippet:-1","max-image-preview":"max-image-preview:large","max-video-preview":"max-video-preview:-1"},"canonical":"https:\/\/eg-reeds.com\/de\/shop\/oboen\/oboe-fortgeschrittene-eg-reeds\/","og_locale":"de_DE","og_type":"article","og_title":"Oboe f\u00fcr Fortgeschrittene EG-REEDS","og_description":"Oboe f\u00fcr Fortgeschrittene EG-REEDS. Intermediate oboe mit Konservatoriumssystem. Semiprofessionelles. Eine g\u00fcnstige Sch\u00fcler Oboe","og_url":"https:\/\/eg-reeds.com\/de\/shop\/oboen\/oboe-fortgeschrittene-eg-reeds\/","og_site_name":"EG-REEDS","article_publisher":"https:\/\/www.facebook.com\/EGREEDS","article_modified_time":"2025-02-24T10:28:12+00:00","og_image":[{"width":400,"height":340,"url":"https:\/\/eg-reeds.com\/wp-content\/uploads\/2022\/06\/Intermediate-oboe-EG-REEDS-e1708535406935.jpeg","type":"image\/jpeg"}],"twitter_card":"summary_large_image","twitter_site":"@egreeds","twitter_misc":{"Preis":"2.490,00&euro;","Verf\u00fcgbarkeit":"Auf Lager"},"schema":{"@context":"https:\/\/schema.org","@graph":[{"@type":["WebPage","ItemPage"],"@id":"https:\/\/eg-reeds.com\/de\/shop\/oboen\/oboe-fortgeschrittene-eg-reeds\/","url":"https:\/\/eg-reeds.com\/de\/shop\/oboen\/oboe-fortgeschrittene-eg-reeds\/","name":"Oboe f\u00fcr Fortgeschrittene EG-REEDS - EG-REEDS","isPartOf":{"@id":"https:\/\/eg-reeds.com\/de\/#website"},"primaryImageOfPage":{"@id":"https:\/\/eg-reeds.com\/de\/shop\/oboen\/oboe-fortgeschrittene-eg-reeds\/#primaryimage"},"image":{"@id":"https:\/\/eg-reeds.com\/de\/shop\/oboen\/oboe-fortgeschrittene-eg-reeds\/#primaryimage"},"thumbnailUrl":"https:\/\/eg-reeds.com\/wp-content\/uploads\/2022\/06\/Intermediate-oboe-EG-REEDS-e1708535406935.jpeg","datePublished":"2022-06-23T15:51:53+00:00","dateModified":"2025-02-24T10:28:12+00:00","description":"Oboe f\u00fcr Fortgeschrittene EG-REEDS. Intermediate oboe mit Konservatoriumssystem. Semiprofessionelles. Eine g\u00fcnstige Sch\u00fcler Oboe","breadcrumb":{"@id":"https:\/\/eg-reeds.com\/de\/shop\/oboen\/oboe-fortgeschrittene-eg-reeds\/#breadcrumb"},"inLanguage":"de","potentialAction":[{"@type":"ReadAction","target":["https:\/\/eg-reeds.com\/de\/shop\/oboen\/oboe-fortgeschrittene-eg-reeds\/"]}]},{"@type":"ImageObject","inLanguage":"de","@id":"https:\/\/eg-reeds.com\/de\/shop\/oboen\/oboe-fortgeschrittene-eg-reeds\/#primaryimage","url":"https:\/\/eg-reeds.com\/wp-content\/uploads\/2022\/06\/Intermediate-oboe-EG-REEDS-e1708535406935.jpeg","contentUrl":"https:\/\/eg-reeds.com\/wp-content\/uploads\/2022\/06\/Intermediate-oboe-EG-REEDS-e1708535406935.jpeg","width":400,"height":340,"caption":"Oboe f\u00fcr Fortgeschrittene EG-REEDS"},{"@type":"BreadcrumbList","@id":"https:\/\/eg-reeds.com\/de\/shop\/oboen\/oboe-fortgeschrittene-eg-reeds\/#breadcrumb","itemListElement":[{"@type":"ListItem","position":1,"name":"Startseite","item":"https:\/\/eg-reeds.com\/de\/"},{"@type":"ListItem","position":2,"name":"Shop","item":"https:\/\/eg-reeds.com\/de\/"},{"@type":"ListItem","position":3,"name":"Oboe f\u00fcr Fortgeschrittene EG-REEDS"}]},{"@type":"WebSite","@id":"https:\/\/eg-reeds.com\/de\/#website","url":"https:\/\/eg-reeds.com\/de\/","name":"www.eg-reeds.com","description":"Rohre f\u00fcr Oboe","publisher":{"@id":"https:\/\/eg-reeds.com\/de\/#organization"},"alternateName":"eg-reeds.com","potentialAction":[{"@type":"SearchAction","target":{"@type":"EntryPoint","urlTemplate":"https:\/\/eg-reeds.com\/de\/?s={search_term_string}"},"query-input":{"@type":"PropertyValueSpecification","valueRequired":true,"valueName":"search_term_string"}}],"inLanguage":"de"},{"@type":"Organization","@id":"https:\/\/eg-reeds.com\/de\/#organization","name":"www.eg-reeds.com","url":"https:\/\/eg-reeds.com\/de\/","logo":{"@type":"ImageObject","inLanguage":"de","@id":"https:\/\/eg-reeds.com\/de\/#\/schema\/logo\/image\/","url":"https:\/\/eg-reeds.com\/wp-content\/uploads\/2024\/06\/Logo-scaled-e1718793906611.jpg","contentUrl":"https:\/\/eg-reeds.com\/wp-content\/uploads\/2024\/06\/Logo-scaled-e1718793906611.jpg","width":1200,"height":493,"caption":"www.eg-reeds.com"},"image":{"@id":"https:\/\/eg-reeds.com\/de\/#\/schema\/logo\/image\/"},"sameAs":["https:\/\/www.facebook.com\/EGREEDS","https:\/\/x.com\/egreeds","https:\/\/www.instagram.com\/egreeds\/","https:\/\/www.youtube.com\/c\/EGREEDS","https:\/\/www.threads.net\/@egreeds","https:\/\/www.tiktok.com\/@egreeds"]}]},"product_price_amount":"2490.00","product_price_currency":"EUR","og_availability":"instock","product_availability":"instock","product_retailer_item_id":"OB-I","product_condition":"new"},"_links":{"self":[{"href":"https:\/\/eg-reeds.com\/de\/wp-json\/wp\/v2\/product\/46410","targetHints":{"allow":["GET"]}}],"collection":[{"href":"https:\/\/eg-reeds.com\/de\/wp-json\/wp\/v2\/product"}],"about":[{"href":"https:\/\/eg-reeds.com\/de\/wp-json\/wp\/v2\/types\/product"}],"replies":[{"embeddable":true,"href":"https:\/\/eg-reeds.com\/de\/wp-json\/wp\/v2\/comments?post=46410"}],"wp:featuredmedia":[{"embeddable":true,"href":"https:\/\/eg-reeds.com\/de\/wp-json\/wp\/v2\/media\/46434"}],"wp:attachment":[{"href":"https:\/\/eg-reeds.com\/de\/wp-json\/wp\/v2\/media?parent=46410"}],"wp:term":[{"taxonomy":"product_brand","embeddable":true,"href":"https:\/\/eg-reeds.com\/de\/wp-json\/wp\/v2\/product_brand?post=46410"},{"taxonomy":"product_cat","embeddable":true,"href":"https:\/\/eg-reeds.com\/de\/wp-json\/wp\/v2\/product_cat?post=46410"},{"taxonomy":"product_tag","embeddable":true,"href":"https:\/\/eg-reeds.com\/de\/wp-json\/wp\/v2\/product_tag?post=46410"},{"taxonomy":"giftcard-category","embeddable":true,"href":"https:\/\/eg-reeds.com\/de\/wp-json\/wp\/v2\/giftcard-category?post=46410"}],"curies":[{"name":"wp","href":"https:\/\/api.w.org\/{rel}","templated":true}]}}