{"id":50684,"date":"2023-11-27T10:41:29","date_gmt":"2023-11-27T09:41:29","guid":{"rendered":"http:\/\/eg-reeds.com\/shop\/unkategorisiert\/fassonform-thomas-fuer-oboe\/"},"modified":"2023-11-27T10:41:29","modified_gmt":"2023-11-27T09:41:29","slug":"fassonform-thomas-fuer-oboe","status":"publish","type":"product","link":"https:\/\/eg-reeds.com\/de\/shop\/zubehoer\/schablone-fuer-fassonschneider\/oboe-de\/fassonform-thomas-fuer-oboe\/","title":{"rendered":"Fassonform THOMAS f\u00fcr Oboe"},"content":{"rendered":"<h1>Fassonform THOMAS f\u00fcr Oboe.<\/h1>\n<p>Fassonform THOMAS f\u00fcr Oboe.<\/p>\n<p>Wenn Sie eine andere Fassonform ben\u00f6tigen, kontaktieren Sie uns bitte unter <strong><a href=\"mailto:info@eg-reeds.com\" target=\"_blank\" rel=\"noopener\">info@eg-reeds.com<\/a><\/strong><\/p>\n<p><strong><a href=\"https:\/\/eg-reeds.com\/de\/reeds-n-stuff-shaper-forms\/\" target=\"_blank\" rel=\"noopener\">Fassonformenliste.<\/a><\/strong><\/p>\n<p>Voraussichtliche Lieferzeit 7-10 Tage.<\/p>\n<p><img loading=\"lazy\" decoding=\"async\" class=\"aligncenter size-full wp-image-49270\" src=\"http:\/\/eg-reeds.com\/wp-content\/uploads\/2023\/11\/Shaper-form-Thomas-oboe.png\" alt=\"Shaper form Thomas for oboe\" width=\"1546\" height=\"1148\" srcset=\"https:\/\/eg-reeds.com\/wp-content\/uploads\/2023\/11\/Shaper-form-Thomas-oboe.png 1546w, https:\/\/eg-reeds.com\/wp-content\/uploads\/2023\/11\/Shaper-form-Thomas-oboe-600x446.png 600w, https:\/\/eg-reeds.com\/wp-content\/uploads\/2023\/11\/Shaper-form-Thomas-oboe-300x223.png 300w, https:\/\/eg-reeds.com\/wp-content\/uploads\/2023\/11\/Shaper-form-Thomas-oboe-1024x760.png 1024w, https:\/\/eg-reeds.com\/wp-content\/uploads\/2023\/11\/Shaper-form-Thomas-oboe-768x570.png 768w, https:\/\/eg-reeds.com\/wp-content\/uploads\/2023\/11\/Shaper-form-Thomas-oboe-1536x1141.png 1536w\" sizes=\"auto, (max-width: 1546px) 100vw, 1546px\" \/><\/p>\n","protected":false},"excerpt":{"rendered":"<p>Fassonform THOMAS f\u00fcr Oboe. Fassonform THOMAS f\u00fcr Oboe. Wenn Sie eine andere Fassonform ben\u00f6tigen, kontaktieren Sie uns bitte unter info@eg-reeds.com Fassonformenliste. Voraussichtliche Lieferzeit 7-10 Tage.<\/p>\n","protected":false},"featured_media":49283,"comment_status":"open","ping_status":"closed","template":"","meta":[],"product_brand":[],"product_cat":[1505,2927],"product_tag":[],"giftcard-category":[],"class_list":{"0":"post-50684","1":"product","2":"type-product","3":"status-publish","4":"has-post-thumbnail","6":"product_cat-oboe-de","7":"product_cat-reeds-n-stuff-de","9":"first","10":"instock","11":"taxable","12":"shipping-taxable","13":"purchasable","14":"product-type-simple"},"yoast_head":"<!-- This site is optimized with the Yoast SEO Premium plugin v27.0 (Yoast SEO v27.3) - https:\/\/yoast.com\/product\/yoast-seo-premium-wordpress\/ -->\n<title>Fassonform THOMAS f\u00fcr Oboe - EG-REEDS<\/title>\n<meta name=\"description\" content=\"Fassonform THOMAS f\u00fcr Oboe\" \/>\n<meta name=\"robots\" content=\"index, follow, max-snippet:-1, max-image-preview:large, max-video-preview:-1\" \/>\n<link rel=\"canonical\" href=\"https:\/\/eg-reeds.com\/de\/shop\/zubehoer\/schablone-fuer-fassonschneider\/oboe-de\/fassonform-thomas-fuer-oboe\/\" \/>\n<meta property=\"og:locale\" content=\"de_DE\" \/>\n<meta property=\"og:type\" content=\"article\" \/>\n<meta property=\"og:title\" content=\"Fassonform THOMAS f\u00fcr Oboe\" \/>\n<meta property=\"og:description\" content=\"Fassonform THOMAS f\u00fcr Oboe\" \/>\n<meta property=\"og:url\" content=\"https:\/\/eg-reeds.com\/de\/shop\/zubehoer\/schablone-fuer-fassonschneider\/oboe-de\/fassonform-thomas-fuer-oboe\/\" \/>\n<meta property=\"og:site_name\" content=\"EG-REEDS\" \/>\n<meta property=\"article:publisher\" content=\"https:\/\/www.facebook.com\/EGREEDS\" \/>\n<meta property=\"og:image\" content=\"https:\/\/eg-reeds.com\/wp-content\/uploads\/2023\/11\/Shaper-form-Thomas.jpeg\" \/>\n\t<meta property=\"og:image:width\" content=\"1200\" \/>\n\t<meta property=\"og:image:height\" content=\"960\" \/>\n\t<meta property=\"og:image:type\" content=\"image\/jpeg\" \/>\n<meta name=\"twitter:card\" content=\"summary_large_image\" \/>\n<meta name=\"twitter:site\" content=\"@egreeds\" \/>\n<meta name=\"twitter:label1\" content=\"Preis\" \/>\n\t<meta name=\"twitter:data1\" content=\"173,23&euro;\" \/>\n\t<meta name=\"twitter:label2\" content=\"Verf\u00fcgbarkeit\" \/>\n\t<meta name=\"twitter:data2\" content=\"Auf Lager\" \/>\n<script type=\"application\/ld+json\" class=\"yoast-schema-graph\">{\"@context\":\"https:\\\/\\\/schema.org\",\"@graph\":[{\"@type\":[\"WebPage\",\"ItemPage\"],\"@id\":\"https:\\\/\\\/eg-reeds.com\\\/de\\\/shop\\\/zubehoer\\\/schablone-fuer-fassonschneider\\\/oboe-de\\\/fassonform-thomas-fuer-oboe\\\/\",\"url\":\"https:\\\/\\\/eg-reeds.com\\\/de\\\/shop\\\/zubehoer\\\/schablone-fuer-fassonschneider\\\/oboe-de\\\/fassonform-thomas-fuer-oboe\\\/\",\"name\":\"Fassonform THOMAS f\u00fcr Oboe - EG-REEDS\",\"isPartOf\":{\"@id\":\"https:\\\/\\\/eg-reeds.com\\\/de\\\/#website\"},\"primaryImageOfPage\":{\"@id\":\"https:\\\/\\\/eg-reeds.com\\\/de\\\/shop\\\/zubehoer\\\/schablone-fuer-fassonschneider\\\/oboe-de\\\/fassonform-thomas-fuer-oboe\\\/#primaryimage\"},\"image\":{\"@id\":\"https:\\\/\\\/eg-reeds.com\\\/de\\\/shop\\\/zubehoer\\\/schablone-fuer-fassonschneider\\\/oboe-de\\\/fassonform-thomas-fuer-oboe\\\/#primaryimage\"},\"thumbnailUrl\":\"https:\\\/\\\/eg-reeds.com\\\/wp-content\\\/uploads\\\/2023\\\/11\\\/Shaper-form-Thomas.jpeg\",\"datePublished\":\"2023-11-27T09:41:29+00:00\",\"description\":\"Fassonform THOMAS f\u00fcr Oboe\",\"breadcrumb\":{\"@id\":\"https:\\\/\\\/eg-reeds.com\\\/de\\\/shop\\\/zubehoer\\\/schablone-fuer-fassonschneider\\\/oboe-de\\\/fassonform-thomas-fuer-oboe\\\/#breadcrumb\"},\"inLanguage\":\"de\",\"potentialAction\":[{\"@type\":\"ReadAction\",\"target\":[\"https:\\\/\\\/eg-reeds.com\\\/de\\\/shop\\\/zubehoer\\\/schablone-fuer-fassonschneider\\\/oboe-de\\\/fassonform-thomas-fuer-oboe\\\/\"]}]},{\"@type\":\"ImageObject\",\"inLanguage\":\"de\",\"@id\":\"https:\\\/\\\/eg-reeds.com\\\/de\\\/shop\\\/zubehoer\\\/schablone-fuer-fassonschneider\\\/oboe-de\\\/fassonform-thomas-fuer-oboe\\\/#primaryimage\",\"url\":\"https:\\\/\\\/eg-reeds.com\\\/wp-content\\\/uploads\\\/2023\\\/11\\\/Shaper-form-Thomas.jpeg\",\"contentUrl\":\"https:\\\/\\\/eg-reeds.com\\\/wp-content\\\/uploads\\\/2023\\\/11\\\/Shaper-form-Thomas.jpeg\",\"width\":1200,\"height\":960,\"caption\":\"Fassonform THOMAS Oboe\"},{\"@type\":\"BreadcrumbList\",\"@id\":\"https:\\\/\\\/eg-reeds.com\\\/de\\\/shop\\\/zubehoer\\\/schablone-fuer-fassonschneider\\\/oboe-de\\\/fassonform-thomas-fuer-oboe\\\/#breadcrumb\",\"itemListElement\":[{\"@type\":\"ListItem\",\"position\":1,\"name\":\"Startseite\",\"item\":\"https:\\\/\\\/eg-reeds.com\\\/de\\\/\"},{\"@type\":\"ListItem\",\"position\":2,\"name\":\"Shop\",\"item\":\"https:\\\/\\\/eg-reeds.com\\\/de\\\/\"},{\"@type\":\"ListItem\",\"position\":3,\"name\":\"Fassonform THOMAS f\u00fcr Oboe\"}]},{\"@type\":\"WebSite\",\"@id\":\"https:\\\/\\\/eg-reeds.com\\\/de\\\/#website\",\"url\":\"https:\\\/\\\/eg-reeds.com\\\/de\\\/\",\"name\":\"www.eg-reeds.com\",\"description\":\"Rohre f\u00fcr Oboe\",\"publisher\":{\"@id\":\"https:\\\/\\\/eg-reeds.com\\\/de\\\/#organization\"},\"alternateName\":\"eg-reeds.com\",\"potentialAction\":[{\"@type\":\"SearchAction\",\"target\":{\"@type\":\"EntryPoint\",\"urlTemplate\":\"https:\\\/\\\/eg-reeds.com\\\/de\\\/?s={search_term_string}\"},\"query-input\":{\"@type\":\"PropertyValueSpecification\",\"valueRequired\":true,\"valueName\":\"search_term_string\"}}],\"inLanguage\":\"de\"},{\"@type\":\"Organization\",\"@id\":\"https:\\\/\\\/eg-reeds.com\\\/de\\\/#organization\",\"name\":\"www.eg-reeds.com\",\"url\":\"https:\\\/\\\/eg-reeds.com\\\/de\\\/\",\"logo\":{\"@type\":\"ImageObject\",\"inLanguage\":\"de\",\"@id\":\"https:\\\/\\\/eg-reeds.com\\\/de\\\/#\\\/schema\\\/logo\\\/image\\\/\",\"url\":\"https:\\\/\\\/eg-reeds.com\\\/wp-content\\\/uploads\\\/2024\\\/06\\\/Logo-scaled-e1718793906611.jpg\",\"contentUrl\":\"https:\\\/\\\/eg-reeds.com\\\/wp-content\\\/uploads\\\/2024\\\/06\\\/Logo-scaled-e1718793906611.jpg\",\"width\":1200,\"height\":493,\"caption\":\"www.eg-reeds.com\"},\"image\":{\"@id\":\"https:\\\/\\\/eg-reeds.com\\\/de\\\/#\\\/schema\\\/logo\\\/image\\\/\"},\"sameAs\":[\"https:\\\/\\\/www.facebook.com\\\/EGREEDS\",\"https:\\\/\\\/x.com\\\/egreeds\",\"https:\\\/\\\/www.instagram.com\\\/egreeds\\\/\",\"https:\\\/\\\/www.youtube.com\\\/c\\\/EGREEDS\",\"https:\\\/\\\/www.threads.net\\\/@egreeds\",\"https:\\\/\\\/www.tiktok.com\\\/@egreeds\"]}]}<\/script>\n<meta property=\"product:price:amount\" content=\"173.23\" \/>\n<meta property=\"product:price:currency\" content=\"EUR\" \/>\n<meta property=\"og:availability\" content=\"instock\" \/>\n<meta property=\"product:availability\" content=\"instock\" \/>\n<meta property=\"product:retailer_item_id\" content=\"THOMASSF\" \/>\n<meta property=\"product:condition\" content=\"new\" \/>\n<!-- \/ Yoast SEO Premium plugin. -->","yoast_head_json":{"title":"Fassonform THOMAS f\u00fcr Oboe - EG-REEDS","description":"Fassonform THOMAS f\u00fcr Oboe","robots":{"index":"index","follow":"follow","max-snippet":"max-snippet:-1","max-image-preview":"max-image-preview:large","max-video-preview":"max-video-preview:-1"},"canonical":"https:\/\/eg-reeds.com\/de\/shop\/zubehoer\/schablone-fuer-fassonschneider\/oboe-de\/fassonform-thomas-fuer-oboe\/","og_locale":"de_DE","og_type":"article","og_title":"Fassonform THOMAS f\u00fcr Oboe","og_description":"Fassonform THOMAS f\u00fcr Oboe","og_url":"https:\/\/eg-reeds.com\/de\/shop\/zubehoer\/schablone-fuer-fassonschneider\/oboe-de\/fassonform-thomas-fuer-oboe\/","og_site_name":"EG-REEDS","article_publisher":"https:\/\/www.facebook.com\/EGREEDS","og_image":[{"width":1200,"height":960,"url":"https:\/\/eg-reeds.com\/wp-content\/uploads\/2023\/11\/Shaper-form-Thomas.jpeg","type":"image\/jpeg"}],"twitter_card":"summary_large_image","twitter_site":"@egreeds","twitter_misc":{"Preis":"173,23&euro;","Verf\u00fcgbarkeit":"Auf Lager"},"schema":{"@context":"https:\/\/schema.org","@graph":[{"@type":["WebPage","ItemPage"],"@id":"https:\/\/eg-reeds.com\/de\/shop\/zubehoer\/schablone-fuer-fassonschneider\/oboe-de\/fassonform-thomas-fuer-oboe\/","url":"https:\/\/eg-reeds.com\/de\/shop\/zubehoer\/schablone-fuer-fassonschneider\/oboe-de\/fassonform-thomas-fuer-oboe\/","name":"Fassonform THOMAS f\u00fcr Oboe - EG-REEDS","isPartOf":{"@id":"https:\/\/eg-reeds.com\/de\/#website"},"primaryImageOfPage":{"@id":"https:\/\/eg-reeds.com\/de\/shop\/zubehoer\/schablone-fuer-fassonschneider\/oboe-de\/fassonform-thomas-fuer-oboe\/#primaryimage"},"image":{"@id":"https:\/\/eg-reeds.com\/de\/shop\/zubehoer\/schablone-fuer-fassonschneider\/oboe-de\/fassonform-thomas-fuer-oboe\/#primaryimage"},"thumbnailUrl":"https:\/\/eg-reeds.com\/wp-content\/uploads\/2023\/11\/Shaper-form-Thomas.jpeg","datePublished":"2023-11-27T09:41:29+00:00","description":"Fassonform THOMAS f\u00fcr Oboe","breadcrumb":{"@id":"https:\/\/eg-reeds.com\/de\/shop\/zubehoer\/schablone-fuer-fassonschneider\/oboe-de\/fassonform-thomas-fuer-oboe\/#breadcrumb"},"inLanguage":"de","potentialAction":[{"@type":"ReadAction","target":["https:\/\/eg-reeds.com\/de\/shop\/zubehoer\/schablone-fuer-fassonschneider\/oboe-de\/fassonform-thomas-fuer-oboe\/"]}]},{"@type":"ImageObject","inLanguage":"de","@id":"https:\/\/eg-reeds.com\/de\/shop\/zubehoer\/schablone-fuer-fassonschneider\/oboe-de\/fassonform-thomas-fuer-oboe\/#primaryimage","url":"https:\/\/eg-reeds.com\/wp-content\/uploads\/2023\/11\/Shaper-form-Thomas.jpeg","contentUrl":"https:\/\/eg-reeds.com\/wp-content\/uploads\/2023\/11\/Shaper-form-Thomas.jpeg","width":1200,"height":960,"caption":"Fassonform THOMAS Oboe"},{"@type":"BreadcrumbList","@id":"https:\/\/eg-reeds.com\/de\/shop\/zubehoer\/schablone-fuer-fassonschneider\/oboe-de\/fassonform-thomas-fuer-oboe\/#breadcrumb","itemListElement":[{"@type":"ListItem","position":1,"name":"Startseite","item":"https:\/\/eg-reeds.com\/de\/"},{"@type":"ListItem","position":2,"name":"Shop","item":"https:\/\/eg-reeds.com\/de\/"},{"@type":"ListItem","position":3,"name":"Fassonform THOMAS f\u00fcr Oboe"}]},{"@type":"WebSite","@id":"https:\/\/eg-reeds.com\/de\/#website","url":"https:\/\/eg-reeds.com\/de\/","name":"www.eg-reeds.com","description":"Rohre f\u00fcr Oboe","publisher":{"@id":"https:\/\/eg-reeds.com\/de\/#organization"},"alternateName":"eg-reeds.com","potentialAction":[{"@type":"SearchAction","target":{"@type":"EntryPoint","urlTemplate":"https:\/\/eg-reeds.com\/de\/?s={search_term_string}"},"query-input":{"@type":"PropertyValueSpecification","valueRequired":true,"valueName":"search_term_string"}}],"inLanguage":"de"},{"@type":"Organization","@id":"https:\/\/eg-reeds.com\/de\/#organization","name":"www.eg-reeds.com","url":"https:\/\/eg-reeds.com\/de\/","logo":{"@type":"ImageObject","inLanguage":"de","@id":"https:\/\/eg-reeds.com\/de\/#\/schema\/logo\/image\/","url":"https:\/\/eg-reeds.com\/wp-content\/uploads\/2024\/06\/Logo-scaled-e1718793906611.jpg","contentUrl":"https:\/\/eg-reeds.com\/wp-content\/uploads\/2024\/06\/Logo-scaled-e1718793906611.jpg","width":1200,"height":493,"caption":"www.eg-reeds.com"},"image":{"@id":"https:\/\/eg-reeds.com\/de\/#\/schema\/logo\/image\/"},"sameAs":["https:\/\/www.facebook.com\/EGREEDS","https:\/\/x.com\/egreeds","https:\/\/www.instagram.com\/egreeds\/","https:\/\/www.youtube.com\/c\/EGREEDS","https:\/\/www.threads.net\/@egreeds","https:\/\/www.tiktok.com\/@egreeds"]}]},"product_price_amount":"173.23","product_price_currency":"EUR","og_availability":"instock","product_availability":"instock","product_retailer_item_id":"THOMASSF","product_condition":"new"},"_links":{"self":[{"href":"https:\/\/eg-reeds.com\/de\/wp-json\/wp\/v2\/product\/50684","targetHints":{"allow":["GET"]}}],"collection":[{"href":"https:\/\/eg-reeds.com\/de\/wp-json\/wp\/v2\/product"}],"about":[{"href":"https:\/\/eg-reeds.com\/de\/wp-json\/wp\/v2\/types\/product"}],"replies":[{"embeddable":true,"href":"https:\/\/eg-reeds.com\/de\/wp-json\/wp\/v2\/comments?post=50684"}],"wp:featuredmedia":[{"embeddable":true,"href":"https:\/\/eg-reeds.com\/de\/wp-json\/wp\/v2\/media\/49283"}],"wp:attachment":[{"href":"https:\/\/eg-reeds.com\/de\/wp-json\/wp\/v2\/media?parent=50684"}],"wp:term":[{"taxonomy":"product_brand","embeddable":true,"href":"https:\/\/eg-reeds.com\/de\/wp-json\/wp\/v2\/product_brand?post=50684"},{"taxonomy":"product_cat","embeddable":true,"href":"https:\/\/eg-reeds.com\/de\/wp-json\/wp\/v2\/product_cat?post=50684"},{"taxonomy":"product_tag","embeddable":true,"href":"https:\/\/eg-reeds.com\/de\/wp-json\/wp\/v2\/product_tag?post=50684"},{"taxonomy":"giftcard-category","embeddable":true,"href":"https:\/\/eg-reeds.com\/de\/wp-json\/wp\/v2\/giftcard-category?post=50684"}],"curies":[{"name":"wp","href":"https:\/\/api.w.org\/{rel}","templated":true}]}}