{"id":50687,"date":"2023-11-27T10:49:08","date_gmt":"2023-11-27T09:49:08","guid":{"rendered":"http:\/\/eg-reeds.com\/shop\/unkategorisiert\/fassonform-rc-roseau-chantant-fuer-oboe\/"},"modified":"2025-02-26T11:12:00","modified_gmt":"2025-02-26T10:12:00","slug":"fassonform-rc-roseau-chantant-fuer-oboe","status":"publish","type":"product","link":"https:\/\/eg-reeds.com\/de\/shop\/zubehoer\/schablone-fuer-fassonschneider\/oboe-de\/fassonform-rc-roseau-chantant-fuer-oboe\/","title":{"rendered":"Fassonform RC\u00a0Roseau Chantant\u00a0f\u00fcr Oboe"},"content":{"rendered":"<h1>Fassonform RC\u00a0Roseau Chantant\u00a0f\u00fcr Oboe.<\/h1>\n<p>Fassonform RC Roseau Chantant f\u00fcr Oboe. Fassonform RC11, RC12, RC13, RC14 oder RC15 f\u00fcr Oboe.<\/p>\n<p>Standard-Fassonform. Wenn Sie das Fassonform mit Ohren w\u00fcnschen, hinterlassen Sie bitte einen Kommentar bei Abschluss der Bestellung.<\/p>\n<p>Wenn Sie eine andere Fassonform ben\u00f6tigen, kontaktieren Sie uns bitte unter <strong><a href=\"mailto:info@eg-reeds.com\" target=\"_blank\" rel=\"noopener\">info@eg-reeds.com<\/a><\/strong><\/p>\n<p><strong><a href=\"https:\/\/eg-reeds.com\/de\/reeds-n-stuff-shaper-forms\/\" target=\"_blank\" rel=\"noopener\">Fassonformenliste.<\/a><\/strong><\/p>\n<p>Voraussichtliche Lieferzeit 7-10 Tage.<\/p>\n<p>&nbsp;<\/p>\n<p>&nbsp;<\/p>\n","protected":false},"excerpt":{"rendered":"<p>Fassonform RC\u00a0Roseau Chantant\u00a0f\u00fcr Oboe. Fassonform RC Roseau Chantant f\u00fcr Oboe. Fassonform RC11, RC12, RC13, RC14 oder RC15 f\u00fcr Oboe. Standard-Fassonform. Wenn Sie das Fassonform mit Ohren w\u00fcnschen, hinterlassen Sie bitte einen Kommentar bei Abschluss der Bestellung. Wenn Sie eine andere Fassonform ben\u00f6tigen, kontaktieren Sie uns bitte unter info@eg-reeds.com Fassonformenliste. Voraussichtliche Lieferzeit 7-10 Tage. &nbsp; &nbsp;<\/p>\n","protected":false},"featured_media":49295,"comment_status":"open","ping_status":"closed","template":"","meta":[],"product_brand":[],"product_cat":[1505,2927],"product_tag":[],"giftcard-category":[],"class_list":{"0":"post-50687","1":"product","2":"type-product","3":"status-publish","4":"has-post-thumbnail","6":"product_cat-oboe-de","7":"product_cat-reeds-n-stuff-de","8":"pa_shaper-rc11-de","9":"pa_shaper-rc12-de-2","10":"pa_shaper-rc13-de-2","11":"pa_shaper-rc14-de","12":"pa_shaper-rc15-de","14":"first","15":"outofstock","16":"taxable","17":"shipping-taxable","18":"purchasable","19":"product-type-variable","20":"has-default-attributes"},"yoast_head":"<!-- This site is optimized with the Yoast SEO Premium plugin v27.0 (Yoast SEO v27.3) - https:\/\/yoast.com\/product\/yoast-seo-premium-wordpress\/ -->\n<title>Fassonform RC\u00a0Roseau Chantant\u00a0f\u00fcr Oboe - EG-REEDS<\/title>\n<meta name=\"description\" content=\"Fassonform RC Roseau Chantant f\u00fcr Oboe. Fassonform RC11, RC12, RC13, RC14 oder RC15 f\u00fcr Oboe.\" \/>\n<meta name=\"robots\" content=\"index, follow, max-snippet:-1, max-image-preview:large, max-video-preview:-1\" \/>\n<link rel=\"canonical\" href=\"https:\/\/eg-reeds.com\/de\/shop\/zubehoer\/schablone-fuer-fassonschneider\/oboe-de\/fassonform-rc-roseau-chantant-fuer-oboe\/\" \/>\n<meta property=\"og:locale\" content=\"de_DE\" \/>\n<meta property=\"og:type\" content=\"article\" \/>\n<meta property=\"og:title\" content=\"Fassonform RC\u00a0Roseau Chantant\u00a0f\u00fcr Oboe\" \/>\n<meta property=\"og:description\" content=\"Fassonform RC Roseau Chantant f\u00fcr Oboe. Fassonform RC11, RC12, RC13, RC14 oder RC15 f\u00fcr Oboe.\" \/>\n<meta property=\"og:url\" content=\"https:\/\/eg-reeds.com\/de\/shop\/zubehoer\/schablone-fuer-fassonschneider\/oboe-de\/fassonform-rc-roseau-chantant-fuer-oboe\/\" \/>\n<meta property=\"og:site_name\" content=\"EG-REEDS\" \/>\n<meta property=\"article:publisher\" content=\"https:\/\/www.facebook.com\/EGREEDS\" \/>\n<meta property=\"article:modified_time\" content=\"2025-02-26T10:12:00+00:00\" \/>\n<meta property=\"og:image\" content=\"https:\/\/eg-reeds.com\/wp-content\/uploads\/2023\/11\/RC12-shaper-form.jpeg\" \/>\n\t<meta property=\"og:image:width\" content=\"1200\" \/>\n\t<meta property=\"og:image:height\" content=\"960\" \/>\n\t<meta property=\"og:image:type\" content=\"image\/jpeg\" \/>\n<meta name=\"twitter:card\" content=\"summary_large_image\" \/>\n<meta name=\"twitter:site\" content=\"@egreeds\" \/>\n<meta name=\"twitter:label1\" content=\"Verf\u00fcgbarkeit\" \/>\n\t<meta name=\"twitter:data1\" content=\"ausverkauft\" \/>\n<script type=\"application\/ld+json\" class=\"yoast-schema-graph\">{\"@context\":\"https:\\\/\\\/schema.org\",\"@graph\":[{\"@type\":[\"WebPage\",\"ItemPage\"],\"@id\":\"https:\\\/\\\/eg-reeds.com\\\/de\\\/shop\\\/zubehoer\\\/schablone-fuer-fassonschneider\\\/oboe-de\\\/fassonform-rc-roseau-chantant-fuer-oboe\\\/\",\"url\":\"https:\\\/\\\/eg-reeds.com\\\/de\\\/shop\\\/zubehoer\\\/schablone-fuer-fassonschneider\\\/oboe-de\\\/fassonform-rc-roseau-chantant-fuer-oboe\\\/\",\"name\":\"Fassonform RC\u00a0Roseau Chantant\u00a0f\u00fcr Oboe - EG-REEDS\",\"isPartOf\":{\"@id\":\"https:\\\/\\\/eg-reeds.com\\\/de\\\/#website\"},\"primaryImageOfPage\":{\"@id\":\"https:\\\/\\\/eg-reeds.com\\\/de\\\/shop\\\/zubehoer\\\/schablone-fuer-fassonschneider\\\/oboe-de\\\/fassonform-rc-roseau-chantant-fuer-oboe\\\/#primaryimage\"},\"image\":{\"@id\":\"https:\\\/\\\/eg-reeds.com\\\/de\\\/shop\\\/zubehoer\\\/schablone-fuer-fassonschneider\\\/oboe-de\\\/fassonform-rc-roseau-chantant-fuer-oboe\\\/#primaryimage\"},\"thumbnailUrl\":\"https:\\\/\\\/eg-reeds.com\\\/wp-content\\\/uploads\\\/2023\\\/11\\\/RC12-shaper-form.jpeg\",\"datePublished\":\"2023-11-27T09:49:08+00:00\",\"dateModified\":\"2025-02-26T10:12:00+00:00\",\"description\":\"Fassonform RC Roseau Chantant f\u00fcr Oboe. Fassonform RC11, RC12, RC13, RC14 oder RC15 f\u00fcr Oboe.\",\"breadcrumb\":{\"@id\":\"https:\\\/\\\/eg-reeds.com\\\/de\\\/shop\\\/zubehoer\\\/schablone-fuer-fassonschneider\\\/oboe-de\\\/fassonform-rc-roseau-chantant-fuer-oboe\\\/#breadcrumb\"},\"inLanguage\":\"de\",\"potentialAction\":[{\"@type\":\"ReadAction\",\"target\":[\"https:\\\/\\\/eg-reeds.com\\\/de\\\/shop\\\/zubehoer\\\/schablone-fuer-fassonschneider\\\/oboe-de\\\/fassonform-rc-roseau-chantant-fuer-oboe\\\/\"]}]},{\"@type\":\"ImageObject\",\"inLanguage\":\"de\",\"@id\":\"https:\\\/\\\/eg-reeds.com\\\/de\\\/shop\\\/zubehoer\\\/schablone-fuer-fassonschneider\\\/oboe-de\\\/fassonform-rc-roseau-chantant-fuer-oboe\\\/#primaryimage\",\"url\":\"https:\\\/\\\/eg-reeds.com\\\/wp-content\\\/uploads\\\/2023\\\/11\\\/RC12-shaper-form.jpeg\",\"contentUrl\":\"https:\\\/\\\/eg-reeds.com\\\/wp-content\\\/uploads\\\/2023\\\/11\\\/RC12-shaper-form.jpeg\",\"width\":1200,\"height\":960,\"caption\":\"Fassonform RC12\u00a0\"},{\"@type\":\"BreadcrumbList\",\"@id\":\"https:\\\/\\\/eg-reeds.com\\\/de\\\/shop\\\/zubehoer\\\/schablone-fuer-fassonschneider\\\/oboe-de\\\/fassonform-rc-roseau-chantant-fuer-oboe\\\/#breadcrumb\",\"itemListElement\":[{\"@type\":\"ListItem\",\"position\":1,\"name\":\"Startseite\",\"item\":\"https:\\\/\\\/eg-reeds.com\\\/de\\\/\"},{\"@type\":\"ListItem\",\"position\":2,\"name\":\"Shop\",\"item\":\"https:\\\/\\\/eg-reeds.com\\\/de\\\/\"},{\"@type\":\"ListItem\",\"position\":3,\"name\":\"Fassonform RC\u00a0Roseau Chantant\u00a0f\u00fcr Oboe\"}]},{\"@type\":\"WebSite\",\"@id\":\"https:\\\/\\\/eg-reeds.com\\\/de\\\/#website\",\"url\":\"https:\\\/\\\/eg-reeds.com\\\/de\\\/\",\"name\":\"www.eg-reeds.com\",\"description\":\"Rohre f\u00fcr Oboe\",\"publisher\":{\"@id\":\"https:\\\/\\\/eg-reeds.com\\\/de\\\/#organization\"},\"alternateName\":\"eg-reeds.com\",\"potentialAction\":[{\"@type\":\"SearchAction\",\"target\":{\"@type\":\"EntryPoint\",\"urlTemplate\":\"https:\\\/\\\/eg-reeds.com\\\/de\\\/?s={search_term_string}\"},\"query-input\":{\"@type\":\"PropertyValueSpecification\",\"valueRequired\":true,\"valueName\":\"search_term_string\"}}],\"inLanguage\":\"de\"},{\"@type\":\"Organization\",\"@id\":\"https:\\\/\\\/eg-reeds.com\\\/de\\\/#organization\",\"name\":\"www.eg-reeds.com\",\"url\":\"https:\\\/\\\/eg-reeds.com\\\/de\\\/\",\"logo\":{\"@type\":\"ImageObject\",\"inLanguage\":\"de\",\"@id\":\"https:\\\/\\\/eg-reeds.com\\\/de\\\/#\\\/schema\\\/logo\\\/image\\\/\",\"url\":\"https:\\\/\\\/eg-reeds.com\\\/wp-content\\\/uploads\\\/2024\\\/06\\\/Logo-scaled-e1718793906611.jpg\",\"contentUrl\":\"https:\\\/\\\/eg-reeds.com\\\/wp-content\\\/uploads\\\/2024\\\/06\\\/Logo-scaled-e1718793906611.jpg\",\"width\":1200,\"height\":493,\"caption\":\"www.eg-reeds.com\"},\"image\":{\"@id\":\"https:\\\/\\\/eg-reeds.com\\\/de\\\/#\\\/schema\\\/logo\\\/image\\\/\"},\"sameAs\":[\"https:\\\/\\\/www.facebook.com\\\/EGREEDS\",\"https:\\\/\\\/x.com\\\/egreeds\",\"https:\\\/\\\/www.instagram.com\\\/egreeds\\\/\",\"https:\\\/\\\/www.youtube.com\\\/c\\\/EGREEDS\",\"https:\\\/\\\/www.threads.net\\\/@egreeds\",\"https:\\\/\\\/www.tiktok.com\\\/@egreeds\"]}]}<\/script>\n<meta property=\"og:availability\" content=\"out of stock\" \/>\n<meta property=\"product:availability\" content=\"out of stock\" \/>\n<meta property=\"product:retailer_item_id\" content=\"RCSF\" \/>\n<meta property=\"product:condition\" content=\"new\" \/>\n<!-- \/ Yoast SEO Premium plugin. -->","yoast_head_json":{"title":"Fassonform RC\u00a0Roseau Chantant\u00a0f\u00fcr Oboe - EG-REEDS","description":"Fassonform RC Roseau Chantant f\u00fcr Oboe. Fassonform RC11, RC12, RC13, RC14 oder RC15 f\u00fcr Oboe.","robots":{"index":"index","follow":"follow","max-snippet":"max-snippet:-1","max-image-preview":"max-image-preview:large","max-video-preview":"max-video-preview:-1"},"canonical":"https:\/\/eg-reeds.com\/de\/shop\/zubehoer\/schablone-fuer-fassonschneider\/oboe-de\/fassonform-rc-roseau-chantant-fuer-oboe\/","og_locale":"de_DE","og_type":"article","og_title":"Fassonform RC\u00a0Roseau Chantant\u00a0f\u00fcr Oboe","og_description":"Fassonform RC Roseau Chantant f\u00fcr Oboe. Fassonform RC11, RC12, RC13, RC14 oder RC15 f\u00fcr Oboe.","og_url":"https:\/\/eg-reeds.com\/de\/shop\/zubehoer\/schablone-fuer-fassonschneider\/oboe-de\/fassonform-rc-roseau-chantant-fuer-oboe\/","og_site_name":"EG-REEDS","article_publisher":"https:\/\/www.facebook.com\/EGREEDS","article_modified_time":"2025-02-26T10:12:00+00:00","og_image":[{"width":1200,"height":960,"url":"https:\/\/eg-reeds.com\/wp-content\/uploads\/2023\/11\/RC12-shaper-form.jpeg","type":"image\/jpeg"}],"twitter_card":"summary_large_image","twitter_site":"@egreeds","twitter_misc":{"Verf\u00fcgbarkeit":"ausverkauft"},"schema":{"@context":"https:\/\/schema.org","@graph":[{"@type":["WebPage","ItemPage"],"@id":"https:\/\/eg-reeds.com\/de\/shop\/zubehoer\/schablone-fuer-fassonschneider\/oboe-de\/fassonform-rc-roseau-chantant-fuer-oboe\/","url":"https:\/\/eg-reeds.com\/de\/shop\/zubehoer\/schablone-fuer-fassonschneider\/oboe-de\/fassonform-rc-roseau-chantant-fuer-oboe\/","name":"Fassonform RC\u00a0Roseau Chantant\u00a0f\u00fcr Oboe - EG-REEDS","isPartOf":{"@id":"https:\/\/eg-reeds.com\/de\/#website"},"primaryImageOfPage":{"@id":"https:\/\/eg-reeds.com\/de\/shop\/zubehoer\/schablone-fuer-fassonschneider\/oboe-de\/fassonform-rc-roseau-chantant-fuer-oboe\/#primaryimage"},"image":{"@id":"https:\/\/eg-reeds.com\/de\/shop\/zubehoer\/schablone-fuer-fassonschneider\/oboe-de\/fassonform-rc-roseau-chantant-fuer-oboe\/#primaryimage"},"thumbnailUrl":"https:\/\/eg-reeds.com\/wp-content\/uploads\/2023\/11\/RC12-shaper-form.jpeg","datePublished":"2023-11-27T09:49:08+00:00","dateModified":"2025-02-26T10:12:00+00:00","description":"Fassonform RC Roseau Chantant f\u00fcr Oboe. Fassonform RC11, RC12, RC13, RC14 oder RC15 f\u00fcr Oboe.","breadcrumb":{"@id":"https:\/\/eg-reeds.com\/de\/shop\/zubehoer\/schablone-fuer-fassonschneider\/oboe-de\/fassonform-rc-roseau-chantant-fuer-oboe\/#breadcrumb"},"inLanguage":"de","potentialAction":[{"@type":"ReadAction","target":["https:\/\/eg-reeds.com\/de\/shop\/zubehoer\/schablone-fuer-fassonschneider\/oboe-de\/fassonform-rc-roseau-chantant-fuer-oboe\/"]}]},{"@type":"ImageObject","inLanguage":"de","@id":"https:\/\/eg-reeds.com\/de\/shop\/zubehoer\/schablone-fuer-fassonschneider\/oboe-de\/fassonform-rc-roseau-chantant-fuer-oboe\/#primaryimage","url":"https:\/\/eg-reeds.com\/wp-content\/uploads\/2023\/11\/RC12-shaper-form.jpeg","contentUrl":"https:\/\/eg-reeds.com\/wp-content\/uploads\/2023\/11\/RC12-shaper-form.jpeg","width":1200,"height":960,"caption":"Fassonform RC12\u00a0"},{"@type":"BreadcrumbList","@id":"https:\/\/eg-reeds.com\/de\/shop\/zubehoer\/schablone-fuer-fassonschneider\/oboe-de\/fassonform-rc-roseau-chantant-fuer-oboe\/#breadcrumb","itemListElement":[{"@type":"ListItem","position":1,"name":"Startseite","item":"https:\/\/eg-reeds.com\/de\/"},{"@type":"ListItem","position":2,"name":"Shop","item":"https:\/\/eg-reeds.com\/de\/"},{"@type":"ListItem","position":3,"name":"Fassonform RC\u00a0Roseau Chantant\u00a0f\u00fcr Oboe"}]},{"@type":"WebSite","@id":"https:\/\/eg-reeds.com\/de\/#website","url":"https:\/\/eg-reeds.com\/de\/","name":"www.eg-reeds.com","description":"Rohre f\u00fcr Oboe","publisher":{"@id":"https:\/\/eg-reeds.com\/de\/#organization"},"alternateName":"eg-reeds.com","potentialAction":[{"@type":"SearchAction","target":{"@type":"EntryPoint","urlTemplate":"https:\/\/eg-reeds.com\/de\/?s={search_term_string}"},"query-input":{"@type":"PropertyValueSpecification","valueRequired":true,"valueName":"search_term_string"}}],"inLanguage":"de"},{"@type":"Organization","@id":"https:\/\/eg-reeds.com\/de\/#organization","name":"www.eg-reeds.com","url":"https:\/\/eg-reeds.com\/de\/","logo":{"@type":"ImageObject","inLanguage":"de","@id":"https:\/\/eg-reeds.com\/de\/#\/schema\/logo\/image\/","url":"https:\/\/eg-reeds.com\/wp-content\/uploads\/2024\/06\/Logo-scaled-e1718793906611.jpg","contentUrl":"https:\/\/eg-reeds.com\/wp-content\/uploads\/2024\/06\/Logo-scaled-e1718793906611.jpg","width":1200,"height":493,"caption":"www.eg-reeds.com"},"image":{"@id":"https:\/\/eg-reeds.com\/de\/#\/schema\/logo\/image\/"},"sameAs":["https:\/\/www.facebook.com\/EGREEDS","https:\/\/x.com\/egreeds","https:\/\/www.instagram.com\/egreeds\/","https:\/\/www.youtube.com\/c\/EGREEDS","https:\/\/www.threads.net\/@egreeds","https:\/\/www.tiktok.com\/@egreeds"]}]},"og_availability":"out of stock","product_availability":"out of stock","product_retailer_item_id":"RCSF","product_condition":"new"},"_links":{"self":[{"href":"https:\/\/eg-reeds.com\/de\/wp-json\/wp\/v2\/product\/50687","targetHints":{"allow":["GET"]}}],"collection":[{"href":"https:\/\/eg-reeds.com\/de\/wp-json\/wp\/v2\/product"}],"about":[{"href":"https:\/\/eg-reeds.com\/de\/wp-json\/wp\/v2\/types\/product"}],"replies":[{"embeddable":true,"href":"https:\/\/eg-reeds.com\/de\/wp-json\/wp\/v2\/comments?post=50687"}],"wp:featuredmedia":[{"embeddable":true,"href":"https:\/\/eg-reeds.com\/de\/wp-json\/wp\/v2\/media\/49295"}],"wp:attachment":[{"href":"https:\/\/eg-reeds.com\/de\/wp-json\/wp\/v2\/media?parent=50687"}],"wp:term":[{"taxonomy":"product_brand","embeddable":true,"href":"https:\/\/eg-reeds.com\/de\/wp-json\/wp\/v2\/product_brand?post=50687"},{"taxonomy":"product_cat","embeddable":true,"href":"https:\/\/eg-reeds.com\/de\/wp-json\/wp\/v2\/product_cat?post=50687"},{"taxonomy":"product_tag","embeddable":true,"href":"https:\/\/eg-reeds.com\/de\/wp-json\/wp\/v2\/product_tag?post=50687"},{"taxonomy":"giftcard-category","embeddable":true,"href":"https:\/\/eg-reeds.com\/de\/wp-json\/wp\/v2\/giftcard-category?post=50687"}],"curies":[{"name":"wp","href":"https:\/\/api.w.org\/{rel}","templated":true}]}}