{"id":50905,"date":"2024-04-04T16:43:28","date_gmt":"2024-04-04T15:43:28","guid":{"rendered":"http:\/\/eg-reeds.com\/?post_type=product&#038;p=50905"},"modified":"2024-12-03T10:38:52","modified_gmt":"2024-12-03T09:38:52","slug":"professionelle-oboenrohr-901","status":"publish","type":"product","link":"https:\/\/eg-reeds.com\/de\/shop\/professionelle-oboe-rorhe\/oboenrohre\/professionelle-oboenrohr-901\/","title":{"rendered":"Professionelle Oboenrohr 901"},"content":{"rendered":"<h1><strong>Professionelle Oboenrohr 901.<\/strong><\/h1>\n<p data-sourcepos=\"5:1-5:376\">Das Professionelle Oboenrohr 901 wurde speziell f\u00fcr Marigaux 901 Oboen entwickelt, um deren volles Potenzial auszusch\u00f6pfen. Es ist auch mit jeder anderen Oboe kompatibel. Unser akribischer Fertigungsprozess kombiniert den von Lorenzo Massala entworfenen 901-Schablone mit unserem Fasson f\u00fcr Oboe EG-REEDS. Zusammen mit unserer Expertise entstehen so Oboenrohre mit au\u00dfergew\u00f6hnlicher Qualit\u00e4t.<\/p>\n<p data-sourcepos=\"7:1-7:32\"><strong>Erleben Sie den Unterschied:<\/strong><\/p>\n<ul data-sourcepos=\"9:1-12:0\">\n<li data-sourcepos=\"9:1-9:139\"><strong>M\u00fchelose Ansprache und Kontrolle:<\/strong>\u00a0Genie\u00dfen Sie ein angenehmes Spielgef\u00fchl mit einem Rohrblatt, das sofort auf jeden Atemzug reagiert.<\/li>\n<li data-sourcepos=\"10:1-10:223\"><strong>Reicher, ausgewogener Klang:<\/strong> Das 901 Oboenrohr erzeugt einen sch\u00f6nen, kultivierten Klang, der die exquisite Stimme der Marigaux Oboe perfekt erg\u00e4nzt. Hinzu kommen eine gute Intonation und ein angenehmes Spielgef\u00fchl.<\/li>\n<li data-sourcepos=\"11:1-12:0\"><strong>Pr\u00e4zise Artikulation und Intonation:<\/strong> Spielen Sie mit Zuversicht, da das 901 Rohr eine gleichbleibende Intonation bietet und eine klare, deutliche Artikulation in allen Registern erm\u00f6glicht.<\/li>\n<\/ul>\n<p data-sourcepos=\"13:1-13:33\"><strong>Entfesseln Sie Ihr Potenzial:<\/strong><\/p>\n<p data-sourcepos=\"15:1-15:324\">Egal, ob Sie ein erfahrener Profi oder ein sich entwickelnder Oboist sind, das Oboenrohr 901 erm\u00f6glicht Ihnen H\u00f6chstleistungen. Bew\u00e4ltigen Sie anspruchsvolles Repertoire mit Leichtigkeit, dr\u00fccken Sie zarte Nuancen pr\u00e4zise aus und erleben Sie die Freude am Spielen mit einem wahrhaft au\u00dfergew\u00f6hnlichen Rohrblatt.<\/p>\n<p data-sourcepos=\"17:1-17:14\"><strong>Ideal f\u00fcr:<\/strong><\/p>\n<ul data-sourcepos=\"19:1-22:0\">\n<li data-sourcepos=\"19:1-19:18\">Konzertauftritte<\/li>\n<li data-sourcepos=\"20:1-20:21\">Aufnahmen im Studio<\/li>\n<li data-sourcepos=\"21:1-22:0\">\u00dcben und Proben<\/li>\n<\/ul>\n<p data-sourcepos=\"23:1-23:54\"><strong>EG-REEDS: Die Wahl der anspruchsvollsten Oboisten.<\/strong><\/p>\n<p><iframe loading=\"lazy\" title=\"NUEVA CA\u00d1A DE OBOE 901 \/ NEW 901 PROFESSIONAL OBOE REED!\" width=\"1020\" height=\"574\" src=\"https:\/\/www.youtube.com\/embed\/pCm_mq8fd0E?feature=oembed\" frameborder=\"0\" allow=\"accelerometer; autoplay; clipboard-write; encrypted-media; gyroscope; picture-in-picture; web-share\" referrerpolicy=\"strict-origin-when-cross-origin\" allowfullscreen><\/iframe><\/p>\n<h1 data-sourcepos=\"25:1-25:57\"><strong>Technische Daten.<\/strong><\/h1>\n<p data-sourcepos=\"27:1-27:199\">Sie k\u00f6nnen Professionelle Oboenrohr 901 einfach durch die Wahl der H\u00fclse, der H\u00e4rte und der optionalen Messingdraht kaufen. Sollten Sie weitere Informationen ben\u00f6tigen, finden Sie hier alle Spezifikationen:<\/p>\n<ul data-sourcepos=\"29:1-36:65\">\n<li data-sourcepos=\"29:1-29:24\">Fasson f\u00fcr Oboe: EG-REEDS<\/li>\n<li data-sourcepos=\"30:1-30:66\">Schablone: 901 von Lorenzo Massala.<\/li>\n<li data-sourcepos=\"31:1-31:49\">Oboenh\u00fclse: Chiarugi 47 2 oder 46 2<\/li>\n<li data-sourcepos=\"32:1-32:35\">Schabl\u00e4nge: zwischen 10 und 11 mm<\/li>\n<li data-sourcepos=\"33:1-33:25\">Optionale Messingdraht<\/li>\n<li data-sourcepos=\"34:1-36:65\">L\u00e4nge des fertigen Rohre &#8211; abh\u00e4ngig von der H\u00fclse:\n<ul data-sourcepos=\"35:5-36:65\">\n<li data-sourcepos=\"35:5-35:65\">H\u00fclse Chiarugi 47 2 &#8211; L\u00e4nge des fertigen Rohre &#8211; 72 mm<\/li>\n<li data-sourcepos=\"36:5-36:65\">H\u00fclse Chiarugi 46 2 &#8211; L\u00e4nge des fertigen Rohre &#8211; 71 mm<\/li>\n<\/ul>\n<\/li>\n<\/ul>\n<p>&nbsp;<\/p>\n","protected":false},"excerpt":{"rendered":"<p>Das Professionelle Oboenrohr 901 wurde speziell f\u00fcr Marigaux 901 Oboen entwickelt.<\/p>\n","protected":false},"featured_media":51089,"comment_status":"open","ping_status":"closed","template":"","meta":[],"product_brand":[],"product_cat":[508,474],"product_tag":[],"giftcard-category":[],"class_list":{"0":"post-50905","1":"product","2":"type-product","3":"status-publish","4":"has-post-thumbnail","6":"product_cat-oboenrohre","7":"product_cat-professionelle-oboe-rorhe","8":"pa_brass-wire-ja","9":"pa_brass-wire-nein","10":"pa_staple-chiarugi-46-2-de-2","11":"pa_staple-chiarugi-47-2-de-2","13":"first","14":"instock","15":"featured","16":"taxable","17":"shipping-taxable","18":"purchasable","19":"product-type-variable","20":"has-default-attributes"},"yoast_head":"<!-- This site is optimized with the Yoast SEO Premium plugin v27.0 (Yoast SEO v27.4) - https:\/\/yoast.com\/product\/yoast-seo-premium-wordpress\/ -->\n<title>Professionelle Oboenrohr 901 - EG-REEDS<\/title>\n<meta name=\"description\" content=\"Das Professionelle Oboenrohr 901 wurde speziell f\u00fcr Marigaux 901 Oboen entwickelt um deren volles Potenzial auszusch\u00f6pfen. Schablone 901 von Lorenzo Massala\" \/>\n<meta name=\"robots\" content=\"index, follow, max-snippet:-1, max-image-preview:large, max-video-preview:-1\" \/>\n<link rel=\"canonical\" href=\"https:\/\/eg-reeds.com\/de\/shop\/professionelle-oboe-rorhe\/oboenrohre\/professionelle-oboenrohr-901\/\" \/>\n<meta property=\"og:locale\" content=\"de_DE\" \/>\n<meta property=\"og:type\" content=\"article\" \/>\n<meta property=\"og:title\" content=\"Professionelle Oboenrohr 901\" \/>\n<meta property=\"og:description\" content=\"Das Professionelle Oboenrohr 901 wurde speziell f\u00fcr Marigaux 901 Oboen entwickelt um deren volles Potenzial auszusch\u00f6pfen. Schablone 901 von Lorenzo Massala\" \/>\n<meta property=\"og:url\" content=\"https:\/\/eg-reeds.com\/de\/shop\/professionelle-oboe-rorhe\/oboenrohre\/professionelle-oboenrohr-901\/\" \/>\n<meta property=\"og:site_name\" content=\"EG-REEDS\" \/>\n<meta property=\"article:publisher\" content=\"https:\/\/www.facebook.com\/EGREEDS\" \/>\n<meta property=\"article:modified_time\" content=\"2024-12-03T09:38:52+00:00\" \/>\n<meta property=\"og:image\" content=\"https:\/\/eg-reeds.com\/wp-content\/uploads\/2024\/04\/901-Professional-oboe-reed.jpeg\" \/>\n\t<meta property=\"og:image:width\" content=\"1280\" \/>\n\t<meta property=\"og:image:height\" content=\"1088\" \/>\n\t<meta property=\"og:image:type\" content=\"image\/jpeg\" \/>\n<meta name=\"twitter:card\" content=\"summary_large_image\" \/>\n<meta name=\"twitter:site\" content=\"@egreeds\" \/>\n<meta name=\"twitter:label1\" content=\"Verf\u00fcgbarkeit\" \/>\n\t<meta name=\"twitter:data1\" content=\"Auf Lager\" \/>\n<script type=\"application\/ld+json\" class=\"yoast-schema-graph\">{\"@context\":\"https:\\\/\\\/schema.org\",\"@graph\":[{\"@type\":[\"WebPage\",\"ItemPage\"],\"@id\":\"https:\\\/\\\/eg-reeds.com\\\/de\\\/shop\\\/professionelle-oboe-rorhe\\\/oboenrohre\\\/professionelle-oboenrohr-901\\\/\",\"url\":\"https:\\\/\\\/eg-reeds.com\\\/de\\\/shop\\\/professionelle-oboe-rorhe\\\/oboenrohre\\\/professionelle-oboenrohr-901\\\/\",\"name\":\"Professionelle Oboenrohr 901 - EG-REEDS\",\"isPartOf\":{\"@id\":\"https:\\\/\\\/eg-reeds.com\\\/de\\\/#website\"},\"primaryImageOfPage\":{\"@id\":\"https:\\\/\\\/eg-reeds.com\\\/de\\\/shop\\\/professionelle-oboe-rorhe\\\/oboenrohre\\\/professionelle-oboenrohr-901\\\/#primaryimage\"},\"image\":{\"@id\":\"https:\\\/\\\/eg-reeds.com\\\/de\\\/shop\\\/professionelle-oboe-rorhe\\\/oboenrohre\\\/professionelle-oboenrohr-901\\\/#primaryimage\"},\"thumbnailUrl\":\"https:\\\/\\\/eg-reeds.com\\\/wp-content\\\/uploads\\\/2024\\\/04\\\/901-Professional-oboe-reed.jpeg\",\"datePublished\":\"2024-04-04T15:43:28+00:00\",\"dateModified\":\"2024-12-03T09:38:52+00:00\",\"description\":\"Das Professionelle Oboenrohr 901 wurde speziell f\u00fcr Marigaux 901 Oboen entwickelt um deren volles Potenzial auszusch\u00f6pfen. Schablone 901 von Lorenzo Massala\",\"breadcrumb\":{\"@id\":\"https:\\\/\\\/eg-reeds.com\\\/de\\\/shop\\\/professionelle-oboe-rorhe\\\/oboenrohre\\\/professionelle-oboenrohr-901\\\/#breadcrumb\"},\"inLanguage\":\"de\",\"potentialAction\":[{\"@type\":\"ReadAction\",\"target\":[\"https:\\\/\\\/eg-reeds.com\\\/de\\\/shop\\\/professionelle-oboe-rorhe\\\/oboenrohre\\\/professionelle-oboenrohr-901\\\/\"]}]},{\"@type\":\"ImageObject\",\"inLanguage\":\"de\",\"@id\":\"https:\\\/\\\/eg-reeds.com\\\/de\\\/shop\\\/professionelle-oboe-rorhe\\\/oboenrohre\\\/professionelle-oboenrohr-901\\\/#primaryimage\",\"url\":\"https:\\\/\\\/eg-reeds.com\\\/wp-content\\\/uploads\\\/2024\\\/04\\\/901-Professional-oboe-reed.jpeg\",\"contentUrl\":\"https:\\\/\\\/eg-reeds.com\\\/wp-content\\\/uploads\\\/2024\\\/04\\\/901-Professional-oboe-reed.jpeg\",\"width\":1280,\"height\":1088,\"caption\":\"Professionelle Oboenrohr 901\"},{\"@type\":\"BreadcrumbList\",\"@id\":\"https:\\\/\\\/eg-reeds.com\\\/de\\\/shop\\\/professionelle-oboe-rorhe\\\/oboenrohre\\\/professionelle-oboenrohr-901\\\/#breadcrumb\",\"itemListElement\":[{\"@type\":\"ListItem\",\"position\":1,\"name\":\"Startseite\",\"item\":\"https:\\\/\\\/eg-reeds.com\\\/de\\\/\"},{\"@type\":\"ListItem\",\"position\":2,\"name\":\"Shop\",\"item\":\"https:\\\/\\\/eg-reeds.com\\\/de\\\/\"},{\"@type\":\"ListItem\",\"position\":3,\"name\":\"Professionelle Oboenrohr 901\"}]},{\"@type\":\"WebSite\",\"@id\":\"https:\\\/\\\/eg-reeds.com\\\/de\\\/#website\",\"url\":\"https:\\\/\\\/eg-reeds.com\\\/de\\\/\",\"name\":\"www.eg-reeds.com\",\"description\":\"Rohre f\u00fcr Oboe\",\"publisher\":{\"@id\":\"https:\\\/\\\/eg-reeds.com\\\/de\\\/#organization\"},\"alternateName\":\"eg-reeds.com\",\"potentialAction\":[{\"@type\":\"SearchAction\",\"target\":{\"@type\":\"EntryPoint\",\"urlTemplate\":\"https:\\\/\\\/eg-reeds.com\\\/de\\\/?s={search_term_string}\"},\"query-input\":{\"@type\":\"PropertyValueSpecification\",\"valueRequired\":true,\"valueName\":\"search_term_string\"}}],\"inLanguage\":\"de\"},{\"@type\":\"Organization\",\"@id\":\"https:\\\/\\\/eg-reeds.com\\\/de\\\/#organization\",\"name\":\"www.eg-reeds.com\",\"url\":\"https:\\\/\\\/eg-reeds.com\\\/de\\\/\",\"logo\":{\"@type\":\"ImageObject\",\"inLanguage\":\"de\",\"@id\":\"https:\\\/\\\/eg-reeds.com\\\/de\\\/#\\\/schema\\\/logo\\\/image\\\/\",\"url\":\"https:\\\/\\\/eg-reeds.com\\\/wp-content\\\/uploads\\\/2024\\\/06\\\/Logo-scaled-e1718793906611.jpg\",\"contentUrl\":\"https:\\\/\\\/eg-reeds.com\\\/wp-content\\\/uploads\\\/2024\\\/06\\\/Logo-scaled-e1718793906611.jpg\",\"width\":1200,\"height\":493,\"caption\":\"www.eg-reeds.com\"},\"image\":{\"@id\":\"https:\\\/\\\/eg-reeds.com\\\/de\\\/#\\\/schema\\\/logo\\\/image\\\/\"},\"sameAs\":[\"https:\\\/\\\/www.facebook.com\\\/EGREEDS\",\"https:\\\/\\\/x.com\\\/egreeds\",\"https:\\\/\\\/www.instagram.com\\\/egreeds\\\/\",\"https:\\\/\\\/www.youtube.com\\\/c\\\/EGREEDS\",\"https:\\\/\\\/www.threads.net\\\/@egreeds\",\"https:\\\/\\\/www.tiktok.com\\\/@egreeds\"]}]}<\/script>\n<meta property=\"og:availability\" content=\"instock\" \/>\n<meta property=\"product:availability\" content=\"instock\" \/>\n<meta property=\"product:retailer_item_id\" content=\"CPOB-901-\" \/>\n<meta property=\"product:condition\" content=\"new\" \/>\n<!-- \/ Yoast SEO Premium plugin. -->","yoast_head_json":{"title":"Professionelle Oboenrohr 901 - EG-REEDS","description":"Das Professionelle Oboenrohr 901 wurde speziell f\u00fcr Marigaux 901 Oboen entwickelt um deren volles Potenzial auszusch\u00f6pfen. Schablone 901 von Lorenzo Massala","robots":{"index":"index","follow":"follow","max-snippet":"max-snippet:-1","max-image-preview":"max-image-preview:large","max-video-preview":"max-video-preview:-1"},"canonical":"https:\/\/eg-reeds.com\/de\/shop\/professionelle-oboe-rorhe\/oboenrohre\/professionelle-oboenrohr-901\/","og_locale":"de_DE","og_type":"article","og_title":"Professionelle Oboenrohr 901","og_description":"Das Professionelle Oboenrohr 901 wurde speziell f\u00fcr Marigaux 901 Oboen entwickelt um deren volles Potenzial auszusch\u00f6pfen. Schablone 901 von Lorenzo Massala","og_url":"https:\/\/eg-reeds.com\/de\/shop\/professionelle-oboe-rorhe\/oboenrohre\/professionelle-oboenrohr-901\/","og_site_name":"EG-REEDS","article_publisher":"https:\/\/www.facebook.com\/EGREEDS","article_modified_time":"2024-12-03T09:38:52+00:00","og_image":[{"width":1280,"height":1088,"url":"https:\/\/eg-reeds.com\/wp-content\/uploads\/2024\/04\/901-Professional-oboe-reed.jpeg","type":"image\/jpeg"}],"twitter_card":"summary_large_image","twitter_site":"@egreeds","twitter_misc":{"Verf\u00fcgbarkeit":"Auf Lager"},"schema":{"@context":"https:\/\/schema.org","@graph":[{"@type":["WebPage","ItemPage"],"@id":"https:\/\/eg-reeds.com\/de\/shop\/professionelle-oboe-rorhe\/oboenrohre\/professionelle-oboenrohr-901\/","url":"https:\/\/eg-reeds.com\/de\/shop\/professionelle-oboe-rorhe\/oboenrohre\/professionelle-oboenrohr-901\/","name":"Professionelle Oboenrohr 901 - EG-REEDS","isPartOf":{"@id":"https:\/\/eg-reeds.com\/de\/#website"},"primaryImageOfPage":{"@id":"https:\/\/eg-reeds.com\/de\/shop\/professionelle-oboe-rorhe\/oboenrohre\/professionelle-oboenrohr-901\/#primaryimage"},"image":{"@id":"https:\/\/eg-reeds.com\/de\/shop\/professionelle-oboe-rorhe\/oboenrohre\/professionelle-oboenrohr-901\/#primaryimage"},"thumbnailUrl":"https:\/\/eg-reeds.com\/wp-content\/uploads\/2024\/04\/901-Professional-oboe-reed.jpeg","datePublished":"2024-04-04T15:43:28+00:00","dateModified":"2024-12-03T09:38:52+00:00","description":"Das Professionelle Oboenrohr 901 wurde speziell f\u00fcr Marigaux 901 Oboen entwickelt um deren volles Potenzial auszusch\u00f6pfen. Schablone 901 von Lorenzo Massala","breadcrumb":{"@id":"https:\/\/eg-reeds.com\/de\/shop\/professionelle-oboe-rorhe\/oboenrohre\/professionelle-oboenrohr-901\/#breadcrumb"},"inLanguage":"de","potentialAction":[{"@type":"ReadAction","target":["https:\/\/eg-reeds.com\/de\/shop\/professionelle-oboe-rorhe\/oboenrohre\/professionelle-oboenrohr-901\/"]}]},{"@type":"ImageObject","inLanguage":"de","@id":"https:\/\/eg-reeds.com\/de\/shop\/professionelle-oboe-rorhe\/oboenrohre\/professionelle-oboenrohr-901\/#primaryimage","url":"https:\/\/eg-reeds.com\/wp-content\/uploads\/2024\/04\/901-Professional-oboe-reed.jpeg","contentUrl":"https:\/\/eg-reeds.com\/wp-content\/uploads\/2024\/04\/901-Professional-oboe-reed.jpeg","width":1280,"height":1088,"caption":"Professionelle Oboenrohr 901"},{"@type":"BreadcrumbList","@id":"https:\/\/eg-reeds.com\/de\/shop\/professionelle-oboe-rorhe\/oboenrohre\/professionelle-oboenrohr-901\/#breadcrumb","itemListElement":[{"@type":"ListItem","position":1,"name":"Startseite","item":"https:\/\/eg-reeds.com\/de\/"},{"@type":"ListItem","position":2,"name":"Shop","item":"https:\/\/eg-reeds.com\/de\/"},{"@type":"ListItem","position":3,"name":"Professionelle Oboenrohr 901"}]},{"@type":"WebSite","@id":"https:\/\/eg-reeds.com\/de\/#website","url":"https:\/\/eg-reeds.com\/de\/","name":"www.eg-reeds.com","description":"Rohre f\u00fcr Oboe","publisher":{"@id":"https:\/\/eg-reeds.com\/de\/#organization"},"alternateName":"eg-reeds.com","potentialAction":[{"@type":"SearchAction","target":{"@type":"EntryPoint","urlTemplate":"https:\/\/eg-reeds.com\/de\/?s={search_term_string}"},"query-input":{"@type":"PropertyValueSpecification","valueRequired":true,"valueName":"search_term_string"}}],"inLanguage":"de"},{"@type":"Organization","@id":"https:\/\/eg-reeds.com\/de\/#organization","name":"www.eg-reeds.com","url":"https:\/\/eg-reeds.com\/de\/","logo":{"@type":"ImageObject","inLanguage":"de","@id":"https:\/\/eg-reeds.com\/de\/#\/schema\/logo\/image\/","url":"https:\/\/eg-reeds.com\/wp-content\/uploads\/2024\/06\/Logo-scaled-e1718793906611.jpg","contentUrl":"https:\/\/eg-reeds.com\/wp-content\/uploads\/2024\/06\/Logo-scaled-e1718793906611.jpg","width":1200,"height":493,"caption":"www.eg-reeds.com"},"image":{"@id":"https:\/\/eg-reeds.com\/de\/#\/schema\/logo\/image\/"},"sameAs":["https:\/\/www.facebook.com\/EGREEDS","https:\/\/x.com\/egreeds","https:\/\/www.instagram.com\/egreeds\/","https:\/\/www.youtube.com\/c\/EGREEDS","https:\/\/www.threads.net\/@egreeds","https:\/\/www.tiktok.com\/@egreeds"]}]},"og_availability":"instock","product_availability":"instock","product_retailer_item_id":"CPOB-901-","product_condition":"new"},"_links":{"self":[{"href":"https:\/\/eg-reeds.com\/de\/wp-json\/wp\/v2\/product\/50905","targetHints":{"allow":["GET"]}}],"collection":[{"href":"https:\/\/eg-reeds.com\/de\/wp-json\/wp\/v2\/product"}],"about":[{"href":"https:\/\/eg-reeds.com\/de\/wp-json\/wp\/v2\/types\/product"}],"replies":[{"embeddable":true,"href":"https:\/\/eg-reeds.com\/de\/wp-json\/wp\/v2\/comments?post=50905"}],"wp:featuredmedia":[{"embeddable":true,"href":"https:\/\/eg-reeds.com\/de\/wp-json\/wp\/v2\/media\/51089"}],"wp:attachment":[{"href":"https:\/\/eg-reeds.com\/de\/wp-json\/wp\/v2\/media?parent=50905"}],"wp:term":[{"taxonomy":"product_brand","embeddable":true,"href":"https:\/\/eg-reeds.com\/de\/wp-json\/wp\/v2\/product_brand?post=50905"},{"taxonomy":"product_cat","embeddable":true,"href":"https:\/\/eg-reeds.com\/de\/wp-json\/wp\/v2\/product_cat?post=50905"},{"taxonomy":"product_tag","embeddable":true,"href":"https:\/\/eg-reeds.com\/de\/wp-json\/wp\/v2\/product_tag?post=50905"},{"taxonomy":"giftcard-category","embeddable":true,"href":"https:\/\/eg-reeds.com\/de\/wp-json\/wp\/v2\/giftcard-category?post=50905"}],"curies":[{"name":"wp","href":"https:\/\/api.w.org\/{rel}","templated":true}]}}