{"id":51511,"date":"2024-05-24T13:02:02","date_gmt":"2024-05-27T12:10:57","guid":{"rendered":"http:\/\/eg-reeds.com\/?post_type=product&#038;p=51511"},"modified":"2024-05-27T13:11:51","modified_gmt":"2024-05-27T12:11:51","slug":"korg-ca-2-chromatisches-stimmgeraet","status":"publish","type":"product","link":"https:\/\/eg-reeds.com\/de\/shop\/zubehoer\/zubehor-fur-instrumente\/korg-ca-2-chromatisches-stimmgeraet\/","title":{"rendered":"Korg CA-2 Chromatisches Stimmger\u00e4t"},"content":{"rendered":"<h1><strong>Korg CA-2 Chromatisches Stimmger\u00e4t.<\/strong><\/h1>\n<p>Korg CA-2 Chromatisches Stimmger\u00e4t.<\/p>\n<p data-sourcepos=\"5:1-5:41\">Das Korg CA-2 ist ein chromatisches Stimmger\u00e4t, das hohe Pr\u00e4zision, Empfindlichkeit und Benutzerfreundlichkeit bietet und somit das perfekte Werkzeug f\u00fcr Musiker aller Niveaus ist. Sein kompaktes und leichtes Design macht es ideal f\u00fcr unterwegs, w\u00e4hrend seine breite Palette an Funktionen es f\u00fcr eine Vielzahl von Instrumenten geeignet macht.<\/p>\n<p data-sourcepos=\"7:1-7:18\">\n","protected":false},"excerpt":{"rendered":"<p>Korg CA-2 Chromatisches Stimmger\u00e4t. Korg CA-2 Chromatisches Stimmger\u00e4t. Das Korg CA-2 ist ein chromatisches Stimmger\u00e4t, das hohe Pr\u00e4zision, Empfindlichkeit und Benutzerfreundlichkeit bietet und somit das perfekte Werkzeug f\u00fcr Musiker aller Niveaus ist. Sein kompaktes und leichtes Design macht es ideal f\u00fcr unterwegs, w\u00e4hrend seine breite Palette an Funktionen es f\u00fcr eine Vielzahl von Instrumenten geeignet [&#8230;]\n","protected":false},"featured_media":51481,"comment_status":"open","ping_status":"closed","template":"","meta":[],"product_brand":[],"product_cat":[3581],"product_tag":[],"giftcard-category":[],"class_list":{"0":"post-51511","1":"product","2":"type-product","3":"status-publish","4":"has-post-thumbnail","6":"product_cat-zubehor-fur-instrumente","8":"first","9":"outofstock","10":"taxable","11":"shipping-taxable","12":"purchasable","13":"product-type-simple"},"yoast_head":"<!-- This site is optimized with the Yoast SEO Premium plugin v27.0 (Yoast SEO v27.3) - https:\/\/yoast.com\/product\/yoast-seo-premium-wordpress\/ -->\n<title>Korg CA-2 Chromatisches Stimmger\u00e4t - EG-REEDS<\/title>\n<meta name=\"description\" content=\"Korg CA-2 Chromatisches Stimmger\u00e4t. Das Korg CA-2 ist ein chromatisches Stimmger\u00e4t, das hohe Pr\u00e4zision und Empfindlichkeit. Hier kaufen.\" \/>\n<meta name=\"robots\" content=\"index, follow, max-snippet:-1, max-image-preview:large, max-video-preview:-1\" \/>\n<link rel=\"canonical\" href=\"https:\/\/eg-reeds.com\/de\/shop\/zubehoer\/zubehor-fur-instrumente\/korg-ca-2-chromatisches-stimmgeraet\/\" \/>\n<meta property=\"og:locale\" content=\"de_DE\" \/>\n<meta property=\"og:type\" content=\"article\" \/>\n<meta property=\"og:title\" content=\"Korg CA-2 Chromatisches Stimmger\u00e4t\" \/>\n<meta property=\"og:description\" content=\"Korg CA-2 Chromatisches Stimmger\u00e4t. Das Korg CA-2 ist ein chromatisches Stimmger\u00e4t, das hohe Pr\u00e4zision und Empfindlichkeit. Hier kaufen.\" \/>\n<meta property=\"og:url\" content=\"https:\/\/eg-reeds.com\/de\/shop\/zubehoer\/zubehor-fur-instrumente\/korg-ca-2-chromatisches-stimmgeraet\/\" \/>\n<meta property=\"og:site_name\" content=\"EG-REEDS\" \/>\n<meta property=\"article:publisher\" content=\"https:\/\/www.facebook.com\/EGREEDS\" \/>\n<meta property=\"article:modified_time\" content=\"2024-05-27T12:11:51+00:00\" \/>\n<meta property=\"og:image\" content=\"https:\/\/eg-reeds.com\/wp-content\/uploads\/2024\/05\/Korg-CA-2-Chromatic-Tuner.jpg\" \/>\n\t<meta property=\"og:image:width\" content=\"679\" \/>\n\t<meta property=\"og:image:height\" content=\"404\" \/>\n\t<meta property=\"og:image:type\" content=\"image\/jpeg\" \/>\n<meta name=\"twitter:card\" content=\"summary_large_image\" \/>\n<meta name=\"twitter:site\" content=\"@egreeds\" \/>\n<meta name=\"twitter:label1\" content=\"Preis\" \/>\n\t<meta name=\"twitter:data1\" content=\"20,00&euro;\" \/>\n\t<meta name=\"twitter:label2\" content=\"Verf\u00fcgbarkeit\" \/>\n\t<meta name=\"twitter:data2\" content=\"ausverkauft\" \/>\n<script type=\"application\/ld+json\" class=\"yoast-schema-graph\">{\"@context\":\"https:\\\/\\\/schema.org\",\"@graph\":[{\"@type\":[\"WebPage\",\"ItemPage\"],\"@id\":\"https:\\\/\\\/eg-reeds.com\\\/de\\\/shop\\\/zubehoer\\\/zubehor-fur-instrumente\\\/korg-ca-2-chromatisches-stimmgeraet\\\/\",\"url\":\"https:\\\/\\\/eg-reeds.com\\\/de\\\/shop\\\/zubehoer\\\/zubehor-fur-instrumente\\\/korg-ca-2-chromatisches-stimmgeraet\\\/\",\"name\":\"Korg CA-2 Chromatisches Stimmger\u00e4t - EG-REEDS\",\"isPartOf\":{\"@id\":\"https:\\\/\\\/eg-reeds.com\\\/de\\\/#website\"},\"primaryImageOfPage\":{\"@id\":\"https:\\\/\\\/eg-reeds.com\\\/de\\\/shop\\\/zubehoer\\\/zubehor-fur-instrumente\\\/korg-ca-2-chromatisches-stimmgeraet\\\/#primaryimage\"},\"image\":{\"@id\":\"https:\\\/\\\/eg-reeds.com\\\/de\\\/shop\\\/zubehoer\\\/zubehor-fur-instrumente\\\/korg-ca-2-chromatisches-stimmgeraet\\\/#primaryimage\"},\"thumbnailUrl\":\"https:\\\/\\\/eg-reeds.com\\\/wp-content\\\/uploads\\\/2024\\\/05\\\/Korg-CA-2-Chromatic-Tuner.jpg\",\"datePublished\":\"2024-05-27T12:10:57+00:00\",\"dateModified\":\"2024-05-27T12:11:51+00:00\",\"description\":\"Korg CA-2 Chromatisches Stimmger\u00e4t. Das Korg CA-2 ist ein chromatisches Stimmger\u00e4t, das hohe Pr\u00e4zision und Empfindlichkeit. Hier kaufen.\",\"breadcrumb\":{\"@id\":\"https:\\\/\\\/eg-reeds.com\\\/de\\\/shop\\\/zubehoer\\\/zubehor-fur-instrumente\\\/korg-ca-2-chromatisches-stimmgeraet\\\/#breadcrumb\"},\"inLanguage\":\"de\",\"potentialAction\":[{\"@type\":\"ReadAction\",\"target\":[\"https:\\\/\\\/eg-reeds.com\\\/de\\\/shop\\\/zubehoer\\\/zubehor-fur-instrumente\\\/korg-ca-2-chromatisches-stimmgeraet\\\/\"]}]},{\"@type\":\"ImageObject\",\"inLanguage\":\"de\",\"@id\":\"https:\\\/\\\/eg-reeds.com\\\/de\\\/shop\\\/zubehoer\\\/zubehor-fur-instrumente\\\/korg-ca-2-chromatisches-stimmgeraet\\\/#primaryimage\",\"url\":\"https:\\\/\\\/eg-reeds.com\\\/wp-content\\\/uploads\\\/2024\\\/05\\\/Korg-CA-2-Chromatic-Tuner.jpg\",\"contentUrl\":\"https:\\\/\\\/eg-reeds.com\\\/wp-content\\\/uploads\\\/2024\\\/05\\\/Korg-CA-2-Chromatic-Tuner.jpg\",\"width\":679,\"height\":404,\"caption\":\"Korg Stimmger\u00e4t\"},{\"@type\":\"BreadcrumbList\",\"@id\":\"https:\\\/\\\/eg-reeds.com\\\/de\\\/shop\\\/zubehoer\\\/zubehor-fur-instrumente\\\/korg-ca-2-chromatisches-stimmgeraet\\\/#breadcrumb\",\"itemListElement\":[{\"@type\":\"ListItem\",\"position\":1,\"name\":\"Startseite\",\"item\":\"https:\\\/\\\/eg-reeds.com\\\/de\\\/\"},{\"@type\":\"ListItem\",\"position\":2,\"name\":\"Shop\",\"item\":\"https:\\\/\\\/eg-reeds.com\\\/de\\\/\"},{\"@type\":\"ListItem\",\"position\":3,\"name\":\"Korg CA-2 Chromatisches Stimmger\u00e4t\"}]},{\"@type\":\"WebSite\",\"@id\":\"https:\\\/\\\/eg-reeds.com\\\/de\\\/#website\",\"url\":\"https:\\\/\\\/eg-reeds.com\\\/de\\\/\",\"name\":\"www.eg-reeds.com\",\"description\":\"Rohre f\u00fcr Oboe\",\"publisher\":{\"@id\":\"https:\\\/\\\/eg-reeds.com\\\/de\\\/#organization\"},\"alternateName\":\"eg-reeds.com\",\"potentialAction\":[{\"@type\":\"SearchAction\",\"target\":{\"@type\":\"EntryPoint\",\"urlTemplate\":\"https:\\\/\\\/eg-reeds.com\\\/de\\\/?s={search_term_string}\"},\"query-input\":{\"@type\":\"PropertyValueSpecification\",\"valueRequired\":true,\"valueName\":\"search_term_string\"}}],\"inLanguage\":\"de\"},{\"@type\":\"Organization\",\"@id\":\"https:\\\/\\\/eg-reeds.com\\\/de\\\/#organization\",\"name\":\"www.eg-reeds.com\",\"url\":\"https:\\\/\\\/eg-reeds.com\\\/de\\\/\",\"logo\":{\"@type\":\"ImageObject\",\"inLanguage\":\"de\",\"@id\":\"https:\\\/\\\/eg-reeds.com\\\/de\\\/#\\\/schema\\\/logo\\\/image\\\/\",\"url\":\"https:\\\/\\\/eg-reeds.com\\\/wp-content\\\/uploads\\\/2024\\\/06\\\/Logo-scaled-e1718793906611.jpg\",\"contentUrl\":\"https:\\\/\\\/eg-reeds.com\\\/wp-content\\\/uploads\\\/2024\\\/06\\\/Logo-scaled-e1718793906611.jpg\",\"width\":1200,\"height\":493,\"caption\":\"www.eg-reeds.com\"},\"image\":{\"@id\":\"https:\\\/\\\/eg-reeds.com\\\/de\\\/#\\\/schema\\\/logo\\\/image\\\/\"},\"sameAs\":[\"https:\\\/\\\/www.facebook.com\\\/EGREEDS\",\"https:\\\/\\\/x.com\\\/egreeds\",\"https:\\\/\\\/www.instagram.com\\\/egreeds\\\/\",\"https:\\\/\\\/www.youtube.com\\\/c\\\/EGREEDS\",\"https:\\\/\\\/www.threads.net\\\/@egreeds\",\"https:\\\/\\\/www.tiktok.com\\\/@egreeds\"]}]}<\/script>\n<meta property=\"product:price:amount\" content=\"20.00\" \/>\n<meta property=\"product:price:currency\" content=\"EUR\" \/>\n<meta property=\"og:availability\" content=\"out of stock\" \/>\n<meta property=\"product:availability\" content=\"out of stock\" \/>\n<meta property=\"product:retailer_item_id\" content=\"AAIAKorg\" \/>\n<meta property=\"product:condition\" content=\"new\" \/>\n<!-- \/ Yoast SEO Premium plugin. -->","yoast_head_json":{"title":"Korg CA-2 Chromatisches Stimmger\u00e4t - EG-REEDS","description":"Korg CA-2 Chromatisches Stimmger\u00e4t. Das Korg CA-2 ist ein chromatisches Stimmger\u00e4t, das hohe Pr\u00e4zision und Empfindlichkeit. Hier kaufen.","robots":{"index":"index","follow":"follow","max-snippet":"max-snippet:-1","max-image-preview":"max-image-preview:large","max-video-preview":"max-video-preview:-1"},"canonical":"https:\/\/eg-reeds.com\/de\/shop\/zubehoer\/zubehor-fur-instrumente\/korg-ca-2-chromatisches-stimmgeraet\/","og_locale":"de_DE","og_type":"article","og_title":"Korg CA-2 Chromatisches Stimmger\u00e4t","og_description":"Korg CA-2 Chromatisches Stimmger\u00e4t. Das Korg CA-2 ist ein chromatisches Stimmger\u00e4t, das hohe Pr\u00e4zision und Empfindlichkeit. Hier kaufen.","og_url":"https:\/\/eg-reeds.com\/de\/shop\/zubehoer\/zubehor-fur-instrumente\/korg-ca-2-chromatisches-stimmgeraet\/","og_site_name":"EG-REEDS","article_publisher":"https:\/\/www.facebook.com\/EGREEDS","article_modified_time":"2024-05-27T12:11:51+00:00","og_image":[{"width":679,"height":404,"url":"https:\/\/eg-reeds.com\/wp-content\/uploads\/2024\/05\/Korg-CA-2-Chromatic-Tuner.jpg","type":"image\/jpeg"}],"twitter_card":"summary_large_image","twitter_site":"@egreeds","twitter_misc":{"Preis":"20,00&euro;","Verf\u00fcgbarkeit":"ausverkauft"},"schema":{"@context":"https:\/\/schema.org","@graph":[{"@type":["WebPage","ItemPage"],"@id":"https:\/\/eg-reeds.com\/de\/shop\/zubehoer\/zubehor-fur-instrumente\/korg-ca-2-chromatisches-stimmgeraet\/","url":"https:\/\/eg-reeds.com\/de\/shop\/zubehoer\/zubehor-fur-instrumente\/korg-ca-2-chromatisches-stimmgeraet\/","name":"Korg CA-2 Chromatisches Stimmger\u00e4t - EG-REEDS","isPartOf":{"@id":"https:\/\/eg-reeds.com\/de\/#website"},"primaryImageOfPage":{"@id":"https:\/\/eg-reeds.com\/de\/shop\/zubehoer\/zubehor-fur-instrumente\/korg-ca-2-chromatisches-stimmgeraet\/#primaryimage"},"image":{"@id":"https:\/\/eg-reeds.com\/de\/shop\/zubehoer\/zubehor-fur-instrumente\/korg-ca-2-chromatisches-stimmgeraet\/#primaryimage"},"thumbnailUrl":"https:\/\/eg-reeds.com\/wp-content\/uploads\/2024\/05\/Korg-CA-2-Chromatic-Tuner.jpg","datePublished":"2024-05-27T12:10:57+00:00","dateModified":"2024-05-27T12:11:51+00:00","description":"Korg CA-2 Chromatisches Stimmger\u00e4t. Das Korg CA-2 ist ein chromatisches Stimmger\u00e4t, das hohe Pr\u00e4zision und Empfindlichkeit. Hier kaufen.","breadcrumb":{"@id":"https:\/\/eg-reeds.com\/de\/shop\/zubehoer\/zubehor-fur-instrumente\/korg-ca-2-chromatisches-stimmgeraet\/#breadcrumb"},"inLanguage":"de","potentialAction":[{"@type":"ReadAction","target":["https:\/\/eg-reeds.com\/de\/shop\/zubehoer\/zubehor-fur-instrumente\/korg-ca-2-chromatisches-stimmgeraet\/"]}]},{"@type":"ImageObject","inLanguage":"de","@id":"https:\/\/eg-reeds.com\/de\/shop\/zubehoer\/zubehor-fur-instrumente\/korg-ca-2-chromatisches-stimmgeraet\/#primaryimage","url":"https:\/\/eg-reeds.com\/wp-content\/uploads\/2024\/05\/Korg-CA-2-Chromatic-Tuner.jpg","contentUrl":"https:\/\/eg-reeds.com\/wp-content\/uploads\/2024\/05\/Korg-CA-2-Chromatic-Tuner.jpg","width":679,"height":404,"caption":"Korg Stimmger\u00e4t"},{"@type":"BreadcrumbList","@id":"https:\/\/eg-reeds.com\/de\/shop\/zubehoer\/zubehor-fur-instrumente\/korg-ca-2-chromatisches-stimmgeraet\/#breadcrumb","itemListElement":[{"@type":"ListItem","position":1,"name":"Startseite","item":"https:\/\/eg-reeds.com\/de\/"},{"@type":"ListItem","position":2,"name":"Shop","item":"https:\/\/eg-reeds.com\/de\/"},{"@type":"ListItem","position":3,"name":"Korg CA-2 Chromatisches Stimmger\u00e4t"}]},{"@type":"WebSite","@id":"https:\/\/eg-reeds.com\/de\/#website","url":"https:\/\/eg-reeds.com\/de\/","name":"www.eg-reeds.com","description":"Rohre f\u00fcr Oboe","publisher":{"@id":"https:\/\/eg-reeds.com\/de\/#organization"},"alternateName":"eg-reeds.com","potentialAction":[{"@type":"SearchAction","target":{"@type":"EntryPoint","urlTemplate":"https:\/\/eg-reeds.com\/de\/?s={search_term_string}"},"query-input":{"@type":"PropertyValueSpecification","valueRequired":true,"valueName":"search_term_string"}}],"inLanguage":"de"},{"@type":"Organization","@id":"https:\/\/eg-reeds.com\/de\/#organization","name":"www.eg-reeds.com","url":"https:\/\/eg-reeds.com\/de\/","logo":{"@type":"ImageObject","inLanguage":"de","@id":"https:\/\/eg-reeds.com\/de\/#\/schema\/logo\/image\/","url":"https:\/\/eg-reeds.com\/wp-content\/uploads\/2024\/06\/Logo-scaled-e1718793906611.jpg","contentUrl":"https:\/\/eg-reeds.com\/wp-content\/uploads\/2024\/06\/Logo-scaled-e1718793906611.jpg","width":1200,"height":493,"caption":"www.eg-reeds.com"},"image":{"@id":"https:\/\/eg-reeds.com\/de\/#\/schema\/logo\/image\/"},"sameAs":["https:\/\/www.facebook.com\/EGREEDS","https:\/\/x.com\/egreeds","https:\/\/www.instagram.com\/egreeds\/","https:\/\/www.youtube.com\/c\/EGREEDS","https:\/\/www.threads.net\/@egreeds","https:\/\/www.tiktok.com\/@egreeds"]}]},"product_price_amount":"20.00","product_price_currency":"EUR","og_availability":"out of stock","product_availability":"out of stock","product_retailer_item_id":"AAIAKorg","product_condition":"new"},"_links":{"self":[{"href":"https:\/\/eg-reeds.com\/de\/wp-json\/wp\/v2\/product\/51511","targetHints":{"allow":["GET"]}}],"collection":[{"href":"https:\/\/eg-reeds.com\/de\/wp-json\/wp\/v2\/product"}],"about":[{"href":"https:\/\/eg-reeds.com\/de\/wp-json\/wp\/v2\/types\/product"}],"replies":[{"embeddable":true,"href":"https:\/\/eg-reeds.com\/de\/wp-json\/wp\/v2\/comments?post=51511"}],"wp:featuredmedia":[{"embeddable":true,"href":"https:\/\/eg-reeds.com\/de\/wp-json\/wp\/v2\/media\/51481"}],"wp:attachment":[{"href":"https:\/\/eg-reeds.com\/de\/wp-json\/wp\/v2\/media?parent=51511"}],"wp:term":[{"taxonomy":"product_brand","embeddable":true,"href":"https:\/\/eg-reeds.com\/de\/wp-json\/wp\/v2\/product_brand?post=51511"},{"taxonomy":"product_cat","embeddable":true,"href":"https:\/\/eg-reeds.com\/de\/wp-json\/wp\/v2\/product_cat?post=51511"},{"taxonomy":"product_tag","embeddable":true,"href":"https:\/\/eg-reeds.com\/de\/wp-json\/wp\/v2\/product_tag?post=51511"},{"taxonomy":"giftcard-category","embeddable":true,"href":"https:\/\/eg-reeds.com\/de\/wp-json\/wp\/v2\/giftcard-category?post=51511"}],"curies":[{"name":"wp","href":"https:\/\/api.w.org\/{rel}","templated":true}]}}