{"id":53620,"date":"2024-11-12T13:10:17","date_gmt":"2024-11-12T13:16:10","guid":{"rendered":"https:\/\/eg-reeds.com\/?post_type=product&#038;p=53620"},"modified":"2024-11-12T14:19:33","modified_gmt":"2024-11-12T13:19:33","slug":"4er-pack-professionelle-oboenrohre","status":"publish","type":"product","link":"https:\/\/eg-reeds.com\/de\/shop\/professionelle-oboe-rorhe\/oboenrohre\/4er-pack-professionelle-oboenrohre\/","title":{"rendered":"4er Pack Professionelle Oboenrohre"},"content":{"rendered":"<h1><strong>4er Pack Professionelle Oboenrohre \u2013 4 Modelle in einem einzigen Paket.<\/strong><\/h1>\n<p><span style=\"font-weight: 400;\">Entdecken Sie die gesamte Palette unserer meistverkauften professionellen Oboenrohre mit diesem Pack, das vier professionelle Oboenrohre enth\u00e4lt:<\/span> <b>Mayer, PRO, M2 und 901<\/b><span style=\"font-weight: 400;\">. Ideal, um verschiedene Stile auszuprobieren und das perfekte Oboenrohr f\u00fcr jede Gelegenheit zu finden. Au\u00dferdem spart dieses Pack im Vergleich zum Einzelkauf jedes Oboenrohrs. W\u00e4hlen Sie einfach zwischen einem 47 mm oder 46 mm Tubus und dem gew\u00fcnschten H\u00e4rtegrad: weich, mittel oder hart.<\/span><\/p>\n<p><strong>Vorteile des Pack:<\/strong><\/p>\n<ul>\n<li style=\"font-weight: 400;\" aria-level=\"1\"><span style=\"font-weight: 400;\"><strong>Vielfalt:<\/strong> Probieren Sie vier verschiedene professionelle Oboenrohre aus und finden Sie heraus, welches am besten zu Ihrem Stil passt.<\/span><\/li>\n<li style=\"font-weight: 400;\" aria-level=\"1\"><span style=\"font-weight: 400;\"><strong>Rabatt:<\/strong> Sparen Sie, indem Sie das Pack kaufen, anstatt jedes Oboenrohr einzeln zu erwerben.<\/span><\/li>\n<li style=\"font-weight: 400;\" aria-level=\"1\"><span style=\"font-weight: 400;\"><strong>EG-REEDS-Qualit\u00e4t:<\/strong> Jedes Oboenrohr wird von Profis f\u00fcr Profis entworfen, hergestellt und getestet.<\/span><\/li>\n<\/ul>\n<p><span style=\"font-weight: 400;\">Probieren Sie das Pack und w\u00e4hlen Sie Ihr Lieblingsoboenrohr!<\/span><\/p>\n<p><iframe loading=\"lazy\" title=\"Pack 4 ca\u00f1as de oboe profesionales \/ Pack of 4 Professional Oboe Reeds\" width=\"1020\" height=\"574\" src=\"https:\/\/www.youtube.com\/embed\/iV0u8tZ2HAc?feature=oembed\" frameborder=\"0\" allow=\"accelerometer; autoplay; clipboard-write; encrypted-media; gyroscope; picture-in-picture; web-share\" referrerpolicy=\"strict-origin-when-cross-origin\" allowfullscreen><\/iframe><\/p>\n<p>&nbsp;<\/p>\n<h2><strong>Was beinhaltet das Pack Professionelle Oboenrohre?<\/strong><\/h2>\n<p><span style=\"font-weight: 400;\">Das Pack enth\u00e4lt die besten professionellen Oboenrohre von EG-REEDS:<\/span><\/p>\n<p>&nbsp;<\/p>\n<h2><b>Oboenrohr <a href=\"https:\/\/eg-reeds.com\/de\/shop\/professionelle-oboe-rorhe\/oboenrohre\/oboenrohr-mayer\/\" target=\"_blank\" rel=\"noopener\">Mayer<\/a>.<\/b><\/h2>\n<p><span style=\"font-weight: 400;\">Ein professionelles Oboenrohr, das f\u00fcr einen dunklen Klang und eine flie\u00dfende Performance entwickelt wurde. Hergestellt mit einem Guercio-Mayer-Tubus von 47 oder 46 mm und Mayer-Form. Zu seinen Eigenschaften geh\u00f6ren eine stabile Intonation und eine einfache Ansprache, ideal f\u00fcr Pr\u00e4zision und Leichtigkeit. Dieses Oboenrohr ist perfekt f\u00fcr Oboisten, die gerne mit einer gro\u00dfen Lufts\u00e4ule spielen und eine starke Klangprojektion erzielen m\u00f6chten.<\/span><\/p>\n<p>&nbsp;<\/p>\n<h2><b>Professionelles <a href=\"https:\/\/eg-reeds.com\/de\/shop\/professionelle-oboe-rorhe\/oboenrohre\/professionelle-oboenrohr-eg-reeds\/\" target=\"_blank\" rel=\"noopener\">Oboenrohr<\/a> EG-REEDS.<\/b><\/h2>\n<p><span style=\"font-weight: 400;\">Unser standardm\u00e4\u00dfiges professionelles Oboenrohr, das entwickelt wurde, um h\u00f6chste Qualit\u00e4t und Leistung zu bieten. Mit einem Chiarugi-Tubus von 47 oder 46 mm passt es sich Ihren Vorlieben an. Jedes Oboenrohr garantiert eine stabile Intonation und eine pr\u00e4zise Ansprache und bietet ein optimales Musikerlebnis. Ideal f\u00fcr alle, die auf Konsistenz und Qualit\u00e4t im Klang Wert legen.<\/span><\/p>\n<p>&nbsp;<\/p>\n<h2><b>Professionelles Oboenrohr <a href=\"https:\/\/eg-reeds.com\/de\/shop\/professionelle-oboe-rorhe\/oboenrohre\/professionelle-oboenrohr-m2\/\" target=\"_blank\" rel=\"noopener\">M2<\/a>.<\/b><span style=\"font-weight: 400;\">\u00a0<\/span><\/h2>\n<p><span style=\"font-weight: 400;\">Ein professionelles Oboenrohr, das f\u00fcr einen ausgewogenen Klang entwickelt wurde, ideal f\u00fcr die Marigaux M2 Oboe, aber auch mit anderen Modellen kompatibel. Es bietet jederzeit eine komfortable Ansprache. Hergestellt mit Bl\u00e4ttern in der von Lorenzo Massala entworfenen M2-Form. Erh\u00e4ltlich mit Chiarugi-Tubus in den Gr\u00f6\u00dfen 47 und 46 mm.<\/span><\/p>\n<p>&nbsp;<\/p>\n<h2><b>Professionelles Oboenrohr <a href=\"https:\/\/eg-reeds.com\/de\/shop\/professionelle-oboe-rorhe\/oboenrohre\/professionelle-oboenrohr-901\/\" target=\"_blank\" rel=\"noopener\">901<\/a>.<\/b><\/h2>\n<p><span style=\"font-weight: 400;\">Entwickelt, um die Leistung der Marigaux 901 Oboe zu maximieren, ist es auch mit anderen Modellen kompatibel. Es bietet einen reichen, ausgewogenen Klang und eine einfache, kontrollierte Ansprache, ideal f\u00fcr Konzerte, Aufnahmesessions und Proben. Hergestellt mit Bl\u00e4ttern in der von Lorenzo Massala entworfenen 901-Form. Dieses Oboenrohr ist mit Chiarugi-Tubus in den Gr\u00f6\u00dfen 47 oder 46 mm erh\u00e4ltlich.<\/span><\/p>\n","protected":false},"excerpt":{"rendered":"<p>Dieses Paket enth\u00e4lt die 4 besten professionellen Oboenrohre von EG-REEDS: <strong>Mayer, PRO, M2 und 901<\/strong>, mit <strong>Rabatt<\/strong>.<\/p>\n","protected":false},"featured_media":53573,"comment_status":"open","ping_status":"closed","template":"","meta":[],"product_brand":[],"product_cat":[508],"product_tag":[],"giftcard-category":[],"class_list":{"0":"post-53620","1":"product","2":"type-product","3":"status-publish","4":"has-post-thumbnail","6":"product_cat-oboenrohre","7":"pa_staple-46-de","8":"pa_staple-47-de","10":"first","11":"instock","12":"sale","13":"taxable","14":"shipping-taxable","15":"purchasable","16":"product-type-variable","17":"has-default-attributes"},"yoast_head":"<!-- This site is optimized with the Yoast SEO Premium plugin v27.0 (Yoast SEO v27.4) - https:\/\/yoast.com\/product\/yoast-seo-premium-wordpress\/ -->\n<title>4er Pack Professionelle Oboenrohre - EG-REEDS<\/title>\n<meta name=\"description\" content=\"Entdecken Sie unsere besten und meistverkauften Oboenrohre mit diesem 4er-Pack professioneller Oboenrohre: Mayer, PRO, M2 und 901, mit Rabatt.\" \/>\n<meta name=\"robots\" content=\"index, follow, max-snippet:-1, max-image-preview:large, max-video-preview:-1\" \/>\n<link rel=\"canonical\" href=\"https:\/\/eg-reeds.com\/de\/shop\/professionelle-oboe-rorhe\/oboenrohre\/4er-pack-professionelle-oboenrohre\/\" \/>\n<meta property=\"og:locale\" content=\"de_DE\" \/>\n<meta property=\"og:type\" content=\"article\" \/>\n<meta property=\"og:title\" content=\"4er Pack Professionelle Oboenrohre\" \/>\n<meta property=\"og:description\" content=\"Entdecken Sie unsere besten und meistverkauften Oboenrohre mit diesem 4er-Pack professioneller Oboenrohre: Mayer, PRO, M2 und 901, mit Rabatt.\" \/>\n<meta property=\"og:url\" content=\"https:\/\/eg-reeds.com\/de\/shop\/professionelle-oboe-rorhe\/oboenrohre\/4er-pack-professionelle-oboenrohre\/\" \/>\n<meta property=\"og:site_name\" content=\"EG-REEDS\" \/>\n<meta property=\"article:publisher\" content=\"https:\/\/www.facebook.com\/EGREEDS\" \/>\n<meta property=\"article:modified_time\" content=\"2024-11-12T13:19:33+00:00\" \/>\n<meta property=\"og:image\" content=\"https:\/\/eg-reeds.com\/wp-content\/uploads\/2024\/11\/Pack-4-canas-oboe-profesionales-scaled.webp\" \/>\n\t<meta property=\"og:image:width\" content=\"2560\" \/>\n\t<meta property=\"og:image:height\" content=\"2560\" \/>\n\t<meta property=\"og:image:type\" content=\"image\/webp\" \/>\n<meta name=\"twitter:card\" content=\"summary_large_image\" \/>\n<meta name=\"twitter:site\" content=\"@egreeds\" \/>\n<meta name=\"twitter:label1\" content=\"Verf\u00fcgbarkeit\" \/>\n\t<meta name=\"twitter:data1\" content=\"Auf Lager\" \/>\n<script type=\"application\/ld+json\" class=\"yoast-schema-graph\">{\"@context\":\"https:\\\/\\\/schema.org\",\"@graph\":[{\"@type\":[\"WebPage\",\"ItemPage\"],\"@id\":\"https:\\\/\\\/eg-reeds.com\\\/de\\\/shop\\\/professionelle-oboe-rorhe\\\/oboenrohre\\\/4er-pack-professionelle-oboenrohre\\\/\",\"url\":\"https:\\\/\\\/eg-reeds.com\\\/de\\\/shop\\\/professionelle-oboe-rorhe\\\/oboenrohre\\\/4er-pack-professionelle-oboenrohre\\\/\",\"name\":\"4er Pack Professionelle Oboenrohre - EG-REEDS\",\"isPartOf\":{\"@id\":\"https:\\\/\\\/eg-reeds.com\\\/de\\\/#website\"},\"primaryImageOfPage\":{\"@id\":\"https:\\\/\\\/eg-reeds.com\\\/de\\\/shop\\\/professionelle-oboe-rorhe\\\/oboenrohre\\\/4er-pack-professionelle-oboenrohre\\\/#primaryimage\"},\"image\":{\"@id\":\"https:\\\/\\\/eg-reeds.com\\\/de\\\/shop\\\/professionelle-oboe-rorhe\\\/oboenrohre\\\/4er-pack-professionelle-oboenrohre\\\/#primaryimage\"},\"thumbnailUrl\":\"https:\\\/\\\/eg-reeds.com\\\/wp-content\\\/uploads\\\/2024\\\/11\\\/Pack-4-canas-oboe-profesionales-scaled.webp\",\"datePublished\":\"2024-11-12T13:16:10+00:00\",\"dateModified\":\"2024-11-12T13:19:33+00:00\",\"description\":\"Entdecken Sie unsere besten und meistverkauften Oboenrohre mit diesem 4er-Pack professioneller Oboenrohre: Mayer, PRO, M2 und 901, mit Rabatt.\",\"breadcrumb\":{\"@id\":\"https:\\\/\\\/eg-reeds.com\\\/de\\\/shop\\\/professionelle-oboe-rorhe\\\/oboenrohre\\\/4er-pack-professionelle-oboenrohre\\\/#breadcrumb\"},\"inLanguage\":\"de\",\"potentialAction\":[{\"@type\":\"ReadAction\",\"target\":[\"https:\\\/\\\/eg-reeds.com\\\/de\\\/shop\\\/professionelle-oboe-rorhe\\\/oboenrohre\\\/4er-pack-professionelle-oboenrohre\\\/\"]}]},{\"@type\":\"ImageObject\",\"inLanguage\":\"de\",\"@id\":\"https:\\\/\\\/eg-reeds.com\\\/de\\\/shop\\\/professionelle-oboe-rorhe\\\/oboenrohre\\\/4er-pack-professionelle-oboenrohre\\\/#primaryimage\",\"url\":\"https:\\\/\\\/eg-reeds.com\\\/wp-content\\\/uploads\\\/2024\\\/11\\\/Pack-4-canas-oboe-profesionales-scaled.webp\",\"contentUrl\":\"https:\\\/\\\/eg-reeds.com\\\/wp-content\\\/uploads\\\/2024\\\/11\\\/Pack-4-canas-oboe-profesionales-scaled.webp\",\"width\":2560,\"height\":2560,\"caption\":\"Pack Professionelle Oboenrohre\"},{\"@type\":\"BreadcrumbList\",\"@id\":\"https:\\\/\\\/eg-reeds.com\\\/de\\\/shop\\\/professionelle-oboe-rorhe\\\/oboenrohre\\\/4er-pack-professionelle-oboenrohre\\\/#breadcrumb\",\"itemListElement\":[{\"@type\":\"ListItem\",\"position\":1,\"name\":\"Startseite\",\"item\":\"https:\\\/\\\/eg-reeds.com\\\/de\\\/\"},{\"@type\":\"ListItem\",\"position\":2,\"name\":\"Shop\",\"item\":\"https:\\\/\\\/eg-reeds.com\\\/de\\\/\"},{\"@type\":\"ListItem\",\"position\":3,\"name\":\"4er Pack Professionelle Oboenrohre\"}]},{\"@type\":\"WebSite\",\"@id\":\"https:\\\/\\\/eg-reeds.com\\\/de\\\/#website\",\"url\":\"https:\\\/\\\/eg-reeds.com\\\/de\\\/\",\"name\":\"www.eg-reeds.com\",\"description\":\"Rohre f\u00fcr Oboe\",\"publisher\":{\"@id\":\"https:\\\/\\\/eg-reeds.com\\\/de\\\/#organization\"},\"alternateName\":\"eg-reeds.com\",\"potentialAction\":[{\"@type\":\"SearchAction\",\"target\":{\"@type\":\"EntryPoint\",\"urlTemplate\":\"https:\\\/\\\/eg-reeds.com\\\/de\\\/?s={search_term_string}\"},\"query-input\":{\"@type\":\"PropertyValueSpecification\",\"valueRequired\":true,\"valueName\":\"search_term_string\"}}],\"inLanguage\":\"de\"},{\"@type\":\"Organization\",\"@id\":\"https:\\\/\\\/eg-reeds.com\\\/de\\\/#organization\",\"name\":\"www.eg-reeds.com\",\"url\":\"https:\\\/\\\/eg-reeds.com\\\/de\\\/\",\"logo\":{\"@type\":\"ImageObject\",\"inLanguage\":\"de\",\"@id\":\"https:\\\/\\\/eg-reeds.com\\\/de\\\/#\\\/schema\\\/logo\\\/image\\\/\",\"url\":\"https:\\\/\\\/eg-reeds.com\\\/wp-content\\\/uploads\\\/2024\\\/06\\\/Logo-scaled-e1718793906611.jpg\",\"contentUrl\":\"https:\\\/\\\/eg-reeds.com\\\/wp-content\\\/uploads\\\/2024\\\/06\\\/Logo-scaled-e1718793906611.jpg\",\"width\":1200,\"height\":493,\"caption\":\"www.eg-reeds.com\"},\"image\":{\"@id\":\"https:\\\/\\\/eg-reeds.com\\\/de\\\/#\\\/schema\\\/logo\\\/image\\\/\"},\"sameAs\":[\"https:\\\/\\\/www.facebook.com\\\/EGREEDS\",\"https:\\\/\\\/x.com\\\/egreeds\",\"https:\\\/\\\/www.instagram.com\\\/egreeds\\\/\",\"https:\\\/\\\/www.youtube.com\\\/c\\\/EGREEDS\",\"https:\\\/\\\/www.threads.net\\\/@egreeds\",\"https:\\\/\\\/www.tiktok.com\\\/@egreeds\"]}]}<\/script>\n<meta property=\"og:availability\" content=\"instock\" \/>\n<meta property=\"product:availability\" content=\"instock\" \/>\n<meta property=\"product:retailer_item_id\" content=\"CPOB-PACK\" \/>\n<meta property=\"product:condition\" content=\"new\" \/>\n<!-- \/ Yoast SEO Premium plugin. -->","yoast_head_json":{"title":"4er Pack Professionelle Oboenrohre - EG-REEDS","description":"Entdecken Sie unsere besten und meistverkauften Oboenrohre mit diesem 4er-Pack professioneller Oboenrohre: Mayer, PRO, M2 und 901, mit Rabatt.","robots":{"index":"index","follow":"follow","max-snippet":"max-snippet:-1","max-image-preview":"max-image-preview:large","max-video-preview":"max-video-preview:-1"},"canonical":"https:\/\/eg-reeds.com\/de\/shop\/professionelle-oboe-rorhe\/oboenrohre\/4er-pack-professionelle-oboenrohre\/","og_locale":"de_DE","og_type":"article","og_title":"4er Pack Professionelle Oboenrohre","og_description":"Entdecken Sie unsere besten und meistverkauften Oboenrohre mit diesem 4er-Pack professioneller Oboenrohre: Mayer, PRO, M2 und 901, mit Rabatt.","og_url":"https:\/\/eg-reeds.com\/de\/shop\/professionelle-oboe-rorhe\/oboenrohre\/4er-pack-professionelle-oboenrohre\/","og_site_name":"EG-REEDS","article_publisher":"https:\/\/www.facebook.com\/EGREEDS","article_modified_time":"2024-11-12T13:19:33+00:00","og_image":[{"width":2560,"height":2560,"url":"https:\/\/eg-reeds.com\/wp-content\/uploads\/2024\/11\/Pack-4-canas-oboe-profesionales-scaled.webp","type":"image\/webp"}],"twitter_card":"summary_large_image","twitter_site":"@egreeds","twitter_misc":{"Verf\u00fcgbarkeit":"Auf Lager"},"schema":{"@context":"https:\/\/schema.org","@graph":[{"@type":["WebPage","ItemPage"],"@id":"https:\/\/eg-reeds.com\/de\/shop\/professionelle-oboe-rorhe\/oboenrohre\/4er-pack-professionelle-oboenrohre\/","url":"https:\/\/eg-reeds.com\/de\/shop\/professionelle-oboe-rorhe\/oboenrohre\/4er-pack-professionelle-oboenrohre\/","name":"4er Pack Professionelle Oboenrohre - EG-REEDS","isPartOf":{"@id":"https:\/\/eg-reeds.com\/de\/#website"},"primaryImageOfPage":{"@id":"https:\/\/eg-reeds.com\/de\/shop\/professionelle-oboe-rorhe\/oboenrohre\/4er-pack-professionelle-oboenrohre\/#primaryimage"},"image":{"@id":"https:\/\/eg-reeds.com\/de\/shop\/professionelle-oboe-rorhe\/oboenrohre\/4er-pack-professionelle-oboenrohre\/#primaryimage"},"thumbnailUrl":"https:\/\/eg-reeds.com\/wp-content\/uploads\/2024\/11\/Pack-4-canas-oboe-profesionales-scaled.webp","datePublished":"2024-11-12T13:16:10+00:00","dateModified":"2024-11-12T13:19:33+00:00","description":"Entdecken Sie unsere besten und meistverkauften Oboenrohre mit diesem 4er-Pack professioneller Oboenrohre: Mayer, PRO, M2 und 901, mit Rabatt.","breadcrumb":{"@id":"https:\/\/eg-reeds.com\/de\/shop\/professionelle-oboe-rorhe\/oboenrohre\/4er-pack-professionelle-oboenrohre\/#breadcrumb"},"inLanguage":"de","potentialAction":[{"@type":"ReadAction","target":["https:\/\/eg-reeds.com\/de\/shop\/professionelle-oboe-rorhe\/oboenrohre\/4er-pack-professionelle-oboenrohre\/"]}]},{"@type":"ImageObject","inLanguage":"de","@id":"https:\/\/eg-reeds.com\/de\/shop\/professionelle-oboe-rorhe\/oboenrohre\/4er-pack-professionelle-oboenrohre\/#primaryimage","url":"https:\/\/eg-reeds.com\/wp-content\/uploads\/2024\/11\/Pack-4-canas-oboe-profesionales-scaled.webp","contentUrl":"https:\/\/eg-reeds.com\/wp-content\/uploads\/2024\/11\/Pack-4-canas-oboe-profesionales-scaled.webp","width":2560,"height":2560,"caption":"Pack Professionelle Oboenrohre"},{"@type":"BreadcrumbList","@id":"https:\/\/eg-reeds.com\/de\/shop\/professionelle-oboe-rorhe\/oboenrohre\/4er-pack-professionelle-oboenrohre\/#breadcrumb","itemListElement":[{"@type":"ListItem","position":1,"name":"Startseite","item":"https:\/\/eg-reeds.com\/de\/"},{"@type":"ListItem","position":2,"name":"Shop","item":"https:\/\/eg-reeds.com\/de\/"},{"@type":"ListItem","position":3,"name":"4er Pack Professionelle Oboenrohre"}]},{"@type":"WebSite","@id":"https:\/\/eg-reeds.com\/de\/#website","url":"https:\/\/eg-reeds.com\/de\/","name":"www.eg-reeds.com","description":"Rohre f\u00fcr Oboe","publisher":{"@id":"https:\/\/eg-reeds.com\/de\/#organization"},"alternateName":"eg-reeds.com","potentialAction":[{"@type":"SearchAction","target":{"@type":"EntryPoint","urlTemplate":"https:\/\/eg-reeds.com\/de\/?s={search_term_string}"},"query-input":{"@type":"PropertyValueSpecification","valueRequired":true,"valueName":"search_term_string"}}],"inLanguage":"de"},{"@type":"Organization","@id":"https:\/\/eg-reeds.com\/de\/#organization","name":"www.eg-reeds.com","url":"https:\/\/eg-reeds.com\/de\/","logo":{"@type":"ImageObject","inLanguage":"de","@id":"https:\/\/eg-reeds.com\/de\/#\/schema\/logo\/image\/","url":"https:\/\/eg-reeds.com\/wp-content\/uploads\/2024\/06\/Logo-scaled-e1718793906611.jpg","contentUrl":"https:\/\/eg-reeds.com\/wp-content\/uploads\/2024\/06\/Logo-scaled-e1718793906611.jpg","width":1200,"height":493,"caption":"www.eg-reeds.com"},"image":{"@id":"https:\/\/eg-reeds.com\/de\/#\/schema\/logo\/image\/"},"sameAs":["https:\/\/www.facebook.com\/EGREEDS","https:\/\/x.com\/egreeds","https:\/\/www.instagram.com\/egreeds\/","https:\/\/www.youtube.com\/c\/EGREEDS","https:\/\/www.threads.net\/@egreeds","https:\/\/www.tiktok.com\/@egreeds"]}]},"og_availability":"instock","product_availability":"instock","product_retailer_item_id":"CPOB-PACK","product_condition":"new"},"_links":{"self":[{"href":"https:\/\/eg-reeds.com\/de\/wp-json\/wp\/v2\/product\/53620","targetHints":{"allow":["GET"]}}],"collection":[{"href":"https:\/\/eg-reeds.com\/de\/wp-json\/wp\/v2\/product"}],"about":[{"href":"https:\/\/eg-reeds.com\/de\/wp-json\/wp\/v2\/types\/product"}],"replies":[{"embeddable":true,"href":"https:\/\/eg-reeds.com\/de\/wp-json\/wp\/v2\/comments?post=53620"}],"wp:featuredmedia":[{"embeddable":true,"href":"https:\/\/eg-reeds.com\/de\/wp-json\/wp\/v2\/media\/53573"}],"wp:attachment":[{"href":"https:\/\/eg-reeds.com\/de\/wp-json\/wp\/v2\/media?parent=53620"}],"wp:term":[{"taxonomy":"product_brand","embeddable":true,"href":"https:\/\/eg-reeds.com\/de\/wp-json\/wp\/v2\/product_brand?post=53620"},{"taxonomy":"product_cat","embeddable":true,"href":"https:\/\/eg-reeds.com\/de\/wp-json\/wp\/v2\/product_cat?post=53620"},{"taxonomy":"product_tag","embeddable":true,"href":"https:\/\/eg-reeds.com\/de\/wp-json\/wp\/v2\/product_tag?post=53620"},{"taxonomy":"giftcard-category","embeddable":true,"href":"https:\/\/eg-reeds.com\/de\/wp-json\/wp\/v2\/giftcard-category?post=53620"}],"curies":[{"name":"wp","href":"https:\/\/api.w.org\/{rel}","templated":true}]}}