{"id":54091,"date":"2024-11-25T20:52:44","date_gmt":"2024-11-25T19:52:45","guid":{"rendered":"https:\/\/eg-reeds.com\/?post_type=product&#038;p=54091"},"modified":"2024-11-26T10:31:11","modified_gmt":"2024-11-26T09:31:11","slug":"trockenbrett-fuer-50-oboenrohre","status":"publish","type":"product","link":"https:\/\/eg-reeds.com\/de\/shop\/zubehoer\/trockenbretter\/trockenbrett-fuer-50-oboenrohre\/","title":{"rendered":"Trockenbrett f\u00fcr 50 Oboenrohre"},"content":{"rendered":"<h1><strong>Trockenbrett f\u00fcr 50 Oboenrohre.<\/strong><\/h1>\n<p>Suchen Sie nach einer praktischen und sicheren M\u00f6glichkeit, Ihre Oboen- und Englischhornrohre zu trocknen und aufzubewahren? Das Trockenbrett f\u00fcr 50 Oboenrohre EG-REEDS ist das perfekte Zubeh\u00f6r, um Ihre Oboenrohre in optimalem Zustand zu halten. Kompakt, elegant und leicht zu transportieren. Ideal f\u00fcr Studenten und Profis. Entwickelt f\u00fcr 50 Oboenrohre, bietet es ausreichend Platz, um Sch\u00e4den zu vermeiden und ein gleichm\u00e4\u00dfiges Trocknen zu gew\u00e4hrleisten.<\/p>\n<p><iframe loading=\"lazy\" title=\"Secadero para ca\u00f1as de oboe\/ Drying board for oboe reeds.  #oboe\" width=\"1020\" height=\"574\" src=\"https:\/\/www.youtube.com\/embed\/MEeh5_aVfGo?feature=oembed\" frameborder=\"0\" allow=\"accelerometer; autoplay; clipboard-write; encrypted-media; gyroscope; picture-in-picture; web-share\" referrerpolicy=\"strict-origin-when-cross-origin\" allowfullscreen><\/iframe><\/p>\n<p>Erh\u00e4ltlich in verschiedenen Farben, verbindet dieses Trockenbrett f\u00fcr Oboenrohre Funktionalit\u00e4t mit elegantem Design. Dank seiner leichten und kompakten Bauweise l\u00e4sst es sich einfach zu Proben, Unterricht oder Auftritten mitnehmen. Im 3D-Druckverfahren aus hochwertigen Materialien gefertigt, garantiert es Langlebigkeit und Stabilit\u00e4t.<\/p>\n<ul>\n<li>F\u00fcr 50 Oboe Rohre oder Englischhorn Rohre.<\/li>\n<li>Verhindert Verformungen und Sch\u00e4den und f\u00f6rdert eine optimale Bel\u00fcftung.<\/li>\n<li>Leichtes, kompaktes und tragbares Design.<\/li>\n<li>Hochwertige Materialien.<\/li>\n<li>In verschiedenen Farben erh\u00e4ltlich, passend zu Ihrem pers\u00f6nlichen Stil.<\/li>\n<\/ul>\n<p><strong>Pflegen Sie Ihre Oboenrohre mit Stil!<\/strong><br \/>\n<strong>Jetzt in den Warenkorb legen und ein einzigartiges Zubeh\u00f6r genie\u00dfen.<\/strong><\/p>\n<p>Oboenrohre nicht enthalten.<\/p>\n<p>Ma\u00dfe: ca. 19&#215;10 cm.<\/p>\n","protected":false},"excerpt":{"rendered":"<p>Trockenbrett f\u00fcr 50 Oboenrohre. Suchen Sie nach einer praktischen und sicheren M\u00f6glichkeit, Ihre Oboen- und Englischhornrohre zu trocknen und aufzubewahren? Das Trockenbrett f\u00fcr 50 Oboenrohre EG-REEDS ist das perfekte Zubeh\u00f6r, um Ihre Oboenrohre in optimalem Zustand zu halten. Kompakt, elegant und leicht zu transportieren. Ideal f\u00fcr Studenten und Profis. Entwickelt f\u00fcr 50 Oboenrohre, bietet es [&#8230;]\n","protected":false},"featured_media":54225,"comment_status":"open","ping_status":"closed","template":"","meta":[],"product_brand":[],"product_cat":[1416,1464],"product_tag":[],"giftcard-category":[],"class_list":{"0":"post-54091","1":"product","2":"type-product","3":"status-publish","4":"has-post-thumbnail","6":"product_cat-zubehoer","7":"product_cat-trockenbretter","9":"first","10":"instock","11":"taxable","12":"shipping-taxable","13":"purchasable","14":"product-type-variable"},"yoast_head":"<!-- This site is optimized with the Yoast SEO Premium plugin v27.0 (Yoast SEO v27.4) - https:\/\/yoast.com\/product\/yoast-seo-premium-wordpress\/ -->\n<title>Trockenbrett f\u00fcr 50 Oboenrohre.<\/title>\n<meta name=\"description\" content=\"Das Trockenbrett f\u00fcr 50 Oboenrohre von EG-REEDS ist das ideale Zubeh\u00f6r f\u00fcr Ihre Rohre. Kompakt, elegant und leicht zu transportieren.\" \/>\n<meta name=\"robots\" content=\"index, follow, max-snippet:-1, max-image-preview:large, max-video-preview:-1\" \/>\n<link rel=\"canonical\" href=\"https:\/\/eg-reeds.com\/de\/shop\/zubehoer\/trockenbretter\/trockenbrett-fuer-50-oboenrohre\/\" \/>\n<meta property=\"og:locale\" content=\"de_DE\" \/>\n<meta property=\"og:type\" content=\"article\" \/>\n<meta property=\"og:title\" content=\"Trockenbrett f\u00fcr 50 Oboenrohre\" \/>\n<meta property=\"og:description\" content=\"Das Trockenbrett f\u00fcr 50 Oboenrohre von EG-REEDS ist das ideale Zubeh\u00f6r f\u00fcr Ihre Rohre. Kompakt, elegant und leicht zu transportieren.\" \/>\n<meta property=\"og:url\" content=\"https:\/\/eg-reeds.com\/de\/shop\/zubehoer\/trockenbretter\/trockenbrett-fuer-50-oboenrohre\/\" \/>\n<meta property=\"og:site_name\" content=\"EG-REEDS\" \/>\n<meta property=\"article:publisher\" content=\"https:\/\/www.facebook.com\/EGREEDS\" \/>\n<meta property=\"article:modified_time\" content=\"2024-11-26T09:31:11+00:00\" \/>\n<meta property=\"og:image\" content=\"https:\/\/eg-reeds.com\/wp-content\/uploads\/2024\/11\/MG_1262_17_11zon-scaled.webp\" \/>\n\t<meta property=\"og:image:width\" content=\"2560\" \/>\n\t<meta property=\"og:image:height\" content=\"2560\" \/>\n\t<meta property=\"og:image:type\" content=\"image\/webp\" \/>\n<meta name=\"twitter:card\" content=\"summary_large_image\" \/>\n<meta name=\"twitter:site\" content=\"@egreeds\" \/>\n<meta name=\"twitter:label1\" content=\"Verf\u00fcgbarkeit\" \/>\n\t<meta name=\"twitter:data1\" content=\"Auf Lager\" \/>\n<script type=\"application\/ld+json\" class=\"yoast-schema-graph\">{\"@context\":\"https:\\\/\\\/schema.org\",\"@graph\":[{\"@type\":[\"WebPage\",\"ItemPage\"],\"@id\":\"https:\\\/\\\/eg-reeds.com\\\/de\\\/shop\\\/zubehoer\\\/trockenbretter\\\/trockenbrett-fuer-50-oboenrohre\\\/\",\"url\":\"https:\\\/\\\/eg-reeds.com\\\/de\\\/shop\\\/zubehoer\\\/trockenbretter\\\/trockenbrett-fuer-50-oboenrohre\\\/\",\"name\":\"Trockenbrett f\u00fcr 50 Oboenrohre.\",\"isPartOf\":{\"@id\":\"https:\\\/\\\/eg-reeds.com\\\/de\\\/#website\"},\"primaryImageOfPage\":{\"@id\":\"https:\\\/\\\/eg-reeds.com\\\/de\\\/shop\\\/zubehoer\\\/trockenbretter\\\/trockenbrett-fuer-50-oboenrohre\\\/#primaryimage\"},\"image\":{\"@id\":\"https:\\\/\\\/eg-reeds.com\\\/de\\\/shop\\\/zubehoer\\\/trockenbretter\\\/trockenbrett-fuer-50-oboenrohre\\\/#primaryimage\"},\"thumbnailUrl\":\"https:\\\/\\\/eg-reeds.com\\\/wp-content\\\/uploads\\\/2024\\\/11\\\/MG_1262_17_11zon-scaled.webp\",\"datePublished\":\"2024-11-25T19:52:45+00:00\",\"dateModified\":\"2024-11-26T09:31:11+00:00\",\"description\":\"Das Trockenbrett f\u00fcr 50 Oboenrohre von EG-REEDS ist das ideale Zubeh\u00f6r f\u00fcr Ihre Rohre. Kompakt, elegant und leicht zu transportieren.\",\"breadcrumb\":{\"@id\":\"https:\\\/\\\/eg-reeds.com\\\/de\\\/shop\\\/zubehoer\\\/trockenbretter\\\/trockenbrett-fuer-50-oboenrohre\\\/#breadcrumb\"},\"inLanguage\":\"de\",\"potentialAction\":[{\"@type\":\"ReadAction\",\"target\":[\"https:\\\/\\\/eg-reeds.com\\\/de\\\/shop\\\/zubehoer\\\/trockenbretter\\\/trockenbrett-fuer-50-oboenrohre\\\/\"]}]},{\"@type\":\"ImageObject\",\"inLanguage\":\"de\",\"@id\":\"https:\\\/\\\/eg-reeds.com\\\/de\\\/shop\\\/zubehoer\\\/trockenbretter\\\/trockenbrett-fuer-50-oboenrohre\\\/#primaryimage\",\"url\":\"https:\\\/\\\/eg-reeds.com\\\/wp-content\\\/uploads\\\/2024\\\/11\\\/MG_1262_17_11zon-scaled.webp\",\"contentUrl\":\"https:\\\/\\\/eg-reeds.com\\\/wp-content\\\/uploads\\\/2024\\\/11\\\/MG_1262_17_11zon-scaled.webp\",\"width\":2560,\"height\":2560,\"caption\":\"Trockenbrett f\u00fcr 50 Oboenrohre\"},{\"@type\":\"BreadcrumbList\",\"@id\":\"https:\\\/\\\/eg-reeds.com\\\/de\\\/shop\\\/zubehoer\\\/trockenbretter\\\/trockenbrett-fuer-50-oboenrohre\\\/#breadcrumb\",\"itemListElement\":[{\"@type\":\"ListItem\",\"position\":1,\"name\":\"Startseite\",\"item\":\"https:\\\/\\\/eg-reeds.com\\\/de\\\/\"},{\"@type\":\"ListItem\",\"position\":2,\"name\":\"Shop\",\"item\":\"https:\\\/\\\/eg-reeds.com\\\/de\\\/\"},{\"@type\":\"ListItem\",\"position\":3,\"name\":\"Trockenbrett f\u00fcr 50 Oboenrohre\"}]},{\"@type\":\"WebSite\",\"@id\":\"https:\\\/\\\/eg-reeds.com\\\/de\\\/#website\",\"url\":\"https:\\\/\\\/eg-reeds.com\\\/de\\\/\",\"name\":\"www.eg-reeds.com\",\"description\":\"Rohre f\u00fcr Oboe\",\"publisher\":{\"@id\":\"https:\\\/\\\/eg-reeds.com\\\/de\\\/#organization\"},\"alternateName\":\"eg-reeds.com\",\"potentialAction\":[{\"@type\":\"SearchAction\",\"target\":{\"@type\":\"EntryPoint\",\"urlTemplate\":\"https:\\\/\\\/eg-reeds.com\\\/de\\\/?s={search_term_string}\"},\"query-input\":{\"@type\":\"PropertyValueSpecification\",\"valueRequired\":true,\"valueName\":\"search_term_string\"}}],\"inLanguage\":\"de\"},{\"@type\":\"Organization\",\"@id\":\"https:\\\/\\\/eg-reeds.com\\\/de\\\/#organization\",\"name\":\"www.eg-reeds.com\",\"url\":\"https:\\\/\\\/eg-reeds.com\\\/de\\\/\",\"logo\":{\"@type\":\"ImageObject\",\"inLanguage\":\"de\",\"@id\":\"https:\\\/\\\/eg-reeds.com\\\/de\\\/#\\\/schema\\\/logo\\\/image\\\/\",\"url\":\"https:\\\/\\\/eg-reeds.com\\\/wp-content\\\/uploads\\\/2024\\\/06\\\/Logo-scaled-e1718793906611.jpg\",\"contentUrl\":\"https:\\\/\\\/eg-reeds.com\\\/wp-content\\\/uploads\\\/2024\\\/06\\\/Logo-scaled-e1718793906611.jpg\",\"width\":1200,\"height\":493,\"caption\":\"www.eg-reeds.com\"},\"image\":{\"@id\":\"https:\\\/\\\/eg-reeds.com\\\/de\\\/#\\\/schema\\\/logo\\\/image\\\/\"},\"sameAs\":[\"https:\\\/\\\/www.facebook.com\\\/EGREEDS\",\"https:\\\/\\\/x.com\\\/egreeds\",\"https:\\\/\\\/www.instagram.com\\\/egreeds\\\/\",\"https:\\\/\\\/www.youtube.com\\\/c\\\/EGREEDS\",\"https:\\\/\\\/www.threads.net\\\/@egreeds\",\"https:\\\/\\\/www.tiktok.com\\\/@egreeds\"]}]}<\/script>\n<meta property=\"og:availability\" content=\"instock\" \/>\n<meta property=\"product:availability\" content=\"instock\" \/>\n<meta property=\"product:retailer_item_id\" content=\"ACSS50\" \/>\n<meta property=\"product:condition\" content=\"new\" \/>\n<!-- \/ Yoast SEO Premium plugin. -->","yoast_head_json":{"title":"Trockenbrett f\u00fcr 50 Oboenrohre.","description":"Das Trockenbrett f\u00fcr 50 Oboenrohre von EG-REEDS ist das ideale Zubeh\u00f6r f\u00fcr Ihre Rohre. Kompakt, elegant und leicht zu transportieren.","robots":{"index":"index","follow":"follow","max-snippet":"max-snippet:-1","max-image-preview":"max-image-preview:large","max-video-preview":"max-video-preview:-1"},"canonical":"https:\/\/eg-reeds.com\/de\/shop\/zubehoer\/trockenbretter\/trockenbrett-fuer-50-oboenrohre\/","og_locale":"de_DE","og_type":"article","og_title":"Trockenbrett f\u00fcr 50 Oboenrohre","og_description":"Das Trockenbrett f\u00fcr 50 Oboenrohre von EG-REEDS ist das ideale Zubeh\u00f6r f\u00fcr Ihre Rohre. Kompakt, elegant und leicht zu transportieren.","og_url":"https:\/\/eg-reeds.com\/de\/shop\/zubehoer\/trockenbretter\/trockenbrett-fuer-50-oboenrohre\/","og_site_name":"EG-REEDS","article_publisher":"https:\/\/www.facebook.com\/EGREEDS","article_modified_time":"2024-11-26T09:31:11+00:00","og_image":[{"width":2560,"height":2560,"url":"https:\/\/eg-reeds.com\/wp-content\/uploads\/2024\/11\/MG_1262_17_11zon-scaled.webp","type":"image\/webp"}],"twitter_card":"summary_large_image","twitter_site":"@egreeds","twitter_misc":{"Verf\u00fcgbarkeit":"Auf Lager"},"schema":{"@context":"https:\/\/schema.org","@graph":[{"@type":["WebPage","ItemPage"],"@id":"https:\/\/eg-reeds.com\/de\/shop\/zubehoer\/trockenbretter\/trockenbrett-fuer-50-oboenrohre\/","url":"https:\/\/eg-reeds.com\/de\/shop\/zubehoer\/trockenbretter\/trockenbrett-fuer-50-oboenrohre\/","name":"Trockenbrett f\u00fcr 50 Oboenrohre.","isPartOf":{"@id":"https:\/\/eg-reeds.com\/de\/#website"},"primaryImageOfPage":{"@id":"https:\/\/eg-reeds.com\/de\/shop\/zubehoer\/trockenbretter\/trockenbrett-fuer-50-oboenrohre\/#primaryimage"},"image":{"@id":"https:\/\/eg-reeds.com\/de\/shop\/zubehoer\/trockenbretter\/trockenbrett-fuer-50-oboenrohre\/#primaryimage"},"thumbnailUrl":"https:\/\/eg-reeds.com\/wp-content\/uploads\/2024\/11\/MG_1262_17_11zon-scaled.webp","datePublished":"2024-11-25T19:52:45+00:00","dateModified":"2024-11-26T09:31:11+00:00","description":"Das Trockenbrett f\u00fcr 50 Oboenrohre von EG-REEDS ist das ideale Zubeh\u00f6r f\u00fcr Ihre Rohre. Kompakt, elegant und leicht zu transportieren.","breadcrumb":{"@id":"https:\/\/eg-reeds.com\/de\/shop\/zubehoer\/trockenbretter\/trockenbrett-fuer-50-oboenrohre\/#breadcrumb"},"inLanguage":"de","potentialAction":[{"@type":"ReadAction","target":["https:\/\/eg-reeds.com\/de\/shop\/zubehoer\/trockenbretter\/trockenbrett-fuer-50-oboenrohre\/"]}]},{"@type":"ImageObject","inLanguage":"de","@id":"https:\/\/eg-reeds.com\/de\/shop\/zubehoer\/trockenbretter\/trockenbrett-fuer-50-oboenrohre\/#primaryimage","url":"https:\/\/eg-reeds.com\/wp-content\/uploads\/2024\/11\/MG_1262_17_11zon-scaled.webp","contentUrl":"https:\/\/eg-reeds.com\/wp-content\/uploads\/2024\/11\/MG_1262_17_11zon-scaled.webp","width":2560,"height":2560,"caption":"Trockenbrett f\u00fcr 50 Oboenrohre"},{"@type":"BreadcrumbList","@id":"https:\/\/eg-reeds.com\/de\/shop\/zubehoer\/trockenbretter\/trockenbrett-fuer-50-oboenrohre\/#breadcrumb","itemListElement":[{"@type":"ListItem","position":1,"name":"Startseite","item":"https:\/\/eg-reeds.com\/de\/"},{"@type":"ListItem","position":2,"name":"Shop","item":"https:\/\/eg-reeds.com\/de\/"},{"@type":"ListItem","position":3,"name":"Trockenbrett f\u00fcr 50 Oboenrohre"}]},{"@type":"WebSite","@id":"https:\/\/eg-reeds.com\/de\/#website","url":"https:\/\/eg-reeds.com\/de\/","name":"www.eg-reeds.com","description":"Rohre f\u00fcr Oboe","publisher":{"@id":"https:\/\/eg-reeds.com\/de\/#organization"},"alternateName":"eg-reeds.com","potentialAction":[{"@type":"SearchAction","target":{"@type":"EntryPoint","urlTemplate":"https:\/\/eg-reeds.com\/de\/?s={search_term_string}"},"query-input":{"@type":"PropertyValueSpecification","valueRequired":true,"valueName":"search_term_string"}}],"inLanguage":"de"},{"@type":"Organization","@id":"https:\/\/eg-reeds.com\/de\/#organization","name":"www.eg-reeds.com","url":"https:\/\/eg-reeds.com\/de\/","logo":{"@type":"ImageObject","inLanguage":"de","@id":"https:\/\/eg-reeds.com\/de\/#\/schema\/logo\/image\/","url":"https:\/\/eg-reeds.com\/wp-content\/uploads\/2024\/06\/Logo-scaled-e1718793906611.jpg","contentUrl":"https:\/\/eg-reeds.com\/wp-content\/uploads\/2024\/06\/Logo-scaled-e1718793906611.jpg","width":1200,"height":493,"caption":"www.eg-reeds.com"},"image":{"@id":"https:\/\/eg-reeds.com\/de\/#\/schema\/logo\/image\/"},"sameAs":["https:\/\/www.facebook.com\/EGREEDS","https:\/\/x.com\/egreeds","https:\/\/www.instagram.com\/egreeds\/","https:\/\/www.youtube.com\/c\/EGREEDS","https:\/\/www.threads.net\/@egreeds","https:\/\/www.tiktok.com\/@egreeds"]}]},"og_availability":"instock","product_availability":"instock","product_retailer_item_id":"ACSS50","product_condition":"new"},"_links":{"self":[{"href":"https:\/\/eg-reeds.com\/de\/wp-json\/wp\/v2\/product\/54091","targetHints":{"allow":["GET"]}}],"collection":[{"href":"https:\/\/eg-reeds.com\/de\/wp-json\/wp\/v2\/product"}],"about":[{"href":"https:\/\/eg-reeds.com\/de\/wp-json\/wp\/v2\/types\/product"}],"replies":[{"embeddable":true,"href":"https:\/\/eg-reeds.com\/de\/wp-json\/wp\/v2\/comments?post=54091"}],"wp:featuredmedia":[{"embeddable":true,"href":"https:\/\/eg-reeds.com\/de\/wp-json\/wp\/v2\/media\/54225"}],"wp:attachment":[{"href":"https:\/\/eg-reeds.com\/de\/wp-json\/wp\/v2\/media?parent=54091"}],"wp:term":[{"taxonomy":"product_brand","embeddable":true,"href":"https:\/\/eg-reeds.com\/de\/wp-json\/wp\/v2\/product_brand?post=54091"},{"taxonomy":"product_cat","embeddable":true,"href":"https:\/\/eg-reeds.com\/de\/wp-json\/wp\/v2\/product_cat?post=54091"},{"taxonomy":"product_tag","embeddable":true,"href":"https:\/\/eg-reeds.com\/de\/wp-json\/wp\/v2\/product_tag?post=54091"},{"taxonomy":"giftcard-category","embeddable":true,"href":"https:\/\/eg-reeds.com\/de\/wp-json\/wp\/v2\/giftcard-category?post=54091"}],"curies":[{"name":"wp","href":"https:\/\/api.w.org\/{rel}","templated":true}]}}