{"id":54688,"date":"2025-01-10T10:05:52","date_gmt":"2025-01-10T09:05:53","guid":{"rendered":"https:\/\/eg-reeds.com\/?post_type=product&#038;p=54688"},"modified":"2025-01-13T10:15:02","modified_gmt":"2025-01-13T09:15:02","slug":"klingen-fuer-walter-messer","status":"publish","type":"product","link":"https:\/\/eg-reeds.com\/de\/shop\/zubehoer\/messer\/klingen-fuer-walter-messer\/","title":{"rendered":"Klingen f\u00fcr Walter Messer"},"content":{"rendered":"<h1><strong>Klingen f\u00fcr Walter Messer.<\/strong><\/h1>\n<p>Klingen f\u00fcr Walter Messer. Austauschbare Klingen f\u00fcr das <strong><a href=\"https:\/\/eg-reeds.com\/de\/shop\/zubehoer\/messer\/walter-messer\/\" target=\"_blank\" rel=\"noopener\">Walter Messer<\/a><\/strong>. Packung mit 10 austauschbaren Klingen f\u00fcr das Walter Messer von Chiarugi. Hochwertiger Stahl. <strong>Japanische H\u00e4rtung<\/strong> mit einem mehrstufigen Schleifprozess, der eine sanfte, pr\u00e4zise und au\u00dfergew\u00f6hnlich feine Bearbeitung gew\u00e4hrleistet. Set mit 10 Ersatzklingen.<\/p>\n","protected":false},"excerpt":{"rendered":"<p>Klingen f\u00fcr Walter Messer. Klingen f\u00fcr Walter Messer. Austauschbare Klingen f\u00fcr das Walter Messer. Packung mit 10 austauschbaren Klingen f\u00fcr das Walter Messer von Chiarugi. Hochwertiger Stahl. Japanische H\u00e4rtung mit einem mehrstufigen Schleifprozess, der eine sanfte, pr\u00e4zise und au\u00dfergew\u00f6hnlich feine Bearbeitung gew\u00e4hrleistet. Set mit 10 Ersatzklingen.<\/p>\n","protected":false},"featured_media":54696,"comment_status":"open","ping_status":"closed","template":"","meta":[],"product_brand":[],"product_cat":[1416,1485],"product_tag":[],"giftcard-category":[],"class_list":{"0":"post-54688","1":"product","2":"type-product","3":"status-publish","4":"has-post-thumbnail","6":"product_cat-zubehoer","7":"product_cat-messer","9":"first","10":"instock","11":"taxable","12":"shipping-taxable","13":"purchasable","14":"product-type-simple"},"yoast_head":"<!-- This site is optimized with the Yoast SEO Premium plugin v27.0 (Yoast SEO v27.3) - https:\/\/yoast.com\/product\/yoast-seo-premium-wordpress\/ -->\n<title>Klingen f\u00fcr Walter Messer - EG-REEDS<\/title>\n<meta name=\"description\" content=\"Klingen f\u00fcr Walter Messer. Austauschbare Klingen f\u00fcr das Walter Messer. Packung mit 10 austauschbaren Klingen f\u00fcr das Walter Messer von Chiarugi.\" \/>\n<meta name=\"robots\" content=\"index, follow, max-snippet:-1, max-image-preview:large, max-video-preview:-1\" \/>\n<link rel=\"canonical\" href=\"https:\/\/eg-reeds.com\/de\/shop\/zubehoer\/messer\/klingen-fuer-walter-messer\/\" \/>\n<meta property=\"og:locale\" content=\"de_DE\" \/>\n<meta property=\"og:type\" content=\"article\" \/>\n<meta property=\"og:title\" content=\"Klingen f\u00fcr Walter Messer\" \/>\n<meta property=\"og:description\" content=\"Klingen f\u00fcr Walter Messer. Austauschbare Klingen f\u00fcr das Walter Messer. Packung mit 10 austauschbaren Klingen f\u00fcr das Walter Messer von Chiarugi.\" \/>\n<meta property=\"og:url\" content=\"https:\/\/eg-reeds.com\/de\/shop\/zubehoer\/messer\/klingen-fuer-walter-messer\/\" \/>\n<meta property=\"og:site_name\" content=\"EG-REEDS\" \/>\n<meta property=\"article:publisher\" content=\"https:\/\/www.facebook.com\/EGREEDS\" \/>\n<meta property=\"article:modified_time\" content=\"2025-01-13T09:15:02+00:00\" \/>\n<meta property=\"og:image\" content=\"https:\/\/eg-reeds.com\/wp-content\/uploads\/2025\/01\/Blades-for-oboe-reed-making-knife-Walter.webp\" \/>\n\t<meta property=\"og:image:width\" content=\"1280\" \/>\n\t<meta property=\"og:image:height\" content=\"1088\" \/>\n\t<meta property=\"og:image:type\" content=\"image\/webp\" \/>\n<meta name=\"twitter:card\" content=\"summary_large_image\" \/>\n<meta name=\"twitter:site\" content=\"@egreeds\" \/>\n<meta name=\"twitter:label1\" content=\"Preis\" \/>\n\t<meta name=\"twitter:data1\" content=\"9,00&euro;\" \/>\n\t<meta name=\"twitter:label2\" content=\"Verf\u00fcgbarkeit\" \/>\n\t<meta name=\"twitter:data2\" content=\"Auf Lager\" \/>\n<script type=\"application\/ld+json\" class=\"yoast-schema-graph\">{\"@context\":\"https:\\\/\\\/schema.org\",\"@graph\":[{\"@type\":[\"WebPage\",\"ItemPage\"],\"@id\":\"https:\\\/\\\/eg-reeds.com\\\/de\\\/shop\\\/zubehoer\\\/messer\\\/klingen-fuer-walter-messer\\\/\",\"url\":\"https:\\\/\\\/eg-reeds.com\\\/de\\\/shop\\\/zubehoer\\\/messer\\\/klingen-fuer-walter-messer\\\/\",\"name\":\"Klingen f\u00fcr Walter Messer - EG-REEDS\",\"isPartOf\":{\"@id\":\"https:\\\/\\\/eg-reeds.com\\\/de\\\/#website\"},\"primaryImageOfPage\":{\"@id\":\"https:\\\/\\\/eg-reeds.com\\\/de\\\/shop\\\/zubehoer\\\/messer\\\/klingen-fuer-walter-messer\\\/#primaryimage\"},\"image\":{\"@id\":\"https:\\\/\\\/eg-reeds.com\\\/de\\\/shop\\\/zubehoer\\\/messer\\\/klingen-fuer-walter-messer\\\/#primaryimage\"},\"thumbnailUrl\":\"https:\\\/\\\/eg-reeds.com\\\/wp-content\\\/uploads\\\/2025\\\/01\\\/Blades-for-oboe-reed-making-knife-Walter.webp\",\"datePublished\":\"2025-01-10T09:05:53+00:00\",\"dateModified\":\"2025-01-13T09:15:02+00:00\",\"description\":\"Klingen f\u00fcr Walter Messer. Austauschbare Klingen f\u00fcr das Walter Messer. Packung mit 10 austauschbaren Klingen f\u00fcr das Walter Messer von Chiarugi.\",\"breadcrumb\":{\"@id\":\"https:\\\/\\\/eg-reeds.com\\\/de\\\/shop\\\/zubehoer\\\/messer\\\/klingen-fuer-walter-messer\\\/#breadcrumb\"},\"inLanguage\":\"de\",\"potentialAction\":[{\"@type\":\"ReadAction\",\"target\":[\"https:\\\/\\\/eg-reeds.com\\\/de\\\/shop\\\/zubehoer\\\/messer\\\/klingen-fuer-walter-messer\\\/\"]}]},{\"@type\":\"ImageObject\",\"inLanguage\":\"de\",\"@id\":\"https:\\\/\\\/eg-reeds.com\\\/de\\\/shop\\\/zubehoer\\\/messer\\\/klingen-fuer-walter-messer\\\/#primaryimage\",\"url\":\"https:\\\/\\\/eg-reeds.com\\\/wp-content\\\/uploads\\\/2025\\\/01\\\/Blades-for-oboe-reed-making-knife-Walter.webp\",\"contentUrl\":\"https:\\\/\\\/eg-reeds.com\\\/wp-content\\\/uploads\\\/2025\\\/01\\\/Blades-for-oboe-reed-making-knife-Walter.webp\",\"width\":1280,\"height\":1088,\"caption\":\"Klingen f\u00fcr Walter Messer\"},{\"@type\":\"BreadcrumbList\",\"@id\":\"https:\\\/\\\/eg-reeds.com\\\/de\\\/shop\\\/zubehoer\\\/messer\\\/klingen-fuer-walter-messer\\\/#breadcrumb\",\"itemListElement\":[{\"@type\":\"ListItem\",\"position\":1,\"name\":\"Startseite\",\"item\":\"https:\\\/\\\/eg-reeds.com\\\/de\\\/\"},{\"@type\":\"ListItem\",\"position\":2,\"name\":\"Shop\",\"item\":\"https:\\\/\\\/eg-reeds.com\\\/de\\\/\"},{\"@type\":\"ListItem\",\"position\":3,\"name\":\"Klingen f\u00fcr Walter Messer\"}]},{\"@type\":\"WebSite\",\"@id\":\"https:\\\/\\\/eg-reeds.com\\\/de\\\/#website\",\"url\":\"https:\\\/\\\/eg-reeds.com\\\/de\\\/\",\"name\":\"www.eg-reeds.com\",\"description\":\"Rohre f\u00fcr Oboe\",\"publisher\":{\"@id\":\"https:\\\/\\\/eg-reeds.com\\\/de\\\/#organization\"},\"alternateName\":\"eg-reeds.com\",\"potentialAction\":[{\"@type\":\"SearchAction\",\"target\":{\"@type\":\"EntryPoint\",\"urlTemplate\":\"https:\\\/\\\/eg-reeds.com\\\/de\\\/?s={search_term_string}\"},\"query-input\":{\"@type\":\"PropertyValueSpecification\",\"valueRequired\":true,\"valueName\":\"search_term_string\"}}],\"inLanguage\":\"de\"},{\"@type\":\"Organization\",\"@id\":\"https:\\\/\\\/eg-reeds.com\\\/de\\\/#organization\",\"name\":\"www.eg-reeds.com\",\"url\":\"https:\\\/\\\/eg-reeds.com\\\/de\\\/\",\"logo\":{\"@type\":\"ImageObject\",\"inLanguage\":\"de\",\"@id\":\"https:\\\/\\\/eg-reeds.com\\\/de\\\/#\\\/schema\\\/logo\\\/image\\\/\",\"url\":\"https:\\\/\\\/eg-reeds.com\\\/wp-content\\\/uploads\\\/2024\\\/06\\\/Logo-scaled-e1718793906611.jpg\",\"contentUrl\":\"https:\\\/\\\/eg-reeds.com\\\/wp-content\\\/uploads\\\/2024\\\/06\\\/Logo-scaled-e1718793906611.jpg\",\"width\":1200,\"height\":493,\"caption\":\"www.eg-reeds.com\"},\"image\":{\"@id\":\"https:\\\/\\\/eg-reeds.com\\\/de\\\/#\\\/schema\\\/logo\\\/image\\\/\"},\"sameAs\":[\"https:\\\/\\\/www.facebook.com\\\/EGREEDS\",\"https:\\\/\\\/x.com\\\/egreeds\",\"https:\\\/\\\/www.instagram.com\\\/egreeds\\\/\",\"https:\\\/\\\/www.youtube.com\\\/c\\\/EGREEDS\",\"https:\\\/\\\/www.threads.net\\\/@egreeds\",\"https:\\\/\\\/www.tiktok.com\\\/@egreeds\"]}]}<\/script>\n<meta property=\"product:price:amount\" content=\"9.00\" \/>\n<meta property=\"product:price:currency\" content=\"EUR\" \/>\n<meta property=\"og:availability\" content=\"instock\" \/>\n<meta property=\"product:availability\" content=\"instock\" \/>\n<meta property=\"product:retailer_item_id\" content=\"ACNNW-C\" \/>\n<meta property=\"product:condition\" content=\"new\" \/>\n<!-- \/ Yoast SEO Premium plugin. -->","yoast_head_json":{"title":"Klingen f\u00fcr Walter Messer - EG-REEDS","description":"Klingen f\u00fcr Walter Messer. Austauschbare Klingen f\u00fcr das Walter Messer. Packung mit 10 austauschbaren Klingen f\u00fcr das Walter Messer von Chiarugi.","robots":{"index":"index","follow":"follow","max-snippet":"max-snippet:-1","max-image-preview":"max-image-preview:large","max-video-preview":"max-video-preview:-1"},"canonical":"https:\/\/eg-reeds.com\/de\/shop\/zubehoer\/messer\/klingen-fuer-walter-messer\/","og_locale":"de_DE","og_type":"article","og_title":"Klingen f\u00fcr Walter Messer","og_description":"Klingen f\u00fcr Walter Messer. Austauschbare Klingen f\u00fcr das Walter Messer. Packung mit 10 austauschbaren Klingen f\u00fcr das Walter Messer von Chiarugi.","og_url":"https:\/\/eg-reeds.com\/de\/shop\/zubehoer\/messer\/klingen-fuer-walter-messer\/","og_site_name":"EG-REEDS","article_publisher":"https:\/\/www.facebook.com\/EGREEDS","article_modified_time":"2025-01-13T09:15:02+00:00","og_image":[{"width":1280,"height":1088,"url":"https:\/\/eg-reeds.com\/wp-content\/uploads\/2025\/01\/Blades-for-oboe-reed-making-knife-Walter.webp","type":"image\/webp"}],"twitter_card":"summary_large_image","twitter_site":"@egreeds","twitter_misc":{"Preis":"9,00&euro;","Verf\u00fcgbarkeit":"Auf Lager"},"schema":{"@context":"https:\/\/schema.org","@graph":[{"@type":["WebPage","ItemPage"],"@id":"https:\/\/eg-reeds.com\/de\/shop\/zubehoer\/messer\/klingen-fuer-walter-messer\/","url":"https:\/\/eg-reeds.com\/de\/shop\/zubehoer\/messer\/klingen-fuer-walter-messer\/","name":"Klingen f\u00fcr Walter Messer - EG-REEDS","isPartOf":{"@id":"https:\/\/eg-reeds.com\/de\/#website"},"primaryImageOfPage":{"@id":"https:\/\/eg-reeds.com\/de\/shop\/zubehoer\/messer\/klingen-fuer-walter-messer\/#primaryimage"},"image":{"@id":"https:\/\/eg-reeds.com\/de\/shop\/zubehoer\/messer\/klingen-fuer-walter-messer\/#primaryimage"},"thumbnailUrl":"https:\/\/eg-reeds.com\/wp-content\/uploads\/2025\/01\/Blades-for-oboe-reed-making-knife-Walter.webp","datePublished":"2025-01-10T09:05:53+00:00","dateModified":"2025-01-13T09:15:02+00:00","description":"Klingen f\u00fcr Walter Messer. Austauschbare Klingen f\u00fcr das Walter Messer. Packung mit 10 austauschbaren Klingen f\u00fcr das Walter Messer von Chiarugi.","breadcrumb":{"@id":"https:\/\/eg-reeds.com\/de\/shop\/zubehoer\/messer\/klingen-fuer-walter-messer\/#breadcrumb"},"inLanguage":"de","potentialAction":[{"@type":"ReadAction","target":["https:\/\/eg-reeds.com\/de\/shop\/zubehoer\/messer\/klingen-fuer-walter-messer\/"]}]},{"@type":"ImageObject","inLanguage":"de","@id":"https:\/\/eg-reeds.com\/de\/shop\/zubehoer\/messer\/klingen-fuer-walter-messer\/#primaryimage","url":"https:\/\/eg-reeds.com\/wp-content\/uploads\/2025\/01\/Blades-for-oboe-reed-making-knife-Walter.webp","contentUrl":"https:\/\/eg-reeds.com\/wp-content\/uploads\/2025\/01\/Blades-for-oboe-reed-making-knife-Walter.webp","width":1280,"height":1088,"caption":"Klingen f\u00fcr Walter Messer"},{"@type":"BreadcrumbList","@id":"https:\/\/eg-reeds.com\/de\/shop\/zubehoer\/messer\/klingen-fuer-walter-messer\/#breadcrumb","itemListElement":[{"@type":"ListItem","position":1,"name":"Startseite","item":"https:\/\/eg-reeds.com\/de\/"},{"@type":"ListItem","position":2,"name":"Shop","item":"https:\/\/eg-reeds.com\/de\/"},{"@type":"ListItem","position":3,"name":"Klingen f\u00fcr Walter Messer"}]},{"@type":"WebSite","@id":"https:\/\/eg-reeds.com\/de\/#website","url":"https:\/\/eg-reeds.com\/de\/","name":"www.eg-reeds.com","description":"Rohre f\u00fcr Oboe","publisher":{"@id":"https:\/\/eg-reeds.com\/de\/#organization"},"alternateName":"eg-reeds.com","potentialAction":[{"@type":"SearchAction","target":{"@type":"EntryPoint","urlTemplate":"https:\/\/eg-reeds.com\/de\/?s={search_term_string}"},"query-input":{"@type":"PropertyValueSpecification","valueRequired":true,"valueName":"search_term_string"}}],"inLanguage":"de"},{"@type":"Organization","@id":"https:\/\/eg-reeds.com\/de\/#organization","name":"www.eg-reeds.com","url":"https:\/\/eg-reeds.com\/de\/","logo":{"@type":"ImageObject","inLanguage":"de","@id":"https:\/\/eg-reeds.com\/de\/#\/schema\/logo\/image\/","url":"https:\/\/eg-reeds.com\/wp-content\/uploads\/2024\/06\/Logo-scaled-e1718793906611.jpg","contentUrl":"https:\/\/eg-reeds.com\/wp-content\/uploads\/2024\/06\/Logo-scaled-e1718793906611.jpg","width":1200,"height":493,"caption":"www.eg-reeds.com"},"image":{"@id":"https:\/\/eg-reeds.com\/de\/#\/schema\/logo\/image\/"},"sameAs":["https:\/\/www.facebook.com\/EGREEDS","https:\/\/x.com\/egreeds","https:\/\/www.instagram.com\/egreeds\/","https:\/\/www.youtube.com\/c\/EGREEDS","https:\/\/www.threads.net\/@egreeds","https:\/\/www.tiktok.com\/@egreeds"]}]},"product_price_amount":"9.00","product_price_currency":"EUR","og_availability":"instock","product_availability":"instock","product_retailer_item_id":"ACNNW-C","product_condition":"new"},"_links":{"self":[{"href":"https:\/\/eg-reeds.com\/de\/wp-json\/wp\/v2\/product\/54688","targetHints":{"allow":["GET"]}}],"collection":[{"href":"https:\/\/eg-reeds.com\/de\/wp-json\/wp\/v2\/product"}],"about":[{"href":"https:\/\/eg-reeds.com\/de\/wp-json\/wp\/v2\/types\/product"}],"replies":[{"embeddable":true,"href":"https:\/\/eg-reeds.com\/de\/wp-json\/wp\/v2\/comments?post=54688"}],"wp:featuredmedia":[{"embeddable":true,"href":"https:\/\/eg-reeds.com\/de\/wp-json\/wp\/v2\/media\/54696"}],"wp:attachment":[{"href":"https:\/\/eg-reeds.com\/de\/wp-json\/wp\/v2\/media?parent=54688"}],"wp:term":[{"taxonomy":"product_brand","embeddable":true,"href":"https:\/\/eg-reeds.com\/de\/wp-json\/wp\/v2\/product_brand?post=54688"},{"taxonomy":"product_cat","embeddable":true,"href":"https:\/\/eg-reeds.com\/de\/wp-json\/wp\/v2\/product_cat?post=54688"},{"taxonomy":"product_tag","embeddable":true,"href":"https:\/\/eg-reeds.com\/de\/wp-json\/wp\/v2\/product_tag?post=54688"},{"taxonomy":"giftcard-category","embeddable":true,"href":"https:\/\/eg-reeds.com\/de\/wp-json\/wp\/v2\/giftcard-category?post=54688"}],"curies":[{"name":"wp","href":"https:\/\/api.w.org\/{rel}","templated":true}]}}