{"id":54932,"date":"2025-01-13T12:03:57","date_gmt":"2025-01-24T07:27:34","guid":{"rendered":"https:\/\/eg-reeds.com\/?post_type=product&#038;p=54932"},"modified":"2025-01-24T08:27:35","modified_gmt":"2025-01-24T07:27:35","slug":"oel-fuer-holzblasinstrumente-la-tromba","status":"publish","type":"product","link":"https:\/\/eg-reeds.com\/de\/shop\/zubehoer\/zubehor-fur-instrumente\/oel-fuer-holzblasinstrumente-la-tromba\/","title":{"rendered":"\u00d6l f\u00fcr Holzblasinstrumente La Tromba"},"content":{"rendered":"<h1><strong>\u00d6l f\u00fcr Holzblasinstrumente La Tromba.<\/strong><\/h1>\n<p>\u00d6l f\u00fcr Holzblasinstrumente La Tromba.<\/p>\n<ul>\n<li>Verhindert die Ansammlung von Kondensation.<\/li>\n<li>Verringert das Risiko von Rissen.<\/li>\n<li>Bietet langanhaltenden Schutz und Feuchtigkeit f\u00fcr das Holz von Oboen und anderen Holzblasinstrumenten.<\/li>\n<\/ul>\n","protected":false},"excerpt":{"rendered":"<p>\u00d6l f\u00fcr Holzblasinstrumente La Tromba. \u00d6l f\u00fcr Holzblasinstrumente La Tromba. Verhindert die Ansammlung von Kondensation. Verringert das Risiko von Rissen. Bietet langanhaltenden Schutz und Feuchtigkeit f\u00fcr das Holz von Oboen und anderen Holzblasinstrumenten.<\/p>\n","protected":false},"featured_media":54769,"comment_status":"open","ping_status":"closed","template":"","meta":[],"product_brand":[],"product_cat":[1416,3581,3812],"product_tag":[],"giftcard-category":[],"class_list":{"0":"post-54932","1":"product","2":"type-product","3":"status-publish","4":"has-post-thumbnail","6":"product_cat-zubehoer","7":"product_cat-zubehor-fur-instrumente","8":"product_cat-oboen","10":"first","11":"outofstock","12":"taxable","13":"shipping-taxable","14":"purchasable","15":"product-type-simple"},"yoast_head":"<!-- This site is optimized with the Yoast SEO Premium plugin v27.0 (Yoast SEO v27.4) - https:\/\/yoast.com\/product\/yoast-seo-premium-wordpress\/ -->\n<title>\u00d6l f\u00fcr Holzblasinstrumente La Tromba - EG-REEDS<\/title>\n<meta name=\"description\" content=\"\u00d6l f\u00fcr Holzblasinstrumente La Tromba. Verringert das Risiko von Rissen. Bietet langanhaltenden Schutz und Feuchtigkeit f\u00fcr das Holz von Oboen und anderen.\" \/>\n<meta name=\"robots\" content=\"index, follow, max-snippet:-1, max-image-preview:large, max-video-preview:-1\" \/>\n<link rel=\"canonical\" href=\"https:\/\/eg-reeds.com\/de\/shop\/zubehoer\/zubehor-fur-instrumente\/oel-fuer-holzblasinstrumente-la-tromba\/\" \/>\n<meta property=\"og:locale\" content=\"de_DE\" \/>\n<meta property=\"og:type\" content=\"article\" \/>\n<meta property=\"og:title\" content=\"\u00d6l f\u00fcr Holzblasinstrumente La Tromba\" \/>\n<meta property=\"og:description\" content=\"\u00d6l f\u00fcr Holzblasinstrumente La Tromba. Verringert das Risiko von Rissen. Bietet langanhaltenden Schutz und Feuchtigkeit f\u00fcr das Holz von Oboen und anderen.\" \/>\n<meta property=\"og:url\" content=\"https:\/\/eg-reeds.com\/de\/shop\/zubehoer\/zubehor-fur-instrumente\/oel-fuer-holzblasinstrumente-la-tromba\/\" \/>\n<meta property=\"og:site_name\" content=\"EG-REEDS\" \/>\n<meta property=\"article:publisher\" content=\"https:\/\/www.facebook.com\/EGREEDS\" \/>\n<meta property=\"article:modified_time\" content=\"2025-01-24T07:27:35+00:00\" \/>\n<meta property=\"og:image\" content=\"https:\/\/eg-reeds.com\/wp-content\/uploads\/2025\/01\/La-Tromba-oil-for-woodwind-instruments.webp\" \/>\n\t<meta property=\"og:image:width\" content=\"1280\" \/>\n\t<meta property=\"og:image:height\" content=\"1059\" \/>\n\t<meta property=\"og:image:type\" content=\"image\/webp\" \/>\n<meta name=\"twitter:card\" content=\"summary_large_image\" \/>\n<meta name=\"twitter:site\" content=\"@egreeds\" \/>\n<meta name=\"twitter:label1\" content=\"Preis\" \/>\n\t<meta name=\"twitter:data1\" content=\"9,00&euro;\" \/>\n\t<meta name=\"twitter:label2\" content=\"Verf\u00fcgbarkeit\" \/>\n\t<meta name=\"twitter:data2\" content=\"ausverkauft\" \/>\n<script type=\"application\/ld+json\" class=\"yoast-schema-graph\">{\"@context\":\"https:\\\/\\\/schema.org\",\"@graph\":[{\"@type\":[\"WebPage\",\"ItemPage\"],\"@id\":\"https:\\\/\\\/eg-reeds.com\\\/de\\\/shop\\\/zubehoer\\\/zubehor-fur-instrumente\\\/oel-fuer-holzblasinstrumente-la-tromba\\\/\",\"url\":\"https:\\\/\\\/eg-reeds.com\\\/de\\\/shop\\\/zubehoer\\\/zubehor-fur-instrumente\\\/oel-fuer-holzblasinstrumente-la-tromba\\\/\",\"name\":\"\u00d6l f\u00fcr Holzblasinstrumente La Tromba - EG-REEDS\",\"isPartOf\":{\"@id\":\"https:\\\/\\\/eg-reeds.com\\\/de\\\/#website\"},\"primaryImageOfPage\":{\"@id\":\"https:\\\/\\\/eg-reeds.com\\\/de\\\/shop\\\/zubehoer\\\/zubehor-fur-instrumente\\\/oel-fuer-holzblasinstrumente-la-tromba\\\/#primaryimage\"},\"image\":{\"@id\":\"https:\\\/\\\/eg-reeds.com\\\/de\\\/shop\\\/zubehoer\\\/zubehor-fur-instrumente\\\/oel-fuer-holzblasinstrumente-la-tromba\\\/#primaryimage\"},\"thumbnailUrl\":\"https:\\\/\\\/eg-reeds.com\\\/wp-content\\\/uploads\\\/2025\\\/01\\\/La-Tromba-oil-for-woodwind-instruments.webp\",\"datePublished\":\"2025-01-24T07:27:34+00:00\",\"dateModified\":\"2025-01-24T07:27:35+00:00\",\"description\":\"\u00d6l f\u00fcr Holzblasinstrumente La Tromba. Verringert das Risiko von Rissen. Bietet langanhaltenden Schutz und Feuchtigkeit f\u00fcr das Holz von Oboen und anderen.\",\"breadcrumb\":{\"@id\":\"https:\\\/\\\/eg-reeds.com\\\/de\\\/shop\\\/zubehoer\\\/zubehor-fur-instrumente\\\/oel-fuer-holzblasinstrumente-la-tromba\\\/#breadcrumb\"},\"inLanguage\":\"de\",\"potentialAction\":[{\"@type\":\"ReadAction\",\"target\":[\"https:\\\/\\\/eg-reeds.com\\\/de\\\/shop\\\/zubehoer\\\/zubehor-fur-instrumente\\\/oel-fuer-holzblasinstrumente-la-tromba\\\/\"]}]},{\"@type\":\"ImageObject\",\"inLanguage\":\"de\",\"@id\":\"https:\\\/\\\/eg-reeds.com\\\/de\\\/shop\\\/zubehoer\\\/zubehor-fur-instrumente\\\/oel-fuer-holzblasinstrumente-la-tromba\\\/#primaryimage\",\"url\":\"https:\\\/\\\/eg-reeds.com\\\/wp-content\\\/uploads\\\/2025\\\/01\\\/La-Tromba-oil-for-woodwind-instruments.webp\",\"contentUrl\":\"https:\\\/\\\/eg-reeds.com\\\/wp-content\\\/uploads\\\/2025\\\/01\\\/La-Tromba-oil-for-woodwind-instruments.webp\",\"width\":1280,\"height\":1059,\"caption\":\"\u00d6l La Tromba\"},{\"@type\":\"BreadcrumbList\",\"@id\":\"https:\\\/\\\/eg-reeds.com\\\/de\\\/shop\\\/zubehoer\\\/zubehor-fur-instrumente\\\/oel-fuer-holzblasinstrumente-la-tromba\\\/#breadcrumb\",\"itemListElement\":[{\"@type\":\"ListItem\",\"position\":1,\"name\":\"Startseite\",\"item\":\"https:\\\/\\\/eg-reeds.com\\\/de\\\/\"},{\"@type\":\"ListItem\",\"position\":2,\"name\":\"Shop\",\"item\":\"https:\\\/\\\/eg-reeds.com\\\/de\\\/\"},{\"@type\":\"ListItem\",\"position\":3,\"name\":\"\u00d6l f\u00fcr Holzblasinstrumente La Tromba\"}]},{\"@type\":\"WebSite\",\"@id\":\"https:\\\/\\\/eg-reeds.com\\\/de\\\/#website\",\"url\":\"https:\\\/\\\/eg-reeds.com\\\/de\\\/\",\"name\":\"www.eg-reeds.com\",\"description\":\"Rohre f\u00fcr Oboe\",\"publisher\":{\"@id\":\"https:\\\/\\\/eg-reeds.com\\\/de\\\/#organization\"},\"alternateName\":\"eg-reeds.com\",\"potentialAction\":[{\"@type\":\"SearchAction\",\"target\":{\"@type\":\"EntryPoint\",\"urlTemplate\":\"https:\\\/\\\/eg-reeds.com\\\/de\\\/?s={search_term_string}\"},\"query-input\":{\"@type\":\"PropertyValueSpecification\",\"valueRequired\":true,\"valueName\":\"search_term_string\"}}],\"inLanguage\":\"de\"},{\"@type\":\"Organization\",\"@id\":\"https:\\\/\\\/eg-reeds.com\\\/de\\\/#organization\",\"name\":\"www.eg-reeds.com\",\"url\":\"https:\\\/\\\/eg-reeds.com\\\/de\\\/\",\"logo\":{\"@type\":\"ImageObject\",\"inLanguage\":\"de\",\"@id\":\"https:\\\/\\\/eg-reeds.com\\\/de\\\/#\\\/schema\\\/logo\\\/image\\\/\",\"url\":\"https:\\\/\\\/eg-reeds.com\\\/wp-content\\\/uploads\\\/2024\\\/06\\\/Logo-scaled-e1718793906611.jpg\",\"contentUrl\":\"https:\\\/\\\/eg-reeds.com\\\/wp-content\\\/uploads\\\/2024\\\/06\\\/Logo-scaled-e1718793906611.jpg\",\"width\":1200,\"height\":493,\"caption\":\"www.eg-reeds.com\"},\"image\":{\"@id\":\"https:\\\/\\\/eg-reeds.com\\\/de\\\/#\\\/schema\\\/logo\\\/image\\\/\"},\"sameAs\":[\"https:\\\/\\\/www.facebook.com\\\/EGREEDS\",\"https:\\\/\\\/x.com\\\/egreeds\",\"https:\\\/\\\/www.instagram.com\\\/egreeds\\\/\",\"https:\\\/\\\/www.youtube.com\\\/c\\\/EGREEDS\",\"https:\\\/\\\/www.threads.net\\\/@egreeds\",\"https:\\\/\\\/www.tiktok.com\\\/@egreeds\"]}]}<\/script>\n<meta property=\"product:price:amount\" content=\"9.00\" \/>\n<meta property=\"product:price:currency\" content=\"EUR\" \/>\n<meta property=\"og:availability\" content=\"out of stock\" \/>\n<meta property=\"product:availability\" content=\"out of stock\" \/>\n<meta property=\"product:retailer_item_id\" content=\"ACAIAT1\" \/>\n<meta property=\"product:condition\" content=\"new\" \/>\n<!-- \/ Yoast SEO Premium plugin. -->","yoast_head_json":{"title":"\u00d6l f\u00fcr Holzblasinstrumente La Tromba - EG-REEDS","description":"\u00d6l f\u00fcr Holzblasinstrumente La Tromba. Verringert das Risiko von Rissen. Bietet langanhaltenden Schutz und Feuchtigkeit f\u00fcr das Holz von Oboen und anderen.","robots":{"index":"index","follow":"follow","max-snippet":"max-snippet:-1","max-image-preview":"max-image-preview:large","max-video-preview":"max-video-preview:-1"},"canonical":"https:\/\/eg-reeds.com\/de\/shop\/zubehoer\/zubehor-fur-instrumente\/oel-fuer-holzblasinstrumente-la-tromba\/","og_locale":"de_DE","og_type":"article","og_title":"\u00d6l f\u00fcr Holzblasinstrumente La Tromba","og_description":"\u00d6l f\u00fcr Holzblasinstrumente La Tromba. Verringert das Risiko von Rissen. Bietet langanhaltenden Schutz und Feuchtigkeit f\u00fcr das Holz von Oboen und anderen.","og_url":"https:\/\/eg-reeds.com\/de\/shop\/zubehoer\/zubehor-fur-instrumente\/oel-fuer-holzblasinstrumente-la-tromba\/","og_site_name":"EG-REEDS","article_publisher":"https:\/\/www.facebook.com\/EGREEDS","article_modified_time":"2025-01-24T07:27:35+00:00","og_image":[{"width":1280,"height":1059,"url":"https:\/\/eg-reeds.com\/wp-content\/uploads\/2025\/01\/La-Tromba-oil-for-woodwind-instruments.webp","type":"image\/webp"}],"twitter_card":"summary_large_image","twitter_site":"@egreeds","twitter_misc":{"Preis":"9,00&euro;","Verf\u00fcgbarkeit":"ausverkauft"},"schema":{"@context":"https:\/\/schema.org","@graph":[{"@type":["WebPage","ItemPage"],"@id":"https:\/\/eg-reeds.com\/de\/shop\/zubehoer\/zubehor-fur-instrumente\/oel-fuer-holzblasinstrumente-la-tromba\/","url":"https:\/\/eg-reeds.com\/de\/shop\/zubehoer\/zubehor-fur-instrumente\/oel-fuer-holzblasinstrumente-la-tromba\/","name":"\u00d6l f\u00fcr Holzblasinstrumente La Tromba - EG-REEDS","isPartOf":{"@id":"https:\/\/eg-reeds.com\/de\/#website"},"primaryImageOfPage":{"@id":"https:\/\/eg-reeds.com\/de\/shop\/zubehoer\/zubehor-fur-instrumente\/oel-fuer-holzblasinstrumente-la-tromba\/#primaryimage"},"image":{"@id":"https:\/\/eg-reeds.com\/de\/shop\/zubehoer\/zubehor-fur-instrumente\/oel-fuer-holzblasinstrumente-la-tromba\/#primaryimage"},"thumbnailUrl":"https:\/\/eg-reeds.com\/wp-content\/uploads\/2025\/01\/La-Tromba-oil-for-woodwind-instruments.webp","datePublished":"2025-01-24T07:27:34+00:00","dateModified":"2025-01-24T07:27:35+00:00","description":"\u00d6l f\u00fcr Holzblasinstrumente La Tromba. Verringert das Risiko von Rissen. Bietet langanhaltenden Schutz und Feuchtigkeit f\u00fcr das Holz von Oboen und anderen.","breadcrumb":{"@id":"https:\/\/eg-reeds.com\/de\/shop\/zubehoer\/zubehor-fur-instrumente\/oel-fuer-holzblasinstrumente-la-tromba\/#breadcrumb"},"inLanguage":"de","potentialAction":[{"@type":"ReadAction","target":["https:\/\/eg-reeds.com\/de\/shop\/zubehoer\/zubehor-fur-instrumente\/oel-fuer-holzblasinstrumente-la-tromba\/"]}]},{"@type":"ImageObject","inLanguage":"de","@id":"https:\/\/eg-reeds.com\/de\/shop\/zubehoer\/zubehor-fur-instrumente\/oel-fuer-holzblasinstrumente-la-tromba\/#primaryimage","url":"https:\/\/eg-reeds.com\/wp-content\/uploads\/2025\/01\/La-Tromba-oil-for-woodwind-instruments.webp","contentUrl":"https:\/\/eg-reeds.com\/wp-content\/uploads\/2025\/01\/La-Tromba-oil-for-woodwind-instruments.webp","width":1280,"height":1059,"caption":"\u00d6l La Tromba"},{"@type":"BreadcrumbList","@id":"https:\/\/eg-reeds.com\/de\/shop\/zubehoer\/zubehor-fur-instrumente\/oel-fuer-holzblasinstrumente-la-tromba\/#breadcrumb","itemListElement":[{"@type":"ListItem","position":1,"name":"Startseite","item":"https:\/\/eg-reeds.com\/de\/"},{"@type":"ListItem","position":2,"name":"Shop","item":"https:\/\/eg-reeds.com\/de\/"},{"@type":"ListItem","position":3,"name":"\u00d6l f\u00fcr Holzblasinstrumente La Tromba"}]},{"@type":"WebSite","@id":"https:\/\/eg-reeds.com\/de\/#website","url":"https:\/\/eg-reeds.com\/de\/","name":"www.eg-reeds.com","description":"Rohre f\u00fcr Oboe","publisher":{"@id":"https:\/\/eg-reeds.com\/de\/#organization"},"alternateName":"eg-reeds.com","potentialAction":[{"@type":"SearchAction","target":{"@type":"EntryPoint","urlTemplate":"https:\/\/eg-reeds.com\/de\/?s={search_term_string}"},"query-input":{"@type":"PropertyValueSpecification","valueRequired":true,"valueName":"search_term_string"}}],"inLanguage":"de"},{"@type":"Organization","@id":"https:\/\/eg-reeds.com\/de\/#organization","name":"www.eg-reeds.com","url":"https:\/\/eg-reeds.com\/de\/","logo":{"@type":"ImageObject","inLanguage":"de","@id":"https:\/\/eg-reeds.com\/de\/#\/schema\/logo\/image\/","url":"https:\/\/eg-reeds.com\/wp-content\/uploads\/2024\/06\/Logo-scaled-e1718793906611.jpg","contentUrl":"https:\/\/eg-reeds.com\/wp-content\/uploads\/2024\/06\/Logo-scaled-e1718793906611.jpg","width":1200,"height":493,"caption":"www.eg-reeds.com"},"image":{"@id":"https:\/\/eg-reeds.com\/de\/#\/schema\/logo\/image\/"},"sameAs":["https:\/\/www.facebook.com\/EGREEDS","https:\/\/x.com\/egreeds","https:\/\/www.instagram.com\/egreeds\/","https:\/\/www.youtube.com\/c\/EGREEDS","https:\/\/www.threads.net\/@egreeds","https:\/\/www.tiktok.com\/@egreeds"]}]},"product_price_amount":"9.00","product_price_currency":"EUR","og_availability":"out of stock","product_availability":"out of stock","product_retailer_item_id":"ACAIAT1","product_condition":"new"},"_links":{"self":[{"href":"https:\/\/eg-reeds.com\/de\/wp-json\/wp\/v2\/product\/54932","targetHints":{"allow":["GET"]}}],"collection":[{"href":"https:\/\/eg-reeds.com\/de\/wp-json\/wp\/v2\/product"}],"about":[{"href":"https:\/\/eg-reeds.com\/de\/wp-json\/wp\/v2\/types\/product"}],"replies":[{"embeddable":true,"href":"https:\/\/eg-reeds.com\/de\/wp-json\/wp\/v2\/comments?post=54932"}],"wp:featuredmedia":[{"embeddable":true,"href":"https:\/\/eg-reeds.com\/de\/wp-json\/wp\/v2\/media\/54769"}],"wp:attachment":[{"href":"https:\/\/eg-reeds.com\/de\/wp-json\/wp\/v2\/media?parent=54932"}],"wp:term":[{"taxonomy":"product_brand","embeddable":true,"href":"https:\/\/eg-reeds.com\/de\/wp-json\/wp\/v2\/product_brand?post=54932"},{"taxonomy":"product_cat","embeddable":true,"href":"https:\/\/eg-reeds.com\/de\/wp-json\/wp\/v2\/product_cat?post=54932"},{"taxonomy":"product_tag","embeddable":true,"href":"https:\/\/eg-reeds.com\/de\/wp-json\/wp\/v2\/product_tag?post=54932"},{"taxonomy":"giftcard-category","embeddable":true,"href":"https:\/\/eg-reeds.com\/de\/wp-json\/wp\/v2\/giftcard-category?post=54932"}],"curies":[{"name":"wp","href":"https:\/\/api.w.org\/{rel}","templated":true}]}}