{"id":54962,"date":"2024-05-24T12:47:42","date_gmt":"2025-01-24T09:23:35","guid":{"rendered":"https:\/\/eg-reeds.com\/?post_type=product&#038;p=54962"},"modified":"2025-01-24T10:23:36","modified_gmt":"2025-01-24T09:23:36","slug":"korg-ma-2-metronom","status":"publish","type":"product","link":"https:\/\/eg-reeds.com\/de\/shop\/zubehoer\/zubehor-fur-instrumente\/korg-ma-2-metronom\/","title":{"rendered":"Korg MA-2 Metronom"},"content":{"rendered":"<h1><strong>Korg MA-2 Metronom.<\/strong><\/h1>\n<div>Korg MA-2 Metronom, ein kompaktes elektronisches Metronom. Das MA-2 ist unverzichtbar f\u00fcr das Musikstudium und insbesondere f\u00fcr das \u00dcben von Rhythmen mit jedem Musikinstrument. Dank seiner kompakten Gr\u00f6\u00dfe bietet es alle Funktionen eines musikalischen Metronoms, ist aber leicht \u00fcberallhin mitzunehmen.<\/div>\n<div><\/div>\n<div>Beherrsche deinen Rhythmus mit diesem tragbaren und benutzerfreundlichen elektronischen Metronom. Mit einem breiten Tempobereich (30\u2013252 bpm), verschiedenen Rhythmusmustern (einschlie\u00dflich Taktschl\u00e4gen, Triolen und Achteln), einem klaren LCD-Display und einem leistungsstarken Lautsprecher. Dieses Metronom ist ideal f\u00fcr Musiker aller Niveaus.<\/div>\n<div><\/div>\n<div>Das Korg MA-2 bietet au\u00dferdem eine benutzerfreundliche Oberfl\u00e4che und einen innovativen Timer-Modus, um \u00dcbungseinheiten mit jedem Musikinstrument zu verbessern.<\/div>\n<div><\/div>\n<div>Jetzt kannst du dein Korg-Metronom bei EG-REEDS kaufen.<\/div>\n<div><\/div>\n","protected":false},"excerpt":{"rendered":"<p>Korg MA-2 Metronom. Korg MA-2 Metronom, ein kompaktes elektronisches Metronom. Das MA-2 ist unverzichtbar f\u00fcr das Musikstudium und insbesondere f\u00fcr das \u00dcben von Rhythmen mit jedem Musikinstrument. Dank seiner kompakten Gr\u00f6\u00dfe bietet es alle Funktionen eines musikalischen Metronoms, ist aber leicht \u00fcberallhin mitzunehmen. Beherrsche deinen Rhythmus mit diesem tragbaren und benutzerfreundlichen elektronischen Metronom. Mit einem [&#8230;]\n","protected":false},"featured_media":51467,"comment_status":"open","ping_status":"closed","template":"","meta":[],"product_brand":[],"product_cat":[3581],"product_tag":[],"giftcard-category":[],"class_list":{"0":"post-54962","1":"product","2":"type-product","3":"status-publish","4":"has-post-thumbnail","6":"product_cat-zubehor-fur-instrumente","8":"first","9":"instock","10":"taxable","11":"shipping-taxable","12":"purchasable","13":"product-type-simple"},"yoast_head":"<!-- This site is optimized with the Yoast SEO Premium plugin v27.0 (Yoast SEO v27.3) - https:\/\/yoast.com\/product\/yoast-seo-premium-wordpress\/ -->\n<title>Korg MA-2 Metronom - EG-REEDS<\/title>\n<meta name=\"description\" content=\"Korg MA-2 Metronom, ein kompaktes elektronisches Metronom. Das MA-2 ist unverzichtbar f\u00fcr das Musikstudium und insbesondere f\u00fcr das \u00dcben von Rhythmen.\" \/>\n<meta name=\"robots\" content=\"index, follow, max-snippet:-1, max-image-preview:large, max-video-preview:-1\" \/>\n<link rel=\"canonical\" href=\"https:\/\/eg-reeds.com\/de\/shop\/zubehoer\/zubehor-fur-instrumente\/korg-ma-2-metronom\/\" \/>\n<meta property=\"og:locale\" content=\"de_DE\" \/>\n<meta property=\"og:type\" content=\"article\" \/>\n<meta property=\"og:title\" content=\"Korg MA-2 Metronom\" \/>\n<meta property=\"og:description\" content=\"Korg MA-2 Metronom, ein kompaktes elektronisches Metronom. Das MA-2 ist unverzichtbar f\u00fcr das Musikstudium und insbesondere f\u00fcr das \u00dcben von Rhythmen.\" \/>\n<meta property=\"og:url\" content=\"https:\/\/eg-reeds.com\/de\/shop\/zubehoer\/zubehor-fur-instrumente\/korg-ma-2-metronom\/\" \/>\n<meta property=\"og:site_name\" content=\"EG-REEDS\" \/>\n<meta property=\"article:publisher\" content=\"https:\/\/www.facebook.com\/EGREEDS\" \/>\n<meta property=\"article:modified_time\" content=\"2025-01-24T09:23:36+00:00\" \/>\n<meta property=\"og:image\" content=\"https:\/\/eg-reeds.com\/wp-content\/uploads\/2024\/05\/Korg-MA-2-Metronome.jpg\" \/>\n\t<meta property=\"og:image:width\" content=\"679\" \/>\n\t<meta property=\"og:image:height\" content=\"406\" \/>\n\t<meta property=\"og:image:type\" content=\"image\/jpeg\" \/>\n<meta name=\"twitter:card\" content=\"summary_large_image\" \/>\n<meta name=\"twitter:site\" content=\"@egreeds\" \/>\n<meta name=\"twitter:label1\" content=\"Preis\" \/>\n\t<meta name=\"twitter:data1\" content=\"20,00&euro;\" \/>\n\t<meta name=\"twitter:label2\" content=\"Verf\u00fcgbarkeit\" \/>\n\t<meta name=\"twitter:data2\" content=\"Auf Lager\" \/>\n<script type=\"application\/ld+json\" class=\"yoast-schema-graph\">{\"@context\":\"https:\\\/\\\/schema.org\",\"@graph\":[{\"@type\":[\"WebPage\",\"ItemPage\"],\"@id\":\"https:\\\/\\\/eg-reeds.com\\\/de\\\/shop\\\/zubehoer\\\/zubehor-fur-instrumente\\\/korg-ma-2-metronom\\\/\",\"url\":\"https:\\\/\\\/eg-reeds.com\\\/de\\\/shop\\\/zubehoer\\\/zubehor-fur-instrumente\\\/korg-ma-2-metronom\\\/\",\"name\":\"Korg MA-2 Metronom - EG-REEDS\",\"isPartOf\":{\"@id\":\"https:\\\/\\\/eg-reeds.com\\\/de\\\/#website\"},\"primaryImageOfPage\":{\"@id\":\"https:\\\/\\\/eg-reeds.com\\\/de\\\/shop\\\/zubehoer\\\/zubehor-fur-instrumente\\\/korg-ma-2-metronom\\\/#primaryimage\"},\"image\":{\"@id\":\"https:\\\/\\\/eg-reeds.com\\\/de\\\/shop\\\/zubehoer\\\/zubehor-fur-instrumente\\\/korg-ma-2-metronom\\\/#primaryimage\"},\"thumbnailUrl\":\"https:\\\/\\\/eg-reeds.com\\\/wp-content\\\/uploads\\\/2024\\\/05\\\/Korg-MA-2-Metronome.jpg\",\"datePublished\":\"2025-01-24T09:23:35+00:00\",\"dateModified\":\"2025-01-24T09:23:36+00:00\",\"description\":\"Korg MA-2 Metronom, ein kompaktes elektronisches Metronom. Das MA-2 ist unverzichtbar f\u00fcr das Musikstudium und insbesondere f\u00fcr das \u00dcben von Rhythmen.\",\"breadcrumb\":{\"@id\":\"https:\\\/\\\/eg-reeds.com\\\/de\\\/shop\\\/zubehoer\\\/zubehor-fur-instrumente\\\/korg-ma-2-metronom\\\/#breadcrumb\"},\"inLanguage\":\"de\",\"potentialAction\":[{\"@type\":\"ReadAction\",\"target\":[\"https:\\\/\\\/eg-reeds.com\\\/de\\\/shop\\\/zubehoer\\\/zubehor-fur-instrumente\\\/korg-ma-2-metronom\\\/\"]}]},{\"@type\":\"ImageObject\",\"inLanguage\":\"de\",\"@id\":\"https:\\\/\\\/eg-reeds.com\\\/de\\\/shop\\\/zubehoer\\\/zubehor-fur-instrumente\\\/korg-ma-2-metronom\\\/#primaryimage\",\"url\":\"https:\\\/\\\/eg-reeds.com\\\/wp-content\\\/uploads\\\/2024\\\/05\\\/Korg-MA-2-Metronome.jpg\",\"contentUrl\":\"https:\\\/\\\/eg-reeds.com\\\/wp-content\\\/uploads\\\/2024\\\/05\\\/Korg-MA-2-Metronome.jpg\",\"width\":679,\"height\":406,\"caption\":\"Korg Metronom\"},{\"@type\":\"BreadcrumbList\",\"@id\":\"https:\\\/\\\/eg-reeds.com\\\/de\\\/shop\\\/zubehoer\\\/zubehor-fur-instrumente\\\/korg-ma-2-metronom\\\/#breadcrumb\",\"itemListElement\":[{\"@type\":\"ListItem\",\"position\":1,\"name\":\"Startseite\",\"item\":\"https:\\\/\\\/eg-reeds.com\\\/de\\\/\"},{\"@type\":\"ListItem\",\"position\":2,\"name\":\"Shop\",\"item\":\"https:\\\/\\\/eg-reeds.com\\\/de\\\/\"},{\"@type\":\"ListItem\",\"position\":3,\"name\":\"Korg MA-2 Metronom\"}]},{\"@type\":\"WebSite\",\"@id\":\"https:\\\/\\\/eg-reeds.com\\\/de\\\/#website\",\"url\":\"https:\\\/\\\/eg-reeds.com\\\/de\\\/\",\"name\":\"www.eg-reeds.com\",\"description\":\"Rohre f\u00fcr Oboe\",\"publisher\":{\"@id\":\"https:\\\/\\\/eg-reeds.com\\\/de\\\/#organization\"},\"alternateName\":\"eg-reeds.com\",\"potentialAction\":[{\"@type\":\"SearchAction\",\"target\":{\"@type\":\"EntryPoint\",\"urlTemplate\":\"https:\\\/\\\/eg-reeds.com\\\/de\\\/?s={search_term_string}\"},\"query-input\":{\"@type\":\"PropertyValueSpecification\",\"valueRequired\":true,\"valueName\":\"search_term_string\"}}],\"inLanguage\":\"de\"},{\"@type\":\"Organization\",\"@id\":\"https:\\\/\\\/eg-reeds.com\\\/de\\\/#organization\",\"name\":\"www.eg-reeds.com\",\"url\":\"https:\\\/\\\/eg-reeds.com\\\/de\\\/\",\"logo\":{\"@type\":\"ImageObject\",\"inLanguage\":\"de\",\"@id\":\"https:\\\/\\\/eg-reeds.com\\\/de\\\/#\\\/schema\\\/logo\\\/image\\\/\",\"url\":\"https:\\\/\\\/eg-reeds.com\\\/wp-content\\\/uploads\\\/2024\\\/06\\\/Logo-scaled-e1718793906611.jpg\",\"contentUrl\":\"https:\\\/\\\/eg-reeds.com\\\/wp-content\\\/uploads\\\/2024\\\/06\\\/Logo-scaled-e1718793906611.jpg\",\"width\":1200,\"height\":493,\"caption\":\"www.eg-reeds.com\"},\"image\":{\"@id\":\"https:\\\/\\\/eg-reeds.com\\\/de\\\/#\\\/schema\\\/logo\\\/image\\\/\"},\"sameAs\":[\"https:\\\/\\\/www.facebook.com\\\/EGREEDS\",\"https:\\\/\\\/x.com\\\/egreeds\",\"https:\\\/\\\/www.instagram.com\\\/egreeds\\\/\",\"https:\\\/\\\/www.youtube.com\\\/c\\\/EGREEDS\",\"https:\\\/\\\/www.threads.net\\\/@egreeds\",\"https:\\\/\\\/www.tiktok.com\\\/@egreeds\"]}]}<\/script>\n<meta property=\"product:price:amount\" content=\"20.00\" \/>\n<meta property=\"product:price:currency\" content=\"EUR\" \/>\n<meta property=\"og:availability\" content=\"instock\" \/>\n<meta property=\"product:availability\" content=\"instock\" \/>\n<meta property=\"product:retailer_item_id\" content=\"AAIMKorg\" \/>\n<meta property=\"product:condition\" content=\"new\" \/>\n<!-- \/ Yoast SEO Premium plugin. -->","yoast_head_json":{"title":"Korg MA-2 Metronom - EG-REEDS","description":"Korg MA-2 Metronom, ein kompaktes elektronisches Metronom. Das MA-2 ist unverzichtbar f\u00fcr das Musikstudium und insbesondere f\u00fcr das \u00dcben von Rhythmen.","robots":{"index":"index","follow":"follow","max-snippet":"max-snippet:-1","max-image-preview":"max-image-preview:large","max-video-preview":"max-video-preview:-1"},"canonical":"https:\/\/eg-reeds.com\/de\/shop\/zubehoer\/zubehor-fur-instrumente\/korg-ma-2-metronom\/","og_locale":"de_DE","og_type":"article","og_title":"Korg MA-2 Metronom","og_description":"Korg MA-2 Metronom, ein kompaktes elektronisches Metronom. Das MA-2 ist unverzichtbar f\u00fcr das Musikstudium und insbesondere f\u00fcr das \u00dcben von Rhythmen.","og_url":"https:\/\/eg-reeds.com\/de\/shop\/zubehoer\/zubehor-fur-instrumente\/korg-ma-2-metronom\/","og_site_name":"EG-REEDS","article_publisher":"https:\/\/www.facebook.com\/EGREEDS","article_modified_time":"2025-01-24T09:23:36+00:00","og_image":[{"width":679,"height":406,"url":"https:\/\/eg-reeds.com\/wp-content\/uploads\/2024\/05\/Korg-MA-2-Metronome.jpg","type":"image\/jpeg"}],"twitter_card":"summary_large_image","twitter_site":"@egreeds","twitter_misc":{"Preis":"20,00&euro;","Verf\u00fcgbarkeit":"Auf Lager"},"schema":{"@context":"https:\/\/schema.org","@graph":[{"@type":["WebPage","ItemPage"],"@id":"https:\/\/eg-reeds.com\/de\/shop\/zubehoer\/zubehor-fur-instrumente\/korg-ma-2-metronom\/","url":"https:\/\/eg-reeds.com\/de\/shop\/zubehoer\/zubehor-fur-instrumente\/korg-ma-2-metronom\/","name":"Korg MA-2 Metronom - EG-REEDS","isPartOf":{"@id":"https:\/\/eg-reeds.com\/de\/#website"},"primaryImageOfPage":{"@id":"https:\/\/eg-reeds.com\/de\/shop\/zubehoer\/zubehor-fur-instrumente\/korg-ma-2-metronom\/#primaryimage"},"image":{"@id":"https:\/\/eg-reeds.com\/de\/shop\/zubehoer\/zubehor-fur-instrumente\/korg-ma-2-metronom\/#primaryimage"},"thumbnailUrl":"https:\/\/eg-reeds.com\/wp-content\/uploads\/2024\/05\/Korg-MA-2-Metronome.jpg","datePublished":"2025-01-24T09:23:35+00:00","dateModified":"2025-01-24T09:23:36+00:00","description":"Korg MA-2 Metronom, ein kompaktes elektronisches Metronom. Das MA-2 ist unverzichtbar f\u00fcr das Musikstudium und insbesondere f\u00fcr das \u00dcben von Rhythmen.","breadcrumb":{"@id":"https:\/\/eg-reeds.com\/de\/shop\/zubehoer\/zubehor-fur-instrumente\/korg-ma-2-metronom\/#breadcrumb"},"inLanguage":"de","potentialAction":[{"@type":"ReadAction","target":["https:\/\/eg-reeds.com\/de\/shop\/zubehoer\/zubehor-fur-instrumente\/korg-ma-2-metronom\/"]}]},{"@type":"ImageObject","inLanguage":"de","@id":"https:\/\/eg-reeds.com\/de\/shop\/zubehoer\/zubehor-fur-instrumente\/korg-ma-2-metronom\/#primaryimage","url":"https:\/\/eg-reeds.com\/wp-content\/uploads\/2024\/05\/Korg-MA-2-Metronome.jpg","contentUrl":"https:\/\/eg-reeds.com\/wp-content\/uploads\/2024\/05\/Korg-MA-2-Metronome.jpg","width":679,"height":406,"caption":"Korg Metronom"},{"@type":"BreadcrumbList","@id":"https:\/\/eg-reeds.com\/de\/shop\/zubehoer\/zubehor-fur-instrumente\/korg-ma-2-metronom\/#breadcrumb","itemListElement":[{"@type":"ListItem","position":1,"name":"Startseite","item":"https:\/\/eg-reeds.com\/de\/"},{"@type":"ListItem","position":2,"name":"Shop","item":"https:\/\/eg-reeds.com\/de\/"},{"@type":"ListItem","position":3,"name":"Korg MA-2 Metronom"}]},{"@type":"WebSite","@id":"https:\/\/eg-reeds.com\/de\/#website","url":"https:\/\/eg-reeds.com\/de\/","name":"www.eg-reeds.com","description":"Rohre f\u00fcr Oboe","publisher":{"@id":"https:\/\/eg-reeds.com\/de\/#organization"},"alternateName":"eg-reeds.com","potentialAction":[{"@type":"SearchAction","target":{"@type":"EntryPoint","urlTemplate":"https:\/\/eg-reeds.com\/de\/?s={search_term_string}"},"query-input":{"@type":"PropertyValueSpecification","valueRequired":true,"valueName":"search_term_string"}}],"inLanguage":"de"},{"@type":"Organization","@id":"https:\/\/eg-reeds.com\/de\/#organization","name":"www.eg-reeds.com","url":"https:\/\/eg-reeds.com\/de\/","logo":{"@type":"ImageObject","inLanguage":"de","@id":"https:\/\/eg-reeds.com\/de\/#\/schema\/logo\/image\/","url":"https:\/\/eg-reeds.com\/wp-content\/uploads\/2024\/06\/Logo-scaled-e1718793906611.jpg","contentUrl":"https:\/\/eg-reeds.com\/wp-content\/uploads\/2024\/06\/Logo-scaled-e1718793906611.jpg","width":1200,"height":493,"caption":"www.eg-reeds.com"},"image":{"@id":"https:\/\/eg-reeds.com\/de\/#\/schema\/logo\/image\/"},"sameAs":["https:\/\/www.facebook.com\/EGREEDS","https:\/\/x.com\/egreeds","https:\/\/www.instagram.com\/egreeds\/","https:\/\/www.youtube.com\/c\/EGREEDS","https:\/\/www.threads.net\/@egreeds","https:\/\/www.tiktok.com\/@egreeds"]}]},"product_price_amount":"20.00","product_price_currency":"EUR","og_availability":"instock","product_availability":"instock","product_retailer_item_id":"AAIMKorg","product_condition":"new"},"_links":{"self":[{"href":"https:\/\/eg-reeds.com\/de\/wp-json\/wp\/v2\/product\/54962","targetHints":{"allow":["GET"]}}],"collection":[{"href":"https:\/\/eg-reeds.com\/de\/wp-json\/wp\/v2\/product"}],"about":[{"href":"https:\/\/eg-reeds.com\/de\/wp-json\/wp\/v2\/types\/product"}],"replies":[{"embeddable":true,"href":"https:\/\/eg-reeds.com\/de\/wp-json\/wp\/v2\/comments?post=54962"}],"wp:featuredmedia":[{"embeddable":true,"href":"https:\/\/eg-reeds.com\/de\/wp-json\/wp\/v2\/media\/51467"}],"wp:attachment":[{"href":"https:\/\/eg-reeds.com\/de\/wp-json\/wp\/v2\/media?parent=54962"}],"wp:term":[{"taxonomy":"product_brand","embeddable":true,"href":"https:\/\/eg-reeds.com\/de\/wp-json\/wp\/v2\/product_brand?post=54962"},{"taxonomy":"product_cat","embeddable":true,"href":"https:\/\/eg-reeds.com\/de\/wp-json\/wp\/v2\/product_cat?post=54962"},{"taxonomy":"product_tag","embeddable":true,"href":"https:\/\/eg-reeds.com\/de\/wp-json\/wp\/v2\/product_tag?post=54962"},{"taxonomy":"giftcard-category","embeddable":true,"href":"https:\/\/eg-reeds.com\/de\/wp-json\/wp\/v2\/giftcard-category?post=54962"}],"curies":[{"name":"wp","href":"https:\/\/api.w.org\/{rel}","templated":true}]}}