{"id":55143,"date":"2025-01-30T17:22:40","date_gmt":"2025-01-30T17:04:45","guid":{"rendered":"https:\/\/eg-reeds.com\/?post_type=product&#038;p=55143"},"modified":"2025-02-26T08:24:21","modified_gmt":"2025-02-26T07:24:21","slug":"messer-360-fuer-aussenhobelmaschine-oboe-reeds-n-stuff","status":"publish","type":"product","link":"https:\/\/eg-reeds.com\/de\/shop\/rohrbaumaschinen\/reeds-n-stuff-de\/messer-360-fuer-aussenhobelmaschine-oboe-reeds-n-stuff\/","title":{"rendered":"Messer 360\u00b0 f\u00fcr Au\u00dfenhobelmaschine Oboe Reeds &#8217;n Stuff"},"content":{"rendered":"<h1><strong>Messer 360\u00b0 f\u00fcr Au\u00dfenhobelmaschine Oboe Reeds &#8217;n Stuff.<\/strong><\/h1>\n<p>Messer 360\u00b0 f\u00fcr Au\u00dfenhobelmaschine Oboe Reeds &#8217;n Stuff. Nach jahrelanger Entwicklung ist Reeds &#8217;n Stuff stolz darauf, das\u00a0Messer 360\u00b0\u00a0anbieten zu k\u00f6nnen. Wenn das Messer stumpf wird, drehen Sie es einfach auf den n\u00e4chsten scharfen Abschnitt und fahren mit dem Profilieren fort. Dieser Vorgang kann mindestens 6 Mal durchgef\u00fchrt werden, bevor ein\u00a0Ersatzmesser\u00a0ben\u00f6tigt wird.<\/p>\n<p>Die Feststellschraube des Messers ist von der Unterseite aus leicht zug\u00e4nglich. Innerhalb von Sekunden k\u00f6nnen Sie den n\u00e4chsten Messerabschnitt einstellen und mit dem Hobeln Ihrer Rohre fortfahren, ohne das gesamte Messer austauschen zu m\u00fcssen. L\u00f6sen Sie einfach die Schraube, drehen Sie das Messer, und ziehen Sie die Schraube wieder fest.<\/p>\n<p>Das Messer 360\u00b0 wird mit 3 zus\u00e4tzlichen Schrauben und dem erforderlichen Schraubendreher geliefert.<\/p>\n<p><iframe loading=\"lazy\" title=\"Cuchilla 360\u00b0 de Reeds &#039;n Stuff: la revoluci\u00f3n en el raspado de ca\u00f1as\" width=\"1020\" height=\"574\" src=\"https:\/\/www.youtube.com\/embed\/BatU6AbUzVk?feature=oembed\" frameborder=\"0\" allow=\"accelerometer; autoplay; clipboard-write; encrypted-media; gyroscope; picture-in-picture; web-share\" referrerpolicy=\"strict-origin-when-cross-origin\" allowfullscreen><\/iframe><\/p>\n","protected":false},"excerpt":{"rendered":"<p>Messer 360\u00b0 f\u00fcr Au\u00dfenhobelmaschine Oboe Reeds &#8217;n Stuff. Messer 360\u00b0 f\u00fcr Au\u00dfenhobelmaschine Oboe Reeds &#8217;n Stuff. Nach jahrelanger Entwicklung ist Reeds &#8217;n Stuff stolz darauf, das\u00a0Messer 360\u00b0\u00a0anbieten zu k\u00f6nnen. Wenn das Messer stumpf wird, drehen Sie es einfach auf den n\u00e4chsten scharfen Abschnitt und fahren mit dem Profilieren fort. Dieser Vorgang kann mindestens 6 Mal [&#8230;]\n","protected":false},"featured_media":55118,"comment_status":"open","ping_status":"closed","template":"","meta":[],"product_brand":[],"product_cat":[2927],"product_tag":[],"giftcard-category":[],"class_list":{"0":"post-55143","1":"product","2":"type-product","3":"status-publish","4":"has-post-thumbnail","6":"product_cat-reeds-n-stuff-de","8":"first","9":"instock","10":"taxable","11":"shipping-taxable","12":"purchasable","13":"product-type-simple"},"yoast_head":"<!-- This site is optimized with the Yoast SEO Premium plugin v27.0 (Yoast SEO v27.3) - https:\/\/yoast.com\/product\/yoast-seo-premium-wordpress\/ -->\n<title>Messer 360\u00b0 f\u00fcr Au\u00dfenhobelmaschine Oboe Reeds &#039;n Stuff - EG-REEDS<\/title>\n<meta name=\"description\" content=\"Messer 360\u00b0 f\u00fcr Au\u00dfenhobelmaschine Oboe Reeds &#039;n Stuff. Nach jahrelanger Entwicklung ist Reeds &#039;n Stuff stolz darauf, das\u00a0Messer 360\u00b0\u00a0anbieten zu k\u00f6nnen.\" \/>\n<meta name=\"robots\" content=\"index, follow, max-snippet:-1, max-image-preview:large, max-video-preview:-1\" \/>\n<link rel=\"canonical\" href=\"https:\/\/eg-reeds.com\/de\/shop\/rohrbaumaschinen\/reeds-n-stuff-de\/messer-360-fuer-aussenhobelmaschine-oboe-reeds-n-stuff\/\" \/>\n<meta property=\"og:locale\" content=\"de_DE\" \/>\n<meta property=\"og:type\" content=\"article\" \/>\n<meta property=\"og:title\" content=\"Messer 360\u00b0 f\u00fcr Au\u00dfenhobelmaschine Oboe Reeds &#039;n Stuff\" \/>\n<meta property=\"og:description\" content=\"Messer 360\u00b0 f\u00fcr Au\u00dfenhobelmaschine Oboe Reeds &#039;n Stuff. Nach jahrelanger Entwicklung ist Reeds &#039;n Stuff stolz darauf, das\u00a0Messer 360\u00b0\u00a0anbieten zu k\u00f6nnen.\" \/>\n<meta property=\"og:url\" content=\"https:\/\/eg-reeds.com\/de\/shop\/rohrbaumaschinen\/reeds-n-stuff-de\/messer-360-fuer-aussenhobelmaschine-oboe-reeds-n-stuff\/\" \/>\n<meta property=\"og:site_name\" content=\"EG-REEDS\" \/>\n<meta property=\"article:publisher\" content=\"https:\/\/www.facebook.com\/EGREEDS\" \/>\n<meta property=\"article:modified_time\" content=\"2025-02-26T07:24:21+00:00\" \/>\n<meta property=\"og:image\" content=\"https:\/\/eg-reeds.com\/wp-content\/uploads\/2025\/01\/Captura-de-Pantalla-2025-01-30-a-las-17.16.40.png\" \/>\n\t<meta property=\"og:image:width\" content=\"1210\" \/>\n\t<meta property=\"og:image:height\" content=\"836\" \/>\n\t<meta property=\"og:image:type\" content=\"image\/png\" \/>\n<meta name=\"twitter:card\" content=\"summary_large_image\" \/>\n<meta name=\"twitter:site\" content=\"@egreeds\" \/>\n<meta name=\"twitter:label1\" content=\"Preis\" \/>\n\t<meta name=\"twitter:data1\" content=\"182,11&euro;\" \/>\n\t<meta name=\"twitter:label2\" content=\"Verf\u00fcgbarkeit\" \/>\n\t<meta name=\"twitter:data2\" content=\"Auf Lager\" \/>\n<script type=\"application\/ld+json\" class=\"yoast-schema-graph\">{\"@context\":\"https:\\\/\\\/schema.org\",\"@graph\":[{\"@type\":[\"WebPage\",\"ItemPage\"],\"@id\":\"https:\\\/\\\/eg-reeds.com\\\/de\\\/shop\\\/rohrbaumaschinen\\\/reeds-n-stuff-de\\\/messer-360-fuer-aussenhobelmaschine-oboe-reeds-n-stuff\\\/\",\"url\":\"https:\\\/\\\/eg-reeds.com\\\/de\\\/shop\\\/rohrbaumaschinen\\\/reeds-n-stuff-de\\\/messer-360-fuer-aussenhobelmaschine-oboe-reeds-n-stuff\\\/\",\"name\":\"Messer 360\u00b0 f\u00fcr Au\u00dfenhobelmaschine Oboe Reeds 'n Stuff - EG-REEDS\",\"isPartOf\":{\"@id\":\"https:\\\/\\\/eg-reeds.com\\\/de\\\/#website\"},\"primaryImageOfPage\":{\"@id\":\"https:\\\/\\\/eg-reeds.com\\\/de\\\/shop\\\/rohrbaumaschinen\\\/reeds-n-stuff-de\\\/messer-360-fuer-aussenhobelmaschine-oboe-reeds-n-stuff\\\/#primaryimage\"},\"image\":{\"@id\":\"https:\\\/\\\/eg-reeds.com\\\/de\\\/shop\\\/rohrbaumaschinen\\\/reeds-n-stuff-de\\\/messer-360-fuer-aussenhobelmaschine-oboe-reeds-n-stuff\\\/#primaryimage\"},\"thumbnailUrl\":\"https:\\\/\\\/eg-reeds.com\\\/wp-content\\\/uploads\\\/2025\\\/01\\\/Captura-de-Pantalla-2025-01-30-a-las-17.16.40.png\",\"datePublished\":\"2025-01-30T17:04:45+00:00\",\"dateModified\":\"2025-02-26T07:24:21+00:00\",\"description\":\"Messer 360\u00b0 f\u00fcr Au\u00dfenhobelmaschine Oboe Reeds 'n Stuff. Nach jahrelanger Entwicklung ist Reeds 'n Stuff stolz darauf, das\u00a0Messer 360\u00b0\u00a0anbieten zu k\u00f6nnen.\",\"breadcrumb\":{\"@id\":\"https:\\\/\\\/eg-reeds.com\\\/de\\\/shop\\\/rohrbaumaschinen\\\/reeds-n-stuff-de\\\/messer-360-fuer-aussenhobelmaschine-oboe-reeds-n-stuff\\\/#breadcrumb\"},\"inLanguage\":\"de\",\"potentialAction\":[{\"@type\":\"ReadAction\",\"target\":[\"https:\\\/\\\/eg-reeds.com\\\/de\\\/shop\\\/rohrbaumaschinen\\\/reeds-n-stuff-de\\\/messer-360-fuer-aussenhobelmaschine-oboe-reeds-n-stuff\\\/\"]}]},{\"@type\":\"ImageObject\",\"inLanguage\":\"de\",\"@id\":\"https:\\\/\\\/eg-reeds.com\\\/de\\\/shop\\\/rohrbaumaschinen\\\/reeds-n-stuff-de\\\/messer-360-fuer-aussenhobelmaschine-oboe-reeds-n-stuff\\\/#primaryimage\",\"url\":\"https:\\\/\\\/eg-reeds.com\\\/wp-content\\\/uploads\\\/2025\\\/01\\\/Captura-de-Pantalla-2025-01-30-a-las-17.16.40.png\",\"contentUrl\":\"https:\\\/\\\/eg-reeds.com\\\/wp-content\\\/uploads\\\/2025\\\/01\\\/Captura-de-Pantalla-2025-01-30-a-las-17.16.40.png\",\"width\":1210,\"height\":836,\"caption\":\"Messer 360 Reeds 'n Stuff\"},{\"@type\":\"BreadcrumbList\",\"@id\":\"https:\\\/\\\/eg-reeds.com\\\/de\\\/shop\\\/rohrbaumaschinen\\\/reeds-n-stuff-de\\\/messer-360-fuer-aussenhobelmaschine-oboe-reeds-n-stuff\\\/#breadcrumb\",\"itemListElement\":[{\"@type\":\"ListItem\",\"position\":1,\"name\":\"Startseite\",\"item\":\"https:\\\/\\\/eg-reeds.com\\\/de\\\/\"},{\"@type\":\"ListItem\",\"position\":2,\"name\":\"Shop\",\"item\":\"https:\\\/\\\/eg-reeds.com\\\/de\\\/\"},{\"@type\":\"ListItem\",\"position\":3,\"name\":\"Messer 360\u00b0 f\u00fcr Au\u00dfenhobelmaschine Oboe Reeds &#8216;n Stuff\"}]},{\"@type\":\"WebSite\",\"@id\":\"https:\\\/\\\/eg-reeds.com\\\/de\\\/#website\",\"url\":\"https:\\\/\\\/eg-reeds.com\\\/de\\\/\",\"name\":\"www.eg-reeds.com\",\"description\":\"Rohre f\u00fcr Oboe\",\"publisher\":{\"@id\":\"https:\\\/\\\/eg-reeds.com\\\/de\\\/#organization\"},\"alternateName\":\"eg-reeds.com\",\"potentialAction\":[{\"@type\":\"SearchAction\",\"target\":{\"@type\":\"EntryPoint\",\"urlTemplate\":\"https:\\\/\\\/eg-reeds.com\\\/de\\\/?s={search_term_string}\"},\"query-input\":{\"@type\":\"PropertyValueSpecification\",\"valueRequired\":true,\"valueName\":\"search_term_string\"}}],\"inLanguage\":\"de\"},{\"@type\":\"Organization\",\"@id\":\"https:\\\/\\\/eg-reeds.com\\\/de\\\/#organization\",\"name\":\"www.eg-reeds.com\",\"url\":\"https:\\\/\\\/eg-reeds.com\\\/de\\\/\",\"logo\":{\"@type\":\"ImageObject\",\"inLanguage\":\"de\",\"@id\":\"https:\\\/\\\/eg-reeds.com\\\/de\\\/#\\\/schema\\\/logo\\\/image\\\/\",\"url\":\"https:\\\/\\\/eg-reeds.com\\\/wp-content\\\/uploads\\\/2024\\\/06\\\/Logo-scaled-e1718793906611.jpg\",\"contentUrl\":\"https:\\\/\\\/eg-reeds.com\\\/wp-content\\\/uploads\\\/2024\\\/06\\\/Logo-scaled-e1718793906611.jpg\",\"width\":1200,\"height\":493,\"caption\":\"www.eg-reeds.com\"},\"image\":{\"@id\":\"https:\\\/\\\/eg-reeds.com\\\/de\\\/#\\\/schema\\\/logo\\\/image\\\/\"},\"sameAs\":[\"https:\\\/\\\/www.facebook.com\\\/EGREEDS\",\"https:\\\/\\\/x.com\\\/egreeds\",\"https:\\\/\\\/www.instagram.com\\\/egreeds\\\/\",\"https:\\\/\\\/www.youtube.com\\\/c\\\/EGREEDS\",\"https:\\\/\\\/www.threads.net\\\/@egreeds\",\"https:\\\/\\\/www.tiktok.com\\\/@egreeds\"]}]}<\/script>\n<meta property=\"product:price:amount\" content=\"182.11\" \/>\n<meta property=\"product:price:currency\" content=\"EUR\" \/>\n<meta property=\"og:availability\" content=\"instock\" \/>\n<meta property=\"product:availability\" content=\"instock\" \/>\n<meta property=\"product:retailer_item_id\" content=\"ARSC360\" \/>\n<meta property=\"product:condition\" content=\"new\" \/>\n<!-- \/ Yoast SEO Premium plugin. -->","yoast_head_json":{"title":"Messer 360\u00b0 f\u00fcr Au\u00dfenhobelmaschine Oboe Reeds 'n Stuff - EG-REEDS","description":"Messer 360\u00b0 f\u00fcr Au\u00dfenhobelmaschine Oboe Reeds 'n Stuff. Nach jahrelanger Entwicklung ist Reeds 'n Stuff stolz darauf, das\u00a0Messer 360\u00b0\u00a0anbieten zu k\u00f6nnen.","robots":{"index":"index","follow":"follow","max-snippet":"max-snippet:-1","max-image-preview":"max-image-preview:large","max-video-preview":"max-video-preview:-1"},"canonical":"https:\/\/eg-reeds.com\/de\/shop\/rohrbaumaschinen\/reeds-n-stuff-de\/messer-360-fuer-aussenhobelmaschine-oboe-reeds-n-stuff\/","og_locale":"de_DE","og_type":"article","og_title":"Messer 360\u00b0 f\u00fcr Au\u00dfenhobelmaschine Oboe Reeds 'n Stuff","og_description":"Messer 360\u00b0 f\u00fcr Au\u00dfenhobelmaschine Oboe Reeds 'n Stuff. Nach jahrelanger Entwicklung ist Reeds 'n Stuff stolz darauf, das\u00a0Messer 360\u00b0\u00a0anbieten zu k\u00f6nnen.","og_url":"https:\/\/eg-reeds.com\/de\/shop\/rohrbaumaschinen\/reeds-n-stuff-de\/messer-360-fuer-aussenhobelmaschine-oboe-reeds-n-stuff\/","og_site_name":"EG-REEDS","article_publisher":"https:\/\/www.facebook.com\/EGREEDS","article_modified_time":"2025-02-26T07:24:21+00:00","og_image":[{"width":1210,"height":836,"url":"https:\/\/eg-reeds.com\/wp-content\/uploads\/2025\/01\/Captura-de-Pantalla-2025-01-30-a-las-17.16.40.png","type":"image\/png"}],"twitter_card":"summary_large_image","twitter_site":"@egreeds","twitter_misc":{"Preis":"182,11&euro;","Verf\u00fcgbarkeit":"Auf Lager"},"schema":{"@context":"https:\/\/schema.org","@graph":[{"@type":["WebPage","ItemPage"],"@id":"https:\/\/eg-reeds.com\/de\/shop\/rohrbaumaschinen\/reeds-n-stuff-de\/messer-360-fuer-aussenhobelmaschine-oboe-reeds-n-stuff\/","url":"https:\/\/eg-reeds.com\/de\/shop\/rohrbaumaschinen\/reeds-n-stuff-de\/messer-360-fuer-aussenhobelmaschine-oboe-reeds-n-stuff\/","name":"Messer 360\u00b0 f\u00fcr Au\u00dfenhobelmaschine Oboe Reeds 'n Stuff - EG-REEDS","isPartOf":{"@id":"https:\/\/eg-reeds.com\/de\/#website"},"primaryImageOfPage":{"@id":"https:\/\/eg-reeds.com\/de\/shop\/rohrbaumaschinen\/reeds-n-stuff-de\/messer-360-fuer-aussenhobelmaschine-oboe-reeds-n-stuff\/#primaryimage"},"image":{"@id":"https:\/\/eg-reeds.com\/de\/shop\/rohrbaumaschinen\/reeds-n-stuff-de\/messer-360-fuer-aussenhobelmaschine-oboe-reeds-n-stuff\/#primaryimage"},"thumbnailUrl":"https:\/\/eg-reeds.com\/wp-content\/uploads\/2025\/01\/Captura-de-Pantalla-2025-01-30-a-las-17.16.40.png","datePublished":"2025-01-30T17:04:45+00:00","dateModified":"2025-02-26T07:24:21+00:00","description":"Messer 360\u00b0 f\u00fcr Au\u00dfenhobelmaschine Oboe Reeds 'n Stuff. Nach jahrelanger Entwicklung ist Reeds 'n Stuff stolz darauf, das\u00a0Messer 360\u00b0\u00a0anbieten zu k\u00f6nnen.","breadcrumb":{"@id":"https:\/\/eg-reeds.com\/de\/shop\/rohrbaumaschinen\/reeds-n-stuff-de\/messer-360-fuer-aussenhobelmaschine-oboe-reeds-n-stuff\/#breadcrumb"},"inLanguage":"de","potentialAction":[{"@type":"ReadAction","target":["https:\/\/eg-reeds.com\/de\/shop\/rohrbaumaschinen\/reeds-n-stuff-de\/messer-360-fuer-aussenhobelmaschine-oboe-reeds-n-stuff\/"]}]},{"@type":"ImageObject","inLanguage":"de","@id":"https:\/\/eg-reeds.com\/de\/shop\/rohrbaumaschinen\/reeds-n-stuff-de\/messer-360-fuer-aussenhobelmaschine-oboe-reeds-n-stuff\/#primaryimage","url":"https:\/\/eg-reeds.com\/wp-content\/uploads\/2025\/01\/Captura-de-Pantalla-2025-01-30-a-las-17.16.40.png","contentUrl":"https:\/\/eg-reeds.com\/wp-content\/uploads\/2025\/01\/Captura-de-Pantalla-2025-01-30-a-las-17.16.40.png","width":1210,"height":836,"caption":"Messer 360 Reeds 'n Stuff"},{"@type":"BreadcrumbList","@id":"https:\/\/eg-reeds.com\/de\/shop\/rohrbaumaschinen\/reeds-n-stuff-de\/messer-360-fuer-aussenhobelmaschine-oboe-reeds-n-stuff\/#breadcrumb","itemListElement":[{"@type":"ListItem","position":1,"name":"Startseite","item":"https:\/\/eg-reeds.com\/de\/"},{"@type":"ListItem","position":2,"name":"Shop","item":"https:\/\/eg-reeds.com\/de\/"},{"@type":"ListItem","position":3,"name":"Messer 360\u00b0 f\u00fcr Au\u00dfenhobelmaschine Oboe Reeds &#8216;n Stuff"}]},{"@type":"WebSite","@id":"https:\/\/eg-reeds.com\/de\/#website","url":"https:\/\/eg-reeds.com\/de\/","name":"www.eg-reeds.com","description":"Rohre f\u00fcr Oboe","publisher":{"@id":"https:\/\/eg-reeds.com\/de\/#organization"},"alternateName":"eg-reeds.com","potentialAction":[{"@type":"SearchAction","target":{"@type":"EntryPoint","urlTemplate":"https:\/\/eg-reeds.com\/de\/?s={search_term_string}"},"query-input":{"@type":"PropertyValueSpecification","valueRequired":true,"valueName":"search_term_string"}}],"inLanguage":"de"},{"@type":"Organization","@id":"https:\/\/eg-reeds.com\/de\/#organization","name":"www.eg-reeds.com","url":"https:\/\/eg-reeds.com\/de\/","logo":{"@type":"ImageObject","inLanguage":"de","@id":"https:\/\/eg-reeds.com\/de\/#\/schema\/logo\/image\/","url":"https:\/\/eg-reeds.com\/wp-content\/uploads\/2024\/06\/Logo-scaled-e1718793906611.jpg","contentUrl":"https:\/\/eg-reeds.com\/wp-content\/uploads\/2024\/06\/Logo-scaled-e1718793906611.jpg","width":1200,"height":493,"caption":"www.eg-reeds.com"},"image":{"@id":"https:\/\/eg-reeds.com\/de\/#\/schema\/logo\/image\/"},"sameAs":["https:\/\/www.facebook.com\/EGREEDS","https:\/\/x.com\/egreeds","https:\/\/www.instagram.com\/egreeds\/","https:\/\/www.youtube.com\/c\/EGREEDS","https:\/\/www.threads.net\/@egreeds","https:\/\/www.tiktok.com\/@egreeds"]}]},"product_price_amount":"182.11","product_price_currency":"EUR","og_availability":"instock","product_availability":"instock","product_retailer_item_id":"ARSC360","product_condition":"new"},"_links":{"self":[{"href":"https:\/\/eg-reeds.com\/de\/wp-json\/wp\/v2\/product\/55143","targetHints":{"allow":["GET"]}}],"collection":[{"href":"https:\/\/eg-reeds.com\/de\/wp-json\/wp\/v2\/product"}],"about":[{"href":"https:\/\/eg-reeds.com\/de\/wp-json\/wp\/v2\/types\/product"}],"replies":[{"embeddable":true,"href":"https:\/\/eg-reeds.com\/de\/wp-json\/wp\/v2\/comments?post=55143"}],"wp:featuredmedia":[{"embeddable":true,"href":"https:\/\/eg-reeds.com\/de\/wp-json\/wp\/v2\/media\/55118"}],"wp:attachment":[{"href":"https:\/\/eg-reeds.com\/de\/wp-json\/wp\/v2\/media?parent=55143"}],"wp:term":[{"taxonomy":"product_brand","embeddable":true,"href":"https:\/\/eg-reeds.com\/de\/wp-json\/wp\/v2\/product_brand?post=55143"},{"taxonomy":"product_cat","embeddable":true,"href":"https:\/\/eg-reeds.com\/de\/wp-json\/wp\/v2\/product_cat?post=55143"},{"taxonomy":"product_tag","embeddable":true,"href":"https:\/\/eg-reeds.com\/de\/wp-json\/wp\/v2\/product_tag?post=55143"},{"taxonomy":"giftcard-category","embeddable":true,"href":"https:\/\/eg-reeds.com\/de\/wp-json\/wp\/v2\/giftcard-category?post=55143"}],"curies":[{"name":"wp","href":"https:\/\/api.w.org\/{rel}","templated":true}]}}