{"id":55860,"date":"2024-06-03T13:22:09","date_gmt":"2025-02-26T09:17:44","guid":{"rendered":"https:\/\/eg-reeds.com\/?post_type=product&#038;p=55860"},"modified":"2025-02-26T10:20:19","modified_gmt":"2025-02-26T09:20:19","slug":"oboe-reeds-3d-schild","status":"publish","type":"product","link":"https:\/\/eg-reeds.com\/de\/shop\/geschenke\/oboe-reeds-3d-schild\/","title":{"rendered":"&#8222;Oboe Reeds&#8220; 3D-Schild"},"content":{"rendered":"<h1><strong>&#8222;Oboe Reeds&#8220; 3D-Schild.<\/strong><\/h1>\n<p>Liebst du die Oboe? Spielst du dieses besondere Instrument gerne? Dann ist dieses dekorative Schild genau das Richtige f\u00fcr dich! Dieses Schild ist im 3D-Druckverfahren hergestellt und kombiniert den Text &#8222;Oboe Reeds&#8220; mit dem &#8222;Gef\u00e4llt mir&#8220;-Symbol.<\/p>\n<p>Suchst du ein originelles Geschenk f\u00fcr einen Geburtstag, einen Feiertag oder einen anderen besonderen Anlass? Dieses dekorative Schild ist das perfekte Geschenk f\u00fcr jeden leidenschaftlichen Oboisten! Hergestellt mit modernster 3D-Drucktechnologie. Warte nicht l\u00e4nger und sichere dir deins noch heute!<\/p>\n<ul>\n<li><strong>Aufwendig gestaltetes 3D-Design.<\/strong><\/li>\n<li><strong>Einzigartiges und auff\u00e4lliges Design.<\/strong><\/li>\n<li><strong>Perfekt f\u00fcr Oboisten und Musikliebhaber.<\/strong><\/li>\n<li><strong>Au\u00dfergew\u00f6hnliches Geschenk f\u00fcr jeden Anlass.<\/strong><\/li>\n<\/ul>\n<p>Ungef\u00e4hre Ma\u00dfe: 10,7 cm x 4,3 cm x 3,8 cm.<\/p>\n<p>Metallisch blaue Farbe.<\/p>\n","protected":false},"excerpt":{"rendered":"<p>&#8222;Oboe Reeds&#8220; 3D-Schild. Liebst du die Oboe? Spielst du dieses besondere Instrument gerne? Dann ist dieses dekorative Schild genau das Richtige f\u00fcr dich! Dieses Schild ist im 3D-Druckverfahren hergestellt und kombiniert den Text &#8222;Oboe Reeds&#8220; mit dem &#8222;Gef\u00e4llt mir&#8220;-Symbol. Suchst du ein originelles Geschenk f\u00fcr einen Geburtstag, einen Feiertag oder einen anderen besonderen Anlass? Dieses [&#8230;]\n","protected":false},"featured_media":51562,"comment_status":"open","ping_status":"closed","template":"","meta":[],"product_brand":[],"product_cat":[3777],"product_tag":[],"giftcard-category":[],"class_list":{"0":"post-55860","1":"product","2":"type-product","3":"status-publish","4":"has-post-thumbnail","6":"product_cat-geschenke","8":"first","9":"instock","10":"taxable","11":"shipping-taxable","12":"purchasable","13":"product-type-simple"},"yoast_head":"<!-- This site is optimized with the Yoast SEO Premium plugin v27.0 (Yoast SEO v27.4) - https:\/\/yoast.com\/product\/yoast-seo-premium-wordpress\/ -->\n<title>&quot;Oboe Reeds&quot; 3D-Schild - EG-REEDS<\/title>\n<meta name=\"robots\" content=\"index, follow, max-snippet:-1, max-image-preview:large, max-video-preview:-1\" \/>\n<link rel=\"canonical\" href=\"https:\/\/eg-reeds.com\/de\/shop\/geschenke\/oboe-reeds-3d-schild\/\" \/>\n<meta property=\"og:locale\" content=\"de_DE\" \/>\n<meta property=\"og:type\" content=\"article\" \/>\n<meta property=\"og:title\" content=\"&quot;Oboe Reeds&quot; 3D-Schild\" \/>\n<meta property=\"og:description\" content=\"&#8222;Oboe Reeds&#8220; 3D-Schild. Liebst du die Oboe? Spielst du dieses besondere Instrument gerne? Dann ist dieses dekorative Schild genau das Richtige f\u00fcr dich! Dieses Schild ist im 3D-Druckverfahren hergestellt und kombiniert den Text &#8222;Oboe Reeds&#8220; mit dem &#8222;Gef\u00e4llt mir&#8220;-Symbol. Suchst du ein originelles Geschenk f\u00fcr einen Geburtstag, einen Feiertag oder einen anderen besonderen Anlass? Dieses [...]\" \/>\n<meta property=\"og:url\" content=\"https:\/\/eg-reeds.com\/de\/shop\/geschenke\/oboe-reeds-3d-schild\/\" \/>\n<meta property=\"og:site_name\" content=\"EG-REEDS\" \/>\n<meta property=\"article:publisher\" content=\"https:\/\/www.facebook.com\/EGREEDS\" \/>\n<meta property=\"article:modified_time\" content=\"2025-02-26T09:20:19+00:00\" \/>\n<meta property=\"og:image\" content=\"https:\/\/eg-reeds.com\/wp-content\/uploads\/2024\/06\/3D-printed-oboe-reed-decor.jpeg\" \/>\n\t<meta property=\"og:image:width\" content=\"1088\" \/>\n\t<meta property=\"og:image:height\" content=\"1280\" \/>\n\t<meta property=\"og:image:type\" content=\"image\/jpeg\" \/>\n<meta name=\"twitter:card\" content=\"summary_large_image\" \/>\n<meta name=\"twitter:site\" content=\"@egreeds\" \/>\n<meta name=\"twitter:label1\" content=\"Preis\" \/>\n\t<meta name=\"twitter:data1\" content=\"15,00&euro;\" \/>\n\t<meta name=\"twitter:label2\" content=\"Verf\u00fcgbarkeit\" \/>\n\t<meta name=\"twitter:data2\" content=\"Auf Lager\" \/>\n<script type=\"application\/ld+json\" class=\"yoast-schema-graph\">{\"@context\":\"https:\\\/\\\/schema.org\",\"@graph\":[{\"@type\":[\"WebPage\",\"ItemPage\"],\"@id\":\"https:\\\/\\\/eg-reeds.com\\\/de\\\/shop\\\/geschenke\\\/oboe-reeds-3d-schild\\\/\",\"url\":\"https:\\\/\\\/eg-reeds.com\\\/de\\\/shop\\\/geschenke\\\/oboe-reeds-3d-schild\\\/\",\"name\":\"\\\"Oboe Reeds\\\" 3D-Schild - EG-REEDS\",\"isPartOf\":{\"@id\":\"https:\\\/\\\/eg-reeds.com\\\/de\\\/#website\"},\"primaryImageOfPage\":{\"@id\":\"https:\\\/\\\/eg-reeds.com\\\/de\\\/shop\\\/geschenke\\\/oboe-reeds-3d-schild\\\/#primaryimage\"},\"image\":{\"@id\":\"https:\\\/\\\/eg-reeds.com\\\/de\\\/shop\\\/geschenke\\\/oboe-reeds-3d-schild\\\/#primaryimage\"},\"thumbnailUrl\":\"https:\\\/\\\/eg-reeds.com\\\/wp-content\\\/uploads\\\/2024\\\/06\\\/3D-printed-oboe-reed-decor.jpeg\",\"datePublished\":\"2025-02-26T09:17:44+00:00\",\"dateModified\":\"2025-02-26T09:20:19+00:00\",\"breadcrumb\":{\"@id\":\"https:\\\/\\\/eg-reeds.com\\\/de\\\/shop\\\/geschenke\\\/oboe-reeds-3d-schild\\\/#breadcrumb\"},\"inLanguage\":\"de\",\"potentialAction\":[{\"@type\":\"ReadAction\",\"target\":[\"https:\\\/\\\/eg-reeds.com\\\/de\\\/shop\\\/geschenke\\\/oboe-reeds-3d-schild\\\/\"]}]},{\"@type\":\"ImageObject\",\"inLanguage\":\"de\",\"@id\":\"https:\\\/\\\/eg-reeds.com\\\/de\\\/shop\\\/geschenke\\\/oboe-reeds-3d-schild\\\/#primaryimage\",\"url\":\"https:\\\/\\\/eg-reeds.com\\\/wp-content\\\/uploads\\\/2024\\\/06\\\/3D-printed-oboe-reed-decor.jpeg\",\"contentUrl\":\"https:\\\/\\\/eg-reeds.com\\\/wp-content\\\/uploads\\\/2024\\\/06\\\/3D-printed-oboe-reed-decor.jpeg\",\"width\":1088,\"height\":1280,\"caption\":\"Oboe 3D-Schild\"},{\"@type\":\"BreadcrumbList\",\"@id\":\"https:\\\/\\\/eg-reeds.com\\\/de\\\/shop\\\/geschenke\\\/oboe-reeds-3d-schild\\\/#breadcrumb\",\"itemListElement\":[{\"@type\":\"ListItem\",\"position\":1,\"name\":\"Startseite\",\"item\":\"https:\\\/\\\/eg-reeds.com\\\/de\\\/\"},{\"@type\":\"ListItem\",\"position\":2,\"name\":\"Shop\",\"item\":\"https:\\\/\\\/eg-reeds.com\\\/de\\\/\"},{\"@type\":\"ListItem\",\"position\":3,\"name\":\"\u00abOboe Reeds\u00bb 3D-Schild\"}]},{\"@type\":\"WebSite\",\"@id\":\"https:\\\/\\\/eg-reeds.com\\\/de\\\/#website\",\"url\":\"https:\\\/\\\/eg-reeds.com\\\/de\\\/\",\"name\":\"www.eg-reeds.com\",\"description\":\"Rohre f\u00fcr Oboe\",\"publisher\":{\"@id\":\"https:\\\/\\\/eg-reeds.com\\\/de\\\/#organization\"},\"alternateName\":\"eg-reeds.com\",\"potentialAction\":[{\"@type\":\"SearchAction\",\"target\":{\"@type\":\"EntryPoint\",\"urlTemplate\":\"https:\\\/\\\/eg-reeds.com\\\/de\\\/?s={search_term_string}\"},\"query-input\":{\"@type\":\"PropertyValueSpecification\",\"valueRequired\":true,\"valueName\":\"search_term_string\"}}],\"inLanguage\":\"de\"},{\"@type\":\"Organization\",\"@id\":\"https:\\\/\\\/eg-reeds.com\\\/de\\\/#organization\",\"name\":\"www.eg-reeds.com\",\"url\":\"https:\\\/\\\/eg-reeds.com\\\/de\\\/\",\"logo\":{\"@type\":\"ImageObject\",\"inLanguage\":\"de\",\"@id\":\"https:\\\/\\\/eg-reeds.com\\\/de\\\/#\\\/schema\\\/logo\\\/image\\\/\",\"url\":\"https:\\\/\\\/eg-reeds.com\\\/wp-content\\\/uploads\\\/2024\\\/06\\\/Logo-scaled-e1718793906611.jpg\",\"contentUrl\":\"https:\\\/\\\/eg-reeds.com\\\/wp-content\\\/uploads\\\/2024\\\/06\\\/Logo-scaled-e1718793906611.jpg\",\"width\":1200,\"height\":493,\"caption\":\"www.eg-reeds.com\"},\"image\":{\"@id\":\"https:\\\/\\\/eg-reeds.com\\\/de\\\/#\\\/schema\\\/logo\\\/image\\\/\"},\"sameAs\":[\"https:\\\/\\\/www.facebook.com\\\/EGREEDS\",\"https:\\\/\\\/x.com\\\/egreeds\",\"https:\\\/\\\/www.instagram.com\\\/egreeds\\\/\",\"https:\\\/\\\/www.youtube.com\\\/c\\\/EGREEDS\",\"https:\\\/\\\/www.threads.net\\\/@egreeds\",\"https:\\\/\\\/www.tiktok.com\\\/@egreeds\"]}]}<\/script>\n<meta property=\"product:price:amount\" content=\"15.00\" \/>\n<meta property=\"product:price:currency\" content=\"EUR\" \/>\n<meta property=\"og:availability\" content=\"instock\" \/>\n<meta property=\"product:availability\" content=\"instock\" \/>\n<meta property=\"product:retailer_item_id\" content=\"RE3DOR\" \/>\n<meta property=\"product:condition\" content=\"new\" \/>\n<!-- \/ Yoast SEO Premium plugin. -->","yoast_head_json":{"title":"\"Oboe Reeds\" 3D-Schild - EG-REEDS","robots":{"index":"index","follow":"follow","max-snippet":"max-snippet:-1","max-image-preview":"max-image-preview:large","max-video-preview":"max-video-preview:-1"},"canonical":"https:\/\/eg-reeds.com\/de\/shop\/geschenke\/oboe-reeds-3d-schild\/","og_locale":"de_DE","og_type":"article","og_title":"\"Oboe Reeds\" 3D-Schild","og_description":"&#8222;Oboe Reeds&#8220; 3D-Schild. Liebst du die Oboe? Spielst du dieses besondere Instrument gerne? Dann ist dieses dekorative Schild genau das Richtige f\u00fcr dich! Dieses Schild ist im 3D-Druckverfahren hergestellt und kombiniert den Text &#8222;Oboe Reeds&#8220; mit dem &#8222;Gef\u00e4llt mir&#8220;-Symbol. Suchst du ein originelles Geschenk f\u00fcr einen Geburtstag, einen Feiertag oder einen anderen besonderen Anlass? Dieses [...]","og_url":"https:\/\/eg-reeds.com\/de\/shop\/geschenke\/oboe-reeds-3d-schild\/","og_site_name":"EG-REEDS","article_publisher":"https:\/\/www.facebook.com\/EGREEDS","article_modified_time":"2025-02-26T09:20:19+00:00","og_image":[{"width":1088,"height":1280,"url":"https:\/\/eg-reeds.com\/wp-content\/uploads\/2024\/06\/3D-printed-oboe-reed-decor.jpeg","type":"image\/jpeg"}],"twitter_card":"summary_large_image","twitter_site":"@egreeds","twitter_misc":{"Preis":"15,00&euro;","Verf\u00fcgbarkeit":"Auf Lager"},"schema":{"@context":"https:\/\/schema.org","@graph":[{"@type":["WebPage","ItemPage"],"@id":"https:\/\/eg-reeds.com\/de\/shop\/geschenke\/oboe-reeds-3d-schild\/","url":"https:\/\/eg-reeds.com\/de\/shop\/geschenke\/oboe-reeds-3d-schild\/","name":"\"Oboe Reeds\" 3D-Schild - EG-REEDS","isPartOf":{"@id":"https:\/\/eg-reeds.com\/de\/#website"},"primaryImageOfPage":{"@id":"https:\/\/eg-reeds.com\/de\/shop\/geschenke\/oboe-reeds-3d-schild\/#primaryimage"},"image":{"@id":"https:\/\/eg-reeds.com\/de\/shop\/geschenke\/oboe-reeds-3d-schild\/#primaryimage"},"thumbnailUrl":"https:\/\/eg-reeds.com\/wp-content\/uploads\/2024\/06\/3D-printed-oboe-reed-decor.jpeg","datePublished":"2025-02-26T09:17:44+00:00","dateModified":"2025-02-26T09:20:19+00:00","breadcrumb":{"@id":"https:\/\/eg-reeds.com\/de\/shop\/geschenke\/oboe-reeds-3d-schild\/#breadcrumb"},"inLanguage":"de","potentialAction":[{"@type":"ReadAction","target":["https:\/\/eg-reeds.com\/de\/shop\/geschenke\/oboe-reeds-3d-schild\/"]}]},{"@type":"ImageObject","inLanguage":"de","@id":"https:\/\/eg-reeds.com\/de\/shop\/geschenke\/oboe-reeds-3d-schild\/#primaryimage","url":"https:\/\/eg-reeds.com\/wp-content\/uploads\/2024\/06\/3D-printed-oboe-reed-decor.jpeg","contentUrl":"https:\/\/eg-reeds.com\/wp-content\/uploads\/2024\/06\/3D-printed-oboe-reed-decor.jpeg","width":1088,"height":1280,"caption":"Oboe 3D-Schild"},{"@type":"BreadcrumbList","@id":"https:\/\/eg-reeds.com\/de\/shop\/geschenke\/oboe-reeds-3d-schild\/#breadcrumb","itemListElement":[{"@type":"ListItem","position":1,"name":"Startseite","item":"https:\/\/eg-reeds.com\/de\/"},{"@type":"ListItem","position":2,"name":"Shop","item":"https:\/\/eg-reeds.com\/de\/"},{"@type":"ListItem","position":3,"name":"\u00abOboe Reeds\u00bb 3D-Schild"}]},{"@type":"WebSite","@id":"https:\/\/eg-reeds.com\/de\/#website","url":"https:\/\/eg-reeds.com\/de\/","name":"www.eg-reeds.com","description":"Rohre f\u00fcr Oboe","publisher":{"@id":"https:\/\/eg-reeds.com\/de\/#organization"},"alternateName":"eg-reeds.com","potentialAction":[{"@type":"SearchAction","target":{"@type":"EntryPoint","urlTemplate":"https:\/\/eg-reeds.com\/de\/?s={search_term_string}"},"query-input":{"@type":"PropertyValueSpecification","valueRequired":true,"valueName":"search_term_string"}}],"inLanguage":"de"},{"@type":"Organization","@id":"https:\/\/eg-reeds.com\/de\/#organization","name":"www.eg-reeds.com","url":"https:\/\/eg-reeds.com\/de\/","logo":{"@type":"ImageObject","inLanguage":"de","@id":"https:\/\/eg-reeds.com\/de\/#\/schema\/logo\/image\/","url":"https:\/\/eg-reeds.com\/wp-content\/uploads\/2024\/06\/Logo-scaled-e1718793906611.jpg","contentUrl":"https:\/\/eg-reeds.com\/wp-content\/uploads\/2024\/06\/Logo-scaled-e1718793906611.jpg","width":1200,"height":493,"caption":"www.eg-reeds.com"},"image":{"@id":"https:\/\/eg-reeds.com\/de\/#\/schema\/logo\/image\/"},"sameAs":["https:\/\/www.facebook.com\/EGREEDS","https:\/\/x.com\/egreeds","https:\/\/www.instagram.com\/egreeds\/","https:\/\/www.youtube.com\/c\/EGREEDS","https:\/\/www.threads.net\/@egreeds","https:\/\/www.tiktok.com\/@egreeds"]}]},"product_price_amount":"15.00","product_price_currency":"EUR","og_availability":"instock","product_availability":"instock","product_retailer_item_id":"RE3DOR","product_condition":"new"},"_links":{"self":[{"href":"https:\/\/eg-reeds.com\/de\/wp-json\/wp\/v2\/product\/55860","targetHints":{"allow":["GET"]}}],"collection":[{"href":"https:\/\/eg-reeds.com\/de\/wp-json\/wp\/v2\/product"}],"about":[{"href":"https:\/\/eg-reeds.com\/de\/wp-json\/wp\/v2\/types\/product"}],"replies":[{"embeddable":true,"href":"https:\/\/eg-reeds.com\/de\/wp-json\/wp\/v2\/comments?post=55860"}],"wp:featuredmedia":[{"embeddable":true,"href":"https:\/\/eg-reeds.com\/de\/wp-json\/wp\/v2\/media\/51562"}],"wp:attachment":[{"href":"https:\/\/eg-reeds.com\/de\/wp-json\/wp\/v2\/media?parent=55860"}],"wp:term":[{"taxonomy":"product_brand","embeddable":true,"href":"https:\/\/eg-reeds.com\/de\/wp-json\/wp\/v2\/product_brand?post=55860"},{"taxonomy":"product_cat","embeddable":true,"href":"https:\/\/eg-reeds.com\/de\/wp-json\/wp\/v2\/product_cat?post=55860"},{"taxonomy":"product_tag","embeddable":true,"href":"https:\/\/eg-reeds.com\/de\/wp-json\/wp\/v2\/product_tag?post=55860"},{"taxonomy":"giftcard-category","embeddable":true,"href":"https:\/\/eg-reeds.com\/de\/wp-json\/wp\/v2\/giftcard-category?post=55860"}],"curies":[{"name":"wp","href":"https:\/\/api.w.org\/{rel}","templated":true}]}}