{"id":58455,"date":"2025-09-02T10:39:30","date_gmt":"2025-09-02T08:39:30","guid":{"rendered":"https:\/\/eg-reeds.com\/?post_type=product&#038;p=58455"},"modified":"2025-09-02T10:40:07","modified_gmt":"2025-09-02T08:40:07","slug":"musikheft","status":"publish","type":"product","link":"https:\/\/eg-reeds.com\/de\/shop\/zubehoer\/andere\/musikheft\/","title":{"rendered":"Musikheft"},"content":{"rendered":"<h1 data-start=\"449\" data-end=\"595\"><strong>Musikheft.<\/strong><\/h1>\n<p data-start=\"449\" data-end=\"595\">Dieses <strong data-start=\"454\" data-end=\"483\">Musikheft<\/strong> ist das perfekte Werkzeug f\u00fcr Sch\u00fcler, Lehrer und Komponisten, um ihre Ideen klar und ordentlich festzuhalten.<\/p>\n<p data-start=\"597\" data-end=\"1008\">\u2714\ufe0f <strong data-start=\"600\" data-end=\"618\">Praktisches Format<\/strong>: 24&#215;17 cm, leicht in Rucks\u00e4cken und Instrumentenkoffern zu transportieren.<br data-start=\"678\" data-end=\"681\" \/>\u2714\ufe0f <strong data-start=\"684\" data-end=\"700\">\u00dcbersichtliches Layout<\/strong>: 5 gut verteilte Notensysteme pro Seite f\u00fcr ein einfaches Notenschreiben.<br data-start=\"754\" data-end=\"757\" \/>\u2714\ufe0f <strong data-start=\"760\" data-end=\"772\">20 Seiten<\/strong>: gen\u00fcgend Platz f\u00fcr \u00dcbungen, Kompositionen und schnelle Notizen.<br data-start=\"832\" data-end=\"835\" \/>\u2714\ufe0f <strong data-start=\"838\" data-end=\"858\">Softcover<\/strong>: leicht und dennoch robust, ideal f\u00fcr den t\u00e4glichen Gebrauch.<br data-start=\"905\" data-end=\"908\" \/>\u2714\ufe0f <strong data-start=\"911\" data-end=\"928\">Vielseitige Verwendung<\/strong>: perfekt f\u00fcr Musiktheorie, Komposition, Harmonie, Geh\u00f6rbildung und Unterrichtsnotizen.<\/p>\n<p data-start=\"1010\" data-end=\"1093\">Ein unverzichtbares Zubeh\u00f6r zum Lernen, \u00dcben und Musikmachen auf jedem Niveau.<\/p>\n","protected":false},"excerpt":{"rendered":"<p>Musikheft. Dieses Musikheft ist das perfekte Werkzeug f\u00fcr Sch\u00fcler, Lehrer und Komponisten, um ihre Ideen klar und ordentlich festzuhalten. \u2714\ufe0f Praktisches Format: 24&#215;17 cm, leicht in Rucks\u00e4cken und Instrumentenkoffern zu transportieren.\u2714\ufe0f \u00dcbersichtliches Layout: 5 gut verteilte Notensysteme pro Seite f\u00fcr ein einfaches Notenschreiben.\u2714\ufe0f 20 Seiten: gen\u00fcgend Platz f\u00fcr \u00dcbungen, Kompositionen und schnelle Notizen.\u2714\ufe0f Softcover: leicht [&#8230;]\n","protected":false},"featured_media":58430,"comment_status":"open","ping_status":"closed","template":"","meta":[],"product_brand":[],"product_cat":[1991,3581],"product_tag":[],"giftcard-category":[],"class_list":{"0":"post-58455","1":"product","2":"type-product","3":"status-publish","4":"has-post-thumbnail","6":"product_cat-andere","7":"product_cat-zubehor-fur-instrumente","9":"first","10":"instock","11":"taxable","12":"shipping-taxable","13":"purchasable","14":"product-type-simple"},"yoast_head":"<!-- This site is optimized with the Yoast SEO Premium plugin v27.0 (Yoast SEO v27.3) - https:\/\/yoast.com\/product\/yoast-seo-premium-wordpress\/ -->\n<title>Musikheft - EG-REEDS<\/title>\n<meta name=\"description\" content=\"Dieses Musikheft ist das perfekte Werkzeug f\u00fcr Sch\u00fcler, Lehrer und Komponisten. 5 gut verteilte Notensysteme pro Seite f\u00fcr ein einfaches Notenschreiben.\" \/>\n<meta name=\"robots\" content=\"index, follow, max-snippet:-1, max-image-preview:large, max-video-preview:-1\" \/>\n<link rel=\"canonical\" href=\"https:\/\/eg-reeds.com\/de\/shop\/zubehoer\/andere\/musikheft\/\" \/>\n<meta property=\"og:locale\" content=\"de_DE\" \/>\n<meta property=\"og:type\" content=\"article\" \/>\n<meta property=\"og:title\" content=\"Musikheft\" \/>\n<meta property=\"og:description\" content=\"Dieses Musikheft ist das perfekte Werkzeug f\u00fcr Sch\u00fcler, Lehrer und Komponisten. 5 gut verteilte Notensysteme pro Seite f\u00fcr ein einfaches Notenschreiben.\" \/>\n<meta property=\"og:url\" content=\"https:\/\/eg-reeds.com\/de\/shop\/zubehoer\/andere\/musikheft\/\" \/>\n<meta property=\"og:site_name\" content=\"EG-REEDS\" \/>\n<meta property=\"article:publisher\" content=\"https:\/\/www.facebook.com\/EGREEDS\" \/>\n<meta property=\"article:modified_time\" content=\"2025-09-02T08:40:07+00:00\" \/>\n<meta property=\"og:image\" content=\"https:\/\/eg-reeds.com\/wp-content\/uploads\/2025\/09\/Music-notebook.jpg\" \/>\n\t<meta property=\"og:image:width\" content=\"1408\" \/>\n\t<meta property=\"og:image:height\" content=\"1007\" \/>\n\t<meta property=\"og:image:type\" content=\"image\/jpeg\" \/>\n<meta name=\"twitter:card\" content=\"summary_large_image\" \/>\n<meta name=\"twitter:site\" content=\"@egreeds\" \/>\n<meta name=\"twitter:label1\" content=\"Preis\" \/>\n\t<meta name=\"twitter:data1\" content=\"5,00&euro;\" \/>\n\t<meta name=\"twitter:label2\" content=\"Verf\u00fcgbarkeit\" \/>\n\t<meta name=\"twitter:data2\" content=\"Auf Lager\" \/>\n<script type=\"application\/ld+json\" class=\"yoast-schema-graph\">{\"@context\":\"https:\\\/\\\/schema.org\",\"@graph\":[{\"@type\":[\"WebPage\",\"ItemPage\"],\"@id\":\"https:\\\/\\\/eg-reeds.com\\\/de\\\/shop\\\/zubehoer\\\/andere\\\/musikheft\\\/\",\"url\":\"https:\\\/\\\/eg-reeds.com\\\/de\\\/shop\\\/zubehoer\\\/andere\\\/musikheft\\\/\",\"name\":\"Musikheft - EG-REEDS\",\"isPartOf\":{\"@id\":\"https:\\\/\\\/eg-reeds.com\\\/de\\\/#website\"},\"primaryImageOfPage\":{\"@id\":\"https:\\\/\\\/eg-reeds.com\\\/de\\\/shop\\\/zubehoer\\\/andere\\\/musikheft\\\/#primaryimage\"},\"image\":{\"@id\":\"https:\\\/\\\/eg-reeds.com\\\/de\\\/shop\\\/zubehoer\\\/andere\\\/musikheft\\\/#primaryimage\"},\"thumbnailUrl\":\"https:\\\/\\\/eg-reeds.com\\\/wp-content\\\/uploads\\\/2025\\\/09\\\/Music-notebook.jpg\",\"datePublished\":\"2025-09-02T08:39:30+00:00\",\"dateModified\":\"2025-09-02T08:40:07+00:00\",\"description\":\"Dieses Musikheft ist das perfekte Werkzeug f\u00fcr Sch\u00fcler, Lehrer und Komponisten. 5 gut verteilte Notensysteme pro Seite f\u00fcr ein einfaches Notenschreiben.\",\"breadcrumb\":{\"@id\":\"https:\\\/\\\/eg-reeds.com\\\/de\\\/shop\\\/zubehoer\\\/andere\\\/musikheft\\\/#breadcrumb\"},\"inLanguage\":\"de\",\"potentialAction\":[{\"@type\":\"ReadAction\",\"target\":[\"https:\\\/\\\/eg-reeds.com\\\/de\\\/shop\\\/zubehoer\\\/andere\\\/musikheft\\\/\"]}]},{\"@type\":\"ImageObject\",\"inLanguage\":\"de\",\"@id\":\"https:\\\/\\\/eg-reeds.com\\\/de\\\/shop\\\/zubehoer\\\/andere\\\/musikheft\\\/#primaryimage\",\"url\":\"https:\\\/\\\/eg-reeds.com\\\/wp-content\\\/uploads\\\/2025\\\/09\\\/Music-notebook.jpg\",\"contentUrl\":\"https:\\\/\\\/eg-reeds.com\\\/wp-content\\\/uploads\\\/2025\\\/09\\\/Music-notebook.jpg\",\"width\":1408,\"height\":1007,\"caption\":\"Musikheft\"},{\"@type\":\"BreadcrumbList\",\"@id\":\"https:\\\/\\\/eg-reeds.com\\\/de\\\/shop\\\/zubehoer\\\/andere\\\/musikheft\\\/#breadcrumb\",\"itemListElement\":[{\"@type\":\"ListItem\",\"position\":1,\"name\":\"Startseite\",\"item\":\"https:\\\/\\\/eg-reeds.com\\\/de\\\/\"},{\"@type\":\"ListItem\",\"position\":2,\"name\":\"Shop\",\"item\":\"https:\\\/\\\/eg-reeds.com\\\/de\\\/\"},{\"@type\":\"ListItem\",\"position\":3,\"name\":\"Musikheft\"}]},{\"@type\":\"WebSite\",\"@id\":\"https:\\\/\\\/eg-reeds.com\\\/de\\\/#website\",\"url\":\"https:\\\/\\\/eg-reeds.com\\\/de\\\/\",\"name\":\"www.eg-reeds.com\",\"description\":\"Rohre f\u00fcr Oboe\",\"publisher\":{\"@id\":\"https:\\\/\\\/eg-reeds.com\\\/de\\\/#organization\"},\"alternateName\":\"eg-reeds.com\",\"potentialAction\":[{\"@type\":\"SearchAction\",\"target\":{\"@type\":\"EntryPoint\",\"urlTemplate\":\"https:\\\/\\\/eg-reeds.com\\\/de\\\/?s={search_term_string}\"},\"query-input\":{\"@type\":\"PropertyValueSpecification\",\"valueRequired\":true,\"valueName\":\"search_term_string\"}}],\"inLanguage\":\"de\"},{\"@type\":\"Organization\",\"@id\":\"https:\\\/\\\/eg-reeds.com\\\/de\\\/#organization\",\"name\":\"www.eg-reeds.com\",\"url\":\"https:\\\/\\\/eg-reeds.com\\\/de\\\/\",\"logo\":{\"@type\":\"ImageObject\",\"inLanguage\":\"de\",\"@id\":\"https:\\\/\\\/eg-reeds.com\\\/de\\\/#\\\/schema\\\/logo\\\/image\\\/\",\"url\":\"https:\\\/\\\/eg-reeds.com\\\/wp-content\\\/uploads\\\/2024\\\/06\\\/Logo-scaled-e1718793906611.jpg\",\"contentUrl\":\"https:\\\/\\\/eg-reeds.com\\\/wp-content\\\/uploads\\\/2024\\\/06\\\/Logo-scaled-e1718793906611.jpg\",\"width\":1200,\"height\":493,\"caption\":\"www.eg-reeds.com\"},\"image\":{\"@id\":\"https:\\\/\\\/eg-reeds.com\\\/de\\\/#\\\/schema\\\/logo\\\/image\\\/\"},\"sameAs\":[\"https:\\\/\\\/www.facebook.com\\\/EGREEDS\",\"https:\\\/\\\/x.com\\\/egreeds\",\"https:\\\/\\\/www.instagram.com\\\/egreeds\\\/\",\"https:\\\/\\\/www.youtube.com\\\/c\\\/EGREEDS\",\"https:\\\/\\\/www.threads.net\\\/@egreeds\",\"https:\\\/\\\/www.tiktok.com\\\/@egreeds\"]}]}<\/script>\n<meta property=\"product:price:amount\" content=\"5.00\" \/>\n<meta property=\"product:price:currency\" content=\"EUR\" \/>\n<meta property=\"og:availability\" content=\"instock\" \/>\n<meta property=\"product:availability\" content=\"instock\" \/>\n<meta property=\"product:retailer_item_id\" content=\"AOCP\" \/>\n<meta property=\"product:condition\" content=\"new\" \/>\n<!-- \/ Yoast SEO Premium plugin. -->","yoast_head_json":{"title":"Musikheft - EG-REEDS","description":"Dieses Musikheft ist das perfekte Werkzeug f\u00fcr Sch\u00fcler, Lehrer und Komponisten. 5 gut verteilte Notensysteme pro Seite f\u00fcr ein einfaches Notenschreiben.","robots":{"index":"index","follow":"follow","max-snippet":"max-snippet:-1","max-image-preview":"max-image-preview:large","max-video-preview":"max-video-preview:-1"},"canonical":"https:\/\/eg-reeds.com\/de\/shop\/zubehoer\/andere\/musikheft\/","og_locale":"de_DE","og_type":"article","og_title":"Musikheft","og_description":"Dieses Musikheft ist das perfekte Werkzeug f\u00fcr Sch\u00fcler, Lehrer und Komponisten. 5 gut verteilte Notensysteme pro Seite f\u00fcr ein einfaches Notenschreiben.","og_url":"https:\/\/eg-reeds.com\/de\/shop\/zubehoer\/andere\/musikheft\/","og_site_name":"EG-REEDS","article_publisher":"https:\/\/www.facebook.com\/EGREEDS","article_modified_time":"2025-09-02T08:40:07+00:00","og_image":[{"width":1408,"height":1007,"url":"https:\/\/eg-reeds.com\/wp-content\/uploads\/2025\/09\/Music-notebook.jpg","type":"image\/jpeg"}],"twitter_card":"summary_large_image","twitter_site":"@egreeds","twitter_misc":{"Preis":"5,00&euro;","Verf\u00fcgbarkeit":"Auf Lager"},"schema":{"@context":"https:\/\/schema.org","@graph":[{"@type":["WebPage","ItemPage"],"@id":"https:\/\/eg-reeds.com\/de\/shop\/zubehoer\/andere\/musikheft\/","url":"https:\/\/eg-reeds.com\/de\/shop\/zubehoer\/andere\/musikheft\/","name":"Musikheft - EG-REEDS","isPartOf":{"@id":"https:\/\/eg-reeds.com\/de\/#website"},"primaryImageOfPage":{"@id":"https:\/\/eg-reeds.com\/de\/shop\/zubehoer\/andere\/musikheft\/#primaryimage"},"image":{"@id":"https:\/\/eg-reeds.com\/de\/shop\/zubehoer\/andere\/musikheft\/#primaryimage"},"thumbnailUrl":"https:\/\/eg-reeds.com\/wp-content\/uploads\/2025\/09\/Music-notebook.jpg","datePublished":"2025-09-02T08:39:30+00:00","dateModified":"2025-09-02T08:40:07+00:00","description":"Dieses Musikheft ist das perfekte Werkzeug f\u00fcr Sch\u00fcler, Lehrer und Komponisten. 5 gut verteilte Notensysteme pro Seite f\u00fcr ein einfaches Notenschreiben.","breadcrumb":{"@id":"https:\/\/eg-reeds.com\/de\/shop\/zubehoer\/andere\/musikheft\/#breadcrumb"},"inLanguage":"de","potentialAction":[{"@type":"ReadAction","target":["https:\/\/eg-reeds.com\/de\/shop\/zubehoer\/andere\/musikheft\/"]}]},{"@type":"ImageObject","inLanguage":"de","@id":"https:\/\/eg-reeds.com\/de\/shop\/zubehoer\/andere\/musikheft\/#primaryimage","url":"https:\/\/eg-reeds.com\/wp-content\/uploads\/2025\/09\/Music-notebook.jpg","contentUrl":"https:\/\/eg-reeds.com\/wp-content\/uploads\/2025\/09\/Music-notebook.jpg","width":1408,"height":1007,"caption":"Musikheft"},{"@type":"BreadcrumbList","@id":"https:\/\/eg-reeds.com\/de\/shop\/zubehoer\/andere\/musikheft\/#breadcrumb","itemListElement":[{"@type":"ListItem","position":1,"name":"Startseite","item":"https:\/\/eg-reeds.com\/de\/"},{"@type":"ListItem","position":2,"name":"Shop","item":"https:\/\/eg-reeds.com\/de\/"},{"@type":"ListItem","position":3,"name":"Musikheft"}]},{"@type":"WebSite","@id":"https:\/\/eg-reeds.com\/de\/#website","url":"https:\/\/eg-reeds.com\/de\/","name":"www.eg-reeds.com","description":"Rohre f\u00fcr Oboe","publisher":{"@id":"https:\/\/eg-reeds.com\/de\/#organization"},"alternateName":"eg-reeds.com","potentialAction":[{"@type":"SearchAction","target":{"@type":"EntryPoint","urlTemplate":"https:\/\/eg-reeds.com\/de\/?s={search_term_string}"},"query-input":{"@type":"PropertyValueSpecification","valueRequired":true,"valueName":"search_term_string"}}],"inLanguage":"de"},{"@type":"Organization","@id":"https:\/\/eg-reeds.com\/de\/#organization","name":"www.eg-reeds.com","url":"https:\/\/eg-reeds.com\/de\/","logo":{"@type":"ImageObject","inLanguage":"de","@id":"https:\/\/eg-reeds.com\/de\/#\/schema\/logo\/image\/","url":"https:\/\/eg-reeds.com\/wp-content\/uploads\/2024\/06\/Logo-scaled-e1718793906611.jpg","contentUrl":"https:\/\/eg-reeds.com\/wp-content\/uploads\/2024\/06\/Logo-scaled-e1718793906611.jpg","width":1200,"height":493,"caption":"www.eg-reeds.com"},"image":{"@id":"https:\/\/eg-reeds.com\/de\/#\/schema\/logo\/image\/"},"sameAs":["https:\/\/www.facebook.com\/EGREEDS","https:\/\/x.com\/egreeds","https:\/\/www.instagram.com\/egreeds\/","https:\/\/www.youtube.com\/c\/EGREEDS","https:\/\/www.threads.net\/@egreeds","https:\/\/www.tiktok.com\/@egreeds"]}]},"product_price_amount":"5.00","product_price_currency":"EUR","og_availability":"instock","product_availability":"instock","product_retailer_item_id":"AOCP","product_condition":"new"},"_links":{"self":[{"href":"https:\/\/eg-reeds.com\/de\/wp-json\/wp\/v2\/product\/58455","targetHints":{"allow":["GET"]}}],"collection":[{"href":"https:\/\/eg-reeds.com\/de\/wp-json\/wp\/v2\/product"}],"about":[{"href":"https:\/\/eg-reeds.com\/de\/wp-json\/wp\/v2\/types\/product"}],"replies":[{"embeddable":true,"href":"https:\/\/eg-reeds.com\/de\/wp-json\/wp\/v2\/comments?post=58455"}],"wp:featuredmedia":[{"embeddable":true,"href":"https:\/\/eg-reeds.com\/de\/wp-json\/wp\/v2\/media\/58430"}],"wp:attachment":[{"href":"https:\/\/eg-reeds.com\/de\/wp-json\/wp\/v2\/media?parent=58455"}],"wp:term":[{"taxonomy":"product_brand","embeddable":true,"href":"https:\/\/eg-reeds.com\/de\/wp-json\/wp\/v2\/product_brand?post=58455"},{"taxonomy":"product_cat","embeddable":true,"href":"https:\/\/eg-reeds.com\/de\/wp-json\/wp\/v2\/product_cat?post=58455"},{"taxonomy":"product_tag","embeddable":true,"href":"https:\/\/eg-reeds.com\/de\/wp-json\/wp\/v2\/product_tag?post=58455"},{"taxonomy":"giftcard-category","embeddable":true,"href":"https:\/\/eg-reeds.com\/de\/wp-json\/wp\/v2\/giftcard-category?post=58455"}],"curies":[{"name":"wp","href":"https:\/\/api.w.org\/{rel}","templated":true}]}}