{"id":6604,"date":"2015-09-15T19:38:20","date_gmt":"2015-09-15T19:38:20","guid":{"rendered":""},"modified":"2026-04-10T10:31:28","modified_gmt":"2026-04-10T08:31:28","slug":"aufgebundenes-oboenrohr-eg-reeds-personalisierbare","status":"publish","type":"product","link":"https:\/\/eg-reeds.com\/de\/shop\/professionelle-oboe-rorhe\/oboenrohre\/aufgebundenes-oboenrohr-eg-reeds-personalisierbare\/","title":{"rendered":"Aufgebundenes Oboenrohr EG-REEDS &#8211; personalisierbare"},"content":{"rendered":"<h1><strong>Aufgebundenes Oboenrohr EG-REEDS &#8211; personalisierbare.<\/strong><\/h1>\n<p>Aufgebundenes Oboenrohr EG-REEDS &#8211; personalisierbare.<\/p>\n<p data-start=\"121\" data-end=\"522\">Dank der individuellen ungeschabten Oboenrohre von EG-REEDS k\u00f6nnen Sie Zeit und Aufwand sparen. Es handelt sich um hochwertige Rohre, die von Oboenprofis ausgew\u00e4hlt und von Hand gebunden werden. W\u00e4hlen Sie einfach die Optionen, die am besten zu Ihren Bed\u00fcrfnissen passen. Die Rohre werden so geliefert, dass sie jederzeit geschabt werden k\u00f6nnen, sodass Sie schnell die gew\u00fcnschten Ergebnisse erzielen.<\/p>\n<p data-start=\"524\" data-end=\"564\">Mindestbestellmenge: 3 identische Rohre.<\/p>\n<p data-start=\"566\" data-end=\"669\" data-is-last-node=\"\" data-is-only-node=\"\">Bitte beachten Sie, dass die Herstellung individueller professioneller Oboenrohre etwa 2 Wochen dauert.<\/p>\n","protected":false},"excerpt":{"rendered":"<p>Mindestabnahme 3 gleich Rohre.<\/p>\n","protected":false},"featured_media":24664,"comment_status":"open","ping_status":"closed","template":"","meta":[],"product_brand":[],"product_cat":[508,474],"product_tag":[],"giftcard-category":[],"class_list":{"0":"post-6604","1":"product","2":"type-product","3":"status-publish","4":"has-post-thumbnail","6":"product_cat-oboenrohre","7":"product_cat-professionelle-oboe-rorhe","8":"pa_cane-diameter-10-mm-105-mm-de","9":"pa_cane-diameter-105-mm-11-mm-de","10":"pa_cane-diameter-95-mm-10-mm-de","11":"pa_shaper-901-de","12":"pa_shaper-albrecht-mayer-de","13":"pa_shaper-glotin-de","14":"pa_shaper-h49-de","15":"pa_shaper-lory-de","16":"pa_shaper-m2-de","17":"pa_shaper-maurice-bourgue-de-3","18":"pa_shaper-ramon-ortega-de-2","19":"pa_shaper-rc11-de","20":"pa_shaper-rc12-de-2","21":"pa_shaper-rc13-de-2","22":"pa_shaper-rc15-de","23":"pa_shaper-rigoutat-2-de","24":"pa_shaper-thomas-indermuehle-de","25":"pa_shaper-usa-de","26":"pa_shaper-willy-12-de","27":"pa_staple-chiarugi-45-2-de","28":"pa_staple-chiarugi-45-2-2-de","29":"pa_staple-chiarugi-45-5-de","30":"pa_staple-chiarugi-46-2-de-2","31":"pa_staple-chiarugi-46-2-2-de","32":"pa_staple-chiarugi-46-5-de-2","33":"pa_staple-chiarugi-47-2-de-2","34":"pa_staple-chiarugi-47-2-2-de","35":"pa_staple-chiarugi-47-5-de-2","36":"pa_staple-guercio-d1146-de-2","37":"pa_staple-guercio-d1147-de-2","38":"pa_staple-guercio-d1246-de-2","39":"pa_staple-guercio-d1247-de-2","40":"pa_staple-mayer-46-de","41":"pa_staple-mayer-47-de","42":"pa_staple-uwe-henze-e6-46-de","43":"pa_staple-uwe-henze-e6-47-de","44":"pa_staple-uwe-henze-e8-46-de","45":"pa_staple-uwe-henze-e8-47-de","46":"pa_thickness-055-mm-056-mm-de-2","47":"pa_thickness-056-mm-057-mm-de-2","48":"pa_thickness-057-mm-058-mm-de","49":"pa_thickness-058-mm-059-mm-de-2","50":"pa_thickness-059-mm-060-mm-de","51":"pa_thickness-060-mm-061-mm-de-2","53":"first","54":"instock","55":"taxable","56":"shipping-taxable","57":"purchasable","58":"product-type-variable"},"yoast_head":"<!-- This site is optimized with the Yoast SEO Premium plugin v27.0 (Yoast SEO v27.3) - https:\/\/yoast.com\/product\/yoast-seo-premium-wordpress\/ -->\n<title>Aufgebundenes Oboenrohr EG-REEDS - personalisierbare - EG-REEDS<\/title>\n<meta name=\"description\" content=\"Aufgebundenes Oboenrohr EG-REEDS - personalisierbare. W\u00e4hlen Sie einfach die Optionen, die am besten zu Ihren Bed\u00fcrfnissen passen.\" \/>\n<meta name=\"robots\" content=\"index, follow, max-snippet:-1, max-image-preview:large, max-video-preview:-1\" \/>\n<link rel=\"canonical\" href=\"https:\/\/eg-reeds.com\/de\/shop\/professionelle-oboe-rorhe\/oboenrohre\/aufgebundenes-oboenrohr-eg-reeds-personalisierbare\/\" \/>\n<meta property=\"og:locale\" content=\"de_DE\" \/>\n<meta property=\"og:type\" content=\"article\" \/>\n<meta property=\"og:title\" content=\"Aufgebundenes Oboenrohr EG-REEDS - personalisierbare\" \/>\n<meta property=\"og:description\" content=\"Aufgebundenes Oboenrohr EG-REEDS - personalisierbare. W\u00e4hlen Sie einfach die Optionen, die am besten zu Ihren Bed\u00fcrfnissen passen.\" \/>\n<meta property=\"og:url\" content=\"https:\/\/eg-reeds.com\/de\/shop\/professionelle-oboe-rorhe\/oboenrohre\/aufgebundenes-oboenrohr-eg-reeds-personalisierbare\/\" \/>\n<meta property=\"og:site_name\" content=\"EG-REEDS\" \/>\n<meta property=\"article:publisher\" content=\"https:\/\/www.facebook.com\/EGREEDS\" \/>\n<meta property=\"article:modified_time\" content=\"2026-04-10T08:31:28+00:00\" \/>\n<meta property=\"og:image\" content=\"https:\/\/eg-reeds.com\/wp-content\/uploads\/2015\/09\/Professional-custome-blank-oboe-reed-EG-REEDS.jpg\" \/>\n\t<meta property=\"og:image:width\" content=\"640\" \/>\n\t<meta property=\"og:image:height\" content=\"544\" \/>\n\t<meta property=\"og:image:type\" content=\"image\/jpeg\" \/>\n<meta name=\"twitter:card\" content=\"summary_large_image\" \/>\n<meta name=\"twitter:site\" content=\"@egreeds\" \/>\n<meta name=\"twitter:label1\" content=\"Verf\u00fcgbarkeit\" \/>\n\t<meta name=\"twitter:data1\" content=\"Auf Lager\" \/>\n<script type=\"application\/ld+json\" class=\"yoast-schema-graph\">{\"@context\":\"https:\\\/\\\/schema.org\",\"@graph\":[{\"@type\":[\"WebPage\",\"ItemPage\"],\"@id\":\"https:\\\/\\\/eg-reeds.com\\\/de\\\/shop\\\/professionelle-oboe-rorhe\\\/oboenrohre\\\/aufgebundenes-oboenrohr-eg-reeds-personalisierbare\\\/\",\"url\":\"https:\\\/\\\/eg-reeds.com\\\/de\\\/shop\\\/professionelle-oboe-rorhe\\\/oboenrohre\\\/aufgebundenes-oboenrohr-eg-reeds-personalisierbare\\\/\",\"name\":\"Aufgebundenes Oboenrohr EG-REEDS - personalisierbare - EG-REEDS\",\"isPartOf\":{\"@id\":\"https:\\\/\\\/eg-reeds.com\\\/de\\\/#website\"},\"primaryImageOfPage\":{\"@id\":\"https:\\\/\\\/eg-reeds.com\\\/de\\\/shop\\\/professionelle-oboe-rorhe\\\/oboenrohre\\\/aufgebundenes-oboenrohr-eg-reeds-personalisierbare\\\/#primaryimage\"},\"image\":{\"@id\":\"https:\\\/\\\/eg-reeds.com\\\/de\\\/shop\\\/professionelle-oboe-rorhe\\\/oboenrohre\\\/aufgebundenes-oboenrohr-eg-reeds-personalisierbare\\\/#primaryimage\"},\"thumbnailUrl\":\"https:\\\/\\\/eg-reeds.com\\\/wp-content\\\/uploads\\\/2015\\\/09\\\/Professional-custome-blank-oboe-reed-EG-REEDS.jpg\",\"datePublished\":\"2015-09-15T19:38:20+00:00\",\"dateModified\":\"2026-04-10T08:31:28+00:00\",\"description\":\"Aufgebundenes Oboenrohr EG-REEDS - personalisierbare. W\u00e4hlen Sie einfach die Optionen, die am besten zu Ihren Bed\u00fcrfnissen passen.\",\"breadcrumb\":{\"@id\":\"https:\\\/\\\/eg-reeds.com\\\/de\\\/shop\\\/professionelle-oboe-rorhe\\\/oboenrohre\\\/aufgebundenes-oboenrohr-eg-reeds-personalisierbare\\\/#breadcrumb\"},\"inLanguage\":\"de\",\"potentialAction\":[{\"@type\":\"ReadAction\",\"target\":[\"https:\\\/\\\/eg-reeds.com\\\/de\\\/shop\\\/professionelle-oboe-rorhe\\\/oboenrohre\\\/aufgebundenes-oboenrohr-eg-reeds-personalisierbare\\\/\"]}]},{\"@type\":\"ImageObject\",\"inLanguage\":\"de\",\"@id\":\"https:\\\/\\\/eg-reeds.com\\\/de\\\/shop\\\/professionelle-oboe-rorhe\\\/oboenrohre\\\/aufgebundenes-oboenrohr-eg-reeds-personalisierbare\\\/#primaryimage\",\"url\":\"https:\\\/\\\/eg-reeds.com\\\/wp-content\\\/uploads\\\/2015\\\/09\\\/Professional-custome-blank-oboe-reed-EG-REEDS.jpg\",\"contentUrl\":\"https:\\\/\\\/eg-reeds.com\\\/wp-content\\\/uploads\\\/2015\\\/09\\\/Professional-custome-blank-oboe-reed-EG-REEDS.jpg\",\"width\":640,\"height\":544},{\"@type\":\"BreadcrumbList\",\"@id\":\"https:\\\/\\\/eg-reeds.com\\\/de\\\/shop\\\/professionelle-oboe-rorhe\\\/oboenrohre\\\/aufgebundenes-oboenrohr-eg-reeds-personalisierbare\\\/#breadcrumb\",\"itemListElement\":[{\"@type\":\"ListItem\",\"position\":1,\"name\":\"Startseite\",\"item\":\"https:\\\/\\\/eg-reeds.com\\\/de\\\/\"},{\"@type\":\"ListItem\",\"position\":2,\"name\":\"Shop\",\"item\":\"https:\\\/\\\/eg-reeds.com\\\/de\\\/\"},{\"@type\":\"ListItem\",\"position\":3,\"name\":\"Aufgebundenes Oboenrohr EG-REEDS &#8211; personalisierbare\"}]},{\"@type\":\"WebSite\",\"@id\":\"https:\\\/\\\/eg-reeds.com\\\/de\\\/#website\",\"url\":\"https:\\\/\\\/eg-reeds.com\\\/de\\\/\",\"name\":\"www.eg-reeds.com\",\"description\":\"Rohre f\u00fcr Oboe\",\"publisher\":{\"@id\":\"https:\\\/\\\/eg-reeds.com\\\/de\\\/#organization\"},\"alternateName\":\"eg-reeds.com\",\"potentialAction\":[{\"@type\":\"SearchAction\",\"target\":{\"@type\":\"EntryPoint\",\"urlTemplate\":\"https:\\\/\\\/eg-reeds.com\\\/de\\\/?s={search_term_string}\"},\"query-input\":{\"@type\":\"PropertyValueSpecification\",\"valueRequired\":true,\"valueName\":\"search_term_string\"}}],\"inLanguage\":\"de\"},{\"@type\":\"Organization\",\"@id\":\"https:\\\/\\\/eg-reeds.com\\\/de\\\/#organization\",\"name\":\"www.eg-reeds.com\",\"url\":\"https:\\\/\\\/eg-reeds.com\\\/de\\\/\",\"logo\":{\"@type\":\"ImageObject\",\"inLanguage\":\"de\",\"@id\":\"https:\\\/\\\/eg-reeds.com\\\/de\\\/#\\\/schema\\\/logo\\\/image\\\/\",\"url\":\"https:\\\/\\\/eg-reeds.com\\\/wp-content\\\/uploads\\\/2024\\\/06\\\/Logo-scaled-e1718793906611.jpg\",\"contentUrl\":\"https:\\\/\\\/eg-reeds.com\\\/wp-content\\\/uploads\\\/2024\\\/06\\\/Logo-scaled-e1718793906611.jpg\",\"width\":1200,\"height\":493,\"caption\":\"www.eg-reeds.com\"},\"image\":{\"@id\":\"https:\\\/\\\/eg-reeds.com\\\/de\\\/#\\\/schema\\\/logo\\\/image\\\/\"},\"sameAs\":[\"https:\\\/\\\/www.facebook.com\\\/EGREEDS\",\"https:\\\/\\\/x.com\\\/egreeds\",\"https:\\\/\\\/www.instagram.com\\\/egreeds\\\/\",\"https:\\\/\\\/www.youtube.com\\\/c\\\/EGREEDS\",\"https:\\\/\\\/www.threads.net\\\/@egreeds\",\"https:\\\/\\\/www.tiktok.com\\\/@egreeds\"]}]}<\/script>\n<meta property=\"og:availability\" content=\"instock\" \/>\n<meta property=\"product:availability\" content=\"instock\" \/>\n<meta property=\"product:retailer_item_id\" content=\"CPOB-C-Blank\" \/>\n<meta property=\"product:condition\" content=\"new\" \/>\n<!-- \/ Yoast SEO Premium plugin. -->","yoast_head_json":{"title":"Aufgebundenes Oboenrohr EG-REEDS - personalisierbare - EG-REEDS","description":"Aufgebundenes Oboenrohr EG-REEDS - personalisierbare. W\u00e4hlen Sie einfach die Optionen, die am besten zu Ihren Bed\u00fcrfnissen passen.","robots":{"index":"index","follow":"follow","max-snippet":"max-snippet:-1","max-image-preview":"max-image-preview:large","max-video-preview":"max-video-preview:-1"},"canonical":"https:\/\/eg-reeds.com\/de\/shop\/professionelle-oboe-rorhe\/oboenrohre\/aufgebundenes-oboenrohr-eg-reeds-personalisierbare\/","og_locale":"de_DE","og_type":"article","og_title":"Aufgebundenes Oboenrohr EG-REEDS - personalisierbare","og_description":"Aufgebundenes Oboenrohr EG-REEDS - personalisierbare. W\u00e4hlen Sie einfach die Optionen, die am besten zu Ihren Bed\u00fcrfnissen passen.","og_url":"https:\/\/eg-reeds.com\/de\/shop\/professionelle-oboe-rorhe\/oboenrohre\/aufgebundenes-oboenrohr-eg-reeds-personalisierbare\/","og_site_name":"EG-REEDS","article_publisher":"https:\/\/www.facebook.com\/EGREEDS","article_modified_time":"2026-04-10T08:31:28+00:00","og_image":[{"width":640,"height":544,"url":"https:\/\/eg-reeds.com\/wp-content\/uploads\/2015\/09\/Professional-custome-blank-oboe-reed-EG-REEDS.jpg","type":"image\/jpeg"}],"twitter_card":"summary_large_image","twitter_site":"@egreeds","twitter_misc":{"Verf\u00fcgbarkeit":"Auf Lager"},"schema":{"@context":"https:\/\/schema.org","@graph":[{"@type":["WebPage","ItemPage"],"@id":"https:\/\/eg-reeds.com\/de\/shop\/professionelle-oboe-rorhe\/oboenrohre\/aufgebundenes-oboenrohr-eg-reeds-personalisierbare\/","url":"https:\/\/eg-reeds.com\/de\/shop\/professionelle-oboe-rorhe\/oboenrohre\/aufgebundenes-oboenrohr-eg-reeds-personalisierbare\/","name":"Aufgebundenes Oboenrohr EG-REEDS - personalisierbare - EG-REEDS","isPartOf":{"@id":"https:\/\/eg-reeds.com\/de\/#website"},"primaryImageOfPage":{"@id":"https:\/\/eg-reeds.com\/de\/shop\/professionelle-oboe-rorhe\/oboenrohre\/aufgebundenes-oboenrohr-eg-reeds-personalisierbare\/#primaryimage"},"image":{"@id":"https:\/\/eg-reeds.com\/de\/shop\/professionelle-oboe-rorhe\/oboenrohre\/aufgebundenes-oboenrohr-eg-reeds-personalisierbare\/#primaryimage"},"thumbnailUrl":"https:\/\/eg-reeds.com\/wp-content\/uploads\/2015\/09\/Professional-custome-blank-oboe-reed-EG-REEDS.jpg","datePublished":"2015-09-15T19:38:20+00:00","dateModified":"2026-04-10T08:31:28+00:00","description":"Aufgebundenes Oboenrohr EG-REEDS - personalisierbare. W\u00e4hlen Sie einfach die Optionen, die am besten zu Ihren Bed\u00fcrfnissen passen.","breadcrumb":{"@id":"https:\/\/eg-reeds.com\/de\/shop\/professionelle-oboe-rorhe\/oboenrohre\/aufgebundenes-oboenrohr-eg-reeds-personalisierbare\/#breadcrumb"},"inLanguage":"de","potentialAction":[{"@type":"ReadAction","target":["https:\/\/eg-reeds.com\/de\/shop\/professionelle-oboe-rorhe\/oboenrohre\/aufgebundenes-oboenrohr-eg-reeds-personalisierbare\/"]}]},{"@type":"ImageObject","inLanguage":"de","@id":"https:\/\/eg-reeds.com\/de\/shop\/professionelle-oboe-rorhe\/oboenrohre\/aufgebundenes-oboenrohr-eg-reeds-personalisierbare\/#primaryimage","url":"https:\/\/eg-reeds.com\/wp-content\/uploads\/2015\/09\/Professional-custome-blank-oboe-reed-EG-REEDS.jpg","contentUrl":"https:\/\/eg-reeds.com\/wp-content\/uploads\/2015\/09\/Professional-custome-blank-oboe-reed-EG-REEDS.jpg","width":640,"height":544},{"@type":"BreadcrumbList","@id":"https:\/\/eg-reeds.com\/de\/shop\/professionelle-oboe-rorhe\/oboenrohre\/aufgebundenes-oboenrohr-eg-reeds-personalisierbare\/#breadcrumb","itemListElement":[{"@type":"ListItem","position":1,"name":"Startseite","item":"https:\/\/eg-reeds.com\/de\/"},{"@type":"ListItem","position":2,"name":"Shop","item":"https:\/\/eg-reeds.com\/de\/"},{"@type":"ListItem","position":3,"name":"Aufgebundenes Oboenrohr EG-REEDS &#8211; personalisierbare"}]},{"@type":"WebSite","@id":"https:\/\/eg-reeds.com\/de\/#website","url":"https:\/\/eg-reeds.com\/de\/","name":"www.eg-reeds.com","description":"Rohre f\u00fcr Oboe","publisher":{"@id":"https:\/\/eg-reeds.com\/de\/#organization"},"alternateName":"eg-reeds.com","potentialAction":[{"@type":"SearchAction","target":{"@type":"EntryPoint","urlTemplate":"https:\/\/eg-reeds.com\/de\/?s={search_term_string}"},"query-input":{"@type":"PropertyValueSpecification","valueRequired":true,"valueName":"search_term_string"}}],"inLanguage":"de"},{"@type":"Organization","@id":"https:\/\/eg-reeds.com\/de\/#organization","name":"www.eg-reeds.com","url":"https:\/\/eg-reeds.com\/de\/","logo":{"@type":"ImageObject","inLanguage":"de","@id":"https:\/\/eg-reeds.com\/de\/#\/schema\/logo\/image\/","url":"https:\/\/eg-reeds.com\/wp-content\/uploads\/2024\/06\/Logo-scaled-e1718793906611.jpg","contentUrl":"https:\/\/eg-reeds.com\/wp-content\/uploads\/2024\/06\/Logo-scaled-e1718793906611.jpg","width":1200,"height":493,"caption":"www.eg-reeds.com"},"image":{"@id":"https:\/\/eg-reeds.com\/de\/#\/schema\/logo\/image\/"},"sameAs":["https:\/\/www.facebook.com\/EGREEDS","https:\/\/x.com\/egreeds","https:\/\/www.instagram.com\/egreeds\/","https:\/\/www.youtube.com\/c\/EGREEDS","https:\/\/www.threads.net\/@egreeds","https:\/\/www.tiktok.com\/@egreeds"]}]},"og_availability":"instock","product_availability":"instock","product_retailer_item_id":"CPOB-C-Blank","product_condition":"new"},"_links":{"self":[{"href":"https:\/\/eg-reeds.com\/de\/wp-json\/wp\/v2\/product\/6604","targetHints":{"allow":["GET"]}}],"collection":[{"href":"https:\/\/eg-reeds.com\/de\/wp-json\/wp\/v2\/product"}],"about":[{"href":"https:\/\/eg-reeds.com\/de\/wp-json\/wp\/v2\/types\/product"}],"replies":[{"embeddable":true,"href":"https:\/\/eg-reeds.com\/de\/wp-json\/wp\/v2\/comments?post=6604"}],"wp:featuredmedia":[{"embeddable":true,"href":"https:\/\/eg-reeds.com\/de\/wp-json\/wp\/v2\/media\/24664"}],"wp:attachment":[{"href":"https:\/\/eg-reeds.com\/de\/wp-json\/wp\/v2\/media?parent=6604"}],"wp:term":[{"taxonomy":"product_brand","embeddable":true,"href":"https:\/\/eg-reeds.com\/de\/wp-json\/wp\/v2\/product_brand?post=6604"},{"taxonomy":"product_cat","embeddable":true,"href":"https:\/\/eg-reeds.com\/de\/wp-json\/wp\/v2\/product_cat?post=6604"},{"taxonomy":"product_tag","embeddable":true,"href":"https:\/\/eg-reeds.com\/de\/wp-json\/wp\/v2\/product_tag?post=6604"},{"taxonomy":"giftcard-category","embeddable":true,"href":"https:\/\/eg-reeds.com\/de\/wp-json\/wp\/v2\/giftcard-category?post=6604"}],"curies":[{"name":"wp","href":"https:\/\/api.w.org\/{rel}","templated":true}]}}