{"id":1467,"date":"2015-03-09T20:37:10","date_gmt":"2015-03-09T20:37:10","guid":{"rendered":"http:\/\/localhost:8888\/?page_id=1467"},"modified":"2025-12-31T16:17:33","modified_gmt":"2025-12-31T15:17:33","slug":"contacto","status":"publish","type":"page","link":"https:\/\/eg-reeds.com\/es\/contacto\/","title":{"rendered":"Contacto"},"content":{"rendered":"<p>Puedes contactar con nosotros por e-mail, tel\u00e9fono o mensaje de WhatsApp:<\/p>\n<div class=\"row\"  id=\"row-454860533\">\n\n\t<div id=\"col-1866636777\" class=\"col medium-1\/2 large-6\"  >\n\t\t\t\t<div class=\"col-inner\"  >\n\t\t\t\n\t\t\t\n<p><strong><a href=\"mailto:info@eg-reeds.com\"><img loading=\"lazy\" decoding=\"async\" class=\"wp-image-19585\" src=\"https:\/\/eg-reeds.com\/wp-content\/uploads\/2016\/11\/email.png\" alt=\"email\" width=\"40\" height=\"40\" srcset=\"https:\/\/eg-reeds.com\/wp-content\/uploads\/2016\/11\/email.png 122w, https:\/\/eg-reeds.com\/wp-content\/uploads\/2016\/11\/email-100x100.png 100w\" sizes=\"auto, (max-width: 40px) 100vw, 40px\" \/><\/a>\u00a0 \u00a0<a href=\"mailto:info@eg-reeds.com\" target=\"_blank\" rel=\"noopener\"><span style=\"color: #282828;\">info@eg-reeds.com<\/span><\/a><\/strong><\/p>\n\t<div id=\"gap-1010341974\" class=\"gap-element clearfix\" style=\"display:block; height:auto;\">\n\t\t\n<style>\n#gap-1010341974 {\n  padding-top: 15px;\n}\n<\/style>\n\t<\/div>\n\t\n<p><img loading=\"lazy\" decoding=\"async\" class=\"alignnone wp-image-19662\" src=\"https:\/\/eg-reeds.com\/wp-content\/uploads\/2016\/11\/phone-1.png\" alt=\"phone\" width=\"40\" height=\"40\" srcset=\"https:\/\/eg-reeds.com\/wp-content\/uploads\/2016\/11\/phone-1.png 204w, https:\/\/eg-reeds.com\/wp-content\/uploads\/2016\/11\/phone-1-100x100.png 100w\" sizes=\"auto, (max-width: 40px) 100vw, 40px\" \/><strong>\u00a0 <a href=\"https:\/\/wa.me\/34676628251\" target=\"_blank\" rel=\"noopener\">\u00a0+34 676 628 251\u202c<\/a><\/strong><\/p>\n\t<div id=\"gap-760756270\" class=\"gap-element clearfix\" style=\"display:block; height:auto;\">\n\t\t\n<style>\n#gap-760756270 {\n  padding-top: 30px;\n}\n<\/style>\n\t<\/div>\n\t\n<h3><strong>Horario de atenci\u00f3n al cliente:<\/strong><\/h3>\n<p>Lunes a viernes de 8:00 a 14:00 y de 16:30 a 18:00.<\/p>\n<div>\t<div id=\"gap-1748063422\" class=\"gap-element clearfix\" style=\"display:block; height:auto;\">\n\t\t\n<style>\n#gap-1748063422 {\n  padding-top: 30px;\n}\n<\/style>\n\t<\/div>\n\t<\/div>\n<div class=\"social-icons follow-icons\" ><a href=\"https:\/\/open.spotify.com\/show\/3wMpFxTtC80Fk201Z8YsUR?go=1&sp_cid=ee93b54993f8e4696b1e4cdfb84922a2&utm_source=embed_player_v&utm_medium=desktop&nd=1&dlsi=938b58ac33b14ed3\" data-label=\"Spotify\" target=\"_blank\" class=\"icon button circle is-outline tooltip spotify tooltip\" title=\"Follow on Spotify\" aria-label=\"Follow on Spotify\" rel=\"noopener nofollow\"><i class=\"fa-brands fa-spotify\"><\/i><\/a><a href=\"https:\/\/www.facebook.com\/EGREEDS\/\" target=\"_blank\" data-label=\"Facebook\" class=\"icon button circle is-outline tooltip facebook\" title=\"S\u00edguenos en Facebook\" aria-label=\"S\u00edguenos en Facebook\" rel=\"noopener nofollow\"><i class=\"icon-facebook\" aria-hidden=\"true\"><\/i><\/a><a href=\"https:\/\/www.instagram.com\/egreeds\/?hl=es\" target=\"_blank\" data-label=\"Instagram\" class=\"icon button circle is-outline tooltip instagram\" title=\"S\u00edguenos en Instagram\" aria-label=\"S\u00edguenos en Instagram\" rel=\"noopener nofollow\"><i class=\"icon-instagram\" aria-hidden=\"true\"><\/i><\/a><a href=\"https:\/\/www.tiktok.com\/@egreeds?lang=es\" target=\"_blank\" data-label=\"TikTok\" class=\"icon button circle is-outline tooltip tiktok\" title=\"S\u00edguenos en TikTok\" aria-label=\"S\u00edguenos en TikTok\" rel=\"noopener nofollow\"><i class=\"icon-tiktok\" aria-hidden=\"true\"><\/i><\/a><a href=\"https:\/\/twitter.com\/egreeds\" data-label=\"X\" target=\"_blank\" class=\"icon button circle is-outline tooltip x\" title=\"Seguir en X\" aria-label=\"Seguir en X\" rel=\"noopener nofollow\"><i class=\"icon-x\" aria-hidden=\"true\"><\/i><\/a><a href=\"https:\/\/www.threads.net\/@egreeds\" data-label=\"Threads\" target=\"_blank\" class=\"icon button circle is-outline tooltip threads\" title=\"Follow on Threads\" aria-label=\"Follow on Threads\" rel=\"noopener nofollow\"><i class=\"icon-threads\" aria-hidden=\"true\"><\/i><\/a><a href=\"https:\/\/www.linkedin.com\/in\/egreeds\/\" data-label=\"LinkedIn\" target=\"_blank\" class=\"icon button circle is-outline tooltip linkedin\" title=\"S\u00edguenos en LinkedIn\" aria-label=\"S\u00edguenos en LinkedIn\" rel=\"noopener nofollow\"><i class=\"icon-linkedin\" aria-hidden=\"true\"><\/i><\/a><a href=\"https:\/\/www.youtube.com\/channel\/UCn9OSmO6boMxg0UOACGnT5Q\" data-label=\"YouTube\" target=\"_blank\" class=\"icon button circle is-outline tooltip youtube\" title=\"S\u00edguenos en Youtube\" aria-label=\"S\u00edguenos en Youtube\" rel=\"noopener nofollow\"><i class=\"icon-youtube\" aria-hidden=\"true\"><\/i><\/a><\/div>\n<p><iframe loading=\"lazy\" style=\"border: 0;\" src=\"https:\/\/www.google.com\/maps\/embed?pb=!1m18!1m12!1m3!1d94059.65701815556!2d-6.6042112884633175!3d42.54755720801511!2m3!1f0!2f0!3f0!3m2!1i1024!2i768!4f13.1!3m3!1m2!1s0xd30b1b4fc5a761b%3A0x5cfd9d9c2db1407b!2sEG-REEDS!5e0!3m2!1ses!2ses!4v1503534230376\" width=\"400\" height=\"300\" frameborder=\"0\" allowfullscreen=\"allowfullscreen\" data-mce-fragment=\"1\"><\/iframe><\/p>\n<h3><strong>EG-REEDS<\/strong><\/h3>\n<p>C\/ Salinas 12.<\/p>\n<p>24401 Ponferrada, Le\u00f3n. Espa\u00f1a.<\/p>\n<p>Direcci\u00f3n de taller sin atenci\u00f3n al p\u00fablico.<\/p>\n\t\t<\/div>\n\t\t\t\t\t<\/div>\n\n\t\n\n\t<div id=\"col-1686448754\" class=\"col medium-1\/2 large-6\"  >\n\t\t\t\t<div class=\"col-inner\"  >\n\t\t\t\n\t\t\t\n<ul>\r\n \t<li><a href=\"http:\/\/eg-reeds.com\/es\/sobre-nosotros\/\" target=\"_blank\" rel=\"noopener\">Sobre nosotros<\/a><\/li>\r\n \t<li><a href=\"http:\/\/eg-reeds.com\/es\/contacto\/\" target=\"_blank\" rel=\"noopener\">Contacto<\/a><\/li>\r\n \t<li><a href=\"http:\/\/eg-reeds.com\/es\/preguntas-frecuentes\/\" target=\"_blank\" rel=\"noopener\">Preguntas frecuentes<\/a><\/li>\r\n \t<li><a href=\"http:\/\/eg-reeds.com\/es\/gastos-de-envio-y-plazos\/\" target=\"_blank\" rel=\"noopener\">Gastos de env\u00edo y plazos<\/a><\/li>\r\n \t<li><a href=\"http:\/\/eg-reeds.com\/es\/politica-de-privacidad\/\" target=\"_blank\" rel=\"noopener\">Pol\u00edtica de privacidad y cookies<\/a><\/li>\r\n \t<li><a href=\"http:\/\/eg-reeds.com\/es\/terminos-y-condiciones\/\" target=\"_blank\" rel=\"noopener\">T\u00e9rminos y condiciones<\/a><\/li>\r\n \t<li><a href=\"http:\/\/eg-reeds.com\/es\/alquiler-de-oboe-de-iniciacion\/\" target=\"_blank\" rel=\"noopener\">Alquiler de oboes<\/a><\/li>\r\n \t<li><a href=\"https:\/\/eg-reeds.com\/es\/curso-iniciacion-oboe\/\" target=\"_blank\" rel=\"noopener\">Curso iniciaci\u00f3n oboe<\/a><\/li>\r\n<\/ul>\n<h3><strong>\t<div id=\"gap-1935344564\" class=\"gap-element clearfix\" style=\"display:block; height:auto;\">\n\t\t\n<style>\n#gap-1935344564 {\n  padding-top: 30px;\n}\n<\/style>\n\t<\/div>\n\t<\/strong><\/h3>\n<h3><strong>Festivos y vacaciones:<\/strong><\/h3>\n<p><strong>Verano:<\/strong> \u00daltima semana de junio y primera de julio.<\/p>\n<p><strong>Navidad: <\/strong>24, 25 y 31 de diciembre, 1 y 6 de enero.<\/p>\n<p><strong>Festivos locales:<\/strong> 8 y 9 Septiembre y festivos de Castilla y Le\u00f3n (Espa\u00f1a).<\/p>\n<p>&nbsp;<\/p>\n\t\t<\/div>\n\t\t\t\t\t<\/div>\n\n\t\n<\/div>\n","protected":false},"excerpt":{"rendered":"<p>Puedes contactar con nosotros por e-mail, tel\u00e9fono o mensaje de WhatsApp:<\/p>\n","protected":false},"author":1,"featured_media":0,"parent":0,"menu_order":0,"comment_status":"closed","ping_status":"closed","template":"","meta":{"footnotes":""},"class_list":["post-1467","page","type-page","status-publish","hentry"],"yoast_head":"<!-- This site is optimized with the Yoast SEO Premium plugin v27.0 (Yoast SEO v27.3) - https:\/\/yoast.com\/product\/yoast-seo-premium-wordpress\/ -->\n<title>Contacto - www.eg-reeds.com<\/title>\n<meta name=\"description\" content=\"Puedes contactar con EG-REEDS por e-mail, tel\u00e9fono o mensaje de WhatsApp. Tel\u00e9fono: +34 676628251. Email:\u00a0info@eg-reeds.com\" \/>\n<meta name=\"robots\" content=\"index, follow, max-snippet:-1, max-image-preview:large, max-video-preview:-1\" \/>\n<link rel=\"canonical\" href=\"https:\/\/eg-reeds.com\/es\/contacto\/\" \/>\n<meta property=\"og:locale\" content=\"es_ES\" \/>\n<meta property=\"og:type\" content=\"article\" \/>\n<meta property=\"og:title\" content=\"Contacto\" \/>\n<meta property=\"og:description\" content=\"Puedes contactar con EG-REEDS por e-mail, tel\u00e9fono o mensaje de WhatsApp. Tel\u00e9fono: +34 676628251. Email:\u00a0info@eg-reeds.com\" \/>\n<meta property=\"og:url\" content=\"https:\/\/eg-reeds.com\/es\/contacto\/\" \/>\n<meta property=\"og:site_name\" content=\"www.eg-reeds.com\" \/>\n<meta property=\"article:publisher\" content=\"https:\/\/www.facebook.com\/EGREEDS\" \/>\n<meta property=\"article:modified_time\" content=\"2025-12-31T15:17:33+00:00\" \/>\n<meta property=\"og:image\" content=\"https:\/\/eg-reeds.com\/wp-content\/uploads\/2016\/11\/email.png\" \/>\n\t<meta property=\"og:image:width\" content=\"122\" \/>\n\t<meta property=\"og:image:height\" content=\"122\" \/>\n\t<meta property=\"og:image:type\" content=\"image\/png\" \/>\n<meta name=\"twitter:card\" content=\"summary_large_image\" \/>\n<meta name=\"twitter:site\" content=\"@egreeds\" \/>\n<meta name=\"twitter:label1\" content=\"Tiempo de lectura\" \/>\n\t<meta name=\"twitter:data1\" content=\"1 minuto\" \/>\n<script type=\"application\/ld+json\" class=\"yoast-schema-graph\">{\"@context\":\"https:\\\/\\\/schema.org\",\"@graph\":[{\"@type\":\"WebPage\",\"@id\":\"https:\\\/\\\/eg-reeds.com\\\/es\\\/contacto\\\/\",\"url\":\"https:\\\/\\\/eg-reeds.com\\\/es\\\/contacto\\\/\",\"name\":\"Contacto - www.eg-reeds.com\",\"isPartOf\":{\"@id\":\"https:\\\/\\\/eg-reeds.com\\\/es\\\/#website\"},\"primaryImageOfPage\":{\"@id\":\"https:\\\/\\\/eg-reeds.com\\\/es\\\/contacto\\\/#primaryimage\"},\"image\":{\"@id\":\"https:\\\/\\\/eg-reeds.com\\\/es\\\/contacto\\\/#primaryimage\"},\"thumbnailUrl\":\"https:\\\/\\\/eg-reeds.com\\\/wp-content\\\/uploads\\\/2016\\\/11\\\/email.png\",\"datePublished\":\"2015-03-09T20:37:10+00:00\",\"dateModified\":\"2025-12-31T15:17:33+00:00\",\"description\":\"Puedes contactar con EG-REEDS por e-mail, tel\u00e9fono o mensaje de WhatsApp. Tel\u00e9fono: +34 676628251. Email:\u00a0info@eg-reeds.com\",\"breadcrumb\":{\"@id\":\"https:\\\/\\\/eg-reeds.com\\\/es\\\/contacto\\\/#breadcrumb\"},\"inLanguage\":\"es\",\"potentialAction\":[{\"@type\":\"ReadAction\",\"target\":[\"https:\\\/\\\/eg-reeds.com\\\/es\\\/contacto\\\/\"]}]},{\"@type\":\"ImageObject\",\"inLanguage\":\"es\",\"@id\":\"https:\\\/\\\/eg-reeds.com\\\/es\\\/contacto\\\/#primaryimage\",\"url\":\"https:\\\/\\\/eg-reeds.com\\\/wp-content\\\/uploads\\\/2016\\\/11\\\/email.png\",\"contentUrl\":\"https:\\\/\\\/eg-reeds.com\\\/wp-content\\\/uploads\\\/2016\\\/11\\\/email.png\"},{\"@type\":\"BreadcrumbList\",\"@id\":\"https:\\\/\\\/eg-reeds.com\\\/es\\\/contacto\\\/#breadcrumb\",\"itemListElement\":[{\"@type\":\"ListItem\",\"position\":1,\"name\":\"Inicio\",\"item\":\"https:\\\/\\\/eg-reeds.com\\\/es\\\/\"},{\"@type\":\"ListItem\",\"position\":2,\"name\":\"Contacto\"}]},{\"@type\":\"WebSite\",\"@id\":\"https:\\\/\\\/eg-reeds.com\\\/es\\\/#website\",\"url\":\"https:\\\/\\\/eg-reeds.com\\\/es\\\/\",\"name\":\"www.eg-reeds.com\",\"description\":\"Ca\u00f1as oboe\",\"publisher\":{\"@id\":\"https:\\\/\\\/eg-reeds.com\\\/es\\\/#organization\"},\"alternateName\":\"eg-reeds.com\",\"potentialAction\":[{\"@type\":\"SearchAction\",\"target\":{\"@type\":\"EntryPoint\",\"urlTemplate\":\"https:\\\/\\\/eg-reeds.com\\\/es\\\/?s={search_term_string}\"},\"query-input\":{\"@type\":\"PropertyValueSpecification\",\"valueRequired\":true,\"valueName\":\"search_term_string\"}}],\"inLanguage\":\"es\"},{\"@type\":\"Organization\",\"@id\":\"https:\\\/\\\/eg-reeds.com\\\/es\\\/#organization\",\"name\":\"www.eg-reeds.com\",\"url\":\"https:\\\/\\\/eg-reeds.com\\\/es\\\/\",\"logo\":{\"@type\":\"ImageObject\",\"inLanguage\":\"es\",\"@id\":\"https:\\\/\\\/eg-reeds.com\\\/es\\\/#\\\/schema\\\/logo\\\/image\\\/\",\"url\":\"https:\\\/\\\/eg-reeds.com\\\/wp-content\\\/uploads\\\/2024\\\/06\\\/Logo-scaled-e1718793906611.jpg\",\"contentUrl\":\"https:\\\/\\\/eg-reeds.com\\\/wp-content\\\/uploads\\\/2024\\\/06\\\/Logo-scaled-e1718793906611.jpg\",\"width\":1200,\"height\":493,\"caption\":\"www.eg-reeds.com\"},\"image\":{\"@id\":\"https:\\\/\\\/eg-reeds.com\\\/es\\\/#\\\/schema\\\/logo\\\/image\\\/\"},\"sameAs\":[\"https:\\\/\\\/www.facebook.com\\\/EGREEDS\",\"https:\\\/\\\/x.com\\\/egreeds\",\"https:\\\/\\\/www.instagram.com\\\/egreeds\\\/\",\"https:\\\/\\\/www.youtube.com\\\/c\\\/EGREEDS\",\"https:\\\/\\\/www.threads.net\\\/@egreeds\",\"https:\\\/\\\/www.tiktok.com\\\/@egreeds\"]}]}<\/script>\n<!-- \/ Yoast SEO Premium plugin. -->","yoast_head_json":{"title":"Contacto - www.eg-reeds.com","description":"Puedes contactar con EG-REEDS por e-mail, tel\u00e9fono o mensaje de WhatsApp. Tel\u00e9fono: +34 676628251. Email:\u00a0info@eg-reeds.com","robots":{"index":"index","follow":"follow","max-snippet":"max-snippet:-1","max-image-preview":"max-image-preview:large","max-video-preview":"max-video-preview:-1"},"canonical":"https:\/\/eg-reeds.com\/es\/contacto\/","og_locale":"es_ES","og_type":"article","og_title":"Contacto","og_description":"Puedes contactar con EG-REEDS por e-mail, tel\u00e9fono o mensaje de WhatsApp. Tel\u00e9fono: +34 676628251. Email:\u00a0info@eg-reeds.com","og_url":"https:\/\/eg-reeds.com\/es\/contacto\/","og_site_name":"www.eg-reeds.com","article_publisher":"https:\/\/www.facebook.com\/EGREEDS","article_modified_time":"2025-12-31T15:17:33+00:00","og_image":[{"width":122,"height":122,"url":"https:\/\/eg-reeds.com\/wp-content\/uploads\/2016\/11\/email.png","type":"image\/png"}],"twitter_card":"summary_large_image","twitter_site":"@egreeds","twitter_misc":{"Tiempo de lectura":"1 minuto"},"schema":{"@context":"https:\/\/schema.org","@graph":[{"@type":"WebPage","@id":"https:\/\/eg-reeds.com\/es\/contacto\/","url":"https:\/\/eg-reeds.com\/es\/contacto\/","name":"Contacto - www.eg-reeds.com","isPartOf":{"@id":"https:\/\/eg-reeds.com\/es\/#website"},"primaryImageOfPage":{"@id":"https:\/\/eg-reeds.com\/es\/contacto\/#primaryimage"},"image":{"@id":"https:\/\/eg-reeds.com\/es\/contacto\/#primaryimage"},"thumbnailUrl":"https:\/\/eg-reeds.com\/wp-content\/uploads\/2016\/11\/email.png","datePublished":"2015-03-09T20:37:10+00:00","dateModified":"2025-12-31T15:17:33+00:00","description":"Puedes contactar con EG-REEDS por e-mail, tel\u00e9fono o mensaje de WhatsApp. Tel\u00e9fono: +34 676628251. Email:\u00a0info@eg-reeds.com","breadcrumb":{"@id":"https:\/\/eg-reeds.com\/es\/contacto\/#breadcrumb"},"inLanguage":"es","potentialAction":[{"@type":"ReadAction","target":["https:\/\/eg-reeds.com\/es\/contacto\/"]}]},{"@type":"ImageObject","inLanguage":"es","@id":"https:\/\/eg-reeds.com\/es\/contacto\/#primaryimage","url":"https:\/\/eg-reeds.com\/wp-content\/uploads\/2016\/11\/email.png","contentUrl":"https:\/\/eg-reeds.com\/wp-content\/uploads\/2016\/11\/email.png"},{"@type":"BreadcrumbList","@id":"https:\/\/eg-reeds.com\/es\/contacto\/#breadcrumb","itemListElement":[{"@type":"ListItem","position":1,"name":"Inicio","item":"https:\/\/eg-reeds.com\/es\/"},{"@type":"ListItem","position":2,"name":"Contacto"}]},{"@type":"WebSite","@id":"https:\/\/eg-reeds.com\/es\/#website","url":"https:\/\/eg-reeds.com\/es\/","name":"www.eg-reeds.com","description":"Ca\u00f1as oboe","publisher":{"@id":"https:\/\/eg-reeds.com\/es\/#organization"},"alternateName":"eg-reeds.com","potentialAction":[{"@type":"SearchAction","target":{"@type":"EntryPoint","urlTemplate":"https:\/\/eg-reeds.com\/es\/?s={search_term_string}"},"query-input":{"@type":"PropertyValueSpecification","valueRequired":true,"valueName":"search_term_string"}}],"inLanguage":"es"},{"@type":"Organization","@id":"https:\/\/eg-reeds.com\/es\/#organization","name":"www.eg-reeds.com","url":"https:\/\/eg-reeds.com\/es\/","logo":{"@type":"ImageObject","inLanguage":"es","@id":"https:\/\/eg-reeds.com\/es\/#\/schema\/logo\/image\/","url":"https:\/\/eg-reeds.com\/wp-content\/uploads\/2024\/06\/Logo-scaled-e1718793906611.jpg","contentUrl":"https:\/\/eg-reeds.com\/wp-content\/uploads\/2024\/06\/Logo-scaled-e1718793906611.jpg","width":1200,"height":493,"caption":"www.eg-reeds.com"},"image":{"@id":"https:\/\/eg-reeds.com\/es\/#\/schema\/logo\/image\/"},"sameAs":["https:\/\/www.facebook.com\/EGREEDS","https:\/\/x.com\/egreeds","https:\/\/www.instagram.com\/egreeds\/","https:\/\/www.youtube.com\/c\/EGREEDS","https:\/\/www.threads.net\/@egreeds","https:\/\/www.tiktok.com\/@egreeds"]}]}},"_links":{"self":[{"href":"https:\/\/eg-reeds.com\/es\/wp-json\/wp\/v2\/pages\/1467","targetHints":{"allow":["GET"]}}],"collection":[{"href":"https:\/\/eg-reeds.com\/es\/wp-json\/wp\/v2\/pages"}],"about":[{"href":"https:\/\/eg-reeds.com\/es\/wp-json\/wp\/v2\/types\/page"}],"author":[{"embeddable":true,"href":"https:\/\/eg-reeds.com\/es\/wp-json\/wp\/v2\/users\/1"}],"replies":[{"embeddable":true,"href":"https:\/\/eg-reeds.com\/es\/wp-json\/wp\/v2\/comments?post=1467"}],"version-history":[{"count":0,"href":"https:\/\/eg-reeds.com\/es\/wp-json\/wp\/v2\/pages\/1467\/revisions"}],"wp:attachment":[{"href":"https:\/\/eg-reeds.com\/es\/wp-json\/wp\/v2\/media?parent=1467"}],"curies":[{"name":"wp","href":"https:\/\/api.w.org\/{rel}","templated":true}]}}