{"id":1594,"date":"2015-03-10T11:30:51","date_gmt":"2015-03-10T11:30:51","guid":{"rendered":"http:\/\/localhost:8888\/?page_id=1594"},"modified":"2024-10-31T09:34:02","modified_gmt":"2024-10-31T08:34:02","slug":"k-ge-servicio-tecnico-oficial","status":"publish","type":"page","link":"https:\/\/eg-reeds.com\/es\/k-ge-servicio-tecnico-oficial\/","title":{"rendered":"K.GE Servicio T\u00e9cnico Oficial"},"content":{"rendered":"<h1>K.GE Servicio T\u00e9cnico Oficial Autorizado.<\/h1>\n<p>Servicio t\u00e9cnico oficial autorizado y entrenado personalmente por\u00a0K.GE para <a href=\"http:\/\/www.shop.kge-doublereeds.com\/Suppliers-of-KGE-REEDS-in-Spain-dealer-sp.htm\" target=\"_blank\" rel=\"noopener\"><strong>Espa\u00f1a<\/strong><\/a>\u00a0y\u00a0<a href=\"http:\/\/www.shop.kge-doublereeds.com\/Suppliers-of-KGE-REEDS-in-Portugal-dealer-pt.htm\" target=\"_blank\" rel=\"noopener\"><strong>Portugal<\/strong>.<\/a><\/p>\n<p><strong>Solo para m\u00e1quinas compradas en <a href=\"http:\/\/eg-reeds.com\" target=\"_blank\" rel=\"noopener\">www.eg-reeds.com<\/a><\/strong><\/p>\n<p>Para contactarnos por favor escr\u00edbenos a <a href=\"mailto:info@eg-reeds.com\" target=\"_blank\" rel=\"noopener\">info@eg-reeds.com<\/a><\/p>\n<p>Si quieres comprar cuchillas u otros repuestos o ver v\u00eddeos sobre la m\u00e1quina puedes hacerlo aqu\u00ed abajo.<\/p>\n\t<div id=\"gap-1586834221\" class=\"gap-element clearfix\" style=\"display:block; height:auto;\">\n\t\t\n<style>\n#gap-1586834221 {\n  padding-top: 30px;\n}\n<\/style>\n\t<\/div>\n\t\n<div class=\"row\"  id=\"row-1838127517\">\n\n\t<div id=\"col-272811804\" class=\"col medium-6 small-12 large-6\"  >\n\t\t\t\t<div class=\"col-inner\"  >\n\t\t\t\n\t\t\t\n\n  <div class=\"banner has-hover bg-zoom\" id=\"banner-1793517072\">\n          <div class=\"banner-inner fill\">\n        <div class=\"banner-bg fill\" >\n                                                \n                    <\/div>\n\t\t\n        <div class=\"banner-layers container\">\n            <a class=\"fill\" href=\"https:\/\/eg-reeds.com\/es\/categoria-producto\/accesorios-es\/recambios-maquina-de-raspado-k-ge\/\"><div class=\"fill banner-link\"><\/div><\/a>            \n   <div id=\"text-box-1809332038\" class=\"text-box banner-layer x50 md-x50 lg-x50 y50 md-y50 lg-y50 res-text\">\n                                <div class=\"text-box-content text dark\">\n              \n              <div class=\"text-inner text-center\">\n                  \n<h2><a href=\"https:\/\/eg-reeds.com\/es\/categoria-producto\/accesorios\/recambios-maquina-de-raspado-k-ge\/\" target=\"_blank\" rel=\"noopener\">COMPRAR RECAMBIOS<\/a><\/h2>\n<h2><\/h2>\n<div class=\"is-divider divider clearfix\" ><\/div>\n              <\/div>\n           <\/div>\n                            \n<style>\n#text-box-1809332038 {\n  width: 60%;\n}\n#text-box-1809332038 .text-box-content {\n  font-size: 100%;\n}\n@media (min-width:550px) {\n  #text-box-1809332038 {\n    width: 60%;\n  }\n}\n<\/style>\n    <\/div>\n \n        <\/div>\n      <\/div>\n\n            \n<style>\n#banner-1793517072 {\n  padding-top: 140px;\n}\n<\/style>\n  <\/div>\n\n\n\t\t<\/div>\n\t\t\t\t\t<\/div>\n\n\t\n\n\t<div id=\"col-778560585\" class=\"col medium-6 small-12 large-6\"  >\n\t\t\t\t<div class=\"col-inner\"  >\n\t\t\t\n\t\t\t\n\n  <div class=\"banner has-hover bg-zoom\" id=\"banner-2022048533\">\n          <div class=\"banner-inner fill\">\n        <div class=\"banner-bg fill\" >\n                                                \n                    <\/div>\n\t\t\n        <div class=\"banner-layers container\">\n            <a class=\"fill\" href=\"https:\/\/eg-reeds.com\/es\/videos-k-ge-servicio-tecnico-oficial-para-espana-y-portugal\/\"><div class=\"fill banner-link\"><\/div><\/a>            \n   <div id=\"text-box-625515444\" class=\"text-box banner-layer x50 md-x50 lg-x50 y50 md-y50 lg-y50 res-text\">\n                                <div class=\"text-box-content text dark\">\n              \n              <div class=\"text-inner text-center\">\n                  \n<h2><a href=\"https:\/\/eg-reeds.com\/es\/videos-k-ge-servicio-tecnico-oficial-para-espana-y-portugal\/\" target=\"_blank\" rel=\"noopener\">VIDEO TUTORIALES<\/a><\/h2>\n<h2><\/h2>\n<div class=\"is-divider divider clearfix\" ><\/div>\n              <\/div>\n           <\/div>\n                            \n<style>\n#text-box-625515444 {\n  width: 60%;\n}\n#text-box-625515444 .text-box-content {\n  font-size: 100%;\n}\n@media (min-width:550px) {\n  #text-box-625515444 {\n    width: 60%;\n  }\n}\n<\/style>\n    <\/div>\n \n        <\/div>\n      <\/div>\n\n            \n<style>\n#banner-2022048533 {\n  padding-top: 140px;\n}\n<\/style>\n  <\/div>\n\n\n\t\t<\/div>\n\t\t\t\t\t<\/div>\n\n\t\n<\/div>\n<iframe loading=\"lazy\" src=\"https:\/\/www.youtube.com\/embed\/G95Vxt_4MmY\" width=\"290\" height=\"218\" frameborder=\"0\" allowfullscreen=\"allowfullscreen\"><\/iframe>\u00a0 \u00a0 \u00a0 \u00a0\u00a0<iframe loading=\"lazy\" src=\"https:\/\/www.youtube.com\/embed\/xeWpFBNxnZg\" width=\"290\" height=\"218\" frameborder=\"0\" allowfullscreen=\"allowfullscreen\"><\/iframe>\u00a0 \u00a0 \u00a0 \u00a0 \u00a0<iframe loading=\"lazy\" src=\"https:\/\/www.youtube.com\/embed\/217vzGpG7q0\" width=\"290\" height=\"218\" frameborder=\"0\" allowfullscreen=\"allowfullscreen\"><\/iframe>\u00a0 \u00a0 \u00a0 \u00a0 \u00a0<iframe loading=\"lazy\" src=\"https:\/\/www.youtube.com\/embed\/QitrHwV9mLU\" width=\"290\" height=\"218\" frameborder=\"0\" allowfullscreen=\"allowfullscreen\"><\/iframe>\u00a0 \u00a0 \u00a0 \u00a0 <iframe loading=\"lazy\" src=\"https:\/\/www.youtube.com\/embed\/XrOkbPVXnaE\" width=\"290\" height=\"218\" frameborder=\"0\" allowfullscreen=\"allowfullscreen\"><\/iframe>\u00a0 \u00a0 \u00a0 \u00a0 \u00a0<iframe loading=\"lazy\" src=\"https:\/\/www.youtube.com\/embed\/XrOkbPVXnaE\" width=\"290\" height=\"218\" frameborder=\"0\" allowfullscreen=\"allowfullscreen\"><\/iframe>\u00a0 \u00a0 \u00a0 \u00a0 \u00a0<iframe loading=\"lazy\" src=\"https:\/\/www.youtube.com\/embed\/4kvuZDobYRY\" width=\"290\" height=\"218\" frameborder=\"0\" allowfullscreen=\"allowfullscreen\"><\/iframe>\u00a0 \u00a0 \u00a0 \u00a0\u00a0<iframe loading=\"lazy\" src=\"https:\/\/www.youtube.com\/embed\/K8OUcKb6psA\" width=\"290\" height=\"218\" frameborder=\"0\" allowfullscreen=\"allowfullscreen\"><\/iframe>\n","protected":false},"excerpt":{"rendered":"<p>K.GE Servicio T\u00e9cnico Oficial Autorizado. Servicio t\u00e9cnico oficial autorizado y entrenado personalmente por\u00a0K.GE para Espa\u00f1a\u00a0y\u00a0Portugal. Solo para m\u00e1quinas compradas en www.eg-reeds.com Para contactarnos por favor escr\u00edbenos a info@eg-reeds.com Si quieres comprar cuchillas u otros repuestos o ver v\u00eddeos sobre la m\u00e1quina puedes hacerlo aqu\u00ed abajo.<\/p>\n","protected":false},"author":1,"featured_media":0,"parent":0,"menu_order":0,"comment_status":"closed","ping_status":"closed","template":"","meta":{"footnotes":""},"class_list":["post-1594","page","type-page","status-publish","hentry"],"yoast_head":"<!-- This site is optimized with the Yoast SEO Premium plugin v27.0 (Yoast SEO v27.3) - https:\/\/yoast.com\/product\/yoast-seo-premium-wordpress\/ -->\n<title>K.GE Servicio T\u00e9cnico Oficial - www.eg-reeds.com<\/title>\n<meta name=\"description\" content=\"Servicio t\u00e9cnico oficial autorizado y entrenado personalmente por\u00a0K.GE. Solo para reparar m\u00e1quinas KGE compradas en www.eg-reeds.com.\" \/>\n<meta name=\"robots\" content=\"index, follow, max-snippet:-1, max-image-preview:large, max-video-preview:-1\" \/>\n<link rel=\"canonical\" href=\"https:\/\/eg-reeds.com\/es\/k-ge-servicio-tecnico-oficial\/\" \/>\n<meta property=\"og:locale\" content=\"es_ES\" \/>\n<meta property=\"og:type\" content=\"article\" \/>\n<meta property=\"og:title\" content=\"K.GE Servicio T\u00e9cnico Oficial\" \/>\n<meta property=\"og:description\" content=\"Servicio t\u00e9cnico oficial autorizado y entrenado personalmente por\u00a0K.GE. Solo para reparar m\u00e1quinas KGE compradas en www.eg-reeds.com.\" \/>\n<meta property=\"og:url\" content=\"https:\/\/eg-reeds.com\/es\/k-ge-servicio-tecnico-oficial\/\" \/>\n<meta property=\"og:site_name\" content=\"www.eg-reeds.com\" \/>\n<meta property=\"article:publisher\" content=\"https:\/\/www.facebook.com\/EGREEDS\" \/>\n<meta property=\"article:modified_time\" content=\"2024-10-31T08:34:02+00:00\" \/>\n<meta property=\"og:image\" content=\"https:\/\/eg-reeds.com\/wp-content\/uploads\/2018\/11\/EG-REEDS-Oboe-reeds-shop-scaled.jpg\" \/>\n\t<meta property=\"og:image:width\" content=\"2560\" \/>\n\t<meta property=\"og:image:height\" content=\"1010\" \/>\n\t<meta property=\"og:image:type\" content=\"image\/jpeg\" \/>\n<meta name=\"twitter:card\" content=\"summary_large_image\" \/>\n<meta name=\"twitter:site\" content=\"@egreeds\" \/>\n<meta name=\"twitter:label1\" content=\"Tiempo de lectura\" \/>\n\t<meta name=\"twitter:data1\" content=\"1 minuto\" \/>\n<script type=\"application\/ld+json\" class=\"yoast-schema-graph\">{\"@context\":\"https:\\\/\\\/schema.org\",\"@graph\":[{\"@type\":\"WebPage\",\"@id\":\"https:\\\/\\\/eg-reeds.com\\\/es\\\/k-ge-servicio-tecnico-oficial\\\/\",\"url\":\"https:\\\/\\\/eg-reeds.com\\\/es\\\/k-ge-servicio-tecnico-oficial\\\/\",\"name\":\"K.GE Servicio T\u00e9cnico Oficial - www.eg-reeds.com\",\"isPartOf\":{\"@id\":\"https:\\\/\\\/eg-reeds.com\\\/es\\\/#website\"},\"datePublished\":\"2015-03-10T11:30:51+00:00\",\"dateModified\":\"2024-10-31T08:34:02+00:00\",\"description\":\"Servicio t\u00e9cnico oficial autorizado y entrenado personalmente por\u00a0K.GE. Solo para reparar m\u00e1quinas KGE compradas en www.eg-reeds.com.\",\"breadcrumb\":{\"@id\":\"https:\\\/\\\/eg-reeds.com\\\/es\\\/k-ge-servicio-tecnico-oficial\\\/#breadcrumb\"},\"inLanguage\":\"es\",\"potentialAction\":[{\"@type\":\"ReadAction\",\"target\":[\"https:\\\/\\\/eg-reeds.com\\\/es\\\/k-ge-servicio-tecnico-oficial\\\/\"]}]},{\"@type\":\"BreadcrumbList\",\"@id\":\"https:\\\/\\\/eg-reeds.com\\\/es\\\/k-ge-servicio-tecnico-oficial\\\/#breadcrumb\",\"itemListElement\":[{\"@type\":\"ListItem\",\"position\":1,\"name\":\"Inicio\",\"item\":\"https:\\\/\\\/eg-reeds.com\\\/es\\\/\"},{\"@type\":\"ListItem\",\"position\":2,\"name\":\"K.GE Servicio T\u00e9cnico Oficial\"}]},{\"@type\":\"WebSite\",\"@id\":\"https:\\\/\\\/eg-reeds.com\\\/es\\\/#website\",\"url\":\"https:\\\/\\\/eg-reeds.com\\\/es\\\/\",\"name\":\"www.eg-reeds.com\",\"description\":\"Ca\u00f1as oboe\",\"publisher\":{\"@id\":\"https:\\\/\\\/eg-reeds.com\\\/es\\\/#organization\"},\"alternateName\":\"eg-reeds.com\",\"potentialAction\":[{\"@type\":\"SearchAction\",\"target\":{\"@type\":\"EntryPoint\",\"urlTemplate\":\"https:\\\/\\\/eg-reeds.com\\\/es\\\/?s={search_term_string}\"},\"query-input\":{\"@type\":\"PropertyValueSpecification\",\"valueRequired\":true,\"valueName\":\"search_term_string\"}}],\"inLanguage\":\"es\"},{\"@type\":\"Organization\",\"@id\":\"https:\\\/\\\/eg-reeds.com\\\/es\\\/#organization\",\"name\":\"www.eg-reeds.com\",\"url\":\"https:\\\/\\\/eg-reeds.com\\\/es\\\/\",\"logo\":{\"@type\":\"ImageObject\",\"inLanguage\":\"es\",\"@id\":\"https:\\\/\\\/eg-reeds.com\\\/es\\\/#\\\/schema\\\/logo\\\/image\\\/\",\"url\":\"https:\\\/\\\/eg-reeds.com\\\/wp-content\\\/uploads\\\/2024\\\/06\\\/Logo-scaled-e1718793906611.jpg\",\"contentUrl\":\"https:\\\/\\\/eg-reeds.com\\\/wp-content\\\/uploads\\\/2024\\\/06\\\/Logo-scaled-e1718793906611.jpg\",\"width\":1200,\"height\":493,\"caption\":\"www.eg-reeds.com\"},\"image\":{\"@id\":\"https:\\\/\\\/eg-reeds.com\\\/es\\\/#\\\/schema\\\/logo\\\/image\\\/\"},\"sameAs\":[\"https:\\\/\\\/www.facebook.com\\\/EGREEDS\",\"https:\\\/\\\/x.com\\\/egreeds\",\"https:\\\/\\\/www.instagram.com\\\/egreeds\\\/\",\"https:\\\/\\\/www.youtube.com\\\/c\\\/EGREEDS\",\"https:\\\/\\\/www.threads.net\\\/@egreeds\",\"https:\\\/\\\/www.tiktok.com\\\/@egreeds\"]}]}<\/script>\n<!-- \/ Yoast SEO Premium plugin. -->","yoast_head_json":{"title":"K.GE Servicio T\u00e9cnico Oficial - www.eg-reeds.com","description":"Servicio t\u00e9cnico oficial autorizado y entrenado personalmente por\u00a0K.GE. Solo para reparar m\u00e1quinas KGE compradas en www.eg-reeds.com.","robots":{"index":"index","follow":"follow","max-snippet":"max-snippet:-1","max-image-preview":"max-image-preview:large","max-video-preview":"max-video-preview:-1"},"canonical":"https:\/\/eg-reeds.com\/es\/k-ge-servicio-tecnico-oficial\/","og_locale":"es_ES","og_type":"article","og_title":"K.GE Servicio T\u00e9cnico Oficial","og_description":"Servicio t\u00e9cnico oficial autorizado y entrenado personalmente por\u00a0K.GE. Solo para reparar m\u00e1quinas KGE compradas en www.eg-reeds.com.","og_url":"https:\/\/eg-reeds.com\/es\/k-ge-servicio-tecnico-oficial\/","og_site_name":"www.eg-reeds.com","article_publisher":"https:\/\/www.facebook.com\/EGREEDS","article_modified_time":"2024-10-31T08:34:02+00:00","og_image":[{"width":2560,"height":1010,"url":"https:\/\/eg-reeds.com\/wp-content\/uploads\/2018\/11\/EG-REEDS-Oboe-reeds-shop-scaled.jpg","type":"image\/jpeg"}],"twitter_card":"summary_large_image","twitter_site":"@egreeds","twitter_misc":{"Tiempo de lectura":"1 minuto"},"schema":{"@context":"https:\/\/schema.org","@graph":[{"@type":"WebPage","@id":"https:\/\/eg-reeds.com\/es\/k-ge-servicio-tecnico-oficial\/","url":"https:\/\/eg-reeds.com\/es\/k-ge-servicio-tecnico-oficial\/","name":"K.GE Servicio T\u00e9cnico Oficial - www.eg-reeds.com","isPartOf":{"@id":"https:\/\/eg-reeds.com\/es\/#website"},"datePublished":"2015-03-10T11:30:51+00:00","dateModified":"2024-10-31T08:34:02+00:00","description":"Servicio t\u00e9cnico oficial autorizado y entrenado personalmente por\u00a0K.GE. Solo para reparar m\u00e1quinas KGE compradas en www.eg-reeds.com.","breadcrumb":{"@id":"https:\/\/eg-reeds.com\/es\/k-ge-servicio-tecnico-oficial\/#breadcrumb"},"inLanguage":"es","potentialAction":[{"@type":"ReadAction","target":["https:\/\/eg-reeds.com\/es\/k-ge-servicio-tecnico-oficial\/"]}]},{"@type":"BreadcrumbList","@id":"https:\/\/eg-reeds.com\/es\/k-ge-servicio-tecnico-oficial\/#breadcrumb","itemListElement":[{"@type":"ListItem","position":1,"name":"Inicio","item":"https:\/\/eg-reeds.com\/es\/"},{"@type":"ListItem","position":2,"name":"K.GE Servicio T\u00e9cnico Oficial"}]},{"@type":"WebSite","@id":"https:\/\/eg-reeds.com\/es\/#website","url":"https:\/\/eg-reeds.com\/es\/","name":"www.eg-reeds.com","description":"Ca\u00f1as oboe","publisher":{"@id":"https:\/\/eg-reeds.com\/es\/#organization"},"alternateName":"eg-reeds.com","potentialAction":[{"@type":"SearchAction","target":{"@type":"EntryPoint","urlTemplate":"https:\/\/eg-reeds.com\/es\/?s={search_term_string}"},"query-input":{"@type":"PropertyValueSpecification","valueRequired":true,"valueName":"search_term_string"}}],"inLanguage":"es"},{"@type":"Organization","@id":"https:\/\/eg-reeds.com\/es\/#organization","name":"www.eg-reeds.com","url":"https:\/\/eg-reeds.com\/es\/","logo":{"@type":"ImageObject","inLanguage":"es","@id":"https:\/\/eg-reeds.com\/es\/#\/schema\/logo\/image\/","url":"https:\/\/eg-reeds.com\/wp-content\/uploads\/2024\/06\/Logo-scaled-e1718793906611.jpg","contentUrl":"https:\/\/eg-reeds.com\/wp-content\/uploads\/2024\/06\/Logo-scaled-e1718793906611.jpg","width":1200,"height":493,"caption":"www.eg-reeds.com"},"image":{"@id":"https:\/\/eg-reeds.com\/es\/#\/schema\/logo\/image\/"},"sameAs":["https:\/\/www.facebook.com\/EGREEDS","https:\/\/x.com\/egreeds","https:\/\/www.instagram.com\/egreeds\/","https:\/\/www.youtube.com\/c\/EGREEDS","https:\/\/www.threads.net\/@egreeds","https:\/\/www.tiktok.com\/@egreeds"]}]}},"_links":{"self":[{"href":"https:\/\/eg-reeds.com\/es\/wp-json\/wp\/v2\/pages\/1594","targetHints":{"allow":["GET"]}}],"collection":[{"href":"https:\/\/eg-reeds.com\/es\/wp-json\/wp\/v2\/pages"}],"about":[{"href":"https:\/\/eg-reeds.com\/es\/wp-json\/wp\/v2\/types\/page"}],"author":[{"embeddable":true,"href":"https:\/\/eg-reeds.com\/es\/wp-json\/wp\/v2\/users\/1"}],"replies":[{"embeddable":true,"href":"https:\/\/eg-reeds.com\/es\/wp-json\/wp\/v2\/comments?post=1594"}],"version-history":[{"count":0,"href":"https:\/\/eg-reeds.com\/es\/wp-json\/wp\/v2\/pages\/1594\/revisions"}],"wp:attachment":[{"href":"https:\/\/eg-reeds.com\/es\/wp-json\/wp\/v2\/media?parent=1594"}],"curies":[{"name":"wp","href":"https:\/\/api.w.org\/{rel}","templated":true}]}}