{"id":1688,"date":"2015-03-10T12:04:56","date_gmt":"2015-03-10T12:04:56","guid":{"rendered":"http:\/\/localhost:8888\/?page_id=1688"},"modified":"2024-02-23T11:36:01","modified_gmt":"2024-02-23T10:36:01","slug":"politica-de-privacidad","status":"publish","type":"page","link":"https:\/\/eg-reeds.com\/es\/politica-de-privacidad\/","title":{"rendered":"Pol\u00edtica de privacidad y cookies"},"content":{"rendered":"<h1>Pol\u00edtica de Privacidad<\/h1>\n<p>Cuando decimos \u00abnosotros\u00bb, \u00abnos\u00bb, \u00abnuestro\u00bb y \u00abEG-REEDS\u00bb, nos referimos a EG-REEDS, C.B. con n\u00famero de identificaci\u00f3n fiscal ESE24707143, ubicado en C\/ Salinas 12, Ponferrada, Le\u00f3n, Espa\u00f1a. Y nuestro sitio web es <a href=\"http:\/\/eg-reeds.com\/\" target=\"_new\" rel=\"noopener\">www.eg-reeds.com<\/a>.<\/p>\n<p>Esta Pol\u00edtica de Privacidad es efectiva con respecto a cualquier dato que hayamos recopilado, o recopilemos, sobre y\/o de usted, de acuerdo con nuestros T\u00e9rminos y Condiciones.<\/p>\n<p>En general, la prestaci\u00f3n de servicios web en EG-REEDS no requiere suscripci\u00f3n o registro de usuarios.<\/p>\n<p>Toda la informaci\u00f3n personal recopilada se utilizar\u00e1 para ayudar a que su visita a nuestro sitio web sea lo m\u00e1s productiva y agradable posible y\/o completar el proceso de compra o contacto. Asegurar la confidencialidad de los datos personales de los usuarios de nuestro sitio web es importante para EG-REEDS. La informaci\u00f3n personal recopilada puede incluir su nombre, direcci\u00f3n de correo electr\u00f3nico, n\u00famero de tel\u00e9fono y\/o m\u00f3vil, direcci\u00f3n y\/o otros datos. Toda la informaci\u00f3n personal de miembros, suscriptores, clientes o visitantes que utilicen EG-REEDS ser\u00e1 tratada de acuerdo con el Reglamento (UE) 2016\/679 del Parlamento Europeo y del Consejo de 27 de abril de 2016 (GDPR) y la Ley Org\u00e1nica 3\/2018, de 5 de diciembre, de Protecci\u00f3n de Datos Personales y Garant\u00eda de los Derechos Digitales (LOPD).<\/p>\n<p>El usuario tiene derecho de acceso, rectificaci\u00f3n, cancelaci\u00f3n, oposici\u00f3n y derecho al olvido, y puede ejercer estos derechos con las excepciones y l\u00edmites de la ley aplicable. Puede ejercer este derecho a trav\u00e9s del sitio web o enviando un correo electr\u00f3nico a <a target=\"_new\" rel=\"noopener\">info@eg-reeds.com<\/a>.<\/p>\n<p>El uso del sitio web de EG-REEDS constituye la aceptaci\u00f3n de esta Pol\u00edtica de Privacidad. El equipo de EG-REEDS se reserva el derecho de modificar este acuerdo sin previo aviso. Por lo tanto, le recomendamos que consulte nuestra pol\u00edtica de privacidad peri\u00f3dicamente para estar siempre actualizado.<\/p>\n<h1>\u00a0<\/h1>\n<h1>Cookies<\/h1>\n<p>EG-REEDS, al igual que la mayor\u00eda de las p\u00e1ginas web, utiliza cookies.<\/p>\n<p>\u00bfQu\u00e9 son las cookies? Una cookie es un peque\u00f1o fragmento de informaci\u00f3n enviado por un sitio web y almacenado en el navegador del usuario para que el sitio web pueda consultar la actividad previa del usuario. El uso de cookies no proporciona datos personales de los usuarios, que permanecen an\u00f3nimos.<\/p>\n<p><strong>\u00bfQu\u00e9 tipos de cookies utiliza EG-REEDS?<\/strong><\/p>\n<p>Cookies Anal\u00edticas: Se utilizan para recopilar estad\u00edsticas sobre la actividad del usuario al visitar el sitio web y para rastrear la actividad general. La informaci\u00f3n recopilada se anonimiza y se utiliza para optimizar la experiencia de navegaci\u00f3n en nuestro sitio web y garantizar un mejor servicio al cliente. Los usuarios pueden optar por excluir su actividad a trav\u00e9s de sistemas de exclusi\u00f3n proporcionados por las herramientas anal\u00edticas. Ejemplos de cookies anal\u00edticas que utilizamos incluyen Google Analytics o Clarity.<\/p>\n<p>Cookies T\u00e9cnicas: Se utilizan con fines internos para garantizar el funcionamiento del sitio web.<\/p>\n<p>Cookies de Sesi\u00f3n: Estas est\u00e1n dise\u00f1adas para recopilar y almacenar datos mientras el usuario accede a un sitio web.<\/p>\n<p>Cookies Persistentes: Se almacenan en el dispositivo del usuario y pueden accederse y procesarse durante un per\u00edodo definido.<\/p>\n<p>Cookies Propias: Se env\u00edan al dispositivo del usuario desde un ordenador o dominio gestionado por EG-REEDS, proporcionando el servicio solicitado.<\/p>\n<p>Cookies de Terceros: Se env\u00edan al dispositivo del usuario desde un ordenador o dominio que no est\u00e1 gestionado por nosotros, sino por otra entidad que recopila datos a trav\u00e9s de cookies, como en el caso de Google Analytics, Akismet o Mailchimp.<\/p>\n<p><strong>\u00bfC\u00f3mo desactivar las cookies en su navegador?<\/strong><\/p>\n<p>Las cookies se pueden eliminar, aceptar o bloquear seg\u00fan se desee, pero para hacerlo, debe configurar correctamente su navegador web. Siga las instrucciones proporcionadas por su navegador para gestionar las cookies. Proporcionamos enlaces a las instrucciones para los navegadores m\u00e1s populares:<\/p>\n<ul>\n<li>Chrome: <a href=\"https:\/\/support.google.com\/chrome\/answer\/95647?hl=en\" target=\"_new\" rel=\"noopener\">https:\/\/support.google.com\/chrome\/answer\/95647?hl=en<\/a><\/li>\n<li>Firefox: <a href=\"https:\/\/support.mozilla.org\/en-US\/kb\/enable-and-disable-cookies-website-preferences\" target=\"_new\" rel=\"noopener\">https:\/\/support.mozilla.org\/en-US\/kb\/enable-and-disable-cookies-website-preferences<\/a><\/li>\n<li>Safari: <a href=\"https:\/\/support.apple.com\/en-us\/HT201265\" target=\"_new\" rel=\"noopener\">https:\/\/support.apple.com\/en-us\/HT201265<\/a><\/li>\n<li>Internet Explorer: <a href=\"http:\/\/windows.microsoft.com\/en-US\/internet-explorer\/delete-manage-cookies#ie=ie-11\" target=\"_new\" rel=\"noopener\">http:\/\/windows.microsoft.com\/en-US\/internet-explorer\/delete-manage-cookies#ie=ie-11<\/a><\/li>\n<\/ul>\n<h1>Enlaces a sitios web de terceros<\/h1>\n<p>EG-REEDS enlaza con otros sitios, que, en nuestra opini\u00f3n, pueden contener informaci\u00f3n\/herramientas \u00fatiles para nuestros visitantes. Nuestra pol\u00edtica de privacidad no se aplica a los sitios de terceros, por lo que si visita otros sitios web diferentes, debe leer su pol\u00edtica de privacidad.<\/p>\n<p>No somos responsables de las pr\u00e1cticas de privacidad o el contenido que se encuentre en dichos sitios.<\/p>\n","protected":false},"excerpt":{"rendered":"<p>Pol\u00edtica de Privacidad Cuando decimos \u00abnosotros\u00bb, \u00abnos\u00bb, \u00abnuestro\u00bb y \u00abEG-REEDS\u00bb, nos referimos a EG-REEDS, C.B. con n\u00famero de identificaci\u00f3n fiscal ESE24707143, ubicado en C\/ Salinas 12, Ponferrada, Le\u00f3n, Espa\u00f1a. Y nuestro sitio web es www.eg-reeds.com. Esta Pol\u00edtica de Privacidad es efectiva con respecto a cualquier dato que hayamos recopilado, o recopilemos, sobre y\/o de usted, [&#8230;]\n","protected":false},"author":1,"featured_media":0,"parent":0,"menu_order":0,"comment_status":"closed","ping_status":"open","template":"","meta":{"footnotes":""},"class_list":["post-1688","page","type-page","status-publish","hentry"],"yoast_head":"<!-- This site is optimized with the Yoast SEO Premium plugin v27.0 (Yoast SEO v27.4) - https:\/\/yoast.com\/product\/yoast-seo-premium-wordpress\/ -->\n<title>Pol\u00edtica de privacidad y cookies<\/title>\n<meta name=\"description\" content=\"Pol\u00edtica de privacidad y cookies EG-REEDS.\" \/>\n<meta name=\"robots\" content=\"index, follow, max-snippet:-1, max-image-preview:large, max-video-preview:-1\" \/>\n<link rel=\"canonical\" href=\"https:\/\/eg-reeds.com\/es\/politica-de-privacidad\/\" \/>\n<meta property=\"og:locale\" content=\"es_ES\" \/>\n<meta property=\"og:type\" content=\"article\" \/>\n<meta property=\"og:title\" content=\"Pol\u00edtica de privacidad y cookies\" \/>\n<meta property=\"og:description\" content=\"Pol\u00edtica de privacidad y cookies EG-REEDS.\" \/>\n<meta property=\"og:url\" content=\"https:\/\/eg-reeds.com\/es\/politica-de-privacidad\/\" \/>\n<meta property=\"og:site_name\" content=\"www.eg-reeds.com\" \/>\n<meta property=\"article:publisher\" content=\"https:\/\/www.facebook.com\/EGREEDS\" \/>\n<meta property=\"article:modified_time\" content=\"2024-02-23T10:36:01+00:00\" \/>\n<meta property=\"og:image\" content=\"https:\/\/eg-reeds.com\/wp-content\/uploads\/2018\/11\/EG-REEDS-Oboe-reeds-shop-scaled.jpg\" \/>\n\t<meta property=\"og:image:width\" content=\"2560\" \/>\n\t<meta property=\"og:image:height\" content=\"1010\" \/>\n\t<meta property=\"og:image:type\" content=\"image\/jpeg\" \/>\n<meta name=\"twitter:card\" content=\"summary_large_image\" \/>\n<meta name=\"twitter:site\" content=\"@egreeds\" \/>\n<meta name=\"twitter:label1\" content=\"Tiempo de lectura\" \/>\n\t<meta name=\"twitter:data1\" content=\"4 minutos\" \/>\n<script type=\"application\/ld+json\" class=\"yoast-schema-graph\">{\"@context\":\"https:\\\/\\\/schema.org\",\"@graph\":[{\"@type\":\"WebPage\",\"@id\":\"https:\\\/\\\/eg-reeds.com\\\/es\\\/politica-de-privacidad\\\/\",\"url\":\"https:\\\/\\\/eg-reeds.com\\\/es\\\/politica-de-privacidad\\\/\",\"name\":\"Pol\u00edtica de privacidad y cookies\",\"isPartOf\":{\"@id\":\"https:\\\/\\\/eg-reeds.com\\\/es\\\/#website\"},\"datePublished\":\"2015-03-10T12:04:56+00:00\",\"dateModified\":\"2024-02-23T10:36:01+00:00\",\"description\":\"Pol\u00edtica de privacidad y cookies EG-REEDS.\",\"breadcrumb\":{\"@id\":\"https:\\\/\\\/eg-reeds.com\\\/es\\\/politica-de-privacidad\\\/#breadcrumb\"},\"inLanguage\":\"es\",\"potentialAction\":[{\"@type\":\"ReadAction\",\"target\":[\"https:\\\/\\\/eg-reeds.com\\\/es\\\/politica-de-privacidad\\\/\"]}]},{\"@type\":\"BreadcrumbList\",\"@id\":\"https:\\\/\\\/eg-reeds.com\\\/es\\\/politica-de-privacidad\\\/#breadcrumb\",\"itemListElement\":[{\"@type\":\"ListItem\",\"position\":1,\"name\":\"Inicio\",\"item\":\"https:\\\/\\\/eg-reeds.com\\\/es\\\/\"},{\"@type\":\"ListItem\",\"position\":2,\"name\":\"Pol\u00edtica de privacidad y cookies\"}]},{\"@type\":\"WebSite\",\"@id\":\"https:\\\/\\\/eg-reeds.com\\\/es\\\/#website\",\"url\":\"https:\\\/\\\/eg-reeds.com\\\/es\\\/\",\"name\":\"www.eg-reeds.com\",\"description\":\"Ca\u00f1as oboe\",\"publisher\":{\"@id\":\"https:\\\/\\\/eg-reeds.com\\\/es\\\/#organization\"},\"alternateName\":\"eg-reeds.com\",\"potentialAction\":[{\"@type\":\"SearchAction\",\"target\":{\"@type\":\"EntryPoint\",\"urlTemplate\":\"https:\\\/\\\/eg-reeds.com\\\/es\\\/?s={search_term_string}\"},\"query-input\":{\"@type\":\"PropertyValueSpecification\",\"valueRequired\":true,\"valueName\":\"search_term_string\"}}],\"inLanguage\":\"es\"},{\"@type\":\"Organization\",\"@id\":\"https:\\\/\\\/eg-reeds.com\\\/es\\\/#organization\",\"name\":\"www.eg-reeds.com\",\"url\":\"https:\\\/\\\/eg-reeds.com\\\/es\\\/\",\"logo\":{\"@type\":\"ImageObject\",\"inLanguage\":\"es\",\"@id\":\"https:\\\/\\\/eg-reeds.com\\\/es\\\/#\\\/schema\\\/logo\\\/image\\\/\",\"url\":\"https:\\\/\\\/eg-reeds.com\\\/wp-content\\\/uploads\\\/2024\\\/06\\\/Logo-scaled-e1718793906611.jpg\",\"contentUrl\":\"https:\\\/\\\/eg-reeds.com\\\/wp-content\\\/uploads\\\/2024\\\/06\\\/Logo-scaled-e1718793906611.jpg\",\"width\":1200,\"height\":493,\"caption\":\"www.eg-reeds.com\"},\"image\":{\"@id\":\"https:\\\/\\\/eg-reeds.com\\\/es\\\/#\\\/schema\\\/logo\\\/image\\\/\"},\"sameAs\":[\"https:\\\/\\\/www.facebook.com\\\/EGREEDS\",\"https:\\\/\\\/x.com\\\/egreeds\",\"https:\\\/\\\/www.instagram.com\\\/egreeds\\\/\",\"https:\\\/\\\/www.youtube.com\\\/c\\\/EGREEDS\",\"https:\\\/\\\/www.threads.net\\\/@egreeds\",\"https:\\\/\\\/www.tiktok.com\\\/@egreeds\"]}]}<\/script>\n<!-- \/ Yoast SEO Premium plugin. -->","yoast_head_json":{"title":"Pol\u00edtica de privacidad y cookies","description":"Pol\u00edtica de privacidad y cookies EG-REEDS.","robots":{"index":"index","follow":"follow","max-snippet":"max-snippet:-1","max-image-preview":"max-image-preview:large","max-video-preview":"max-video-preview:-1"},"canonical":"https:\/\/eg-reeds.com\/es\/politica-de-privacidad\/","og_locale":"es_ES","og_type":"article","og_title":"Pol\u00edtica de privacidad y cookies","og_description":"Pol\u00edtica de privacidad y cookies EG-REEDS.","og_url":"https:\/\/eg-reeds.com\/es\/politica-de-privacidad\/","og_site_name":"www.eg-reeds.com","article_publisher":"https:\/\/www.facebook.com\/EGREEDS","article_modified_time":"2024-02-23T10:36:01+00:00","og_image":[{"width":2560,"height":1010,"url":"https:\/\/eg-reeds.com\/wp-content\/uploads\/2018\/11\/EG-REEDS-Oboe-reeds-shop-scaled.jpg","type":"image\/jpeg"}],"twitter_card":"summary_large_image","twitter_site":"@egreeds","twitter_misc":{"Tiempo de lectura":"4 minutos"},"schema":{"@context":"https:\/\/schema.org","@graph":[{"@type":"WebPage","@id":"https:\/\/eg-reeds.com\/es\/politica-de-privacidad\/","url":"https:\/\/eg-reeds.com\/es\/politica-de-privacidad\/","name":"Pol\u00edtica de privacidad y cookies","isPartOf":{"@id":"https:\/\/eg-reeds.com\/es\/#website"},"datePublished":"2015-03-10T12:04:56+00:00","dateModified":"2024-02-23T10:36:01+00:00","description":"Pol\u00edtica de privacidad y cookies EG-REEDS.","breadcrumb":{"@id":"https:\/\/eg-reeds.com\/es\/politica-de-privacidad\/#breadcrumb"},"inLanguage":"es","potentialAction":[{"@type":"ReadAction","target":["https:\/\/eg-reeds.com\/es\/politica-de-privacidad\/"]}]},{"@type":"BreadcrumbList","@id":"https:\/\/eg-reeds.com\/es\/politica-de-privacidad\/#breadcrumb","itemListElement":[{"@type":"ListItem","position":1,"name":"Inicio","item":"https:\/\/eg-reeds.com\/es\/"},{"@type":"ListItem","position":2,"name":"Pol\u00edtica de privacidad y cookies"}]},{"@type":"WebSite","@id":"https:\/\/eg-reeds.com\/es\/#website","url":"https:\/\/eg-reeds.com\/es\/","name":"www.eg-reeds.com","description":"Ca\u00f1as oboe","publisher":{"@id":"https:\/\/eg-reeds.com\/es\/#organization"},"alternateName":"eg-reeds.com","potentialAction":[{"@type":"SearchAction","target":{"@type":"EntryPoint","urlTemplate":"https:\/\/eg-reeds.com\/es\/?s={search_term_string}"},"query-input":{"@type":"PropertyValueSpecification","valueRequired":true,"valueName":"search_term_string"}}],"inLanguage":"es"},{"@type":"Organization","@id":"https:\/\/eg-reeds.com\/es\/#organization","name":"www.eg-reeds.com","url":"https:\/\/eg-reeds.com\/es\/","logo":{"@type":"ImageObject","inLanguage":"es","@id":"https:\/\/eg-reeds.com\/es\/#\/schema\/logo\/image\/","url":"https:\/\/eg-reeds.com\/wp-content\/uploads\/2024\/06\/Logo-scaled-e1718793906611.jpg","contentUrl":"https:\/\/eg-reeds.com\/wp-content\/uploads\/2024\/06\/Logo-scaled-e1718793906611.jpg","width":1200,"height":493,"caption":"www.eg-reeds.com"},"image":{"@id":"https:\/\/eg-reeds.com\/es\/#\/schema\/logo\/image\/"},"sameAs":["https:\/\/www.facebook.com\/EGREEDS","https:\/\/x.com\/egreeds","https:\/\/www.instagram.com\/egreeds\/","https:\/\/www.youtube.com\/c\/EGREEDS","https:\/\/www.threads.net\/@egreeds","https:\/\/www.tiktok.com\/@egreeds"]}]}},"_links":{"self":[{"href":"https:\/\/eg-reeds.com\/es\/wp-json\/wp\/v2\/pages\/1688","targetHints":{"allow":["GET"]}}],"collection":[{"href":"https:\/\/eg-reeds.com\/es\/wp-json\/wp\/v2\/pages"}],"about":[{"href":"https:\/\/eg-reeds.com\/es\/wp-json\/wp\/v2\/types\/page"}],"author":[{"embeddable":true,"href":"https:\/\/eg-reeds.com\/es\/wp-json\/wp\/v2\/users\/1"}],"replies":[{"embeddable":true,"href":"https:\/\/eg-reeds.com\/es\/wp-json\/wp\/v2\/comments?post=1688"}],"version-history":[{"count":0,"href":"https:\/\/eg-reeds.com\/es\/wp-json\/wp\/v2\/pages\/1688\/revisions"}],"wp:attachment":[{"href":"https:\/\/eg-reeds.com\/es\/wp-json\/wp\/v2\/media?parent=1688"}],"curies":[{"name":"wp","href":"https:\/\/api.w.org\/{rel}","templated":true}]}}