{"id":1689,"date":"2015-02-03T13:05:59","date_gmt":"2015-02-03T13:05:59","guid":{"rendered":"http:\/\/localhost:8888\/?page_id=1689"},"modified":"2026-03-25T08:31:45","modified_gmt":"2026-03-25T07:31:45","slug":"terminos-y-condiciones","status":"publish","type":"page","link":"https:\/\/eg-reeds.com\/es\/terminos-y-condiciones\/","title":{"rendered":"T\u00e9rminos y condiciones"},"content":{"rendered":"<h1 style=\"text-align: justify;\"><strong>T\u00e9rminos y condiciones.<\/strong><\/h1>\n<p style=\"text-align: justify;\">\u00daltima actualizaci\u00f3n: Enero 2026.<\/p>\n<p style=\"text-align: justify;\">Por favor, lea estos T\u00e9rminos y Condiciones cuidadosamente antes de utilizar el sitio www.eg-reeds.com (el \u00abservicio\u00bb) operado por EG-REEDS (\u00abnosotros\u00bb, \u00abnosotros\u00bb o \u00abnuestro\u00bb).<\/p>\n<p style=\"text-align: justify;\">Su acceso y uso del Servicio est\u00e1 condicionado a la aceptaci\u00f3n y cumplimiento de las presentes condiciones. Estas condiciones se aplican a todos los visitantes, usuarios y otras personas que accedan o utilicen el servicio, incluso a los usuarios que hagan pedidos por tel\u00e9fono o email u otras v\u00edas que no sean directamente la web.<\/p>\n<p>Al acceder o utilizar el Servicio, usted acepta que quedar\u00e1 vinculado por estas condiciones. Si no est\u00e1 de acuerdo con alguna parte de los t\u00e9rminos, entonces no puede acceder al servicio.<\/p>\n\t<div id=\"gap-680366844\" class=\"gap-element clearfix\" style=\"display:block; height:auto;\">\n\t\t\n<style>\n#gap-680366844 {\n  padding-top: 30px;\n}\n<\/style>\n\t<\/div>\n\t\n<p><strong>Pol\u00edtica de privacidad y cookies<\/strong><\/p>\n<p>Puede consultar nuestra pol\u00edtica de privacidad y cookies <strong><a href=\"https:\/\/eg-reeds.com\/es\/politica-de-privacidad\/\" target=\"_blank\" rel=\"noopener noreferrer\">aqu\u00ed<\/a>.<\/strong><\/p>\n\t<div id=\"gap-1252366793\" class=\"gap-element clearfix\" style=\"display:block; height:auto;\">\n\t\t\n<style>\n#gap-1252366793 {\n  padding-top: 30px;\n}\n<\/style>\n\t<\/div>\n\t\n\t<div id=\"gap-2047985575\" class=\"gap-element clearfix\" style=\"display:block; height:auto;\">\n\t\t\n<style>\n#gap-2047985575 {\n  padding-top: 30px;\n}\n<\/style>\n\t<\/div>\n\t\n<h2 style=\"text-align: justify;\"><strong>T\u00e9rminos tienda online<\/strong><strong> | www.eg-reeds.com<\/strong><\/h2>\n<p style=\"text-align: justify;\">Al aceptar estos T\u00e9rminos de Servicio, usted declara que tiene al menos la mayor\u00eda de edad en su pa\u00eds de residencia, o que alguien mayor de edad en su pa\u00eds de residencia haya dado su consentimiento para permitir que un menor dependiente a su cargo pueda utilizar este sitio.<\/p>\n<p style=\"text-align: justify;\">Usted no puede usar nuestros productos para ning\u00fan prop\u00f3sito ilegal o no autorizado ni puede, en el uso del servicio, violar cualquier ley en su jurisdicci\u00f3n (incluyendo pero no limitado a las leyes de derechos de autor). Usted no debe transmitir ning\u00fan virus o cualquier c\u00f3digo de naturaleza destructiva. Un incumplimiento o violaci\u00f3n de cualquiera de los t\u00e9rminos dar\u00e1 lugar a un cese inmediato de sus servicios.<\/p>\n<p>&nbsp;<\/p>\n<p style=\"text-align: justify;\"><strong>Procedimiento y forma de pago<\/strong><\/p>\n<p style=\"text-align: justify;\">Para realizar un pedido, deber\u00e1 seguir el procedimiento de compra online. Una vez finalizado el pedido, recibir\u00e1 un e-mail autom\u00e1tico con su pedido. El pedido no ser\u00e1 confirmado hasta que no recibamos correctamente el pago y enviemos un e-mail de procesando pedido. Cuando el pedido sea enviado le enviaremos otro email con el n\u00famero de seguimiento y la factura.<\/p>\n<p style=\"text-align: justify;\">Todos los pedidos est\u00e1n sujetos a la disponibilidad de los productos. Si no quedan art\u00edculos en stock, le reembolsaremos el dinero.<\/p>\n<p style=\"text-align: justify;\">Los <strong>precios<\/strong> de la p\u00e1gina web incluyen IVA. Al introducir el pa\u00eds en la p\u00e1gina de Carrito o Finalizar pedido se ajustar\u00e1 el tipo de IVA al pa\u00eds de env\u00edo, adem\u00e1s se podr\u00e1 ver los gastos de env\u00edo y\/o tasas adicionales.<\/p>\n<p>Los <strong>precios<\/strong> publicados en la web ser\u00e1n actualizados cada a\u00f1o durante la primera semana de enero, de acuerdo con la variaci\u00f3n del \u00cdndice de Precios al Consumo (IPC) de Espa\u00f1a.<\/p>\n<p style=\"text-align: justify;\">Las tarifas de env\u00edo y el tiempo de fabricaci\u00f3n y env\u00edo se puede encontrar <a href=\"https:\/\/eg-reeds.com\/es\/gastos-de-envio-y-plazos\/\" target=\"_blank\" rel=\"noopener noreferrer\">aqu\u00ed<\/a>.<\/p>\n<p>Los plazos de env\u00edo dependen de la empresa de transporte Correos, DHL, UPS&#8230; y son aproximados, por lo que pueden producirse retrasos. No podemos garantizar ning\u00fan plazo de entrega. Para pa\u00edses fuera de la Uni\u00f3n Europea, los tiempos de entrega pueden ser mayores debido a los tr\u00e1mites aduaneros. Cualquier impuesto, arancel o cargo adicional es responsabilidad del destinatario. Por favor, consulta con tu oficina de aduanas local para m\u00e1s informaci\u00f3n.<\/p>\n<p>Las fotos de los productos son art\u00edsticas. Solo se incluye el producto descrito en el t\u00edtulo, no otros accesorios mostrados en las fotos. Los art\u00edculos siempre se venden en una unidad a menos que la descripci\u00f3n indique lo contrario.<\/p>\n<p style=\"text-align: justify;\">Podr\u00e1 utilizar como m\u00e9todos de pago: transferencia bancaria, tarjetas de cr\u00e9dito o d\u00e9bito como Visa, Mastercard o American Express, Bizum y Paypal. Tambi\u00e9n Alipay para China e Ideal en Pa\u00edses Bajos. Algunos m\u00e9todos de pago pueden tener una tasa extra. Por favor revisa el precio total de tu pedido en la p\u00e1gina de Finalizar Pedido.<\/p>\n<p>&nbsp;<\/p>\n<p style=\"text-align: justify;\"><strong>Exactitud en la\u00a0informaci\u00f3n\u00a0personal y de facturaci\u00f3n<\/strong><\/p>\n<p style=\"text-align: justify;\">Nos reservamos el derecho de rechazar cualquier pedido que realice con nosotros. Podemos, a nuestra discreci\u00f3n, limitar o cancelar las cantidades compradas por persona, por hogar o por pedido. Estas restricciones pueden incluir pedidos realizados por o bajo la misma cuenta de cliente, la misma tarjeta de cr\u00e9dito, y \/ o pedidos que utilizan la misma facturaci\u00f3n y \/ o direcci\u00f3n de env\u00edo. En el caso de que hagamos un cambio o cancelemos un pedido, le notificaremos poni\u00e9ndonos en contacto con el correo electr\u00f3nico y \/ o direcci\u00f3n de facturaci\u00f3n \/ n\u00famero de tel\u00e9fono proporcionado en el momento del pedido.<\/p>\n<p style=\"text-align: justify;\">Usted se compromete a proporcionar informaci\u00f3n completa y veraz de sus datos personales y de pago para todas las compras realizadas en nuestra tienda, para que podamos completar sus transacciones y ponernos en contacto con usted cuando sea necesario.<\/p>\n<p>&nbsp;<\/p>\n<p style=\"text-align: justify;\"><strong>Modificaciones del servicio y de los precios<\/strong><\/p>\n<p style=\"text-align: justify;\">Los precios de nuestros productos est\u00e1n sujetos a cambios sin previo aviso.<\/p>\n<p style=\"text-align: justify;\">Nos reservamos el derecho en cualquier momento de modificar o interrumpir el servicio (o cualquier parte o contenido de \u00e9ste) sin previo aviso.<\/p>\n<p style=\"text-align: justify;\">Si descubrimos un error en los productos pedidos, le informaremos lo m\u00e1s pronto posible. Le daremos el derecho de volver a realizar su pedido con el precio correcto o de cancelarlo. Si no nos es posible contactar con usted, pasaremos a cancelar el pedido. En el caso de cancelaci\u00f3n del pedido por este motivo, el dinero ser\u00e1 devuelto en su totalidad.<\/p>\n<p>&nbsp;<\/p>\n<p style=\"text-align: justify;\"><strong>Devoluciones<\/strong><\/p>\n<p style=\"text-align: justify;\">S\u00f3lo reemplazamos art\u00edculos si est\u00e1n defectuosos o si se han enviado productos incorrectos. Para devolver un producto, este debe estar sin usar y en su embalaje original, sin el precinto roto ni manipulado. Si necesita cambiar un art\u00edculo, es necesario primero enviar un correo electr\u00f3nico a info@eg-reeds.com . El art\u00edculo ser\u00e1 enviado de nuevo a nosotros por correo certificado y siempre despu\u00e9s de nuestra confirmaci\u00f3n por e-mail. El plazo es de 7 d\u00edas desde la entrega del pedido. Le podemos ofrecer un vale o cambiar el producto por uno nuevo. No devolvemos el dinero.<\/p>\n<p>EG-REEDS no se hace responsable de p\u00e9rdidas o da\u00f1os en el producto durante el transporte. En caso de que el paquete llegue roto o con da\u00f1os h\u00e1galo constar en el albar\u00e1n de entrega. Si el producto llega roto o da\u00f1ado, contacte con nosotros por email antes de 48 horas y env\u00edenos las fotos de la rotura, de ese modo podremos hacer la reclamaci\u00f3n a la empresa de transporte. Si el producto no ha llegado, por favor ponte en contacto con nosotros lo antes posible. El plazo m\u00e1ximo de reclamaci\u00f3n es de 7 d\u00edas despu\u00e9s de cumplido el plazo de env\u00edo.<\/p>\n<p>Los tiempos de env\u00edo dependen del servicio de Correos \/ UPS (puede haber retrasos). No podemos garantizar ning\u00fan plazo de entrega, ni se aceptan devoluciones por este motivo.<\/p>\n<p><strong>Si el env\u00edo es devuelto<\/strong> por la empresa de transporte debido a una direcci\u00f3n incorrecta, a que el destinatario no lo recoja a tiempo, al impago de tasas de aduana o por cualquier otro motivo atribuible al cliente, el cliente <strong>deber\u00e1 pagar los gastos de env\u00edo de la devoluci\u00f3n as\u00ed como los nuevos gastos de env\u00edo<\/strong> para reenviar el pedido.<\/p>\n\t<div id=\"gap-1643264300\" class=\"gap-element clearfix\" style=\"display:block; height:auto;\">\n\t\t\n<style>\n#gap-1643264300 {\n  padding-top: 30px;\n}\n<\/style>\n\t<\/div>\n\t\n<p style=\"text-align: justify;\"><strong>Cancelaciones<\/strong><\/p>\n<p style=\"text-align: justify;\">Las cancelaciones s\u00f3lo ser\u00e1n posibles antes de procesar el pedido. No devolvemos el dinero. Podemos ofrecerle un vale para EG-REEDS por el mismo importe que los productos de su pedido.<\/p>\n<p>&nbsp;<\/p>\n<p style=\"text-align: justify;\"><strong>Cuentas<\/strong><\/p>\n<p style=\"text-align: justify;\">Al crear una cuenta con nosotros, debe proporcionar informaci\u00f3n ver\u00eddica. El no hacerlo constituye una violaci\u00f3n de los t\u00e9rminos, que pueden resultar en la terminaci\u00f3n inmediata de su cuenta en nuestro servicio.<\/p>\n<p style=\"text-align: justify;\">Usted es responsable de salvaguardar la contrase\u00f1a que utiliza para acceder al servicio y tambi\u00e9n de cualquier actividad o acciones bajo su contrase\u00f1a. Usted se compromete a no revelar su contrase\u00f1a a terceros. Usted debe notificarnos inmediatamente despu\u00e9s de haber tenido conocimiento de cualquier violaci\u00f3n de seguridad o uso no autorizado de su cuenta.<\/p>\n<p style=\"text-align: justify;\">Al registrarse el usuario nos autoriza el env\u00edo, incluso a trav\u00e9s de medios electr\u00f3nicos, de comunicaciones comerciales.<\/p>\n<p>&nbsp;<\/p>\n<p style=\"text-align: justify;\"><strong>Derechos de autor<\/strong><\/p>\n<p style=\"text-align: justify;\">Todo el contenido de esta p\u00e1gina web es propiedad o est\u00e1 controlado por EG-REEDS. La copia, reproducci\u00f3n, redistribuci\u00f3n o publicaci\u00f3n de cualquier parte de este sitio web y su contenido est\u00e1 prohibida, salvo autorizaci\u00f3n expresa por escrito de EG-REEDS.<\/p>\n<p>&nbsp;<\/p>\n<p style=\"text-align: justify;\"><strong>Enlaces a otros sitios web y comentarios<\/strong><\/p>\n<p style=\"text-align: justify;\">EG-REEDS tiene enlaces a otros sitios, que, en nuestra opini\u00f3n, pueden contener informaci\u00f3n \/ herramientas \u00fatiles para nuestros visitantes. Nuestra pol\u00edtica de privacidad no se aplica a sitios de terceros, por lo que si visita otras webs diferentes,\u00a0debe leer su\u00a0pol\u00edtica de privacidad. No somos responsables de las pr\u00e1cticas de privacidad o contenido presentes en esos sitios.<\/p>\n<p style=\"text-align: justify;\">Los visitantes de nuestra web pueden publicar rese\u00f1as y comentarios. EG-REEDS no se hace responsable y no asume ninguna responsabilidad por cualquier contenido publicado por los visitantes o terceros.<\/p>\n<p>&nbsp;<\/p>\n<p style=\"text-align: justify;\"><strong>Terminaci\u00f3n<\/strong><\/p>\n<p style=\"text-align: justify;\">Podemos cancelar o suspender el acceso a nuestro servicio de forma inmediata, sin previo aviso o responsabilidad, por cualquier motivo, incluyendo, sin limitaci\u00f3n, si usted no cumple con las condiciones.<\/p>\n<p style=\"text-align: justify;\">Todas las disposiciones de los t\u00e9rminos que por su naturaleza deber\u00edan sobrevivir terminaci\u00f3n, sobrevivir\u00e1n la terminaci\u00f3n, incluyendo, sin limitaci\u00f3n, las disposiciones de propiedad, renuncias de garant\u00eda, indemnizaci\u00f3n y limitaciones de responsabilidad.<\/p>\n<p style=\"text-align: justify;\">Podemos cancelar o suspender su cuenta inmediatamente, sin previo aviso o responsabilidad, por cualquier motivo, incluyendo, sin limitaci\u00f3n, si usted no cumple con las condiciones.<\/p>\n<p style=\"text-align: justify;\">A la terminaci\u00f3n, su derecho a utilizar el servicio cesar\u00e1 inmediatamente. Si desea cancelar su cuenta, usted puede simplemente dejar de utilizar el servicio.<\/p>\n<p>&nbsp;<\/p>\n<p style=\"text-align: justify;\"><strong>Legislaci\u00f3n vigente<\/strong><\/p>\n<p style=\"text-align: justify;\">Estos t\u00e9rminos se regir\u00e1n e interpretar\u00e1n de acuerdo con las leyes vigentes de Espa\u00f1a, sin consideraci\u00f3n a su conflicto de disposiciones legales.<\/p>\n<p style=\"text-align: justify;\">Nuestra incapacidad para hacer cumplir cualquier derecho o disposici\u00f3n de estas condiciones no se considerar\u00e1 una renuncia a esos derechos. Si alguna disposici\u00f3n de estos t\u00e9rminos es considerada inv\u00e1lida o inaplicable por un tribunal, las restantes disposiciones de estas condiciones permanecer\u00e1n vigentes. Estos T\u00e9rminos y Condiciones constituyen el acuerdo completo entre nosotros en relaci\u00f3n con nuestro servicio, y sustituyen y reemplazan cualquier acuerdo anterior que tengamos entre nosotros en relaci\u00f3n con el servicio.<\/p>\n<p>&nbsp;<\/p>\n<p style=\"text-align: justify;\"><strong>Cambios en las condiciones<\/strong><\/p>\n<p style=\"text-align: justify;\">Nos reservamos el derecho, a nuestra discreci\u00f3n, de modificar o sustituir estas condiciones en cualquier momento. Para los revisiones de estos t\u00e9rminos trataremos de proporcionar por lo menos 30 d\u00edas de antelaci\u00f3n antes de que los nuevos t\u00e9rminos surtan efecto. Lo que constituya un cambio material ser\u00e1 determinado a nuestra discreci\u00f3n.<\/p>\n<p style=\"text-align: justify;\">Al continuar accediendo o utilizando nuestro servicio despu\u00e9s de las revisiones de los t\u00e9rminos y condiciones, usted acepta que quedar\u00e1 vinculado por los nuevos t\u00e9rminos y condiciones revisadas. Si no acepta los nuevos t\u00e9rminos, por favor, deje de usar el servicio.<\/p>\n<p style=\"text-align: justify;\">Para cualquier problema en la traducci\u00f3n de los t\u00e9rminos y condiciones, la \u00fanica versi\u00f3n v\u00e1lida ser\u00e1 la espa\u00f1ola.<\/p>\n<p>&nbsp;<\/p>\n<p style=\"text-align: justify;\"><strong>Cont\u00e1ctanos<\/strong><\/p>\n<p style=\"text-align: justify;\">Si tienes alguna pregunta acerca de estos t\u00e9rminos y condiciones, por favor ponte en contacto con nosotros.<\/p>\n","protected":false},"excerpt":{"rendered":"<p>T\u00e9rminos y condiciones. \u00daltima actualizaci\u00f3n: Enero 2026. Por favor, lea estos T\u00e9rminos y Condiciones cuidadosamente antes de utilizar el sitio www.eg-reeds.com (el \u00abservicio\u00bb) operado por EG-REEDS (\u00abnosotros\u00bb, \u00abnosotros\u00bb o \u00abnuestro\u00bb). Su acceso y uso del Servicio est\u00e1 condicionado a la aceptaci\u00f3n y cumplimiento de las presentes condiciones. Estas condiciones se aplican a todos los visitantes, [&#8230;]\n","protected":false},"author":1,"featured_media":0,"parent":0,"menu_order":0,"comment_status":"closed","ping_status":"closed","template":"","meta":{"footnotes":""},"class_list":["post-1689","page","type-page","status-publish","hentry"],"yoast_head":"<!-- This site is optimized with the Yoast SEO Premium plugin v27.0 (Yoast SEO v27.4) - https:\/\/yoast.com\/product\/yoast-seo-premium-wordpress\/ -->\n<title>T\u00e9rminos y condiciones - www.eg-reeds.com<\/title>\n<meta name=\"description\" content=\"T\u00e9rminos y condiciones - EG-REEDS\" \/>\n<meta name=\"robots\" content=\"index, follow, max-snippet:-1, max-image-preview:large, max-video-preview:-1\" \/>\n<link rel=\"canonical\" href=\"https:\/\/eg-reeds.com\/es\/terminos-y-condiciones\/\" \/>\n<meta property=\"og:locale\" content=\"es_ES\" \/>\n<meta property=\"og:type\" content=\"article\" \/>\n<meta property=\"og:title\" content=\"T\u00e9rminos y condiciones\" \/>\n<meta property=\"og:description\" content=\"T\u00e9rminos y condiciones - EG-REEDS\" \/>\n<meta property=\"og:url\" content=\"https:\/\/eg-reeds.com\/es\/terminos-y-condiciones\/\" \/>\n<meta property=\"og:site_name\" content=\"www.eg-reeds.com\" \/>\n<meta property=\"article:publisher\" content=\"https:\/\/www.facebook.com\/EGREEDS\" \/>\n<meta property=\"article:modified_time\" content=\"2026-03-25T07:31:45+00:00\" \/>\n<meta property=\"og:image\" content=\"https:\/\/eg-reeds.com\/wp-content\/uploads\/2018\/11\/EG-REEDS-Oboe-reeds-shop-scaled.jpg\" \/>\n\t<meta property=\"og:image:width\" content=\"2560\" \/>\n\t<meta property=\"og:image:height\" content=\"1010\" \/>\n\t<meta property=\"og:image:type\" content=\"image\/jpeg\" \/>\n<meta name=\"twitter:card\" content=\"summary_large_image\" \/>\n<meta name=\"twitter:site\" content=\"@egreeds\" \/>\n<meta name=\"twitter:label1\" content=\"Tiempo de lectura\" \/>\n\t<meta name=\"twitter:data1\" content=\"8 minutos\" \/>\n<script type=\"application\/ld+json\" class=\"yoast-schema-graph\">{\"@context\":\"https:\\\/\\\/schema.org\",\"@graph\":[{\"@type\":\"WebPage\",\"@id\":\"https:\\\/\\\/eg-reeds.com\\\/es\\\/terminos-y-condiciones\\\/\",\"url\":\"https:\\\/\\\/eg-reeds.com\\\/es\\\/terminos-y-condiciones\\\/\",\"name\":\"T\u00e9rminos y condiciones - www.eg-reeds.com\",\"isPartOf\":{\"@id\":\"https:\\\/\\\/eg-reeds.com\\\/es\\\/#website\"},\"datePublished\":\"2015-02-03T13:05:59+00:00\",\"dateModified\":\"2026-03-25T07:31:45+00:00\",\"description\":\"T\u00e9rminos y condiciones - EG-REEDS\",\"breadcrumb\":{\"@id\":\"https:\\\/\\\/eg-reeds.com\\\/es\\\/terminos-y-condiciones\\\/#breadcrumb\"},\"inLanguage\":\"es\",\"potentialAction\":[{\"@type\":\"ReadAction\",\"target\":[\"https:\\\/\\\/eg-reeds.com\\\/es\\\/terminos-y-condiciones\\\/\"]}]},{\"@type\":\"BreadcrumbList\",\"@id\":\"https:\\\/\\\/eg-reeds.com\\\/es\\\/terminos-y-condiciones\\\/#breadcrumb\",\"itemListElement\":[{\"@type\":\"ListItem\",\"position\":1,\"name\":\"Inicio\",\"item\":\"https:\\\/\\\/eg-reeds.com\\\/es\\\/\"},{\"@type\":\"ListItem\",\"position\":2,\"name\":\"T\u00e9rminos y condiciones\"}]},{\"@type\":\"WebSite\",\"@id\":\"https:\\\/\\\/eg-reeds.com\\\/es\\\/#website\",\"url\":\"https:\\\/\\\/eg-reeds.com\\\/es\\\/\",\"name\":\"www.eg-reeds.com\",\"description\":\"Ca\u00f1as oboe\",\"publisher\":{\"@id\":\"https:\\\/\\\/eg-reeds.com\\\/es\\\/#organization\"},\"alternateName\":\"eg-reeds.com\",\"potentialAction\":[{\"@type\":\"SearchAction\",\"target\":{\"@type\":\"EntryPoint\",\"urlTemplate\":\"https:\\\/\\\/eg-reeds.com\\\/es\\\/?s={search_term_string}\"},\"query-input\":{\"@type\":\"PropertyValueSpecification\",\"valueRequired\":true,\"valueName\":\"search_term_string\"}}],\"inLanguage\":\"es\"},{\"@type\":\"Organization\",\"@id\":\"https:\\\/\\\/eg-reeds.com\\\/es\\\/#organization\",\"name\":\"www.eg-reeds.com\",\"url\":\"https:\\\/\\\/eg-reeds.com\\\/es\\\/\",\"logo\":{\"@type\":\"ImageObject\",\"inLanguage\":\"es\",\"@id\":\"https:\\\/\\\/eg-reeds.com\\\/es\\\/#\\\/schema\\\/logo\\\/image\\\/\",\"url\":\"https:\\\/\\\/eg-reeds.com\\\/wp-content\\\/uploads\\\/2024\\\/06\\\/Logo-scaled-e1718793906611.jpg\",\"contentUrl\":\"https:\\\/\\\/eg-reeds.com\\\/wp-content\\\/uploads\\\/2024\\\/06\\\/Logo-scaled-e1718793906611.jpg\",\"width\":1200,\"height\":493,\"caption\":\"www.eg-reeds.com\"},\"image\":{\"@id\":\"https:\\\/\\\/eg-reeds.com\\\/es\\\/#\\\/schema\\\/logo\\\/image\\\/\"},\"sameAs\":[\"https:\\\/\\\/www.facebook.com\\\/EGREEDS\",\"https:\\\/\\\/x.com\\\/egreeds\",\"https:\\\/\\\/www.instagram.com\\\/egreeds\\\/\",\"https:\\\/\\\/www.youtube.com\\\/c\\\/EGREEDS\",\"https:\\\/\\\/www.threads.net\\\/@egreeds\",\"https:\\\/\\\/www.tiktok.com\\\/@egreeds\"]}]}<\/script>\n<!-- \/ Yoast SEO Premium plugin. -->","yoast_head_json":{"title":"T\u00e9rminos y condiciones - www.eg-reeds.com","description":"T\u00e9rminos y condiciones - EG-REEDS","robots":{"index":"index","follow":"follow","max-snippet":"max-snippet:-1","max-image-preview":"max-image-preview:large","max-video-preview":"max-video-preview:-1"},"canonical":"https:\/\/eg-reeds.com\/es\/terminos-y-condiciones\/","og_locale":"es_ES","og_type":"article","og_title":"T\u00e9rminos y condiciones","og_description":"T\u00e9rminos y condiciones - EG-REEDS","og_url":"https:\/\/eg-reeds.com\/es\/terminos-y-condiciones\/","og_site_name":"www.eg-reeds.com","article_publisher":"https:\/\/www.facebook.com\/EGREEDS","article_modified_time":"2026-03-25T07:31:45+00:00","og_image":[{"width":2560,"height":1010,"url":"https:\/\/eg-reeds.com\/wp-content\/uploads\/2018\/11\/EG-REEDS-Oboe-reeds-shop-scaled.jpg","type":"image\/jpeg"}],"twitter_card":"summary_large_image","twitter_site":"@egreeds","twitter_misc":{"Tiempo de lectura":"8 minutos"},"schema":{"@context":"https:\/\/schema.org","@graph":[{"@type":"WebPage","@id":"https:\/\/eg-reeds.com\/es\/terminos-y-condiciones\/","url":"https:\/\/eg-reeds.com\/es\/terminos-y-condiciones\/","name":"T\u00e9rminos y condiciones - www.eg-reeds.com","isPartOf":{"@id":"https:\/\/eg-reeds.com\/es\/#website"},"datePublished":"2015-02-03T13:05:59+00:00","dateModified":"2026-03-25T07:31:45+00:00","description":"T\u00e9rminos y condiciones - EG-REEDS","breadcrumb":{"@id":"https:\/\/eg-reeds.com\/es\/terminos-y-condiciones\/#breadcrumb"},"inLanguage":"es","potentialAction":[{"@type":"ReadAction","target":["https:\/\/eg-reeds.com\/es\/terminos-y-condiciones\/"]}]},{"@type":"BreadcrumbList","@id":"https:\/\/eg-reeds.com\/es\/terminos-y-condiciones\/#breadcrumb","itemListElement":[{"@type":"ListItem","position":1,"name":"Inicio","item":"https:\/\/eg-reeds.com\/es\/"},{"@type":"ListItem","position":2,"name":"T\u00e9rminos y condiciones"}]},{"@type":"WebSite","@id":"https:\/\/eg-reeds.com\/es\/#website","url":"https:\/\/eg-reeds.com\/es\/","name":"www.eg-reeds.com","description":"Ca\u00f1as oboe","publisher":{"@id":"https:\/\/eg-reeds.com\/es\/#organization"},"alternateName":"eg-reeds.com","potentialAction":[{"@type":"SearchAction","target":{"@type":"EntryPoint","urlTemplate":"https:\/\/eg-reeds.com\/es\/?s={search_term_string}"},"query-input":{"@type":"PropertyValueSpecification","valueRequired":true,"valueName":"search_term_string"}}],"inLanguage":"es"},{"@type":"Organization","@id":"https:\/\/eg-reeds.com\/es\/#organization","name":"www.eg-reeds.com","url":"https:\/\/eg-reeds.com\/es\/","logo":{"@type":"ImageObject","inLanguage":"es","@id":"https:\/\/eg-reeds.com\/es\/#\/schema\/logo\/image\/","url":"https:\/\/eg-reeds.com\/wp-content\/uploads\/2024\/06\/Logo-scaled-e1718793906611.jpg","contentUrl":"https:\/\/eg-reeds.com\/wp-content\/uploads\/2024\/06\/Logo-scaled-e1718793906611.jpg","width":1200,"height":493,"caption":"www.eg-reeds.com"},"image":{"@id":"https:\/\/eg-reeds.com\/es\/#\/schema\/logo\/image\/"},"sameAs":["https:\/\/www.facebook.com\/EGREEDS","https:\/\/x.com\/egreeds","https:\/\/www.instagram.com\/egreeds\/","https:\/\/www.youtube.com\/c\/EGREEDS","https:\/\/www.threads.net\/@egreeds","https:\/\/www.tiktok.com\/@egreeds"]}]}},"_links":{"self":[{"href":"https:\/\/eg-reeds.com\/es\/wp-json\/wp\/v2\/pages\/1689","targetHints":{"allow":["GET"]}}],"collection":[{"href":"https:\/\/eg-reeds.com\/es\/wp-json\/wp\/v2\/pages"}],"about":[{"href":"https:\/\/eg-reeds.com\/es\/wp-json\/wp\/v2\/types\/page"}],"author":[{"embeddable":true,"href":"https:\/\/eg-reeds.com\/es\/wp-json\/wp\/v2\/users\/1"}],"replies":[{"embeddable":true,"href":"https:\/\/eg-reeds.com\/es\/wp-json\/wp\/v2\/comments?post=1689"}],"version-history":[{"count":0,"href":"https:\/\/eg-reeds.com\/es\/wp-json\/wp\/v2\/pages\/1689\/revisions"}],"wp:attachment":[{"href":"https:\/\/eg-reeds.com\/es\/wp-json\/wp\/v2\/media?parent=1689"}],"curies":[{"name":"wp","href":"https:\/\/api.w.org\/{rel}","templated":true}]}}