{"id":4175,"date":"2015-05-13T12:11:56","date_gmt":"2015-05-13T11:11:56","guid":{"rendered":"http:\/\/eg-reeds.com\/?page_id=4175"},"modified":"2026-04-10T10:48:18","modified_gmt":"2026-04-10T08:48:18","slug":"gastos-de-envio-y-plazos","status":"publish","type":"page","link":"https:\/\/eg-reeds.com\/es\/gastos-de-envio-y-plazos\/","title":{"rendered":"Gastos de env\u00edo y plazos"},"content":{"rendered":"<p style=\"text-align: left;\">\t<div id=\"gap-1594601653\" class=\"gap-element clearfix\" style=\"display:block; height:auto;\">\n\t\t\n<style>\n#gap-1594601653 {\n  padding-top: 30px;\n}\n<\/style>\n\t<\/div>\n\t\n<p style=\"text-align: center;\"><strong>Para Espa\u00f1a*<\/strong><\/p>\n<h1 style=\"text-align: center;\"><span style=\"color: #627f9a;\"><strong>Tarifa plana<\/strong><\/span><\/h1>\n<h1 style=\"text-align: center;\"><span style=\"color: #627f9a; font-size: 200%;\"><strong> 5\u20ac <\/strong><\/span><\/h1>\n<p style=\"text-align: center;\">*IVA no incluido. Excepto Canarias (tarifa 12\u20ac).<\/p>\n<p style=\"text-align: center;\">\t<div id=\"gap-1443261362\" class=\"gap-element clearfix\" style=\"display:block; height:auto;\">\n\t\t\n<style>\n#gap-1443261362 {\n  padding-top: 30px;\n}\n<\/style>\n\t<\/div>\n\t\n<p>&nbsp;<\/p>\n<p><span style=\"color: #627fa9;\"><strong class=\"h-xlarge h-large\">\u2217<\/strong> <\/span>Los pedidos no se procesar\u00e1n hasta el d\u00eda siguiente a la confirmaci\u00f3n del pago. Durante fines de semana, festivos o periodos de vacaciones, se procesar\u00e1n y comenzar\u00e1 su fabricaci\u00f3n el siguiente d\u00eda laborable.<\/p>\n<p><strong class=\"h-xlarge h-large\"><span style=\"color: #627fa9;\">\u2217 <span style=\"color: #339966;\">TIEMPOS DE FABRICACI\u00d3N:<\/span><\/span><\/strong> Ten en cuenta que algunos productos requieren varios d\u00edas de producci\u00f3n, si no est\u00e1n en stock. Las ca\u00f1as de estudiante tardan aproximadamente 2 d\u00edas laborables. Las ca\u00f1as profesionales y palas, unos 4-5 d\u00edas laborables. Las ca\u00f1as personalizadas, m\u00ednimo 2 semanas. Para pedidos grandes, por favor contacta con nosotros.<\/p>\n<p><strong class=\"h-xlarge h-large\"><span style=\"color: #627fa9;\">\u2217<\/span> <\/strong>Puedes calcular los gastos de env\u00edo introduciendo tu direcci\u00f3n en la p\u00e1gina de pago.<\/p>\n<p><strong class=\"h-xlarge h-large\"><span style=\"color: #627fa9;\">\u2217<\/span> <\/strong>Una vez enviado, los pedidos tardan aproximadamente 24\/48h en llegar (solo cuentan d\u00edas laborables). Los env\u00edos a Baleares, Canarias, Ceuta y Melilla pueden tardar m\u00e1s.<\/p>\n<p><strong class=\"h-xlarge h-large\"><span style=\"color: #627fa9;\">\u2217<\/span> <\/strong>Los plazos de env\u00edo dependen del servicio de la empresa de transporte y son aproximados, por lo que pueden producirse retrasos. No podemos garantizar ning\u00fan plazo de entrega. Pueden producirse retrasos y, cuando corresponda, gastos adicionales en los tr\u00e1mites aduaneros.<\/p>\n<p>&nbsp;<\/p>\n\t<div id=\"gap-374249238\" class=\"gap-element clearfix\" style=\"display:block; height:auto;\">\n\t\t\n<style>\n#gap-374249238 {\n  padding-top: 30px;\n}\n<\/style>\n\t<\/div>\n\t\n<p style=\"text-align: center;\"><strong>Para pa\u00edses distintos de Espa\u00f1a<\/strong><\/p>\n<p style=\"text-align: center;\"><span style=\"color: #627fa9;\"><strong>Puedes calcular los gastos de env\u00edo introduciendo tu direcci\u00f3n y pa\u00eds en la p\u00e1gina de pago.<\/strong><\/span><\/p>\n<p style=\"text-align: center;\">\t<div id=\"gap-1579759624\" class=\"gap-element clearfix\" style=\"display:block; height:auto;\">\n\t\t\n<style>\n#gap-1579759624 {\n  padding-top: 30px;\n}\n<\/style>\n\t<\/div>\n\t\n<p><span style=\"color: #627fa9;\"><strong class=\"h-xlarge h-large\">\u2217<\/strong> <\/span>Los pedidos no se procesar\u00e1n hasta el d\u00eda siguiente a la confirmaci\u00f3n del pago. Durante fines de semana, festivos o periodos de vacaciones, se procesar\u00e1n y comenzar\u00e1 su fabricaci\u00f3n el siguiente d\u00eda laborable.<\/p>\n<p><strong class=\"h-xlarge h-large\"><span style=\"color: #627fa9;\">\u2217 <span style=\"color: #339966;\">TIEMPOS DE FABRICACI\u00d3N:<\/span><\/span><\/strong> Ten en cuenta que algunos productos requieren varios d\u00edas de producci\u00f3n, si no est\u00e1n en stock. Las ca\u00f1as de estudiante tardan aproximadamente 2 d\u00edas laborables. Las ca\u00f1as profesionales y palas, unos 4-5 d\u00edas laborables. Las ca\u00f1as personalizadas, m\u00ednimo 2 semanas. Para pedidos grandes, por favor contacta con nosotros.<\/p>\n<p><strong class=\"h-xlarge h-large\"><span style=\"color: #627fa9;\">\u2217 <\/span><\/strong>Puedes calcular los gastos de env\u00edo introduciendo tu direcci\u00f3n en la p\u00e1gina de pago.<\/p>\n<p><strong class=\"h-xlarge h-large\"><span style=\"color: #627fa9;\">\u2217 <\/span><\/strong>Una vez enviado, los pedidos tardan aproximadamente entre 3 y 5 d\u00edas laborables en llegar a pa\u00edses europeos cercanos. Y entre 5 y 10 d\u00edas laborables a pa\u00edses europeos m\u00e1s alejados de Espa\u00f1a o fuera de Europa.<\/p>\n<p><strong class=\"h-xlarge h-large\"><span style=\"color: #627fa9;\">\u2217<\/span> <\/strong>Los plazos de env\u00edo dependen de la empresa de transporte y son aproximados, por lo que pueden producirse retrasos. No podemos garantizar ning\u00fan plazo de entrega. Para pa\u00edses fuera de la Uni\u00f3n Europea, los tiempos de entrega pueden ser mayores debido a los tr\u00e1mites aduaneros. Cualquier impuesto, arancel o cargo adicional es responsabilidad del destinatario. Por favor, consulta con tu oficina de aduanas local para m\u00e1s informaci\u00f3n.<\/p>\n<p>&nbsp;<\/p>\n","protected":false},"excerpt":{"rendered":"<p>Para Espa\u00f1a* Tarifa plana 5\u20ac *IVA no incluido. Excepto Canarias (tarifa 12\u20ac). &nbsp; \u2217 Los pedidos no se procesar\u00e1n hasta el d\u00eda siguiente a la confirmaci\u00f3n del pago. Durante fines de semana, festivos o periodos de vacaciones, se procesar\u00e1n y comenzar\u00e1 su fabricaci\u00f3n el siguiente d\u00eda laborable. \u2217 TIEMPOS DE FABRICACI\u00d3N: Ten en cuenta que [&#8230;]\n","protected":false},"author":1,"featured_media":0,"parent":0,"menu_order":0,"comment_status":"closed","ping_status":"open","template":"","meta":{"footnotes":""},"class_list":["post-4175","page","type-page","status-publish","hentry"],"yoast_head":"<!-- This site is optimized with the Yoast SEO Premium plugin v27.0 (Yoast SEO v27.4) - https:\/\/yoast.com\/product\/yoast-seo-premium-wordpress\/ -->\n<title>Gastos de env\u00edo y plazos - www.eg-reeds.com<\/title>\n<meta name=\"description\" content=\"Gastos de env\u00edo y plazos\" \/>\n<meta name=\"robots\" content=\"index, follow, max-snippet:-1, max-image-preview:large, max-video-preview:-1\" \/>\n<link rel=\"canonical\" href=\"https:\/\/eg-reeds.com\/es\/gastos-de-envio-y-plazos\/\" \/>\n<meta property=\"og:locale\" content=\"es_ES\" \/>\n<meta property=\"og:type\" content=\"article\" \/>\n<meta property=\"og:title\" content=\"Gastos de env\u00edo y plazos\" \/>\n<meta property=\"og:description\" content=\"Gastos de env\u00edo y plazos\" \/>\n<meta property=\"og:url\" content=\"https:\/\/eg-reeds.com\/es\/gastos-de-envio-y-plazos\/\" \/>\n<meta property=\"og:site_name\" content=\"www.eg-reeds.com\" \/>\n<meta property=\"article:publisher\" content=\"https:\/\/www.facebook.com\/EGREEDS\" \/>\n<meta property=\"article:modified_time\" content=\"2026-04-10T08:48:18+00:00\" \/>\n<meta property=\"og:image\" content=\"https:\/\/eg-reeds.com\/wp-content\/uploads\/2018\/11\/EG-REEDS-Oboe-reeds-shop-scaled.jpg\" \/>\n\t<meta property=\"og:image:width\" content=\"2560\" \/>\n\t<meta property=\"og:image:height\" content=\"1010\" \/>\n\t<meta property=\"og:image:type\" content=\"image\/jpeg\" \/>\n<meta name=\"twitter:card\" content=\"summary_large_image\" \/>\n<meta name=\"twitter:site\" content=\"@egreeds\" \/>\n<meta name=\"twitter:label1\" content=\"Tiempo de lectura\" \/>\n\t<meta name=\"twitter:data1\" content=\"2 minutos\" \/>\n<script type=\"application\/ld+json\" class=\"yoast-schema-graph\">{\"@context\":\"https:\\\/\\\/schema.org\",\"@graph\":[{\"@type\":\"WebPage\",\"@id\":\"https:\\\/\\\/eg-reeds.com\\\/es\\\/gastos-de-envio-y-plazos\\\/\",\"url\":\"https:\\\/\\\/eg-reeds.com\\\/es\\\/gastos-de-envio-y-plazos\\\/\",\"name\":\"Gastos de env\u00edo y plazos - www.eg-reeds.com\",\"isPartOf\":{\"@id\":\"https:\\\/\\\/eg-reeds.com\\\/es\\\/#website\"},\"datePublished\":\"2015-05-13T11:11:56+00:00\",\"dateModified\":\"2026-04-10T08:48:18+00:00\",\"description\":\"Gastos de env\u00edo y plazos\",\"breadcrumb\":{\"@id\":\"https:\\\/\\\/eg-reeds.com\\\/es\\\/gastos-de-envio-y-plazos\\\/#breadcrumb\"},\"inLanguage\":\"es\",\"potentialAction\":[{\"@type\":\"ReadAction\",\"target\":[\"https:\\\/\\\/eg-reeds.com\\\/es\\\/gastos-de-envio-y-plazos\\\/\"]}]},{\"@type\":\"BreadcrumbList\",\"@id\":\"https:\\\/\\\/eg-reeds.com\\\/es\\\/gastos-de-envio-y-plazos\\\/#breadcrumb\",\"itemListElement\":[{\"@type\":\"ListItem\",\"position\":1,\"name\":\"Inicio\",\"item\":\"https:\\\/\\\/eg-reeds.com\\\/es\\\/\"},{\"@type\":\"ListItem\",\"position\":2,\"name\":\"Gastos de env\u00edo y plazos\"}]},{\"@type\":\"WebSite\",\"@id\":\"https:\\\/\\\/eg-reeds.com\\\/es\\\/#website\",\"url\":\"https:\\\/\\\/eg-reeds.com\\\/es\\\/\",\"name\":\"www.eg-reeds.com\",\"description\":\"Ca\u00f1as oboe\",\"publisher\":{\"@id\":\"https:\\\/\\\/eg-reeds.com\\\/es\\\/#organization\"},\"alternateName\":\"eg-reeds.com\",\"potentialAction\":[{\"@type\":\"SearchAction\",\"target\":{\"@type\":\"EntryPoint\",\"urlTemplate\":\"https:\\\/\\\/eg-reeds.com\\\/es\\\/?s={search_term_string}\"},\"query-input\":{\"@type\":\"PropertyValueSpecification\",\"valueRequired\":true,\"valueName\":\"search_term_string\"}}],\"inLanguage\":\"es\"},{\"@type\":\"Organization\",\"@id\":\"https:\\\/\\\/eg-reeds.com\\\/es\\\/#organization\",\"name\":\"www.eg-reeds.com\",\"url\":\"https:\\\/\\\/eg-reeds.com\\\/es\\\/\",\"logo\":{\"@type\":\"ImageObject\",\"inLanguage\":\"es\",\"@id\":\"https:\\\/\\\/eg-reeds.com\\\/es\\\/#\\\/schema\\\/logo\\\/image\\\/\",\"url\":\"https:\\\/\\\/eg-reeds.com\\\/wp-content\\\/uploads\\\/2024\\\/06\\\/Logo-scaled-e1718793906611.jpg\",\"contentUrl\":\"https:\\\/\\\/eg-reeds.com\\\/wp-content\\\/uploads\\\/2024\\\/06\\\/Logo-scaled-e1718793906611.jpg\",\"width\":1200,\"height\":493,\"caption\":\"www.eg-reeds.com\"},\"image\":{\"@id\":\"https:\\\/\\\/eg-reeds.com\\\/es\\\/#\\\/schema\\\/logo\\\/image\\\/\"},\"sameAs\":[\"https:\\\/\\\/www.facebook.com\\\/EGREEDS\",\"https:\\\/\\\/x.com\\\/egreeds\",\"https:\\\/\\\/www.instagram.com\\\/egreeds\\\/\",\"https:\\\/\\\/www.youtube.com\\\/c\\\/EGREEDS\",\"https:\\\/\\\/www.threads.net\\\/@egreeds\",\"https:\\\/\\\/www.tiktok.com\\\/@egreeds\"]}]}<\/script>\n<!-- \/ Yoast SEO Premium plugin. -->","yoast_head_json":{"title":"Gastos de env\u00edo y plazos - www.eg-reeds.com","description":"Gastos de env\u00edo y plazos","robots":{"index":"index","follow":"follow","max-snippet":"max-snippet:-1","max-image-preview":"max-image-preview:large","max-video-preview":"max-video-preview:-1"},"canonical":"https:\/\/eg-reeds.com\/es\/gastos-de-envio-y-plazos\/","og_locale":"es_ES","og_type":"article","og_title":"Gastos de env\u00edo y plazos","og_description":"Gastos de env\u00edo y plazos","og_url":"https:\/\/eg-reeds.com\/es\/gastos-de-envio-y-plazos\/","og_site_name":"www.eg-reeds.com","article_publisher":"https:\/\/www.facebook.com\/EGREEDS","article_modified_time":"2026-04-10T08:48:18+00:00","og_image":[{"width":2560,"height":1010,"url":"https:\/\/eg-reeds.com\/wp-content\/uploads\/2018\/11\/EG-REEDS-Oboe-reeds-shop-scaled.jpg","type":"image\/jpeg"}],"twitter_card":"summary_large_image","twitter_site":"@egreeds","twitter_misc":{"Tiempo de lectura":"2 minutos"},"schema":{"@context":"https:\/\/schema.org","@graph":[{"@type":"WebPage","@id":"https:\/\/eg-reeds.com\/es\/gastos-de-envio-y-plazos\/","url":"https:\/\/eg-reeds.com\/es\/gastos-de-envio-y-plazos\/","name":"Gastos de env\u00edo y plazos - www.eg-reeds.com","isPartOf":{"@id":"https:\/\/eg-reeds.com\/es\/#website"},"datePublished":"2015-05-13T11:11:56+00:00","dateModified":"2026-04-10T08:48:18+00:00","description":"Gastos de env\u00edo y plazos","breadcrumb":{"@id":"https:\/\/eg-reeds.com\/es\/gastos-de-envio-y-plazos\/#breadcrumb"},"inLanguage":"es","potentialAction":[{"@type":"ReadAction","target":["https:\/\/eg-reeds.com\/es\/gastos-de-envio-y-plazos\/"]}]},{"@type":"BreadcrumbList","@id":"https:\/\/eg-reeds.com\/es\/gastos-de-envio-y-plazos\/#breadcrumb","itemListElement":[{"@type":"ListItem","position":1,"name":"Inicio","item":"https:\/\/eg-reeds.com\/es\/"},{"@type":"ListItem","position":2,"name":"Gastos de env\u00edo y plazos"}]},{"@type":"WebSite","@id":"https:\/\/eg-reeds.com\/es\/#website","url":"https:\/\/eg-reeds.com\/es\/","name":"www.eg-reeds.com","description":"Ca\u00f1as oboe","publisher":{"@id":"https:\/\/eg-reeds.com\/es\/#organization"},"alternateName":"eg-reeds.com","potentialAction":[{"@type":"SearchAction","target":{"@type":"EntryPoint","urlTemplate":"https:\/\/eg-reeds.com\/es\/?s={search_term_string}"},"query-input":{"@type":"PropertyValueSpecification","valueRequired":true,"valueName":"search_term_string"}}],"inLanguage":"es"},{"@type":"Organization","@id":"https:\/\/eg-reeds.com\/es\/#organization","name":"www.eg-reeds.com","url":"https:\/\/eg-reeds.com\/es\/","logo":{"@type":"ImageObject","inLanguage":"es","@id":"https:\/\/eg-reeds.com\/es\/#\/schema\/logo\/image\/","url":"https:\/\/eg-reeds.com\/wp-content\/uploads\/2024\/06\/Logo-scaled-e1718793906611.jpg","contentUrl":"https:\/\/eg-reeds.com\/wp-content\/uploads\/2024\/06\/Logo-scaled-e1718793906611.jpg","width":1200,"height":493,"caption":"www.eg-reeds.com"},"image":{"@id":"https:\/\/eg-reeds.com\/es\/#\/schema\/logo\/image\/"},"sameAs":["https:\/\/www.facebook.com\/EGREEDS","https:\/\/x.com\/egreeds","https:\/\/www.instagram.com\/egreeds\/","https:\/\/www.youtube.com\/c\/EGREEDS","https:\/\/www.threads.net\/@egreeds","https:\/\/www.tiktok.com\/@egreeds"]}]}},"_links":{"self":[{"href":"https:\/\/eg-reeds.com\/es\/wp-json\/wp\/v2\/pages\/4175","targetHints":{"allow":["GET"]}}],"collection":[{"href":"https:\/\/eg-reeds.com\/es\/wp-json\/wp\/v2\/pages"}],"about":[{"href":"https:\/\/eg-reeds.com\/es\/wp-json\/wp\/v2\/types\/page"}],"author":[{"embeddable":true,"href":"https:\/\/eg-reeds.com\/es\/wp-json\/wp\/v2\/users\/1"}],"replies":[{"embeddable":true,"href":"https:\/\/eg-reeds.com\/es\/wp-json\/wp\/v2\/comments?post=4175"}],"version-history":[{"count":4,"href":"https:\/\/eg-reeds.com\/es\/wp-json\/wp\/v2\/pages\/4175\/revisions"}],"predecessor-version":[{"id":60806,"href":"https:\/\/eg-reeds.com\/es\/wp-json\/wp\/v2\/pages\/4175\/revisions\/60806"}],"wp:attachment":[{"href":"https:\/\/eg-reeds.com\/es\/wp-json\/wp\/v2\/media?parent=4175"}],"curies":[{"name":"wp","href":"https:\/\/api.w.org\/{rel}","templated":true}]}}