{"id":41943,"date":"2020-10-24T11:33:16","date_gmt":"2020-10-24T09:33:16","guid":{"rendered":"http:\/\/eg-reeds.com\/formas-reeds-n-stuff\/"},"modified":"2020-10-24T11:35:05","modified_gmt":"2020-10-24T09:35:05","slug":"formas-reeds-n-stuff","status":"publish","type":"page","link":"https:\/\/eg-reeds.com\/es\/formas-reeds-n-stuff\/","title":{"rendered":"Formas Reeds &#8216;n Stuff"},"content":{"rendered":"<h1><strong>Formas Reeds &#8216;n Stuff.<\/strong><\/h1>\n<p>Medidas de las formas Reeds &#8216;n Stuff para oboe, corno ingl\u00e9s, oboe de amor, oboe bajo, oboe vien\u00e9s, oboe barroco y oboe cl\u00e1sico.<\/p>\n<div class=\"woocommerce \"><\/div>\n<h1><strong>Formas Reeds &#8216;n Stuff para oboe.<\/strong><\/h1>\n<p><img loading=\"lazy\" decoding=\"async\" class=\"aligncenter wp-image-41867 size-full\" src=\"http:\/\/eg-reeds.com\/wp-content\/uploads\/2020\/10\/Reeds-n-Stuff-oboe-Shaper-Forms.png\" alt=\"Reeds 'n Stuff oboe Shaper Forms\" width=\"2406\" height=\"8498\" srcset=\"https:\/\/eg-reeds.com\/wp-content\/uploads\/2020\/10\/Reeds-n-Stuff-oboe-Shaper-Forms.png 2406w, https:\/\/eg-reeds.com\/wp-content\/uploads\/2020\/10\/Reeds-n-Stuff-oboe-Shaper-Forms-600x2119.png 600w, https:\/\/eg-reeds.com\/wp-content\/uploads\/2020\/10\/Reeds-n-Stuff-oboe-Shaper-Forms-85x300.png 85w, https:\/\/eg-reeds.com\/wp-content\/uploads\/2020\/10\/Reeds-n-Stuff-oboe-Shaper-Forms-290x1024.png 290w, https:\/\/eg-reeds.com\/wp-content\/uploads\/2020\/10\/Reeds-n-Stuff-oboe-Shaper-Forms-768x2713.png 768w, https:\/\/eg-reeds.com\/wp-content\/uploads\/2020\/10\/Reeds-n-Stuff-oboe-Shaper-Forms-435x1536.png 435w, https:\/\/eg-reeds.com\/wp-content\/uploads\/2020\/10\/Reeds-n-Stuff-oboe-Shaper-Forms-580x2048.png 580w, https:\/\/eg-reeds.com\/wp-content\/uploads\/2020\/10\/Reeds-n-Stuff-oboe-Shaper-Forms-510x1801.png 510w\" sizes=\"auto, (max-width: 2406px) 100vw, 2406px\" \/>\u00a0<\/p>\n<h1><strong>Formas Reeds &#8216;n Stuff para corno ingl\u00e9s.<\/strong><\/h1>\n<p><img loading=\"lazy\" decoding=\"async\" class=\"aligncenter size-full wp-image-41878\" src=\"http:\/\/eg-reeds.com\/wp-content\/uploads\/2020\/10\/Reeds-n-Stuff-English-horn-Shaper-Forms.png\" alt=\"\" width=\"2294\" height=\"2562\" srcset=\"https:\/\/eg-reeds.com\/wp-content\/uploads\/2020\/10\/Reeds-n-Stuff-English-horn-Shaper-Forms.png 2294w, https:\/\/eg-reeds.com\/wp-content\/uploads\/2020\/10\/Reeds-n-Stuff-English-horn-Shaper-Forms-600x670.png 600w, https:\/\/eg-reeds.com\/wp-content\/uploads\/2020\/10\/Reeds-n-Stuff-English-horn-Shaper-Forms-269x300.png 269w, https:\/\/eg-reeds.com\/wp-content\/uploads\/2020\/10\/Reeds-n-Stuff-English-horn-Shaper-Forms-917x1024.png 917w, https:\/\/eg-reeds.com\/wp-content\/uploads\/2020\/10\/Reeds-n-Stuff-English-horn-Shaper-Forms-768x858.png 768w, https:\/\/eg-reeds.com\/wp-content\/uploads\/2020\/10\/Reeds-n-Stuff-English-horn-Shaper-Forms-1375x1536.png 1375w, https:\/\/eg-reeds.com\/wp-content\/uploads\/2020\/10\/Reeds-n-Stuff-English-horn-Shaper-Forms-1834x2048.png 1834w, https:\/\/eg-reeds.com\/wp-content\/uploads\/2020\/10\/Reeds-n-Stuff-English-horn-Shaper-Forms-510x570.png 510w\" sizes=\"auto, (max-width: 2294px) 100vw, 2294px\" \/><\/p>\n<h2>\u00a0<\/h2>\n<h1><strong>Formas Reeds &#8216;n Stuff para oboe de amor.<\/strong><\/h1>\n<h2><img loading=\"lazy\" decoding=\"async\" class=\"aligncenter size-full wp-image-41889\" src=\"http:\/\/eg-reeds.com\/wp-content\/uploads\/2020\/10\/Reeds-n-Stuff-oboe-damore-Shaper-Forms.png\" alt=\"Reeds 'n Stuff oboe d'amore Shaper Forms\" width=\"2424\" height=\"908\" srcset=\"https:\/\/eg-reeds.com\/wp-content\/uploads\/2020\/10\/Reeds-n-Stuff-oboe-damore-Shaper-Forms.png 2424w, https:\/\/eg-reeds.com\/wp-content\/uploads\/2020\/10\/Reeds-n-Stuff-oboe-damore-Shaper-Forms-600x225.png 600w, https:\/\/eg-reeds.com\/wp-content\/uploads\/2020\/10\/Reeds-n-Stuff-oboe-damore-Shaper-Forms-300x112.png 300w, https:\/\/eg-reeds.com\/wp-content\/uploads\/2020\/10\/Reeds-n-Stuff-oboe-damore-Shaper-Forms-1024x384.png 1024w, https:\/\/eg-reeds.com\/wp-content\/uploads\/2020\/10\/Reeds-n-Stuff-oboe-damore-Shaper-Forms-768x288.png 768w, https:\/\/eg-reeds.com\/wp-content\/uploads\/2020\/10\/Reeds-n-Stuff-oboe-damore-Shaper-Forms-1536x575.png 1536w, https:\/\/eg-reeds.com\/wp-content\/uploads\/2020\/10\/Reeds-n-Stuff-oboe-damore-Shaper-Forms-2048x767.png 2048w, https:\/\/eg-reeds.com\/wp-content\/uploads\/2020\/10\/Reeds-n-Stuff-oboe-damore-Shaper-Forms-510x191.png 510w\" sizes=\"auto, (max-width: 2424px) 100vw, 2424px\" \/><\/h2>\n<p>&nbsp;<\/p>\n<h1><strong>Formas Reeds &#8216;n Stuff para oboe Vien\u00e9s.<\/strong><\/h1>\n<p><img loading=\"lazy\" decoding=\"async\" class=\"aligncenter size-full wp-image-41922\" src=\"http:\/\/eg-reeds.com\/wp-content\/uploads\/2020\/10\/Reeds-n-Stuff-Vienesse-oboe-Shaper-Forms.png\" alt=\"Reeds 'n Stuff Vienesse oboe Shaper Forms\" width=\"2414\" height=\"568\" srcset=\"https:\/\/eg-reeds.com\/wp-content\/uploads\/2020\/10\/Reeds-n-Stuff-Vienesse-oboe-Shaper-Forms.png 2414w, https:\/\/eg-reeds.com\/wp-content\/uploads\/2020\/10\/Reeds-n-Stuff-Vienesse-oboe-Shaper-Forms-600x141.png 600w, https:\/\/eg-reeds.com\/wp-content\/uploads\/2020\/10\/Reeds-n-Stuff-Vienesse-oboe-Shaper-Forms-300x71.png 300w, https:\/\/eg-reeds.com\/wp-content\/uploads\/2020\/10\/Reeds-n-Stuff-Vienesse-oboe-Shaper-Forms-1024x241.png 1024w, https:\/\/eg-reeds.com\/wp-content\/uploads\/2020\/10\/Reeds-n-Stuff-Vienesse-oboe-Shaper-Forms-768x181.png 768w, https:\/\/eg-reeds.com\/wp-content\/uploads\/2020\/10\/Reeds-n-Stuff-Vienesse-oboe-Shaper-Forms-1536x361.png 1536w, https:\/\/eg-reeds.com\/wp-content\/uploads\/2020\/10\/Reeds-n-Stuff-Vienesse-oboe-Shaper-Forms-2048x482.png 2048w, https:\/\/eg-reeds.com\/wp-content\/uploads\/2020\/10\/Reeds-n-Stuff-Vienesse-oboe-Shaper-Forms-510x120.png 510w\" sizes=\"auto, (max-width: 2414px) 100vw, 2414px\" \/>\u00a0 \u00a0<\/p>\n<h1><strong>Formas Reeds &#8216;n Stuff para oboe Barroco.<\/strong><\/h1>\n<p><img loading=\"lazy\" decoding=\"async\" class=\"aligncenter size-full wp-image-41900\" src=\"http:\/\/eg-reeds.com\/wp-content\/uploads\/2020\/10\/Reeds-n-Stuff-Baroque-oboe-Shaper-Forms.png\" alt=\"\" width=\"2362\" height=\"2190\" srcset=\"https:\/\/eg-reeds.com\/wp-content\/uploads\/2020\/10\/Reeds-n-Stuff-Baroque-oboe-Shaper-Forms.png 2362w, https:\/\/eg-reeds.com\/wp-content\/uploads\/2020\/10\/Reeds-n-Stuff-Baroque-oboe-Shaper-Forms-600x556.png 600w, https:\/\/eg-reeds.com\/wp-content\/uploads\/2020\/10\/Reeds-n-Stuff-Baroque-oboe-Shaper-Forms-300x278.png 300w, https:\/\/eg-reeds.com\/wp-content\/uploads\/2020\/10\/Reeds-n-Stuff-Baroque-oboe-Shaper-Forms-1024x949.png 1024w, https:\/\/eg-reeds.com\/wp-content\/uploads\/2020\/10\/Reeds-n-Stuff-Baroque-oboe-Shaper-Forms-768x712.png 768w, https:\/\/eg-reeds.com\/wp-content\/uploads\/2020\/10\/Reeds-n-Stuff-Baroque-oboe-Shaper-Forms-1536x1424.png 1536w, https:\/\/eg-reeds.com\/wp-content\/uploads\/2020\/10\/Reeds-n-Stuff-Baroque-oboe-Shaper-Forms-2048x1899.png 2048w, https:\/\/eg-reeds.com\/wp-content\/uploads\/2020\/10\/Reeds-n-Stuff-Baroque-oboe-Shaper-Forms-510x473.png 510w\" sizes=\"auto, (max-width: 2362px) 100vw, 2362px\" \/>\u00a0 \u00a0<\/p>\n<h1><strong>Formas Reeds &#8216;n Stuff para oboe bajo.<\/strong><\/h1>\n<p><img loading=\"lazy\" decoding=\"async\" class=\"aligncenter size-full wp-image-41911\" src=\"http:\/\/eg-reeds.com\/wp-content\/uploads\/2020\/10\/Reeds-n-Stuff-bass-oboe-Shaper-Forms.png\" alt=\"Reeds 'n Stuff bass oboe Shaper Forms\" width=\"2400\" height=\"484\" srcset=\"https:\/\/eg-reeds.com\/wp-content\/uploads\/2020\/10\/Reeds-n-Stuff-bass-oboe-Shaper-Forms.png 2400w, https:\/\/eg-reeds.com\/wp-content\/uploads\/2020\/10\/Reeds-n-Stuff-bass-oboe-Shaper-Forms-600x121.png 600w, https:\/\/eg-reeds.com\/wp-content\/uploads\/2020\/10\/Reeds-n-Stuff-bass-oboe-Shaper-Forms-300x61.png 300w, https:\/\/eg-reeds.com\/wp-content\/uploads\/2020\/10\/Reeds-n-Stuff-bass-oboe-Shaper-Forms-1024x207.png 1024w, https:\/\/eg-reeds.com\/wp-content\/uploads\/2020\/10\/Reeds-n-Stuff-bass-oboe-Shaper-Forms-768x155.png 768w, https:\/\/eg-reeds.com\/wp-content\/uploads\/2020\/10\/Reeds-n-Stuff-bass-oboe-Shaper-Forms-1536x310.png 1536w, https:\/\/eg-reeds.com\/wp-content\/uploads\/2020\/10\/Reeds-n-Stuff-bass-oboe-Shaper-Forms-2048x413.png 2048w, https:\/\/eg-reeds.com\/wp-content\/uploads\/2020\/10\/Reeds-n-Stuff-bass-oboe-Shaper-Forms-510x103.png 510w\" sizes=\"auto, (max-width: 2400px) 100vw, 2400px\" \/>\u00a0 \u00a0<\/p>\n<h1><strong>Formas Reeds &#8216;n Stuff para oboe cl\u00e1sico.<\/strong><\/h1>\n<p><img loading=\"lazy\" decoding=\"async\" class=\"aligncenter size-full wp-image-41933\" src=\"http:\/\/eg-reeds.com\/wp-content\/uploads\/2020\/10\/Reeds-n-Stuff-classical-oboe-Shaper-Forms.png\" alt=\"Reeds 'n Stuff classical oboe Shaper Forms\" width=\"2452\" height=\"576\" srcset=\"https:\/\/eg-reeds.com\/wp-content\/uploads\/2020\/10\/Reeds-n-Stuff-classical-oboe-Shaper-Forms.png 2452w, https:\/\/eg-reeds.com\/wp-content\/uploads\/2020\/10\/Reeds-n-Stuff-classical-oboe-Shaper-Forms-600x141.png 600w, https:\/\/eg-reeds.com\/wp-content\/uploads\/2020\/10\/Reeds-n-Stuff-classical-oboe-Shaper-Forms-300x70.png 300w, https:\/\/eg-reeds.com\/wp-content\/uploads\/2020\/10\/Reeds-n-Stuff-classical-oboe-Shaper-Forms-1024x241.png 1024w, https:\/\/eg-reeds.com\/wp-content\/uploads\/2020\/10\/Reeds-n-Stuff-classical-oboe-Shaper-Forms-768x180.png 768w, https:\/\/eg-reeds.com\/wp-content\/uploads\/2020\/10\/Reeds-n-Stuff-classical-oboe-Shaper-Forms-1536x361.png 1536w, https:\/\/eg-reeds.com\/wp-content\/uploads\/2020\/10\/Reeds-n-Stuff-classical-oboe-Shaper-Forms-2048x481.png 2048w, https:\/\/eg-reeds.com\/wp-content\/uploads\/2020\/10\/Reeds-n-Stuff-classical-oboe-Shaper-Forms-510x120.png 510w\" sizes=\"auto, (max-width: 2452px) 100vw, 2452px\" \/>\u00a0<\/p>\n","protected":false},"excerpt":{"rendered":"<p>Formas Reeds &#8216;n Stuff. Medidas de las formas Reeds &#8216;n Stuff para oboe, corno ingl\u00e9s, oboe de amor, oboe bajo, oboe vien\u00e9s, oboe barroco y oboe cl\u00e1sico. Formas Reeds &#8216;n Stuff para oboe. \u00a0 Formas Reeds &#8216;n Stuff para corno ingl\u00e9s. \u00a0 Formas Reeds &#8216;n Stuff para oboe de amor. &nbsp; Formas Reeds &#8216;n Stuff [&#8230;]\n","protected":false},"author":1,"featured_media":0,"parent":0,"menu_order":0,"comment_status":"closed","ping_status":"closed","template":"","meta":{"footnotes":""},"class_list":["post-41943","page","type-page","status-publish","hentry"],"yoast_head":"<!-- This site is optimized with the Yoast SEO Premium plugin v27.0 (Yoast SEO v27.3) - https:\/\/yoast.com\/product\/yoast-seo-premium-wordpress\/ -->\n<title>Formas Reeds &#039;n Stuff - www.eg-reeds.com<\/title>\n<meta name=\"description\" content=\"Medidas de las formas Reeds &#039;n Stuff para oboe, corno ingl\u00e9s, oboe de amor, oboe bajo, oboe vien\u00e9s, oboe barroco y oboe cl\u00e1sico.\" \/>\n<meta name=\"robots\" content=\"index, follow, max-snippet:-1, max-image-preview:large, max-video-preview:-1\" \/>\n<link rel=\"canonical\" href=\"https:\/\/eg-reeds.com\/es\/formas-reeds-n-stuff\/\" \/>\n<meta property=\"og:locale\" content=\"es_ES\" \/>\n<meta property=\"og:type\" content=\"article\" \/>\n<meta property=\"og:title\" content=\"Formas Reeds &#039;n Stuff\" \/>\n<meta property=\"og:description\" content=\"Medidas de las formas Reeds &#039;n Stuff para oboe, corno ingl\u00e9s, oboe de amor, oboe bajo, oboe vien\u00e9s, oboe barroco y oboe cl\u00e1sico.\" \/>\n<meta property=\"og:url\" content=\"https:\/\/eg-reeds.com\/es\/formas-reeds-n-stuff\/\" \/>\n<meta property=\"og:site_name\" content=\"www.eg-reeds.com\" \/>\n<meta property=\"article:publisher\" content=\"https:\/\/www.facebook.com\/EGREEDS\" \/>\n<meta property=\"article:modified_time\" content=\"2020-10-24T09:35:05+00:00\" \/>\n<meta property=\"og:image\" content=\"http:\/\/eg-reeds.com\/wp-content\/uploads\/2020\/10\/Reeds-n-Stuff-oboe-Shaper-Forms.png\" \/>\n<meta name=\"twitter:card\" content=\"summary_large_image\" \/>\n<meta name=\"twitter:site\" content=\"@egreeds\" \/>\n<script type=\"application\/ld+json\" class=\"yoast-schema-graph\">{\"@context\":\"https:\\\/\\\/schema.org\",\"@graph\":[{\"@type\":\"WebPage\",\"@id\":\"https:\\\/\\\/eg-reeds.com\\\/es\\\/formas-reeds-n-stuff\\\/\",\"url\":\"https:\\\/\\\/eg-reeds.com\\\/es\\\/formas-reeds-n-stuff\\\/\",\"name\":\"Formas Reeds 'n Stuff - www.eg-reeds.com\",\"isPartOf\":{\"@id\":\"https:\\\/\\\/eg-reeds.com\\\/es\\\/#website\"},\"primaryImageOfPage\":{\"@id\":\"https:\\\/\\\/eg-reeds.com\\\/es\\\/formas-reeds-n-stuff\\\/#primaryimage\"},\"image\":{\"@id\":\"https:\\\/\\\/eg-reeds.com\\\/es\\\/formas-reeds-n-stuff\\\/#primaryimage\"},\"thumbnailUrl\":\"http:\\\/\\\/eg-reeds.com\\\/wp-content\\\/uploads\\\/2020\\\/10\\\/Reeds-n-Stuff-oboe-Shaper-Forms.png\",\"datePublished\":\"2020-10-24T09:33:16+00:00\",\"dateModified\":\"2020-10-24T09:35:05+00:00\",\"description\":\"Medidas de las formas Reeds 'n Stuff para oboe, corno ingl\u00e9s, oboe de amor, oboe bajo, oboe vien\u00e9s, oboe barroco y oboe cl\u00e1sico.\",\"breadcrumb\":{\"@id\":\"https:\\\/\\\/eg-reeds.com\\\/es\\\/formas-reeds-n-stuff\\\/#breadcrumb\"},\"inLanguage\":\"es\",\"potentialAction\":[{\"@type\":\"ReadAction\",\"target\":[\"https:\\\/\\\/eg-reeds.com\\\/es\\\/formas-reeds-n-stuff\\\/\"]}]},{\"@type\":\"ImageObject\",\"inLanguage\":\"es\",\"@id\":\"https:\\\/\\\/eg-reeds.com\\\/es\\\/formas-reeds-n-stuff\\\/#primaryimage\",\"url\":\"http:\\\/\\\/eg-reeds.com\\\/wp-content\\\/uploads\\\/2020\\\/10\\\/Reeds-n-Stuff-oboe-Shaper-Forms.png\",\"contentUrl\":\"http:\\\/\\\/eg-reeds.com\\\/wp-content\\\/uploads\\\/2020\\\/10\\\/Reeds-n-Stuff-oboe-Shaper-Forms.png\"},{\"@type\":\"BreadcrumbList\",\"@id\":\"https:\\\/\\\/eg-reeds.com\\\/es\\\/formas-reeds-n-stuff\\\/#breadcrumb\",\"itemListElement\":[{\"@type\":\"ListItem\",\"position\":1,\"name\":\"Inicio\",\"item\":\"https:\\\/\\\/eg-reeds.com\\\/es\\\/\"},{\"@type\":\"ListItem\",\"position\":2,\"name\":\"Formas Reeds &#8216;n Stuff\"}]},{\"@type\":\"WebSite\",\"@id\":\"https:\\\/\\\/eg-reeds.com\\\/es\\\/#website\",\"url\":\"https:\\\/\\\/eg-reeds.com\\\/es\\\/\",\"name\":\"www.eg-reeds.com\",\"description\":\"Ca\u00f1as oboe\",\"publisher\":{\"@id\":\"https:\\\/\\\/eg-reeds.com\\\/es\\\/#organization\"},\"alternateName\":\"eg-reeds.com\",\"potentialAction\":[{\"@type\":\"SearchAction\",\"target\":{\"@type\":\"EntryPoint\",\"urlTemplate\":\"https:\\\/\\\/eg-reeds.com\\\/es\\\/?s={search_term_string}\"},\"query-input\":{\"@type\":\"PropertyValueSpecification\",\"valueRequired\":true,\"valueName\":\"search_term_string\"}}],\"inLanguage\":\"es\"},{\"@type\":\"Organization\",\"@id\":\"https:\\\/\\\/eg-reeds.com\\\/es\\\/#organization\",\"name\":\"www.eg-reeds.com\",\"url\":\"https:\\\/\\\/eg-reeds.com\\\/es\\\/\",\"logo\":{\"@type\":\"ImageObject\",\"inLanguage\":\"es\",\"@id\":\"https:\\\/\\\/eg-reeds.com\\\/es\\\/#\\\/schema\\\/logo\\\/image\\\/\",\"url\":\"https:\\\/\\\/eg-reeds.com\\\/wp-content\\\/uploads\\\/2024\\\/06\\\/Logo-scaled-e1718793906611.jpg\",\"contentUrl\":\"https:\\\/\\\/eg-reeds.com\\\/wp-content\\\/uploads\\\/2024\\\/06\\\/Logo-scaled-e1718793906611.jpg\",\"width\":1200,\"height\":493,\"caption\":\"www.eg-reeds.com\"},\"image\":{\"@id\":\"https:\\\/\\\/eg-reeds.com\\\/es\\\/#\\\/schema\\\/logo\\\/image\\\/\"},\"sameAs\":[\"https:\\\/\\\/www.facebook.com\\\/EGREEDS\",\"https:\\\/\\\/x.com\\\/egreeds\",\"https:\\\/\\\/www.instagram.com\\\/egreeds\\\/\",\"https:\\\/\\\/www.youtube.com\\\/c\\\/EGREEDS\",\"https:\\\/\\\/www.threads.net\\\/@egreeds\",\"https:\\\/\\\/www.tiktok.com\\\/@egreeds\"]}]}<\/script>\n<!-- \/ Yoast SEO Premium plugin. -->","yoast_head_json":{"title":"Formas Reeds 'n Stuff - www.eg-reeds.com","description":"Medidas de las formas Reeds 'n Stuff para oboe, corno ingl\u00e9s, oboe de amor, oboe bajo, oboe vien\u00e9s, oboe barroco y oboe cl\u00e1sico.","robots":{"index":"index","follow":"follow","max-snippet":"max-snippet:-1","max-image-preview":"max-image-preview:large","max-video-preview":"max-video-preview:-1"},"canonical":"https:\/\/eg-reeds.com\/es\/formas-reeds-n-stuff\/","og_locale":"es_ES","og_type":"article","og_title":"Formas Reeds 'n Stuff","og_description":"Medidas de las formas Reeds 'n Stuff para oboe, corno ingl\u00e9s, oboe de amor, oboe bajo, oboe vien\u00e9s, oboe barroco y oboe cl\u00e1sico.","og_url":"https:\/\/eg-reeds.com\/es\/formas-reeds-n-stuff\/","og_site_name":"www.eg-reeds.com","article_publisher":"https:\/\/www.facebook.com\/EGREEDS","article_modified_time":"2020-10-24T09:35:05+00:00","og_image":[{"url":"http:\/\/eg-reeds.com\/wp-content\/uploads\/2020\/10\/Reeds-n-Stuff-oboe-Shaper-Forms.png","type":"","width":"","height":""}],"twitter_card":"summary_large_image","twitter_site":"@egreeds","schema":{"@context":"https:\/\/schema.org","@graph":[{"@type":"WebPage","@id":"https:\/\/eg-reeds.com\/es\/formas-reeds-n-stuff\/","url":"https:\/\/eg-reeds.com\/es\/formas-reeds-n-stuff\/","name":"Formas Reeds 'n Stuff - www.eg-reeds.com","isPartOf":{"@id":"https:\/\/eg-reeds.com\/es\/#website"},"primaryImageOfPage":{"@id":"https:\/\/eg-reeds.com\/es\/formas-reeds-n-stuff\/#primaryimage"},"image":{"@id":"https:\/\/eg-reeds.com\/es\/formas-reeds-n-stuff\/#primaryimage"},"thumbnailUrl":"http:\/\/eg-reeds.com\/wp-content\/uploads\/2020\/10\/Reeds-n-Stuff-oboe-Shaper-Forms.png","datePublished":"2020-10-24T09:33:16+00:00","dateModified":"2020-10-24T09:35:05+00:00","description":"Medidas de las formas Reeds 'n Stuff para oboe, corno ingl\u00e9s, oboe de amor, oboe bajo, oboe vien\u00e9s, oboe barroco y oboe cl\u00e1sico.","breadcrumb":{"@id":"https:\/\/eg-reeds.com\/es\/formas-reeds-n-stuff\/#breadcrumb"},"inLanguage":"es","potentialAction":[{"@type":"ReadAction","target":["https:\/\/eg-reeds.com\/es\/formas-reeds-n-stuff\/"]}]},{"@type":"ImageObject","inLanguage":"es","@id":"https:\/\/eg-reeds.com\/es\/formas-reeds-n-stuff\/#primaryimage","url":"http:\/\/eg-reeds.com\/wp-content\/uploads\/2020\/10\/Reeds-n-Stuff-oboe-Shaper-Forms.png","contentUrl":"http:\/\/eg-reeds.com\/wp-content\/uploads\/2020\/10\/Reeds-n-Stuff-oboe-Shaper-Forms.png"},{"@type":"BreadcrumbList","@id":"https:\/\/eg-reeds.com\/es\/formas-reeds-n-stuff\/#breadcrumb","itemListElement":[{"@type":"ListItem","position":1,"name":"Inicio","item":"https:\/\/eg-reeds.com\/es\/"},{"@type":"ListItem","position":2,"name":"Formas Reeds &#8216;n Stuff"}]},{"@type":"WebSite","@id":"https:\/\/eg-reeds.com\/es\/#website","url":"https:\/\/eg-reeds.com\/es\/","name":"www.eg-reeds.com","description":"Ca\u00f1as oboe","publisher":{"@id":"https:\/\/eg-reeds.com\/es\/#organization"},"alternateName":"eg-reeds.com","potentialAction":[{"@type":"SearchAction","target":{"@type":"EntryPoint","urlTemplate":"https:\/\/eg-reeds.com\/es\/?s={search_term_string}"},"query-input":{"@type":"PropertyValueSpecification","valueRequired":true,"valueName":"search_term_string"}}],"inLanguage":"es"},{"@type":"Organization","@id":"https:\/\/eg-reeds.com\/es\/#organization","name":"www.eg-reeds.com","url":"https:\/\/eg-reeds.com\/es\/","logo":{"@type":"ImageObject","inLanguage":"es","@id":"https:\/\/eg-reeds.com\/es\/#\/schema\/logo\/image\/","url":"https:\/\/eg-reeds.com\/wp-content\/uploads\/2024\/06\/Logo-scaled-e1718793906611.jpg","contentUrl":"https:\/\/eg-reeds.com\/wp-content\/uploads\/2024\/06\/Logo-scaled-e1718793906611.jpg","width":1200,"height":493,"caption":"www.eg-reeds.com"},"image":{"@id":"https:\/\/eg-reeds.com\/es\/#\/schema\/logo\/image\/"},"sameAs":["https:\/\/www.facebook.com\/EGREEDS","https:\/\/x.com\/egreeds","https:\/\/www.instagram.com\/egreeds\/","https:\/\/www.youtube.com\/c\/EGREEDS","https:\/\/www.threads.net\/@egreeds","https:\/\/www.tiktok.com\/@egreeds"]}]}},"_links":{"self":[{"href":"https:\/\/eg-reeds.com\/es\/wp-json\/wp\/v2\/pages\/41943","targetHints":{"allow":["GET"]}}],"collection":[{"href":"https:\/\/eg-reeds.com\/es\/wp-json\/wp\/v2\/pages"}],"about":[{"href":"https:\/\/eg-reeds.com\/es\/wp-json\/wp\/v2\/types\/page"}],"author":[{"embeddable":true,"href":"https:\/\/eg-reeds.com\/es\/wp-json\/wp\/v2\/users\/1"}],"replies":[{"embeddable":true,"href":"https:\/\/eg-reeds.com\/es\/wp-json\/wp\/v2\/comments?post=41943"}],"version-history":[{"count":0,"href":"https:\/\/eg-reeds.com\/es\/wp-json\/wp\/v2\/pages\/41943\/revisions"}],"wp:attachment":[{"href":"https:\/\/eg-reeds.com\/es\/wp-json\/wp\/v2\/media?parent=41943"}],"curies":[{"name":"wp","href":"https:\/\/api.w.org\/{rel}","templated":true}]}}