{"id":1512,"date":"2015-02-03T08:55:53","date_gmt":"2015-02-03T07:55:53","guid":{"rendered":"http:\/\/localhost:8888\/shop\/uncategorized\/cana-de-oboe-gubiada-10-unidades\/"},"modified":"2024-03-15T13:43:23","modified_gmt":"2024-03-15T12:43:23","slug":"palas-oboe-gubiadas-eg-reeds","status":"publish","type":"product","link":"https:\/\/eg-reeds.com\/es\/shop\/palas\/palas-oboe\/palas-oboe-gubiadas-eg-reeds\/","title":{"rendered":"Palas oboe gubiadas EG-REEDS"},"content":{"rendered":"<h1><strong>Palas oboe gubiadas EG-REEDS (10 unidades).<\/strong><\/h1>\n<p>Palas oboe gubiadas EG-REEDS.\u00a0Explora la excelencia en las palas gubiadas para oboe de EG-REEDS, donde la artesan\u00eda y la innovaci\u00f3n se fusionan para ofrecerte una experiencia musical inigualable. Realizadas por profesionales del mundo del oboe. Cada una de nuestras palas es meticulosamente gubiada utilizando las herramientas m\u00e1s modernas, lo que garantiza la m\u00e1xima precisi\u00f3n en cada detalle.<\/p>\n<p>Nos enorgullecemos de seleccionar cuidadosamente nuestras palas de acuerdo con los rigurosos est\u00e1ndares de calidad de EG-REEDS. Solo las palas que cumplen con nuestros exigentes criterios llegan a tus manos, asegurando un rendimiento excepcional en cada ejecuci\u00f3n.<\/p>\n<p>Para garantizar la calidad \u00f3ptima, cada pala se somete a pruebas rigurosas con nuestra avanzada m\u00e1quina de dureza, donde son evaluadas individualmente para verificar su resistencia y durabilidad. Este meticuloso proceso de control de calidad nos permite ofrecerte palas que no solo cumplen, sino que superan tus expectativas musicales.<\/p>\n<p>Con EG-REEDS, puedes confiar en que est\u00e1s adquiriendo productos de la m\u00e1s alta calidad dise\u00f1ados para mejorar tu experiencia musical. \u00danete a m\u00fasicos profesionales y aficionados de todo el mundo que conf\u00edan en nuestras palas para oboe para alcanzar su m\u00e1ximo potencial.<\/p>\n<p>\u00a1Compra palas gubiadas EG-REEDS ahora y descubre por qu\u00e9 son la elecci\u00f3n preferida de m\u00fasicos exigentes en todo el mundo!<\/p>\n","protected":false},"excerpt":{"rendered":"<p>10 unidades.<\/p>\n","protected":false},"featured_media":15198,"comment_status":"open","ping_status":"closed","template":"","meta":[],"product_brand":[],"product_cat":[479,499],"product_tag":[],"giftcard-category":[],"class_list":{"0":"post-1512","1":"product","2":"type-product","3":"status-publish","4":"has-post-thumbnail","6":"product_cat-palas","7":"product_cat-palas-oboe","8":"pa_cane-diameter-10-mm-105-mm-es","9":"pa_cane-diameter-105-mm-11-mm-es","10":"pa_cane-diameter-95-mm-10-mm-es","11":"pa_thickness-054-mm-055-mm-es","12":"pa_thickness-055-mm-056-mm-es-2","13":"pa_thickness-056-mm-057-mm-es-2","14":"pa_thickness-057-mm-058-mm-es","15":"pa_thickness-058-mm-059-mm-es-2","16":"pa_thickness-059-mm-060-mm-es","17":"pa_thickness-060-mm-061-mm-es-2","19":"first","20":"instock","21":"featured","22":"taxable","23":"shipping-taxable","24":"purchasable","25":"product-type-variable","26":"has-default-attributes"},"yoast_head":"<!-- This site is optimized with the Yoast SEO Premium plugin v27.0 (Yoast SEO v27.4) - https:\/\/yoast.com\/product\/yoast-seo-premium-wordpress\/ -->\n<title>Palas oboe gubiadas EG-REEDS - www.eg-reeds.com<\/title>\n<meta name=\"description\" content=\"Palas oboe gubiadas EG-REEDS. Compra palas gubiadas EG-REEDS ahora y descubre por qu\u00e9 son la elecci\u00f3n preferida de m\u00fasicos exigentes en todo el mundo!\" \/>\n<meta name=\"robots\" content=\"index, follow, max-snippet:-1, max-image-preview:large, max-video-preview:-1\" \/>\n<link rel=\"canonical\" href=\"https:\/\/eg-reeds.com\/es\/shop\/palas\/palas-oboe\/palas-oboe-gubiadas-eg-reeds\/\" \/>\n<meta property=\"og:locale\" content=\"es_ES\" \/>\n<meta property=\"og:type\" content=\"article\" \/>\n<meta property=\"og:title\" content=\"Palas oboe gubiadas EG-REEDS\" \/>\n<meta property=\"og:description\" content=\"Palas oboe gubiadas EG-REEDS. Compra palas gubiadas EG-REEDS ahora y descubre por qu\u00e9 son la elecci\u00f3n preferida de m\u00fasicos exigentes en todo el mundo!\" \/>\n<meta property=\"og:url\" content=\"https:\/\/eg-reeds.com\/es\/shop\/palas\/palas-oboe\/palas-oboe-gubiadas-eg-reeds\/\" \/>\n<meta property=\"og:site_name\" content=\"www.eg-reeds.com\" \/>\n<meta property=\"article:publisher\" content=\"https:\/\/www.facebook.com\/EGREEDS\" \/>\n<meta property=\"article:modified_time\" content=\"2024-03-15T12:43:23+00:00\" \/>\n<meta property=\"og:image\" content=\"https:\/\/eg-reeds.com\/wp-content\/uploads\/2015\/09\/IMG_6770.jpg\" \/>\n\t<meta property=\"og:image:width\" content=\"640\" \/>\n\t<meta property=\"og:image:height\" content=\"447\" \/>\n\t<meta property=\"og:image:type\" content=\"image\/jpeg\" \/>\n<meta name=\"twitter:card\" content=\"summary_large_image\" \/>\n<meta name=\"twitter:site\" content=\"@egreeds\" \/>\n<meta name=\"twitter:label1\" content=\"Disponibilidad\" \/>\n\t<meta name=\"twitter:data1\" content=\"Disponible\" \/>\n<script type=\"application\/ld+json\" class=\"yoast-schema-graph\">{\"@context\":\"https:\\\/\\\/schema.org\",\"@graph\":[{\"@type\":[\"WebPage\",\"ItemPage\"],\"@id\":\"https:\\\/\\\/eg-reeds.com\\\/es\\\/shop\\\/palas\\\/palas-oboe\\\/palas-oboe-gubiadas-eg-reeds\\\/\",\"url\":\"https:\\\/\\\/eg-reeds.com\\\/es\\\/shop\\\/palas\\\/palas-oboe\\\/palas-oboe-gubiadas-eg-reeds\\\/\",\"name\":\"Palas oboe gubiadas EG-REEDS - www.eg-reeds.com\",\"isPartOf\":{\"@id\":\"https:\\\/\\\/eg-reeds.com\\\/es\\\/#website\"},\"primaryImageOfPage\":{\"@id\":\"https:\\\/\\\/eg-reeds.com\\\/es\\\/shop\\\/palas\\\/palas-oboe\\\/palas-oboe-gubiadas-eg-reeds\\\/#primaryimage\"},\"image\":{\"@id\":\"https:\\\/\\\/eg-reeds.com\\\/es\\\/shop\\\/palas\\\/palas-oboe\\\/palas-oboe-gubiadas-eg-reeds\\\/#primaryimage\"},\"thumbnailUrl\":\"https:\\\/\\\/eg-reeds.com\\\/wp-content\\\/uploads\\\/2015\\\/09\\\/IMG_6770.jpg\",\"datePublished\":\"2015-02-03T07:55:53+00:00\",\"dateModified\":\"2024-03-15T12:43:23+00:00\",\"description\":\"Palas oboe gubiadas EG-REEDS. Compra palas gubiadas EG-REEDS ahora y descubre por qu\u00e9 son la elecci\u00f3n preferida de m\u00fasicos exigentes en todo el mundo!\",\"breadcrumb\":{\"@id\":\"https:\\\/\\\/eg-reeds.com\\\/es\\\/shop\\\/palas\\\/palas-oboe\\\/palas-oboe-gubiadas-eg-reeds\\\/#breadcrumb\"},\"inLanguage\":\"es\",\"potentialAction\":[{\"@type\":\"ReadAction\",\"target\":[\"https:\\\/\\\/eg-reeds.com\\\/es\\\/shop\\\/palas\\\/palas-oboe\\\/palas-oboe-gubiadas-eg-reeds\\\/\"]}]},{\"@type\":\"ImageObject\",\"inLanguage\":\"es\",\"@id\":\"https:\\\/\\\/eg-reeds.com\\\/es\\\/shop\\\/palas\\\/palas-oboe\\\/palas-oboe-gubiadas-eg-reeds\\\/#primaryimage\",\"url\":\"https:\\\/\\\/eg-reeds.com\\\/wp-content\\\/uploads\\\/2015\\\/09\\\/IMG_6770.jpg\",\"contentUrl\":\"https:\\\/\\\/eg-reeds.com\\\/wp-content\\\/uploads\\\/2015\\\/09\\\/IMG_6770.jpg\",\"width\":640,\"height\":447,\"caption\":\"Palas oboe gubiadas\"},{\"@type\":\"BreadcrumbList\",\"@id\":\"https:\\\/\\\/eg-reeds.com\\\/es\\\/shop\\\/palas\\\/palas-oboe\\\/palas-oboe-gubiadas-eg-reeds\\\/#breadcrumb\",\"itemListElement\":[{\"@type\":\"ListItem\",\"position\":1,\"name\":\"Inicio\",\"item\":\"https:\\\/\\\/eg-reeds.com\\\/es\\\/\"},{\"@type\":\"ListItem\",\"position\":2,\"name\":\"Tienda\",\"item\":\"https:\\\/\\\/eg-reeds.com\\\/es\\\/\"},{\"@type\":\"ListItem\",\"position\":3,\"name\":\"Palas oboe gubiadas EG-REEDS\"}]},{\"@type\":\"WebSite\",\"@id\":\"https:\\\/\\\/eg-reeds.com\\\/es\\\/#website\",\"url\":\"https:\\\/\\\/eg-reeds.com\\\/es\\\/\",\"name\":\"www.eg-reeds.com\",\"description\":\"Ca\u00f1as oboe\",\"publisher\":{\"@id\":\"https:\\\/\\\/eg-reeds.com\\\/es\\\/#organization\"},\"alternateName\":\"eg-reeds.com\",\"potentialAction\":[{\"@type\":\"SearchAction\",\"target\":{\"@type\":\"EntryPoint\",\"urlTemplate\":\"https:\\\/\\\/eg-reeds.com\\\/es\\\/?s={search_term_string}\"},\"query-input\":{\"@type\":\"PropertyValueSpecification\",\"valueRequired\":true,\"valueName\":\"search_term_string\"}}],\"inLanguage\":\"es\"},{\"@type\":\"Organization\",\"@id\":\"https:\\\/\\\/eg-reeds.com\\\/es\\\/#organization\",\"name\":\"www.eg-reeds.com\",\"url\":\"https:\\\/\\\/eg-reeds.com\\\/es\\\/\",\"logo\":{\"@type\":\"ImageObject\",\"inLanguage\":\"es\",\"@id\":\"https:\\\/\\\/eg-reeds.com\\\/es\\\/#\\\/schema\\\/logo\\\/image\\\/\",\"url\":\"https:\\\/\\\/eg-reeds.com\\\/wp-content\\\/uploads\\\/2024\\\/06\\\/Logo-scaled-e1718793906611.jpg\",\"contentUrl\":\"https:\\\/\\\/eg-reeds.com\\\/wp-content\\\/uploads\\\/2024\\\/06\\\/Logo-scaled-e1718793906611.jpg\",\"width\":1200,\"height\":493,\"caption\":\"www.eg-reeds.com\"},\"image\":{\"@id\":\"https:\\\/\\\/eg-reeds.com\\\/es\\\/#\\\/schema\\\/logo\\\/image\\\/\"},\"sameAs\":[\"https:\\\/\\\/www.facebook.com\\\/EGREEDS\",\"https:\\\/\\\/x.com\\\/egreeds\",\"https:\\\/\\\/www.instagram.com\\\/egreeds\\\/\",\"https:\\\/\\\/www.youtube.com\\\/c\\\/EGREEDS\",\"https:\\\/\\\/www.threads.net\\\/@egreeds\",\"https:\\\/\\\/www.tiktok.com\\\/@egreeds\"]}]}<\/script>\n<meta property=\"og:availability\" content=\"instock\" \/>\n<meta property=\"product:availability\" content=\"instock\" \/>\n<meta property=\"product:retailer_item_id\" content=\"PAOB-G\" \/>\n<meta property=\"product:condition\" content=\"new\" \/>\n<!-- \/ Yoast SEO Premium plugin. -->","yoast_head_json":{"title":"Palas oboe gubiadas EG-REEDS - www.eg-reeds.com","description":"Palas oboe gubiadas EG-REEDS. Compra palas gubiadas EG-REEDS ahora y descubre por qu\u00e9 son la elecci\u00f3n preferida de m\u00fasicos exigentes en todo el mundo!","robots":{"index":"index","follow":"follow","max-snippet":"max-snippet:-1","max-image-preview":"max-image-preview:large","max-video-preview":"max-video-preview:-1"},"canonical":"https:\/\/eg-reeds.com\/es\/shop\/palas\/palas-oboe\/palas-oboe-gubiadas-eg-reeds\/","og_locale":"es_ES","og_type":"article","og_title":"Palas oboe gubiadas EG-REEDS","og_description":"Palas oboe gubiadas EG-REEDS. Compra palas gubiadas EG-REEDS ahora y descubre por qu\u00e9 son la elecci\u00f3n preferida de m\u00fasicos exigentes en todo el mundo!","og_url":"https:\/\/eg-reeds.com\/es\/shop\/palas\/palas-oboe\/palas-oboe-gubiadas-eg-reeds\/","og_site_name":"www.eg-reeds.com","article_publisher":"https:\/\/www.facebook.com\/EGREEDS","article_modified_time":"2024-03-15T12:43:23+00:00","og_image":[{"width":640,"height":447,"url":"https:\/\/eg-reeds.com\/wp-content\/uploads\/2015\/09\/IMG_6770.jpg","type":"image\/jpeg"}],"twitter_card":"summary_large_image","twitter_site":"@egreeds","twitter_misc":{"Disponibilidad":"Disponible"},"schema":{"@context":"https:\/\/schema.org","@graph":[{"@type":["WebPage","ItemPage"],"@id":"https:\/\/eg-reeds.com\/es\/shop\/palas\/palas-oboe\/palas-oboe-gubiadas-eg-reeds\/","url":"https:\/\/eg-reeds.com\/es\/shop\/palas\/palas-oboe\/palas-oboe-gubiadas-eg-reeds\/","name":"Palas oboe gubiadas EG-REEDS - www.eg-reeds.com","isPartOf":{"@id":"https:\/\/eg-reeds.com\/es\/#website"},"primaryImageOfPage":{"@id":"https:\/\/eg-reeds.com\/es\/shop\/palas\/palas-oboe\/palas-oboe-gubiadas-eg-reeds\/#primaryimage"},"image":{"@id":"https:\/\/eg-reeds.com\/es\/shop\/palas\/palas-oboe\/palas-oboe-gubiadas-eg-reeds\/#primaryimage"},"thumbnailUrl":"https:\/\/eg-reeds.com\/wp-content\/uploads\/2015\/09\/IMG_6770.jpg","datePublished":"2015-02-03T07:55:53+00:00","dateModified":"2024-03-15T12:43:23+00:00","description":"Palas oboe gubiadas EG-REEDS. Compra palas gubiadas EG-REEDS ahora y descubre por qu\u00e9 son la elecci\u00f3n preferida de m\u00fasicos exigentes en todo el mundo!","breadcrumb":{"@id":"https:\/\/eg-reeds.com\/es\/shop\/palas\/palas-oboe\/palas-oboe-gubiadas-eg-reeds\/#breadcrumb"},"inLanguage":"es","potentialAction":[{"@type":"ReadAction","target":["https:\/\/eg-reeds.com\/es\/shop\/palas\/palas-oboe\/palas-oboe-gubiadas-eg-reeds\/"]}]},{"@type":"ImageObject","inLanguage":"es","@id":"https:\/\/eg-reeds.com\/es\/shop\/palas\/palas-oboe\/palas-oboe-gubiadas-eg-reeds\/#primaryimage","url":"https:\/\/eg-reeds.com\/wp-content\/uploads\/2015\/09\/IMG_6770.jpg","contentUrl":"https:\/\/eg-reeds.com\/wp-content\/uploads\/2015\/09\/IMG_6770.jpg","width":640,"height":447,"caption":"Palas oboe gubiadas"},{"@type":"BreadcrumbList","@id":"https:\/\/eg-reeds.com\/es\/shop\/palas\/palas-oboe\/palas-oboe-gubiadas-eg-reeds\/#breadcrumb","itemListElement":[{"@type":"ListItem","position":1,"name":"Inicio","item":"https:\/\/eg-reeds.com\/es\/"},{"@type":"ListItem","position":2,"name":"Tienda","item":"https:\/\/eg-reeds.com\/es\/"},{"@type":"ListItem","position":3,"name":"Palas oboe gubiadas EG-REEDS"}]},{"@type":"WebSite","@id":"https:\/\/eg-reeds.com\/es\/#website","url":"https:\/\/eg-reeds.com\/es\/","name":"www.eg-reeds.com","description":"Ca\u00f1as oboe","publisher":{"@id":"https:\/\/eg-reeds.com\/es\/#organization"},"alternateName":"eg-reeds.com","potentialAction":[{"@type":"SearchAction","target":{"@type":"EntryPoint","urlTemplate":"https:\/\/eg-reeds.com\/es\/?s={search_term_string}"},"query-input":{"@type":"PropertyValueSpecification","valueRequired":true,"valueName":"search_term_string"}}],"inLanguage":"es"},{"@type":"Organization","@id":"https:\/\/eg-reeds.com\/es\/#organization","name":"www.eg-reeds.com","url":"https:\/\/eg-reeds.com\/es\/","logo":{"@type":"ImageObject","inLanguage":"es","@id":"https:\/\/eg-reeds.com\/es\/#\/schema\/logo\/image\/","url":"https:\/\/eg-reeds.com\/wp-content\/uploads\/2024\/06\/Logo-scaled-e1718793906611.jpg","contentUrl":"https:\/\/eg-reeds.com\/wp-content\/uploads\/2024\/06\/Logo-scaled-e1718793906611.jpg","width":1200,"height":493,"caption":"www.eg-reeds.com"},"image":{"@id":"https:\/\/eg-reeds.com\/es\/#\/schema\/logo\/image\/"},"sameAs":["https:\/\/www.facebook.com\/EGREEDS","https:\/\/x.com\/egreeds","https:\/\/www.instagram.com\/egreeds\/","https:\/\/www.youtube.com\/c\/EGREEDS","https:\/\/www.threads.net\/@egreeds","https:\/\/www.tiktok.com\/@egreeds"]}]},"og_availability":"instock","product_availability":"instock","product_retailer_item_id":"PAOB-G","product_condition":"new"},"_links":{"self":[{"href":"https:\/\/eg-reeds.com\/es\/wp-json\/wp\/v2\/product\/1512","targetHints":{"allow":["GET"]}}],"collection":[{"href":"https:\/\/eg-reeds.com\/es\/wp-json\/wp\/v2\/product"}],"about":[{"href":"https:\/\/eg-reeds.com\/es\/wp-json\/wp\/v2\/types\/product"}],"replies":[{"embeddable":true,"href":"https:\/\/eg-reeds.com\/es\/wp-json\/wp\/v2\/comments?post=1512"}],"wp:featuredmedia":[{"embeddable":true,"href":"https:\/\/eg-reeds.com\/es\/wp-json\/wp\/v2\/media\/15198"}],"wp:attachment":[{"href":"https:\/\/eg-reeds.com\/es\/wp-json\/wp\/v2\/media?parent=1512"}],"wp:term":[{"taxonomy":"product_brand","embeddable":true,"href":"https:\/\/eg-reeds.com\/es\/wp-json\/wp\/v2\/product_brand?post=1512"},{"taxonomy":"product_cat","embeddable":true,"href":"https:\/\/eg-reeds.com\/es\/wp-json\/wp\/v2\/product_cat?post=1512"},{"taxonomy":"product_tag","embeddable":true,"href":"https:\/\/eg-reeds.com\/es\/wp-json\/wp\/v2\/product_tag?post=1512"},{"taxonomy":"giftcard-category","embeddable":true,"href":"https:\/\/eg-reeds.com\/es\/wp-json\/wp\/v2\/giftcard-category?post=1512"}],"curies":[{"name":"wp","href":"https:\/\/api.w.org\/{rel}","templated":true}]}}