{"id":1555,"date":"2015-02-03T08:59:24","date_gmt":"2015-02-03T07:59:24","guid":{"rendered":"http:\/\/localhost:8888\/shop\/uncategorized\/cana-gubiada-con-forma-y-doblada-de-corno-ingles\/"},"modified":"2025-07-21T20:44:59","modified_gmt":"2025-07-21T18:44:59","slug":"palas-corno-ingles-con-forma-eg-reeds","status":"publish","type":"product","link":"https:\/\/eg-reeds.com\/es\/shop\/palas\/palas-corno-ingles-con-forma-eg-reeds\/","title":{"rendered":"Palas corno ingl\u00e9s con forma EG-REEDS"},"content":{"rendered":"<h1><strong>Palas corno ingl\u00e9s con forma EG-REEDS (10 unidades).<\/strong><\/h1>\n<p>Palas corno ingl\u00e9s con forma EG-REEDS. Nuestras palas gubiadas, con forma y dobladas representan la culminaci\u00f3n de la artesan\u00eda y la innovaci\u00f3n, utilizando las \u00faltimas herramientas para garantizar la m\u00e1xima precisi\u00f3n en cada etapa del proceso. Adem\u00e1s, la experiencia profesional en el mundo del corno ingl\u00e9s, hace que todos nuestros productos tengan siempre la m\u00e1xima calidad.<\/p>\n<p>Desde la selecci\u00f3n cuidadosa de la materia prima hasta el doblado manual para obtener la forma perfecta, cada paso se realiza con un compromiso inquebrantable con la calidad. Nuestras palas se gubian y se miden individualmente con la m\u00e1quina de dureza para un control preciso, asegurando que cada una cumpla con nuestros rigurosos est\u00e1ndares.<\/p>\n<p>El resultado son unas palas que no solo cumplen, sino que superan las expectativas, ofreciendo una respuesta excepcional y un tono envolvente en cada interpretaci\u00f3n. Fabricadas siempre con los par\u00e1metros de m\u00e1xima calidad de EG-REEDS, nuestras palas est\u00e1n dise\u00f1adas para satisfacer las demandas de los m\u00fasicos m\u00e1s exigentes.<\/p>\n<p>Descubre por qu\u00e9 los profesionales conf\u00edan en nuestras palas para corno ingl\u00e9s para alcanzar su m\u00e1ximo potencial musical. \u00a1Hazte con las tuyas hoy mismo!<\/p>\n","protected":false},"excerpt":{"rendered":"<p>10 unidades.<\/p>\n","protected":false},"featured_media":24616,"comment_status":"open","ping_status":"closed","template":"","meta":[],"product_brand":[],"product_cat":[479,498],"product_tag":[],"giftcard-category":[],"class_list":{"0":"post-1555","1":"product","2":"type-product","3":"status-publish","4":"has-post-thumbnail","6":"product_cat-palas","7":"product_cat-palas-corno-ingles","8":"pa_cane-diameter-115mm-12mm-es-2","9":"pa_cane-diameter-12mm-125mm-es-2","10":"pa_shaper-h13-es","11":"pa_shaper-h61-es","12":"pa_thickness-066mm-067mm-es","13":"pa_thickness-067mm-068mm-es-2","14":"pa_thickness-068-mm-069-mm-es","15":"pa_thickness-069mm-070mm-es-2","17":"first","18":"instock","19":"featured","20":"taxable","21":"shipping-taxable","22":"purchasable","23":"product-type-variable","24":"has-default-attributes"},"yoast_head":"<!-- This site is optimized with the Yoast SEO Premium plugin v27.0 (Yoast SEO v27.2) - https:\/\/yoast.com\/product\/yoast-seo-premium-wordpress\/ -->\n<title>Palas corno ingl\u00e9s con forma EG-REEDS - www.eg-reeds.com<\/title>\n<meta name=\"description\" content=\"Palas corno ingl\u00e9s con forma EG-REEDS de la m\u00e1xima calidad. Comprar palas gubiadas, con forma y dobladas de corno ingl\u00e9s aqu\u00ed ser\u00e1 siempre un acierto.\" \/>\n<meta name=\"robots\" content=\"index, follow, max-snippet:-1, max-image-preview:large, max-video-preview:-1\" \/>\n<link rel=\"canonical\" href=\"https:\/\/eg-reeds.com\/es\/shop\/palas\/palas-corno-ingles-con-forma-eg-reeds\/\" \/>\n<meta property=\"og:locale\" content=\"es_ES\" \/>\n<meta property=\"og:type\" content=\"article\" \/>\n<meta property=\"og:title\" content=\"Palas corno ingl\u00e9s con forma EG-REEDS\" \/>\n<meta property=\"og:description\" content=\"Palas corno ingl\u00e9s con forma EG-REEDS de la m\u00e1xima calidad. Comprar palas gubiadas, con forma y dobladas de corno ingl\u00e9s aqu\u00ed ser\u00e1 siempre un acierto.\" \/>\n<meta property=\"og:url\" content=\"https:\/\/eg-reeds.com\/es\/shop\/palas\/palas-corno-ingles-con-forma-eg-reeds\/\" \/>\n<meta property=\"og:site_name\" content=\"www.eg-reeds.com\" \/>\n<meta property=\"article:publisher\" content=\"https:\/\/www.facebook.com\/EGREEDS\" \/>\n<meta property=\"article:modified_time\" content=\"2025-07-21T18:44:59+00:00\" \/>\n<meta property=\"og:image\" content=\"https:\/\/eg-reeds.com\/wp-content\/uploads\/2015\/02\/shaped-english-horn-cane-EG-REEDS.jpg\" \/>\n\t<meta property=\"og:image:width\" content=\"640\" \/>\n\t<meta property=\"og:image:height\" content=\"544\" \/>\n\t<meta property=\"og:image:type\" content=\"image\/jpeg\" \/>\n<meta name=\"twitter:card\" content=\"summary_large_image\" \/>\n<meta name=\"twitter:site\" content=\"@egreeds\" \/>\n<meta name=\"twitter:label1\" content=\"Disponibilidad\" \/>\n\t<meta name=\"twitter:data1\" content=\"Disponible\" \/>\n<script type=\"application\/ld+json\" class=\"yoast-schema-graph\">{\"@context\":\"https:\/\/schema.org\",\"@graph\":[{\"@type\":[\"WebPage\",\"ItemPage\"],\"@id\":\"https:\/\/eg-reeds.com\/es\/shop\/palas\/palas-corno-ingles-con-forma-eg-reeds\/\",\"url\":\"https:\/\/eg-reeds.com\/es\/shop\/palas\/palas-corno-ingles-con-forma-eg-reeds\/\",\"name\":\"Palas corno ingl\u00e9s con forma EG-REEDS - www.eg-reeds.com\",\"isPartOf\":{\"@id\":\"https:\/\/eg-reeds.com\/es\/#website\"},\"primaryImageOfPage\":{\"@id\":\"https:\/\/eg-reeds.com\/es\/shop\/palas\/palas-corno-ingles-con-forma-eg-reeds\/#primaryimage\"},\"image\":{\"@id\":\"https:\/\/eg-reeds.com\/es\/shop\/palas\/palas-corno-ingles-con-forma-eg-reeds\/#primaryimage\"},\"thumbnailUrl\":\"https:\/\/eg-reeds.com\/wp-content\/uploads\/2015\/02\/shaped-english-horn-cane-EG-REEDS.jpg\",\"datePublished\":\"2015-02-03T07:59:24+00:00\",\"dateModified\":\"2025-07-21T18:44:59+00:00\",\"description\":\"Palas corno ingl\u00e9s con forma EG-REEDS de la m\u00e1xima calidad. Comprar palas gubiadas, con forma y dobladas de corno ingl\u00e9s aqu\u00ed ser\u00e1 siempre un acierto.\",\"breadcrumb\":{\"@id\":\"https:\/\/eg-reeds.com\/es\/shop\/palas\/palas-corno-ingles-con-forma-eg-reeds\/#breadcrumb\"},\"inLanguage\":\"es\",\"potentialAction\":[{\"@type\":\"ReadAction\",\"target\":[\"https:\/\/eg-reeds.com\/es\/shop\/palas\/palas-corno-ingles-con-forma-eg-reeds\/\"]}]},{\"@type\":\"ImageObject\",\"inLanguage\":\"es\",\"@id\":\"https:\/\/eg-reeds.com\/es\/shop\/palas\/palas-corno-ingles-con-forma-eg-reeds\/#primaryimage\",\"url\":\"https:\/\/eg-reeds.com\/wp-content\/uploads\/2015\/02\/shaped-english-horn-cane-EG-REEDS.jpg\",\"contentUrl\":\"https:\/\/eg-reeds.com\/wp-content\/uploads\/2015\/02\/shaped-english-horn-cane-EG-REEDS.jpg\",\"width\":640,\"height\":544,\"caption\":\"Palas corno ingl\u00e9s con forma\"},{\"@type\":\"BreadcrumbList\",\"@id\":\"https:\/\/eg-reeds.com\/es\/shop\/palas\/palas-corno-ingles-con-forma-eg-reeds\/#breadcrumb\",\"itemListElement\":[{\"@type\":\"ListItem\",\"position\":1,\"name\":\"Inicio\",\"item\":\"https:\/\/eg-reeds.com\/es\/\"},{\"@type\":\"ListItem\",\"position\":2,\"name\":\"Tienda\",\"item\":\"https:\/\/eg-reeds.com\/es\/\"},{\"@type\":\"ListItem\",\"position\":3,\"name\":\"Palas corno ingl\u00e9s con forma EG-REEDS\"}]},{\"@type\":\"WebSite\",\"@id\":\"https:\/\/eg-reeds.com\/es\/#website\",\"url\":\"https:\/\/eg-reeds.com\/es\/\",\"name\":\"www.eg-reeds.com\",\"description\":\"Ca\u00f1as oboe\",\"publisher\":{\"@id\":\"https:\/\/eg-reeds.com\/es\/#organization\"},\"alternateName\":\"eg-reeds.com\",\"potentialAction\":[{\"@type\":\"SearchAction\",\"target\":{\"@type\":\"EntryPoint\",\"urlTemplate\":\"https:\/\/eg-reeds.com\/es\/?s={search_term_string}\"},\"query-input\":{\"@type\":\"PropertyValueSpecification\",\"valueRequired\":true,\"valueName\":\"search_term_string\"}}],\"inLanguage\":\"es\"},{\"@type\":\"Organization\",\"@id\":\"https:\/\/eg-reeds.com\/es\/#organization\",\"name\":\"www.eg-reeds.com\",\"url\":\"https:\/\/eg-reeds.com\/es\/\",\"logo\":{\"@type\":\"ImageObject\",\"inLanguage\":\"es\",\"@id\":\"https:\/\/eg-reeds.com\/es\/#\/schema\/logo\/image\/\",\"url\":\"https:\/\/eg-reeds.com\/wp-content\/uploads\/2024\/06\/Logo-scaled-e1718793906611.jpg\",\"contentUrl\":\"https:\/\/eg-reeds.com\/wp-content\/uploads\/2024\/06\/Logo-scaled-e1718793906611.jpg\",\"width\":1200,\"height\":493,\"caption\":\"www.eg-reeds.com\"},\"image\":{\"@id\":\"https:\/\/eg-reeds.com\/es\/#\/schema\/logo\/image\/\"},\"sameAs\":[\"https:\/\/www.facebook.com\/EGREEDS\",\"https:\/\/x.com\/egreeds\",\"https:\/\/www.instagram.com\/egreeds\/\",\"https:\/\/www.youtube.com\/c\/EGREEDS\",\"https:\/\/www.threads.net\/@egreeds\",\"https:\/\/www.tiktok.com\/@egreeds\"]}]}<\/script>\n<meta property=\"og:availability\" content=\"instock\" \/>\n<meta property=\"product:availability\" content=\"instock\" \/>\n<meta property=\"product:retailer_item_id\" content=\"PACI-F\" \/>\n<meta property=\"product:condition\" content=\"new\" \/>\n<!-- \/ Yoast SEO Premium plugin. -->","yoast_head_json":{"title":"Palas corno ingl\u00e9s con forma EG-REEDS - www.eg-reeds.com","description":"Palas corno ingl\u00e9s con forma EG-REEDS de la m\u00e1xima calidad. Comprar palas gubiadas, con forma y dobladas de corno ingl\u00e9s aqu\u00ed ser\u00e1 siempre un acierto.","robots":{"index":"index","follow":"follow","max-snippet":"max-snippet:-1","max-image-preview":"max-image-preview:large","max-video-preview":"max-video-preview:-1"},"canonical":"https:\/\/eg-reeds.com\/es\/shop\/palas\/palas-corno-ingles-con-forma-eg-reeds\/","og_locale":"es_ES","og_type":"article","og_title":"Palas corno ingl\u00e9s con forma EG-REEDS","og_description":"Palas corno ingl\u00e9s con forma EG-REEDS de la m\u00e1xima calidad. Comprar palas gubiadas, con forma y dobladas de corno ingl\u00e9s aqu\u00ed ser\u00e1 siempre un acierto.","og_url":"https:\/\/eg-reeds.com\/es\/shop\/palas\/palas-corno-ingles-con-forma-eg-reeds\/","og_site_name":"www.eg-reeds.com","article_publisher":"https:\/\/www.facebook.com\/EGREEDS","article_modified_time":"2025-07-21T18:44:59+00:00","og_image":[{"width":640,"height":544,"url":"https:\/\/eg-reeds.com\/wp-content\/uploads\/2015\/02\/shaped-english-horn-cane-EG-REEDS.jpg","type":"image\/jpeg"}],"twitter_card":"summary_large_image","twitter_site":"@egreeds","twitter_misc":{"Disponibilidad":"Disponible"},"schema":{"@context":"https:\/\/schema.org","@graph":[{"@type":["WebPage","ItemPage"],"@id":"https:\/\/eg-reeds.com\/es\/shop\/palas\/palas-corno-ingles-con-forma-eg-reeds\/","url":"https:\/\/eg-reeds.com\/es\/shop\/palas\/palas-corno-ingles-con-forma-eg-reeds\/","name":"Palas corno ingl\u00e9s con forma EG-REEDS - www.eg-reeds.com","isPartOf":{"@id":"https:\/\/eg-reeds.com\/es\/#website"},"primaryImageOfPage":{"@id":"https:\/\/eg-reeds.com\/es\/shop\/palas\/palas-corno-ingles-con-forma-eg-reeds\/#primaryimage"},"image":{"@id":"https:\/\/eg-reeds.com\/es\/shop\/palas\/palas-corno-ingles-con-forma-eg-reeds\/#primaryimage"},"thumbnailUrl":"https:\/\/eg-reeds.com\/wp-content\/uploads\/2015\/02\/shaped-english-horn-cane-EG-REEDS.jpg","datePublished":"2015-02-03T07:59:24+00:00","dateModified":"2025-07-21T18:44:59+00:00","description":"Palas corno ingl\u00e9s con forma EG-REEDS de la m\u00e1xima calidad. Comprar palas gubiadas, con forma y dobladas de corno ingl\u00e9s aqu\u00ed ser\u00e1 siempre un acierto.","breadcrumb":{"@id":"https:\/\/eg-reeds.com\/es\/shop\/palas\/palas-corno-ingles-con-forma-eg-reeds\/#breadcrumb"},"inLanguage":"es","potentialAction":[{"@type":"ReadAction","target":["https:\/\/eg-reeds.com\/es\/shop\/palas\/palas-corno-ingles-con-forma-eg-reeds\/"]}]},{"@type":"ImageObject","inLanguage":"es","@id":"https:\/\/eg-reeds.com\/es\/shop\/palas\/palas-corno-ingles-con-forma-eg-reeds\/#primaryimage","url":"https:\/\/eg-reeds.com\/wp-content\/uploads\/2015\/02\/shaped-english-horn-cane-EG-REEDS.jpg","contentUrl":"https:\/\/eg-reeds.com\/wp-content\/uploads\/2015\/02\/shaped-english-horn-cane-EG-REEDS.jpg","width":640,"height":544,"caption":"Palas corno ingl\u00e9s con forma"},{"@type":"BreadcrumbList","@id":"https:\/\/eg-reeds.com\/es\/shop\/palas\/palas-corno-ingles-con-forma-eg-reeds\/#breadcrumb","itemListElement":[{"@type":"ListItem","position":1,"name":"Inicio","item":"https:\/\/eg-reeds.com\/es\/"},{"@type":"ListItem","position":2,"name":"Tienda","item":"https:\/\/eg-reeds.com\/es\/"},{"@type":"ListItem","position":3,"name":"Palas corno ingl\u00e9s con forma EG-REEDS"}]},{"@type":"WebSite","@id":"https:\/\/eg-reeds.com\/es\/#website","url":"https:\/\/eg-reeds.com\/es\/","name":"www.eg-reeds.com","description":"Ca\u00f1as oboe","publisher":{"@id":"https:\/\/eg-reeds.com\/es\/#organization"},"alternateName":"eg-reeds.com","potentialAction":[{"@type":"SearchAction","target":{"@type":"EntryPoint","urlTemplate":"https:\/\/eg-reeds.com\/es\/?s={search_term_string}"},"query-input":{"@type":"PropertyValueSpecification","valueRequired":true,"valueName":"search_term_string"}}],"inLanguage":"es"},{"@type":"Organization","@id":"https:\/\/eg-reeds.com\/es\/#organization","name":"www.eg-reeds.com","url":"https:\/\/eg-reeds.com\/es\/","logo":{"@type":"ImageObject","inLanguage":"es","@id":"https:\/\/eg-reeds.com\/es\/#\/schema\/logo\/image\/","url":"https:\/\/eg-reeds.com\/wp-content\/uploads\/2024\/06\/Logo-scaled-e1718793906611.jpg","contentUrl":"https:\/\/eg-reeds.com\/wp-content\/uploads\/2024\/06\/Logo-scaled-e1718793906611.jpg","width":1200,"height":493,"caption":"www.eg-reeds.com"},"image":{"@id":"https:\/\/eg-reeds.com\/es\/#\/schema\/logo\/image\/"},"sameAs":["https:\/\/www.facebook.com\/EGREEDS","https:\/\/x.com\/egreeds","https:\/\/www.instagram.com\/egreeds\/","https:\/\/www.youtube.com\/c\/EGREEDS","https:\/\/www.threads.net\/@egreeds","https:\/\/www.tiktok.com\/@egreeds"]}]},"og_availability":"instock","product_availability":"instock","product_retailer_item_id":"PACI-F","product_condition":"new"},"_links":{"self":[{"href":"https:\/\/eg-reeds.com\/es\/wp-json\/wp\/v2\/product\/1555","targetHints":{"allow":["GET"]}}],"collection":[{"href":"https:\/\/eg-reeds.com\/es\/wp-json\/wp\/v2\/product"}],"about":[{"href":"https:\/\/eg-reeds.com\/es\/wp-json\/wp\/v2\/types\/product"}],"replies":[{"embeddable":true,"href":"https:\/\/eg-reeds.com\/es\/wp-json\/wp\/v2\/comments?post=1555"}],"wp:featuredmedia":[{"embeddable":true,"href":"https:\/\/eg-reeds.com\/es\/wp-json\/wp\/v2\/media\/24616"}],"wp:attachment":[{"href":"https:\/\/eg-reeds.com\/es\/wp-json\/wp\/v2\/media?parent=1555"}],"wp:term":[{"taxonomy":"product_brand","embeddable":true,"href":"https:\/\/eg-reeds.com\/es\/wp-json\/wp\/v2\/product_brand?post=1555"},{"taxonomy":"product_cat","embeddable":true,"href":"https:\/\/eg-reeds.com\/es\/wp-json\/wp\/v2\/product_cat?post=1555"},{"taxonomy":"product_tag","embeddable":true,"href":"https:\/\/eg-reeds.com\/es\/wp-json\/wp\/v2\/product_tag?post=1555"},{"taxonomy":"giftcard-category","embeddable":true,"href":"https:\/\/eg-reeds.com\/es\/wp-json\/wp\/v2\/giftcard-category?post=1555"}],"curies":[{"name":"wp","href":"https:\/\/api.w.org\/{rel}","templated":true}]}}