{"id":1558,"date":"2015-02-03T09:03:59","date_gmt":"2015-02-03T09:03:59","guid":{"rendered":"http:\/\/localhost:8888\/shop\/uncategorized\/tubos-premium-para-oboe-1-kilo\/"},"modified":"2024-03-15T13:18:56","modified_gmt":"2024-03-15T12:18:56","slug":"tubos-oboe-eg-reeds-1-kg","status":"publish","type":"product","link":"https:\/\/eg-reeds.com\/es\/shop\/tubos\/tubos-oboe-eg-reeds-1-kg\/","title":{"rendered":"Tubos oboe EG-REEDS (1 kg)."},"content":{"rendered":"<h1><strong>Tubos oboe EG-REEDS (1 kg).<\/strong><\/h1>\n<p>Descubre los tubos de oboe de EG-REEDS: calidad y precisi\u00f3n para tus ca\u00f1as de oboe. Gracias al clima mediterr\u00e1neo suave, nuestros tubos adquieren una dureza media y un atractivo color dorado, resultado de nuestro meticuloso proceso de secado.<\/p>\n<p>Cada tubo es seleccionado meticulosamente, uno por uno, y cortado en el punto \u00f3ptimo de maduraci\u00f3n para garantizar su consistencia y rendimiento excepcional. Nuestro compromiso con la excelencia se refleja en el uso de maquinaria de \u00faltima generaci\u00f3n, que garantiza un corte preciso y una clasificaci\u00f3n cuidadosa de cada pieza.<\/p>\n<p>Los tubos de oboe de EG-REEDS son sin\u00f3nimo de la m\u00e1s alta calidad en madera para la fabricaci\u00f3n de ca\u00f1as. Con cada pieza, te ofrecemos la tranquilidad de saber que est\u00e1s utilizando materiales superiores que producen un sonido rico en arm\u00f3nicos y una respuesta excepcional en tu instrumento.<\/p>\n<p>Descubre por qu\u00e9 nuestros tubos son la elecci\u00f3n preferida de los obo\u00edstas m\u00e1s exigentes en todo el mundo. Hazte con los tuyos hoy mismo y experimenta su calidad.<\/p>\n<p>&nbsp;<\/p>\n<p><iframe loading=\"lazy\" title=\"Donde secamos nuestra ca\u00f1a para oboe\" width=\"1020\" height=\"574\" src=\"https:\/\/www.youtube.com\/embed\/EfDiJlTumk8?feature=oembed\" frameborder=\"0\" allow=\"accelerometer; autoplay; clipboard-write; encrypted-media; gyroscope; picture-in-picture; web-share\" allowfullscreen><\/iframe><\/p>\n","protected":false},"excerpt":{"rendered":"<p>Tubos de oboe de EG-REEDS en bolsa de kilo.<\/p>\n","protected":false},"featured_media":24891,"comment_status":"open","ping_status":"closed","template":"","meta":[],"product_brand":[],"product_cat":[482],"product_tag":[],"giftcard-category":[],"class_list":{"0":"post-1558","1":"product","2":"type-product","3":"status-publish","4":"has-post-thumbnail","6":"product_cat-tubos","7":"product_shipping_class-rmm-es","8":"pa_cane-diameter-10-mm-105-mm-es","9":"pa_cane-diameter-105-mm-11-mm-es","10":"pa_cane-diameter-11mm-115-mm-es","11":"pa_cane-diameter-9-mm-95-mm-es","12":"pa_cane-diameter-95-mm-10-mm-es","14":"first","15":"instock","16":"taxable","17":"shipping-taxable","18":"purchasable","19":"product-type-variable"},"yoast_head":"<!-- This site is optimized with the Yoast SEO Premium plugin v27.0 (Yoast SEO v27.4) - https:\/\/yoast.com\/product\/yoast-seo-premium-wordpress\/ -->\n<title>Tubos oboe EG-REEDS (1 kg). - www.eg-reeds.com<\/title>\n<meta name=\"description\" content=\"Tubos oboe EG-REEDS (1 kg). Aqu\u00ed puedes comprar nuestros tubos de oboe, que proporcionan una madera de la m\u00e1s alta calidad para tus ca\u00f1as y palas de oboe.\" \/>\n<meta name=\"robots\" content=\"index, follow, max-snippet:-1, max-image-preview:large, max-video-preview:-1\" \/>\n<link rel=\"canonical\" href=\"https:\/\/eg-reeds.com\/es\/shop\/tubos\/tubos-oboe-eg-reeds-1-kg\/\" \/>\n<meta property=\"og:locale\" content=\"es_ES\" \/>\n<meta property=\"og:type\" content=\"article\" \/>\n<meta property=\"og:title\" content=\"Tubos oboe EG-REEDS (1 kg).\" \/>\n<meta property=\"og:description\" content=\"Tubos oboe EG-REEDS (1 kg). Aqu\u00ed puedes comprar nuestros tubos de oboe, que proporcionan una madera de la m\u00e1s alta calidad para tus ca\u00f1as y palas de oboe.\" \/>\n<meta property=\"og:url\" content=\"https:\/\/eg-reeds.com\/es\/shop\/tubos\/tubos-oboe-eg-reeds-1-kg\/\" \/>\n<meta property=\"og:site_name\" content=\"www.eg-reeds.com\" \/>\n<meta property=\"article:publisher\" content=\"https:\/\/www.facebook.com\/EGREEDS\" \/>\n<meta property=\"article:modified_time\" content=\"2024-03-15T12:18:56+00:00\" \/>\n<meta property=\"og:image\" content=\"https:\/\/eg-reeds.com\/wp-content\/uploads\/2015\/02\/oboe-tube-cane-1kg-EG-REEDS.jpg\" \/>\n\t<meta property=\"og:image:width\" content=\"640\" \/>\n\t<meta property=\"og:image:height\" content=\"544\" \/>\n\t<meta property=\"og:image:type\" content=\"image\/jpeg\" \/>\n<meta name=\"twitter:card\" content=\"summary_large_image\" \/>\n<meta name=\"twitter:site\" content=\"@egreeds\" \/>\n<meta name=\"twitter:label1\" content=\"Disponibilidad\" \/>\n\t<meta name=\"twitter:data1\" content=\"Disponible\" \/>\n<script type=\"application\/ld+json\" class=\"yoast-schema-graph\">{\"@context\":\"https:\\\/\\\/schema.org\",\"@graph\":[{\"@type\":[\"WebPage\",\"ItemPage\"],\"@id\":\"https:\\\/\\\/eg-reeds.com\\\/es\\\/shop\\\/tubos\\\/tubos-oboe-eg-reeds-1-kg\\\/\",\"url\":\"https:\\\/\\\/eg-reeds.com\\\/es\\\/shop\\\/tubos\\\/tubos-oboe-eg-reeds-1-kg\\\/\",\"name\":\"Tubos oboe EG-REEDS (1 kg). - www.eg-reeds.com\",\"isPartOf\":{\"@id\":\"https:\\\/\\\/eg-reeds.com\\\/es\\\/#website\"},\"primaryImageOfPage\":{\"@id\":\"https:\\\/\\\/eg-reeds.com\\\/es\\\/shop\\\/tubos\\\/tubos-oboe-eg-reeds-1-kg\\\/#primaryimage\"},\"image\":{\"@id\":\"https:\\\/\\\/eg-reeds.com\\\/es\\\/shop\\\/tubos\\\/tubos-oboe-eg-reeds-1-kg\\\/#primaryimage\"},\"thumbnailUrl\":\"https:\\\/\\\/eg-reeds.com\\\/wp-content\\\/uploads\\\/2015\\\/02\\\/oboe-tube-cane-1kg-EG-REEDS.jpg\",\"datePublished\":\"2015-02-03T09:03:59+00:00\",\"dateModified\":\"2024-03-15T12:18:56+00:00\",\"description\":\"Tubos oboe EG-REEDS (1 kg). Aqu\u00ed puedes comprar nuestros tubos de oboe, que proporcionan una madera de la m\u00e1s alta calidad para tus ca\u00f1as y palas de oboe.\",\"breadcrumb\":{\"@id\":\"https:\\\/\\\/eg-reeds.com\\\/es\\\/shop\\\/tubos\\\/tubos-oboe-eg-reeds-1-kg\\\/#breadcrumb\"},\"inLanguage\":\"es\",\"potentialAction\":[{\"@type\":\"ReadAction\",\"target\":[\"https:\\\/\\\/eg-reeds.com\\\/es\\\/shop\\\/tubos\\\/tubos-oboe-eg-reeds-1-kg\\\/\"]}]},{\"@type\":\"ImageObject\",\"inLanguage\":\"es\",\"@id\":\"https:\\\/\\\/eg-reeds.com\\\/es\\\/shop\\\/tubos\\\/tubos-oboe-eg-reeds-1-kg\\\/#primaryimage\",\"url\":\"https:\\\/\\\/eg-reeds.com\\\/wp-content\\\/uploads\\\/2015\\\/02\\\/oboe-tube-cane-1kg-EG-REEDS.jpg\",\"contentUrl\":\"https:\\\/\\\/eg-reeds.com\\\/wp-content\\\/uploads\\\/2015\\\/02\\\/oboe-tube-cane-1kg-EG-REEDS.jpg\",\"width\":640,\"height\":544,\"caption\":\"Tubos oboe EG-REEDS (1 kg)\"},{\"@type\":\"BreadcrumbList\",\"@id\":\"https:\\\/\\\/eg-reeds.com\\\/es\\\/shop\\\/tubos\\\/tubos-oboe-eg-reeds-1-kg\\\/#breadcrumb\",\"itemListElement\":[{\"@type\":\"ListItem\",\"position\":1,\"name\":\"Inicio\",\"item\":\"https:\\\/\\\/eg-reeds.com\\\/es\\\/tienda\\\/\"},{\"@type\":\"ListItem\",\"position\":2,\"name\":\"Tienda\",\"item\":\"https:\\\/\\\/eg-reeds.com\\\/es\\\/tienda\\\/\"},{\"@type\":\"ListItem\",\"position\":3,\"name\":\"Tubos oboe EG-REEDS (1 kg).\"}]},{\"@type\":\"WebSite\",\"@id\":\"https:\\\/\\\/eg-reeds.com\\\/es\\\/#website\",\"url\":\"https:\\\/\\\/eg-reeds.com\\\/es\\\/\",\"name\":\"www.eg-reeds.com\",\"description\":\"Ca\u00f1as oboe\",\"publisher\":{\"@id\":\"https:\\\/\\\/eg-reeds.com\\\/es\\\/#organization\"},\"alternateName\":\"eg-reeds.com\",\"potentialAction\":[{\"@type\":\"SearchAction\",\"target\":{\"@type\":\"EntryPoint\",\"urlTemplate\":\"https:\\\/\\\/eg-reeds.com\\\/es\\\/?s={search_term_string}\"},\"query-input\":{\"@type\":\"PropertyValueSpecification\",\"valueRequired\":true,\"valueName\":\"search_term_string\"}}],\"inLanguage\":\"es\"},{\"@type\":\"Organization\",\"@id\":\"https:\\\/\\\/eg-reeds.com\\\/es\\\/#organization\",\"name\":\"www.eg-reeds.com\",\"url\":\"https:\\\/\\\/eg-reeds.com\\\/es\\\/\",\"logo\":{\"@type\":\"ImageObject\",\"inLanguage\":\"es\",\"@id\":\"https:\\\/\\\/eg-reeds.com\\\/es\\\/#\\\/schema\\\/logo\\\/image\\\/\",\"url\":\"https:\\\/\\\/eg-reeds.com\\\/wp-content\\\/uploads\\\/2024\\\/06\\\/Logo-scaled-e1718793906611.jpg\",\"contentUrl\":\"https:\\\/\\\/eg-reeds.com\\\/wp-content\\\/uploads\\\/2024\\\/06\\\/Logo-scaled-e1718793906611.jpg\",\"width\":1200,\"height\":493,\"caption\":\"www.eg-reeds.com\"},\"image\":{\"@id\":\"https:\\\/\\\/eg-reeds.com\\\/es\\\/#\\\/schema\\\/logo\\\/image\\\/\"},\"sameAs\":[\"https:\\\/\\\/www.facebook.com\\\/EGREEDS\",\"https:\\\/\\\/x.com\\\/egreeds\",\"https:\\\/\\\/www.instagram.com\\\/egreeds\\\/\",\"https:\\\/\\\/www.youtube.com\\\/c\\\/EGREEDS\",\"https:\\\/\\\/www.threads.net\\\/@egreeds\",\"https:\\\/\\\/www.tiktok.com\\\/@egreeds\"]}]}<\/script>\n<meta property=\"og:availability\" content=\"instock\" \/>\n<meta property=\"product:availability\" content=\"instock\" \/>\n<meta property=\"product:retailer_item_id\" content=\"TB1\" \/>\n<meta property=\"product:condition\" content=\"new\" \/>\n<!-- \/ Yoast SEO Premium plugin. -->","yoast_head_json":{"title":"Tubos oboe EG-REEDS (1 kg). - www.eg-reeds.com","description":"Tubos oboe EG-REEDS (1 kg). Aqu\u00ed puedes comprar nuestros tubos de oboe, que proporcionan una madera de la m\u00e1s alta calidad para tus ca\u00f1as y palas de oboe.","robots":{"index":"index","follow":"follow","max-snippet":"max-snippet:-1","max-image-preview":"max-image-preview:large","max-video-preview":"max-video-preview:-1"},"canonical":"https:\/\/eg-reeds.com\/es\/shop\/tubos\/tubos-oboe-eg-reeds-1-kg\/","og_locale":"es_ES","og_type":"article","og_title":"Tubos oboe EG-REEDS (1 kg).","og_description":"Tubos oboe EG-REEDS (1 kg). Aqu\u00ed puedes comprar nuestros tubos de oboe, que proporcionan una madera de la m\u00e1s alta calidad para tus ca\u00f1as y palas de oboe.","og_url":"https:\/\/eg-reeds.com\/es\/shop\/tubos\/tubos-oboe-eg-reeds-1-kg\/","og_site_name":"www.eg-reeds.com","article_publisher":"https:\/\/www.facebook.com\/EGREEDS","article_modified_time":"2024-03-15T12:18:56+00:00","og_image":[{"width":640,"height":544,"url":"https:\/\/eg-reeds.com\/wp-content\/uploads\/2015\/02\/oboe-tube-cane-1kg-EG-REEDS.jpg","type":"image\/jpeg"}],"twitter_card":"summary_large_image","twitter_site":"@egreeds","twitter_misc":{"Disponibilidad":"Disponible"},"schema":{"@context":"https:\/\/schema.org","@graph":[{"@type":["WebPage","ItemPage"],"@id":"https:\/\/eg-reeds.com\/es\/shop\/tubos\/tubos-oboe-eg-reeds-1-kg\/","url":"https:\/\/eg-reeds.com\/es\/shop\/tubos\/tubos-oboe-eg-reeds-1-kg\/","name":"Tubos oboe EG-REEDS (1 kg). - www.eg-reeds.com","isPartOf":{"@id":"https:\/\/eg-reeds.com\/es\/#website"},"primaryImageOfPage":{"@id":"https:\/\/eg-reeds.com\/es\/shop\/tubos\/tubos-oboe-eg-reeds-1-kg\/#primaryimage"},"image":{"@id":"https:\/\/eg-reeds.com\/es\/shop\/tubos\/tubos-oboe-eg-reeds-1-kg\/#primaryimage"},"thumbnailUrl":"https:\/\/eg-reeds.com\/wp-content\/uploads\/2015\/02\/oboe-tube-cane-1kg-EG-REEDS.jpg","datePublished":"2015-02-03T09:03:59+00:00","dateModified":"2024-03-15T12:18:56+00:00","description":"Tubos oboe EG-REEDS (1 kg). Aqu\u00ed puedes comprar nuestros tubos de oboe, que proporcionan una madera de la m\u00e1s alta calidad para tus ca\u00f1as y palas de oboe.","breadcrumb":{"@id":"https:\/\/eg-reeds.com\/es\/shop\/tubos\/tubos-oboe-eg-reeds-1-kg\/#breadcrumb"},"inLanguage":"es","potentialAction":[{"@type":"ReadAction","target":["https:\/\/eg-reeds.com\/es\/shop\/tubos\/tubos-oboe-eg-reeds-1-kg\/"]}]},{"@type":"ImageObject","inLanguage":"es","@id":"https:\/\/eg-reeds.com\/es\/shop\/tubos\/tubos-oboe-eg-reeds-1-kg\/#primaryimage","url":"https:\/\/eg-reeds.com\/wp-content\/uploads\/2015\/02\/oboe-tube-cane-1kg-EG-REEDS.jpg","contentUrl":"https:\/\/eg-reeds.com\/wp-content\/uploads\/2015\/02\/oboe-tube-cane-1kg-EG-REEDS.jpg","width":640,"height":544,"caption":"Tubos oboe EG-REEDS (1 kg)"},{"@type":"BreadcrumbList","@id":"https:\/\/eg-reeds.com\/es\/shop\/tubos\/tubos-oboe-eg-reeds-1-kg\/#breadcrumb","itemListElement":[{"@type":"ListItem","position":1,"name":"Inicio","item":"https:\/\/eg-reeds.com\/es\/tienda\/"},{"@type":"ListItem","position":2,"name":"Tienda","item":"https:\/\/eg-reeds.com\/es\/tienda\/"},{"@type":"ListItem","position":3,"name":"Tubos oboe EG-REEDS (1 kg)."}]},{"@type":"WebSite","@id":"https:\/\/eg-reeds.com\/es\/#website","url":"https:\/\/eg-reeds.com\/es\/","name":"www.eg-reeds.com","description":"Ca\u00f1as oboe","publisher":{"@id":"https:\/\/eg-reeds.com\/es\/#organization"},"alternateName":"eg-reeds.com","potentialAction":[{"@type":"SearchAction","target":{"@type":"EntryPoint","urlTemplate":"https:\/\/eg-reeds.com\/es\/?s={search_term_string}"},"query-input":{"@type":"PropertyValueSpecification","valueRequired":true,"valueName":"search_term_string"}}],"inLanguage":"es"},{"@type":"Organization","@id":"https:\/\/eg-reeds.com\/es\/#organization","name":"www.eg-reeds.com","url":"https:\/\/eg-reeds.com\/es\/","logo":{"@type":"ImageObject","inLanguage":"es","@id":"https:\/\/eg-reeds.com\/es\/#\/schema\/logo\/image\/","url":"https:\/\/eg-reeds.com\/wp-content\/uploads\/2024\/06\/Logo-scaled-e1718793906611.jpg","contentUrl":"https:\/\/eg-reeds.com\/wp-content\/uploads\/2024\/06\/Logo-scaled-e1718793906611.jpg","width":1200,"height":493,"caption":"www.eg-reeds.com"},"image":{"@id":"https:\/\/eg-reeds.com\/es\/#\/schema\/logo\/image\/"},"sameAs":["https:\/\/www.facebook.com\/EGREEDS","https:\/\/x.com\/egreeds","https:\/\/www.instagram.com\/egreeds\/","https:\/\/www.youtube.com\/c\/EGREEDS","https:\/\/www.threads.net\/@egreeds","https:\/\/www.tiktok.com\/@egreeds"]}]},"og_availability":"instock","product_availability":"instock","product_retailer_item_id":"TB1","product_condition":"new"},"_links":{"self":[{"href":"https:\/\/eg-reeds.com\/es\/wp-json\/wp\/v2\/product\/1558","targetHints":{"allow":["GET"]}}],"collection":[{"href":"https:\/\/eg-reeds.com\/es\/wp-json\/wp\/v2\/product"}],"about":[{"href":"https:\/\/eg-reeds.com\/es\/wp-json\/wp\/v2\/types\/product"}],"replies":[{"embeddable":true,"href":"https:\/\/eg-reeds.com\/es\/wp-json\/wp\/v2\/comments?post=1558"}],"wp:featuredmedia":[{"embeddable":true,"href":"https:\/\/eg-reeds.com\/es\/wp-json\/wp\/v2\/media\/24891"}],"wp:attachment":[{"href":"https:\/\/eg-reeds.com\/es\/wp-json\/wp\/v2\/media?parent=1558"}],"wp:term":[{"taxonomy":"product_brand","embeddable":true,"href":"https:\/\/eg-reeds.com\/es\/wp-json\/wp\/v2\/product_brand?post=1558"},{"taxonomy":"product_cat","embeddable":true,"href":"https:\/\/eg-reeds.com\/es\/wp-json\/wp\/v2\/product_cat?post=1558"},{"taxonomy":"product_tag","embeddable":true,"href":"https:\/\/eg-reeds.com\/es\/wp-json\/wp\/v2\/product_tag?post=1558"},{"taxonomy":"giftcard-category","embeddable":true,"href":"https:\/\/eg-reeds.com\/es\/wp-json\/wp\/v2\/giftcard-category?post=1558"}],"curies":[{"name":"wp","href":"https:\/\/api.w.org\/{rel}","templated":true}]}}