{"id":1560,"date":"2015-02-03T10:05:48","date_gmt":"2015-02-03T09:05:48","guid":{"rendered":"http:\/\/localhost:8888\/shop\/uncategorized\/maquina-k-ge-para-medir-la-flexibilidad-de-la-cana-gubiada\/"},"modified":"2022-04-21T12:47:20","modified_gmt":"2022-04-21T11:47:20","slug":"maquina-flexibilidad-k-ge","status":"publish","type":"product","link":"https:\/\/eg-reeds.com\/es\/shop\/maquinas-hacer-canas\/kge\/maquina-flexibilidad-k-ge\/","title":{"rendered":"M\u00e1quina flexibilidad K.GE"},"content":{"rendered":"<h1><strong>M\u00e1quina flexibilidad K.GE.<\/strong><\/h1>\n<p>M\u00e1quina flexibilidad K.GE. M\u00e1quina para medir la flexibilidad de la ca\u00f1a gubiada K.GE<span style=\"font-size: 14.4px;\">.<\/span><\/p>\n<p>Env\u00edo en 30 d\u00edas aproximadamente, dependiendo del stock.<\/p>\n<p>Esta nueva herramienta est\u00e1 completamente dise\u00f1ada y desarrollada por K.GE. La m\u00e1quina permite medir con precisi\u00f3n el grado de flexibilidad de la ca\u00f1a. Esto facilita el proceso de raspado, ya que sabemos si la ca\u00f1a es dura, media o blanda, con una medida precisa. En la pesta\u00f1a V\u00eddeos puedes observar con detalle\u00a0c\u00f3mo funciona. La siguiente imagen (haga clic para ampliar) muestra las medidas para determinar si la ca\u00f1a es blanda, media o dura.<\/p>\n<p><img loading=\"lazy\" decoding=\"async\" class=\"alignnone wp-image-2031\" src=\"https:\/\/eg-reeds.com\/wp-content\/uploads\/2015\/02\/Flexibility-test-measures-KGE.jpg\" alt=\"Flexibility test measures KGE\" width=\"420\" height=\"314\" srcset=\"https:\/\/eg-reeds.com\/wp-content\/uploads\/2015\/02\/Flexibility-test-measures-KGE.jpg 960w, https:\/\/eg-reeds.com\/wp-content\/uploads\/2015\/02\/Flexibility-test-measures-KGE-600x449.jpg 600w\" sizes=\"auto, (max-width: 420px) 100vw, 420px\" \/><\/p>\n<p>Imagen proporcionada por K.GE.<\/p>\n<iframe loading=\"lazy\" src=\"https:\/\/www.youtube.com\/embed\/M9vPPCHhgRI\" width=\"340\" height=\"240\" frameborder=\"0\" allowfullscreen=\"allowfullscreen\"><\/iframe>\n","protected":false},"excerpt":{"rendered":"<p>M\u00e1quina flexibilidad K.GE. M\u00e1quina flexibilidad K.GE. M\u00e1quina para medir la flexibilidad de la ca\u00f1a gubiada K.GE. Env\u00edo en 30 d\u00edas aproximadamente, dependiendo del stock. Esta nueva herramienta est\u00e1 completamente dise\u00f1ada y desarrollada por K.GE. La m\u00e1quina permite medir con precisi\u00f3n el grado de flexibilidad de la ca\u00f1a. Esto facilita el proceso de raspado, ya que [&#8230;]\n","protected":false},"featured_media":22922,"comment_status":"open","ping_status":"closed","template":"","meta":[],"product_brand":[],"product_cat":[480,1344],"product_tag":[],"giftcard-category":[],"class_list":{"0":"post-1560","1":"product","2":"type-product","3":"status-publish","4":"has-post-thumbnail","6":"product_cat-maquinas-hacer-canas","7":"product_cat-kge","8":"product_shipping_class-rmm-es","10":"first","11":"outofstock","12":"taxable","13":"shipping-taxable","14":"purchasable","15":"product-type-simple"},"yoast_head":"<!-- This site is optimized with the Yoast SEO Premium plugin v27.0 (Yoast SEO v27.3) - https:\/\/yoast.com\/product\/yoast-seo-premium-wordpress\/ -->\n<title>M\u00e1quina flexibilidad K.GE - www.eg-reeds.com<\/title>\n<meta name=\"description\" content=\"M\u00e1quina flexibilidad K.GE, m\u00e1quina flexibilidad, m\u00e1quina flexibilidad palas, m\u00e1quina KGE, flexibilidad KGE, K.GE, KGE, palas oboe\" \/>\n<meta name=\"robots\" content=\"index, follow, max-snippet:-1, max-image-preview:large, max-video-preview:-1\" \/>\n<link rel=\"canonical\" href=\"https:\/\/eg-reeds.com\/es\/shop\/maquinas-hacer-canas\/kge\/maquina-flexibilidad-k-ge\/\" \/>\n<meta property=\"og:locale\" content=\"es_ES\" \/>\n<meta property=\"og:type\" content=\"article\" \/>\n<meta property=\"og:title\" content=\"M\u00e1quina flexibilidad K.GE\" \/>\n<meta property=\"og:description\" content=\"M\u00e1quina flexibilidad K.GE, m\u00e1quina flexibilidad, m\u00e1quina flexibilidad palas, m\u00e1quina KGE, flexibilidad KGE, K.GE, KGE, palas oboe\" \/>\n<meta property=\"og:url\" content=\"https:\/\/eg-reeds.com\/es\/shop\/maquinas-hacer-canas\/kge\/maquina-flexibilidad-k-ge\/\" \/>\n<meta property=\"og:site_name\" content=\"www.eg-reeds.com\" \/>\n<meta property=\"article:publisher\" content=\"https:\/\/www.facebook.com\/EGREEDS\" \/>\n<meta property=\"article:modified_time\" content=\"2022-04-21T11:47:20+00:00\" \/>\n<meta property=\"og:image\" content=\"https:\/\/eg-reeds.com\/wp-content\/uploads\/2017\/01\/Flexibility-test-machine-KGE-EG-REEDS.jpg\" \/>\n\t<meta property=\"og:image:width\" content=\"640\" \/>\n\t<meta property=\"og:image:height\" content=\"544\" \/>\n\t<meta property=\"og:image:type\" content=\"image\/jpeg\" \/>\n<meta name=\"twitter:card\" content=\"summary_large_image\" \/>\n<meta name=\"twitter:site\" content=\"@egreeds\" \/>\n<meta name=\"twitter:label1\" content=\"Precio\" \/>\n\t<meta name=\"twitter:data1\" content=\"1.050,00&euro;\" \/>\n\t<meta name=\"twitter:label2\" content=\"Disponibilidad\" \/>\n\t<meta name=\"twitter:data2\" content=\"Sin existencias\" \/>\n<script type=\"application\/ld+json\" class=\"yoast-schema-graph\">{\"@context\":\"https:\\\/\\\/schema.org\",\"@graph\":[{\"@type\":[\"WebPage\",\"ItemPage\"],\"@id\":\"https:\\\/\\\/eg-reeds.com\\\/es\\\/shop\\\/maquinas-hacer-canas\\\/kge\\\/maquina-flexibilidad-k-ge\\\/\",\"url\":\"https:\\\/\\\/eg-reeds.com\\\/es\\\/shop\\\/maquinas-hacer-canas\\\/kge\\\/maquina-flexibilidad-k-ge\\\/\",\"name\":\"M\u00e1quina flexibilidad K.GE - www.eg-reeds.com\",\"isPartOf\":{\"@id\":\"https:\\\/\\\/eg-reeds.com\\\/es\\\/#website\"},\"primaryImageOfPage\":{\"@id\":\"https:\\\/\\\/eg-reeds.com\\\/es\\\/shop\\\/maquinas-hacer-canas\\\/kge\\\/maquina-flexibilidad-k-ge\\\/#primaryimage\"},\"image\":{\"@id\":\"https:\\\/\\\/eg-reeds.com\\\/es\\\/shop\\\/maquinas-hacer-canas\\\/kge\\\/maquina-flexibilidad-k-ge\\\/#primaryimage\"},\"thumbnailUrl\":\"https:\\\/\\\/eg-reeds.com\\\/wp-content\\\/uploads\\\/2017\\\/01\\\/Flexibility-test-machine-KGE-EG-REEDS.jpg\",\"datePublished\":\"2015-02-03T09:05:48+00:00\",\"dateModified\":\"2022-04-21T11:47:20+00:00\",\"description\":\"M\u00e1quina flexibilidad K.GE, m\u00e1quina flexibilidad, m\u00e1quina flexibilidad palas, m\u00e1quina KGE, flexibilidad KGE, K.GE, KGE, palas oboe\",\"breadcrumb\":{\"@id\":\"https:\\\/\\\/eg-reeds.com\\\/es\\\/shop\\\/maquinas-hacer-canas\\\/kge\\\/maquina-flexibilidad-k-ge\\\/#breadcrumb\"},\"inLanguage\":\"es\",\"potentialAction\":[{\"@type\":\"ReadAction\",\"target\":[\"https:\\\/\\\/eg-reeds.com\\\/es\\\/shop\\\/maquinas-hacer-canas\\\/kge\\\/maquina-flexibilidad-k-ge\\\/\"]}]},{\"@type\":\"ImageObject\",\"inLanguage\":\"es\",\"@id\":\"https:\\\/\\\/eg-reeds.com\\\/es\\\/shop\\\/maquinas-hacer-canas\\\/kge\\\/maquina-flexibilidad-k-ge\\\/#primaryimage\",\"url\":\"https:\\\/\\\/eg-reeds.com\\\/wp-content\\\/uploads\\\/2017\\\/01\\\/Flexibility-test-machine-KGE-EG-REEDS.jpg\",\"contentUrl\":\"https:\\\/\\\/eg-reeds.com\\\/wp-content\\\/uploads\\\/2017\\\/01\\\/Flexibility-test-machine-KGE-EG-REEDS.jpg\",\"width\":640,\"height\":544,\"caption\":\"M\u00e1quina flexibilidad\"},{\"@type\":\"BreadcrumbList\",\"@id\":\"https:\\\/\\\/eg-reeds.com\\\/es\\\/shop\\\/maquinas-hacer-canas\\\/kge\\\/maquina-flexibilidad-k-ge\\\/#breadcrumb\",\"itemListElement\":[{\"@type\":\"ListItem\",\"position\":1,\"name\":\"Inicio\",\"item\":\"https:\\\/\\\/eg-reeds.com\\\/es\\\/\"},{\"@type\":\"ListItem\",\"position\":2,\"name\":\"Tienda\",\"item\":\"https:\\\/\\\/eg-reeds.com\\\/es\\\/\"},{\"@type\":\"ListItem\",\"position\":3,\"name\":\"M\u00e1quina flexibilidad K.GE\"}]},{\"@type\":\"WebSite\",\"@id\":\"https:\\\/\\\/eg-reeds.com\\\/es\\\/#website\",\"url\":\"https:\\\/\\\/eg-reeds.com\\\/es\\\/\",\"name\":\"www.eg-reeds.com\",\"description\":\"Ca\u00f1as oboe\",\"publisher\":{\"@id\":\"https:\\\/\\\/eg-reeds.com\\\/es\\\/#organization\"},\"alternateName\":\"eg-reeds.com\",\"potentialAction\":[{\"@type\":\"SearchAction\",\"target\":{\"@type\":\"EntryPoint\",\"urlTemplate\":\"https:\\\/\\\/eg-reeds.com\\\/es\\\/?s={search_term_string}\"},\"query-input\":{\"@type\":\"PropertyValueSpecification\",\"valueRequired\":true,\"valueName\":\"search_term_string\"}}],\"inLanguage\":\"es\"},{\"@type\":\"Organization\",\"@id\":\"https:\\\/\\\/eg-reeds.com\\\/es\\\/#organization\",\"name\":\"www.eg-reeds.com\",\"url\":\"https:\\\/\\\/eg-reeds.com\\\/es\\\/\",\"logo\":{\"@type\":\"ImageObject\",\"inLanguage\":\"es\",\"@id\":\"https:\\\/\\\/eg-reeds.com\\\/es\\\/#\\\/schema\\\/logo\\\/image\\\/\",\"url\":\"https:\\\/\\\/eg-reeds.com\\\/wp-content\\\/uploads\\\/2024\\\/06\\\/Logo-scaled-e1718793906611.jpg\",\"contentUrl\":\"https:\\\/\\\/eg-reeds.com\\\/wp-content\\\/uploads\\\/2024\\\/06\\\/Logo-scaled-e1718793906611.jpg\",\"width\":1200,\"height\":493,\"caption\":\"www.eg-reeds.com\"},\"image\":{\"@id\":\"https:\\\/\\\/eg-reeds.com\\\/es\\\/#\\\/schema\\\/logo\\\/image\\\/\"},\"sameAs\":[\"https:\\\/\\\/www.facebook.com\\\/EGREEDS\",\"https:\\\/\\\/x.com\\\/egreeds\",\"https:\\\/\\\/www.instagram.com\\\/egreeds\\\/\",\"https:\\\/\\\/www.youtube.com\\\/c\\\/EGREEDS\",\"https:\\\/\\\/www.threads.net\\\/@egreeds\",\"https:\\\/\\\/www.tiktok.com\\\/@egreeds\"]}]}<\/script>\n<meta property=\"product:price:amount\" content=\"1050.00\" \/>\n<meta property=\"product:price:currency\" content=\"EUR\" \/>\n<meta property=\"og:availability\" content=\"out of stock\" \/>\n<meta property=\"product:availability\" content=\"out of stock\" \/>\n<meta property=\"product:retailer_item_id\" content=\"MKGEF\" \/>\n<meta property=\"product:condition\" content=\"new\" \/>\n<!-- \/ Yoast SEO Premium plugin. -->","yoast_head_json":{"title":"M\u00e1quina flexibilidad K.GE - www.eg-reeds.com","description":"M\u00e1quina flexibilidad K.GE, m\u00e1quina flexibilidad, m\u00e1quina flexibilidad palas, m\u00e1quina KGE, flexibilidad KGE, K.GE, KGE, palas oboe","robots":{"index":"index","follow":"follow","max-snippet":"max-snippet:-1","max-image-preview":"max-image-preview:large","max-video-preview":"max-video-preview:-1"},"canonical":"https:\/\/eg-reeds.com\/es\/shop\/maquinas-hacer-canas\/kge\/maquina-flexibilidad-k-ge\/","og_locale":"es_ES","og_type":"article","og_title":"M\u00e1quina flexibilidad K.GE","og_description":"M\u00e1quina flexibilidad K.GE, m\u00e1quina flexibilidad, m\u00e1quina flexibilidad palas, m\u00e1quina KGE, flexibilidad KGE, K.GE, KGE, palas oboe","og_url":"https:\/\/eg-reeds.com\/es\/shop\/maquinas-hacer-canas\/kge\/maquina-flexibilidad-k-ge\/","og_site_name":"www.eg-reeds.com","article_publisher":"https:\/\/www.facebook.com\/EGREEDS","article_modified_time":"2022-04-21T11:47:20+00:00","og_image":[{"width":640,"height":544,"url":"https:\/\/eg-reeds.com\/wp-content\/uploads\/2017\/01\/Flexibility-test-machine-KGE-EG-REEDS.jpg","type":"image\/jpeg"}],"twitter_card":"summary_large_image","twitter_site":"@egreeds","twitter_misc":{"Precio":"1.050,00&euro;","Disponibilidad":"Sin existencias"},"schema":{"@context":"https:\/\/schema.org","@graph":[{"@type":["WebPage","ItemPage"],"@id":"https:\/\/eg-reeds.com\/es\/shop\/maquinas-hacer-canas\/kge\/maquina-flexibilidad-k-ge\/","url":"https:\/\/eg-reeds.com\/es\/shop\/maquinas-hacer-canas\/kge\/maquina-flexibilidad-k-ge\/","name":"M\u00e1quina flexibilidad K.GE - www.eg-reeds.com","isPartOf":{"@id":"https:\/\/eg-reeds.com\/es\/#website"},"primaryImageOfPage":{"@id":"https:\/\/eg-reeds.com\/es\/shop\/maquinas-hacer-canas\/kge\/maquina-flexibilidad-k-ge\/#primaryimage"},"image":{"@id":"https:\/\/eg-reeds.com\/es\/shop\/maquinas-hacer-canas\/kge\/maquina-flexibilidad-k-ge\/#primaryimage"},"thumbnailUrl":"https:\/\/eg-reeds.com\/wp-content\/uploads\/2017\/01\/Flexibility-test-machine-KGE-EG-REEDS.jpg","datePublished":"2015-02-03T09:05:48+00:00","dateModified":"2022-04-21T11:47:20+00:00","description":"M\u00e1quina flexibilidad K.GE, m\u00e1quina flexibilidad, m\u00e1quina flexibilidad palas, m\u00e1quina KGE, flexibilidad KGE, K.GE, KGE, palas oboe","breadcrumb":{"@id":"https:\/\/eg-reeds.com\/es\/shop\/maquinas-hacer-canas\/kge\/maquina-flexibilidad-k-ge\/#breadcrumb"},"inLanguage":"es","potentialAction":[{"@type":"ReadAction","target":["https:\/\/eg-reeds.com\/es\/shop\/maquinas-hacer-canas\/kge\/maquina-flexibilidad-k-ge\/"]}]},{"@type":"ImageObject","inLanguage":"es","@id":"https:\/\/eg-reeds.com\/es\/shop\/maquinas-hacer-canas\/kge\/maquina-flexibilidad-k-ge\/#primaryimage","url":"https:\/\/eg-reeds.com\/wp-content\/uploads\/2017\/01\/Flexibility-test-machine-KGE-EG-REEDS.jpg","contentUrl":"https:\/\/eg-reeds.com\/wp-content\/uploads\/2017\/01\/Flexibility-test-machine-KGE-EG-REEDS.jpg","width":640,"height":544,"caption":"M\u00e1quina flexibilidad"},{"@type":"BreadcrumbList","@id":"https:\/\/eg-reeds.com\/es\/shop\/maquinas-hacer-canas\/kge\/maquina-flexibilidad-k-ge\/#breadcrumb","itemListElement":[{"@type":"ListItem","position":1,"name":"Inicio","item":"https:\/\/eg-reeds.com\/es\/"},{"@type":"ListItem","position":2,"name":"Tienda","item":"https:\/\/eg-reeds.com\/es\/"},{"@type":"ListItem","position":3,"name":"M\u00e1quina flexibilidad K.GE"}]},{"@type":"WebSite","@id":"https:\/\/eg-reeds.com\/es\/#website","url":"https:\/\/eg-reeds.com\/es\/","name":"www.eg-reeds.com","description":"Ca\u00f1as oboe","publisher":{"@id":"https:\/\/eg-reeds.com\/es\/#organization"},"alternateName":"eg-reeds.com","potentialAction":[{"@type":"SearchAction","target":{"@type":"EntryPoint","urlTemplate":"https:\/\/eg-reeds.com\/es\/?s={search_term_string}"},"query-input":{"@type":"PropertyValueSpecification","valueRequired":true,"valueName":"search_term_string"}}],"inLanguage":"es"},{"@type":"Organization","@id":"https:\/\/eg-reeds.com\/es\/#organization","name":"www.eg-reeds.com","url":"https:\/\/eg-reeds.com\/es\/","logo":{"@type":"ImageObject","inLanguage":"es","@id":"https:\/\/eg-reeds.com\/es\/#\/schema\/logo\/image\/","url":"https:\/\/eg-reeds.com\/wp-content\/uploads\/2024\/06\/Logo-scaled-e1718793906611.jpg","contentUrl":"https:\/\/eg-reeds.com\/wp-content\/uploads\/2024\/06\/Logo-scaled-e1718793906611.jpg","width":1200,"height":493,"caption":"www.eg-reeds.com"},"image":{"@id":"https:\/\/eg-reeds.com\/es\/#\/schema\/logo\/image\/"},"sameAs":["https:\/\/www.facebook.com\/EGREEDS","https:\/\/x.com\/egreeds","https:\/\/www.instagram.com\/egreeds\/","https:\/\/www.youtube.com\/c\/EGREEDS","https:\/\/www.threads.net\/@egreeds","https:\/\/www.tiktok.com\/@egreeds"]}]},"product_price_amount":"1050.00","product_price_currency":"EUR","og_availability":"out of stock","product_availability":"out of stock","product_retailer_item_id":"MKGEF","product_condition":"new"},"_links":{"self":[{"href":"https:\/\/eg-reeds.com\/es\/wp-json\/wp\/v2\/product\/1560","targetHints":{"allow":["GET"]}}],"collection":[{"href":"https:\/\/eg-reeds.com\/es\/wp-json\/wp\/v2\/product"}],"about":[{"href":"https:\/\/eg-reeds.com\/es\/wp-json\/wp\/v2\/types\/product"}],"replies":[{"embeddable":true,"href":"https:\/\/eg-reeds.com\/es\/wp-json\/wp\/v2\/comments?post=1560"}],"wp:featuredmedia":[{"embeddable":true,"href":"https:\/\/eg-reeds.com\/es\/wp-json\/wp\/v2\/media\/22922"}],"wp:attachment":[{"href":"https:\/\/eg-reeds.com\/es\/wp-json\/wp\/v2\/media?parent=1560"}],"wp:term":[{"taxonomy":"product_brand","embeddable":true,"href":"https:\/\/eg-reeds.com\/es\/wp-json\/wp\/v2\/product_brand?post=1560"},{"taxonomy":"product_cat","embeddable":true,"href":"https:\/\/eg-reeds.com\/es\/wp-json\/wp\/v2\/product_cat?post=1560"},{"taxonomy":"product_tag","embeddable":true,"href":"https:\/\/eg-reeds.com\/es\/wp-json\/wp\/v2\/product_tag?post=1560"},{"taxonomy":"giftcard-category","embeddable":true,"href":"https:\/\/eg-reeds.com\/es\/wp-json\/wp\/v2\/giftcard-category?post=1560"}],"curies":[{"name":"wp","href":"https:\/\/api.w.org\/{rel}","templated":true}]}}