{"id":1562,"date":"2015-02-03T09:06:39","date_gmt":"2015-02-03T09:06:39","guid":{"rendered":"http:\/\/localhost:8888\/shop\/uncategorized\/maquina-k-ge-para-el-raspado-de-canas-de-oboe-y-corno-ingles\/"},"modified":"2025-06-09T13:27:32","modified_gmt":"2025-06-09T11:27:32","slug":"maquina-de-raspar-k-ge-oboe-y-corno-ingles","status":"publish","type":"product","link":"https:\/\/eg-reeds.com\/es\/shop\/maquinas-hacer-canas\/kge\/maquina-de-raspar-k-ge-oboe-y-corno-ingles\/","title":{"rendered":"M\u00e1quina de raspar K.GE (oboe y corno ingl\u00e9s)"},"content":{"rendered":"<h1><strong>M\u00e1quina de raspar K.GE (para ca\u00f1as de oboe y corno ingl\u00e9s).<\/strong><\/h1>\n<p>M\u00e1quina de raspar K.GE (para ca\u00f1as de oboe y corno ingl\u00e9s).<\/p>\n<p>Env\u00edo en <strong>30 d\u00edas aproximadamente<\/strong>, dependiendo del fabricante.<\/p>\n<p>La m\u00e1quina de raspar K.GE es la herramienta ideal para obo\u00edstas y m\u00fasicos de corno ingl\u00e9s que buscan precisi\u00f3n y consistencia en la preparaci\u00f3n de sus ca\u00f1as. Con un dise\u00f1o robusto, esta m\u00e1quina permite realizar ajustes minuciosos en el raspado de ca\u00f1as, asegurando un rendimiento \u00f3ptimo.<\/p>\n<p>Las configuraciones y variaciones de la m\u00e1quina de raspar son muchas y muy personalizables. Te da la libertad de una navaja y la precisi\u00f3n de una m\u00e1quina. Abajo te dejamos v\u00eddeos donde se puede observar detenidamente el funcionamiento de la m\u00e1quina y tambi\u00e9n las preguntas m\u00e1s frecuentes.<\/p>\n<h2>K.GE Servicio T\u00e9cnico Oficial Autorizado.<\/h2>\n<p>Adem\u00e1s en EG-REEDS disponemos de servicio t\u00e9cnico oficial autorizado y entrenado personalmente por K.GE para <a href=\"http:\/\/www.shop.kge-doublereeds.com\/Suppliers-of-KGE-REEDS-in-Spain-dealer-sp.htm\" target=\"_blank\" rel=\"noopener\"><strong>Espa\u00f1a<\/strong><\/a>\u00a0y\u00a0<a href=\"http:\/\/www.shop.kge-doublereeds.com\/Suppliers-of-KGE-REEDS-in-Portugal-dealer-pt.htm\" target=\"_blank\" rel=\"noopener\"><strong>Portugal<\/strong>.<\/a><\/p>\n<div><strong>Solo para m\u00e1quinas compradas en <a href=\"http:\/\/eg-reeds.com\" target=\"_blank\" rel=\"noopener\">www.eg-reeds.com<\/a><\/strong><\/div>\n<blockquote class=\"wp-embedded-content\" data-secret=\"RdgUMK2NbF\"><p><a href=\"https:\/\/eg-reeds.com\/es\/k-ge-servicio-tecnico-oficial\/\">K.GE Servicio T\u00e9cnico Oficial<\/a><\/p><\/blockquote>\n<p><iframe loading=\"lazy\" class=\"wp-embedded-content\" sandbox=\"allow-scripts\" security=\"restricted\" style=\"position: absolute; visibility: hidden;\" title=\"\u00abK.GE Servicio T\u00e9cnico Oficial\u00bb \u2014 www.eg-reeds.com\" src=\"https:\/\/eg-reeds.com\/es\/k-ge-servicio-tecnico-oficial\/embed\/#?secret=xpCIupvprV#?secret=RdgUMK2NbF\" data-secret=\"RdgUMK2NbF\" width=\"600\" height=\"338\" frameborder=\"0\" marginwidth=\"0\" marginheight=\"0\" scrolling=\"no\"><\/iframe><\/p>\n<p>&nbsp;<\/p>\n<h2>M\u00e1quina raspado KGE.<\/h2>\n<p><span style=\"font-weight: 400;\">\u00abA diferencia de otras m\u00e1quinas de raspar previamente dise\u00f1adas y vendidas por otros fabricantes, esta m\u00e1quina finaliza totalmente la ca\u00f1a para poder tocar con ella. No es necesario retocar la ca\u00f1a con una navaja, ya que la m\u00e1quina tiene una gran variedad de ajustes que permite finalizar tu ca\u00f1a totalmente con la m\u00e1quina. Creemos que esta m\u00e1quina de raspar es un dispositivo revolucionario, que har\u00e1 que la tarea de hacer ca\u00f1as lleve mucho menos tiempo y lo m\u00e1s importante, un proceso m\u00e1s predecible y fiable. Gracias al molde dise\u00f1ado por ordenador, se pueden hacer r\u00e1pidamente ca\u00f1as perfectamente equilibradas\u00bb. *<\/span><\/p>\n<p><span style=\"font-weight: 400;\">* Informaci\u00f3n proporcionada por K.GE.<\/span><\/p>\n<p><a href=\"http:\/\/eg-reeds.com\/wp-content\/uploads\/2015\/02\/kge-reeds.jpg\"><img loading=\"lazy\" decoding=\"async\" class=\"wp-image-1361\" src=\"http:\/\/eg-reeds.com\/wp-content\/uploads\/2015\/02\/kge-reeds-300x202.jpg\" alt=\"M\u00e1quina de raspar K.GE, ca\u00f1a modelo alem\u00e1n y franc\u00e9s\" width=\"304\" height=\"205\" \/><\/a><\/p>\n<p>Ca\u00f1a modelo alem\u00e1n y franc\u00e9s.https:\/\/www.youtube.com\/watch?v=4kvuZDobYRY&amp;list=PLModsvpiqYEcJhtXwGlpzuVQywqFawbvj&amp;index=2<\/p>\n<h3 class=\"accordion_title\">FAQs<\/h3><div class=\"accordion\">\n\t<div id=\"accordion-2278278246\" class=\"accordion-item\">\n\t\t<a id=\"accordion-2278278246-label\" class=\"accordion-title plain\" href=\"#accordion-item-\u00bfse-pueden-hacer-ca\u00f1as-de-corno-ingl\u00e9s?\" aria-expanded=\"false\" aria-controls=\"accordion-2278278246-content\">\n\t\t\t<button class=\"toggle\" aria-label=\"Toggle\"><i class=\"icon-angle-down\" aria-hidden=\"true\"><\/i><\/button>\n\t\t\t<span>\u00bfSe pueden hacer ca\u00f1as de corno ingl\u00e9s?<\/span>\n\t\t<\/a>\n\t\t<div id=\"accordion-2278278246-content\" class=\"accordion-inner\" aria-labelledby=\"accordion-2278278246-label\">\n\t\t\t\n<p><span style=\"font-weight: 400;\">S\u00ed. Solo tienes que seguir unos sencillos pasos y en cuesti\u00f3n de segundos tendr\u00e1s tu m\u00e1quina lista para hacer ca\u00f1as de corno ingl\u00e9s. Puedes ver todos los v\u00eddeo tutoriales en la pesta\u00f1a \u00abV\u00eddeos\u00bb.<\/span><br \/>\n\t\t<\/div>\n\t<\/div>\n\t\n\t<div id=\"accordion-3525422385\" class=\"accordion-item\">\n\t\t<a id=\"accordion-3525422385-label\" class=\"accordion-title plain\" href=\"#accordion-item-\u00bfpuedo-modificar-el-largo-del-raspado-sin-modificar-la-punta?\" aria-expanded=\"false\" aria-controls=\"accordion-3525422385-content\">\n\t\t\t<button class=\"toggle\" aria-label=\"Toggle\"><i class=\"icon-angle-down\" aria-hidden=\"true\"><\/i><\/button>\n\t\t\t<span>\u00bfPuedo modificar el largo del raspado sin modificar la punta?<\/span>\n\t\t<\/a>\n\t\t<div id=\"accordion-3525422385-content\" class=\"accordion-inner\" aria-labelledby=\"accordion-3525422385-label\">\n\t\t\t\n<p><span style=\"font-weight: 400;\"> Se puede modificar el largo del raspado manteniendo la misma punta de la ca\u00f1a, s\u00ed.<\/span><br \/>\n\t\t<\/div>\n\t<\/div>\n\t\n\t<div id=\"accordion-2411502951\" class=\"accordion-item\">\n\t\t<a id=\"accordion-2411502951-label\" class=\"accordion-title plain\" href=\"#accordion-item-\u00bfpuedo-modificar-la-punta-sin-modificar-el-largo-del-raspado?\" aria-expanded=\"false\" aria-controls=\"accordion-2411502951-content\">\n\t\t\t<button class=\"toggle\" aria-label=\"Toggle\"><i class=\"icon-angle-down\" aria-hidden=\"true\"><\/i><\/button>\n\t\t\t<span>\u00bfPuedo modificar la punta sin modificar el largo del raspado?<\/span>\n\t\t<\/a>\n\t\t<div id=\"accordion-2411502951-content\" class=\"accordion-inner\" aria-labelledby=\"accordion-2411502951-label\">\n\t\t\t\n<p><span style=\"font-weight: 400;\">S\u00ed, puedes modificar la punta sin modificar el largo del raspado. <\/span><br \/>\n\t\t<\/div>\n\t<\/div>\n\t\n\t<div id=\"accordion-281797264\" class=\"accordion-item\">\n\t\t<a id=\"accordion-281797264-label\" class=\"accordion-title plain\" href=\"#accordion-item-\u00bfpuedo-ajustar-la-cantidad-de-ca\u00f1a-que-quita-de-la-parte-de-atr\u00e1s-del-raspado?\" aria-expanded=\"false\" aria-controls=\"accordion-281797264-content\">\n\t\t\t<button class=\"toggle\" aria-label=\"Toggle\"><i class=\"icon-angle-down\" aria-hidden=\"true\"><\/i><\/button>\n\t\t\t<span>\u00bfPuedo ajustar la cantidad de ca\u00f1a que quita de la parte de atr\u00e1s del raspado?<\/span>\n\t\t<\/a>\n\t\t<div id=\"accordion-281797264-content\" class=\"accordion-inner\" aria-labelledby=\"accordion-281797264-label\">\n\t\t\t\n<span style=\"font-weight: 400;\">S\u00ed, gracias al muelle situado detr\u00e1s de la cuchilla podr\u00e1s ajustar la cantidad de madera que quieres quitar de la parte de atr\u00e1s.<\/span><br \/>\n\t\t<\/div>\n\t<\/div>\n\t\n\t<div id=\"accordion-922352361\" class=\"accordion-item\">\n\t\t<a id=\"accordion-922352361-label\" class=\"accordion-title plain\" href=\"#accordion-item-\u00bfqu\u00e9-diferencias-hay-entre-el-modelo-alem\u00e1n-y-el-modelo-franc\u00e9s?\" aria-expanded=\"false\" aria-controls=\"accordion-922352361-content\">\n\t\t\t<button class=\"toggle\" aria-label=\"Toggle\"><i class=\"icon-angle-down\" aria-hidden=\"true\"><\/i><\/button>\n\t\t\t<span>\u00bfQu\u00e9 diferencias hay entre el modelo alem\u00e1n y el modelo franc\u00e9s?<\/span>\n\t\t<\/a>\n\t\t<div id=\"accordion-922352361-content\" class=\"accordion-inner\" aria-labelledby=\"accordion-922352361-label\">\n\t\t\t\n<p><span style=\"font-weight: 400;\">El molde de la ca\u00f1a alemana hace que la punta sea menos progresiva mientras que el molde franc\u00e9s hace una punta m\u00e1s progresiva y m\u00e1s conectada con el cuerpo de la ca\u00f1a. Los dos modelos emiten de una forma muy f\u00e1cil y estable.<\/span><br \/>\n\t\t<\/div>\n\t<\/div>\n\t\n<\/div>\n<iframe loading=\"lazy\" src=\"https:\/\/www.youtube.com\/embed\/G95Vxt_4MmY\" width=\"290\" height=\"218\" frameborder=\"0\" allowfullscreen=\"allowfullscreen\"><\/iframe>\u00a0 \u00a0 \u00a0 \u00a0\u00a0<iframe loading=\"lazy\" src=\"https:\/\/www.youtube.com\/embed\/xeWpFBNxnZg\" width=\"290\" height=\"218\" frameborder=\"0\" allowfullscreen=\"allowfullscreen\"><\/iframe>\u00a0 \u00a0 \u00a0 \u00a0 \u00a0<iframe loading=\"lazy\" src=\"https:\/\/www.youtube.com\/embed\/217vzGpG7q0\" width=\"290\" height=\"218\" frameborder=\"0\" allowfullscreen=\"allowfullscreen\"><\/iframe>\u00a0 \u00a0 \u00a0 \u00a0 \u00a0<iframe loading=\"lazy\" src=\"https:\/\/www.youtube.com\/embed\/QitrHwV9mLU\" width=\"290\" height=\"218\" frameborder=\"0\" allowfullscreen=\"allowfullscreen\"><\/iframe>\u00a0 \u00a0 \u00a0 \u00a0 <iframe loading=\"lazy\" src=\"https:\/\/www.youtube.com\/embed\/XrOkbPVXnaE\" width=\"290\" height=\"218\" frameborder=\"0\" allowfullscreen=\"allowfullscreen\"><\/iframe>\u00a0 \u00a0 \u00a0 \u00a0 \u00a0<iframe loading=\"lazy\" src=\"https:\/\/www.youtube.com\/embed\/XrOkbPVXnaE\" width=\"290\" height=\"218\" frameborder=\"0\" allowfullscreen=\"allowfullscreen\"><\/iframe>\u00a0 \u00a0 \u00a0 \u00a0 \u00a0<iframe loading=\"lazy\" src=\"https:\/\/www.youtube.com\/embed\/4kvuZDobYRY\" width=\"290\" height=\"218\" frameborder=\"0\" allowfullscreen=\"allowfullscreen\"><\/iframe>\u00a0 \u00a0 \u00a0 \u00a0\u00a0<iframe loading=\"lazy\" src=\"https:\/\/www.youtube.com\/embed\/K8OUcKb6psA\" width=\"290\" height=\"218\" frameborder=\"0\" allowfullscreen=\"allowfullscreen\"><\/iframe>\n","protected":false},"excerpt":{"rendered":"<p>El precio de la m\u00e1quina incluye el ajuste inicial por parte de \u00c9ric Gonz\u00e1lez. Por favor lee la informaci\u00f3n abajo.<\/p>\n","protected":false},"featured_media":24550,"comment_status":"open","ping_status":"closed","template":"","meta":[],"product_brand":[],"product_cat":[480,1344],"product_tag":[],"giftcard-category":[],"class_list":{"0":"post-1562","1":"product","2":"type-product","3":"status-publish","4":"has-post-thumbnail","6":"product_cat-maquinas-hacer-canas","7":"product_cat-kge","8":"product_shipping_class-rmm-es","10":"first","11":"outofstock","12":"taxable","13":"shipping-taxable","14":"purchasable","15":"product-type-variable"},"yoast_head":"<!-- This site is optimized with the Yoast SEO Premium plugin v27.0 (Yoast SEO v27.4) - https:\/\/yoast.com\/product\/yoast-seo-premium-wordpress\/ -->\n<title>M\u00e1quina de raspar K.GE (oboe y corno ingl\u00e9s) - www.eg-reeds.com<\/title>\n<meta name=\"description\" content=\"M\u00e1quina de raspar K.GE para ca\u00f1as de oboe y corno ingl\u00e9s. Modelo alem\u00e1n o franc\u00e9s a elegir. Esta m\u00e1quina finaliza totalmente la ca\u00f1a.\" \/>\n<meta name=\"robots\" content=\"index, follow, max-snippet:-1, max-image-preview:large, max-video-preview:-1\" \/>\n<link rel=\"canonical\" href=\"https:\/\/eg-reeds.com\/es\/shop\/maquinas-hacer-canas\/kge\/maquina-de-raspar-k-ge-oboe-y-corno-ingles\/\" \/>\n<meta property=\"og:locale\" content=\"es_ES\" \/>\n<meta property=\"og:type\" content=\"article\" \/>\n<meta property=\"og:title\" content=\"M\u00e1quina de raspar K.GE (oboe y corno ingl\u00e9s)\" \/>\n<meta property=\"og:description\" content=\"M\u00e1quina de raspar K.GE para ca\u00f1as de oboe y corno ingl\u00e9s. Modelo alem\u00e1n o franc\u00e9s a elegir. Esta m\u00e1quina finaliza totalmente la ca\u00f1a.\" \/>\n<meta property=\"og:url\" content=\"https:\/\/eg-reeds.com\/es\/shop\/maquinas-hacer-canas\/kge\/maquina-de-raspar-k-ge-oboe-y-corno-ingles\/\" \/>\n<meta property=\"og:site_name\" content=\"www.eg-reeds.com\" \/>\n<meta property=\"article:publisher\" content=\"https:\/\/www.facebook.com\/EGREEDS\" \/>\n<meta property=\"article:modified_time\" content=\"2025-06-09T11:27:32+00:00\" \/>\n<meta property=\"og:image\" content=\"https:\/\/eg-reeds.com\/wp-content\/uploads\/2017\/01\/Oboe-Reeds-Making-Profiling-EG-REEDS-1.jpg\" \/>\n\t<meta property=\"og:image:width\" content=\"640\" \/>\n\t<meta property=\"og:image:height\" content=\"544\" \/>\n\t<meta property=\"og:image:type\" content=\"image\/jpeg\" \/>\n<meta name=\"twitter:card\" content=\"summary_large_image\" \/>\n<meta name=\"twitter:site\" content=\"@egreeds\" \/>\n<meta name=\"twitter:label1\" content=\"Disponibilidad\" \/>\n\t<meta name=\"twitter:data1\" content=\"Sin existencias\" \/>\n<script type=\"application\/ld+json\" class=\"yoast-schema-graph\">{\"@context\":\"https:\\\/\\\/schema.org\",\"@graph\":[{\"@type\":[\"WebPage\",\"ItemPage\"],\"@id\":\"https:\\\/\\\/eg-reeds.com\\\/es\\\/shop\\\/maquinas-hacer-canas\\\/kge\\\/maquina-de-raspar-k-ge-oboe-y-corno-ingles\\\/\",\"url\":\"https:\\\/\\\/eg-reeds.com\\\/es\\\/shop\\\/maquinas-hacer-canas\\\/kge\\\/maquina-de-raspar-k-ge-oboe-y-corno-ingles\\\/\",\"name\":\"M\u00e1quina de raspar K.GE (oboe y corno ingl\u00e9s) - www.eg-reeds.com\",\"isPartOf\":{\"@id\":\"https:\\\/\\\/eg-reeds.com\\\/es\\\/#website\"},\"primaryImageOfPage\":{\"@id\":\"https:\\\/\\\/eg-reeds.com\\\/es\\\/shop\\\/maquinas-hacer-canas\\\/kge\\\/maquina-de-raspar-k-ge-oboe-y-corno-ingles\\\/#primaryimage\"},\"image\":{\"@id\":\"https:\\\/\\\/eg-reeds.com\\\/es\\\/shop\\\/maquinas-hacer-canas\\\/kge\\\/maquina-de-raspar-k-ge-oboe-y-corno-ingles\\\/#primaryimage\"},\"thumbnailUrl\":\"https:\\\/\\\/eg-reeds.com\\\/wp-content\\\/uploads\\\/2017\\\/01\\\/Oboe-Reeds-Making-Profiling-EG-REEDS-1.jpg\",\"datePublished\":\"2015-02-03T09:06:39+00:00\",\"dateModified\":\"2025-06-09T11:27:32+00:00\",\"description\":\"M\u00e1quina de raspar K.GE para ca\u00f1as de oboe y corno ingl\u00e9s. Modelo alem\u00e1n o franc\u00e9s a elegir. Esta m\u00e1quina finaliza totalmente la ca\u00f1a.\",\"breadcrumb\":{\"@id\":\"https:\\\/\\\/eg-reeds.com\\\/es\\\/shop\\\/maquinas-hacer-canas\\\/kge\\\/maquina-de-raspar-k-ge-oboe-y-corno-ingles\\\/#breadcrumb\"},\"inLanguage\":\"es\",\"potentialAction\":[{\"@type\":\"ReadAction\",\"target\":[\"https:\\\/\\\/eg-reeds.com\\\/es\\\/shop\\\/maquinas-hacer-canas\\\/kge\\\/maquina-de-raspar-k-ge-oboe-y-corno-ingles\\\/\"]}]},{\"@type\":\"ImageObject\",\"inLanguage\":\"es\",\"@id\":\"https:\\\/\\\/eg-reeds.com\\\/es\\\/shop\\\/maquinas-hacer-canas\\\/kge\\\/maquina-de-raspar-k-ge-oboe-y-corno-ingles\\\/#primaryimage\",\"url\":\"https:\\\/\\\/eg-reeds.com\\\/wp-content\\\/uploads\\\/2017\\\/01\\\/Oboe-Reeds-Making-Profiling-EG-REEDS-1.jpg\",\"contentUrl\":\"https:\\\/\\\/eg-reeds.com\\\/wp-content\\\/uploads\\\/2017\\\/01\\\/Oboe-Reeds-Making-Profiling-EG-REEDS-1.jpg\",\"width\":640,\"height\":544,\"caption\":\"Profiling Machine K.GE\"},{\"@type\":\"BreadcrumbList\",\"@id\":\"https:\\\/\\\/eg-reeds.com\\\/es\\\/shop\\\/maquinas-hacer-canas\\\/kge\\\/maquina-de-raspar-k-ge-oboe-y-corno-ingles\\\/#breadcrumb\",\"itemListElement\":[{\"@type\":\"ListItem\",\"position\":1,\"name\":\"Inicio\",\"item\":\"https:\\\/\\\/eg-reeds.com\\\/es\\\/\"},{\"@type\":\"ListItem\",\"position\":2,\"name\":\"Tienda\",\"item\":\"https:\\\/\\\/eg-reeds.com\\\/es\\\/\"},{\"@type\":\"ListItem\",\"position\":3,\"name\":\"M\u00e1quina de raspar K.GE (oboe y corno ingl\u00e9s)\"}]},{\"@type\":\"WebSite\",\"@id\":\"https:\\\/\\\/eg-reeds.com\\\/es\\\/#website\",\"url\":\"https:\\\/\\\/eg-reeds.com\\\/es\\\/\",\"name\":\"www.eg-reeds.com\",\"description\":\"Ca\u00f1as oboe\",\"publisher\":{\"@id\":\"https:\\\/\\\/eg-reeds.com\\\/es\\\/#organization\"},\"alternateName\":\"eg-reeds.com\",\"potentialAction\":[{\"@type\":\"SearchAction\",\"target\":{\"@type\":\"EntryPoint\",\"urlTemplate\":\"https:\\\/\\\/eg-reeds.com\\\/es\\\/?s={search_term_string}\"},\"query-input\":{\"@type\":\"PropertyValueSpecification\",\"valueRequired\":true,\"valueName\":\"search_term_string\"}}],\"inLanguage\":\"es\"},{\"@type\":\"Organization\",\"@id\":\"https:\\\/\\\/eg-reeds.com\\\/es\\\/#organization\",\"name\":\"www.eg-reeds.com\",\"url\":\"https:\\\/\\\/eg-reeds.com\\\/es\\\/\",\"logo\":{\"@type\":\"ImageObject\",\"inLanguage\":\"es\",\"@id\":\"https:\\\/\\\/eg-reeds.com\\\/es\\\/#\\\/schema\\\/logo\\\/image\\\/\",\"url\":\"https:\\\/\\\/eg-reeds.com\\\/wp-content\\\/uploads\\\/2024\\\/06\\\/Logo-scaled-e1718793906611.jpg\",\"contentUrl\":\"https:\\\/\\\/eg-reeds.com\\\/wp-content\\\/uploads\\\/2024\\\/06\\\/Logo-scaled-e1718793906611.jpg\",\"width\":1200,\"height\":493,\"caption\":\"www.eg-reeds.com\"},\"image\":{\"@id\":\"https:\\\/\\\/eg-reeds.com\\\/es\\\/#\\\/schema\\\/logo\\\/image\\\/\"},\"sameAs\":[\"https:\\\/\\\/www.facebook.com\\\/EGREEDS\",\"https:\\\/\\\/x.com\\\/egreeds\",\"https:\\\/\\\/www.instagram.com\\\/egreeds\\\/\",\"https:\\\/\\\/www.youtube.com\\\/c\\\/EGREEDS\",\"https:\\\/\\\/www.threads.net\\\/@egreeds\",\"https:\\\/\\\/www.tiktok.com\\\/@egreeds\"]}]}<\/script>\n<meta property=\"og:availability\" content=\"out of stock\" \/>\n<meta property=\"product:availability\" content=\"out of stock\" \/>\n<meta property=\"product:retailer_item_id\" content=\"MKGE\" \/>\n<meta property=\"product:condition\" content=\"new\" \/>\n<!-- \/ Yoast SEO Premium plugin. -->","yoast_head_json":{"title":"M\u00e1quina de raspar K.GE (oboe y corno ingl\u00e9s) - www.eg-reeds.com","description":"M\u00e1quina de raspar K.GE para ca\u00f1as de oboe y corno ingl\u00e9s. Modelo alem\u00e1n o franc\u00e9s a elegir. Esta m\u00e1quina finaliza totalmente la ca\u00f1a.","robots":{"index":"index","follow":"follow","max-snippet":"max-snippet:-1","max-image-preview":"max-image-preview:large","max-video-preview":"max-video-preview:-1"},"canonical":"https:\/\/eg-reeds.com\/es\/shop\/maquinas-hacer-canas\/kge\/maquina-de-raspar-k-ge-oboe-y-corno-ingles\/","og_locale":"es_ES","og_type":"article","og_title":"M\u00e1quina de raspar K.GE (oboe y corno ingl\u00e9s)","og_description":"M\u00e1quina de raspar K.GE para ca\u00f1as de oboe y corno ingl\u00e9s. Modelo alem\u00e1n o franc\u00e9s a elegir. Esta m\u00e1quina finaliza totalmente la ca\u00f1a.","og_url":"https:\/\/eg-reeds.com\/es\/shop\/maquinas-hacer-canas\/kge\/maquina-de-raspar-k-ge-oboe-y-corno-ingles\/","og_site_name":"www.eg-reeds.com","article_publisher":"https:\/\/www.facebook.com\/EGREEDS","article_modified_time":"2025-06-09T11:27:32+00:00","og_image":[{"width":640,"height":544,"url":"https:\/\/eg-reeds.com\/wp-content\/uploads\/2017\/01\/Oboe-Reeds-Making-Profiling-EG-REEDS-1.jpg","type":"image\/jpeg"}],"twitter_card":"summary_large_image","twitter_site":"@egreeds","twitter_misc":{"Disponibilidad":"Sin existencias"},"schema":{"@context":"https:\/\/schema.org","@graph":[{"@type":["WebPage","ItemPage"],"@id":"https:\/\/eg-reeds.com\/es\/shop\/maquinas-hacer-canas\/kge\/maquina-de-raspar-k-ge-oboe-y-corno-ingles\/","url":"https:\/\/eg-reeds.com\/es\/shop\/maquinas-hacer-canas\/kge\/maquina-de-raspar-k-ge-oboe-y-corno-ingles\/","name":"M\u00e1quina de raspar K.GE (oboe y corno ingl\u00e9s) - www.eg-reeds.com","isPartOf":{"@id":"https:\/\/eg-reeds.com\/es\/#website"},"primaryImageOfPage":{"@id":"https:\/\/eg-reeds.com\/es\/shop\/maquinas-hacer-canas\/kge\/maquina-de-raspar-k-ge-oboe-y-corno-ingles\/#primaryimage"},"image":{"@id":"https:\/\/eg-reeds.com\/es\/shop\/maquinas-hacer-canas\/kge\/maquina-de-raspar-k-ge-oboe-y-corno-ingles\/#primaryimage"},"thumbnailUrl":"https:\/\/eg-reeds.com\/wp-content\/uploads\/2017\/01\/Oboe-Reeds-Making-Profiling-EG-REEDS-1.jpg","datePublished":"2015-02-03T09:06:39+00:00","dateModified":"2025-06-09T11:27:32+00:00","description":"M\u00e1quina de raspar K.GE para ca\u00f1as de oboe y corno ingl\u00e9s. Modelo alem\u00e1n o franc\u00e9s a elegir. Esta m\u00e1quina finaliza totalmente la ca\u00f1a.","breadcrumb":{"@id":"https:\/\/eg-reeds.com\/es\/shop\/maquinas-hacer-canas\/kge\/maquina-de-raspar-k-ge-oboe-y-corno-ingles\/#breadcrumb"},"inLanguage":"es","potentialAction":[{"@type":"ReadAction","target":["https:\/\/eg-reeds.com\/es\/shop\/maquinas-hacer-canas\/kge\/maquina-de-raspar-k-ge-oboe-y-corno-ingles\/"]}]},{"@type":"ImageObject","inLanguage":"es","@id":"https:\/\/eg-reeds.com\/es\/shop\/maquinas-hacer-canas\/kge\/maquina-de-raspar-k-ge-oboe-y-corno-ingles\/#primaryimage","url":"https:\/\/eg-reeds.com\/wp-content\/uploads\/2017\/01\/Oboe-Reeds-Making-Profiling-EG-REEDS-1.jpg","contentUrl":"https:\/\/eg-reeds.com\/wp-content\/uploads\/2017\/01\/Oboe-Reeds-Making-Profiling-EG-REEDS-1.jpg","width":640,"height":544,"caption":"Profiling Machine K.GE"},{"@type":"BreadcrumbList","@id":"https:\/\/eg-reeds.com\/es\/shop\/maquinas-hacer-canas\/kge\/maquina-de-raspar-k-ge-oboe-y-corno-ingles\/#breadcrumb","itemListElement":[{"@type":"ListItem","position":1,"name":"Inicio","item":"https:\/\/eg-reeds.com\/es\/"},{"@type":"ListItem","position":2,"name":"Tienda","item":"https:\/\/eg-reeds.com\/es\/"},{"@type":"ListItem","position":3,"name":"M\u00e1quina de raspar K.GE (oboe y corno ingl\u00e9s)"}]},{"@type":"WebSite","@id":"https:\/\/eg-reeds.com\/es\/#website","url":"https:\/\/eg-reeds.com\/es\/","name":"www.eg-reeds.com","description":"Ca\u00f1as oboe","publisher":{"@id":"https:\/\/eg-reeds.com\/es\/#organization"},"alternateName":"eg-reeds.com","potentialAction":[{"@type":"SearchAction","target":{"@type":"EntryPoint","urlTemplate":"https:\/\/eg-reeds.com\/es\/?s={search_term_string}"},"query-input":{"@type":"PropertyValueSpecification","valueRequired":true,"valueName":"search_term_string"}}],"inLanguage":"es"},{"@type":"Organization","@id":"https:\/\/eg-reeds.com\/es\/#organization","name":"www.eg-reeds.com","url":"https:\/\/eg-reeds.com\/es\/","logo":{"@type":"ImageObject","inLanguage":"es","@id":"https:\/\/eg-reeds.com\/es\/#\/schema\/logo\/image\/","url":"https:\/\/eg-reeds.com\/wp-content\/uploads\/2024\/06\/Logo-scaled-e1718793906611.jpg","contentUrl":"https:\/\/eg-reeds.com\/wp-content\/uploads\/2024\/06\/Logo-scaled-e1718793906611.jpg","width":1200,"height":493,"caption":"www.eg-reeds.com"},"image":{"@id":"https:\/\/eg-reeds.com\/es\/#\/schema\/logo\/image\/"},"sameAs":["https:\/\/www.facebook.com\/EGREEDS","https:\/\/x.com\/egreeds","https:\/\/www.instagram.com\/egreeds\/","https:\/\/www.youtube.com\/c\/EGREEDS","https:\/\/www.threads.net\/@egreeds","https:\/\/www.tiktok.com\/@egreeds"]}]},"og_availability":"out of stock","product_availability":"out of stock","product_retailer_item_id":"MKGE","product_condition":"new"},"_links":{"self":[{"href":"https:\/\/eg-reeds.com\/es\/wp-json\/wp\/v2\/product\/1562","targetHints":{"allow":["GET"]}}],"collection":[{"href":"https:\/\/eg-reeds.com\/es\/wp-json\/wp\/v2\/product"}],"about":[{"href":"https:\/\/eg-reeds.com\/es\/wp-json\/wp\/v2\/types\/product"}],"replies":[{"embeddable":true,"href":"https:\/\/eg-reeds.com\/es\/wp-json\/wp\/v2\/comments?post=1562"}],"wp:featuredmedia":[{"embeddable":true,"href":"https:\/\/eg-reeds.com\/es\/wp-json\/wp\/v2\/media\/24550"}],"wp:attachment":[{"href":"https:\/\/eg-reeds.com\/es\/wp-json\/wp\/v2\/media?parent=1562"}],"wp:term":[{"taxonomy":"product_brand","embeddable":true,"href":"https:\/\/eg-reeds.com\/es\/wp-json\/wp\/v2\/product_brand?post=1562"},{"taxonomy":"product_cat","embeddable":true,"href":"https:\/\/eg-reeds.com\/es\/wp-json\/wp\/v2\/product_cat?post=1562"},{"taxonomy":"product_tag","embeddable":true,"href":"https:\/\/eg-reeds.com\/es\/wp-json\/wp\/v2\/product_tag?post=1562"},{"taxonomy":"giftcard-category","embeddable":true,"href":"https:\/\/eg-reeds.com\/es\/wp-json\/wp\/v2\/giftcard-category?post=1562"}],"curies":[{"name":"wp","href":"https:\/\/api.w.org\/{rel}","templated":true}]}}