{"id":1564,"date":"2015-02-03T09:07:14","date_gmt":"2015-02-03T09:07:14","guid":{"rendered":"http:\/\/localhost:8888\/shop\/uncategorized\/molde-para-canas-de-corno-ingles\/"},"modified":"2020-07-31T13:26:52","modified_gmt":"2020-07-31T11:26:52","slug":"forma-corno-ingles-manual-k-ge","status":"publish","type":"product","link":"https:\/\/eg-reeds.com\/es\/shop\/accesorios\/otros-accesorios\/forma-corno-ingles-manual-k-ge\/","title":{"rendered":"Forma corno ingl\u00e9s manual K.GE"},"content":{"rendered":"<h1><strong>Forma corno ingl\u00e9s manual K.GE.<\/strong><\/h1>\n<p>Forma corno ingl\u00e9s manual K.GE. Fabricada en acero de alta calidad. El mango es ergon\u00f3mico. Su dise\u00f1o compacto la hace ideal para el transporte. Incorpora dos cierres a ambos lados de la forma para evitar el movimiento de la <a href=\"https:\/\/eg-reeds.com\/es\/shop\/palas\/palas-corno-ingles\/palas-corno-ingles-gubiadas-eg-reeds\/\" target=\"_blank\" rel=\"noopener noreferrer\">pala gubiada<\/a> una vez insertada. Esto proporciona una gran facilidad de uso y velocidad, dando lugar a palas de corno ingl\u00e9s bien formadas. Al final del molde, la forma tiene una curvatura muy peque\u00f1a, que facilita el acoplamiento de la pala al tudel, ajust\u00e1ndose perfectamente.<\/p>\n<p>&nbsp;<\/p>\n<h3><strong>Caracter\u00edsticas forma corno ingl\u00e9s K.GE:<\/strong><\/h3>\n<div>1 Ambos lados (lado superior e inferior) est\u00e1n hechos de acero troquelado.<\/div>\n<div>2 Permite hacer una marca en el centro de la pala.<\/div>\n<div>3 Permite dar forma en h\u00famedo o seco; por lo tanto, se obtienen dos resultados diferentes:<\/div>\n<div><\/div>\n<div>En seco: forma original<\/div>\n<div>En h\u00famedo: forma estrecha<\/div>\n<div><\/div>\n<div>La forma es la KGE. Si quieres puedes comprar palas KGE en nuestra web aqu\u00ed:<\/div>\n<div>\t<div id=\"gap-1017740967\" class=\"gap-element clearfix\" style=\"display:block; height:auto;\">\n\t\t\n<style>\n#gap-1017740967 {\n  padding-top: 30px;\n}\n<\/style>\n\t<\/div>\n\t<\/div>\n<div><div class=\"woocommerce \"><div class=\"products row row-small large-columns-3 medium-columns-2 small-columns-2 has-equal-box-heights\">\n<div class=\"product-small col has-hover product type-product post-1555 status-publish first instock product_cat-palas product_cat-palas-corno-ingles has-post-thumbnail featured taxable shipping-taxable purchasable product-type-variable has-default-attributes\">\n\t<div class=\"col-inner\">\n\t\n<div class=\"badge-container absolute left top z-1\">\n\n<\/div>\n\t<div class=\"product-small box \">\n\t\t<div class=\"box-image\">\n\t\t\t<div class=\"image-fade_in_back\">\n\t\t\t\t<a href=\"https:\/\/eg-reeds.com\/es\/shop\/palas\/palas-corno-ingles-con-forma-eg-reeds\/\">\n\t\t\t\t\t<img loading=\"lazy\" decoding=\"async\" width=\"600\" height=\"544\" src=\"https:\/\/eg-reeds.com\/wp-content\/uploads\/2015\/02\/shaped-english-horn-cane-EG-REEDS-600x544.jpg\" class=\"attachment-woocommerce_thumbnail size-woocommerce_thumbnail\" alt=\"Palas corno ingl\u00e9s con forma \" \/>\t\t\t\t<\/a>\n\t\t\t<\/div>\n\t\t\t<div class=\"image-tools is-small top right show-on-hover\">\n\t\t\t\t\t\t\t<\/div>\n\t\t\t<div class=\"image-tools is-small hide-for-small bottom left show-on-hover\">\n\t\t\t\t\t\t\t<\/div>\n\t\t\t<div class=\"image-tools grid-tools text-center hide-for-small bottom hover-slide-in show-on-hover\">\n\t\t\t\t<a href=\"https:\/\/eg-reeds.com\/es\/shop\/palas\/palas-corno-ingles-con-forma-eg-reeds\/\" aria-describedby=\"woocommerce_loop_add_to_cart_link_describedby_1555\" data-quantity=\"1\" class=\"add-to-cart-grid no-padding is-transparent product_type_variable add_to_cart_button\" data-product_id=\"1555\" data-product_sku=\"PACI-F\" aria-label=\"Elige las opciones para &ldquo;Palas corno ingl\u00e9s con forma EG-REEDS&rdquo;\" rel=\"nofollow\"><div class=\"cart-icon tooltip is-small\" title=\"Seleccionar opciones\"><strong>+<\/strong><\/div><\/a>\t<span id=\"woocommerce_loop_add_to_cart_link_describedby_1555\" class=\"screen-reader-text\">\n\t\tEste producto tiene m\u00faltiples variantes. Las opciones se pueden elegir en la p\u00e1gina de producto\t<\/span>\n\t\t\t<\/div>\n\t\t\t\t\t<\/div>\n\n\t\t<div class=\"box-text box-text-products text-center grid-style-2\">\n\t\t\t<div class=\"title-wrapper\"><p class=\"name product-title woocommerce-loop-product__title\"><a href=\"https:\/\/eg-reeds.com\/es\/shop\/palas\/palas-corno-ingles-con-forma-eg-reeds\/\" class=\"woocommerce-LoopProduct-link woocommerce-loop-product__link\">Palas corno ingl\u00e9s con forma EG-REEDS<\/a><\/p><\/div><div class=\"price-wrapper\">\n\t<span class=\"price\"><span class='ywcrbp_regular_price'>  <span class=\"woocommerce-Price-amount amount\"><bdi>26,50<span class=\"woocommerce-Price-currencySymbol\">&euro;<\/span><\/bdi><\/span><\/span><\/span>\n<\/div>\t\t<\/div>\n\t<\/div>\n\t\t<\/div>\n<\/div><\/div><!-- row -->\n<\/div><\/div>\n<div>\n<div>\t<div id=\"gap-1532524340\" class=\"gap-element clearfix\" style=\"display:block; height:auto;\">\n\t\t\n<style>\n#gap-1532524340 {\n  padding-top: 30px;\n}\n<\/style>\n\t<\/div>\n\t<\/div>\n<\/div>\n<div><\/div>\n<div>Para m\u00e1s informaci\u00f3n ponte en contacto con nosotros en info@eg-reeds.com. Estaremos encantados de ayudarte.<\/div>\n","protected":false},"excerpt":{"rendered":"<p>Forma corno ingl\u00e9s manual K.GE. Forma corno ingl\u00e9s manual K.GE. Fabricada en acero de alta calidad. El mango es ergon\u00f3mico. Su dise\u00f1o compacto la hace ideal para el transporte. Incorpora dos cierres a ambos lados de la forma para evitar el movimiento de la pala gubiada una vez insertada. Esto proporciona una gran facilidad de [&#8230;]\n","protected":false},"featured_media":23367,"comment_status":"open","ping_status":"closed","template":"","meta":[],"product_brand":[],"product_cat":[1312,1986],"product_tag":[],"giftcard-category":[],"class_list":{"0":"post-1564","1":"product","2":"type-product","3":"status-publish","4":"has-post-thumbnail","6":"product_cat-formas-para-corno-ingles","7":"product_cat-otros-accesorios","9":"first","10":"instock","11":"taxable","12":"shipping-taxable","13":"purchasable","14":"product-type-simple"},"yoast_head":"<!-- This site is optimized with the Yoast SEO Premium plugin v27.0 (Yoast SEO v27.4) - https:\/\/yoast.com\/product\/yoast-seo-premium-wordpress\/ -->\n<title>Forma corno ingl\u00e9s manual K.GE - www.eg-reeds.com<\/title>\n<meta name=\"description\" content=\"Forma corno ingl\u00e9s manual K.GE.\u00a0Forma\u00a0manual de acero de alta calidad. El mango es ergon\u00f3mico. Su dise\u00f1o compacto lo hace ideal para el transporte.\" \/>\n<meta name=\"robots\" content=\"index, follow, max-snippet:-1, max-image-preview:large, max-video-preview:-1\" \/>\n<link rel=\"canonical\" href=\"https:\/\/eg-reeds.com\/es\/shop\/accesorios\/otros-accesorios\/forma-corno-ingles-manual-k-ge\/\" \/>\n<meta property=\"og:locale\" content=\"es_ES\" \/>\n<meta property=\"og:type\" content=\"article\" \/>\n<meta property=\"og:title\" content=\"Forma corno ingl\u00e9s manual K.GE\" \/>\n<meta property=\"og:description\" content=\"Forma corno ingl\u00e9s manual K.GE.\u00a0Forma\u00a0manual de acero de alta calidad. El mango es ergon\u00f3mico. Su dise\u00f1o compacto lo hace ideal para el transporte.\" \/>\n<meta property=\"og:url\" content=\"https:\/\/eg-reeds.com\/es\/shop\/accesorios\/otros-accesorios\/forma-corno-ingles-manual-k-ge\/\" \/>\n<meta property=\"og:site_name\" content=\"www.eg-reeds.com\" \/>\n<meta property=\"article:publisher\" content=\"https:\/\/www.facebook.com\/EGREEDS\" \/>\n<meta property=\"article:modified_time\" content=\"2020-07-31T11:26:52+00:00\" \/>\n<meta property=\"og:image\" content=\"https:\/\/eg-reeds.com\/wp-content\/uploads\/2017\/01\/English-horn-shaper-3.jpg\" \/>\n\t<meta property=\"og:image:width\" content=\"640\" \/>\n\t<meta property=\"og:image:height\" content=\"544\" \/>\n\t<meta property=\"og:image:type\" content=\"image\/jpeg\" \/>\n<meta name=\"twitter:card\" content=\"summary_large_image\" \/>\n<meta name=\"twitter:site\" content=\"@egreeds\" \/>\n<meta name=\"twitter:label1\" content=\"Precio\" \/>\n\t<meta name=\"twitter:data1\" content=\"399,00&euro;\" \/>\n\t<meta name=\"twitter:label2\" content=\"Disponibilidad\" \/>\n\t<meta name=\"twitter:data2\" content=\"Disponible\" \/>\n<script type=\"application\/ld+json\" class=\"yoast-schema-graph\">{\"@context\":\"https:\\\/\\\/schema.org\",\"@graph\":[{\"@type\":[\"WebPage\",\"ItemPage\"],\"@id\":\"https:\\\/\\\/eg-reeds.com\\\/es\\\/shop\\\/accesorios\\\/otros-accesorios\\\/forma-corno-ingles-manual-k-ge\\\/\",\"url\":\"https:\\\/\\\/eg-reeds.com\\\/es\\\/shop\\\/accesorios\\\/otros-accesorios\\\/forma-corno-ingles-manual-k-ge\\\/\",\"name\":\"Forma corno ingl\u00e9s manual K.GE - www.eg-reeds.com\",\"isPartOf\":{\"@id\":\"https:\\\/\\\/eg-reeds.com\\\/es\\\/#website\"},\"primaryImageOfPage\":{\"@id\":\"https:\\\/\\\/eg-reeds.com\\\/es\\\/shop\\\/accesorios\\\/otros-accesorios\\\/forma-corno-ingles-manual-k-ge\\\/#primaryimage\"},\"image\":{\"@id\":\"https:\\\/\\\/eg-reeds.com\\\/es\\\/shop\\\/accesorios\\\/otros-accesorios\\\/forma-corno-ingles-manual-k-ge\\\/#primaryimage\"},\"thumbnailUrl\":\"https:\\\/\\\/eg-reeds.com\\\/wp-content\\\/uploads\\\/2017\\\/01\\\/English-horn-shaper-3.jpg\",\"datePublished\":\"2015-02-03T09:07:14+00:00\",\"dateModified\":\"2020-07-31T11:26:52+00:00\",\"description\":\"Forma corno ingl\u00e9s manual K.GE.\u00a0Forma\u00a0manual de acero de alta calidad. El mango es ergon\u00f3mico. Su dise\u00f1o compacto lo hace ideal para el transporte.\",\"breadcrumb\":{\"@id\":\"https:\\\/\\\/eg-reeds.com\\\/es\\\/shop\\\/accesorios\\\/otros-accesorios\\\/forma-corno-ingles-manual-k-ge\\\/#breadcrumb\"},\"inLanguage\":\"es\",\"potentialAction\":[{\"@type\":\"ReadAction\",\"target\":[\"https:\\\/\\\/eg-reeds.com\\\/es\\\/shop\\\/accesorios\\\/otros-accesorios\\\/forma-corno-ingles-manual-k-ge\\\/\"]}]},{\"@type\":\"ImageObject\",\"inLanguage\":\"es\",\"@id\":\"https:\\\/\\\/eg-reeds.com\\\/es\\\/shop\\\/accesorios\\\/otros-accesorios\\\/forma-corno-ingles-manual-k-ge\\\/#primaryimage\",\"url\":\"https:\\\/\\\/eg-reeds.com\\\/wp-content\\\/uploads\\\/2017\\\/01\\\/English-horn-shaper-3.jpg\",\"contentUrl\":\"https:\\\/\\\/eg-reeds.com\\\/wp-content\\\/uploads\\\/2017\\\/01\\\/English-horn-shaper-3.jpg\",\"width\":640,\"height\":544,\"caption\":\"Forma corno ingl\u00e9s\"},{\"@type\":\"BreadcrumbList\",\"@id\":\"https:\\\/\\\/eg-reeds.com\\\/es\\\/shop\\\/accesorios\\\/otros-accesorios\\\/forma-corno-ingles-manual-k-ge\\\/#breadcrumb\",\"itemListElement\":[{\"@type\":\"ListItem\",\"position\":1,\"name\":\"Inicio\",\"item\":\"https:\\\/\\\/eg-reeds.com\\\/es\\\/\"},{\"@type\":\"ListItem\",\"position\":2,\"name\":\"Tienda\",\"item\":\"https:\\\/\\\/eg-reeds.com\\\/es\\\/\"},{\"@type\":\"ListItem\",\"position\":3,\"name\":\"Forma corno ingl\u00e9s manual K.GE\"}]},{\"@type\":\"WebSite\",\"@id\":\"https:\\\/\\\/eg-reeds.com\\\/es\\\/#website\",\"url\":\"https:\\\/\\\/eg-reeds.com\\\/es\\\/\",\"name\":\"www.eg-reeds.com\",\"description\":\"Ca\u00f1as oboe\",\"publisher\":{\"@id\":\"https:\\\/\\\/eg-reeds.com\\\/es\\\/#organization\"},\"alternateName\":\"eg-reeds.com\",\"potentialAction\":[{\"@type\":\"SearchAction\",\"target\":{\"@type\":\"EntryPoint\",\"urlTemplate\":\"https:\\\/\\\/eg-reeds.com\\\/es\\\/?s={search_term_string}\"},\"query-input\":{\"@type\":\"PropertyValueSpecification\",\"valueRequired\":true,\"valueName\":\"search_term_string\"}}],\"inLanguage\":\"es\"},{\"@type\":\"Organization\",\"@id\":\"https:\\\/\\\/eg-reeds.com\\\/es\\\/#organization\",\"name\":\"www.eg-reeds.com\",\"url\":\"https:\\\/\\\/eg-reeds.com\\\/es\\\/\",\"logo\":{\"@type\":\"ImageObject\",\"inLanguage\":\"es\",\"@id\":\"https:\\\/\\\/eg-reeds.com\\\/es\\\/#\\\/schema\\\/logo\\\/image\\\/\",\"url\":\"https:\\\/\\\/eg-reeds.com\\\/wp-content\\\/uploads\\\/2024\\\/06\\\/Logo-scaled-e1718793906611.jpg\",\"contentUrl\":\"https:\\\/\\\/eg-reeds.com\\\/wp-content\\\/uploads\\\/2024\\\/06\\\/Logo-scaled-e1718793906611.jpg\",\"width\":1200,\"height\":493,\"caption\":\"www.eg-reeds.com\"},\"image\":{\"@id\":\"https:\\\/\\\/eg-reeds.com\\\/es\\\/#\\\/schema\\\/logo\\\/image\\\/\"},\"sameAs\":[\"https:\\\/\\\/www.facebook.com\\\/EGREEDS\",\"https:\\\/\\\/x.com\\\/egreeds\",\"https:\\\/\\\/www.instagram.com\\\/egreeds\\\/\",\"https:\\\/\\\/www.youtube.com\\\/c\\\/EGREEDS\",\"https:\\\/\\\/www.threads.net\\\/@egreeds\",\"https:\\\/\\\/www.tiktok.com\\\/@egreeds\"]}]}<\/script>\n<meta property=\"product:price:amount\" content=\"399.00\" \/>\n<meta property=\"product:price:currency\" content=\"EUR\" \/>\n<meta property=\"og:availability\" content=\"instock\" \/>\n<meta property=\"product:availability\" content=\"instock\" \/>\n<meta property=\"product:retailer_item_id\" content=\"ACSCI\" \/>\n<meta property=\"product:condition\" content=\"new\" \/>\n<!-- \/ Yoast SEO Premium plugin. -->","yoast_head_json":{"title":"Forma corno ingl\u00e9s manual K.GE - www.eg-reeds.com","description":"Forma corno ingl\u00e9s manual K.GE.\u00a0Forma\u00a0manual de acero de alta calidad. El mango es ergon\u00f3mico. Su dise\u00f1o compacto lo hace ideal para el transporte.","robots":{"index":"index","follow":"follow","max-snippet":"max-snippet:-1","max-image-preview":"max-image-preview:large","max-video-preview":"max-video-preview:-1"},"canonical":"https:\/\/eg-reeds.com\/es\/shop\/accesorios\/otros-accesorios\/forma-corno-ingles-manual-k-ge\/","og_locale":"es_ES","og_type":"article","og_title":"Forma corno ingl\u00e9s manual K.GE","og_description":"Forma corno ingl\u00e9s manual K.GE.\u00a0Forma\u00a0manual de acero de alta calidad. El mango es ergon\u00f3mico. Su dise\u00f1o compacto lo hace ideal para el transporte.","og_url":"https:\/\/eg-reeds.com\/es\/shop\/accesorios\/otros-accesorios\/forma-corno-ingles-manual-k-ge\/","og_site_name":"www.eg-reeds.com","article_publisher":"https:\/\/www.facebook.com\/EGREEDS","article_modified_time":"2020-07-31T11:26:52+00:00","og_image":[{"width":640,"height":544,"url":"https:\/\/eg-reeds.com\/wp-content\/uploads\/2017\/01\/English-horn-shaper-3.jpg","type":"image\/jpeg"}],"twitter_card":"summary_large_image","twitter_site":"@egreeds","twitter_misc":{"Precio":"399,00&euro;","Disponibilidad":"Disponible"},"schema":{"@context":"https:\/\/schema.org","@graph":[{"@type":["WebPage","ItemPage"],"@id":"https:\/\/eg-reeds.com\/es\/shop\/accesorios\/otros-accesorios\/forma-corno-ingles-manual-k-ge\/","url":"https:\/\/eg-reeds.com\/es\/shop\/accesorios\/otros-accesorios\/forma-corno-ingles-manual-k-ge\/","name":"Forma corno ingl\u00e9s manual K.GE - www.eg-reeds.com","isPartOf":{"@id":"https:\/\/eg-reeds.com\/es\/#website"},"primaryImageOfPage":{"@id":"https:\/\/eg-reeds.com\/es\/shop\/accesorios\/otros-accesorios\/forma-corno-ingles-manual-k-ge\/#primaryimage"},"image":{"@id":"https:\/\/eg-reeds.com\/es\/shop\/accesorios\/otros-accesorios\/forma-corno-ingles-manual-k-ge\/#primaryimage"},"thumbnailUrl":"https:\/\/eg-reeds.com\/wp-content\/uploads\/2017\/01\/English-horn-shaper-3.jpg","datePublished":"2015-02-03T09:07:14+00:00","dateModified":"2020-07-31T11:26:52+00:00","description":"Forma corno ingl\u00e9s manual K.GE.\u00a0Forma\u00a0manual de acero de alta calidad. El mango es ergon\u00f3mico. Su dise\u00f1o compacto lo hace ideal para el transporte.","breadcrumb":{"@id":"https:\/\/eg-reeds.com\/es\/shop\/accesorios\/otros-accesorios\/forma-corno-ingles-manual-k-ge\/#breadcrumb"},"inLanguage":"es","potentialAction":[{"@type":"ReadAction","target":["https:\/\/eg-reeds.com\/es\/shop\/accesorios\/otros-accesorios\/forma-corno-ingles-manual-k-ge\/"]}]},{"@type":"ImageObject","inLanguage":"es","@id":"https:\/\/eg-reeds.com\/es\/shop\/accesorios\/otros-accesorios\/forma-corno-ingles-manual-k-ge\/#primaryimage","url":"https:\/\/eg-reeds.com\/wp-content\/uploads\/2017\/01\/English-horn-shaper-3.jpg","contentUrl":"https:\/\/eg-reeds.com\/wp-content\/uploads\/2017\/01\/English-horn-shaper-3.jpg","width":640,"height":544,"caption":"Forma corno ingl\u00e9s"},{"@type":"BreadcrumbList","@id":"https:\/\/eg-reeds.com\/es\/shop\/accesorios\/otros-accesorios\/forma-corno-ingles-manual-k-ge\/#breadcrumb","itemListElement":[{"@type":"ListItem","position":1,"name":"Inicio","item":"https:\/\/eg-reeds.com\/es\/"},{"@type":"ListItem","position":2,"name":"Tienda","item":"https:\/\/eg-reeds.com\/es\/"},{"@type":"ListItem","position":3,"name":"Forma corno ingl\u00e9s manual K.GE"}]},{"@type":"WebSite","@id":"https:\/\/eg-reeds.com\/es\/#website","url":"https:\/\/eg-reeds.com\/es\/","name":"www.eg-reeds.com","description":"Ca\u00f1as oboe","publisher":{"@id":"https:\/\/eg-reeds.com\/es\/#organization"},"alternateName":"eg-reeds.com","potentialAction":[{"@type":"SearchAction","target":{"@type":"EntryPoint","urlTemplate":"https:\/\/eg-reeds.com\/es\/?s={search_term_string}"},"query-input":{"@type":"PropertyValueSpecification","valueRequired":true,"valueName":"search_term_string"}}],"inLanguage":"es"},{"@type":"Organization","@id":"https:\/\/eg-reeds.com\/es\/#organization","name":"www.eg-reeds.com","url":"https:\/\/eg-reeds.com\/es\/","logo":{"@type":"ImageObject","inLanguage":"es","@id":"https:\/\/eg-reeds.com\/es\/#\/schema\/logo\/image\/","url":"https:\/\/eg-reeds.com\/wp-content\/uploads\/2024\/06\/Logo-scaled-e1718793906611.jpg","contentUrl":"https:\/\/eg-reeds.com\/wp-content\/uploads\/2024\/06\/Logo-scaled-e1718793906611.jpg","width":1200,"height":493,"caption":"www.eg-reeds.com"},"image":{"@id":"https:\/\/eg-reeds.com\/es\/#\/schema\/logo\/image\/"},"sameAs":["https:\/\/www.facebook.com\/EGREEDS","https:\/\/x.com\/egreeds","https:\/\/www.instagram.com\/egreeds\/","https:\/\/www.youtube.com\/c\/EGREEDS","https:\/\/www.threads.net\/@egreeds","https:\/\/www.tiktok.com\/@egreeds"]}]},"product_price_amount":"399.00","product_price_currency":"EUR","og_availability":"instock","product_availability":"instock","product_retailer_item_id":"ACSCI","product_condition":"new"},"_links":{"self":[{"href":"https:\/\/eg-reeds.com\/es\/wp-json\/wp\/v2\/product\/1564","targetHints":{"allow":["GET"]}}],"collection":[{"href":"https:\/\/eg-reeds.com\/es\/wp-json\/wp\/v2\/product"}],"about":[{"href":"https:\/\/eg-reeds.com\/es\/wp-json\/wp\/v2\/types\/product"}],"replies":[{"embeddable":true,"href":"https:\/\/eg-reeds.com\/es\/wp-json\/wp\/v2\/comments?post=1564"}],"wp:featuredmedia":[{"embeddable":true,"href":"https:\/\/eg-reeds.com\/es\/wp-json\/wp\/v2\/media\/23367"}],"wp:attachment":[{"href":"https:\/\/eg-reeds.com\/es\/wp-json\/wp\/v2\/media?parent=1564"}],"wp:term":[{"taxonomy":"product_brand","embeddable":true,"href":"https:\/\/eg-reeds.com\/es\/wp-json\/wp\/v2\/product_brand?post=1564"},{"taxonomy":"product_cat","embeddable":true,"href":"https:\/\/eg-reeds.com\/es\/wp-json\/wp\/v2\/product_cat?post=1564"},{"taxonomy":"product_tag","embeddable":true,"href":"https:\/\/eg-reeds.com\/es\/wp-json\/wp\/v2\/product_tag?post=1564"},{"taxonomy":"giftcard-category","embeddable":true,"href":"https:\/\/eg-reeds.com\/es\/wp-json\/wp\/v2\/giftcard-category?post=1564"}],"curies":[{"name":"wp","href":"https:\/\/api.w.org\/{rel}","templated":true}]}}