{"id":1569,"date":"2015-02-03T09:09:04","date_gmt":"2015-02-03T07:09:04","guid":{"rendered":"http:\/\/localhost:8888\/shop\/uncategorized\/caja-de-madera-para-20-canas\/"},"modified":"2023-09-04T12:02:25","modified_gmt":"2023-09-04T10:02:25","slug":"caja-20-canas-oboe-madera","status":"publish","type":"product","link":"https:\/\/eg-reeds.com\/es\/shop\/accesorios\/cajas-de-canas\/caja-20-canas-oboe-madera\/","title":{"rendered":"Caja para 20 ca\u00f1as oboe madera"},"content":{"rendered":"<h1><strong>Caja para 20 ca\u00f1as oboe madera.<\/strong><\/h1>\n<p><span style=\"font-size: 14.4px;\">Caja para 20 ca\u00f1as oboe madera. Caja para 20 ca\u00f1as hecha de madera, con recubrimiento interior de terciopelo negro. Lleva el sistema de sujeci\u00f3n en el medio de la ca\u00f1a para evitar movimientos y da\u00f1os en la punta de la ca\u00f1a. El sistema de cerrado es autom\u00e1tico, con imanes, lo que lo hace c\u00f3modo y seguro. En ambos lados tiene un peque\u00f1o agujero de ventilaci\u00f3n para las ca\u00f1as. Es el modo de almacenamiento ideal para tus ca\u00f1as y la mejor forma de transportarlas.<\/span><\/p>\n<p>&nbsp;<\/p>\n<p>Ca\u00f1as no incluidas.<\/p>\n","protected":false},"excerpt":{"rendered":"<p>Ca\u00f1as no incluidas.<\/p>\n","protected":false},"featured_media":33653,"comment_status":"open","ping_status":"closed","template":"","meta":[],"product_brand":[],"product_cat":[1306,439],"product_tag":[3818],"giftcard-category":[],"class_list":{"0":"post-1569","1":"product","2":"type-product","3":"status-publish","4":"has-post-thumbnail","6":"product_cat-accesorios","7":"product_cat-cajas-de-canas","8":"product_tag-cajas-canas-oboe","10":"first","11":"outofstock","12":"taxable","13":"shipping-taxable","14":"purchasable","15":"product-type-simple"},"yoast_head":"<!-- This site is optimized with the Yoast SEO Premium plugin v27.0 (Yoast SEO v27.4) - https:\/\/yoast.com\/product\/yoast-seo-premium-wordpress\/ -->\n<title>Caja para 20 ca\u00f1as oboe madera - www.eg-reeds.com<\/title>\n<meta name=\"description\" content=\"Caja para 20 ca\u00f1as oboe madera. Caja para ca\u00f1as hecha de madera, con interior de terciopelo negro. Buena sujeci\u00f3n de la ca\u00f1a para evitar da\u00f1os.\" \/>\n<meta name=\"robots\" content=\"index, follow, max-snippet:-1, max-image-preview:large, max-video-preview:-1\" \/>\n<link rel=\"canonical\" href=\"https:\/\/eg-reeds.com\/es\/shop\/accesorios\/cajas-de-canas\/caja-20-canas-oboe-madera\/\" \/>\n<meta property=\"og:locale\" content=\"es_ES\" \/>\n<meta property=\"og:type\" content=\"article\" \/>\n<meta property=\"og:title\" content=\"Caja para 20 ca\u00f1as oboe madera\" \/>\n<meta property=\"og:description\" content=\"Caja para 20 ca\u00f1as oboe madera. Caja para ca\u00f1as hecha de madera, con interior de terciopelo negro. Buena sujeci\u00f3n de la ca\u00f1a para evitar da\u00f1os.\" \/>\n<meta property=\"og:url\" content=\"https:\/\/eg-reeds.com\/es\/shop\/accesorios\/cajas-de-canas\/caja-20-canas-oboe-madera\/\" \/>\n<meta property=\"og:site_name\" content=\"www.eg-reeds.com\" \/>\n<meta property=\"article:publisher\" content=\"https:\/\/www.facebook.com\/EGREEDS\" \/>\n<meta property=\"article:modified_time\" content=\"2023-09-04T10:02:25+00:00\" \/>\n<meta property=\"og:image\" content=\"https:\/\/eg-reeds.com\/wp-content\/uploads\/2015\/02\/20-oboe-reed-case-brown.jpg\" \/>\n\t<meta property=\"og:image:width\" content=\"640\" \/>\n\t<meta property=\"og:image:height\" content=\"544\" \/>\n\t<meta property=\"og:image:type\" content=\"image\/jpeg\" \/>\n<meta name=\"twitter:card\" content=\"summary_large_image\" \/>\n<meta name=\"twitter:site\" content=\"@egreeds\" \/>\n<meta name=\"twitter:label1\" content=\"Precio\" \/>\n\t<meta name=\"twitter:data1\" content=\"55,00&euro;\" \/>\n\t<meta name=\"twitter:label2\" content=\"Disponibilidad\" \/>\n\t<meta name=\"twitter:data2\" content=\"Sin existencias\" \/>\n<script type=\"application\/ld+json\" class=\"yoast-schema-graph\">{\"@context\":\"https:\\\/\\\/schema.org\",\"@graph\":[{\"@type\":[\"WebPage\",\"ItemPage\"],\"@id\":\"https:\\\/\\\/eg-reeds.com\\\/es\\\/shop\\\/accesorios\\\/cajas-de-canas\\\/caja-20-canas-oboe-madera\\\/\",\"url\":\"https:\\\/\\\/eg-reeds.com\\\/es\\\/shop\\\/accesorios\\\/cajas-de-canas\\\/caja-20-canas-oboe-madera\\\/\",\"name\":\"Caja para 20 ca\u00f1as oboe madera - www.eg-reeds.com\",\"isPartOf\":{\"@id\":\"https:\\\/\\\/eg-reeds.com\\\/es\\\/#website\"},\"primaryImageOfPage\":{\"@id\":\"https:\\\/\\\/eg-reeds.com\\\/es\\\/shop\\\/accesorios\\\/cajas-de-canas\\\/caja-20-canas-oboe-madera\\\/#primaryimage\"},\"image\":{\"@id\":\"https:\\\/\\\/eg-reeds.com\\\/es\\\/shop\\\/accesorios\\\/cajas-de-canas\\\/caja-20-canas-oboe-madera\\\/#primaryimage\"},\"thumbnailUrl\":\"https:\\\/\\\/eg-reeds.com\\\/wp-content\\\/uploads\\\/2015\\\/02\\\/20-oboe-reed-case-brown.jpg\",\"datePublished\":\"2015-02-03T07:09:04+00:00\",\"dateModified\":\"2023-09-04T10:02:25+00:00\",\"description\":\"Caja para 20 ca\u00f1as oboe madera. Caja para ca\u00f1as hecha de madera, con interior de terciopelo negro. Buena sujeci\u00f3n de la ca\u00f1a para evitar da\u00f1os.\",\"breadcrumb\":{\"@id\":\"https:\\\/\\\/eg-reeds.com\\\/es\\\/shop\\\/accesorios\\\/cajas-de-canas\\\/caja-20-canas-oboe-madera\\\/#breadcrumb\"},\"inLanguage\":\"es\",\"potentialAction\":[{\"@type\":\"ReadAction\",\"target\":[\"https:\\\/\\\/eg-reeds.com\\\/es\\\/shop\\\/accesorios\\\/cajas-de-canas\\\/caja-20-canas-oboe-madera\\\/\"]}]},{\"@type\":\"ImageObject\",\"inLanguage\":\"es\",\"@id\":\"https:\\\/\\\/eg-reeds.com\\\/es\\\/shop\\\/accesorios\\\/cajas-de-canas\\\/caja-20-canas-oboe-madera\\\/#primaryimage\",\"url\":\"https:\\\/\\\/eg-reeds.com\\\/wp-content\\\/uploads\\\/2015\\\/02\\\/20-oboe-reed-case-brown.jpg\",\"contentUrl\":\"https:\\\/\\\/eg-reeds.com\\\/wp-content\\\/uploads\\\/2015\\\/02\\\/20-oboe-reed-case-brown.jpg\",\"width\":640,\"height\":544,\"caption\":\"Caja ca\u00f1as oboe\"},{\"@type\":\"BreadcrumbList\",\"@id\":\"https:\\\/\\\/eg-reeds.com\\\/es\\\/shop\\\/accesorios\\\/cajas-de-canas\\\/caja-20-canas-oboe-madera\\\/#breadcrumb\",\"itemListElement\":[{\"@type\":\"ListItem\",\"position\":1,\"name\":\"Inicio\",\"item\":\"https:\\\/\\\/eg-reeds.com\\\/es\\\/\"},{\"@type\":\"ListItem\",\"position\":2,\"name\":\"Tienda\",\"item\":\"https:\\\/\\\/eg-reeds.com\\\/es\\\/\"},{\"@type\":\"ListItem\",\"position\":3,\"name\":\"Caja para 20 ca\u00f1as oboe madera\"}]},{\"@type\":\"WebSite\",\"@id\":\"https:\\\/\\\/eg-reeds.com\\\/es\\\/#website\",\"url\":\"https:\\\/\\\/eg-reeds.com\\\/es\\\/\",\"name\":\"www.eg-reeds.com\",\"description\":\"Ca\u00f1as oboe\",\"publisher\":{\"@id\":\"https:\\\/\\\/eg-reeds.com\\\/es\\\/#organization\"},\"alternateName\":\"eg-reeds.com\",\"potentialAction\":[{\"@type\":\"SearchAction\",\"target\":{\"@type\":\"EntryPoint\",\"urlTemplate\":\"https:\\\/\\\/eg-reeds.com\\\/es\\\/?s={search_term_string}\"},\"query-input\":{\"@type\":\"PropertyValueSpecification\",\"valueRequired\":true,\"valueName\":\"search_term_string\"}}],\"inLanguage\":\"es\"},{\"@type\":\"Organization\",\"@id\":\"https:\\\/\\\/eg-reeds.com\\\/es\\\/#organization\",\"name\":\"www.eg-reeds.com\",\"url\":\"https:\\\/\\\/eg-reeds.com\\\/es\\\/\",\"logo\":{\"@type\":\"ImageObject\",\"inLanguage\":\"es\",\"@id\":\"https:\\\/\\\/eg-reeds.com\\\/es\\\/#\\\/schema\\\/logo\\\/image\\\/\",\"url\":\"https:\\\/\\\/eg-reeds.com\\\/wp-content\\\/uploads\\\/2024\\\/06\\\/Logo-scaled-e1718793906611.jpg\",\"contentUrl\":\"https:\\\/\\\/eg-reeds.com\\\/wp-content\\\/uploads\\\/2024\\\/06\\\/Logo-scaled-e1718793906611.jpg\",\"width\":1200,\"height\":493,\"caption\":\"www.eg-reeds.com\"},\"image\":{\"@id\":\"https:\\\/\\\/eg-reeds.com\\\/es\\\/#\\\/schema\\\/logo\\\/image\\\/\"},\"sameAs\":[\"https:\\\/\\\/www.facebook.com\\\/EGREEDS\",\"https:\\\/\\\/x.com\\\/egreeds\",\"https:\\\/\\\/www.instagram.com\\\/egreeds\\\/\",\"https:\\\/\\\/www.youtube.com\\\/c\\\/EGREEDS\",\"https:\\\/\\\/www.threads.net\\\/@egreeds\",\"https:\\\/\\\/www.tiktok.com\\\/@egreeds\"]}]}<\/script>\n<meta property=\"product:price:amount\" content=\"55.00\" \/>\n<meta property=\"product:price:currency\" content=\"EUR\" \/>\n<meta property=\"og:availability\" content=\"out of stock\" \/>\n<meta property=\"product:availability\" content=\"out of stock\" \/>\n<meta property=\"product:retailer_item_id\" content=\"ACCAC20\" \/>\n<meta property=\"product:condition\" content=\"new\" \/>\n<!-- \/ Yoast SEO Premium plugin. -->","yoast_head_json":{"title":"Caja para 20 ca\u00f1as oboe madera - www.eg-reeds.com","description":"Caja para 20 ca\u00f1as oboe madera. Caja para ca\u00f1as hecha de madera, con interior de terciopelo negro. Buena sujeci\u00f3n de la ca\u00f1a para evitar da\u00f1os.","robots":{"index":"index","follow":"follow","max-snippet":"max-snippet:-1","max-image-preview":"max-image-preview:large","max-video-preview":"max-video-preview:-1"},"canonical":"https:\/\/eg-reeds.com\/es\/shop\/accesorios\/cajas-de-canas\/caja-20-canas-oboe-madera\/","og_locale":"es_ES","og_type":"article","og_title":"Caja para 20 ca\u00f1as oboe madera","og_description":"Caja para 20 ca\u00f1as oboe madera. Caja para ca\u00f1as hecha de madera, con interior de terciopelo negro. Buena sujeci\u00f3n de la ca\u00f1a para evitar da\u00f1os.","og_url":"https:\/\/eg-reeds.com\/es\/shop\/accesorios\/cajas-de-canas\/caja-20-canas-oboe-madera\/","og_site_name":"www.eg-reeds.com","article_publisher":"https:\/\/www.facebook.com\/EGREEDS","article_modified_time":"2023-09-04T10:02:25+00:00","og_image":[{"width":640,"height":544,"url":"https:\/\/eg-reeds.com\/wp-content\/uploads\/2015\/02\/20-oboe-reed-case-brown.jpg","type":"image\/jpeg"}],"twitter_card":"summary_large_image","twitter_site":"@egreeds","twitter_misc":{"Precio":"55,00&euro;","Disponibilidad":"Sin existencias"},"schema":{"@context":"https:\/\/schema.org","@graph":[{"@type":["WebPage","ItemPage"],"@id":"https:\/\/eg-reeds.com\/es\/shop\/accesorios\/cajas-de-canas\/caja-20-canas-oboe-madera\/","url":"https:\/\/eg-reeds.com\/es\/shop\/accesorios\/cajas-de-canas\/caja-20-canas-oboe-madera\/","name":"Caja para 20 ca\u00f1as oboe madera - www.eg-reeds.com","isPartOf":{"@id":"https:\/\/eg-reeds.com\/es\/#website"},"primaryImageOfPage":{"@id":"https:\/\/eg-reeds.com\/es\/shop\/accesorios\/cajas-de-canas\/caja-20-canas-oboe-madera\/#primaryimage"},"image":{"@id":"https:\/\/eg-reeds.com\/es\/shop\/accesorios\/cajas-de-canas\/caja-20-canas-oboe-madera\/#primaryimage"},"thumbnailUrl":"https:\/\/eg-reeds.com\/wp-content\/uploads\/2015\/02\/20-oboe-reed-case-brown.jpg","datePublished":"2015-02-03T07:09:04+00:00","dateModified":"2023-09-04T10:02:25+00:00","description":"Caja para 20 ca\u00f1as oboe madera. Caja para ca\u00f1as hecha de madera, con interior de terciopelo negro. Buena sujeci\u00f3n de la ca\u00f1a para evitar da\u00f1os.","breadcrumb":{"@id":"https:\/\/eg-reeds.com\/es\/shop\/accesorios\/cajas-de-canas\/caja-20-canas-oboe-madera\/#breadcrumb"},"inLanguage":"es","potentialAction":[{"@type":"ReadAction","target":["https:\/\/eg-reeds.com\/es\/shop\/accesorios\/cajas-de-canas\/caja-20-canas-oboe-madera\/"]}]},{"@type":"ImageObject","inLanguage":"es","@id":"https:\/\/eg-reeds.com\/es\/shop\/accesorios\/cajas-de-canas\/caja-20-canas-oboe-madera\/#primaryimage","url":"https:\/\/eg-reeds.com\/wp-content\/uploads\/2015\/02\/20-oboe-reed-case-brown.jpg","contentUrl":"https:\/\/eg-reeds.com\/wp-content\/uploads\/2015\/02\/20-oboe-reed-case-brown.jpg","width":640,"height":544,"caption":"Caja ca\u00f1as oboe"},{"@type":"BreadcrumbList","@id":"https:\/\/eg-reeds.com\/es\/shop\/accesorios\/cajas-de-canas\/caja-20-canas-oboe-madera\/#breadcrumb","itemListElement":[{"@type":"ListItem","position":1,"name":"Inicio","item":"https:\/\/eg-reeds.com\/es\/"},{"@type":"ListItem","position":2,"name":"Tienda","item":"https:\/\/eg-reeds.com\/es\/"},{"@type":"ListItem","position":3,"name":"Caja para 20 ca\u00f1as oboe madera"}]},{"@type":"WebSite","@id":"https:\/\/eg-reeds.com\/es\/#website","url":"https:\/\/eg-reeds.com\/es\/","name":"www.eg-reeds.com","description":"Ca\u00f1as oboe","publisher":{"@id":"https:\/\/eg-reeds.com\/es\/#organization"},"alternateName":"eg-reeds.com","potentialAction":[{"@type":"SearchAction","target":{"@type":"EntryPoint","urlTemplate":"https:\/\/eg-reeds.com\/es\/?s={search_term_string}"},"query-input":{"@type":"PropertyValueSpecification","valueRequired":true,"valueName":"search_term_string"}}],"inLanguage":"es"},{"@type":"Organization","@id":"https:\/\/eg-reeds.com\/es\/#organization","name":"www.eg-reeds.com","url":"https:\/\/eg-reeds.com\/es\/","logo":{"@type":"ImageObject","inLanguage":"es","@id":"https:\/\/eg-reeds.com\/es\/#\/schema\/logo\/image\/","url":"https:\/\/eg-reeds.com\/wp-content\/uploads\/2024\/06\/Logo-scaled-e1718793906611.jpg","contentUrl":"https:\/\/eg-reeds.com\/wp-content\/uploads\/2024\/06\/Logo-scaled-e1718793906611.jpg","width":1200,"height":493,"caption":"www.eg-reeds.com"},"image":{"@id":"https:\/\/eg-reeds.com\/es\/#\/schema\/logo\/image\/"},"sameAs":["https:\/\/www.facebook.com\/EGREEDS","https:\/\/x.com\/egreeds","https:\/\/www.instagram.com\/egreeds\/","https:\/\/www.youtube.com\/c\/EGREEDS","https:\/\/www.threads.net\/@egreeds","https:\/\/www.tiktok.com\/@egreeds"]}]},"product_price_amount":"55.00","product_price_currency":"EUR","og_availability":"out of stock","product_availability":"out of stock","product_retailer_item_id":"ACCAC20","product_condition":"new"},"_links":{"self":[{"href":"https:\/\/eg-reeds.com\/es\/wp-json\/wp\/v2\/product\/1569","targetHints":{"allow":["GET"]}}],"collection":[{"href":"https:\/\/eg-reeds.com\/es\/wp-json\/wp\/v2\/product"}],"about":[{"href":"https:\/\/eg-reeds.com\/es\/wp-json\/wp\/v2\/types\/product"}],"replies":[{"embeddable":true,"href":"https:\/\/eg-reeds.com\/es\/wp-json\/wp\/v2\/comments?post=1569"}],"wp:featuredmedia":[{"embeddable":true,"href":"https:\/\/eg-reeds.com\/es\/wp-json\/wp\/v2\/media\/33653"}],"wp:attachment":[{"href":"https:\/\/eg-reeds.com\/es\/wp-json\/wp\/v2\/media?parent=1569"}],"wp:term":[{"taxonomy":"product_brand","embeddable":true,"href":"https:\/\/eg-reeds.com\/es\/wp-json\/wp\/v2\/product_brand?post=1569"},{"taxonomy":"product_cat","embeddable":true,"href":"https:\/\/eg-reeds.com\/es\/wp-json\/wp\/v2\/product_cat?post=1569"},{"taxonomy":"product_tag","embeddable":true,"href":"https:\/\/eg-reeds.com\/es\/wp-json\/wp\/v2\/product_tag?post=1569"},{"taxonomy":"giftcard-category","embeddable":true,"href":"https:\/\/eg-reeds.com\/es\/wp-json\/wp\/v2\/giftcard-category?post=1569"}],"curies":[{"name":"wp","href":"https:\/\/api.w.org\/{rel}","templated":true}]}}